

{"id":79530,"date":"2021-11-17T02:14:52","date_gmt":"2021-11-17T01:14:52","guid":{"rendered":"https:\/\/kzprofesional.com\/tv-spiegel-eurostil\/"},"modified":"2021-11-17T02:14:52","modified_gmt":"2021-11-17T01:14:52","slug":"tv-spiegel-eurostil","status":"publish","type":"product","link":"https:\/\/kzprofesional.com\/de\/produkt\/tv-spiegel-eurostil\/","title":{"rendered":"TV-Spiegel &#8211; EUROSTIL"},"content":{"rendered":"<p>Eurostil Handspiegel. Speziell f\u00fcr Friseursalons. Gr\u00f6\u00dfe 225 x 320 mm.<\/p>\n","protected":false},"excerpt":{"rendered":"<p>Eurostil Handspiegel. Speziell f\u00fcr Friseursalons. Gr\u00f6\u00dfe 225 x 320 mm.<\/p>\n","protected":false},"featured_media":64909,"template":"","meta":{"_acf_changed":false,"_jet_sm_ready_style":"","_jet_sm_style":"","_jet_sm_controls_values":"","_jet_sm_fonts_collection":"","_jet_sm_fonts_links":""},"product_brand":[],"product_cat":[772],"product_tag":[],"class_list":{"0":"post-79530","1":"product","2":"type-product","3":"status-publish","4":"has-post-thumbnail","6":"product_cat-zubehor","7":"sales-flash-overlay","8":"woocommerce-text-align-center","9":"woocommerce-image-align-center","10":"do-quantity-buttons","12":"first","13":"instock","14":"taxable","15":"shipping-taxable","16":"purchasable","17":"product-type-simple"},"bundled_by":[],"bundle_stock_status":"instock","bundle_stock_quantity":3,"bundle_virtual":false,"bundle_layout":"","bundle_add_to_cart_form_location":"","bundle_editable_in_cart":false,"bundle_sold_individually_context":"","bundle_item_grouping":"","bundle_min_size":"","bundle_max_size":"","bundle_price":[],"bundled_items":[],"bundle_sell_ids":[],"acf":[],"yoast_head":"<!-- This site is optimized with the Yoast SEO Premium plugin v25.9 (Yoast SEO v27.4) - https:\/\/yoast.com\/product\/yoast-seo-premium-wordpress\/ -->\n<title>TV-Spiegel - EUROSTIL - KZ Profesional<\/title>\n<meta name=\"robots\" content=\"index, follow, max-snippet:-1, max-image-preview:large, max-video-preview:-1\" \/>\n<link rel=\"canonical\" href=\"https:\/\/kzprofesional.com\/producto\/espejo-tv\/\" \/>\n<meta property=\"og:locale\" content=\"de_DE\" \/>\n<meta property=\"og:type\" content=\"article\" \/>\n<meta property=\"og:title\" content=\"TV-Spiegel - EUROSTIL\" \/>\n<meta property=\"og:description\" content=\"Eurostil Handspiegel. Speziell f\u00fcr Friseursalons. Gr\u00f6\u00dfe 225 x 320 mm.\" \/>\n<meta property=\"og:url\" content=\"https:\/\/kzprofesional.com\/producto\/espejo-tv\/\" \/>\n<meta property=\"og:site_name\" content=\"KZ Profesional\" \/>\n<meta property=\"og:image\" content=\"https:\/\/kzprofesional.com\/wp-content\/uploads\/EUROSTIL-ESPEJO-TV.png\" \/>\n\t<meta property=\"og:image:width\" content=\"1024\" \/>\n\t<meta property=\"og:image:height\" content=\"1024\" \/>\n\t<meta property=\"og:image:type\" content=\"image\/png\" \/>\n<meta name=\"twitter:card\" content=\"summary_large_image\" \/>\n<script type=\"application\/ld+json\" class=\"yoast-schema-graph\">{\"@context\":\"https:\\\/\\\/schema.org\",\"@graph\":[{\"@type\":\"WebPage\",\"@id\":\"https:\\\/\\\/kzprofesional.com\\\/producto\\\/espejo-tv\\\/\",\"url\":\"https:\\\/\\\/kzprofesional.com\\\/producto\\\/espejo-tv\\\/\",\"name\":\"TV-Spiegel - EUROSTIL - KZ Profesional\",\"isPartOf\":{\"@id\":\"https:\\\/\\\/kzprofesional.com\\\/#website\"},\"primaryImageOfPage\":{\"@id\":\"https:\\\/\\\/kzprofesional.com\\\/producto\\\/espejo-tv\\\/#primaryimage\"},\"image\":{\"@id\":\"https:\\\/\\\/kzprofesional.com\\\/producto\\\/espejo-tv\\\/#primaryimage\"},\"thumbnailUrl\":\"https:\\\/\\\/kzprofesional.com\\\/wp-content\\\/uploads\\\/EUROSTIL-ESPEJO-TV.png\",\"datePublished\":\"2021-11-17T01:14:52+00:00\",\"breadcrumb\":{\"@id\":\"https:\\\/\\\/kzprofesional.com\\\/producto\\\/espejo-tv\\\/#breadcrumb\"},\"inLanguage\":\"de\",\"potentialAction\":[{\"@type\":\"ReadAction\",\"target\":[\"https:\\\/\\\/kzprofesional.com\\\/producto\\\/espejo-tv\\\/\"]}]},{\"@type\":\"ImageObject\",\"inLanguage\":\"de\",\"@id\":\"https:\\\/\\\/kzprofesional.com\\\/producto\\\/espejo-tv\\\/#primaryimage\",\"url\":\"https:\\\/\\\/kzprofesional.com\\\/wp-content\\\/uploads\\\/EUROSTIL-ESPEJO-TV.png\",\"contentUrl\":\"https:\\\/\\\/kzprofesional.com\\\/wp-content\\\/uploads\\\/EUROSTIL-ESPEJO-TV.png\",\"width\":1024,\"height\":1024,\"caption\":\"[EUROSTIL] TV-Spiegel\"},{\"@type\":\"BreadcrumbList\",\"@id\":\"https:\\\/\\\/kzprofesional.com\\\/producto\\\/espejo-tv\\\/#breadcrumb\",\"itemListElement\":[{\"@type\":\"ListItem\",\"position\":1,\"name\":\"Portada\",\"item\":\"https:\\\/\\\/kzprofesional.com\\\/\"},{\"@type\":\"ListItem\",\"position\":2,\"name\":\"Shop\",\"item\":\"https:\\\/\\\/kzprofesional.com\\\/de\\\/shop\\\/\"},{\"@type\":\"ListItem\",\"position\":3,\"name\":\"TV-Spiegel &#8211; EUROSTIL\"}]},{\"@type\":\"WebSite\",\"@id\":\"https:\\\/\\\/kzprofesional.com\\\/#website\",\"url\":\"https:\\\/\\\/kzprofesional.com\\\/\",\"name\":\"KZ Profesional\",\"description\":\"\",\"publisher\":{\"@id\":\"https:\\\/\\\/kzprofesional.com\\\/#organization\"},\"potentialAction\":[{\"@type\":\"SearchAction\",\"target\":{\"@type\":\"EntryPoint\",\"urlTemplate\":\"https:\\\/\\\/kzprofesional.com\\\/?s={search_term_string}\"},\"query-input\":{\"@type\":\"PropertyValueSpecification\",\"valueRequired\":true,\"valueName\":\"search_term_string\"}}],\"inLanguage\":\"de\"},{\"@type\":\"Organization\",\"@id\":\"https:\\\/\\\/kzprofesional.com\\\/#organization\",\"name\":\"Imperio Barber Shop\",\"url\":\"https:\\\/\\\/kzprofesional.com\\\/\",\"logo\":{\"@type\":\"ImageObject\",\"inLanguage\":\"de\",\"@id\":\"https:\\\/\\\/kzprofesional.com\\\/#\\\/schema\\\/logo\\\/image\\\/\",\"url\":\"https:\\\/\\\/kzprofesional.com\\\/wp-content\\\/uploads\\\/2021\\\/09\\\/Logo-Imperio-Barber-Shop.png\",\"contentUrl\":\"https:\\\/\\\/kzprofesional.com\\\/wp-content\\\/uploads\\\/2021\\\/09\\\/Logo-Imperio-Barber-Shop.png\",\"width\":128,\"height\":128,\"caption\":\"Imperio Barber Shop\"},\"image\":{\"@id\":\"https:\\\/\\\/kzprofesional.com\\\/#\\\/schema\\\/logo\\\/image\\\/\"}}]}<\/script>\n<!-- \/ Yoast SEO Premium plugin. -->","yoast_head_json":{"title":"TV-Spiegel - EUROSTIL - KZ Profesional","robots":{"index":"index","follow":"follow","max-snippet":"max-snippet:-1","max-image-preview":"max-image-preview:large","max-video-preview":"max-video-preview:-1"},"canonical":"https:\/\/kzprofesional.com\/producto\/espejo-tv\/","og_locale":"de_DE","og_type":"article","og_title":"TV-Spiegel - EUROSTIL","og_description":"Eurostil Handspiegel. Speziell f\u00fcr Friseursalons. Gr\u00f6\u00dfe 225 x 320 mm.","og_url":"https:\/\/kzprofesional.com\/producto\/espejo-tv\/","og_site_name":"KZ Profesional","og_image":[{"width":1024,"height":1024,"url":"https:\/\/kzprofesional.com\/wp-content\/uploads\/EUROSTIL-ESPEJO-TV.png","type":"image\/png"}],"twitter_card":"summary_large_image","schema":{"@context":"https:\/\/schema.org","@graph":[{"@type":"WebPage","@id":"https:\/\/kzprofesional.com\/producto\/espejo-tv\/","url":"https:\/\/kzprofesional.com\/producto\/espejo-tv\/","name":"TV-Spiegel - EUROSTIL - KZ Profesional","isPartOf":{"@id":"https:\/\/kzprofesional.com\/#website"},"primaryImageOfPage":{"@id":"https:\/\/kzprofesional.com\/producto\/espejo-tv\/#primaryimage"},"image":{"@id":"https:\/\/kzprofesional.com\/producto\/espejo-tv\/#primaryimage"},"thumbnailUrl":"https:\/\/kzprofesional.com\/wp-content\/uploads\/EUROSTIL-ESPEJO-TV.png","datePublished":"2021-11-17T01:14:52+00:00","breadcrumb":{"@id":"https:\/\/kzprofesional.com\/producto\/espejo-tv\/#breadcrumb"},"inLanguage":"de","potentialAction":[{"@type":"ReadAction","target":["https:\/\/kzprofesional.com\/producto\/espejo-tv\/"]}]},{"@type":"ImageObject","inLanguage":"de","@id":"https:\/\/kzprofesional.com\/producto\/espejo-tv\/#primaryimage","url":"https:\/\/kzprofesional.com\/wp-content\/uploads\/EUROSTIL-ESPEJO-TV.png","contentUrl":"https:\/\/kzprofesional.com\/wp-content\/uploads\/EUROSTIL-ESPEJO-TV.png","width":1024,"height":1024,"caption":"[EUROSTIL] TV-Spiegel"},{"@type":"BreadcrumbList","@id":"https:\/\/kzprofesional.com\/producto\/espejo-tv\/#breadcrumb","itemListElement":[{"@type":"ListItem","position":1,"name":"Portada","item":"https:\/\/kzprofesional.com\/"},{"@type":"ListItem","position":2,"name":"Shop","item":"https:\/\/kzprofesional.com\/de\/shop\/"},{"@type":"ListItem","position":3,"name":"TV-Spiegel &#8211; EUROSTIL"}]},{"@type":"WebSite","@id":"https:\/\/kzprofesional.com\/#website","url":"https:\/\/kzprofesional.com\/","name":"KZ Profesional","description":"","publisher":{"@id":"https:\/\/kzprofesional.com\/#organization"},"potentialAction":[{"@type":"SearchAction","target":{"@type":"EntryPoint","urlTemplate":"https:\/\/kzprofesional.com\/?s={search_term_string}"},"query-input":{"@type":"PropertyValueSpecification","valueRequired":true,"valueName":"search_term_string"}}],"inLanguage":"de"},{"@type":"Organization","@id":"https:\/\/kzprofesional.com\/#organization","name":"Imperio Barber Shop","url":"https:\/\/kzprofesional.com\/","logo":{"@type":"ImageObject","inLanguage":"de","@id":"https:\/\/kzprofesional.com\/#\/schema\/logo\/image\/","url":"https:\/\/kzprofesional.com\/wp-content\/uploads\/2021\/09\/Logo-Imperio-Barber-Shop.png","contentUrl":"https:\/\/kzprofesional.com\/wp-content\/uploads\/2021\/09\/Logo-Imperio-Barber-Shop.png","width":128,"height":128,"caption":"Imperio Barber Shop"},"image":{"@id":"https:\/\/kzprofesional.com\/#\/schema\/logo\/image\/"}}]}},"_links":{"self":[{"href":"https:\/\/kzprofesional.com\/de\/wp-json\/wp\/v2\/product\/79530","targetHints":{"allow":["GET"]}}],"collection":[{"href":"https:\/\/kzprofesional.com\/de\/wp-json\/wp\/v2\/product"}],"about":[{"href":"https:\/\/kzprofesional.com\/de\/wp-json\/wp\/v2\/types\/product"}],"wp:featuredmedia":[{"embeddable":true,"href":"https:\/\/kzprofesional.com\/de\/wp-json\/wp\/v2\/media\/64909"}],"wp:attachment":[{"href":"https:\/\/kzprofesional.com\/de\/wp-json\/wp\/v2\/media?parent=79530"}],"wp:term":[{"taxonomy":"product_brand","embeddable":true,"href":"https:\/\/kzprofesional.com\/de\/wp-json\/wp\/v2\/product_brand?post=79530"},{"taxonomy":"product_cat","embeddable":true,"href":"https:\/\/kzprofesional.com\/de\/wp-json\/wp\/v2\/product_cat?post=79530"},{"taxonomy":"product_tag","embeddable":true,"href":"https:\/\/kzprofesional.com\/de\/wp-json\/wp\/v2\/product_tag?post=79530"}],"curies":[{"name":"wp","href":"https:\/\/api.w.org\/{rel}","templated":true}]}}