

{"id":79730,"date":"2026-04-24T13:57:35","date_gmt":"2026-04-24T11:57:35","guid":{"rendered":"https:\/\/kzprofesional.com\/personalisierte-instinct-metal-clipper-maschine-2-stylecraft\/"},"modified":"2026-04-27T08:02:02","modified_gmt":"2026-04-27T06:02:02","slug":"personalisierte-instinct-metal-clipper-maschine-2-stylecraft","status":"publish","type":"product","link":"https:\/\/kzprofesional.com\/de\/produkt\/personalisierte-instinct-metal-clipper-maschine-2-stylecraft\/","title":{"rendered":"Personalisierte Instinct Metal Clipper-Maschine 2 &#8211; STYLECRAFT"},"content":{"rendered":"<p>Die Instinct Clipper Metal Edition hat eine kompakte Gr\u00f6\u00dfe f\u00fcr mehr m\u00fchelose Kontrolle. Erleben Sie beispiellose Leistung und Geschwindigkeit mit ihrem turboaufgeladenen IN2 Vector-Motor, der mit erstaunlichen 11.500 H\u00fcben pro Minute arbeitet. Au\u00dferdem verf\u00fcgt sie \u00fcber ein hinteres Metallgeh\u00e4use, das Vibrationen absorbiert und so ein deutlich leiseres Erlebnis gew\u00e4hrleistet. Verabschieden Sie sich von st\u00f6rendem Ger\u00e4usch und genie\u00dfen Sie eine sanftere, ruhigere Schneidesitzung.<\/p>\n<p>Der IN2 VECTOR MOTOR liefert un\u00fcbertroffene 11.500 H\u00fcbe pro Minute mit unaufhaltsamer Kraft<\/p>\n<p>\u2022 MONTIERT MIT EINER BLACK DIAMOND Faper-Festklinge f\u00fcr \u00fcberlegenes Blenden, Faden und Entfernen von Volumen sowie einem Black Diamond Deep Slim-Cutter<\/p>\n<p>\u2022 Der LITHIUM-IONEN-AKKU bietet bis zu 4 Stunden kabellosen Betrieb bei 2 Stunden Ladezeit.<\/p>\n<p>\u2022 VOLLST\u00c4NDIG VERSTELLBARE KLINGE, die sich leicht auf Null einstellen l\u00e4sst.<\/p>\n<p>\u2022 SUPER KOMPAKT und langlebig mit ergonomischem Design.<\/p>\n<p>\u2022 METALLGEH\u00c4USE d\u00e4mpft Ger\u00e4usche und absorbiert Vibrationen.<\/p>\n<p>\u2022 ENTWICKELT UND HERGESTELLT in den USA.<\/p>\n<p>\u2022 ENTH\u00c4LT: 8 doppelte magnetische Aufsteckk\u00e4mme: #0 (1\/16\u201d) #1 (1\/8&#8220;) #1.5 (3\/16&#8220;) #2 (1\/4&#8220;) #3 (3\/8&#8220;) #4 (1\/2&#8220;) #5 (5\/8&#8220;) #6 (3\/4&#8220;), Ladestation\/-kabel, 3 Hebel, 3 austauschbare Kappen, Bedienungsanleitung, Reinigungs-\/Wartungsset, praktischer Mini-Schraubendreher zur Klingeneinstellung und personalisierte Geh\u00e4usemodifikationen.<\/p>\n","protected":false},"excerpt":{"rendered":"<p>Personalisieren Sie Ihre Ausr\u00fcstung mit unseren Maschinen f\u00fchrender Marken im Barber- und Friseurbereich!<br \/>\n<strong>Lieferzeit zwischen 1 und 15 Tagen.<\/strong><br \/>\n1 Jahr Garantie f\u00fcr Profis und Unternehmen. 3 Jahre f\u00fcr private Verbraucher.<\/p>\n","protected":false},"featured_media":79731,"template":"","meta":{"_acf_changed":false,"_jet_sm_ready_style":"","_jet_sm_style":"","_jet_sm_controls_values":"","_jet_sm_fonts_collection":"","_jet_sm_fonts_links":""},"product_brand":[],"product_cat":[811,810,809,808],"product_tag":[],"class_list":{"0":"post-79730","1":"product","2":"type-product","3":"status-publish","4":"has-post-thumbnail","6":"product_cat-angebote","7":"product_cat-neuheiten","8":"product_cat-personalisierte-maschinen","9":"product_cat-personalisierte-produkte","10":"sales-flash-overlay","11":"woocommerce-text-align-center","12":"woocommerce-image-align-center","13":"do-quantity-buttons","15":"first","16":"instock","17":"sale","18":"taxable","19":"shipping-taxable","20":"purchasable","21":"product-type-simple"},"bundled_by":[],"bundle_stock_status":"instock","bundle_stock_quantity":1,"bundle_virtual":false,"bundle_layout":"","bundle_add_to_cart_form_location":"","bundle_editable_in_cart":false,"bundle_sold_individually_context":"","bundle_item_grouping":"","bundle_min_size":"","bundle_max_size":"","bundle_price":[],"bundled_items":[],"bundle_sell_ids":[],"acf":[],"yoast_head":"<!-- This site is optimized with the Yoast SEO Premium plugin v25.9 (Yoast SEO v27.4) - https:\/\/yoast.com\/product\/yoast-seo-premium-wordpress\/ -->\n<title>Personalisierte Instinct Metal Clipper-Maschine 2 - STYLECRAFT - KZ Profesional<\/title>\n<meta name=\"robots\" content=\"index, follow, max-snippet:-1, max-image-preview:large, max-video-preview:-1\" \/>\n<link rel=\"canonical\" href=\"https:\/\/kzprofesional.com\/de\/produkt\/personalisierte-instinct-metal-clipper-maschine-2-stylecraft\/\" \/>\n<meta property=\"og:locale\" content=\"de_DE\" \/>\n<meta property=\"og:type\" content=\"article\" \/>\n<meta property=\"og:title\" content=\"Personalisierte Instinct Metal Clipper-Maschine 2 - STYLECRAFT\" \/>\n<meta property=\"og:description\" content=\"Personalisieren Sie Ihre Ausr\u00fcstung mit unseren Maschinen f\u00fchrender Marken im Barber- und Friseurbereich! Lieferzeit zwischen 1 und 15 Tagen. 1 Jahr Garantie f\u00fcr Profis und Unternehmen. 3 Jahre f\u00fcr private Verbraucher.\" \/>\n<meta property=\"og:url\" content=\"https:\/\/kzprofesional.com\/de\/produkt\/personalisierte-instinct-metal-clipper-maschine-2-stylecraft\/\" \/>\n<meta property=\"og:site_name\" content=\"KZ Profesional\" \/>\n<meta property=\"article:modified_time\" content=\"2026-04-27T06:02:02+00:00\" \/>\n<meta property=\"og:image\" content=\"https:\/\/kzprofesional.com\/wp-content\/uploads\/WhatsApp-Image-2026-04-24-at-09.12.50-3.jpeg\" \/>\n\t<meta property=\"og:image:width\" content=\"1536\" \/>\n\t<meta property=\"og:image:height\" content=\"2048\" \/>\n\t<meta property=\"og:image:type\" content=\"image\/jpeg\" \/>\n<meta name=\"twitter:card\" content=\"summary_large_image\" \/>\n<script type=\"application\/ld+json\" class=\"yoast-schema-graph\">{\"@context\":\"https:\\\/\\\/schema.org\",\"@graph\":[{\"@type\":\"WebPage\",\"@id\":\"https:\\\/\\\/kzprofesional.com\\\/de\\\/produkt\\\/personalisierte-instinct-metal-clipper-maschine-2-stylecraft\\\/\",\"url\":\"https:\\\/\\\/kzprofesional.com\\\/de\\\/produkt\\\/personalisierte-instinct-metal-clipper-maschine-2-stylecraft\\\/\",\"name\":\"Personalisierte Instinct Metal Clipper-Maschine 2 - STYLECRAFT - KZ Profesional\",\"isPartOf\":{\"@id\":\"https:\\\/\\\/kzprofesional.com\\\/#website\"},\"primaryImageOfPage\":{\"@id\":\"https:\\\/\\\/kzprofesional.com\\\/de\\\/produkt\\\/personalisierte-instinct-metal-clipper-maschine-2-stylecraft\\\/#primaryimage\"},\"image\":{\"@id\":\"https:\\\/\\\/kzprofesional.com\\\/de\\\/produkt\\\/personalisierte-instinct-metal-clipper-maschine-2-stylecraft\\\/#primaryimage\"},\"thumbnailUrl\":\"https:\\\/\\\/kzprofesional.com\\\/wp-content\\\/uploads\\\/WhatsApp-Image-2026-04-24-at-09.12.50-3.jpeg\",\"datePublished\":\"2026-04-24T11:57:35+00:00\",\"dateModified\":\"2026-04-27T06:02:02+00:00\",\"breadcrumb\":{\"@id\":\"https:\\\/\\\/kzprofesional.com\\\/de\\\/produkt\\\/personalisierte-instinct-metal-clipper-maschine-2-stylecraft\\\/#breadcrumb\"},\"inLanguage\":\"de\",\"potentialAction\":[{\"@type\":\"ReadAction\",\"target\":[\"https:\\\/\\\/kzprofesional.com\\\/de\\\/produkt\\\/personalisierte-instinct-metal-clipper-maschine-2-stylecraft\\\/\"]}]},{\"@type\":\"ImageObject\",\"inLanguage\":\"de\",\"@id\":\"https:\\\/\\\/kzprofesional.com\\\/de\\\/produkt\\\/personalisierte-instinct-metal-clipper-maschine-2-stylecraft\\\/#primaryimage\",\"url\":\"https:\\\/\\\/kzprofesional.com\\\/wp-content\\\/uploads\\\/WhatsApp-Image-2026-04-24-at-09.12.50-3.jpeg\",\"contentUrl\":\"https:\\\/\\\/kzprofesional.com\\\/wp-content\\\/uploads\\\/WhatsApp-Image-2026-04-24-at-09.12.50-3.jpeg\",\"width\":1536,\"height\":2048},{\"@type\":\"BreadcrumbList\",\"@id\":\"https:\\\/\\\/kzprofesional.com\\\/de\\\/produkt\\\/personalisierte-instinct-metal-clipper-maschine-2-stylecraft\\\/#breadcrumb\",\"itemListElement\":[{\"@type\":\"ListItem\",\"position\":1,\"name\":\"Portada\",\"item\":\"https:\\\/\\\/kzprofesional.com\\\/\"},{\"@type\":\"ListItem\",\"position\":2,\"name\":\"Shop\",\"item\":\"https:\\\/\\\/kzprofesional.com\\\/de\\\/shop\\\/\"},{\"@type\":\"ListItem\",\"position\":3,\"name\":\"Personalisierte Instinct Metal Clipper-Maschine 2 &#8211; STYLECRAFT\"}]},{\"@type\":\"WebSite\",\"@id\":\"https:\\\/\\\/kzprofesional.com\\\/#website\",\"url\":\"https:\\\/\\\/kzprofesional.com\\\/\",\"name\":\"KZ Profesional\",\"description\":\"\",\"publisher\":{\"@id\":\"https:\\\/\\\/kzprofesional.com\\\/#organization\"},\"potentialAction\":[{\"@type\":\"SearchAction\",\"target\":{\"@type\":\"EntryPoint\",\"urlTemplate\":\"https:\\\/\\\/kzprofesional.com\\\/?s={search_term_string}\"},\"query-input\":{\"@type\":\"PropertyValueSpecification\",\"valueRequired\":true,\"valueName\":\"search_term_string\"}}],\"inLanguage\":\"de\"},{\"@type\":\"Organization\",\"@id\":\"https:\\\/\\\/kzprofesional.com\\\/#organization\",\"name\":\"Imperio Barber Shop\",\"url\":\"https:\\\/\\\/kzprofesional.com\\\/\",\"logo\":{\"@type\":\"ImageObject\",\"inLanguage\":\"de\",\"@id\":\"https:\\\/\\\/kzprofesional.com\\\/#\\\/schema\\\/logo\\\/image\\\/\",\"url\":\"https:\\\/\\\/kzprofesional.com\\\/wp-content\\\/uploads\\\/2021\\\/09\\\/Logo-Imperio-Barber-Shop.png\",\"contentUrl\":\"https:\\\/\\\/kzprofesional.com\\\/wp-content\\\/uploads\\\/2021\\\/09\\\/Logo-Imperio-Barber-Shop.png\",\"width\":128,\"height\":128,\"caption\":\"Imperio Barber Shop\"},\"image\":{\"@id\":\"https:\\\/\\\/kzprofesional.com\\\/#\\\/schema\\\/logo\\\/image\\\/\"}}]}<\/script>\n<!-- \/ Yoast SEO Premium plugin. -->","yoast_head_json":{"title":"Personalisierte Instinct Metal Clipper-Maschine 2 - STYLECRAFT - KZ Profesional","robots":{"index":"index","follow":"follow","max-snippet":"max-snippet:-1","max-image-preview":"max-image-preview:large","max-video-preview":"max-video-preview:-1"},"canonical":"https:\/\/kzprofesional.com\/de\/produkt\/personalisierte-instinct-metal-clipper-maschine-2-stylecraft\/","og_locale":"de_DE","og_type":"article","og_title":"Personalisierte Instinct Metal Clipper-Maschine 2 - STYLECRAFT","og_description":"Personalisieren Sie Ihre Ausr\u00fcstung mit unseren Maschinen f\u00fchrender Marken im Barber- und Friseurbereich! Lieferzeit zwischen 1 und 15 Tagen. 1 Jahr Garantie f\u00fcr Profis und Unternehmen. 3 Jahre f\u00fcr private Verbraucher.","og_url":"https:\/\/kzprofesional.com\/de\/produkt\/personalisierte-instinct-metal-clipper-maschine-2-stylecraft\/","og_site_name":"KZ Profesional","article_modified_time":"2026-04-27T06:02:02+00:00","og_image":[{"width":1536,"height":2048,"url":"https:\/\/kzprofesional.com\/wp-content\/uploads\/WhatsApp-Image-2026-04-24-at-09.12.50-3.jpeg","type":"image\/jpeg"}],"twitter_card":"summary_large_image","schema":{"@context":"https:\/\/schema.org","@graph":[{"@type":"WebPage","@id":"https:\/\/kzprofesional.com\/de\/produkt\/personalisierte-instinct-metal-clipper-maschine-2-stylecraft\/","url":"https:\/\/kzprofesional.com\/de\/produkt\/personalisierte-instinct-metal-clipper-maschine-2-stylecraft\/","name":"Personalisierte Instinct Metal Clipper-Maschine 2 - STYLECRAFT - KZ Profesional","isPartOf":{"@id":"https:\/\/kzprofesional.com\/#website"},"primaryImageOfPage":{"@id":"https:\/\/kzprofesional.com\/de\/produkt\/personalisierte-instinct-metal-clipper-maschine-2-stylecraft\/#primaryimage"},"image":{"@id":"https:\/\/kzprofesional.com\/de\/produkt\/personalisierte-instinct-metal-clipper-maschine-2-stylecraft\/#primaryimage"},"thumbnailUrl":"https:\/\/kzprofesional.com\/wp-content\/uploads\/WhatsApp-Image-2026-04-24-at-09.12.50-3.jpeg","datePublished":"2026-04-24T11:57:35+00:00","dateModified":"2026-04-27T06:02:02+00:00","breadcrumb":{"@id":"https:\/\/kzprofesional.com\/de\/produkt\/personalisierte-instinct-metal-clipper-maschine-2-stylecraft\/#breadcrumb"},"inLanguage":"de","potentialAction":[{"@type":"ReadAction","target":["https:\/\/kzprofesional.com\/de\/produkt\/personalisierte-instinct-metal-clipper-maschine-2-stylecraft\/"]}]},{"@type":"ImageObject","inLanguage":"de","@id":"https:\/\/kzprofesional.com\/de\/produkt\/personalisierte-instinct-metal-clipper-maschine-2-stylecraft\/#primaryimage","url":"https:\/\/kzprofesional.com\/wp-content\/uploads\/WhatsApp-Image-2026-04-24-at-09.12.50-3.jpeg","contentUrl":"https:\/\/kzprofesional.com\/wp-content\/uploads\/WhatsApp-Image-2026-04-24-at-09.12.50-3.jpeg","width":1536,"height":2048},{"@type":"BreadcrumbList","@id":"https:\/\/kzprofesional.com\/de\/produkt\/personalisierte-instinct-metal-clipper-maschine-2-stylecraft\/#breadcrumb","itemListElement":[{"@type":"ListItem","position":1,"name":"Portada","item":"https:\/\/kzprofesional.com\/"},{"@type":"ListItem","position":2,"name":"Shop","item":"https:\/\/kzprofesional.com\/de\/shop\/"},{"@type":"ListItem","position":3,"name":"Personalisierte Instinct Metal Clipper-Maschine 2 &#8211; STYLECRAFT"}]},{"@type":"WebSite","@id":"https:\/\/kzprofesional.com\/#website","url":"https:\/\/kzprofesional.com\/","name":"KZ Profesional","description":"","publisher":{"@id":"https:\/\/kzprofesional.com\/#organization"},"potentialAction":[{"@type":"SearchAction","target":{"@type":"EntryPoint","urlTemplate":"https:\/\/kzprofesional.com\/?s={search_term_string}"},"query-input":{"@type":"PropertyValueSpecification","valueRequired":true,"valueName":"search_term_string"}}],"inLanguage":"de"},{"@type":"Organization","@id":"https:\/\/kzprofesional.com\/#organization","name":"Imperio Barber Shop","url":"https:\/\/kzprofesional.com\/","logo":{"@type":"ImageObject","inLanguage":"de","@id":"https:\/\/kzprofesional.com\/#\/schema\/logo\/image\/","url":"https:\/\/kzprofesional.com\/wp-content\/uploads\/2021\/09\/Logo-Imperio-Barber-Shop.png","contentUrl":"https:\/\/kzprofesional.com\/wp-content\/uploads\/2021\/09\/Logo-Imperio-Barber-Shop.png","width":128,"height":128,"caption":"Imperio Barber Shop"},"image":{"@id":"https:\/\/kzprofesional.com\/#\/schema\/logo\/image\/"}}]}},"_links":{"self":[{"href":"https:\/\/kzprofesional.com\/de\/wp-json\/wp\/v2\/product\/79730","targetHints":{"allow":["GET"]}}],"collection":[{"href":"https:\/\/kzprofesional.com\/de\/wp-json\/wp\/v2\/product"}],"about":[{"href":"https:\/\/kzprofesional.com\/de\/wp-json\/wp\/v2\/types\/product"}],"wp:featuredmedia":[{"embeddable":true,"href":"https:\/\/kzprofesional.com\/de\/wp-json\/wp\/v2\/media\/79731"}],"wp:attachment":[{"href":"https:\/\/kzprofesional.com\/de\/wp-json\/wp\/v2\/media?parent=79730"}],"wp:term":[{"taxonomy":"product_brand","embeddable":true,"href":"https:\/\/kzprofesional.com\/de\/wp-json\/wp\/v2\/product_brand?post=79730"},{"taxonomy":"product_cat","embeddable":true,"href":"https:\/\/kzprofesional.com\/de\/wp-json\/wp\/v2\/product_cat?post=79730"},{"taxonomy":"product_tag","embeddable":true,"href":"https:\/\/kzprofesional.com\/de\/wp-json\/wp\/v2\/product_tag?post=79730"}],"curies":[{"name":"wp","href":"https:\/\/api.w.org\/{rel}","templated":true}]}}