

{"id":79745,"date":"2026-04-24T11:21:07","date_gmt":"2026-04-24T09:21:07","guid":{"rendered":"https:\/\/kzprofesional.com\/hi-viz-trimmer-maschine-wahl\/"},"modified":"2026-04-27T08:02:06","modified_gmt":"2026-04-27T06:02:06","slug":"hi-viz-trimmer-maschine-wahl","status":"publish","type":"product","link":"https:\/\/kzprofesional.com\/de\/produkt\/hi-viz-trimmer-maschine-wahl\/","title":{"rendered":"Hi-Viz\u2122 Trimmer-Maschine &#8211; WAHL"},"content":{"rendered":"<div class=\"product attribute overview\">\n<div class=\"value\">\n<div data-content-type=\"row\" data-appearance=\"contained\" data-element=\"main\">\n<div data-enable-parallax=\"0\" data-parallax-speed=\"0.5\" data-background-images=\"{}\" data-background-type=\"image\" data-video-loop=\"true\" data-video-play-only-visible=\"true\" data-video-lazy-load=\"true\" data-video-fallback-src=\"\" data-element=\"inner\" data-pb-style=\"SW0K5HR\">\n<div data-content-type=\"text\" data-appearance=\"default\" data-element=\"main\">\n<p><strong>BEHERRSCHEN SIE DIE DETAILS MIT DEM WAHL 5 STAR TRIMMER<\/strong><\/p>\n<p>Entwickelt f\u00fcr Barbiere und Stylisten, die Pr\u00e4zision leben: Der Wahl 5 Star Trimmer bietet unvergleichliche Sichtbarkeit, Kontrolle und Leistung. Er wurde f\u00fcr ultrpr\u00e4zises Finish, saubere Konturen im Gesicht, am Hals und um die Ohren sowie f\u00fcr professionelle, gr\u00fcndliche Ergebnisse an schwer zug\u00e4nglichen Stellen entwickelt. Der Hi-Viz\u2122 Trimmer bietet au\u00dfergew\u00f6hnliche Kontrolle. Sein schlankes Halsdesign und die hochsichtbare T-Klinge von Wahl sorgen daf\u00fcr, dass jede Linie, Kante und jedes Detail klar und pr\u00e4zise ist. Dieser professionelle Trimmer ist mehr als ein Werkzeug: Er ist eine Erweiterung Ihres Handwerks.<\/p>\n<p><strong>Produkteigenschaften<\/strong>:<\/p>\n<ul>\n<li>Der Motor mit adaptiver Geschwindigkeitskontrolle (bis 7200 U\/min) passt sich automatisch an Haardichte und -st\u00e4rke an, um bei jedem Durchgang einen sauberen Schnitt zu erzielen.<\/li>\n<li>135 Minuten kabellose Laufzeit mit nur 45 Minuten Ladezeit, damit Sie den ganzen Tag Energie haben.<\/li>\n<li>M\u00faltiples opciones de carga, incluyendo un soporte con contrapeso , un cable de carga de 5V o un USB-C est\u00e1ndar.<\/li>\n<li>Carcasa totalmente met\u00e1lica y bien equilibrada con el dise\u00f1o ComfortCurve\u2122 de Wahl para reducir la fatiga de la mano y ofrecer comodidad durante todo el d\u00eda.<\/li>\n<\/ul>\n<p><strong>Klingeneigenschaften<\/strong>:<\/p>\n<ul>\n<li>Cuchilla en T ancha Hi-Viz\u2122 exclusiva de Wahl con cuello estrecho para una mayor visibilidad y un control superior.<\/li>\n<li>El recubrimiento de carbono tipo diamante (DLC) mantiene la cuchilla fr\u00eda durante m\u00e1s tiempo y hasta 8 veces m\u00e1s afilada y resistente que las cuchillas de acero inoxidable est\u00e1ndar (probado en laboratorio).<\/li>\n<li>Hi-Viz\u2122 se puede ajustar a 0, lo que permite longitudes de corte ultracortas y l\u00edneas precisas y limpias, incluso en espacios reducidos.<\/li>\n<li>Herramienta profesional adicional incluida para ajustar la cuchilla a la perfecci\u00f3n sin dejar ning\u00fan espacio.<\/li>\n<\/ul>\n<\/div>\n<\/div>\n<\/div>\n<\/div>\n<\/div>\n<div class=\"product-info-stock-sku\">\n<div class=\"product attribute sku\">\n<p><strong class=\"type\">SKU<\/strong><\/p>\n<div class=\"value\">3023702<\/div>\n<\/div>\n<\/div>\n<div class=\"product info detailed\">\n<div class=\"product data items active\" role=\"tablist\" data-collapsible=\"true\">\n<div class=\"data item title\" tabindex=\"0\" role=\"tab\" data-role=\"title\" aria-selected=\"true\" aria-expanded=\"true\">Lieferumfang<\/div>\n<div class=\"data item content\" role=\"tabpanel\" data-role=\"content\" aria-hidden=\"false\">\n<div data-content-type=\"row\" data-appearance=\"contained\" data-element=\"main\">\n<div data-enable-parallax=\"0\" data-parallax-speed=\"0.5\" data-background-images=\"{}\" data-background-type=\"image\" data-video-loop=\"true\" data-video-play-only-visible=\"true\" data-video-lazy-load=\"true\" data-video-fallback-src=\"\" data-element=\"inner\" data-pb-style=\"U931PUU\">\n<div data-content-type=\"text\" data-appearance=\"default\" data-element=\"main\">\n<ul>\n<li>Ladestation<\/li>\n<li>Klingen-Einstellwerkzeug<\/li>\n<li>Vorbereitungsb\u00fcrste f\u00fcr den Schnitt<\/li>\n<li>Reinigungsb\u00fcrste<\/li>\n<li>Klingen\u00f6l<\/li>\n<li>Klingenschutz<\/li>\n<\/ul>\n<\/div>\n<\/div>\n<\/div>\n<\/div>\n<\/div>\n<div class=\"product data items active\" role=\"tablist\" data-collapsible=\"true\">\n<div class=\"data item title\" tabindex=\"0\" role=\"tab\" data-role=\"title\" aria-selected=\"true\" aria-expanded=\"true\"><strong>Spezifikationen<\/strong><\/div>\n<div class=\"data item content\" role=\"tabpanel\" data-role=\"content\" aria-hidden=\"false\">\n<div class=\"additional-attributes-wrapper table-wrapper\">\n<table id=\"product-attribute-specs-table\" class=\"data table additional-attributes\">\n<tbody>\n<tr>\n<th class=\"col label\" scope=\"row\">Artikel-Barcode EAN<\/th>\n<td class=\"col data\" data-th=\"Item bar code EAN\">0043917002897<\/td>\n<\/tr>\n<tr>\n<th class=\"col label\" scope=\"row\">Artikel FG Marke<\/th>\n<td class=\"col data\" data-th=\"Item FG Brand\">Wahl<\/td>\n<\/tr>\n<tr>\n<th class=\"col label\" scope=\"row\">Ladezeit<\/th>\n<td class=\"col data\" data-th=\"Charge Time\">45 min<\/td>\n<\/tr>\n<tr>\n<th class=\"col label\" scope=\"row\">Akkutyp<\/th>\n<td class=\"col data\" data-th=\"Battery Type\">Lithium<\/td>\n<\/tr>\n<tr>\n<th class=\"col label\" scope=\"row\">Kabell\u00e4nge<\/th>\n<td class=\"col data\" data-th=\"Cable length\">2.4 m<\/td>\n<\/tr>\n<tr>\n<th class=\"col label\" scope=\"row\">Schnittl\u00e4nge<\/th>\n<td class=\"col data\" data-th=\"Cutting Length\">0,4 mm<\/td>\n<\/tr>\n<tr>\n<th class=\"col label\" scope=\"row\">Stromversorgung<\/th>\n<td class=\"col data\" data-th=\"Power Type\">Wiederaufladbarer Akku: mit und ohne Kabel verwendbar<\/td>\n<\/tr>\n<tr>\n<th class=\"col label\" scope=\"row\">Schnittbreite<\/th>\n<td class=\"col data\" data-th=\"Cutting Width\">40,6 mm<\/td>\n<\/tr>\n<tr>\n<th class=\"col label\" scope=\"row\">Motor\/Accionamiento<\/th>\n<td class=\"col data\" data-th=\"Motor\/Drive\">Motor de DC, 7200 rpm<\/td>\n<\/tr>\n<tr>\n<th class=\"col label\" scope=\"row\">Laufzeit<\/th>\n<td class=\"col data\" data-th=\"Run Time\">135 min<\/td>\n<\/tr>\n<tr>\n<th class=\"col label\" scope=\"row\">Spannung<\/th>\n<td class=\"col data\" data-th=\"Voltage\">100-240V<\/td>\n<\/tr>\n<tr>\n<th class=\"col label\" scope=\"row\">Produktkategorisierung<\/th>\n<td class=\"col data\" data-th=\"Product Flag\">Bestseller<\/td>\n<\/tr>\n<tr>\n<th class=\"col label\" scope=\"row\">Klingensatz<\/th>\n<td class=\"col data\" data-th=\"Blade set\">Hi-Viz-Klinge<\/td>\n<\/tr>\n<tr>\n<th class=\"col label\" scope=\"row\">Gewicht<\/th>\n<td class=\"col data\" data-th=\"Weight\">204 g<\/td>\n<\/tr>\n<\/tbody>\n<\/table>\n<\/div>\n<\/div>\n<\/div>\n<\/div>\n","protected":false},"excerpt":{"rendered":"<p>BEHERRSCHEN SIE DIE DETAILS MIT DEM WAHL 5 STAR TRIMMER Entwickelt f\u00fcr Barbiere und Stylisten, die Pr\u00e4zision leben: Der Wahl 5 Star Trimmer bietet unvergleichliche Sichtbarkeit, Kontrolle und Leistung. Er wurde f\u00fcr ultrpr\u00e4zises Finish, saubere Konturen im Gesicht, am Hals und um die Ohren sowie f\u00fcr professionelle, gr\u00fcndliche Ergebnisse an schwer zug\u00e4nglichen Stellen entwickelt. Der &#8230; <a title=\"Hi-Viz\u2122 Trimmer-Maschine &#8211; WAHL\" class=\"read-more\" href=\"https:\/\/kzprofesional.com\/de\/produkt\/hi-viz-trimmer-maschine-wahl\/\" aria-label=\"Mehr Informationen \u00fcber Hi-Viz\u2122 Trimmer-Maschine &#8211; WAHL\">Weiterlesen &#8230;<\/a><\/p>\n","protected":false},"featured_media":79746,"template":"","meta":{"_acf_changed":false,"_jet_sm_ready_style":"","_jet_sm_style":"","_jet_sm_controls_values":"","_jet_sm_fonts_collection":"","_jet_sm_fonts_links":""},"product_brand":[],"product_cat":[828,826,827,810],"product_tag":[],"class_list":{"0":"post-79745","1":"product","2":"type-product","3":"status-publish","4":"has-post-thumbnail","6":"product_cat-akku","7":"product_cat-akku-trimmers","8":"product_cat-haarschneidemaschinen","9":"product_cat-neuheiten","10":"sales-flash-overlay","11":"woocommerce-text-align-center","12":"woocommerce-image-align-center","13":"do-quantity-buttons","15":"first","16":"instock","17":"taxable","18":"shipping-taxable","19":"purchasable","20":"product-type-simple"},"bundled_by":[],"bundle_stock_status":"instock","bundle_stock_quantity":2,"bundle_virtual":false,"bundle_layout":"","bundle_add_to_cart_form_location":"","bundle_editable_in_cart":false,"bundle_sold_individually_context":"","bundle_item_grouping":"","bundle_min_size":"","bundle_max_size":"","bundle_price":[],"bundled_items":[],"bundle_sell_ids":[],"acf":[],"yoast_head":"<!-- This site is optimized with the Yoast SEO Premium plugin v25.9 (Yoast SEO v27.4) - https:\/\/yoast.com\/product\/yoast-seo-premium-wordpress\/ -->\n<title>Hi-Viz\u2122 Trimmer-Maschine - WAHL - KZ Profesional<\/title>\n<meta name=\"description\" content=\"Entwickelt f\u00fcr Barbiere und Stylisten, die Pr\u00e4zision leben: Der Wahl 5 Star Trimmer bietet unvergleichliche Sichtbarkeit, Kontrolle und Leistung.\" \/>\n<meta name=\"robots\" content=\"index, follow, max-snippet:-1, max-image-preview:large, max-video-preview:-1\" \/>\n<link rel=\"canonical\" href=\"https:\/\/kzprofesional.com\/producto\/maquina-hi-viz-trimmer-wahl\/\" \/>\n<meta property=\"og:locale\" content=\"de_DE\" \/>\n<meta property=\"og:type\" content=\"article\" \/>\n<meta property=\"og:title\" content=\"Hi-Viz\u2122 Trimmer-Maschine - WAHL\" \/>\n<meta property=\"og:description\" content=\"Entwickelt f\u00fcr Barbiere und Stylisten, die Pr\u00e4zision leben: Der Wahl 5 Star Trimmer bietet unvergleichliche Sichtbarkeit, Kontrolle und Leistung.\" \/>\n<meta property=\"og:url\" content=\"https:\/\/kzprofesional.com\/producto\/maquina-hi-viz-trimmer-wahl\/\" \/>\n<meta property=\"og:site_name\" content=\"KZ Profesional\" \/>\n<meta property=\"article:modified_time\" content=\"2026-04-27T06:02:06+00:00\" \/>\n<meta property=\"og:image\" content=\"https:\/\/kzprofesional.com\/wp-content\/uploads\/hi-viz.png\" \/>\n\t<meta property=\"og:image:width\" content=\"744\" \/>\n\t<meta property=\"og:image:height\" content=\"746\" \/>\n\t<meta property=\"og:image:type\" content=\"image\/png\" \/>\n<meta name=\"twitter:card\" content=\"summary_large_image\" \/>\n<script type=\"application\/ld+json\" class=\"yoast-schema-graph\">{\"@context\":\"https:\\\/\\\/schema.org\",\"@graph\":[{\"@type\":\"WebPage\",\"@id\":\"https:\\\/\\\/kzprofesional.com\\\/producto\\\/maquina-hi-viz-trimmer-wahl\\\/\",\"url\":\"https:\\\/\\\/kzprofesional.com\\\/producto\\\/maquina-hi-viz-trimmer-wahl\\\/\",\"name\":\"Hi-Viz\u2122 Trimmer-Maschine - WAHL - KZ Profesional\",\"isPartOf\":{\"@id\":\"https:\\\/\\\/kzprofesional.com\\\/#website\"},\"primaryImageOfPage\":{\"@id\":\"https:\\\/\\\/kzprofesional.com\\\/producto\\\/maquina-hi-viz-trimmer-wahl\\\/#primaryimage\"},\"image\":{\"@id\":\"https:\\\/\\\/kzprofesional.com\\\/producto\\\/maquina-hi-viz-trimmer-wahl\\\/#primaryimage\"},\"thumbnailUrl\":\"https:\\\/\\\/kzprofesional.com\\\/wp-content\\\/uploads\\\/hi-viz.png\",\"datePublished\":\"2026-04-24T09:21:07+00:00\",\"dateModified\":\"2026-04-27T06:02:06+00:00\",\"description\":\"Entwickelt f\u00fcr Barbiere und Stylisten, die Pr\u00e4zision leben: Der Wahl 5 Star Trimmer bietet unvergleichliche Sichtbarkeit, Kontrolle und Leistung.\",\"breadcrumb\":{\"@id\":\"https:\\\/\\\/kzprofesional.com\\\/producto\\\/maquina-hi-viz-trimmer-wahl\\\/#breadcrumb\"},\"inLanguage\":\"de\",\"potentialAction\":[{\"@type\":\"ReadAction\",\"target\":[\"https:\\\/\\\/kzprofesional.com\\\/producto\\\/maquina-hi-viz-trimmer-wahl\\\/\"]}]},{\"@type\":\"ImageObject\",\"inLanguage\":\"de\",\"@id\":\"https:\\\/\\\/kzprofesional.com\\\/producto\\\/maquina-hi-viz-trimmer-wahl\\\/#primaryimage\",\"url\":\"https:\\\/\\\/kzprofesional.com\\\/wp-content\\\/uploads\\\/hi-viz.png\",\"contentUrl\":\"https:\\\/\\\/kzprofesional.com\\\/wp-content\\\/uploads\\\/hi-viz.png\",\"width\":744,\"height\":746},{\"@type\":\"BreadcrumbList\",\"@id\":\"https:\\\/\\\/kzprofesional.com\\\/producto\\\/maquina-hi-viz-trimmer-wahl\\\/#breadcrumb\",\"itemListElement\":[{\"@type\":\"ListItem\",\"position\":1,\"name\":\"Portada\",\"item\":\"https:\\\/\\\/kzprofesional.com\\\/\"},{\"@type\":\"ListItem\",\"position\":2,\"name\":\"Shop\",\"item\":\"https:\\\/\\\/kzprofesional.com\\\/de\\\/shop\\\/\"},{\"@type\":\"ListItem\",\"position\":3,\"name\":\"Hi-Viz\u2122 Trimmer-Maschine &#8211; WAHL\"}]},{\"@type\":\"WebSite\",\"@id\":\"https:\\\/\\\/kzprofesional.com\\\/#website\",\"url\":\"https:\\\/\\\/kzprofesional.com\\\/\",\"name\":\"KZ Profesional\",\"description\":\"\",\"publisher\":{\"@id\":\"https:\\\/\\\/kzprofesional.com\\\/#organization\"},\"potentialAction\":[{\"@type\":\"SearchAction\",\"target\":{\"@type\":\"EntryPoint\",\"urlTemplate\":\"https:\\\/\\\/kzprofesional.com\\\/?s={search_term_string}\"},\"query-input\":{\"@type\":\"PropertyValueSpecification\",\"valueRequired\":true,\"valueName\":\"search_term_string\"}}],\"inLanguage\":\"de\"},{\"@type\":\"Organization\",\"@id\":\"https:\\\/\\\/kzprofesional.com\\\/#organization\",\"name\":\"Imperio Barber Shop\",\"url\":\"https:\\\/\\\/kzprofesional.com\\\/\",\"logo\":{\"@type\":\"ImageObject\",\"inLanguage\":\"de\",\"@id\":\"https:\\\/\\\/kzprofesional.com\\\/#\\\/schema\\\/logo\\\/image\\\/\",\"url\":\"https:\\\/\\\/kzprofesional.com\\\/wp-content\\\/uploads\\\/2021\\\/09\\\/Logo-Imperio-Barber-Shop.png\",\"contentUrl\":\"https:\\\/\\\/kzprofesional.com\\\/wp-content\\\/uploads\\\/2021\\\/09\\\/Logo-Imperio-Barber-Shop.png\",\"width\":128,\"height\":128,\"caption\":\"Imperio Barber Shop\"},\"image\":{\"@id\":\"https:\\\/\\\/kzprofesional.com\\\/#\\\/schema\\\/logo\\\/image\\\/\"}}]}<\/script>\n<!-- \/ Yoast SEO Premium plugin. -->","yoast_head_json":{"title":"Hi-Viz\u2122 Trimmer-Maschine - WAHL - KZ Profesional","description":"Entwickelt f\u00fcr Barbiere und Stylisten, die Pr\u00e4zision leben: Der Wahl 5 Star Trimmer bietet unvergleichliche Sichtbarkeit, Kontrolle und Leistung.","robots":{"index":"index","follow":"follow","max-snippet":"max-snippet:-1","max-image-preview":"max-image-preview:large","max-video-preview":"max-video-preview:-1"},"canonical":"https:\/\/kzprofesional.com\/producto\/maquina-hi-viz-trimmer-wahl\/","og_locale":"de_DE","og_type":"article","og_title":"Hi-Viz\u2122 Trimmer-Maschine - WAHL","og_description":"Entwickelt f\u00fcr Barbiere und Stylisten, die Pr\u00e4zision leben: Der Wahl 5 Star Trimmer bietet unvergleichliche Sichtbarkeit, Kontrolle und Leistung.","og_url":"https:\/\/kzprofesional.com\/producto\/maquina-hi-viz-trimmer-wahl\/","og_site_name":"KZ Profesional","article_modified_time":"2026-04-27T06:02:06+00:00","og_image":[{"width":744,"height":746,"url":"https:\/\/kzprofesional.com\/wp-content\/uploads\/hi-viz.png","type":"image\/png"}],"twitter_card":"summary_large_image","schema":{"@context":"https:\/\/schema.org","@graph":[{"@type":"WebPage","@id":"https:\/\/kzprofesional.com\/producto\/maquina-hi-viz-trimmer-wahl\/","url":"https:\/\/kzprofesional.com\/producto\/maquina-hi-viz-trimmer-wahl\/","name":"Hi-Viz\u2122 Trimmer-Maschine - WAHL - KZ Profesional","isPartOf":{"@id":"https:\/\/kzprofesional.com\/#website"},"primaryImageOfPage":{"@id":"https:\/\/kzprofesional.com\/producto\/maquina-hi-viz-trimmer-wahl\/#primaryimage"},"image":{"@id":"https:\/\/kzprofesional.com\/producto\/maquina-hi-viz-trimmer-wahl\/#primaryimage"},"thumbnailUrl":"https:\/\/kzprofesional.com\/wp-content\/uploads\/hi-viz.png","datePublished":"2026-04-24T09:21:07+00:00","dateModified":"2026-04-27T06:02:06+00:00","description":"Entwickelt f\u00fcr Barbiere und Stylisten, die Pr\u00e4zision leben: Der Wahl 5 Star Trimmer bietet unvergleichliche Sichtbarkeit, Kontrolle und Leistung.","breadcrumb":{"@id":"https:\/\/kzprofesional.com\/producto\/maquina-hi-viz-trimmer-wahl\/#breadcrumb"},"inLanguage":"de","potentialAction":[{"@type":"ReadAction","target":["https:\/\/kzprofesional.com\/producto\/maquina-hi-viz-trimmer-wahl\/"]}]},{"@type":"ImageObject","inLanguage":"de","@id":"https:\/\/kzprofesional.com\/producto\/maquina-hi-viz-trimmer-wahl\/#primaryimage","url":"https:\/\/kzprofesional.com\/wp-content\/uploads\/hi-viz.png","contentUrl":"https:\/\/kzprofesional.com\/wp-content\/uploads\/hi-viz.png","width":744,"height":746},{"@type":"BreadcrumbList","@id":"https:\/\/kzprofesional.com\/producto\/maquina-hi-viz-trimmer-wahl\/#breadcrumb","itemListElement":[{"@type":"ListItem","position":1,"name":"Portada","item":"https:\/\/kzprofesional.com\/"},{"@type":"ListItem","position":2,"name":"Shop","item":"https:\/\/kzprofesional.com\/de\/shop\/"},{"@type":"ListItem","position":3,"name":"Hi-Viz\u2122 Trimmer-Maschine &#8211; WAHL"}]},{"@type":"WebSite","@id":"https:\/\/kzprofesional.com\/#website","url":"https:\/\/kzprofesional.com\/","name":"KZ Profesional","description":"","publisher":{"@id":"https:\/\/kzprofesional.com\/#organization"},"potentialAction":[{"@type":"SearchAction","target":{"@type":"EntryPoint","urlTemplate":"https:\/\/kzprofesional.com\/?s={search_term_string}"},"query-input":{"@type":"PropertyValueSpecification","valueRequired":true,"valueName":"search_term_string"}}],"inLanguage":"de"},{"@type":"Organization","@id":"https:\/\/kzprofesional.com\/#organization","name":"Imperio Barber Shop","url":"https:\/\/kzprofesional.com\/","logo":{"@type":"ImageObject","inLanguage":"de","@id":"https:\/\/kzprofesional.com\/#\/schema\/logo\/image\/","url":"https:\/\/kzprofesional.com\/wp-content\/uploads\/2021\/09\/Logo-Imperio-Barber-Shop.png","contentUrl":"https:\/\/kzprofesional.com\/wp-content\/uploads\/2021\/09\/Logo-Imperio-Barber-Shop.png","width":128,"height":128,"caption":"Imperio Barber Shop"},"image":{"@id":"https:\/\/kzprofesional.com\/#\/schema\/logo\/image\/"}}]}},"_links":{"self":[{"href":"https:\/\/kzprofesional.com\/de\/wp-json\/wp\/v2\/product\/79745","targetHints":{"allow":["GET"]}}],"collection":[{"href":"https:\/\/kzprofesional.com\/de\/wp-json\/wp\/v2\/product"}],"about":[{"href":"https:\/\/kzprofesional.com\/de\/wp-json\/wp\/v2\/types\/product"}],"wp:featuredmedia":[{"embeddable":true,"href":"https:\/\/kzprofesional.com\/de\/wp-json\/wp\/v2\/media\/79746"}],"wp:attachment":[{"href":"https:\/\/kzprofesional.com\/de\/wp-json\/wp\/v2\/media?parent=79745"}],"wp:term":[{"taxonomy":"product_brand","embeddable":true,"href":"https:\/\/kzprofesional.com\/de\/wp-json\/wp\/v2\/product_brand?post=79745"},{"taxonomy":"product_cat","embeddable":true,"href":"https:\/\/kzprofesional.com\/de\/wp-json\/wp\/v2\/product_cat?post=79745"},{"taxonomy":"product_tag","embeddable":true,"href":"https:\/\/kzprofesional.com\/de\/wp-json\/wp\/v2\/product_tag?post=79745"}],"curies":[{"name":"wp","href":"https:\/\/api.w.org\/{rel}","templated":true}]}}