

{"id":79758,"date":"2026-04-23T16:18:44","date_gmt":"2026-04-23T14:18:44","guid":{"rendered":"https:\/\/kzprofesional.com\/automatischer-haarstaubsauger-eurostil\/"},"modified":"2026-04-27T08:02:10","modified_gmt":"2026-04-27T06:02:10","slug":"automatischer-haarstaubsauger-eurostil","status":"publish","type":"product","link":"https:\/\/kzprofesional.com\/de\/produkt\/automatischer-haarstaubsauger-eurostil\/","title":{"rendered":"Automatischer Haarstaubsauger &#8211; EUROSTIL"},"content":{"rendered":"<p><em><strong>Automatischer Haarstaubsauger f\u00fcr Friseursalons.<\/strong><\/em><\/p>\n<p>Profitieren Sie von diesem <em><strong>zeitlich begrenzten Angebot<\/strong><\/em>: Ihr <em><strong>Friseursalon-Staubsauger<\/strong><\/em><strong><em> <\/em><\/strong>zum besten <em><strong>Preis<\/strong><\/em>!<\/p>\n<p>Warum den <em><strong>Friseursalon-Staubsauger<\/strong><\/em> <strong>kaufen<\/strong>:<\/p>\n<p>Sie halten Ihren Friseursalon m\u00fchelos sauber, da er automatisch arbeitet, wenn er Schmutz an der Basis erkennt.<\/p>\n<p>Haarstaubsauger mit modernster Technologie. Im manuellen Modus fegen Sie die Verschmutzungen zur \u00d6ffnung an der Ger\u00e4tebasis, dr\u00fccken die manuelle Aktivierungstaste und lassen HAIR VACUUM die Verschmutzungen durch die \u00d6ffnung einsaugen und im Beh\u00e4lter sammeln.<\/p>\n<p>1. Der MANUELLE Modus dauert 5 Sekunden. Je nach Schmutzmenge kann es notwendig sein, die manuelle Aktivierungstaste mehr als einmal zu dr\u00fccken.<\/p>\n<p>2. Wenn der Drehregler auf AUTO gestellt wird, fegen Sie die Verschmutzungen zur \u00d6ffnung an der Ger\u00e4tebasis; die Sensoren erkennen die Verschmutzungen und starten automatisch einen Saugzyklus, der endet, sobald die Sensoren keine Verschmutzungen mehr erkennen.<\/p>\n<p>\u2013 Modelo: VA001A-BK<br \/>\n\u2013 Nennspannung: 220-240V~<br \/>\n\u2013 Frecuencia: 50\/60Hz<br \/>\n\u2013 Nennleistung: 1400 W<br \/>\n\u2013 Gr\u00f6\u00dfe: (largo x ancho x alto): 33 cm largo x 21 ancho x 56,4 cm alto<br \/>\n\u2013 Nettogewicht: Ca. 5.1Kg<br \/>\n\u2013 Betriebsger\u00e4usch: \u226583db 1.5m<br \/>\n\u2013 Automatischer Arbeitsmodus: Infrarotstrahlungseingabe<br \/>\n\u2013 Saugkraft (Zugkraft): \u22652.8 Kg<br \/>\n\u2013 Kapazit\u00e4t des Abfallbeh\u00e4lters: 2.7L MAX<br \/>\n\u2013 Sichtbare L\u00e4nge des Netzkabels: 2m<\/p>\n","protected":false},"excerpt":{"rendered":"<p>1 Jahr Garantie f\u00fcr Profis und Unternehmen. 3 Jahre f\u00fcr private Verbraucher.<\/p>\n","protected":false},"featured_media":79759,"template":"","meta":{"_acf_changed":false,"_jet_sm_ready_style":"","_jet_sm_style":"","_jet_sm_controls_values":"","_jet_sm_fonts_collection":"","_jet_sm_fonts_links":""},"product_brand":[],"product_cat":[837],"product_tag":[],"class_list":{"0":"post-79758","1":"product","2":"type-product","3":"status-publish","4":"has-post-thumbnail","6":"product_cat-elektrogerate","7":"sales-flash-overlay","8":"woocommerce-text-align-center","9":"woocommerce-image-align-center","10":"do-quantity-buttons","12":"first","13":"instock","14":"virtual","15":"taxable","16":"purchasable","17":"product-type-simple"},"bundled_by":[],"bundle_stock_status":"instock","bundle_stock_quantity":null,"bundle_virtual":false,"bundle_layout":"","bundle_add_to_cart_form_location":"","bundle_editable_in_cart":false,"bundle_sold_individually_context":"","bundle_item_grouping":"","bundle_min_size":"","bundle_max_size":"","bundle_price":[],"bundled_items":[],"bundle_sell_ids":[],"acf":[],"yoast_head":"<!-- This site is optimized with the Yoast SEO Premium plugin v25.9 (Yoast SEO v27.4) - https:\/\/yoast.com\/product\/yoast-seo-premium-wordpress\/ -->\n<title>Automatischer Haarstaubsauger - EUROSTIL - KZ Profesional<\/title>\n<meta name=\"description\" content=\"Haarstaubsauger mit modernster Technologie. Im manuellen Modus fegen Sie die Verschmutzungen zur \u00d6ffnung an der Ger\u00e4tebasis, dr\u00fccken die manuelle Aktivierungstaste und lassen HAIR VACUUM die Verschmutzungen durch die \u00d6ffnung einsaugen und im Beh\u00e4lter sammeln.\" \/>\n<meta name=\"robots\" content=\"index, follow, max-snippet:-1, max-image-preview:large, max-video-preview:-1\" \/>\n<link rel=\"canonical\" href=\"https:\/\/kzprofesional.com\/producto\/aspirador-de-pelo-automatico-eurostil\/\" \/>\n<meta property=\"og:locale\" content=\"de_DE\" \/>\n<meta property=\"og:type\" content=\"article\" \/>\n<meta property=\"og:title\" content=\"Automatischer Haarstaubsauger - EUROSTIL\" \/>\n<meta property=\"og:description\" content=\"Haarstaubsauger mit modernster Technologie. Im manuellen Modus fegen Sie die Verschmutzungen zur \u00d6ffnung an der Ger\u00e4tebasis, dr\u00fccken die manuelle Aktivierungstaste und lassen HAIR VACUUM die Verschmutzungen durch die \u00d6ffnung einsaugen und im Beh\u00e4lter sammeln.\" \/>\n<meta property=\"og:url\" content=\"https:\/\/kzprofesional.com\/producto\/aspirador-de-pelo-automatico-eurostil\/\" \/>\n<meta property=\"og:site_name\" content=\"KZ Profesional\" \/>\n<meta property=\"article:modified_time\" content=\"2026-04-27T06:02:10+00:00\" \/>\n<meta property=\"og:image\" content=\"https:\/\/kzprofesional.com\/wp-content\/uploads\/Captura-de-pantalla-2026-04-23-161710.png\" \/>\n\t<meta property=\"og:image:width\" content=\"692\" \/>\n\t<meta property=\"og:image:height\" content=\"693\" \/>\n\t<meta property=\"og:image:type\" content=\"image\/png\" \/>\n<meta name=\"twitter:card\" content=\"summary_large_image\" \/>\n<script type=\"application\/ld+json\" class=\"yoast-schema-graph\">{\"@context\":\"https:\\\/\\\/schema.org\",\"@graph\":[{\"@type\":\"WebPage\",\"@id\":\"https:\\\/\\\/kzprofesional.com\\\/producto\\\/aspirador-de-pelo-automatico-eurostil\\\/\",\"url\":\"https:\\\/\\\/kzprofesional.com\\\/producto\\\/aspirador-de-pelo-automatico-eurostil\\\/\",\"name\":\"Automatischer Haarstaubsauger - EUROSTIL - KZ Profesional\",\"isPartOf\":{\"@id\":\"https:\\\/\\\/kzprofesional.com\\\/#website\"},\"primaryImageOfPage\":{\"@id\":\"https:\\\/\\\/kzprofesional.com\\\/producto\\\/aspirador-de-pelo-automatico-eurostil\\\/#primaryimage\"},\"image\":{\"@id\":\"https:\\\/\\\/kzprofesional.com\\\/producto\\\/aspirador-de-pelo-automatico-eurostil\\\/#primaryimage\"},\"thumbnailUrl\":\"https:\\\/\\\/kzprofesional.com\\\/wp-content\\\/uploads\\\/Captura-de-pantalla-2026-04-23-161710.png\",\"datePublished\":\"2026-04-23T14:18:44+00:00\",\"dateModified\":\"2026-04-27T06:02:10+00:00\",\"description\":\"Haarstaubsauger mit modernster Technologie. Im manuellen Modus fegen Sie die Verschmutzungen zur \u00d6ffnung an der Ger\u00e4tebasis, dr\u00fccken die manuelle Aktivierungstaste und lassen HAIR VACUUM die Verschmutzungen durch die \u00d6ffnung einsaugen und im Beh\u00e4lter sammeln.\",\"breadcrumb\":{\"@id\":\"https:\\\/\\\/kzprofesional.com\\\/producto\\\/aspirador-de-pelo-automatico-eurostil\\\/#breadcrumb\"},\"inLanguage\":\"de\",\"potentialAction\":[{\"@type\":\"ReadAction\",\"target\":[\"https:\\\/\\\/kzprofesional.com\\\/producto\\\/aspirador-de-pelo-automatico-eurostil\\\/\"]}]},{\"@type\":\"ImageObject\",\"inLanguage\":\"de\",\"@id\":\"https:\\\/\\\/kzprofesional.com\\\/producto\\\/aspirador-de-pelo-automatico-eurostil\\\/#primaryimage\",\"url\":\"https:\\\/\\\/kzprofesional.com\\\/wp-content\\\/uploads\\\/Captura-de-pantalla-2026-04-23-161710.png\",\"contentUrl\":\"https:\\\/\\\/kzprofesional.com\\\/wp-content\\\/uploads\\\/Captura-de-pantalla-2026-04-23-161710.png\",\"width\":692,\"height\":693},{\"@type\":\"BreadcrumbList\",\"@id\":\"https:\\\/\\\/kzprofesional.com\\\/producto\\\/aspirador-de-pelo-automatico-eurostil\\\/#breadcrumb\",\"itemListElement\":[{\"@type\":\"ListItem\",\"position\":1,\"name\":\"Portada\",\"item\":\"https:\\\/\\\/kzprofesional.com\\\/\"},{\"@type\":\"ListItem\",\"position\":2,\"name\":\"Shop\",\"item\":\"https:\\\/\\\/kzprofesional.com\\\/de\\\/shop\\\/\"},{\"@type\":\"ListItem\",\"position\":3,\"name\":\"Automatischer Haarstaubsauger &#8211; EUROSTIL\"}]},{\"@type\":\"WebSite\",\"@id\":\"https:\\\/\\\/kzprofesional.com\\\/#website\",\"url\":\"https:\\\/\\\/kzprofesional.com\\\/\",\"name\":\"KZ Profesional\",\"description\":\"\",\"publisher\":{\"@id\":\"https:\\\/\\\/kzprofesional.com\\\/#organization\"},\"potentialAction\":[{\"@type\":\"SearchAction\",\"target\":{\"@type\":\"EntryPoint\",\"urlTemplate\":\"https:\\\/\\\/kzprofesional.com\\\/?s={search_term_string}\"},\"query-input\":{\"@type\":\"PropertyValueSpecification\",\"valueRequired\":true,\"valueName\":\"search_term_string\"}}],\"inLanguage\":\"de\"},{\"@type\":\"Organization\",\"@id\":\"https:\\\/\\\/kzprofesional.com\\\/#organization\",\"name\":\"Imperio Barber Shop\",\"url\":\"https:\\\/\\\/kzprofesional.com\\\/\",\"logo\":{\"@type\":\"ImageObject\",\"inLanguage\":\"de\",\"@id\":\"https:\\\/\\\/kzprofesional.com\\\/#\\\/schema\\\/logo\\\/image\\\/\",\"url\":\"https:\\\/\\\/kzprofesional.com\\\/wp-content\\\/uploads\\\/2021\\\/09\\\/Logo-Imperio-Barber-Shop.png\",\"contentUrl\":\"https:\\\/\\\/kzprofesional.com\\\/wp-content\\\/uploads\\\/2021\\\/09\\\/Logo-Imperio-Barber-Shop.png\",\"width\":128,\"height\":128,\"caption\":\"Imperio Barber Shop\"},\"image\":{\"@id\":\"https:\\\/\\\/kzprofesional.com\\\/#\\\/schema\\\/logo\\\/image\\\/\"}}]}<\/script>\n<!-- \/ Yoast SEO Premium plugin. -->","yoast_head_json":{"title":"Automatischer Haarstaubsauger - EUROSTIL - KZ Profesional","description":"Haarstaubsauger mit modernster Technologie. Im manuellen Modus fegen Sie die Verschmutzungen zur \u00d6ffnung an der Ger\u00e4tebasis, dr\u00fccken die manuelle Aktivierungstaste und lassen HAIR VACUUM die Verschmutzungen durch die \u00d6ffnung einsaugen und im Beh\u00e4lter sammeln.","robots":{"index":"index","follow":"follow","max-snippet":"max-snippet:-1","max-image-preview":"max-image-preview:large","max-video-preview":"max-video-preview:-1"},"canonical":"https:\/\/kzprofesional.com\/producto\/aspirador-de-pelo-automatico-eurostil\/","og_locale":"de_DE","og_type":"article","og_title":"Automatischer Haarstaubsauger - EUROSTIL","og_description":"Haarstaubsauger mit modernster Technologie. Im manuellen Modus fegen Sie die Verschmutzungen zur \u00d6ffnung an der Ger\u00e4tebasis, dr\u00fccken die manuelle Aktivierungstaste und lassen HAIR VACUUM die Verschmutzungen durch die \u00d6ffnung einsaugen und im Beh\u00e4lter sammeln.","og_url":"https:\/\/kzprofesional.com\/producto\/aspirador-de-pelo-automatico-eurostil\/","og_site_name":"KZ Profesional","article_modified_time":"2026-04-27T06:02:10+00:00","og_image":[{"width":692,"height":693,"url":"https:\/\/kzprofesional.com\/wp-content\/uploads\/Captura-de-pantalla-2026-04-23-161710.png","type":"image\/png"}],"twitter_card":"summary_large_image","schema":{"@context":"https:\/\/schema.org","@graph":[{"@type":"WebPage","@id":"https:\/\/kzprofesional.com\/producto\/aspirador-de-pelo-automatico-eurostil\/","url":"https:\/\/kzprofesional.com\/producto\/aspirador-de-pelo-automatico-eurostil\/","name":"Automatischer Haarstaubsauger - EUROSTIL - KZ Profesional","isPartOf":{"@id":"https:\/\/kzprofesional.com\/#website"},"primaryImageOfPage":{"@id":"https:\/\/kzprofesional.com\/producto\/aspirador-de-pelo-automatico-eurostil\/#primaryimage"},"image":{"@id":"https:\/\/kzprofesional.com\/producto\/aspirador-de-pelo-automatico-eurostil\/#primaryimage"},"thumbnailUrl":"https:\/\/kzprofesional.com\/wp-content\/uploads\/Captura-de-pantalla-2026-04-23-161710.png","datePublished":"2026-04-23T14:18:44+00:00","dateModified":"2026-04-27T06:02:10+00:00","description":"Haarstaubsauger mit modernster Technologie. Im manuellen Modus fegen Sie die Verschmutzungen zur \u00d6ffnung an der Ger\u00e4tebasis, dr\u00fccken die manuelle Aktivierungstaste und lassen HAIR VACUUM die Verschmutzungen durch die \u00d6ffnung einsaugen und im Beh\u00e4lter sammeln.","breadcrumb":{"@id":"https:\/\/kzprofesional.com\/producto\/aspirador-de-pelo-automatico-eurostil\/#breadcrumb"},"inLanguage":"de","potentialAction":[{"@type":"ReadAction","target":["https:\/\/kzprofesional.com\/producto\/aspirador-de-pelo-automatico-eurostil\/"]}]},{"@type":"ImageObject","inLanguage":"de","@id":"https:\/\/kzprofesional.com\/producto\/aspirador-de-pelo-automatico-eurostil\/#primaryimage","url":"https:\/\/kzprofesional.com\/wp-content\/uploads\/Captura-de-pantalla-2026-04-23-161710.png","contentUrl":"https:\/\/kzprofesional.com\/wp-content\/uploads\/Captura-de-pantalla-2026-04-23-161710.png","width":692,"height":693},{"@type":"BreadcrumbList","@id":"https:\/\/kzprofesional.com\/producto\/aspirador-de-pelo-automatico-eurostil\/#breadcrumb","itemListElement":[{"@type":"ListItem","position":1,"name":"Portada","item":"https:\/\/kzprofesional.com\/"},{"@type":"ListItem","position":2,"name":"Shop","item":"https:\/\/kzprofesional.com\/de\/shop\/"},{"@type":"ListItem","position":3,"name":"Automatischer Haarstaubsauger &#8211; EUROSTIL"}]},{"@type":"WebSite","@id":"https:\/\/kzprofesional.com\/#website","url":"https:\/\/kzprofesional.com\/","name":"KZ Profesional","description":"","publisher":{"@id":"https:\/\/kzprofesional.com\/#organization"},"potentialAction":[{"@type":"SearchAction","target":{"@type":"EntryPoint","urlTemplate":"https:\/\/kzprofesional.com\/?s={search_term_string}"},"query-input":{"@type":"PropertyValueSpecification","valueRequired":true,"valueName":"search_term_string"}}],"inLanguage":"de"},{"@type":"Organization","@id":"https:\/\/kzprofesional.com\/#organization","name":"Imperio Barber Shop","url":"https:\/\/kzprofesional.com\/","logo":{"@type":"ImageObject","inLanguage":"de","@id":"https:\/\/kzprofesional.com\/#\/schema\/logo\/image\/","url":"https:\/\/kzprofesional.com\/wp-content\/uploads\/2021\/09\/Logo-Imperio-Barber-Shop.png","contentUrl":"https:\/\/kzprofesional.com\/wp-content\/uploads\/2021\/09\/Logo-Imperio-Barber-Shop.png","width":128,"height":128,"caption":"Imperio Barber Shop"},"image":{"@id":"https:\/\/kzprofesional.com\/#\/schema\/logo\/image\/"}}]}},"_links":{"self":[{"href":"https:\/\/kzprofesional.com\/de\/wp-json\/wp\/v2\/product\/79758","targetHints":{"allow":["GET"]}}],"collection":[{"href":"https:\/\/kzprofesional.com\/de\/wp-json\/wp\/v2\/product"}],"about":[{"href":"https:\/\/kzprofesional.com\/de\/wp-json\/wp\/v2\/types\/product"}],"wp:featuredmedia":[{"embeddable":true,"href":"https:\/\/kzprofesional.com\/de\/wp-json\/wp\/v2\/media\/79759"}],"wp:attachment":[{"href":"https:\/\/kzprofesional.com\/de\/wp-json\/wp\/v2\/media?parent=79758"}],"wp:term":[{"taxonomy":"product_brand","embeddable":true,"href":"https:\/\/kzprofesional.com\/de\/wp-json\/wp\/v2\/product_brand?post=79758"},{"taxonomy":"product_cat","embeddable":true,"href":"https:\/\/kzprofesional.com\/de\/wp-json\/wp\/v2\/product_cat?post=79758"},{"taxonomy":"product_tag","embeddable":true,"href":"https:\/\/kzprofesional.com\/de\/wp-json\/wp\/v2\/product_tag?post=79758"}],"curies":[{"name":"wp","href":"https:\/\/api.w.org\/{rel}","templated":true}]}}