

{"id":79806,"date":"2026-04-23T13:15:28","date_gmt":"2026-04-23T11:15:28","guid":{"rendered":"https:\/\/kzprofesional.com\/bright-colour-farbmaske-tassel\/"},"modified":"2026-04-27T08:02:15","modified_gmt":"2026-04-27T06:02:15","slug":"bright-colour-farbmaske-tassel","status":"publish","type":"product","link":"https:\/\/kzprofesional.com\/de\/produkt\/bright-colour-farbmaske-tassel\/","title":{"rendered":"Bright Colour Farbmaske &#8211; TASSEL"},"content":{"rendered":"<p><strong>Eine perfekte Maske, um die Intensit\u00e4t Ihrer Farbe zu erhalten!<\/strong><\/p>\n<p>Tassel erfindet Masken neu und bietet pflegende und reparierende Masken f\u00fcr Farbe. Die Colour Mask Bright Maske sorgt f\u00fcr intensive, lebendige und langanhaltende Farbe, die sich mit den Haarw\u00e4schen ausw\u00e4scht. Sie frischt den Ton auf und intensiviert ihn. Sie ist reich an Omega-6- und Omega-9-Fetts\u00e4uren, Phytosterolen, Vitamin E sowie Oliven- und Jojoba\u00f6l.<\/p>\n<p><strong>Eigenschaften:<\/strong><br \/>\n-Menge: 200 ml<br \/>\n-Pflegt und repariert<br \/>\n-Farbmaske<br \/>\n-F\u00fcr coloriertes Haar<br \/>\n-Vitamina E<br \/>\n-Aceite de oliva y jojoba<\/p>\n<p><strong>Anwendung:<\/strong><\/p>\n<p>1. Auf gewaschenes und handtuchtrockenes Haar Str\u00e4hne f\u00fcr Str\u00e4hne mit einem F\u00e4rbepinsel oder mit den H\u00e4nden wie eine normale Maske auftragen.<br \/>\n2. Mindestens 5 Minuten einwirken lassen. F\u00fcr mehr Farbintensit\u00e4t l\u00e4nger einwirken lassen. Ohne Zeitbegrenzung.<br \/>\n3. Mit reichlich lauwarmem Wasser aussp\u00fclen.<\/p>\n<p><strong>Tipps<\/strong>:<\/p>\n<p>&#8211; Nach dem Aussp\u00fclen des Produkts kein Shampoo anwenden.<br \/>\n&#8211; Zwischen den Anwendungen ist keine Wartezeit erforderlich.<\/p>\n","protected":false},"excerpt":{"rendered":"<p>Eine perfekte Maske, um die Intensit\u00e4t Ihrer Farbe zu erhalten! Tassel erfindet Masken neu und bietet pflegende und reparierende Masken f\u00fcr Farbe. Die Colour Mask Bright Maske sorgt f\u00fcr intensive, lebendige und langanhaltende Farbe, die sich mit den Haarw\u00e4schen ausw\u00e4scht. Sie frischt den Ton auf und intensiviert ihn. Sie ist reich an Omega-6- und Omega-9-Fetts\u00e4uren, &#8230; <a title=\"Bright Colour Farbmaske &#8211; TASSEL\" class=\"read-more\" href=\"https:\/\/kzprofesional.com\/de\/produkt\/bright-colour-farbmaske-tassel\/\" aria-label=\"Mehr Informationen \u00fcber Bright Colour Farbmaske &#8211; TASSEL\">Weiterlesen &#8230;<\/a><\/p>\n","protected":false},"featured_media":79807,"template":"","meta":{"_acf_changed":false,"_jet_sm_ready_style":"","_jet_sm_style":"","_jet_sm_controls_values":"","_jet_sm_fonts_collection":"","_jet_sm_fonts_links":""},"product_brand":[],"product_cat":[893],"product_tag":[],"class_list":{"0":"post-79806","1":"product","2":"type-product","3":"status-publish","4":"has-post-thumbnail","6":"product_cat-farbmasken","7":"sales-flash-overlay","8":"woocommerce-text-align-center","9":"woocommerce-image-align-center","10":"do-quantity-buttons","12":"first","13":"instock","14":"taxable","15":"shipping-taxable","16":"purchasable","17":"product-type-variable","18":"wvs-archive-product-wrapper"},"bundled_by":[],"bundle_stock_status":"instock","bundle_stock_quantity":null,"bundle_virtual":false,"bundle_layout":"","bundle_add_to_cart_form_location":"","bundle_editable_in_cart":false,"bundle_sold_individually_context":"","bundle_item_grouping":"","bundle_min_size":"","bundle_max_size":"","bundle_price":[],"bundled_items":[],"bundle_sell_ids":[],"acf":[],"yoast_head":"<!-- This site is optimized with the Yoast SEO Premium plugin v25.9 (Yoast SEO v27.4) - https:\/\/yoast.com\/product\/yoast-seo-premium-wordpress\/ -->\n<title>Bright Colour Farbmaske - TASSEL - KZ Profesional<\/title>\n<meta name=\"description\" content=\"Tassel erfindet Masken neu und bietet pflegende und reparierende Masken f\u00fcr Farbe. Die Colour Mask Bright Maske sorgt f\u00fcr intensive, lebendige und langanhaltende Farbe, die sich mit den Haarw\u00e4schen ausw\u00e4scht.\" \/>\n<meta name=\"robots\" content=\"index, follow, max-snippet:-1, max-image-preview:large, max-video-preview:-1\" \/>\n<link rel=\"canonical\" href=\"https:\/\/kzprofesional.com\/producto\/mascarilla-de-color-bright-colour-tassel\/\" \/>\n<meta property=\"og:locale\" content=\"de_DE\" \/>\n<meta property=\"og:type\" content=\"article\" \/>\n<meta property=\"og:title\" content=\"Bright Colour Farbmaske - TASSEL\" \/>\n<meta property=\"og:description\" content=\"Tassel erfindet Masken neu und bietet pflegende und reparierende Masken f\u00fcr Farbe. Die Colour Mask Bright Maske sorgt f\u00fcr intensive, lebendige und langanhaltende Farbe, die sich mit den Haarw\u00e4schen ausw\u00e4scht.\" \/>\n<meta property=\"og:url\" content=\"https:\/\/kzprofesional.com\/producto\/mascarilla-de-color-bright-colour-tassel\/\" \/>\n<meta property=\"og:site_name\" content=\"KZ Profesional\" \/>\n<meta property=\"article:modified_time\" content=\"2026-04-27T06:02:15+00:00\" \/>\n<meta property=\"og:image\" content=\"https:\/\/kzprofesional.com\/wp-content\/uploads\/Captura-de-pantalla-2026-04-23-092418.png\" \/>\n\t<meta property=\"og:image:width\" content=\"669\" \/>\n\t<meta property=\"og:image:height\" content=\"670\" \/>\n\t<meta property=\"og:image:type\" content=\"image\/png\" \/>\n<meta name=\"twitter:card\" content=\"summary_large_image\" \/>\n<script type=\"application\/ld+json\" class=\"yoast-schema-graph\">{\"@context\":\"https:\\\/\\\/schema.org\",\"@graph\":[{\"@type\":\"WebPage\",\"@id\":\"https:\\\/\\\/kzprofesional.com\\\/producto\\\/mascarilla-de-color-bright-colour-tassel\\\/\",\"url\":\"https:\\\/\\\/kzprofesional.com\\\/producto\\\/mascarilla-de-color-bright-colour-tassel\\\/\",\"name\":\"Bright Colour Farbmaske - TASSEL - KZ Profesional\",\"isPartOf\":{\"@id\":\"https:\\\/\\\/kzprofesional.com\\\/#website\"},\"primaryImageOfPage\":{\"@id\":\"https:\\\/\\\/kzprofesional.com\\\/producto\\\/mascarilla-de-color-bright-colour-tassel\\\/#primaryimage\"},\"image\":{\"@id\":\"https:\\\/\\\/kzprofesional.com\\\/producto\\\/mascarilla-de-color-bright-colour-tassel\\\/#primaryimage\"},\"thumbnailUrl\":\"https:\\\/\\\/kzprofesional.com\\\/wp-content\\\/uploads\\\/Captura-de-pantalla-2026-04-23-092418.png\",\"datePublished\":\"2026-04-23T11:15:28+00:00\",\"dateModified\":\"2026-04-27T06:02:15+00:00\",\"description\":\"Tassel erfindet Masken neu und bietet pflegende und reparierende Masken f\u00fcr Farbe. Die Colour Mask Bright Maske sorgt f\u00fcr intensive, lebendige und langanhaltende Farbe, die sich mit den Haarw\u00e4schen ausw\u00e4scht.\",\"breadcrumb\":{\"@id\":\"https:\\\/\\\/kzprofesional.com\\\/producto\\\/mascarilla-de-color-bright-colour-tassel\\\/#breadcrumb\"},\"inLanguage\":\"de\",\"potentialAction\":[{\"@type\":\"ReadAction\",\"target\":[\"https:\\\/\\\/kzprofesional.com\\\/producto\\\/mascarilla-de-color-bright-colour-tassel\\\/\"]}]},{\"@type\":\"ImageObject\",\"inLanguage\":\"de\",\"@id\":\"https:\\\/\\\/kzprofesional.com\\\/producto\\\/mascarilla-de-color-bright-colour-tassel\\\/#primaryimage\",\"url\":\"https:\\\/\\\/kzprofesional.com\\\/wp-content\\\/uploads\\\/Captura-de-pantalla-2026-04-23-092418.png\",\"contentUrl\":\"https:\\\/\\\/kzprofesional.com\\\/wp-content\\\/uploads\\\/Captura-de-pantalla-2026-04-23-092418.png\",\"width\":669,\"height\":670},{\"@type\":\"BreadcrumbList\",\"@id\":\"https:\\\/\\\/kzprofesional.com\\\/producto\\\/mascarilla-de-color-bright-colour-tassel\\\/#breadcrumb\",\"itemListElement\":[{\"@type\":\"ListItem\",\"position\":1,\"name\":\"Portada\",\"item\":\"https:\\\/\\\/kzprofesional.com\\\/\"},{\"@type\":\"ListItem\",\"position\":2,\"name\":\"Shop\",\"item\":\"https:\\\/\\\/kzprofesional.com\\\/de\\\/shop\\\/\"},{\"@type\":\"ListItem\",\"position\":3,\"name\":\"Bright Colour Farbmaske &#8211; TASSEL\"}]},{\"@type\":\"WebSite\",\"@id\":\"https:\\\/\\\/kzprofesional.com\\\/#website\",\"url\":\"https:\\\/\\\/kzprofesional.com\\\/\",\"name\":\"KZ Profesional\",\"description\":\"\",\"publisher\":{\"@id\":\"https:\\\/\\\/kzprofesional.com\\\/#organization\"},\"potentialAction\":[{\"@type\":\"SearchAction\",\"target\":{\"@type\":\"EntryPoint\",\"urlTemplate\":\"https:\\\/\\\/kzprofesional.com\\\/?s={search_term_string}\"},\"query-input\":{\"@type\":\"PropertyValueSpecification\",\"valueRequired\":true,\"valueName\":\"search_term_string\"}}],\"inLanguage\":\"de\"},{\"@type\":\"Organization\",\"@id\":\"https:\\\/\\\/kzprofesional.com\\\/#organization\",\"name\":\"Imperio Barber Shop\",\"url\":\"https:\\\/\\\/kzprofesional.com\\\/\",\"logo\":{\"@type\":\"ImageObject\",\"inLanguage\":\"de\",\"@id\":\"https:\\\/\\\/kzprofesional.com\\\/#\\\/schema\\\/logo\\\/image\\\/\",\"url\":\"https:\\\/\\\/kzprofesional.com\\\/wp-content\\\/uploads\\\/2021\\\/09\\\/Logo-Imperio-Barber-Shop.png\",\"contentUrl\":\"https:\\\/\\\/kzprofesional.com\\\/wp-content\\\/uploads\\\/2021\\\/09\\\/Logo-Imperio-Barber-Shop.png\",\"width\":128,\"height\":128,\"caption\":\"Imperio Barber Shop\"},\"image\":{\"@id\":\"https:\\\/\\\/kzprofesional.com\\\/#\\\/schema\\\/logo\\\/image\\\/\"}}]}<\/script>\n<!-- \/ Yoast SEO Premium plugin. -->","yoast_head_json":{"title":"Bright Colour Farbmaske - TASSEL - KZ Profesional","description":"Tassel erfindet Masken neu und bietet pflegende und reparierende Masken f\u00fcr Farbe. Die Colour Mask Bright Maske sorgt f\u00fcr intensive, lebendige und langanhaltende Farbe, die sich mit den Haarw\u00e4schen ausw\u00e4scht.","robots":{"index":"index","follow":"follow","max-snippet":"max-snippet:-1","max-image-preview":"max-image-preview:large","max-video-preview":"max-video-preview:-1"},"canonical":"https:\/\/kzprofesional.com\/producto\/mascarilla-de-color-bright-colour-tassel\/","og_locale":"de_DE","og_type":"article","og_title":"Bright Colour Farbmaske - TASSEL","og_description":"Tassel erfindet Masken neu und bietet pflegende und reparierende Masken f\u00fcr Farbe. Die Colour Mask Bright Maske sorgt f\u00fcr intensive, lebendige und langanhaltende Farbe, die sich mit den Haarw\u00e4schen ausw\u00e4scht.","og_url":"https:\/\/kzprofesional.com\/producto\/mascarilla-de-color-bright-colour-tassel\/","og_site_name":"KZ Profesional","article_modified_time":"2026-04-27T06:02:15+00:00","og_image":[{"width":669,"height":670,"url":"https:\/\/kzprofesional.com\/wp-content\/uploads\/Captura-de-pantalla-2026-04-23-092418.png","type":"image\/png"}],"twitter_card":"summary_large_image","schema":{"@context":"https:\/\/schema.org","@graph":[{"@type":"WebPage","@id":"https:\/\/kzprofesional.com\/producto\/mascarilla-de-color-bright-colour-tassel\/","url":"https:\/\/kzprofesional.com\/producto\/mascarilla-de-color-bright-colour-tassel\/","name":"Bright Colour Farbmaske - TASSEL - KZ Profesional","isPartOf":{"@id":"https:\/\/kzprofesional.com\/#website"},"primaryImageOfPage":{"@id":"https:\/\/kzprofesional.com\/producto\/mascarilla-de-color-bright-colour-tassel\/#primaryimage"},"image":{"@id":"https:\/\/kzprofesional.com\/producto\/mascarilla-de-color-bright-colour-tassel\/#primaryimage"},"thumbnailUrl":"https:\/\/kzprofesional.com\/wp-content\/uploads\/Captura-de-pantalla-2026-04-23-092418.png","datePublished":"2026-04-23T11:15:28+00:00","dateModified":"2026-04-27T06:02:15+00:00","description":"Tassel erfindet Masken neu und bietet pflegende und reparierende Masken f\u00fcr Farbe. Die Colour Mask Bright Maske sorgt f\u00fcr intensive, lebendige und langanhaltende Farbe, die sich mit den Haarw\u00e4schen ausw\u00e4scht.","breadcrumb":{"@id":"https:\/\/kzprofesional.com\/producto\/mascarilla-de-color-bright-colour-tassel\/#breadcrumb"},"inLanguage":"de","potentialAction":[{"@type":"ReadAction","target":["https:\/\/kzprofesional.com\/producto\/mascarilla-de-color-bright-colour-tassel\/"]}]},{"@type":"ImageObject","inLanguage":"de","@id":"https:\/\/kzprofesional.com\/producto\/mascarilla-de-color-bright-colour-tassel\/#primaryimage","url":"https:\/\/kzprofesional.com\/wp-content\/uploads\/Captura-de-pantalla-2026-04-23-092418.png","contentUrl":"https:\/\/kzprofesional.com\/wp-content\/uploads\/Captura-de-pantalla-2026-04-23-092418.png","width":669,"height":670},{"@type":"BreadcrumbList","@id":"https:\/\/kzprofesional.com\/producto\/mascarilla-de-color-bright-colour-tassel\/#breadcrumb","itemListElement":[{"@type":"ListItem","position":1,"name":"Portada","item":"https:\/\/kzprofesional.com\/"},{"@type":"ListItem","position":2,"name":"Shop","item":"https:\/\/kzprofesional.com\/de\/shop\/"},{"@type":"ListItem","position":3,"name":"Bright Colour Farbmaske &#8211; TASSEL"}]},{"@type":"WebSite","@id":"https:\/\/kzprofesional.com\/#website","url":"https:\/\/kzprofesional.com\/","name":"KZ Profesional","description":"","publisher":{"@id":"https:\/\/kzprofesional.com\/#organization"},"potentialAction":[{"@type":"SearchAction","target":{"@type":"EntryPoint","urlTemplate":"https:\/\/kzprofesional.com\/?s={search_term_string}"},"query-input":{"@type":"PropertyValueSpecification","valueRequired":true,"valueName":"search_term_string"}}],"inLanguage":"de"},{"@type":"Organization","@id":"https:\/\/kzprofesional.com\/#organization","name":"Imperio Barber Shop","url":"https:\/\/kzprofesional.com\/","logo":{"@type":"ImageObject","inLanguage":"de","@id":"https:\/\/kzprofesional.com\/#\/schema\/logo\/image\/","url":"https:\/\/kzprofesional.com\/wp-content\/uploads\/2021\/09\/Logo-Imperio-Barber-Shop.png","contentUrl":"https:\/\/kzprofesional.com\/wp-content\/uploads\/2021\/09\/Logo-Imperio-Barber-Shop.png","width":128,"height":128,"caption":"Imperio Barber Shop"},"image":{"@id":"https:\/\/kzprofesional.com\/#\/schema\/logo\/image\/"}}]}},"_links":{"self":[{"href":"https:\/\/kzprofesional.com\/de\/wp-json\/wp\/v2\/product\/79806","targetHints":{"allow":["GET"]}}],"collection":[{"href":"https:\/\/kzprofesional.com\/de\/wp-json\/wp\/v2\/product"}],"about":[{"href":"https:\/\/kzprofesional.com\/de\/wp-json\/wp\/v2\/types\/product"}],"wp:featuredmedia":[{"embeddable":true,"href":"https:\/\/kzprofesional.com\/de\/wp-json\/wp\/v2\/media\/79807"}],"wp:attachment":[{"href":"https:\/\/kzprofesional.com\/de\/wp-json\/wp\/v2\/media?parent=79806"}],"wp:term":[{"taxonomy":"product_brand","embeddable":true,"href":"https:\/\/kzprofesional.com\/de\/wp-json\/wp\/v2\/product_brand?post=79806"},{"taxonomy":"product_cat","embeddable":true,"href":"https:\/\/kzprofesional.com\/de\/wp-json\/wp\/v2\/product_cat?post=79806"},{"taxonomy":"product_tag","embeddable":true,"href":"https:\/\/kzprofesional.com\/de\/wp-json\/wp\/v2\/product_tag?post=79806"}],"curies":[{"name":"wp","href":"https:\/\/api.w.org\/{rel}","templated":true}]}}