

{"id":80217,"date":"2026-03-27T12:06:35","date_gmt":"2026-03-27T11:06:35","guid":{"rendered":"https:\/\/kzprofesional.com\/clipper-gtx-blessed\/"},"modified":"2026-03-27T12:06:35","modified_gmt":"2026-03-27T11:06:35","slug":"clipper-gtx-blessed","status":"publish","type":"product","link":"https:\/\/kzprofesional.com\/de\/produkt\/clipper-gtx-blessed\/","title":{"rendered":"Clipper GTX &#8211; BLESSED"},"content":{"rendered":"<p><strong>Clipper GTX &#8211; BLESSED<\/strong><\/p>\n<p>M\u00e1quina de corte de High-End entwickelt para un gleichm\u00e4\u00dfige und pr\u00e4zise Leistung en jeder nat\u00fcrliche Haartyp.<\/p>\n<p>Equipada con Vektormotor de alta eficiencia y langlebiger Akku, permite funcionar mit oder ohne Kabel.<\/p>\n<p>Las Klingen est\u00e1n fabricadas en hochwertigem japanischem Stahl, garantizando Langlebigkeit, gleichm\u00e4\u00dfiger Schnitt und Pr\u00e4zision.<\/p>\n<p><strong>MERKMALE<\/strong><br \/>\nMotor vector<br \/>\n13000 RPM<br \/>\nBetrieb mit oder ohne Kabel<br \/>\nBater\u00eda li-ion 3200 mAh<br \/>\nAkkulaufzeit: 200 min<br \/>\nLadezeit: 120 min<br \/>\nGr\u00f6\u00dfe: 187 x 42 x 34 mm<br \/>\nGewicht: 300 g<\/p>\n<p><strong>KOMPONENTEN UND ZUBEH\u00d6R<\/strong><br \/>\nKlingen aus japanischem Stahl<br \/>\nFeste Klinge de 45 mm<br \/>\n6 peines (1,5 \/ 3 \/ 4,5 \/ 6 \/ 10 \/ 13 mm)<br \/>\nCepillo de limpieza, bote de Schmier\u00f6l<\/p>\n","protected":false},"excerpt":{"rendered":"<p>Personalisieren Sie Ihre Ausstattung mit unseren Ger\u00e4ten f\u00fchrender Marken der Barbier- und Friseurbranche!<br \/>\nLieferzeit zwischen 1 und 15 Tagen.<br \/>\n1 Jahr Garantie f\u00fcr Profis und Unternehmen. 3 Jahre f\u00fcr Privatkunden.<\/p>\n","protected":false},"featured_media":80218,"template":"","meta":{"_acf_changed":false,"_jet_sm_ready_style":"","_jet_sm_style":"","_jet_sm_controls_values":"","_jet_sm_fonts_collection":"","_jet_sm_fonts_links":""},"product_brand":[],"product_cat":[767,810],"product_tag":[],"class_list":{"0":"post-80217","1":"product","2":"type-product","3":"status-publish","4":"has-post-thumbnail","6":"product_cat-kabellose-clippers","7":"product_cat-neuheiten","8":"sales-flash-overlay","9":"woocommerce-text-align-center","10":"woocommerce-image-align-center","11":"do-quantity-buttons","13":"first","14":"instock","15":"taxable","16":"shipping-taxable","17":"purchasable","18":"product-type-simple"},"bundled_by":[],"bundle_stock_status":"instock","bundle_stock_quantity":8,"bundle_virtual":false,"bundle_layout":"","bundle_add_to_cart_form_location":"","bundle_editable_in_cart":false,"bundle_sold_individually_context":"","bundle_item_grouping":"","bundle_min_size":"","bundle_max_size":"","bundle_price":[],"bundled_items":[],"bundle_sell_ids":[],"acf":[],"yoast_head":"<!-- This site is optimized with the Yoast SEO Premium plugin v25.9 (Yoast SEO v27.4) - https:\/\/yoast.com\/product\/yoast-seo-premium-wordpress\/ -->\n<title>Clipper GTX - BLESSED - KZ Profesional<\/title>\n<meta name=\"description\" content=\"High-End-Schneidemaschine f\u00fcr eine gleichm\u00e4\u00dfige und pr\u00e4zise Leistung bei jedem nat\u00fcrlichen Haartyp. Ausgestattet mit hocheffizientem Vektormotor und langlebigem Akku kann sie mit oder ohne Kabel betrieben werden. Die Klingen bestehen aus hochwertigem japanischem Stahl und gew\u00e4hrleisten Langlebigkeit, gleichm\u00e4\u00dfigen Schnitt und Pr\u00e4zision.\" \/>\n<meta name=\"robots\" content=\"index, follow, max-snippet:-1, max-image-preview:large, max-video-preview:-1\" \/>\n<link rel=\"canonical\" href=\"https:\/\/kzprofesional.com\/producto\/maquina-clipper-gtx-blessed\/\" \/>\n<meta property=\"og:locale\" content=\"de_DE\" \/>\n<meta property=\"og:type\" content=\"article\" \/>\n<meta property=\"og:title\" content=\"Clipper GTX - BLESSED\" \/>\n<meta property=\"og:description\" content=\"High-End-Schneidemaschine f\u00fcr eine gleichm\u00e4\u00dfige und pr\u00e4zise Leistung bei jedem nat\u00fcrlichen Haartyp. Ausgestattet mit hocheffizientem Vektormotor und langlebigem Akku kann sie mit oder ohne Kabel betrieben werden. Die Klingen bestehen aus hochwertigem japanischem Stahl und gew\u00e4hrleisten Langlebigkeit, gleichm\u00e4\u00dfigen Schnitt und Pr\u00e4zision.\" \/>\n<meta property=\"og:url\" content=\"https:\/\/kzprofesional.com\/producto\/maquina-clipper-gtx-blessed\/\" \/>\n<meta property=\"og:site_name\" content=\"KZ Profesional\" \/>\n<meta property=\"og:image\" content=\"https:\/\/kzprofesional.com\/wp-content\/uploads\/Captura-de-pantalla-2026-03-26-174516.png\" \/>\n\t<meta property=\"og:image:width\" content=\"802\" \/>\n\t<meta property=\"og:image:height\" content=\"815\" \/>\n\t<meta property=\"og:image:type\" content=\"image\/png\" \/>\n<meta name=\"twitter:card\" content=\"summary_large_image\" \/>\n<script type=\"application\/ld+json\" class=\"yoast-schema-graph\">{\"@context\":\"https:\\\/\\\/schema.org\",\"@graph\":[{\"@type\":\"WebPage\",\"@id\":\"https:\\\/\\\/kzprofesional.com\\\/producto\\\/maquina-clipper-gtx-blessed\\\/\",\"url\":\"https:\\\/\\\/kzprofesional.com\\\/producto\\\/maquina-clipper-gtx-blessed\\\/\",\"name\":\"Clipper GTX - BLESSED - KZ Profesional\",\"isPartOf\":{\"@id\":\"https:\\\/\\\/kzprofesional.com\\\/#website\"},\"primaryImageOfPage\":{\"@id\":\"https:\\\/\\\/kzprofesional.com\\\/producto\\\/maquina-clipper-gtx-blessed\\\/#primaryimage\"},\"image\":{\"@id\":\"https:\\\/\\\/kzprofesional.com\\\/producto\\\/maquina-clipper-gtx-blessed\\\/#primaryimage\"},\"thumbnailUrl\":\"https:\\\/\\\/kzprofesional.com\\\/wp-content\\\/uploads\\\/Captura-de-pantalla-2026-03-26-174516.png\",\"datePublished\":\"2026-03-27T11:06:35+00:00\",\"description\":\"High-End-Schneidemaschine f\u00fcr eine gleichm\u00e4\u00dfige und pr\u00e4zise Leistung bei jedem nat\u00fcrlichen Haartyp. Ausgestattet mit hocheffizientem Vektormotor und langlebigem Akku kann sie mit oder ohne Kabel betrieben werden. Die Klingen bestehen aus hochwertigem japanischem Stahl und gew\u00e4hrleisten Langlebigkeit, gleichm\u00e4\u00dfigen Schnitt und Pr\u00e4zision.\",\"breadcrumb\":{\"@id\":\"https:\\\/\\\/kzprofesional.com\\\/producto\\\/maquina-clipper-gtx-blessed\\\/#breadcrumb\"},\"inLanguage\":\"de\",\"potentialAction\":[{\"@type\":\"ReadAction\",\"target\":[\"https:\\\/\\\/kzprofesional.com\\\/producto\\\/maquina-clipper-gtx-blessed\\\/\"]}]},{\"@type\":\"ImageObject\",\"inLanguage\":\"de\",\"@id\":\"https:\\\/\\\/kzprofesional.com\\\/producto\\\/maquina-clipper-gtx-blessed\\\/#primaryimage\",\"url\":\"https:\\\/\\\/kzprofesional.com\\\/wp-content\\\/uploads\\\/Captura-de-pantalla-2026-03-26-174516.png\",\"contentUrl\":\"https:\\\/\\\/kzprofesional.com\\\/wp-content\\\/uploads\\\/Captura-de-pantalla-2026-03-26-174516.png\",\"width\":802,\"height\":815},{\"@type\":\"BreadcrumbList\",\"@id\":\"https:\\\/\\\/kzprofesional.com\\\/producto\\\/maquina-clipper-gtx-blessed\\\/#breadcrumb\",\"itemListElement\":[{\"@type\":\"ListItem\",\"position\":1,\"name\":\"Portada\",\"item\":\"https:\\\/\\\/kzprofesional.com\\\/\"},{\"@type\":\"ListItem\",\"position\":2,\"name\":\"Shop\",\"item\":\"https:\\\/\\\/kzprofesional.com\\\/de\\\/shop\\\/\"},{\"@type\":\"ListItem\",\"position\":3,\"name\":\"Clipper GTX &#8211; BLESSED\"}]},{\"@type\":\"WebSite\",\"@id\":\"https:\\\/\\\/kzprofesional.com\\\/#website\",\"url\":\"https:\\\/\\\/kzprofesional.com\\\/\",\"name\":\"KZ Profesional\",\"description\":\"\",\"publisher\":{\"@id\":\"https:\\\/\\\/kzprofesional.com\\\/#organization\"},\"potentialAction\":[{\"@type\":\"SearchAction\",\"target\":{\"@type\":\"EntryPoint\",\"urlTemplate\":\"https:\\\/\\\/kzprofesional.com\\\/?s={search_term_string}\"},\"query-input\":{\"@type\":\"PropertyValueSpecification\",\"valueRequired\":true,\"valueName\":\"search_term_string\"}}],\"inLanguage\":\"de\"},{\"@type\":\"Organization\",\"@id\":\"https:\\\/\\\/kzprofesional.com\\\/#organization\",\"name\":\"Imperio Barber Shop\",\"url\":\"https:\\\/\\\/kzprofesional.com\\\/\",\"logo\":{\"@type\":\"ImageObject\",\"inLanguage\":\"de\",\"@id\":\"https:\\\/\\\/kzprofesional.com\\\/#\\\/schema\\\/logo\\\/image\\\/\",\"url\":\"https:\\\/\\\/kzprofesional.com\\\/wp-content\\\/uploads\\\/2021\\\/09\\\/Logo-Imperio-Barber-Shop.png\",\"contentUrl\":\"https:\\\/\\\/kzprofesional.com\\\/wp-content\\\/uploads\\\/2021\\\/09\\\/Logo-Imperio-Barber-Shop.png\",\"width\":128,\"height\":128,\"caption\":\"Imperio Barber Shop\"},\"image\":{\"@id\":\"https:\\\/\\\/kzprofesional.com\\\/#\\\/schema\\\/logo\\\/image\\\/\"}}]}<\/script>\n<!-- \/ Yoast SEO Premium plugin. -->","yoast_head_json":{"title":"Clipper GTX - BLESSED - KZ Profesional","description":"High-End-Schneidemaschine f\u00fcr eine gleichm\u00e4\u00dfige und pr\u00e4zise Leistung bei jedem nat\u00fcrlichen Haartyp. Ausgestattet mit hocheffizientem Vektormotor und langlebigem Akku kann sie mit oder ohne Kabel betrieben werden. Die Klingen bestehen aus hochwertigem japanischem Stahl und gew\u00e4hrleisten Langlebigkeit, gleichm\u00e4\u00dfigen Schnitt und Pr\u00e4zision.","robots":{"index":"index","follow":"follow","max-snippet":"max-snippet:-1","max-image-preview":"max-image-preview:large","max-video-preview":"max-video-preview:-1"},"canonical":"https:\/\/kzprofesional.com\/producto\/maquina-clipper-gtx-blessed\/","og_locale":"de_DE","og_type":"article","og_title":"Clipper GTX - BLESSED","og_description":"High-End-Schneidemaschine f\u00fcr eine gleichm\u00e4\u00dfige und pr\u00e4zise Leistung bei jedem nat\u00fcrlichen Haartyp. Ausgestattet mit hocheffizientem Vektormotor und langlebigem Akku kann sie mit oder ohne Kabel betrieben werden. Die Klingen bestehen aus hochwertigem japanischem Stahl und gew\u00e4hrleisten Langlebigkeit, gleichm\u00e4\u00dfigen Schnitt und Pr\u00e4zision.","og_url":"https:\/\/kzprofesional.com\/producto\/maquina-clipper-gtx-blessed\/","og_site_name":"KZ Profesional","og_image":[{"width":802,"height":815,"url":"https:\/\/kzprofesional.com\/wp-content\/uploads\/Captura-de-pantalla-2026-03-26-174516.png","type":"image\/png"}],"twitter_card":"summary_large_image","schema":{"@context":"https:\/\/schema.org","@graph":[{"@type":"WebPage","@id":"https:\/\/kzprofesional.com\/producto\/maquina-clipper-gtx-blessed\/","url":"https:\/\/kzprofesional.com\/producto\/maquina-clipper-gtx-blessed\/","name":"Clipper GTX - BLESSED - KZ Profesional","isPartOf":{"@id":"https:\/\/kzprofesional.com\/#website"},"primaryImageOfPage":{"@id":"https:\/\/kzprofesional.com\/producto\/maquina-clipper-gtx-blessed\/#primaryimage"},"image":{"@id":"https:\/\/kzprofesional.com\/producto\/maquina-clipper-gtx-blessed\/#primaryimage"},"thumbnailUrl":"https:\/\/kzprofesional.com\/wp-content\/uploads\/Captura-de-pantalla-2026-03-26-174516.png","datePublished":"2026-03-27T11:06:35+00:00","description":"High-End-Schneidemaschine f\u00fcr eine gleichm\u00e4\u00dfige und pr\u00e4zise Leistung bei jedem nat\u00fcrlichen Haartyp. Ausgestattet mit hocheffizientem Vektormotor und langlebigem Akku kann sie mit oder ohne Kabel betrieben werden. Die Klingen bestehen aus hochwertigem japanischem Stahl und gew\u00e4hrleisten Langlebigkeit, gleichm\u00e4\u00dfigen Schnitt und Pr\u00e4zision.","breadcrumb":{"@id":"https:\/\/kzprofesional.com\/producto\/maquina-clipper-gtx-blessed\/#breadcrumb"},"inLanguage":"de","potentialAction":[{"@type":"ReadAction","target":["https:\/\/kzprofesional.com\/producto\/maquina-clipper-gtx-blessed\/"]}]},{"@type":"ImageObject","inLanguage":"de","@id":"https:\/\/kzprofesional.com\/producto\/maquina-clipper-gtx-blessed\/#primaryimage","url":"https:\/\/kzprofesional.com\/wp-content\/uploads\/Captura-de-pantalla-2026-03-26-174516.png","contentUrl":"https:\/\/kzprofesional.com\/wp-content\/uploads\/Captura-de-pantalla-2026-03-26-174516.png","width":802,"height":815},{"@type":"BreadcrumbList","@id":"https:\/\/kzprofesional.com\/producto\/maquina-clipper-gtx-blessed\/#breadcrumb","itemListElement":[{"@type":"ListItem","position":1,"name":"Portada","item":"https:\/\/kzprofesional.com\/"},{"@type":"ListItem","position":2,"name":"Shop","item":"https:\/\/kzprofesional.com\/de\/shop\/"},{"@type":"ListItem","position":3,"name":"Clipper GTX &#8211; BLESSED"}]},{"@type":"WebSite","@id":"https:\/\/kzprofesional.com\/#website","url":"https:\/\/kzprofesional.com\/","name":"KZ Profesional","description":"","publisher":{"@id":"https:\/\/kzprofesional.com\/#organization"},"potentialAction":[{"@type":"SearchAction","target":{"@type":"EntryPoint","urlTemplate":"https:\/\/kzprofesional.com\/?s={search_term_string}"},"query-input":{"@type":"PropertyValueSpecification","valueRequired":true,"valueName":"search_term_string"}}],"inLanguage":"de"},{"@type":"Organization","@id":"https:\/\/kzprofesional.com\/#organization","name":"Imperio Barber Shop","url":"https:\/\/kzprofesional.com\/","logo":{"@type":"ImageObject","inLanguage":"de","@id":"https:\/\/kzprofesional.com\/#\/schema\/logo\/image\/","url":"https:\/\/kzprofesional.com\/wp-content\/uploads\/2021\/09\/Logo-Imperio-Barber-Shop.png","contentUrl":"https:\/\/kzprofesional.com\/wp-content\/uploads\/2021\/09\/Logo-Imperio-Barber-Shop.png","width":128,"height":128,"caption":"Imperio Barber Shop"},"image":{"@id":"https:\/\/kzprofesional.com\/#\/schema\/logo\/image\/"}}]}},"_links":{"self":[{"href":"https:\/\/kzprofesional.com\/de\/wp-json\/wp\/v2\/product\/80217","targetHints":{"allow":["GET"]}}],"collection":[{"href":"https:\/\/kzprofesional.com\/de\/wp-json\/wp\/v2\/product"}],"about":[{"href":"https:\/\/kzprofesional.com\/de\/wp-json\/wp\/v2\/types\/product"}],"wp:featuredmedia":[{"embeddable":true,"href":"https:\/\/kzprofesional.com\/de\/wp-json\/wp\/v2\/media\/80218"}],"wp:attachment":[{"href":"https:\/\/kzprofesional.com\/de\/wp-json\/wp\/v2\/media?parent=80217"}],"wp:term":[{"taxonomy":"product_brand","embeddable":true,"href":"https:\/\/kzprofesional.com\/de\/wp-json\/wp\/v2\/product_brand?post=80217"},{"taxonomy":"product_cat","embeddable":true,"href":"https:\/\/kzprofesional.com\/de\/wp-json\/wp\/v2\/product_cat?post=80217"},{"taxonomy":"product_tag","embeddable":true,"href":"https:\/\/kzprofesional.com\/de\/wp-json\/wp\/v2\/product_tag?post=80217"}],"curies":[{"name":"wp","href":"https:\/\/api.w.org\/{rel}","templated":true}]}}