

{"id":80858,"date":"2026-02-19T16:18:23","date_gmt":"2026-02-19T15:18:23","guid":{"rendered":"https:\/\/kzprofesional.com\/trimmer-klinge-nano-gap-monster-clippers\/"},"modified":"2026-04-28T13:06:45","modified_gmt":"2026-04-28T11:06:45","slug":"trimmer-klinge-nano-gap-monster-clippers","status":"publish","type":"product","link":"https:\/\/kzprofesional.com\/de\/trimmer-klinge-nano-gap-monster-clippers\/","title":{"rendered":"Trimmer-Klinge Nano Gap &#8211; MONSTER CLIPPERS"},"content":{"rendered":"<h1><strong><span dir=\"auto\">NANO GAP SCHNEIDKLINGE<\/span><\/strong><\/h1>\n<p><span dir=\"auto\">Die neue Nano Gap Version verf\u00fcgt \u00fcber ultrafein abgeschr\u00e4gte, geneigte Z\u00e4hne und eine verbesserte Klingengeometrie f\u00fcr noch sanftere Schnitte und maximale Kontrolle.<\/span><\/p>\n<p><span dir=\"auto\">El avanzado recubrimiento de carbono doble tipo diamante (DLC) reduce el desgaste, aumenta la durabilidad y ofrece un rendimiento de corte m\u00e1s fuerte que las hojas est\u00e1ndar.<\/span><\/p>\n<p><strong><span dir=\"auto\">Para la siguiente cortadora: Assassin Trimmer (M38\u00a0<\/span><\/strong><strong><span dir=\"auto\">)<\/span><\/strong><\/p>\n<ul>\n<li><span dir=\"auto\">Hojas con doble revestimiento DLC (carbono tipo diamante)<\/span><\/li>\n<li><span dir=\"auto\">Reduzierter Verschlei\u00df<\/span><\/li>\n<li><span dir=\"auto\">H\u00f6here Haltbarkeit<\/span><\/li>\n<li><span dir=\"auto\">Schnittl\u00e4nge: 0,4 mil\u00edmetros<\/span><\/li>\n<li><span dir=\"auto\">Schnittbreite: 40 mil\u00edmetros<\/span><\/li>\n<li><span dir=\"auto\">Extra breit<\/span><\/li>\n<li><span dir=\"auto\">Breite T-Form<\/span><\/li>\n<li><span dir=\"auto\">Einstellbarer Zero Gap<\/span><\/li>\n<\/ul>\n<p><strong><span dir=\"auto\">Especificaciones a\u00f1adidas de Nano Gap:<\/span><\/strong><\/p>\n<ul>\n<li><span dir=\"auto\">Geometr\u00eda de hoja Nano Gap ultra refinada<\/span><\/li>\n<li><span dir=\"auto\">Verbesserte Leistung y corte m\u00e1s suave.<\/span><\/li>\n<li><span dir=\"auto\">Kein H\u00e4ngenbleiben oder Ziehen<\/span><\/li>\n<li><span dir=\"auto\">Nach innen geneigte, abgeschr\u00e4gte Z\u00e4hne<\/span><\/li>\n<li><span dir=\"auto\">Hautn\u00e4herer Schnitt<\/span><\/li>\n<li><span dir=\"auto\">Verbesserte Massenentfernung<\/span><\/li>\n<\/ul>\n<p>Kompatibilit\u00e4t: Trimmer Skeleton Babyliss<\/p>\n","protected":false},"excerpt":{"rendered":"<p>NANO GAP SCHNEIDKLINGE Die neue Nano Gap Version verf\u00fcgt \u00fcber ultrafein abgeschr\u00e4gte, geneigte Z\u00e4hne und eine verbesserte Klingengeometrie f\u00fcr noch sanftere Schnitte und maximale Kontrolle. El avanzado recubrimiento de carbono doble tipo diamante (DLC) reduce el desgaste, aumenta la durabilidad y ofrece un rendimiento de corte m\u00e1s fuerte que las hojas est\u00e1ndar. Para la siguiente &#8230; <a title=\"Trimmer-Klinge Nano Gap &#8211; MONSTER CLIPPERS\" class=\"read-more\" href=\"https:\/\/kzprofesional.com\/de\/trimmer-klinge-nano-gap-monster-clippers\/\" aria-label=\"Mehr Informationen \u00fcber Trimmer-Klinge Nano Gap &#8211; MONSTER CLIPPERS\">Weiterlesen &#8230;<\/a><\/p>\n","protected":false},"featured_media":80859,"template":"","meta":{"_acf_changed":false,"_jet_sm_ready_style":"","_jet_sm_style":"","_jet_sm_controls_values":"","_jet_sm_fonts_collection":"","_jet_sm_fonts_links":""},"product_brand":[],"product_cat":[972,810],"product_tag":[],"class_list":{"0":"post-80858","1":"product","2":"type-product","3":"status-publish","4":"has-post-thumbnail","6":"product_cat-ersatzteile","7":"product_cat-neuheiten","8":"sales-flash-overlay","9":"woocommerce-text-align-center","10":"woocommerce-image-align-center","11":"do-quantity-buttons","13":"first","14":"instock","15":"sale","16":"taxable","17":"shipping-taxable","18":"purchasable","19":"product-type-simple"},"bundled_by":[],"bundle_stock_status":"instock","bundle_stock_quantity":6,"bundle_virtual":false,"bundle_layout":"","bundle_add_to_cart_form_location":"","bundle_editable_in_cart":false,"bundle_sold_individually_context":"","bundle_item_grouping":"","bundle_min_size":"","bundle_max_size":"","bundle_price":[],"bundled_items":[],"bundle_sell_ids":[],"acf":[],"yoast_head":"<!-- This site is optimized with the Yoast SEO Premium plugin v25.9 (Yoast SEO v27.5) - https:\/\/yoast.com\/product\/yoast-seo-premium-wordpress\/ -->\n<title>Trimmer-Klinge Nano Gap - MONSTER CLIPPERS - KZ Profesional<\/title>\n<meta name=\"description\" content=\"Die neue Nano Gap Version verf\u00fcgt \u00fcber ultrafein abgeschr\u00e4gte, geneigte Z\u00e4hne und eine verbesserte Klingengeometrie f\u00fcr noch sanftere Schnitte und maximale Kontrolle.\" \/>\n<meta name=\"robots\" content=\"index, follow, max-snippet:-1, max-image-preview:large, max-video-preview:-1\" \/>\n<link rel=\"canonical\" href=\"https:\/\/kzprofesional.com\/de\/trimmer-klinge-nano-gap-monster-clippers\/\" \/>\n<meta property=\"og:locale\" content=\"de_DE\" \/>\n<meta property=\"og:type\" content=\"article\" \/>\n<meta property=\"og:title\" content=\"Trimmer-Klinge Nano Gap - MONSTER CLIPPERS\" \/>\n<meta property=\"og:description\" content=\"Die neue Nano Gap Version verf\u00fcgt \u00fcber ultrafein abgeschr\u00e4gte, geneigte Z\u00e4hne und eine verbesserte Klingengeometrie f\u00fcr noch sanftere Schnitte und maximale Kontrolle.\" \/>\n<meta property=\"og:url\" content=\"https:\/\/kzprofesional.com\/de\/trimmer-klinge-nano-gap-monster-clippers\/\" \/>\n<meta property=\"og:site_name\" content=\"KZ Profesional\" \/>\n<meta property=\"article:modified_time\" content=\"2026-04-28T11:06:45+00:00\" \/>\n<meta property=\"og:image\" content=\"https:\/\/kzprofesional.com\/wp-content\/uploads\/Trimmer-Nano-Gap.png\" \/>\n\t<meta property=\"og:image:width\" content=\"421\" \/>\n\t<meta property=\"og:image:height\" content=\"435\" \/>\n\t<meta property=\"og:image:type\" content=\"image\/png\" \/>\n<meta name=\"twitter:card\" content=\"summary_large_image\" \/>\n<script type=\"application\/ld+json\" class=\"yoast-schema-graph\">{\"@context\":\"https:\\\/\\\/schema.org\",\"@graph\":[{\"@type\":\"WebPage\",\"@id\":\"https:\\\/\\\/kzprofesional.com\\\/de\\\/trimmer-klinge-nano-gap-monster-clippers\\\/\",\"url\":\"https:\\\/\\\/kzprofesional.com\\\/de\\\/trimmer-klinge-nano-gap-monster-clippers\\\/\",\"name\":\"Trimmer-Klinge Nano Gap - MONSTER CLIPPERS - KZ Profesional\",\"isPartOf\":{\"@id\":\"https:\\\/\\\/kzprofesional.com\\\/#website\"},\"primaryImageOfPage\":{\"@id\":\"https:\\\/\\\/kzprofesional.com\\\/de\\\/trimmer-klinge-nano-gap-monster-clippers\\\/#primaryimage\"},\"image\":{\"@id\":\"https:\\\/\\\/kzprofesional.com\\\/de\\\/trimmer-klinge-nano-gap-monster-clippers\\\/#primaryimage\"},\"thumbnailUrl\":\"https:\\\/\\\/kzprofesional.com\\\/wp-content\\\/uploads\\\/Trimmer-Nano-Gap.png\",\"datePublished\":\"2026-02-19T15:18:23+00:00\",\"dateModified\":\"2026-04-28T11:06:45+00:00\",\"description\":\"Die neue Nano Gap Version verf\u00fcgt \u00fcber ultrafein abgeschr\u00e4gte, geneigte Z\u00e4hne und eine verbesserte Klingengeometrie f\u00fcr noch sanftere Schnitte und maximale Kontrolle.\",\"breadcrumb\":{\"@id\":\"https:\\\/\\\/kzprofesional.com\\\/de\\\/trimmer-klinge-nano-gap-monster-clippers\\\/#breadcrumb\"},\"inLanguage\":\"de\",\"potentialAction\":[{\"@type\":\"ReadAction\",\"target\":[\"https:\\\/\\\/kzprofesional.com\\\/de\\\/trimmer-klinge-nano-gap-monster-clippers\\\/\"]}]},{\"@type\":\"ImageObject\",\"inLanguage\":\"de\",\"@id\":\"https:\\\/\\\/kzprofesional.com\\\/de\\\/trimmer-klinge-nano-gap-monster-clippers\\\/#primaryimage\",\"url\":\"https:\\\/\\\/kzprofesional.com\\\/wp-content\\\/uploads\\\/Trimmer-Nano-Gap.png\",\"contentUrl\":\"https:\\\/\\\/kzprofesional.com\\\/wp-content\\\/uploads\\\/Trimmer-Nano-Gap.png\",\"width\":421,\"height\":435},{\"@type\":\"BreadcrumbList\",\"@id\":\"https:\\\/\\\/kzprofesional.com\\\/de\\\/trimmer-klinge-nano-gap-monster-clippers\\\/#breadcrumb\",\"itemListElement\":[{\"@type\":\"ListItem\",\"position\":1,\"name\":\"Startseite\",\"item\":\"https:\\\/\\\/kzprofesional.com\\\/de\\\/\"},{\"@type\":\"ListItem\",\"position\":2,\"name\":\"Shop\",\"item\":\"https:\\\/\\\/kzprofesional.com\\\/de\\\/shop\\\/\"},{\"@type\":\"ListItem\",\"position\":3,\"name\":\"Trimmer-Klinge Nano Gap &#8211; MONSTER CLIPPERS\"}]},{\"@type\":\"WebSite\",\"@id\":\"https:\\\/\\\/kzprofesional.com\\\/#website\",\"url\":\"https:\\\/\\\/kzprofesional.com\\\/\",\"name\":\"KZ Profesional\",\"description\":\"\",\"publisher\":{\"@id\":\"https:\\\/\\\/kzprofesional.com\\\/#organization\"},\"potentialAction\":[{\"@type\":\"SearchAction\",\"target\":{\"@type\":\"EntryPoint\",\"urlTemplate\":\"https:\\\/\\\/kzprofesional.com\\\/?s={search_term_string}\"},\"query-input\":{\"@type\":\"PropertyValueSpecification\",\"valueRequired\":true,\"valueName\":\"search_term_string\"}}],\"inLanguage\":\"de\"},{\"@type\":\"Organization\",\"@id\":\"https:\\\/\\\/kzprofesional.com\\\/#organization\",\"name\":\"Imperio Barber Shop\",\"url\":\"https:\\\/\\\/kzprofesional.com\\\/\",\"logo\":{\"@type\":\"ImageObject\",\"inLanguage\":\"de\",\"@id\":\"https:\\\/\\\/kzprofesional.com\\\/#\\\/schema\\\/logo\\\/image\\\/\",\"url\":\"https:\\\/\\\/kzprofesional.com\\\/wp-content\\\/uploads\\\/2021\\\/09\\\/Logo-Imperio-Barber-Shop.png\",\"contentUrl\":\"https:\\\/\\\/kzprofesional.com\\\/wp-content\\\/uploads\\\/2021\\\/09\\\/Logo-Imperio-Barber-Shop.png\",\"width\":128,\"height\":128,\"caption\":\"Imperio Barber Shop\"},\"image\":{\"@id\":\"https:\\\/\\\/kzprofesional.com\\\/#\\\/schema\\\/logo\\\/image\\\/\"}}]}<\/script>\n<!-- \/ Yoast SEO Premium plugin. -->","yoast_head_json":{"title":"Trimmer-Klinge Nano Gap - MONSTER CLIPPERS - KZ Profesional","description":"Die neue Nano Gap Version verf\u00fcgt \u00fcber ultrafein abgeschr\u00e4gte, geneigte Z\u00e4hne und eine verbesserte Klingengeometrie f\u00fcr noch sanftere Schnitte und maximale Kontrolle.","robots":{"index":"index","follow":"follow","max-snippet":"max-snippet:-1","max-image-preview":"max-image-preview:large","max-video-preview":"max-video-preview:-1"},"canonical":"https:\/\/kzprofesional.com\/de\/trimmer-klinge-nano-gap-monster-clippers\/","og_locale":"de_DE","og_type":"article","og_title":"Trimmer-Klinge Nano Gap - MONSTER CLIPPERS","og_description":"Die neue Nano Gap Version verf\u00fcgt \u00fcber ultrafein abgeschr\u00e4gte, geneigte Z\u00e4hne und eine verbesserte Klingengeometrie f\u00fcr noch sanftere Schnitte und maximale Kontrolle.","og_url":"https:\/\/kzprofesional.com\/de\/trimmer-klinge-nano-gap-monster-clippers\/","og_site_name":"KZ Profesional","article_modified_time":"2026-04-28T11:06:45+00:00","og_image":[{"width":421,"height":435,"url":"https:\/\/kzprofesional.com\/wp-content\/uploads\/Trimmer-Nano-Gap.png","type":"image\/png"}],"twitter_card":"summary_large_image","schema":{"@context":"https:\/\/schema.org","@graph":[{"@type":"WebPage","@id":"https:\/\/kzprofesional.com\/de\/trimmer-klinge-nano-gap-monster-clippers\/","url":"https:\/\/kzprofesional.com\/de\/trimmer-klinge-nano-gap-monster-clippers\/","name":"Trimmer-Klinge Nano Gap - MONSTER CLIPPERS - KZ Profesional","isPartOf":{"@id":"https:\/\/kzprofesional.com\/#website"},"primaryImageOfPage":{"@id":"https:\/\/kzprofesional.com\/de\/trimmer-klinge-nano-gap-monster-clippers\/#primaryimage"},"image":{"@id":"https:\/\/kzprofesional.com\/de\/trimmer-klinge-nano-gap-monster-clippers\/#primaryimage"},"thumbnailUrl":"https:\/\/kzprofesional.com\/wp-content\/uploads\/Trimmer-Nano-Gap.png","datePublished":"2026-02-19T15:18:23+00:00","dateModified":"2026-04-28T11:06:45+00:00","description":"Die neue Nano Gap Version verf\u00fcgt \u00fcber ultrafein abgeschr\u00e4gte, geneigte Z\u00e4hne und eine verbesserte Klingengeometrie f\u00fcr noch sanftere Schnitte und maximale Kontrolle.","breadcrumb":{"@id":"https:\/\/kzprofesional.com\/de\/trimmer-klinge-nano-gap-monster-clippers\/#breadcrumb"},"inLanguage":"de","potentialAction":[{"@type":"ReadAction","target":["https:\/\/kzprofesional.com\/de\/trimmer-klinge-nano-gap-monster-clippers\/"]}]},{"@type":"ImageObject","inLanguage":"de","@id":"https:\/\/kzprofesional.com\/de\/trimmer-klinge-nano-gap-monster-clippers\/#primaryimage","url":"https:\/\/kzprofesional.com\/wp-content\/uploads\/Trimmer-Nano-Gap.png","contentUrl":"https:\/\/kzprofesional.com\/wp-content\/uploads\/Trimmer-Nano-Gap.png","width":421,"height":435},{"@type":"BreadcrumbList","@id":"https:\/\/kzprofesional.com\/de\/trimmer-klinge-nano-gap-monster-clippers\/#breadcrumb","itemListElement":[{"@type":"ListItem","position":1,"name":"Startseite","item":"https:\/\/kzprofesional.com\/de\/"},{"@type":"ListItem","position":2,"name":"Shop","item":"https:\/\/kzprofesional.com\/de\/shop\/"},{"@type":"ListItem","position":3,"name":"Trimmer-Klinge Nano Gap &#8211; MONSTER CLIPPERS"}]},{"@type":"WebSite","@id":"https:\/\/kzprofesional.com\/#website","url":"https:\/\/kzprofesional.com\/","name":"KZ Profesional","description":"","publisher":{"@id":"https:\/\/kzprofesional.com\/#organization"},"potentialAction":[{"@type":"SearchAction","target":{"@type":"EntryPoint","urlTemplate":"https:\/\/kzprofesional.com\/?s={search_term_string}"},"query-input":{"@type":"PropertyValueSpecification","valueRequired":true,"valueName":"search_term_string"}}],"inLanguage":"de"},{"@type":"Organization","@id":"https:\/\/kzprofesional.com\/#organization","name":"Imperio Barber Shop","url":"https:\/\/kzprofesional.com\/","logo":{"@type":"ImageObject","inLanguage":"de","@id":"https:\/\/kzprofesional.com\/#\/schema\/logo\/image\/","url":"https:\/\/kzprofesional.com\/wp-content\/uploads\/2021\/09\/Logo-Imperio-Barber-Shop.png","contentUrl":"https:\/\/kzprofesional.com\/wp-content\/uploads\/2021\/09\/Logo-Imperio-Barber-Shop.png","width":128,"height":128,"caption":"Imperio Barber Shop"},"image":{"@id":"https:\/\/kzprofesional.com\/#\/schema\/logo\/image\/"}}]}},"_links":{"self":[{"href":"https:\/\/kzprofesional.com\/de\/wp-json\/wp\/v2\/product\/80858","targetHints":{"allow":["GET"]}}],"collection":[{"href":"https:\/\/kzprofesional.com\/de\/wp-json\/wp\/v2\/product"}],"about":[{"href":"https:\/\/kzprofesional.com\/de\/wp-json\/wp\/v2\/types\/product"}],"wp:featuredmedia":[{"embeddable":true,"href":"https:\/\/kzprofesional.com\/de\/wp-json\/wp\/v2\/media\/80859"}],"wp:attachment":[{"href":"https:\/\/kzprofesional.com\/de\/wp-json\/wp\/v2\/media?parent=80858"}],"wp:term":[{"taxonomy":"product_brand","embeddable":true,"href":"https:\/\/kzprofesional.com\/de\/wp-json\/wp\/v2\/product_brand?post=80858"},{"taxonomy":"product_cat","embeddable":true,"href":"https:\/\/kzprofesional.com\/de\/wp-json\/wp\/v2\/product_cat?post=80858"},{"taxonomy":"product_tag","embeddable":true,"href":"https:\/\/kzprofesional.com\/de\/wp-json\/wp\/v2\/product_tag?post=80858"}],"curies":[{"name":"wp","href":"https:\/\/api.w.org\/{rel}","templated":true}]}}