

{"id":81940,"date":"2021-11-17T02:14:36","date_gmt":"2021-11-17T01:14:36","guid":{"rendered":"https:\/\/kzprofesional.com\/st300-klingen-100-ungeschnittene-stueck-dorco\/"},"modified":"2026-04-28T22:50:52","modified_gmt":"2026-04-28T20:50:52","slug":"st300-klingen-100-ungeschnittene-stueck-dorco","status":"publish","type":"product","link":"https:\/\/kzprofesional.com\/de\/produkt\/st300-klingen-100-ungeschnittene-stueck-dorco\/","title":{"rendered":"ST300 KLINGEN 100 UNGESCHNITTENE ST\u00dcCK &#8211; DORCO"},"content":{"rendered":"<p>Dorco Blue Klingen geh\u00f6ren zu den meistverwendeten Klingen in den USA. Mit einer Schneide aus Edelstahl und einer Platinschicht bieten sie eine sehr gr\u00fcndliche Rasur zu einem \u00e4u\u00dferst wettbewerbsf\u00e4higen Preis. Direkt aus den USA importiert.<\/p>\n","protected":false},"excerpt":{"rendered":"<p>Dorco Blue Klingen geh\u00f6ren zu den meistverwendeten Klingen in den USA. Mit einer Schneide aus Edelstahl und einer Platinschicht bieten sie eine sehr gr\u00fcndliche Rasur zu einem \u00e4u\u00dferst wettbewerbsf\u00e4higen Preis. Direkt aus den USA importiert.<\/p>\n","protected":false},"featured_media":65049,"template":"","meta":{"_acf_changed":false,"_jet_sm_ready_style":"","_jet_sm_style":"","_jet_sm_controls_values":"","_jet_sm_fonts_collection":"","_jet_sm_fonts_links":""},"product_brand":[],"product_cat":[977],"product_tag":[],"class_list":{"0":"post-81940","1":"product","2":"type-product","3":"status-publish","4":"has-post-thumbnail","6":"product_cat-verbrauchsmaterial","7":"sales-flash-overlay","8":"woocommerce-text-align-center","9":"woocommerce-image-align-center","10":"do-quantity-buttons","12":"first","13":"instock","14":"taxable","15":"shipping-taxable","16":"purchasable","17":"product-type-simple"},"bundled_by":[],"bundle_stock_status":"instock","bundle_stock_quantity":4,"bundle_virtual":false,"bundle_layout":"","bundle_add_to_cart_form_location":"","bundle_editable_in_cart":false,"bundle_sold_individually_context":"","bundle_item_grouping":"","bundle_min_size":"","bundle_max_size":"","bundle_price":[],"bundled_items":[],"bundle_sell_ids":[],"acf":[],"yoast_head":"<!-- This site is optimized with the Yoast SEO Premium plugin v25.9 (Yoast SEO v27.5) - https:\/\/yoast.com\/product\/yoast-seo-premium-wordpress\/ -->\n<title>ST300 KLINGEN 100 UNGESCHNITTENE ST\u00dcCK - DORCO - KZ Profesional<\/title>\n<meta name=\"robots\" content=\"index, follow, max-snippet:-1, max-image-preview:large, max-video-preview:-1\" \/>\n<link rel=\"canonical\" href=\"https:\/\/kzprofesional.com\/de\/produkt\/st300-klingen-100-ungeschnittene-stueck-dorco\/\" \/>\n<meta property=\"og:locale\" content=\"de_DE\" \/>\n<meta property=\"og:type\" content=\"article\" \/>\n<meta property=\"og:title\" content=\"ST300 KLINGEN 100 UNGESCHNITTENE ST\u00dcCK - DORCO\" \/>\n<meta property=\"og:description\" content=\"Dorco Blue Klingen geh\u00f6ren zu den meistverwendeten Klingen in den USA. Mit einer Schneide aus Edelstahl und einer Platinschicht bieten sie eine sehr gr\u00fcndliche Rasur zu einem \u00e4u\u00dferst wettbewerbsf\u00e4higen Preis. Direkt aus den USA importiert.\" \/>\n<meta property=\"og:url\" content=\"https:\/\/kzprofesional.com\/de\/produkt\/st300-klingen-100-ungeschnittene-stueck-dorco\/\" \/>\n<meta property=\"og:site_name\" content=\"KZ Profesional\" \/>\n<meta property=\"article:modified_time\" content=\"2026-04-28T20:50:52+00:00\" \/>\n<meta property=\"og:image\" content=\"https:\/\/kzprofesional.com\/wp-content\/uploads\/DORCO-CUCHILLAS-ST300-100-UNIDADES-SIN-PARTIR.jpg\" \/>\n\t<meta property=\"og:image:width\" content=\"1024\" \/>\n\t<meta property=\"og:image:height\" content=\"1024\" \/>\n\t<meta property=\"og:image:type\" content=\"image\/jpeg\" \/>\n<meta name=\"twitter:card\" content=\"summary_large_image\" \/>\n<script type=\"application\/ld+json\" class=\"yoast-schema-graph\">{\"@context\":\"https:\\\/\\\/schema.org\",\"@graph\":[{\"@type\":\"WebPage\",\"@id\":\"https:\\\/\\\/kzprofesional.com\\\/de\\\/produkt\\\/st300-klingen-100-ungeschnittene-stueck-dorco\\\/\",\"url\":\"https:\\\/\\\/kzprofesional.com\\\/de\\\/produkt\\\/st300-klingen-100-ungeschnittene-stueck-dorco\\\/\",\"name\":\"ST300 KLINGEN 100 UNGESCHNITTENE ST\u00dcCK - DORCO - KZ Profesional\",\"isPartOf\":{\"@id\":\"https:\\\/\\\/kzprofesional.com\\\/#website\"},\"primaryImageOfPage\":{\"@id\":\"https:\\\/\\\/kzprofesional.com\\\/de\\\/produkt\\\/st300-klingen-100-ungeschnittene-stueck-dorco\\\/#primaryimage\"},\"image\":{\"@id\":\"https:\\\/\\\/kzprofesional.com\\\/de\\\/produkt\\\/st300-klingen-100-ungeschnittene-stueck-dorco\\\/#primaryimage\"},\"thumbnailUrl\":\"https:\\\/\\\/kzprofesional.com\\\/wp-content\\\/uploads\\\/DORCO-CUCHILLAS-ST300-100-UNIDADES-SIN-PARTIR.jpg\",\"datePublished\":\"2021-11-17T01:14:36+00:00\",\"dateModified\":\"2026-04-28T20:50:52+00:00\",\"breadcrumb\":{\"@id\":\"https:\\\/\\\/kzprofesional.com\\\/de\\\/produkt\\\/st300-klingen-100-ungeschnittene-stueck-dorco\\\/#breadcrumb\"},\"inLanguage\":\"de\",\"potentialAction\":[{\"@type\":\"ReadAction\",\"target\":[\"https:\\\/\\\/kzprofesional.com\\\/de\\\/produkt\\\/st300-klingen-100-ungeschnittene-stueck-dorco\\\/\"]}]},{\"@type\":\"ImageObject\",\"inLanguage\":\"de\",\"@id\":\"https:\\\/\\\/kzprofesional.com\\\/de\\\/produkt\\\/st300-klingen-100-ungeschnittene-stueck-dorco\\\/#primaryimage\",\"url\":\"https:\\\/\\\/kzprofesional.com\\\/wp-content\\\/uploads\\\/DORCO-CUCHILLAS-ST300-100-UNIDADES-SIN-PARTIR.jpg\",\"contentUrl\":\"https:\\\/\\\/kzprofesional.com\\\/wp-content\\\/uploads\\\/DORCO-CUCHILLAS-ST300-100-UNIDADES-SIN-PARTIR.jpg\",\"width\":1024,\"height\":1024,\"caption\":\"[DORCO] CUCHILLAS ST300 100 UNIDADES SIN PARTIR\"},{\"@type\":\"BreadcrumbList\",\"@id\":\"https:\\\/\\\/kzprofesional.com\\\/de\\\/produkt\\\/st300-klingen-100-ungeschnittene-stueck-dorco\\\/#breadcrumb\",\"itemListElement\":[{\"@type\":\"ListItem\",\"position\":1,\"name\":\"Startseite\",\"item\":\"https:\\\/\\\/kzprofesional.com\\\/\"},{\"@type\":\"ListItem\",\"position\":2,\"name\":\"Shop\",\"item\":\"https:\\\/\\\/kzprofesional.com\\\/de\\\/shop\\\/\"},{\"@type\":\"ListItem\",\"position\":3,\"name\":\"ST300 KLINGEN 100 UNGESCHNITTENE ST\u00dcCK &#8211; DORCO\"}]},{\"@type\":\"WebSite\",\"@id\":\"https:\\\/\\\/kzprofesional.com\\\/#website\",\"url\":\"https:\\\/\\\/kzprofesional.com\\\/\",\"name\":\"KZ Profesional\",\"description\":\"\",\"publisher\":{\"@id\":\"https:\\\/\\\/kzprofesional.com\\\/#organization\"},\"potentialAction\":[{\"@type\":\"SearchAction\",\"target\":{\"@type\":\"EntryPoint\",\"urlTemplate\":\"https:\\\/\\\/kzprofesional.com\\\/?s={search_term_string}\"},\"query-input\":{\"@type\":\"PropertyValueSpecification\",\"valueRequired\":true,\"valueName\":\"search_term_string\"}}],\"inLanguage\":\"de\"},{\"@type\":\"Organization\",\"@id\":\"https:\\\/\\\/kzprofesional.com\\\/#organization\",\"name\":\"Imperio Barber Shop\",\"url\":\"https:\\\/\\\/kzprofesional.com\\\/\",\"logo\":{\"@type\":\"ImageObject\",\"inLanguage\":\"de\",\"@id\":\"https:\\\/\\\/kzprofesional.com\\\/#\\\/schema\\\/logo\\\/image\\\/\",\"url\":\"https:\\\/\\\/kzprofesional.com\\\/wp-content\\\/uploads\\\/2021\\\/09\\\/Logo-Imperio-Barber-Shop.png\",\"contentUrl\":\"https:\\\/\\\/kzprofesional.com\\\/wp-content\\\/uploads\\\/2021\\\/09\\\/Logo-Imperio-Barber-Shop.png\",\"width\":128,\"height\":128,\"caption\":\"Imperio Barber Shop\"},\"image\":{\"@id\":\"https:\\\/\\\/kzprofesional.com\\\/#\\\/schema\\\/logo\\\/image\\\/\"}}]}<\/script>\n<!-- \/ Yoast SEO Premium plugin. -->","yoast_head_json":{"title":"ST300 KLINGEN 100 UNGESCHNITTENE ST\u00dcCK - DORCO - KZ Profesional","robots":{"index":"index","follow":"follow","max-snippet":"max-snippet:-1","max-image-preview":"max-image-preview:large","max-video-preview":"max-video-preview:-1"},"canonical":"https:\/\/kzprofesional.com\/de\/produkt\/st300-klingen-100-ungeschnittene-stueck-dorco\/","og_locale":"de_DE","og_type":"article","og_title":"ST300 KLINGEN 100 UNGESCHNITTENE ST\u00dcCK - DORCO","og_description":"Dorco Blue Klingen geh\u00f6ren zu den meistverwendeten Klingen in den USA. Mit einer Schneide aus Edelstahl und einer Platinschicht bieten sie eine sehr gr\u00fcndliche Rasur zu einem \u00e4u\u00dferst wettbewerbsf\u00e4higen Preis. Direkt aus den USA importiert.","og_url":"https:\/\/kzprofesional.com\/de\/produkt\/st300-klingen-100-ungeschnittene-stueck-dorco\/","og_site_name":"KZ Profesional","article_modified_time":"2026-04-28T20:50:52+00:00","og_image":[{"width":1024,"height":1024,"url":"https:\/\/kzprofesional.com\/wp-content\/uploads\/DORCO-CUCHILLAS-ST300-100-UNIDADES-SIN-PARTIR.jpg","type":"image\/jpeg"}],"twitter_card":"summary_large_image","schema":{"@context":"https:\/\/schema.org","@graph":[{"@type":"WebPage","@id":"https:\/\/kzprofesional.com\/de\/produkt\/st300-klingen-100-ungeschnittene-stueck-dorco\/","url":"https:\/\/kzprofesional.com\/de\/produkt\/st300-klingen-100-ungeschnittene-stueck-dorco\/","name":"ST300 KLINGEN 100 UNGESCHNITTENE ST\u00dcCK - DORCO - KZ Profesional","isPartOf":{"@id":"https:\/\/kzprofesional.com\/#website"},"primaryImageOfPage":{"@id":"https:\/\/kzprofesional.com\/de\/produkt\/st300-klingen-100-ungeschnittene-stueck-dorco\/#primaryimage"},"image":{"@id":"https:\/\/kzprofesional.com\/de\/produkt\/st300-klingen-100-ungeschnittene-stueck-dorco\/#primaryimage"},"thumbnailUrl":"https:\/\/kzprofesional.com\/wp-content\/uploads\/DORCO-CUCHILLAS-ST300-100-UNIDADES-SIN-PARTIR.jpg","datePublished":"2021-11-17T01:14:36+00:00","dateModified":"2026-04-28T20:50:52+00:00","breadcrumb":{"@id":"https:\/\/kzprofesional.com\/de\/produkt\/st300-klingen-100-ungeschnittene-stueck-dorco\/#breadcrumb"},"inLanguage":"de","potentialAction":[{"@type":"ReadAction","target":["https:\/\/kzprofesional.com\/de\/produkt\/st300-klingen-100-ungeschnittene-stueck-dorco\/"]}]},{"@type":"ImageObject","inLanguage":"de","@id":"https:\/\/kzprofesional.com\/de\/produkt\/st300-klingen-100-ungeschnittene-stueck-dorco\/#primaryimage","url":"https:\/\/kzprofesional.com\/wp-content\/uploads\/DORCO-CUCHILLAS-ST300-100-UNIDADES-SIN-PARTIR.jpg","contentUrl":"https:\/\/kzprofesional.com\/wp-content\/uploads\/DORCO-CUCHILLAS-ST300-100-UNIDADES-SIN-PARTIR.jpg","width":1024,"height":1024,"caption":"[DORCO] CUCHILLAS ST300 100 UNIDADES SIN PARTIR"},{"@type":"BreadcrumbList","@id":"https:\/\/kzprofesional.com\/de\/produkt\/st300-klingen-100-ungeschnittene-stueck-dorco\/#breadcrumb","itemListElement":[{"@type":"ListItem","position":1,"name":"Startseite","item":"https:\/\/kzprofesional.com\/"},{"@type":"ListItem","position":2,"name":"Shop","item":"https:\/\/kzprofesional.com\/de\/shop\/"},{"@type":"ListItem","position":3,"name":"ST300 KLINGEN 100 UNGESCHNITTENE ST\u00dcCK &#8211; DORCO"}]},{"@type":"WebSite","@id":"https:\/\/kzprofesional.com\/#website","url":"https:\/\/kzprofesional.com\/","name":"KZ Profesional","description":"","publisher":{"@id":"https:\/\/kzprofesional.com\/#organization"},"potentialAction":[{"@type":"SearchAction","target":{"@type":"EntryPoint","urlTemplate":"https:\/\/kzprofesional.com\/?s={search_term_string}"},"query-input":{"@type":"PropertyValueSpecification","valueRequired":true,"valueName":"search_term_string"}}],"inLanguage":"de"},{"@type":"Organization","@id":"https:\/\/kzprofesional.com\/#organization","name":"Imperio Barber Shop","url":"https:\/\/kzprofesional.com\/","logo":{"@type":"ImageObject","inLanguage":"de","@id":"https:\/\/kzprofesional.com\/#\/schema\/logo\/image\/","url":"https:\/\/kzprofesional.com\/wp-content\/uploads\/2021\/09\/Logo-Imperio-Barber-Shop.png","contentUrl":"https:\/\/kzprofesional.com\/wp-content\/uploads\/2021\/09\/Logo-Imperio-Barber-Shop.png","width":128,"height":128,"caption":"Imperio Barber Shop"},"image":{"@id":"https:\/\/kzprofesional.com\/#\/schema\/logo\/image\/"}}]}},"_links":{"self":[{"href":"https:\/\/kzprofesional.com\/de\/wp-json\/wp\/v2\/product\/81940","targetHints":{"allow":["GET"]}}],"collection":[{"href":"https:\/\/kzprofesional.com\/de\/wp-json\/wp\/v2\/product"}],"about":[{"href":"https:\/\/kzprofesional.com\/de\/wp-json\/wp\/v2\/types\/product"}],"wp:featuredmedia":[{"embeddable":true,"href":"https:\/\/kzprofesional.com\/de\/wp-json\/wp\/v2\/media\/65049"}],"wp:attachment":[{"href":"https:\/\/kzprofesional.com\/de\/wp-json\/wp\/v2\/media?parent=81940"}],"wp:term":[{"taxonomy":"product_brand","embeddable":true,"href":"https:\/\/kzprofesional.com\/de\/wp-json\/wp\/v2\/product_brand?post=81940"},{"taxonomy":"product_cat","embeddable":true,"href":"https:\/\/kzprofesional.com\/de\/wp-json\/wp\/v2\/product_cat?post=81940"},{"taxonomy":"product_tag","embeddable":true,"href":"https:\/\/kzprofesional.com\/de\/wp-json\/wp\/v2\/product_tag?post=81940"}],"curies":[{"name":"wp","href":"https:\/\/api.w.org\/{rel}","templated":true}]}}