

{"id":83176,"date":"2026-03-20T11:39:47","date_gmt":"2026-03-20T10:39:47","guid":{"rendered":"https:\/\/kzprofesional.com\/clipper-maschine-veloce-lite-schwarz-rot-cocco\/"},"modified":"2026-04-30T04:41:31","modified_gmt":"2026-04-30T02:41:31","slug":"clipper-maschine-veloce-lite-schwarz-rot-cocco","status":"publish","type":"product","link":"https:\/\/kzprofesional.com\/de\/clipper-maschine-veloce-lite-schwarz-rot-cocco\/","title":{"rendered":"Clipper-Maschine Veloce Lite Schwarz\/Rot &#8211; COCCO"},"content":{"rendered":"<div><strong><em><span dir=\"auto\">Clipper-Maschine Veloce Lite Schwarz\/Rot &#8211; COCCO<\/span><\/em><\/strong><\/div>\n<div>\n<div><em><span dir=\"auto\">La nueva Veloce Lite Clipper, que supone un aut\u00e9ntico renacimiento en rendimiento y dise\u00f1o, refleja la culminaci\u00f3n de las opiniones de usuarios reales, la imaginaci\u00f3n en ingenier\u00eda y una producci\u00f3n rentable.<\/span><\/em><\/div>\n<div><\/div>\n<h4><strong><span dir=\"auto\">F1 Blade<\/span><\/strong><\/h4>\n<div><span dir=\"auto\">Nuestra cuchilla m\u00e1s vers\u00e1til bis zu la fecha: corta desde un verdadero #00000 bis zu un verdadero #1, lo que permite un desvanecimiento suave, un ahusamiento preciso y un potente desbaste, todo con una sola cuchilla. La cuchilla F1 significa que los protectores son opcionales.\u00a0<\/span><\/div>\n<div><\/div>\n<h4><strong><span dir=\"auto\">Palanca de interruptor lateral<\/span><\/strong><\/h4>\n<div><span dir=\"auto\">Adaptable para usuarios diestros y zurdos, nuestra palanca de interruptor lateral patentada se puede instalar en cualquiera de los lados de la cortadora Veloce Lite. Dise\u00f1ada con clics claros y definidos, los ajustes de la palanca se mantienen en su lugar durante el corte.<\/span><\/div>\n<div><\/div>\n<h4><strong><span dir=\"auto\">Tama\u00f1o ultraligero y ergon\u00f3mico<\/span><\/strong><\/h4>\n<div><span dir=\"auto\">Perfectamente equilibrada para profesionales que trabajan todo el d\u00eda. Fabricada con pl\u00e1stico ABS resistente y ligero, y un cuerpo ergon\u00f3mico y delgado para un control sin esfuerzo, menor fatiga en la mu\u00f1eca y una maniobrabilidad y velocidad inigualables durante el desvanecimiento, el degradado y el difuminado. La Veloce Lite Clipper es un 20 % m\u00e1s ligera y un 10 % m\u00e1s compacta que su predecesora, la Hyper Veloce.<\/span><\/div>\n<div><\/div>\n<h4><strong><span dir=\"auto\">Motor de CC de alta tecnolog\u00eda<\/span><\/strong><\/h4>\n<div><span dir=\"auto\">Experimente un rendimiento impecable en cualquier condici\u00f3n. Nuestro motor de corriente continua de alta tecnolog\u00eda est\u00e1 dise\u00f1ado para mantener una velocidad constante de 7000 RPM, independientemente de si el cabello es denso, grueso o est\u00e1 mojado, y cuando la bater\u00eda est\u00e1 completamente cargada o a punto de agotarse.<\/span><\/div>\n<div><\/div>\n<h4><strong><span dir=\"auto\">Ladestation r\u00e1pida optimizada<\/span><\/strong><\/h4>\n<div><span dir=\"auto\">Gracias a su reprogramaci\u00f3n para una carga m\u00e1s eficiente, la recortadora Veloce Lite alcanza la carga completa en aproximadamente 1,5 horas y funciona durante 4 horas. La base de carga est\u00e1 dise\u00f1ada para ser compatible tanto con la recortadora como con la cortadora Veloce Lite.<\/span><\/div>\n<div><span dir=\"auto\">*La duraci\u00f3n de la carga y del funcionamiento puede variar seg\u00fan el uso y las condiciones.*<\/span><\/div>\n<div><\/div>\n<h4><strong><span dir=\"auto\">La herramienta de viaje perfecta<\/span><\/strong><\/h4>\n<div><span dir=\"auto\">La Veloce Lite incorpora un bloqueo de viaje. Mant\u00e9n pulsado el bot\u00f3n de encendido durante tres segundos para activarlo o desactivarlo y evitar la activaci\u00f3n accidental de la herramienta. Adem\u00e1s, cuenta con un puerto de carga USB-C, lo que la hace compatible con la mayor\u00eda de los cargadores de tel\u00e9fono.<\/span><\/div>\n<\/div>\n","protected":false},"excerpt":{"rendered":"<p>\u00a1EXKLUSIVER VORVERKAUF!<\/p>\n<p>Reserviere deinen Cocco. Geh\u00f6re zu den Ersten, die ihn erhalten.<\/p>\n<p>\ud83d\uddd3 Verf\u00fcgbar ab 20 de Abril<br \/>\n\ud83d\ude9a Bestellungen werden ab diesem Datum versendet.<br \/>\n\ud83c\udf81 \u00a1Limitierte St\u00fcckzahl en esta primera edici\u00f3n!<\/p>\n<p>\ud83d\udd12 Jetzt kaufen und dein Ger\u00e4t sichern.<br \/>\n\ud83d\udcb3 Die Zahlung erfolgt heute, der Versand erfolgt automatisch a partir del 20\/04, <strong>Nachnahme ist nicht m\u00f6glich<\/strong>.<\/p>\n<p>Garant\u00eda de 1 a\u00f1o para profesionales y empresas. 3 a\u00f1os para consumidores particulares.<\/p>\n","protected":false},"featured_media":83177,"template":"","meta":{"_acf_changed":false,"_jet_sm_ready_style":"","_jet_sm_style":"","_jet_sm_controls_values":"","_jet_sm_fonts_collection":"","_jet_sm_fonts_links":""},"product_brand":[],"product_cat":[828,827,767,810],"product_tag":[],"class_list":{"0":"post-83176","1":"product","2":"type-product","3":"status-publish","4":"has-post-thumbnail","6":"product_cat-akku","7":"product_cat-haarschneidemaschinen","8":"product_cat-kabellose-clippers","9":"product_cat-neuheiten","10":"product_shipping_class-envio-para-mobiliario","11":"sales-flash-overlay","12":"woocommerce-text-align-center","13":"woocommerce-image-align-center","14":"do-quantity-buttons","16":"first","17":"instock","18":"taxable","19":"shipping-taxable","20":"purchasable","21":"product-type-simple"},"bundled_by":[],"bundle_stock_status":"instock","bundle_stock_quantity":34,"bundle_virtual":false,"bundle_layout":"","bundle_add_to_cart_form_location":"","bundle_editable_in_cart":false,"bundle_sold_individually_context":"","bundle_item_grouping":"","bundle_min_size":"","bundle_max_size":"","bundle_price":[],"bundled_items":[],"bundle_sell_ids":[],"acf":[],"yoast_head":"<!-- This site is optimized with the Yoast SEO Premium plugin v25.9 (Yoast SEO v27.5) - https:\/\/yoast.com\/product\/yoast-seo-premium-wordpress\/ -->\n<title>Clipper-Maschine Veloce Lite Schwarz\/Rot - COCCO - KZ Profesional<\/title>\n<meta name=\"description\" content=\"La nueva Veloce Lite Clipper, que supone un aut\u00e9ntico renacimiento en rendimiento y dise\u00f1o, refleja la culminaci\u00f3n de las opiniones de usuarios reales, la imaginaci\u00f3n en ingenier\u00eda y una producci\u00f3n rentable.\" \/>\n<meta name=\"robots\" content=\"index, follow, max-snippet:-1, max-image-preview:large, max-video-preview:-1\" \/>\n<link rel=\"canonical\" href=\"https:\/\/kzprofesional.com\/maquina-clipper-veloce-lite-negra-roja-cocco\/\" \/>\n<meta property=\"og:locale\" content=\"de_DE\" \/>\n<meta property=\"og:type\" content=\"article\" \/>\n<meta property=\"og:title\" content=\"Clipper-Maschine Veloce Lite Schwarz\/Rot - COCCO\" \/>\n<meta property=\"og:description\" content=\"La nueva Veloce Lite Clipper, que supone un aut\u00e9ntico renacimiento en rendimiento y dise\u00f1o, refleja la culminaci\u00f3n de las opiniones de usuarios reales, la imaginaci\u00f3n en ingenier\u00eda y una producci\u00f3n rentable.\" \/>\n<meta property=\"og:url\" content=\"https:\/\/kzprofesional.com\/maquina-clipper-veloce-lite-negra-roja-cocco\/\" \/>\n<meta property=\"og:site_name\" content=\"KZ Profesional\" \/>\n<meta property=\"article:modified_time\" content=\"2026-04-30T02:41:31+00:00\" \/>\n<meta property=\"og:image\" content=\"https:\/\/kzprofesional.com\/wp-content\/uploads\/cocco-veloce-clipper.png\" \/>\n\t<meta property=\"og:image:width\" content=\"866\" \/>\n\t<meta property=\"og:image:height\" content=\"861\" \/>\n\t<meta property=\"og:image:type\" content=\"image\/png\" \/>\n<meta name=\"twitter:card\" content=\"summary_large_image\" \/>\n<script type=\"application\/ld+json\" class=\"yoast-schema-graph\">{\"@context\":\"https:\\\/\\\/schema.org\",\"@graph\":[{\"@type\":\"WebPage\",\"@id\":\"https:\\\/\\\/kzprofesional.com\\\/maquina-clipper-veloce-lite-negra-roja-cocco\\\/\",\"url\":\"https:\\\/\\\/kzprofesional.com\\\/maquina-clipper-veloce-lite-negra-roja-cocco\\\/\",\"name\":\"Clipper-Maschine Veloce Lite Schwarz\\\/Rot - COCCO - KZ Profesional\",\"isPartOf\":{\"@id\":\"https:\\\/\\\/kzprofesional.com\\\/#website\"},\"primaryImageOfPage\":{\"@id\":\"https:\\\/\\\/kzprofesional.com\\\/maquina-clipper-veloce-lite-negra-roja-cocco\\\/#primaryimage\"},\"image\":{\"@id\":\"https:\\\/\\\/kzprofesional.com\\\/maquina-clipper-veloce-lite-negra-roja-cocco\\\/#primaryimage\"},\"thumbnailUrl\":\"https:\\\/\\\/kzprofesional.com\\\/wp-content\\\/uploads\\\/cocco-veloce-clipper.png\",\"datePublished\":\"2026-03-20T10:39:47+00:00\",\"dateModified\":\"2026-04-30T02:41:31+00:00\",\"description\":\"La nueva Veloce Lite Clipper, que supone un aut\u00e9ntico renacimiento en rendimiento y dise\u00f1o, refleja la culminaci\u00f3n de las opiniones de usuarios reales, la imaginaci\u00f3n en ingenier\u00eda y una producci\u00f3n rentable.\",\"breadcrumb\":{\"@id\":\"https:\\\/\\\/kzprofesional.com\\\/maquina-clipper-veloce-lite-negra-roja-cocco\\\/#breadcrumb\"},\"inLanguage\":\"de\",\"potentialAction\":[{\"@type\":\"ReadAction\",\"target\":[\"https:\\\/\\\/kzprofesional.com\\\/maquina-clipper-veloce-lite-negra-roja-cocco\\\/\"]}]},{\"@type\":\"ImageObject\",\"inLanguage\":\"de\",\"@id\":\"https:\\\/\\\/kzprofesional.com\\\/maquina-clipper-veloce-lite-negra-roja-cocco\\\/#primaryimage\",\"url\":\"https:\\\/\\\/kzprofesional.com\\\/wp-content\\\/uploads\\\/cocco-veloce-clipper.png\",\"contentUrl\":\"https:\\\/\\\/kzprofesional.com\\\/wp-content\\\/uploads\\\/cocco-veloce-clipper.png\",\"width\":866,\"height\":861},{\"@type\":\"BreadcrumbList\",\"@id\":\"https:\\\/\\\/kzprofesional.com\\\/maquina-clipper-veloce-lite-negra-roja-cocco\\\/#breadcrumb\",\"itemListElement\":[{\"@type\":\"ListItem\",\"position\":1,\"name\":\"Startseite\",\"item\":\"https:\\\/\\\/kzprofesional.com\\\/de\\\/\"},{\"@type\":\"ListItem\",\"position\":2,\"name\":\"Shop\",\"item\":\"https:\\\/\\\/kzprofesional.com\\\/de\\\/shop\\\/\"},{\"@type\":\"ListItem\",\"position\":3,\"name\":\"Clipper-Maschine Veloce Lite Schwarz\\\/Rot &#8211; COCCO\"}]},{\"@type\":\"WebSite\",\"@id\":\"https:\\\/\\\/kzprofesional.com\\\/#website\",\"url\":\"https:\\\/\\\/kzprofesional.com\\\/\",\"name\":\"KZ Profesional\",\"description\":\"\",\"publisher\":{\"@id\":\"https:\\\/\\\/kzprofesional.com\\\/#organization\"},\"potentialAction\":[{\"@type\":\"SearchAction\",\"target\":{\"@type\":\"EntryPoint\",\"urlTemplate\":\"https:\\\/\\\/kzprofesional.com\\\/?s={search_term_string}\"},\"query-input\":{\"@type\":\"PropertyValueSpecification\",\"valueRequired\":true,\"valueName\":\"search_term_string\"}}],\"inLanguage\":\"de\"},{\"@type\":\"Organization\",\"@id\":\"https:\\\/\\\/kzprofesional.com\\\/#organization\",\"name\":\"Imperio Barber Shop\",\"url\":\"https:\\\/\\\/kzprofesional.com\\\/\",\"logo\":{\"@type\":\"ImageObject\",\"inLanguage\":\"de\",\"@id\":\"https:\\\/\\\/kzprofesional.com\\\/#\\\/schema\\\/logo\\\/image\\\/\",\"url\":\"https:\\\/\\\/kzprofesional.com\\\/wp-content\\\/uploads\\\/2021\\\/09\\\/Logo-Imperio-Barber-Shop.png\",\"contentUrl\":\"https:\\\/\\\/kzprofesional.com\\\/wp-content\\\/uploads\\\/2021\\\/09\\\/Logo-Imperio-Barber-Shop.png\",\"width\":128,\"height\":128,\"caption\":\"Imperio Barber Shop\"},\"image\":{\"@id\":\"https:\\\/\\\/kzprofesional.com\\\/#\\\/schema\\\/logo\\\/image\\\/\"}}]}<\/script>\n<!-- \/ Yoast SEO Premium plugin. -->","yoast_head_json":{"title":"Clipper-Maschine Veloce Lite Schwarz\/Rot - COCCO - KZ Profesional","description":"La nueva Veloce Lite Clipper, que supone un aut\u00e9ntico renacimiento en rendimiento y dise\u00f1o, refleja la culminaci\u00f3n de las opiniones de usuarios reales, la imaginaci\u00f3n en ingenier\u00eda y una producci\u00f3n rentable.","robots":{"index":"index","follow":"follow","max-snippet":"max-snippet:-1","max-image-preview":"max-image-preview:large","max-video-preview":"max-video-preview:-1"},"canonical":"https:\/\/kzprofesional.com\/maquina-clipper-veloce-lite-negra-roja-cocco\/","og_locale":"de_DE","og_type":"article","og_title":"Clipper-Maschine Veloce Lite Schwarz\/Rot - COCCO","og_description":"La nueva Veloce Lite Clipper, que supone un aut\u00e9ntico renacimiento en rendimiento y dise\u00f1o, refleja la culminaci\u00f3n de las opiniones de usuarios reales, la imaginaci\u00f3n en ingenier\u00eda y una producci\u00f3n rentable.","og_url":"https:\/\/kzprofesional.com\/maquina-clipper-veloce-lite-negra-roja-cocco\/","og_site_name":"KZ Profesional","article_modified_time":"2026-04-30T02:41:31+00:00","og_image":[{"width":866,"height":861,"url":"https:\/\/kzprofesional.com\/wp-content\/uploads\/cocco-veloce-clipper.png","type":"image\/png"}],"twitter_card":"summary_large_image","schema":{"@context":"https:\/\/schema.org","@graph":[{"@type":"WebPage","@id":"https:\/\/kzprofesional.com\/maquina-clipper-veloce-lite-negra-roja-cocco\/","url":"https:\/\/kzprofesional.com\/maquina-clipper-veloce-lite-negra-roja-cocco\/","name":"Clipper-Maschine Veloce Lite Schwarz\/Rot - COCCO - KZ Profesional","isPartOf":{"@id":"https:\/\/kzprofesional.com\/#website"},"primaryImageOfPage":{"@id":"https:\/\/kzprofesional.com\/maquina-clipper-veloce-lite-negra-roja-cocco\/#primaryimage"},"image":{"@id":"https:\/\/kzprofesional.com\/maquina-clipper-veloce-lite-negra-roja-cocco\/#primaryimage"},"thumbnailUrl":"https:\/\/kzprofesional.com\/wp-content\/uploads\/cocco-veloce-clipper.png","datePublished":"2026-03-20T10:39:47+00:00","dateModified":"2026-04-30T02:41:31+00:00","description":"La nueva Veloce Lite Clipper, que supone un aut\u00e9ntico renacimiento en rendimiento y dise\u00f1o, refleja la culminaci\u00f3n de las opiniones de usuarios reales, la imaginaci\u00f3n en ingenier\u00eda y una producci\u00f3n rentable.","breadcrumb":{"@id":"https:\/\/kzprofesional.com\/maquina-clipper-veloce-lite-negra-roja-cocco\/#breadcrumb"},"inLanguage":"de","potentialAction":[{"@type":"ReadAction","target":["https:\/\/kzprofesional.com\/maquina-clipper-veloce-lite-negra-roja-cocco\/"]}]},{"@type":"ImageObject","inLanguage":"de","@id":"https:\/\/kzprofesional.com\/maquina-clipper-veloce-lite-negra-roja-cocco\/#primaryimage","url":"https:\/\/kzprofesional.com\/wp-content\/uploads\/cocco-veloce-clipper.png","contentUrl":"https:\/\/kzprofesional.com\/wp-content\/uploads\/cocco-veloce-clipper.png","width":866,"height":861},{"@type":"BreadcrumbList","@id":"https:\/\/kzprofesional.com\/maquina-clipper-veloce-lite-negra-roja-cocco\/#breadcrumb","itemListElement":[{"@type":"ListItem","position":1,"name":"Startseite","item":"https:\/\/kzprofesional.com\/de\/"},{"@type":"ListItem","position":2,"name":"Shop","item":"https:\/\/kzprofesional.com\/de\/shop\/"},{"@type":"ListItem","position":3,"name":"Clipper-Maschine Veloce Lite Schwarz\/Rot &#8211; COCCO"}]},{"@type":"WebSite","@id":"https:\/\/kzprofesional.com\/#website","url":"https:\/\/kzprofesional.com\/","name":"KZ Profesional","description":"","publisher":{"@id":"https:\/\/kzprofesional.com\/#organization"},"potentialAction":[{"@type":"SearchAction","target":{"@type":"EntryPoint","urlTemplate":"https:\/\/kzprofesional.com\/?s={search_term_string}"},"query-input":{"@type":"PropertyValueSpecification","valueRequired":true,"valueName":"search_term_string"}}],"inLanguage":"de"},{"@type":"Organization","@id":"https:\/\/kzprofesional.com\/#organization","name":"Imperio Barber Shop","url":"https:\/\/kzprofesional.com\/","logo":{"@type":"ImageObject","inLanguage":"de","@id":"https:\/\/kzprofesional.com\/#\/schema\/logo\/image\/","url":"https:\/\/kzprofesional.com\/wp-content\/uploads\/2021\/09\/Logo-Imperio-Barber-Shop.png","contentUrl":"https:\/\/kzprofesional.com\/wp-content\/uploads\/2021\/09\/Logo-Imperio-Barber-Shop.png","width":128,"height":128,"caption":"Imperio Barber Shop"},"image":{"@id":"https:\/\/kzprofesional.com\/#\/schema\/logo\/image\/"}}]}},"_links":{"self":[{"href":"https:\/\/kzprofesional.com\/de\/wp-json\/wp\/v2\/product\/83176","targetHints":{"allow":["GET"]}}],"collection":[{"href":"https:\/\/kzprofesional.com\/de\/wp-json\/wp\/v2\/product"}],"about":[{"href":"https:\/\/kzprofesional.com\/de\/wp-json\/wp\/v2\/types\/product"}],"wp:featuredmedia":[{"embeddable":true,"href":"https:\/\/kzprofesional.com\/de\/wp-json\/wp\/v2\/media\/83177"}],"wp:attachment":[{"href":"https:\/\/kzprofesional.com\/de\/wp-json\/wp\/v2\/media?parent=83176"}],"wp:term":[{"taxonomy":"product_brand","embeddable":true,"href":"https:\/\/kzprofesional.com\/de\/wp-json\/wp\/v2\/product_brand?post=83176"},{"taxonomy":"product_cat","embeddable":true,"href":"https:\/\/kzprofesional.com\/de\/wp-json\/wp\/v2\/product_cat?post=83176"},{"taxonomy":"product_tag","embeddable":true,"href":"https:\/\/kzprofesional.com\/de\/wp-json\/wp\/v2\/product_tag?post=83176"}],"curies":[{"name":"wp","href":"https:\/\/api.w.org\/{rel}","templated":true}]}}