

{"id":80267,"date":"2026-03-31T14:34:26","date_gmt":"2026-03-31T12:34:26","guid":{"rendered":"https:\/\/kzprofesional.com\/permanent-colour-cream-igora-6-77-intense-copper-dark-blonde-60-ml-schwarzkopf\/"},"modified":"2026-03-31T14:34:26","modified_gmt":"2026-03-31T12:34:26","slug":"permanent-colour-cream-igora-6-77-intense-copper-dark-blonde-60-ml-schwarzkopf","status":"publish","type":"product","link":"https:\/\/kzprofesional.com\/en\/permanent-colour-cream-igora-6-77-intense-copper-dark-blonde-60-ml-schwarzkopf\/","title":{"rendered":"Permanent Colour Cream Igora 6-77 Intense Copper Dark Blonde 60 ml &#8211; SCHWARZKOPF"},"content":{"rendered":"<div id=\"title-b2f3a5f885\" class=\"heliux-text__wrapper inpagenavigation__item limited-container skip-margins customizations__title \" data-type=\"h4\">\n<p class=\"heading4 apply-margins apply-font-style title__heading\">Permanent colour cream IGORA ROYAL 6-77 Intense Copper Dark Blonde que covers up to el 70% de las grey hair. The cream can be used for all colouring techniques. It provides a copper tonal direction. La High Definition Technology de IGORA ROYAL contiene una high-definition pigment matrix que proporciona una direcci\u00f3n de color a\u00fan m\u00e1s n\u00edtida, unos improved true-to-chart colour results, una greater intensity y una maximum coverage.<\/p>\n<\/div>\n","protected":false},"excerpt":{"rendered":"<p>Permanent colour cream IGORA ROYAL 6-77 Intense Copper Dark Blonde que covers up to el 70% de las grey hair. The cream can be used for all colouring techniques. It provides a copper tonal direction. La High Definition Technology de IGORA ROYAL contiene una high-definition pigment matrix que proporciona una direcci\u00f3n de color a\u00fan m\u00e1s &#8230; <a title=\"Permanent Colour Cream Igora 6-77 Intense Copper Dark Blonde 60 ml &#8211; SCHWARZKOPF\" class=\"read-more\" href=\"https:\/\/kzprofesional.com\/en\/permanent-colour-cream-igora-6-77-intense-copper-dark-blonde-60-ml-schwarzkopf\/\" aria-label=\"Read more about Permanent Colour Cream Igora 6-77 Intense Copper Dark Blonde 60 ml &#8211; SCHWARZKOPF\">Read more<\/a><\/p>\n","protected":false},"featured_media":80268,"template":"","meta":{"_acf_changed":false,"_jet_sm_ready_style":"","_jet_sm_style":"","_jet_sm_controls_values":"","_jet_sm_fonts_collection":"","_jet_sm_fonts_links":""},"product_brand":[],"product_cat":[795,944],"product_tag":[],"class_list":{"0":"post-80267","1":"product","2":"type-product","3":"status-publish","4":"has-post-thumbnail","6":"product_cat-bleaching","7":"product_cat-other-semi-permanent-dyes","8":"sales-flash-overlay","9":"woocommerce-text-align-center","10":"woocommerce-image-align-center","11":"do-quantity-buttons","13":"first","14":"instock","15":"taxable","16":"shipping-taxable","17":"purchasable","18":"product-type-simple"},"bundled_by":[],"bundle_stock_status":"instock","bundle_stock_quantity":14,"bundle_virtual":false,"bundle_layout":"","bundle_add_to_cart_form_location":"","bundle_editable_in_cart":false,"bundle_sold_individually_context":"","bundle_item_grouping":"","bundle_min_size":"","bundle_max_size":"","bundle_price":[],"bundled_items":[],"bundle_sell_ids":[],"acf":[],"yoast_head":"<!-- This site is optimized with the Yoast SEO Premium plugin v25.9 (Yoast SEO v27.4) - https:\/\/yoast.com\/product\/yoast-seo-premium-wordpress\/ -->\n<title>Permanent Colour Cream Igora 6-77 Intense Copper Dark Blonde 60 ml - SCHWARZKOPF - KZ Profesional<\/title>\n<meta name=\"robots\" content=\"index, follow, max-snippet:-1, max-image-preview:large, max-video-preview:-1\" \/>\n<link rel=\"canonical\" href=\"https:\/\/kzprofesional.com\/producto\/crema-de-coloracion-permanente-igora-6-77-rubio-oscuro-cobrizo-intenso-60-ml-schwarzkopf\/\" \/>\n<meta property=\"og:locale\" content=\"en_US\" \/>\n<meta property=\"og:type\" content=\"article\" \/>\n<meta property=\"og:title\" content=\"Permanent Colour Cream Igora 6-77 Intense Copper Dark Blonde 60 ml - SCHWARZKOPF\" \/>\n<meta property=\"og:description\" content=\"Permanent colour cream IGORA ROYAL 6-77 Intense Copper Dark Blonde que covers up to el 70% de las grey hair. The cream can be used for all colouring techniques. It provides a copper tonal direction. La High Definition Technology de IGORA ROYAL contiene una high-definition pigment matrix que proporciona una direcci\u00f3n de color a\u00fan m\u00e1s ... Read more\" \/>\n<meta property=\"og:url\" content=\"https:\/\/kzprofesional.com\/producto\/crema-de-coloracion-permanente-igora-6-77-rubio-oscuro-cobrizo-intenso-60-ml-schwarzkopf\/\" \/>\n<meta property=\"og:site_name\" content=\"KZ Profesional\" \/>\n<meta property=\"og:image\" content=\"https:\/\/kzprofesional.com\/wp-content\/uploads\/Crema-de-Coloracion-Permanente-Igora-6-77-Rubio-Oscuro-Cobrizo-Intenso-60-ml-SCHWARZKOPF.png\" \/>\n\t<meta property=\"og:image:width\" content=\"1500\" \/>\n\t<meta property=\"og:image:height\" content=\"1500\" \/>\n\t<meta property=\"og:image:type\" content=\"image\/png\" \/>\n<meta name=\"twitter:card\" content=\"summary_large_image\" \/>\n<script type=\"application\/ld+json\" class=\"yoast-schema-graph\">{\"@context\":\"https:\\\/\\\/schema.org\",\"@graph\":[{\"@type\":\"WebPage\",\"@id\":\"https:\\\/\\\/kzprofesional.com\\\/producto\\\/crema-de-coloracion-permanente-igora-6-77-rubio-oscuro-cobrizo-intenso-60-ml-schwarzkopf\\\/\",\"url\":\"https:\\\/\\\/kzprofesional.com\\\/producto\\\/crema-de-coloracion-permanente-igora-6-77-rubio-oscuro-cobrizo-intenso-60-ml-schwarzkopf\\\/\",\"name\":\"Permanent Colour Cream Igora 6-77 Intense Copper Dark Blonde 60 ml - SCHWARZKOPF - KZ Profesional\",\"isPartOf\":{\"@id\":\"https:\\\/\\\/kzprofesional.com\\\/#website\"},\"primaryImageOfPage\":{\"@id\":\"https:\\\/\\\/kzprofesional.com\\\/producto\\\/crema-de-coloracion-permanente-igora-6-77-rubio-oscuro-cobrizo-intenso-60-ml-schwarzkopf\\\/#primaryimage\"},\"image\":{\"@id\":\"https:\\\/\\\/kzprofesional.com\\\/producto\\\/crema-de-coloracion-permanente-igora-6-77-rubio-oscuro-cobrizo-intenso-60-ml-schwarzkopf\\\/#primaryimage\"},\"thumbnailUrl\":\"https:\\\/\\\/kzprofesional.com\\\/wp-content\\\/uploads\\\/Crema-de-Coloracion-Permanente-Igora-6-77-Rubio-Oscuro-Cobrizo-Intenso-60-ml-SCHWARZKOPF.png\",\"datePublished\":\"2026-03-31T12:34:26+00:00\",\"breadcrumb\":{\"@id\":\"https:\\\/\\\/kzprofesional.com\\\/producto\\\/crema-de-coloracion-permanente-igora-6-77-rubio-oscuro-cobrizo-intenso-60-ml-schwarzkopf\\\/#breadcrumb\"},\"inLanguage\":\"en-US\",\"potentialAction\":[{\"@type\":\"ReadAction\",\"target\":[\"https:\\\/\\\/kzprofesional.com\\\/producto\\\/crema-de-coloracion-permanente-igora-6-77-rubio-oscuro-cobrizo-intenso-60-ml-schwarzkopf\\\/\"]}]},{\"@type\":\"ImageObject\",\"inLanguage\":\"en-US\",\"@id\":\"https:\\\/\\\/kzprofesional.com\\\/producto\\\/crema-de-coloracion-permanente-igora-6-77-rubio-oscuro-cobrizo-intenso-60-ml-schwarzkopf\\\/#primaryimage\",\"url\":\"https:\\\/\\\/kzprofesional.com\\\/wp-content\\\/uploads\\\/Crema-de-Coloracion-Permanente-Igora-6-77-Rubio-Oscuro-Cobrizo-Intenso-60-ml-SCHWARZKOPF.png\",\"contentUrl\":\"https:\\\/\\\/kzprofesional.com\\\/wp-content\\\/uploads\\\/Crema-de-Coloracion-Permanente-Igora-6-77-Rubio-Oscuro-Cobrizo-Intenso-60-ml-SCHWARZKOPF.png\",\"width\":1500,\"height\":1500},{\"@type\":\"BreadcrumbList\",\"@id\":\"https:\\\/\\\/kzprofesional.com\\\/producto\\\/crema-de-coloracion-permanente-igora-6-77-rubio-oscuro-cobrizo-intenso-60-ml-schwarzkopf\\\/#breadcrumb\",\"itemListElement\":[{\"@type\":\"ListItem\",\"position\":1,\"name\":\"Portada\",\"item\":\"https:\\\/\\\/kzprofesional.com\\\/en\\\/\"},{\"@type\":\"ListItem\",\"position\":2,\"name\":\"Shop\",\"item\":\"https:\\\/\\\/kzprofesional.com\\\/en\\\/shop\\\/\"},{\"@type\":\"ListItem\",\"position\":3,\"name\":\"Permanent Colour Cream Igora 6-77 Intense Copper Dark Blonde 60 ml &#8211; SCHWARZKOPF\"}]},{\"@type\":\"WebSite\",\"@id\":\"https:\\\/\\\/kzprofesional.com\\\/#website\",\"url\":\"https:\\\/\\\/kzprofesional.com\\\/\",\"name\":\"KZ Profesional\",\"description\":\"\",\"publisher\":{\"@id\":\"https:\\\/\\\/kzprofesional.com\\\/#organization\"},\"potentialAction\":[{\"@type\":\"SearchAction\",\"target\":{\"@type\":\"EntryPoint\",\"urlTemplate\":\"https:\\\/\\\/kzprofesional.com\\\/?s={search_term_string}\"},\"query-input\":{\"@type\":\"PropertyValueSpecification\",\"valueRequired\":true,\"valueName\":\"search_term_string\"}}],\"inLanguage\":\"en-US\"},{\"@type\":\"Organization\",\"@id\":\"https:\\\/\\\/kzprofesional.com\\\/#organization\",\"name\":\"Imperio Barber Shop\",\"url\":\"https:\\\/\\\/kzprofesional.com\\\/\",\"logo\":{\"@type\":\"ImageObject\",\"inLanguage\":\"en-US\",\"@id\":\"https:\\\/\\\/kzprofesional.com\\\/#\\\/schema\\\/logo\\\/image\\\/\",\"url\":\"https:\\\/\\\/kzprofesional.com\\\/wp-content\\\/uploads\\\/2021\\\/09\\\/Logo-Imperio-Barber-Shop.png\",\"contentUrl\":\"https:\\\/\\\/kzprofesional.com\\\/wp-content\\\/uploads\\\/2021\\\/09\\\/Logo-Imperio-Barber-Shop.png\",\"width\":128,\"height\":128,\"caption\":\"Imperio Barber Shop\"},\"image\":{\"@id\":\"https:\\\/\\\/kzprofesional.com\\\/#\\\/schema\\\/logo\\\/image\\\/\"}}]}<\/script>\n<!-- \/ Yoast SEO Premium plugin. -->","yoast_head_json":{"title":"Permanent Colour Cream Igora 6-77 Intense Copper Dark Blonde 60 ml - SCHWARZKOPF - KZ Profesional","robots":{"index":"index","follow":"follow","max-snippet":"max-snippet:-1","max-image-preview":"max-image-preview:large","max-video-preview":"max-video-preview:-1"},"canonical":"https:\/\/kzprofesional.com\/producto\/crema-de-coloracion-permanente-igora-6-77-rubio-oscuro-cobrizo-intenso-60-ml-schwarzkopf\/","og_locale":"en_US","og_type":"article","og_title":"Permanent Colour Cream Igora 6-77 Intense Copper Dark Blonde 60 ml - SCHWARZKOPF","og_description":"Permanent colour cream IGORA ROYAL 6-77 Intense Copper Dark Blonde que covers up to el 70% de las grey hair. The cream can be used for all colouring techniques. It provides a copper tonal direction. La High Definition Technology de IGORA ROYAL contiene una high-definition pigment matrix que proporciona una direcci\u00f3n de color a\u00fan m\u00e1s ... Read more","og_url":"https:\/\/kzprofesional.com\/producto\/crema-de-coloracion-permanente-igora-6-77-rubio-oscuro-cobrizo-intenso-60-ml-schwarzkopf\/","og_site_name":"KZ Profesional","og_image":[{"width":1500,"height":1500,"url":"https:\/\/kzprofesional.com\/wp-content\/uploads\/Crema-de-Coloracion-Permanente-Igora-6-77-Rubio-Oscuro-Cobrizo-Intenso-60-ml-SCHWARZKOPF.png","type":"image\/png"}],"twitter_card":"summary_large_image","schema":{"@context":"https:\/\/schema.org","@graph":[{"@type":"WebPage","@id":"https:\/\/kzprofesional.com\/producto\/crema-de-coloracion-permanente-igora-6-77-rubio-oscuro-cobrizo-intenso-60-ml-schwarzkopf\/","url":"https:\/\/kzprofesional.com\/producto\/crema-de-coloracion-permanente-igora-6-77-rubio-oscuro-cobrizo-intenso-60-ml-schwarzkopf\/","name":"Permanent Colour Cream Igora 6-77 Intense Copper Dark Blonde 60 ml - SCHWARZKOPF - KZ Profesional","isPartOf":{"@id":"https:\/\/kzprofesional.com\/#website"},"primaryImageOfPage":{"@id":"https:\/\/kzprofesional.com\/producto\/crema-de-coloracion-permanente-igora-6-77-rubio-oscuro-cobrizo-intenso-60-ml-schwarzkopf\/#primaryimage"},"image":{"@id":"https:\/\/kzprofesional.com\/producto\/crema-de-coloracion-permanente-igora-6-77-rubio-oscuro-cobrizo-intenso-60-ml-schwarzkopf\/#primaryimage"},"thumbnailUrl":"https:\/\/kzprofesional.com\/wp-content\/uploads\/Crema-de-Coloracion-Permanente-Igora-6-77-Rubio-Oscuro-Cobrizo-Intenso-60-ml-SCHWARZKOPF.png","datePublished":"2026-03-31T12:34:26+00:00","breadcrumb":{"@id":"https:\/\/kzprofesional.com\/producto\/crema-de-coloracion-permanente-igora-6-77-rubio-oscuro-cobrizo-intenso-60-ml-schwarzkopf\/#breadcrumb"},"inLanguage":"en-US","potentialAction":[{"@type":"ReadAction","target":["https:\/\/kzprofesional.com\/producto\/crema-de-coloracion-permanente-igora-6-77-rubio-oscuro-cobrizo-intenso-60-ml-schwarzkopf\/"]}]},{"@type":"ImageObject","inLanguage":"en-US","@id":"https:\/\/kzprofesional.com\/producto\/crema-de-coloracion-permanente-igora-6-77-rubio-oscuro-cobrizo-intenso-60-ml-schwarzkopf\/#primaryimage","url":"https:\/\/kzprofesional.com\/wp-content\/uploads\/Crema-de-Coloracion-Permanente-Igora-6-77-Rubio-Oscuro-Cobrizo-Intenso-60-ml-SCHWARZKOPF.png","contentUrl":"https:\/\/kzprofesional.com\/wp-content\/uploads\/Crema-de-Coloracion-Permanente-Igora-6-77-Rubio-Oscuro-Cobrizo-Intenso-60-ml-SCHWARZKOPF.png","width":1500,"height":1500},{"@type":"BreadcrumbList","@id":"https:\/\/kzprofesional.com\/producto\/crema-de-coloracion-permanente-igora-6-77-rubio-oscuro-cobrizo-intenso-60-ml-schwarzkopf\/#breadcrumb","itemListElement":[{"@type":"ListItem","position":1,"name":"Portada","item":"https:\/\/kzprofesional.com\/en\/"},{"@type":"ListItem","position":2,"name":"Shop","item":"https:\/\/kzprofesional.com\/en\/shop\/"},{"@type":"ListItem","position":3,"name":"Permanent Colour Cream Igora 6-77 Intense Copper Dark Blonde 60 ml &#8211; SCHWARZKOPF"}]},{"@type":"WebSite","@id":"https:\/\/kzprofesional.com\/#website","url":"https:\/\/kzprofesional.com\/","name":"KZ Profesional","description":"","publisher":{"@id":"https:\/\/kzprofesional.com\/#organization"},"potentialAction":[{"@type":"SearchAction","target":{"@type":"EntryPoint","urlTemplate":"https:\/\/kzprofesional.com\/?s={search_term_string}"},"query-input":{"@type":"PropertyValueSpecification","valueRequired":true,"valueName":"search_term_string"}}],"inLanguage":"en-US"},{"@type":"Organization","@id":"https:\/\/kzprofesional.com\/#organization","name":"Imperio Barber Shop","url":"https:\/\/kzprofesional.com\/","logo":{"@type":"ImageObject","inLanguage":"en-US","@id":"https:\/\/kzprofesional.com\/#\/schema\/logo\/image\/","url":"https:\/\/kzprofesional.com\/wp-content\/uploads\/2021\/09\/Logo-Imperio-Barber-Shop.png","contentUrl":"https:\/\/kzprofesional.com\/wp-content\/uploads\/2021\/09\/Logo-Imperio-Barber-Shop.png","width":128,"height":128,"caption":"Imperio Barber Shop"},"image":{"@id":"https:\/\/kzprofesional.com\/#\/schema\/logo\/image\/"}}]}},"_links":{"self":[{"href":"https:\/\/kzprofesional.com\/en\/wp-json\/wp\/v2\/product\/80267","targetHints":{"allow":["GET"]}}],"collection":[{"href":"https:\/\/kzprofesional.com\/en\/wp-json\/wp\/v2\/product"}],"about":[{"href":"https:\/\/kzprofesional.com\/en\/wp-json\/wp\/v2\/types\/product"}],"wp:featuredmedia":[{"embeddable":true,"href":"https:\/\/kzprofesional.com\/en\/wp-json\/wp\/v2\/media\/80268"}],"wp:attachment":[{"href":"https:\/\/kzprofesional.com\/en\/wp-json\/wp\/v2\/media?parent=80267"}],"wp:term":[{"taxonomy":"product_brand","embeddable":true,"href":"https:\/\/kzprofesional.com\/en\/wp-json\/wp\/v2\/product_brand?post=80267"},{"taxonomy":"product_cat","embeddable":true,"href":"https:\/\/kzprofesional.com\/en\/wp-json\/wp\/v2\/product_cat?post=80267"},{"taxonomy":"product_tag","embeddable":true,"href":"https:\/\/kzprofesional.com\/en\/wp-json\/wp\/v2\/product_tag?post=80267"}],"curies":[{"name":"wp","href":"https:\/\/api.w.org\/{rel}","templated":true}]}}