

{"id":80836,"date":"2026-02-12T17:02:31","date_gmt":"2026-02-12T16:02:31","guid":{"rendered":"https:\/\/kzprofesional.com\/pack-6-aceite-de-barba-beard-oil-the-67-bagsy\/"},"modified":"2026-04-28T13:06:39","modified_gmt":"2026-04-28T11:06:39","slug":"pack-6-aceite-de-barba-beard-oil-the-67-bagsy","status":"publish","type":"product","link":"https:\/\/kzprofesional.com\/en\/pack-6-aceite-de-barba-beard-oil-the-67-bagsy\/","title":{"rendered":"Pack 6 Aceite de Barba \/ Beard Oil &#8211; THE 67 BAGSY"},"content":{"rendered":"<p><strong>Pack 6 Beard Oil \/ Beard Oil &#8211; THE 67 BAGSY<\/strong><\/p>\n<p>Beard oil formulated with specialised active ingredients that promote and optimise hydration, softness, appearance and facial-hair growth. Su f\u00f3rmula enriquecida con aceites de jojoba, ricino, arg\u00e1n, manzanilla<br \/>\ny rosa de mosqueta revitalizan la barba y proporcionan una hidrataci\u00f3n profunda a la piel. Esta combinaci\u00f3n,<br \/>\nadem\u00e1s, previene la descamaci\u00f3n, los picores y la formaci\u00f3n de caspa, garantizando una barba saludable y bien<br \/>\ncuidada.<\/p>\n<p><strong>Directions for use:<\/strong> Aplicar de 3 a 6 gotas de aceite sobre la palma de la mano y extender suavemente sobre la barba<br \/>\ny\/o bigote realizando un peque\u00f1o masaje hasta su completa absorci\u00f3n. Una vez aplicado, peinar la barba y\/o bigote. Uso externo.<\/p>\n<p><strong>PRODUCT TYPE:<\/strong> Aceite de barba formulado con aceites de ricino, jojoba, arg\u00e1n, manzanilla y rosa de<br \/>\nmosqueta.<br \/>\n<strong>CAPACITY:<\/strong> 30ml.<br \/>\n<strong>BENEFITS:<\/strong> Hidrata, suaviza, previene la descamaci\u00f3n, picores y formaci\u00f3n de caspa.<br \/>\n<strong>FINISH:<\/strong> Mantiene la barba saludable y bien cuidada<\/p>\n","protected":false},"excerpt":{"rendered":"<p>Pack 6 Beard Oil \/ Beard Oil &#8211; THE 67 BAGSY Beard oil formulated with specialised active ingredients that promote and optimise hydration, softness, appearance and facial-hair growth. Su f\u00f3rmula enriquecida con aceites de jojoba, ricino, arg\u00e1n, manzanilla y rosa de mosqueta revitalizan la barba y proporcionan una hidrataci\u00f3n profunda a la piel. Esta combinaci\u00f3n, &#8230; <a title=\"Pack 6 Aceite de Barba \/ Beard Oil &#8211; THE 67 BAGSY\" class=\"read-more\" href=\"https:\/\/kzprofesional.com\/en\/pack-6-aceite-de-barba-beard-oil-the-67-bagsy\/\" aria-label=\"Read more about Pack 6 Aceite de Barba \/ Beard Oil &#8211; THE 67 BAGSY\">Read more<\/a><\/p>\n","protected":false},"featured_media":80837,"template":"","meta":{"_acf_changed":false,"_jet_sm_ready_style":"","_jet_sm_style":"","_jet_sm_controls_values":"","_jet_sm_fonts_collection":"","_jet_sm_fonts_links":""},"product_brand":[],"product_cat":[969],"product_tag":[],"class_list":{"0":"post-80836","1":"product","2":"type-product","3":"status-publish","4":"has-post-thumbnail","6":"product_cat-beard-and-moustache-products","7":"sales-flash-overlay","8":"woocommerce-text-align-center","9":"woocommerce-image-align-center","10":"do-quantity-buttons","12":"first","13":"instock","14":"virtual","15":"taxable","16":"product-type-bundle"},"bundled_by":[],"bundle_stock_status":"instock","bundle_stock_quantity":"","bundle_virtual":false,"bundle_layout":"default","bundle_add_to_cart_form_location":"default","bundle_editable_in_cart":false,"bundle_sold_individually_context":"product","bundle_item_grouping":"parent","bundle_min_size":"","bundle_max_size":"","bundle_price":{"price":{"min":{"incl_tax":"71.37","excl_tax":"58.98"},"max":{"incl_tax":"71.37","excl_tax":"58.98"}},"regular_price":{"min":{"incl_tax":"71.37","excl_tax":"58.98"},"max":{"incl_tax":"71.37","excl_tax":"58.98"}}},"bundled_items":[],"bundle_sell_ids":[],"acf":[],"yoast_head":"<!-- This site is optimized with the Yoast SEO Premium plugin v25.9 (Yoast SEO v27.5) - https:\/\/yoast.com\/product\/yoast-seo-premium-wordpress\/ -->\n<title>Pack 6 Aceite de Barba \/ Beard Oil - THE 67 BAGSY - KZ Profesional<\/title>\n<meta name=\"description\" content=\"Beard oil formulated with specialised active ingredients that promote and optimise hydration, softness, appearance and facial-hair growth.\" \/>\n<meta name=\"robots\" content=\"index, follow, max-snippet:-1, max-image-preview:large, max-video-preview:-1\" \/>\n<link rel=\"canonical\" href=\"https:\/\/kzprofesional.com\/en\/pack-6-aceite-de-barba-beard-oil-the-67-bagsy\/\" \/>\n<meta property=\"og:locale\" content=\"en_US\" \/>\n<meta property=\"og:type\" content=\"article\" \/>\n<meta property=\"og:title\" content=\"Pack 6 Aceite de Barba \/ Beard Oil - THE 67 BAGSY\" \/>\n<meta property=\"og:description\" content=\"Beard oil formulated with specialised active ingredients that promote and optimise hydration, softness, appearance and facial-hair growth.\" \/>\n<meta property=\"og:url\" content=\"https:\/\/kzprofesional.com\/en\/pack-6-aceite-de-barba-beard-oil-the-67-bagsy\/\" \/>\n<meta property=\"og:site_name\" content=\"KZ Profesional\" \/>\n<meta property=\"article:modified_time\" content=\"2026-04-28T11:06:39+00:00\" \/>\n<meta property=\"og:image\" content=\"https:\/\/kzprofesional.com\/wp-content\/uploads\/BEARD-OIL-THE-BAGSY-67.jpg\" \/>\n\t<meta property=\"og:image:width\" content=\"1500\" \/>\n\t<meta property=\"og:image:height\" content=\"1500\" \/>\n\t<meta property=\"og:image:type\" content=\"image\/jpeg\" \/>\n<meta name=\"twitter:card\" content=\"summary_large_image\" \/>\n<script type=\"application\/ld+json\" class=\"yoast-schema-graph\">{\"@context\":\"https:\\\/\\\/schema.org\",\"@graph\":[{\"@type\":\"WebPage\",\"@id\":\"https:\\\/\\\/kzprofesional.com\\\/en\\\/pack-6-aceite-de-barba-beard-oil-the-67-bagsy\\\/\",\"url\":\"https:\\\/\\\/kzprofesional.com\\\/en\\\/pack-6-aceite-de-barba-beard-oil-the-67-bagsy\\\/\",\"name\":\"Pack 6 Aceite de Barba \\\/ Beard Oil - THE 67 BAGSY - KZ Profesional\",\"isPartOf\":{\"@id\":\"https:\\\/\\\/kzprofesional.com\\\/#website\"},\"primaryImageOfPage\":{\"@id\":\"https:\\\/\\\/kzprofesional.com\\\/en\\\/pack-6-aceite-de-barba-beard-oil-the-67-bagsy\\\/#primaryimage\"},\"image\":{\"@id\":\"https:\\\/\\\/kzprofesional.com\\\/en\\\/pack-6-aceite-de-barba-beard-oil-the-67-bagsy\\\/#primaryimage\"},\"thumbnailUrl\":\"https:\\\/\\\/kzprofesional.com\\\/wp-content\\\/uploads\\\/BEARD-OIL-THE-BAGSY-67.jpg\",\"datePublished\":\"2026-02-12T16:02:31+00:00\",\"dateModified\":\"2026-04-28T11:06:39+00:00\",\"description\":\"Beard oil formulated with specialised active ingredients that promote and optimise hydration, softness, appearance and facial-hair growth.\",\"breadcrumb\":{\"@id\":\"https:\\\/\\\/kzprofesional.com\\\/en\\\/pack-6-aceite-de-barba-beard-oil-the-67-bagsy\\\/#breadcrumb\"},\"inLanguage\":\"en-US\",\"potentialAction\":[{\"@type\":\"ReadAction\",\"target\":[\"https:\\\/\\\/kzprofesional.com\\\/en\\\/pack-6-aceite-de-barba-beard-oil-the-67-bagsy\\\/\"]}]},{\"@type\":\"ImageObject\",\"inLanguage\":\"en-US\",\"@id\":\"https:\\\/\\\/kzprofesional.com\\\/en\\\/pack-6-aceite-de-barba-beard-oil-the-67-bagsy\\\/#primaryimage\",\"url\":\"https:\\\/\\\/kzprofesional.com\\\/wp-content\\\/uploads\\\/BEARD-OIL-THE-BAGSY-67.jpg\",\"contentUrl\":\"https:\\\/\\\/kzprofesional.com\\\/wp-content\\\/uploads\\\/BEARD-OIL-THE-BAGSY-67.jpg\",\"width\":1500,\"height\":1500},{\"@type\":\"BreadcrumbList\",\"@id\":\"https:\\\/\\\/kzprofesional.com\\\/en\\\/pack-6-aceite-de-barba-beard-oil-the-67-bagsy\\\/#breadcrumb\",\"itemListElement\":[{\"@type\":\"ListItem\",\"position\":1,\"name\":\"Home\",\"item\":\"https:\\\/\\\/kzprofesional.com\\\/\"},{\"@type\":\"ListItem\",\"position\":2,\"name\":\"Shop\",\"item\":\"https:\\\/\\\/kzprofesional.com\\\/en\\\/shop\\\/\"},{\"@type\":\"ListItem\",\"position\":3,\"name\":\"Pack 6 Aceite de Barba \\\/ Beard Oil &#8211; THE 67 BAGSY\"}]},{\"@type\":\"WebSite\",\"@id\":\"https:\\\/\\\/kzprofesional.com\\\/#website\",\"url\":\"https:\\\/\\\/kzprofesional.com\\\/\",\"name\":\"KZ Profesional\",\"description\":\"\",\"publisher\":{\"@id\":\"https:\\\/\\\/kzprofesional.com\\\/#organization\"},\"potentialAction\":[{\"@type\":\"SearchAction\",\"target\":{\"@type\":\"EntryPoint\",\"urlTemplate\":\"https:\\\/\\\/kzprofesional.com\\\/?s={search_term_string}\"},\"query-input\":{\"@type\":\"PropertyValueSpecification\",\"valueRequired\":true,\"valueName\":\"search_term_string\"}}],\"inLanguage\":\"en-US\"},{\"@type\":\"Organization\",\"@id\":\"https:\\\/\\\/kzprofesional.com\\\/#organization\",\"name\":\"Imperio Barber Shop\",\"url\":\"https:\\\/\\\/kzprofesional.com\\\/\",\"logo\":{\"@type\":\"ImageObject\",\"inLanguage\":\"en-US\",\"@id\":\"https:\\\/\\\/kzprofesional.com\\\/#\\\/schema\\\/logo\\\/image\\\/\",\"url\":\"https:\\\/\\\/kzprofesional.com\\\/wp-content\\\/uploads\\\/2021\\\/09\\\/Logo-Imperio-Barber-Shop.png\",\"contentUrl\":\"https:\\\/\\\/kzprofesional.com\\\/wp-content\\\/uploads\\\/2021\\\/09\\\/Logo-Imperio-Barber-Shop.png\",\"width\":128,\"height\":128,\"caption\":\"Imperio Barber Shop\"},\"image\":{\"@id\":\"https:\\\/\\\/kzprofesional.com\\\/#\\\/schema\\\/logo\\\/image\\\/\"}}]}<\/script>\n<!-- \/ Yoast SEO Premium plugin. -->","yoast_head_json":{"title":"Pack 6 Aceite de Barba \/ Beard Oil - THE 67 BAGSY - KZ Profesional","description":"Beard oil formulated with specialised active ingredients that promote and optimise hydration, softness, appearance and facial-hair growth.","robots":{"index":"index","follow":"follow","max-snippet":"max-snippet:-1","max-image-preview":"max-image-preview:large","max-video-preview":"max-video-preview:-1"},"canonical":"https:\/\/kzprofesional.com\/en\/pack-6-aceite-de-barba-beard-oil-the-67-bagsy\/","og_locale":"en_US","og_type":"article","og_title":"Pack 6 Aceite de Barba \/ Beard Oil - THE 67 BAGSY","og_description":"Beard oil formulated with specialised active ingredients that promote and optimise hydration, softness, appearance and facial-hair growth.","og_url":"https:\/\/kzprofesional.com\/en\/pack-6-aceite-de-barba-beard-oil-the-67-bagsy\/","og_site_name":"KZ Profesional","article_modified_time":"2026-04-28T11:06:39+00:00","og_image":[{"width":1500,"height":1500,"url":"https:\/\/kzprofesional.com\/wp-content\/uploads\/BEARD-OIL-THE-BAGSY-67.jpg","type":"image\/jpeg"}],"twitter_card":"summary_large_image","schema":{"@context":"https:\/\/schema.org","@graph":[{"@type":"WebPage","@id":"https:\/\/kzprofesional.com\/en\/pack-6-aceite-de-barba-beard-oil-the-67-bagsy\/","url":"https:\/\/kzprofesional.com\/en\/pack-6-aceite-de-barba-beard-oil-the-67-bagsy\/","name":"Pack 6 Aceite de Barba \/ Beard Oil - THE 67 BAGSY - KZ Profesional","isPartOf":{"@id":"https:\/\/kzprofesional.com\/#website"},"primaryImageOfPage":{"@id":"https:\/\/kzprofesional.com\/en\/pack-6-aceite-de-barba-beard-oil-the-67-bagsy\/#primaryimage"},"image":{"@id":"https:\/\/kzprofesional.com\/en\/pack-6-aceite-de-barba-beard-oil-the-67-bagsy\/#primaryimage"},"thumbnailUrl":"https:\/\/kzprofesional.com\/wp-content\/uploads\/BEARD-OIL-THE-BAGSY-67.jpg","datePublished":"2026-02-12T16:02:31+00:00","dateModified":"2026-04-28T11:06:39+00:00","description":"Beard oil formulated with specialised active ingredients that promote and optimise hydration, softness, appearance and facial-hair growth.","breadcrumb":{"@id":"https:\/\/kzprofesional.com\/en\/pack-6-aceite-de-barba-beard-oil-the-67-bagsy\/#breadcrumb"},"inLanguage":"en-US","potentialAction":[{"@type":"ReadAction","target":["https:\/\/kzprofesional.com\/en\/pack-6-aceite-de-barba-beard-oil-the-67-bagsy\/"]}]},{"@type":"ImageObject","inLanguage":"en-US","@id":"https:\/\/kzprofesional.com\/en\/pack-6-aceite-de-barba-beard-oil-the-67-bagsy\/#primaryimage","url":"https:\/\/kzprofesional.com\/wp-content\/uploads\/BEARD-OIL-THE-BAGSY-67.jpg","contentUrl":"https:\/\/kzprofesional.com\/wp-content\/uploads\/BEARD-OIL-THE-BAGSY-67.jpg","width":1500,"height":1500},{"@type":"BreadcrumbList","@id":"https:\/\/kzprofesional.com\/en\/pack-6-aceite-de-barba-beard-oil-the-67-bagsy\/#breadcrumb","itemListElement":[{"@type":"ListItem","position":1,"name":"Home","item":"https:\/\/kzprofesional.com\/"},{"@type":"ListItem","position":2,"name":"Shop","item":"https:\/\/kzprofesional.com\/en\/shop\/"},{"@type":"ListItem","position":3,"name":"Pack 6 Aceite de Barba \/ Beard Oil &#8211; THE 67 BAGSY"}]},{"@type":"WebSite","@id":"https:\/\/kzprofesional.com\/#website","url":"https:\/\/kzprofesional.com\/","name":"KZ Profesional","description":"","publisher":{"@id":"https:\/\/kzprofesional.com\/#organization"},"potentialAction":[{"@type":"SearchAction","target":{"@type":"EntryPoint","urlTemplate":"https:\/\/kzprofesional.com\/?s={search_term_string}"},"query-input":{"@type":"PropertyValueSpecification","valueRequired":true,"valueName":"search_term_string"}}],"inLanguage":"en-US"},{"@type":"Organization","@id":"https:\/\/kzprofesional.com\/#organization","name":"Imperio Barber Shop","url":"https:\/\/kzprofesional.com\/","logo":{"@type":"ImageObject","inLanguage":"en-US","@id":"https:\/\/kzprofesional.com\/#\/schema\/logo\/image\/","url":"https:\/\/kzprofesional.com\/wp-content\/uploads\/2021\/09\/Logo-Imperio-Barber-Shop.png","contentUrl":"https:\/\/kzprofesional.com\/wp-content\/uploads\/2021\/09\/Logo-Imperio-Barber-Shop.png","width":128,"height":128,"caption":"Imperio Barber Shop"},"image":{"@id":"https:\/\/kzprofesional.com\/#\/schema\/logo\/image\/"}}]}},"_links":{"self":[{"href":"https:\/\/kzprofesional.com\/en\/wp-json\/wp\/v2\/product\/80836","targetHints":{"allow":["GET"]}}],"collection":[{"href":"https:\/\/kzprofesional.com\/en\/wp-json\/wp\/v2\/product"}],"about":[{"href":"https:\/\/kzprofesional.com\/en\/wp-json\/wp\/v2\/types\/product"}],"wp:featuredmedia":[{"embeddable":true,"href":"https:\/\/kzprofesional.com\/en\/wp-json\/wp\/v2\/media\/80837"}],"wp:attachment":[{"href":"https:\/\/kzprofesional.com\/en\/wp-json\/wp\/v2\/media?parent=80836"}],"wp:term":[{"taxonomy":"product_brand","embeddable":true,"href":"https:\/\/kzprofesional.com\/en\/wp-json\/wp\/v2\/product_brand?post=80836"},{"taxonomy":"product_cat","embeddable":true,"href":"https:\/\/kzprofesional.com\/en\/wp-json\/wp\/v2\/product_cat?post=80836"},{"taxonomy":"product_tag","embeddable":true,"href":"https:\/\/kzprofesional.com\/en\/wp-json\/wp\/v2\/product_tag?post=80836"}],"curies":[{"name":"wp","href":"https:\/\/api.w.org\/{rel}","templated":true}]}}