

{"id":80913,"date":"2026-02-19T16:48:37","date_gmt":"2026-02-19T15:48:37","guid":{"rendered":"https:\/\/kzprofesional.com\/crispy-clipper-blade-monster-clippers\/"},"modified":"2026-04-28T13:06:55","modified_gmt":"2026-04-28T11:06:55","slug":"crispy-clipper-blade-monster-clippers","status":"publish","type":"product","link":"https:\/\/kzprofesional.com\/en\/crispy-clipper-blade-monster-clippers\/","title":{"rendered":"Crispy Clipper blade &#8211; MONSTER CLIPPERS"},"content":{"rendered":"<h1><strong><span dir=\"auto\">CRISPY CUTTING BLADE<\/span><\/strong><\/h1>\n<p><span dir=\"auto\">The Crispy blade features a fixed blade with double diamond-like carbon (DLC) coating, designed for greater durability, sharpness and control. El revestimiento ultraduro es resistente a la oxidaci\u00f3n y al desgaste, lo que ayuda a que la hoja se mantenga afilada por m\u00e1s tiempo.<\/span><\/p>\n<p><strong><span dir=\"auto\">Para los siguientes modelos de cortadoras:\u00a0<\/span><\/strong><\/p>\n<ul>\n<li><strong><span dir=\"auto\">Cortadora c\u00f3nica (M08)<\/span><\/strong><\/li>\n<li><strong><span dir=\"auto\">Recortador de desvanecimiento (M09)<\/span><\/strong><\/li>\n<li><strong><span dir=\"auto\">Cortadora h\u00edbrida (M17)<\/span><\/strong><\/li>\n<li><strong><span dir=\"auto\">Clipper Cerberus (M33)<\/span><\/strong><\/li>\n<li><strong><span dir=\"auto\">Clipper Assassin (M37\u00a0<\/span><\/strong><strong><span dir=\"auto\">)<\/span><\/strong><\/li>\n<\/ul>\n<p><span dir=\"auto\">Con la avanzada tecnolog\u00eda Crunch, las ranuras m\u00e1s profundas de la hoja crean un sonido de corte distintivo que mejora la respuesta y la precisi\u00f3n. Se ajusta a cero para lograr detalles ultraprecisos y un acabado impecable.<\/span><\/p>\n<ul>\n<li><span dir=\"auto\">Hojas con doble revestimiento DLC<\/span><\/li>\n<li><span dir=\"auto\">Para una nitidez duradera y una durabilidad excepcional.<\/span><\/li>\n<li><span dir=\"auto\">Tecnolog\u00eda Crunch para retroalimentaci\u00f3n audible de corte<\/span><\/li>\n<li><span dir=\"auto\">Ranuras m\u00e1s profundas para cortes potentes<\/span><\/li>\n<li><span dir=\"auto\">Adjustable zero gap<\/span><\/li>\n<li><span dir=\"auto\">Detalles ultraprecisos y acabado n\u00edtido.<\/span><\/li>\n<li><span dir=\"auto\">Longitud m\u00ednima de corte: 0,8 mil\u00edmetros (con palanca)<\/span><\/li>\n<li><span dir=\"auto\">Longitud m\u00e1xima de corte: 3,5 mil\u00edmetros (con palanca)<\/span><\/li>\n<li><span dir=\"auto\">Cutting width: 40 mil\u00edmetros<\/span><\/li>\n<\/ul>\n","protected":false},"excerpt":{"rendered":"<p>CRISPY CUTTING BLADE The Crispy blade features a fixed blade with double diamond-like carbon (DLC) coating, designed for greater durability, sharpness and control. El revestimiento ultraduro es resistente a la oxidaci\u00f3n y al desgaste, lo que ayuda a que la hoja se mantenga afilada por m\u00e1s tiempo. Para los siguientes modelos de cortadoras:\u00a0 Cortadora c\u00f3nica &#8230; <a title=\"Crispy Clipper blade &#8211; MONSTER CLIPPERS\" class=\"read-more\" href=\"https:\/\/kzprofesional.com\/en\/crispy-clipper-blade-monster-clippers\/\" aria-label=\"Read more about Crispy Clipper blade &#8211; MONSTER CLIPPERS\">Read more<\/a><\/p>\n","protected":false},"featured_media":80914,"template":"","meta":{"_acf_changed":false,"_jet_sm_ready_style":"","_jet_sm_style":"","_jet_sm_controls_values":"","_jet_sm_fonts_collection":"","_jet_sm_fonts_links":""},"product_brand":[],"product_cat":[802,974],"product_tag":[],"class_list":{"0":"post-80913","1":"product","2":"type-product","3":"status-publish","4":"has-post-thumbnail","6":"product_cat-new-arrivals","7":"product_cat-spare-parts","8":"sales-flash-overlay","9":"woocommerce-text-align-center","10":"woocommerce-image-align-center","11":"do-quantity-buttons","13":"first","14":"instock","15":"sale","16":"taxable","17":"shipping-taxable","18":"purchasable","19":"product-type-simple"},"bundled_by":[],"bundle_stock_status":"instock","bundle_stock_quantity":40,"bundle_virtual":false,"bundle_layout":"","bundle_add_to_cart_form_location":"","bundle_editable_in_cart":false,"bundle_sold_individually_context":"","bundle_item_grouping":"","bundle_min_size":"","bundle_max_size":"","bundle_price":[],"bundled_items":[],"bundle_sell_ids":[],"acf":[],"yoast_head":"<!-- This site is optimized with the Yoast SEO Premium plugin v25.9 (Yoast SEO v27.5) - https:\/\/yoast.com\/product\/yoast-seo-premium-wordpress\/ -->\n<title>Crispy Clipper blade - MONSTER CLIPPERS - KZ Profesional<\/title>\n<meta name=\"description\" content=\"The Crispy blade features a fixed blade with double diamond-like carbon (DLC) coating, designed for greater durability, sharpness and control.\" \/>\n<meta name=\"robots\" content=\"index, follow, max-snippet:-1, max-image-preview:large, max-video-preview:-1\" \/>\n<link rel=\"canonical\" href=\"https:\/\/kzprofesional.com\/en\/crispy-clipper-blade-monster-clippers\/\" \/>\n<meta property=\"og:locale\" content=\"en_US\" \/>\n<meta property=\"og:type\" content=\"article\" \/>\n<meta property=\"og:title\" content=\"Crispy Clipper blade - MONSTER CLIPPERS\" \/>\n<meta property=\"og:description\" content=\"The Crispy blade features a fixed blade with double diamond-like carbon (DLC) coating, designed for greater durability, sharpness and control.\" \/>\n<meta property=\"og:url\" content=\"https:\/\/kzprofesional.com\/en\/crispy-clipper-blade-monster-clippers\/\" \/>\n<meta property=\"og:site_name\" content=\"KZ Profesional\" \/>\n<meta property=\"article:modified_time\" content=\"2026-04-28T11:06:55+00:00\" \/>\n<meta property=\"og:image\" content=\"https:\/\/kzprofesional.com\/wp-content\/uploads\/Clipper-Crispy-1.png\" \/>\n\t<meta property=\"og:image:width\" content=\"411\" \/>\n\t<meta property=\"og:image:height\" content=\"415\" \/>\n\t<meta property=\"og:image:type\" content=\"image\/png\" \/>\n<meta name=\"twitter:card\" content=\"summary_large_image\" \/>\n<script type=\"application\/ld+json\" class=\"yoast-schema-graph\">{\"@context\":\"https:\\\/\\\/schema.org\",\"@graph\":[{\"@type\":\"WebPage\",\"@id\":\"https:\\\/\\\/kzprofesional.com\\\/en\\\/crispy-clipper-blade-monster-clippers\\\/\",\"url\":\"https:\\\/\\\/kzprofesional.com\\\/en\\\/crispy-clipper-blade-monster-clippers\\\/\",\"name\":\"Crispy Clipper blade - MONSTER CLIPPERS - KZ Profesional\",\"isPartOf\":{\"@id\":\"https:\\\/\\\/kzprofesional.com\\\/#website\"},\"primaryImageOfPage\":{\"@id\":\"https:\\\/\\\/kzprofesional.com\\\/en\\\/crispy-clipper-blade-monster-clippers\\\/#primaryimage\"},\"image\":{\"@id\":\"https:\\\/\\\/kzprofesional.com\\\/en\\\/crispy-clipper-blade-monster-clippers\\\/#primaryimage\"},\"thumbnailUrl\":\"https:\\\/\\\/kzprofesional.com\\\/wp-content\\\/uploads\\\/Clipper-Crispy-1.png\",\"datePublished\":\"2026-02-19T15:48:37+00:00\",\"dateModified\":\"2026-04-28T11:06:55+00:00\",\"description\":\"The Crispy blade features a fixed blade with double diamond-like carbon (DLC) coating, designed for greater durability, sharpness and control.\",\"breadcrumb\":{\"@id\":\"https:\\\/\\\/kzprofesional.com\\\/en\\\/crispy-clipper-blade-monster-clippers\\\/#breadcrumb\"},\"inLanguage\":\"en-US\",\"potentialAction\":[{\"@type\":\"ReadAction\",\"target\":[\"https:\\\/\\\/kzprofesional.com\\\/en\\\/crispy-clipper-blade-monster-clippers\\\/\"]}]},{\"@type\":\"ImageObject\",\"inLanguage\":\"en-US\",\"@id\":\"https:\\\/\\\/kzprofesional.com\\\/en\\\/crispy-clipper-blade-monster-clippers\\\/#primaryimage\",\"url\":\"https:\\\/\\\/kzprofesional.com\\\/wp-content\\\/uploads\\\/Clipper-Crispy-1.png\",\"contentUrl\":\"https:\\\/\\\/kzprofesional.com\\\/wp-content\\\/uploads\\\/Clipper-Crispy-1.png\",\"width\":411,\"height\":415},{\"@type\":\"BreadcrumbList\",\"@id\":\"https:\\\/\\\/kzprofesional.com\\\/en\\\/crispy-clipper-blade-monster-clippers\\\/#breadcrumb\",\"itemListElement\":[{\"@type\":\"ListItem\",\"position\":1,\"name\":\"Home\",\"item\":\"https:\\\/\\\/kzprofesional.com\\\/\"},{\"@type\":\"ListItem\",\"position\":2,\"name\":\"Shop\",\"item\":\"https:\\\/\\\/kzprofesional.com\\\/en\\\/shop\\\/\"},{\"@type\":\"ListItem\",\"position\":3,\"name\":\"Crispy Clipper blade &#8211; MONSTER CLIPPERS\"}]},{\"@type\":\"WebSite\",\"@id\":\"https:\\\/\\\/kzprofesional.com\\\/#website\",\"url\":\"https:\\\/\\\/kzprofesional.com\\\/\",\"name\":\"KZ Profesional\",\"description\":\"\",\"publisher\":{\"@id\":\"https:\\\/\\\/kzprofesional.com\\\/#organization\"},\"potentialAction\":[{\"@type\":\"SearchAction\",\"target\":{\"@type\":\"EntryPoint\",\"urlTemplate\":\"https:\\\/\\\/kzprofesional.com\\\/?s={search_term_string}\"},\"query-input\":{\"@type\":\"PropertyValueSpecification\",\"valueRequired\":true,\"valueName\":\"search_term_string\"}}],\"inLanguage\":\"en-US\"},{\"@type\":\"Organization\",\"@id\":\"https:\\\/\\\/kzprofesional.com\\\/#organization\",\"name\":\"Imperio Barber Shop\",\"url\":\"https:\\\/\\\/kzprofesional.com\\\/\",\"logo\":{\"@type\":\"ImageObject\",\"inLanguage\":\"en-US\",\"@id\":\"https:\\\/\\\/kzprofesional.com\\\/#\\\/schema\\\/logo\\\/image\\\/\",\"url\":\"https:\\\/\\\/kzprofesional.com\\\/wp-content\\\/uploads\\\/2021\\\/09\\\/Logo-Imperio-Barber-Shop.png\",\"contentUrl\":\"https:\\\/\\\/kzprofesional.com\\\/wp-content\\\/uploads\\\/2021\\\/09\\\/Logo-Imperio-Barber-Shop.png\",\"width\":128,\"height\":128,\"caption\":\"Imperio Barber Shop\"},\"image\":{\"@id\":\"https:\\\/\\\/kzprofesional.com\\\/#\\\/schema\\\/logo\\\/image\\\/\"}}]}<\/script>\n<!-- \/ Yoast SEO Premium plugin. -->","yoast_head_json":{"title":"Crispy Clipper blade - MONSTER CLIPPERS - KZ Profesional","description":"The Crispy blade features a fixed blade with double diamond-like carbon (DLC) coating, designed for greater durability, sharpness and control.","robots":{"index":"index","follow":"follow","max-snippet":"max-snippet:-1","max-image-preview":"max-image-preview:large","max-video-preview":"max-video-preview:-1"},"canonical":"https:\/\/kzprofesional.com\/en\/crispy-clipper-blade-monster-clippers\/","og_locale":"en_US","og_type":"article","og_title":"Crispy Clipper blade - MONSTER CLIPPERS","og_description":"The Crispy blade features a fixed blade with double diamond-like carbon (DLC) coating, designed for greater durability, sharpness and control.","og_url":"https:\/\/kzprofesional.com\/en\/crispy-clipper-blade-monster-clippers\/","og_site_name":"KZ Profesional","article_modified_time":"2026-04-28T11:06:55+00:00","og_image":[{"width":411,"height":415,"url":"https:\/\/kzprofesional.com\/wp-content\/uploads\/Clipper-Crispy-1.png","type":"image\/png"}],"twitter_card":"summary_large_image","schema":{"@context":"https:\/\/schema.org","@graph":[{"@type":"WebPage","@id":"https:\/\/kzprofesional.com\/en\/crispy-clipper-blade-monster-clippers\/","url":"https:\/\/kzprofesional.com\/en\/crispy-clipper-blade-monster-clippers\/","name":"Crispy Clipper blade - MONSTER CLIPPERS - KZ Profesional","isPartOf":{"@id":"https:\/\/kzprofesional.com\/#website"},"primaryImageOfPage":{"@id":"https:\/\/kzprofesional.com\/en\/crispy-clipper-blade-monster-clippers\/#primaryimage"},"image":{"@id":"https:\/\/kzprofesional.com\/en\/crispy-clipper-blade-monster-clippers\/#primaryimage"},"thumbnailUrl":"https:\/\/kzprofesional.com\/wp-content\/uploads\/Clipper-Crispy-1.png","datePublished":"2026-02-19T15:48:37+00:00","dateModified":"2026-04-28T11:06:55+00:00","description":"The Crispy blade features a fixed blade with double diamond-like carbon (DLC) coating, designed for greater durability, sharpness and control.","breadcrumb":{"@id":"https:\/\/kzprofesional.com\/en\/crispy-clipper-blade-monster-clippers\/#breadcrumb"},"inLanguage":"en-US","potentialAction":[{"@type":"ReadAction","target":["https:\/\/kzprofesional.com\/en\/crispy-clipper-blade-monster-clippers\/"]}]},{"@type":"ImageObject","inLanguage":"en-US","@id":"https:\/\/kzprofesional.com\/en\/crispy-clipper-blade-monster-clippers\/#primaryimage","url":"https:\/\/kzprofesional.com\/wp-content\/uploads\/Clipper-Crispy-1.png","contentUrl":"https:\/\/kzprofesional.com\/wp-content\/uploads\/Clipper-Crispy-1.png","width":411,"height":415},{"@type":"BreadcrumbList","@id":"https:\/\/kzprofesional.com\/en\/crispy-clipper-blade-monster-clippers\/#breadcrumb","itemListElement":[{"@type":"ListItem","position":1,"name":"Home","item":"https:\/\/kzprofesional.com\/"},{"@type":"ListItem","position":2,"name":"Shop","item":"https:\/\/kzprofesional.com\/en\/shop\/"},{"@type":"ListItem","position":3,"name":"Crispy Clipper blade &#8211; MONSTER CLIPPERS"}]},{"@type":"WebSite","@id":"https:\/\/kzprofesional.com\/#website","url":"https:\/\/kzprofesional.com\/","name":"KZ Profesional","description":"","publisher":{"@id":"https:\/\/kzprofesional.com\/#organization"},"potentialAction":[{"@type":"SearchAction","target":{"@type":"EntryPoint","urlTemplate":"https:\/\/kzprofesional.com\/?s={search_term_string}"},"query-input":{"@type":"PropertyValueSpecification","valueRequired":true,"valueName":"search_term_string"}}],"inLanguage":"en-US"},{"@type":"Organization","@id":"https:\/\/kzprofesional.com\/#organization","name":"Imperio Barber Shop","url":"https:\/\/kzprofesional.com\/","logo":{"@type":"ImageObject","inLanguage":"en-US","@id":"https:\/\/kzprofesional.com\/#\/schema\/logo\/image\/","url":"https:\/\/kzprofesional.com\/wp-content\/uploads\/2021\/09\/Logo-Imperio-Barber-Shop.png","contentUrl":"https:\/\/kzprofesional.com\/wp-content\/uploads\/2021\/09\/Logo-Imperio-Barber-Shop.png","width":128,"height":128,"caption":"Imperio Barber Shop"},"image":{"@id":"https:\/\/kzprofesional.com\/#\/schema\/logo\/image\/"}}]}},"_links":{"self":[{"href":"https:\/\/kzprofesional.com\/en\/wp-json\/wp\/v2\/product\/80913","targetHints":{"allow":["GET"]}}],"collection":[{"href":"https:\/\/kzprofesional.com\/en\/wp-json\/wp\/v2\/product"}],"about":[{"href":"https:\/\/kzprofesional.com\/en\/wp-json\/wp\/v2\/types\/product"}],"wp:featuredmedia":[{"embeddable":true,"href":"https:\/\/kzprofesional.com\/en\/wp-json\/wp\/v2\/media\/80914"}],"wp:attachment":[{"href":"https:\/\/kzprofesional.com\/en\/wp-json\/wp\/v2\/media?parent=80913"}],"wp:term":[{"taxonomy":"product_brand","embeddable":true,"href":"https:\/\/kzprofesional.com\/en\/wp-json\/wp\/v2\/product_brand?post=80913"},{"taxonomy":"product_cat","embeddable":true,"href":"https:\/\/kzprofesional.com\/en\/wp-json\/wp\/v2\/product_cat?post=80913"},{"taxonomy":"product_tag","embeddable":true,"href":"https:\/\/kzprofesional.com\/en\/wp-json\/wp\/v2\/product_tag?post=80913"}],"curies":[{"name":"wp","href":"https:\/\/api.w.org\/{rel}","templated":true}]}}