

{"id":82393,"date":"2026-03-17T13:17:53","date_gmt":"2026-03-17T12:17:53","guid":{"rendered":"https:\/\/kzprofesional.com\/after-shave-cologne-750ml-flame-l3vel3\/"},"modified":"2026-04-30T00:32:28","modified_gmt":"2026-04-29T22:32:28","slug":"after-shave-cologne-750ml-flame-l3vel3","status":"publish","type":"product","link":"https:\/\/kzprofesional.com\/en\/after-shave-cologne-750ml-flame-l3vel3\/","title":{"rendered":"After Shave Cologne 750ml Flame &#8211; L3VEL3"},"content":{"rendered":"<p><strong>After Shave Flame 750 ml L3VEL3<\/strong><\/p>\n<p>Our spray cologne leaves the skin soft, fresh and revitalisingly scented. Soft skin looks and feels incredible, and this cologne adds a dynamic fragrance that enhances your grooming routine. Whether you shave at home or work in a professional barbershop, our men\u2019s aftershave lotion is the perfect finishing touch. It leaves the skin soft and hydrated, with a fresh, long-lasting fragrance. Choose your personal fragrance and make it your own.<\/p>\n<p><strong>Features:<\/strong><\/p>\n<p>Hydrates, nourishes and refreshes the skin after shaving.<\/p>\n<p>Complements your shave with a clean, fresh fragrance.<\/p>\n<p>Designed for daily use.<\/p>\n<p>Nuestra loci\u00f3n para despu\u00e9s del afeitado en spray mejora tu rutina de cuidado personal con mayor suavidad y una fragancia exquisita. Specially formulated for daily use, it provides soothing aftershave care. Provides hydration for softer skin. Its fragrance is light yet long-lasting, confidently staying with you all day. Whether you prefer a close shave or a stylish beard, this aftershave lotion is the perfect finishing touch.<\/p>\n<p>For barbers, aftershave lotion is an essential and luxurious way to complete the client experience. Its formula is designed to leave the skin soft and comfortable. Its scent is versatile, suitable for any occasion and never overpowering. With three distinctive fragrances, you can choose the one that best suits your style or offer your clients a choice.<\/p>\n<p><strong>Directions for use:<\/strong><\/p>\n<p>After shaving, rinse the skin with cold water and pat dry.<\/p>\n<p>Spray a little cologne into the palms of your hands and rub them together.<\/p>\n<p>Apply the cologne evenly to the skin and massage in.<br \/>\nPairs perfectly with\u2026<\/p>\n<p><strong>Fragrance:<\/strong><\/p>\n<p id=\"tw-target-text\" class=\"tw-data-text tw-text-large tw-ta\" dir=\"ltr\" tabindex=\"-1\" role=\"text\" data-placeholder=\"Traducci\u00f3n\" data-ved=\"2ahUKEwjmnOa586aTAxX2QvEDHSgMOVQQ3ewLegQIDBAW\" aria-label=\"Texto traducido: Colonia para despu\u00e9s del afeitado L3VEL3\u2122 Aqua 750 ml Nuestra colonia en spray deja la piel suave, fresca y con una fragancia revitalizante. La piel suave luce y se siente incre\u00edble, y esta colonia a\u00f1ade una fragancia din\u00e1mica que realza tu rutina de cuidado personal. Ya sea que te afeites en casa o trabajes en una barber\u00eda profesional, nuestra loci\u00f3n para despu\u00e9s del afeitado para hombre es el toque final perfecto. Deja la piel suave e hidratada, con una fragancia fresca y duradera. Elige tu fragancia personal y personal\u00edzala. Caracter\u00edsticas principales: Hidrata, nutre y refresca la piel despu\u00e9s del afeitado. Complementa tu afeitado con una fragancia limpia y fresca. Dise\u00f1ada para uso diario. \u00bfPor qu\u00e9 es revolucionaria? Nuestra loci\u00f3n para despu\u00e9s del afeitado en spray mejora tu rutina de cuidado personal con mayor suavidad y una fragancia exquisita. Especialmente formulada para uso diario, proporciona un cuidado calmante despu\u00e9s del afeitado. Aporta hidrataci\u00f3n para una piel m\u00e1s suave. Su fragancia es ligera pero duradera, acompa\u00f1\u00e1ndote con confianza durante todo el d\u00eda. Tanto si prefieres un afeitado apurado como una barba elegante, esta loci\u00f3n para despu\u00e9s del afeitado es el toque final perfecto. Para los barberos, la loci\u00f3n para despu\u00e9s del afeitado es una forma esencial y lujosa de completar la experiencia del cliente. Su f\u00f3rmula est\u00e1 dise\u00f1ada para dejar la piel suave y confortable. Su aroma es vers\u00e1til, adecuado para cualquier ocasi\u00f3n y no resulta empalagoso. Con tres fragancias distintivas, puedes elegir la que mejor se adapte a tu estilo u ofrecer a tus clientes la opci\u00f3n de elegir. Modo de empleo: Despu\u00e9s del afeitado, enjuaga la piel con agua fr\u00eda y s\u00e9cala con palmaditas. Roc\u00eda un poco de colonia en las palmas de las manos y fr\u00f3talas. Aplica la colonia uniformemente sobre la piel y masajea. Combina a la perfecci\u00f3n con\u2026 Para un afeitado m\u00e1s suave y apurado, combina esta colonia con el soporte para maquinilla Milly Clutch, inspirado en AROD, dise\u00f1ado para un mayor control, precisi\u00f3n y estilo. Nuestro gel de afeitar transparente, con su f\u00f3rmula sin espuma, permite una visibilidad perfecta durante el afeitado, para que puedas dar rienda suelta a tu creatividad con la cuchilla. Notas de salida: (NUEVO) Flame: Manzana, jengibre, bergamota Aqua: Pomelo, lim\u00f3n, menta, pimienta rosa\"><span class=\"Y2IQFc\" lang=\"es\">Flame: Apple, ginger, bergamot<\/span><\/p>\n","protected":false},"excerpt":{"rendered":"<p>After Shave Flame 750 ml L3VEL3 Our spray cologne leaves the skin soft, fresh and revitalisingly scented. Soft skin looks and feels incredible, and this cologne adds a dynamic fragrance that enhances your grooming routine. Whether you shave at home or work in a professional barbershop, our men\u2019s aftershave lotion is the perfect finishing touch. &#8230; <a title=\"After Shave Cologne 750ml Flame &#8211; L3VEL3\" class=\"read-more\" href=\"https:\/\/kzprofesional.com\/en\/after-shave-cologne-750ml-flame-l3vel3\/\" aria-label=\"Read more about After Shave Cologne 750ml Flame &#8211; L3VEL3\">Read more<\/a><\/p>\n","protected":false},"featured_media":82394,"template":"","meta":{"_acf_changed":false,"_jet_sm_ready_style":"","_jet_sm_style":"","_jet_sm_controls_values":"","_jet_sm_fonts_collection":"","_jet_sm_fonts_links":""},"product_brand":[],"product_cat":[964,802,1105],"product_tag":[],"class_list":{"0":"post-82393","1":"product","2":"type-product","3":"status-publish","4":"has-post-thumbnail","6":"product_cat-barber-facial-care","7":"product_cat-new-arrivals","8":"product_cat-personal-care","9":"sales-flash-overlay","10":"woocommerce-text-align-center","11":"woocommerce-image-align-center","12":"do-quantity-buttons","14":"first","15":"instock","16":"taxable","17":"shipping-taxable","18":"purchasable","19":"product-type-simple"},"bundled_by":[],"bundle_stock_status":"instock","bundle_stock_quantity":24,"bundle_virtual":false,"bundle_layout":"","bundle_add_to_cart_form_location":"","bundle_editable_in_cart":false,"bundle_sold_individually_context":"","bundle_item_grouping":"","bundle_min_size":"","bundle_max_size":"","bundle_price":[],"bundled_items":[],"bundle_sell_ids":[],"acf":[],"yoast_head":"<!-- This site is optimized with the Yoast SEO Premium plugin v25.9 (Yoast SEO v27.5) - https:\/\/yoast.com\/product\/yoast-seo-premium-wordpress\/ -->\n<title>After Shave Cologne 750ml Flame - L3VEL3 - KZ Profesional<\/title>\n<meta name=\"description\" content=\"Our spray cologne leaves the skin soft, fresh and revitalisingly scented.\" \/>\n<meta name=\"robots\" content=\"index, follow, max-snippet:-1, max-image-preview:large, max-video-preview:-1\" \/>\n<link rel=\"canonical\" href=\"https:\/\/kzprofesional.com\/after-shave-cologne-750ml-flame-l3vel3\/\" \/>\n<meta property=\"og:locale\" content=\"en_US\" \/>\n<meta property=\"og:type\" content=\"article\" \/>\n<meta property=\"og:title\" content=\"After Shave Cologne 750ml Flame - L3VEL3\" \/>\n<meta property=\"og:description\" content=\"Our spray cologne leaves the skin soft, fresh and revitalisingly scented.\" \/>\n<meta property=\"og:url\" content=\"https:\/\/kzprofesional.com\/after-shave-cologne-750ml-flame-l3vel3\/\" \/>\n<meta property=\"og:site_name\" content=\"KZ Profesional\" \/>\n<meta property=\"article:modified_time\" content=\"2026-04-29T22:32:28+00:00\" \/>\n<meta property=\"og:image\" content=\"https:\/\/kzprofesional.com\/wp-content\/uploads\/After-Shave-Cologne-750ml-Flame-L3VEL3.jpg\" \/>\n\t<meta property=\"og:image:width\" content=\"1500\" \/>\n\t<meta property=\"og:image:height\" content=\"1500\" \/>\n\t<meta property=\"og:image:type\" content=\"image\/jpeg\" \/>\n<meta name=\"twitter:card\" content=\"summary_large_image\" \/>\n<script type=\"application\/ld+json\" class=\"yoast-schema-graph\">{\"@context\":\"https:\\\/\\\/schema.org\",\"@graph\":[{\"@type\":\"WebPage\",\"@id\":\"https:\\\/\\\/kzprofesional.com\\\/after-shave-cologne-750ml-flame-l3vel3\\\/\",\"url\":\"https:\\\/\\\/kzprofesional.com\\\/after-shave-cologne-750ml-flame-l3vel3\\\/\",\"name\":\"After Shave Cologne 750ml Flame - L3VEL3 - KZ Profesional\",\"isPartOf\":{\"@id\":\"https:\\\/\\\/kzprofesional.com\\\/#website\"},\"primaryImageOfPage\":{\"@id\":\"https:\\\/\\\/kzprofesional.com\\\/after-shave-cologne-750ml-flame-l3vel3\\\/#primaryimage\"},\"image\":{\"@id\":\"https:\\\/\\\/kzprofesional.com\\\/after-shave-cologne-750ml-flame-l3vel3\\\/#primaryimage\"},\"thumbnailUrl\":\"https:\\\/\\\/kzprofesional.com\\\/wp-content\\\/uploads\\\/After-Shave-Cologne-750ml-Flame-L3VEL3.jpg\",\"datePublished\":\"2026-03-17T12:17:53+00:00\",\"dateModified\":\"2026-04-29T22:32:28+00:00\",\"description\":\"Our spray cologne leaves the skin soft, fresh and revitalisingly scented.\",\"breadcrumb\":{\"@id\":\"https:\\\/\\\/kzprofesional.com\\\/after-shave-cologne-750ml-flame-l3vel3\\\/#breadcrumb\"},\"inLanguage\":\"en-US\",\"potentialAction\":[{\"@type\":\"ReadAction\",\"target\":[\"https:\\\/\\\/kzprofesional.com\\\/after-shave-cologne-750ml-flame-l3vel3\\\/\"]}]},{\"@type\":\"ImageObject\",\"inLanguage\":\"en-US\",\"@id\":\"https:\\\/\\\/kzprofesional.com\\\/after-shave-cologne-750ml-flame-l3vel3\\\/#primaryimage\",\"url\":\"https:\\\/\\\/kzprofesional.com\\\/wp-content\\\/uploads\\\/After-Shave-Cologne-750ml-Flame-L3VEL3.jpg\",\"contentUrl\":\"https:\\\/\\\/kzprofesional.com\\\/wp-content\\\/uploads\\\/After-Shave-Cologne-750ml-Flame-L3VEL3.jpg\",\"width\":1500,\"height\":1500},{\"@type\":\"BreadcrumbList\",\"@id\":\"https:\\\/\\\/kzprofesional.com\\\/after-shave-cologne-750ml-flame-l3vel3\\\/#breadcrumb\",\"itemListElement\":[{\"@type\":\"ListItem\",\"position\":1,\"name\":\"Home\",\"item\":\"https:\\\/\\\/kzprofesional.com\\\/\"},{\"@type\":\"ListItem\",\"position\":2,\"name\":\"Shop\",\"item\":\"https:\\\/\\\/kzprofesional.com\\\/en\\\/shop\\\/\"},{\"@type\":\"ListItem\",\"position\":3,\"name\":\"After Shave Cologne 750ml Flame &#8211; L3VEL3\"}]},{\"@type\":\"WebSite\",\"@id\":\"https:\\\/\\\/kzprofesional.com\\\/#website\",\"url\":\"https:\\\/\\\/kzprofesional.com\\\/\",\"name\":\"KZ Profesional\",\"description\":\"\",\"publisher\":{\"@id\":\"https:\\\/\\\/kzprofesional.com\\\/#organization\"},\"potentialAction\":[{\"@type\":\"SearchAction\",\"target\":{\"@type\":\"EntryPoint\",\"urlTemplate\":\"https:\\\/\\\/kzprofesional.com\\\/?s={search_term_string}\"},\"query-input\":{\"@type\":\"PropertyValueSpecification\",\"valueRequired\":true,\"valueName\":\"search_term_string\"}}],\"inLanguage\":\"en-US\"},{\"@type\":\"Organization\",\"@id\":\"https:\\\/\\\/kzprofesional.com\\\/#organization\",\"name\":\"Imperio Barber Shop\",\"url\":\"https:\\\/\\\/kzprofesional.com\\\/\",\"logo\":{\"@type\":\"ImageObject\",\"inLanguage\":\"en-US\",\"@id\":\"https:\\\/\\\/kzprofesional.com\\\/#\\\/schema\\\/logo\\\/image\\\/\",\"url\":\"https:\\\/\\\/kzprofesional.com\\\/wp-content\\\/uploads\\\/2021\\\/09\\\/Logo-Imperio-Barber-Shop.png\",\"contentUrl\":\"https:\\\/\\\/kzprofesional.com\\\/wp-content\\\/uploads\\\/2021\\\/09\\\/Logo-Imperio-Barber-Shop.png\",\"width\":128,\"height\":128,\"caption\":\"Imperio Barber Shop\"},\"image\":{\"@id\":\"https:\\\/\\\/kzprofesional.com\\\/#\\\/schema\\\/logo\\\/image\\\/\"}}]}<\/script>\n<!-- \/ Yoast SEO Premium plugin. -->","yoast_head_json":{"title":"After Shave Cologne 750ml Flame - L3VEL3 - KZ Profesional","description":"Our spray cologne leaves the skin soft, fresh and revitalisingly scented.","robots":{"index":"index","follow":"follow","max-snippet":"max-snippet:-1","max-image-preview":"max-image-preview:large","max-video-preview":"max-video-preview:-1"},"canonical":"https:\/\/kzprofesional.com\/after-shave-cologne-750ml-flame-l3vel3\/","og_locale":"en_US","og_type":"article","og_title":"After Shave Cologne 750ml Flame - L3VEL3","og_description":"Our spray cologne leaves the skin soft, fresh and revitalisingly scented.","og_url":"https:\/\/kzprofesional.com\/after-shave-cologne-750ml-flame-l3vel3\/","og_site_name":"KZ Profesional","article_modified_time":"2026-04-29T22:32:28+00:00","og_image":[{"width":1500,"height":1500,"url":"https:\/\/kzprofesional.com\/wp-content\/uploads\/After-Shave-Cologne-750ml-Flame-L3VEL3.jpg","type":"image\/jpeg"}],"twitter_card":"summary_large_image","schema":{"@context":"https:\/\/schema.org","@graph":[{"@type":"WebPage","@id":"https:\/\/kzprofesional.com\/after-shave-cologne-750ml-flame-l3vel3\/","url":"https:\/\/kzprofesional.com\/after-shave-cologne-750ml-flame-l3vel3\/","name":"After Shave Cologne 750ml Flame - L3VEL3 - KZ Profesional","isPartOf":{"@id":"https:\/\/kzprofesional.com\/#website"},"primaryImageOfPage":{"@id":"https:\/\/kzprofesional.com\/after-shave-cologne-750ml-flame-l3vel3\/#primaryimage"},"image":{"@id":"https:\/\/kzprofesional.com\/after-shave-cologne-750ml-flame-l3vel3\/#primaryimage"},"thumbnailUrl":"https:\/\/kzprofesional.com\/wp-content\/uploads\/After-Shave-Cologne-750ml-Flame-L3VEL3.jpg","datePublished":"2026-03-17T12:17:53+00:00","dateModified":"2026-04-29T22:32:28+00:00","description":"Our spray cologne leaves the skin soft, fresh and revitalisingly scented.","breadcrumb":{"@id":"https:\/\/kzprofesional.com\/after-shave-cologne-750ml-flame-l3vel3\/#breadcrumb"},"inLanguage":"en-US","potentialAction":[{"@type":"ReadAction","target":["https:\/\/kzprofesional.com\/after-shave-cologne-750ml-flame-l3vel3\/"]}]},{"@type":"ImageObject","inLanguage":"en-US","@id":"https:\/\/kzprofesional.com\/after-shave-cologne-750ml-flame-l3vel3\/#primaryimage","url":"https:\/\/kzprofesional.com\/wp-content\/uploads\/After-Shave-Cologne-750ml-Flame-L3VEL3.jpg","contentUrl":"https:\/\/kzprofesional.com\/wp-content\/uploads\/After-Shave-Cologne-750ml-Flame-L3VEL3.jpg","width":1500,"height":1500},{"@type":"BreadcrumbList","@id":"https:\/\/kzprofesional.com\/after-shave-cologne-750ml-flame-l3vel3\/#breadcrumb","itemListElement":[{"@type":"ListItem","position":1,"name":"Home","item":"https:\/\/kzprofesional.com\/"},{"@type":"ListItem","position":2,"name":"Shop","item":"https:\/\/kzprofesional.com\/en\/shop\/"},{"@type":"ListItem","position":3,"name":"After Shave Cologne 750ml Flame &#8211; L3VEL3"}]},{"@type":"WebSite","@id":"https:\/\/kzprofesional.com\/#website","url":"https:\/\/kzprofesional.com\/","name":"KZ Profesional","description":"","publisher":{"@id":"https:\/\/kzprofesional.com\/#organization"},"potentialAction":[{"@type":"SearchAction","target":{"@type":"EntryPoint","urlTemplate":"https:\/\/kzprofesional.com\/?s={search_term_string}"},"query-input":{"@type":"PropertyValueSpecification","valueRequired":true,"valueName":"search_term_string"}}],"inLanguage":"en-US"},{"@type":"Organization","@id":"https:\/\/kzprofesional.com\/#organization","name":"Imperio Barber Shop","url":"https:\/\/kzprofesional.com\/","logo":{"@type":"ImageObject","inLanguage":"en-US","@id":"https:\/\/kzprofesional.com\/#\/schema\/logo\/image\/","url":"https:\/\/kzprofesional.com\/wp-content\/uploads\/2021\/09\/Logo-Imperio-Barber-Shop.png","contentUrl":"https:\/\/kzprofesional.com\/wp-content\/uploads\/2021\/09\/Logo-Imperio-Barber-Shop.png","width":128,"height":128,"caption":"Imperio Barber Shop"},"image":{"@id":"https:\/\/kzprofesional.com\/#\/schema\/logo\/image\/"}}]}},"_links":{"self":[{"href":"https:\/\/kzprofesional.com\/en\/wp-json\/wp\/v2\/product\/82393","targetHints":{"allow":["GET"]}}],"collection":[{"href":"https:\/\/kzprofesional.com\/en\/wp-json\/wp\/v2\/product"}],"about":[{"href":"https:\/\/kzprofesional.com\/en\/wp-json\/wp\/v2\/types\/product"}],"wp:featuredmedia":[{"embeddable":true,"href":"https:\/\/kzprofesional.com\/en\/wp-json\/wp\/v2\/media\/82394"}],"wp:attachment":[{"href":"https:\/\/kzprofesional.com\/en\/wp-json\/wp\/v2\/media?parent=82393"}],"wp:term":[{"taxonomy":"product_brand","embeddable":true,"href":"https:\/\/kzprofesional.com\/en\/wp-json\/wp\/v2\/product_brand?post=82393"},{"taxonomy":"product_cat","embeddable":true,"href":"https:\/\/kzprofesional.com\/en\/wp-json\/wp\/v2\/product_cat?post=82393"},{"taxonomy":"product_tag","embeddable":true,"href":"https:\/\/kzprofesional.com\/en\/wp-json\/wp\/v2\/product_tag?post=82393"}],"curies":[{"name":"wp","href":"https:\/\/api.w.org\/{rel}","templated":true}]}}