

{"id":82448,"date":"2026-03-16T09:41:26","date_gmt":"2026-03-16T08:41:26","guid":{"rendered":"https:\/\/kzprofesional.com\/trimmer-machine-veloce-lite-green-white-cocco\/"},"modified":"2026-04-30T00:32:37","modified_gmt":"2026-04-29T22:32:37","slug":"trimmer-machine-veloce-lite-green-white-cocco","status":"publish","type":"product","link":"https:\/\/kzprofesional.com\/en\/trimmer-machine-veloce-lite-green-white-cocco\/","title":{"rendered":"Trimmer Machine Veloce Lite Green\/White &#8211; COCCO"},"content":{"rendered":"<p><strong>Trimmer Machine Veloce Lite Green\/White &#8211; COCCO <\/strong><\/p>\n<p class=\"font-claude-response-body break-words whitespace-normal leading-[1.7]\"><em><span dir=\"auto\">Building on the legacy of one of the world\u2019s most precise trimmers, la Veloce Lite offers everything barbers loved about the original model, now lighter, smarter and more affordable.<\/span><\/em><\/p>\n<h4 class=\"font-claude-response-body break-words whitespace-normal leading-[1.7]\"><strong><span dir=\"auto\">Size specifications<\/span><\/strong><\/h4>\n<ul class=\"[li_&amp;]:mb-0 [li_&amp;]:mt-1 [li_&amp;]:gap-1 [&amp;:not(:last-child)_ul]:pb-1 [&amp;:not(:last-child)_ol]:pb-1 list-disc flex flex-col gap-1 pl-8 mb-3\">\n<li class=\"whitespace-normal break-words pl-2\"><span dir=\"auto\">Longitud: 5,8 pulgadas.<\/span><\/li>\n<li class=\"whitespace-normal break-words pl-2\"><span dir=\"auto\">Peso: 5,5 onzas.<\/span><\/li>\n<\/ul>\n<h4><strong><span dir=\"auto\">Digital Gap\u2122 DLC Blade Soft Touch<\/span><\/strong><\/h4>\n<p><span dir=\"auto\">Experimente un corte de ultra precisi\u00f3n con un tacto suave, no irritante y delicado. Nuestras hojas con recubrimiento tipo diamante y separaci\u00f3n digital ahora cuentan con una geometr\u00eda de dientes Soft Touch, ranuras de lubricaci\u00f3n mejoradas y bordes de esquina micro calibrados para mayor durabilidad, precisi\u00f3n en el corte y comodidad del cliente.<\/span><\/p>\n<h4><strong><span dir=\"auto\">Ultraligero<\/span><\/strong><\/h4>\n<div><span dir=\"auto\">Fabricada con pl\u00e1stico ABS ligero y resistente, ofrece un control sin esfuerzo, reduce la fatiga de la mu\u00f1eca y proporciona una maniobrabilidad y velocidad inigualables durante el detallado. La recortadora Veloce Lite es un 17 % m\u00e1s ligera que su predecesora, la Hyper Veloce.<\/span><\/div>\n<div><\/div>\n<h4><strong><span dir=\"auto\">High-tech DC motor<\/span><\/strong><\/h4>\n<div><span dir=\"auto\">Experimente un rendimiento impecable en cualquier condici\u00f3n. Nuestro motor de corriente continua de alta tecnolog\u00eda est\u00e1 dise\u00f1ado para mantener una velocidad constante de 7000 RPM, independientemente de si el cabello es denso, grueso o est\u00e1 mojado, y cuando la bater\u00eda est\u00e1 completamente cargada o a punto de agotarse.<\/span><\/div>\n<div><\/div>\n<h4><strong><span dir=\"auto\">Optimised fast-charging base<\/span><\/strong><\/h4>\n<div><span dir=\"auto\">Gracias a su reprogramaci\u00f3n para una carga m\u00e1s eficiente, la recortadora Veloce Lite reaches a full charge in approximately 1.5 hours and runs for 4 hours. La base de carga ha sido dise\u00f1ada para funcionar tanto con la recortadora como con la cortadora Veloce Lite.<\/span><\/div>\n<div><em><span dir=\"auto\">* La carga y el tiempo de funcionamiento pueden variar seg\u00fan el uso y las condiciones.<\/span><\/em><\/div>\n<div><\/div>\n<h4><strong><span dir=\"auto\">The perfect travel tool<\/span><\/strong><\/h4>\n<div><span dir=\"auto\">La Veloce Lite includes a travel lock. Press and hold the power button for three seconds to activate or deactivate it and prevent accidental activation. It also features a USB-C charging port, making it compatible with most phone chargers.<\/span><\/div>\n","protected":false},"excerpt":{"rendered":"<p>EXCLUSIVE PRE-ORDER!<\/p>\n<p>Reserve your Cocco. Be among the first to receive it.<\/p>\n<p>\ud83d\uddd3 Available from 20 April<br \/>\n\ud83d\ude9a Orders will begin shipping from that date.<br \/>\n\ud83c\udf81 Limited units in this first edition!<\/p>\n<p>\ud83d\udd12 Buy now to secure your unit.<br \/>\n\ud83d\udcb3 Payment is made today; shipping will be automatic from 20\/04, <strong>cash on delivery is not available.<\/strong><\/p>\n<p>1-year warranty for professionals and companies. 3 years for private consumers.<\/p>\n","protected":false},"featured_media":82449,"template":"","meta":{"_acf_changed":false,"_jet_sm_ready_style":"","_jet_sm_style":"","_jet_sm_controls_values":"","_jet_sm_fonts_collection":"","_jet_sm_fonts_links":""},"product_brand":[],"product_cat":[821,822,820,802],"product_tag":[],"class_list":{"0":"post-82448","1":"product","2":"type-product","3":"status-publish","4":"has-post-thumbnail","6":"product_cat-clippers","7":"product_cat-cordless","8":"product_cat-cordless-trimmers","9":"product_cat-new-arrivals","10":"product_shipping_class-envio-para-mobiliario","11":"sales-flash-overlay","12":"woocommerce-text-align-center","13":"woocommerce-image-align-center","14":"do-quantity-buttons","16":"first","17":"instock","18":"taxable","19":"shipping-taxable","20":"purchasable","21":"product-type-simple"},"bundled_by":[],"bundle_stock_status":"instock","bundle_stock_quantity":35,"bundle_virtual":false,"bundle_layout":"","bundle_add_to_cart_form_location":"","bundle_editable_in_cart":false,"bundle_sold_individually_context":"","bundle_item_grouping":"","bundle_min_size":"","bundle_max_size":"","bundle_price":[],"bundled_items":[],"bundle_sell_ids":[],"acf":[],"yoast_head":"<!-- This site is optimized with the Yoast SEO Premium plugin v25.9 (Yoast SEO v27.5) - https:\/\/yoast.com\/product\/yoast-seo-premium-wordpress\/ -->\n<title>Trimmer Machine Veloce Lite Green\/White - COCCO - KZ Profesional<\/title>\n<meta name=\"description\" content=\"Building on the legacy of one of the world\u2019s most precise trimmers, la Veloce Lite offers everything barbers loved about the original model, now lighter, smarter and more affordable.\" \/>\n<meta name=\"robots\" content=\"index, follow, max-snippet:-1, max-image-preview:large, max-video-preview:-1\" \/>\n<link rel=\"canonical\" href=\"https:\/\/kzprofesional.com\/maquina-trimmer-veloce-lite-verde-blanca-cocco\/\" \/>\n<meta property=\"og:locale\" content=\"en_US\" \/>\n<meta property=\"og:type\" content=\"article\" \/>\n<meta property=\"og:title\" content=\"Trimmer Machine Veloce Lite Green\/White - COCCO\" \/>\n<meta property=\"og:description\" content=\"Building on the legacy of one of the world\u2019s most precise trimmers, la Veloce Lite offers everything barbers loved about the original model, now lighter, smarter and more affordable.\" \/>\n<meta property=\"og:url\" content=\"https:\/\/kzprofesional.com\/maquina-trimmer-veloce-lite-verde-blanca-cocco\/\" \/>\n<meta property=\"og:site_name\" content=\"KZ Profesional\" \/>\n<meta property=\"article:modified_time\" content=\"2026-04-29T22:32:37+00:00\" \/>\n<meta property=\"og:image\" content=\"https:\/\/kzprofesional.com\/wp-content\/uploads\/cocco-veloce-trimmer3.png\" \/>\n\t<meta property=\"og:image:width\" content=\"864\" \/>\n\t<meta property=\"og:image:height\" content=\"860\" \/>\n\t<meta property=\"og:image:type\" content=\"image\/png\" \/>\n<meta name=\"twitter:card\" content=\"summary_large_image\" \/>\n<script type=\"application\/ld+json\" class=\"yoast-schema-graph\">{\"@context\":\"https:\\\/\\\/schema.org\",\"@graph\":[{\"@type\":\"WebPage\",\"@id\":\"https:\\\/\\\/kzprofesional.com\\\/maquina-trimmer-veloce-lite-verde-blanca-cocco\\\/\",\"url\":\"https:\\\/\\\/kzprofesional.com\\\/maquina-trimmer-veloce-lite-verde-blanca-cocco\\\/\",\"name\":\"Trimmer Machine Veloce Lite Green\\\/White - COCCO - KZ Profesional\",\"isPartOf\":{\"@id\":\"https:\\\/\\\/kzprofesional.com\\\/#website\"},\"primaryImageOfPage\":{\"@id\":\"https:\\\/\\\/kzprofesional.com\\\/maquina-trimmer-veloce-lite-verde-blanca-cocco\\\/#primaryimage\"},\"image\":{\"@id\":\"https:\\\/\\\/kzprofesional.com\\\/maquina-trimmer-veloce-lite-verde-blanca-cocco\\\/#primaryimage\"},\"thumbnailUrl\":\"https:\\\/\\\/kzprofesional.com\\\/wp-content\\\/uploads\\\/cocco-veloce-trimmer3.png\",\"datePublished\":\"2026-03-16T08:41:26+00:00\",\"dateModified\":\"2026-04-29T22:32:37+00:00\",\"description\":\"Building on the legacy of one of the world\u2019s most precise trimmers, la Veloce Lite offers everything barbers loved about the original model, now lighter, smarter and more affordable.\",\"breadcrumb\":{\"@id\":\"https:\\\/\\\/kzprofesional.com\\\/maquina-trimmer-veloce-lite-verde-blanca-cocco\\\/#breadcrumb\"},\"inLanguage\":\"en-US\",\"potentialAction\":[{\"@type\":\"ReadAction\",\"target\":[\"https:\\\/\\\/kzprofesional.com\\\/maquina-trimmer-veloce-lite-verde-blanca-cocco\\\/\"]}]},{\"@type\":\"ImageObject\",\"inLanguage\":\"en-US\",\"@id\":\"https:\\\/\\\/kzprofesional.com\\\/maquina-trimmer-veloce-lite-verde-blanca-cocco\\\/#primaryimage\",\"url\":\"https:\\\/\\\/kzprofesional.com\\\/wp-content\\\/uploads\\\/cocco-veloce-trimmer3.png\",\"contentUrl\":\"https:\\\/\\\/kzprofesional.com\\\/wp-content\\\/uploads\\\/cocco-veloce-trimmer3.png\",\"width\":864,\"height\":860},{\"@type\":\"BreadcrumbList\",\"@id\":\"https:\\\/\\\/kzprofesional.com\\\/maquina-trimmer-veloce-lite-verde-blanca-cocco\\\/#breadcrumb\",\"itemListElement\":[{\"@type\":\"ListItem\",\"position\":1,\"name\":\"Home\",\"item\":\"https:\\\/\\\/kzprofesional.com\\\/\"},{\"@type\":\"ListItem\",\"position\":2,\"name\":\"Shop\",\"item\":\"https:\\\/\\\/kzprofesional.com\\\/en\\\/shop\\\/\"},{\"@type\":\"ListItem\",\"position\":3,\"name\":\"Trimmer Machine Veloce Lite Green\\\/White &#8211; COCCO\"}]},{\"@type\":\"WebSite\",\"@id\":\"https:\\\/\\\/kzprofesional.com\\\/#website\",\"url\":\"https:\\\/\\\/kzprofesional.com\\\/\",\"name\":\"KZ Profesional\",\"description\":\"\",\"publisher\":{\"@id\":\"https:\\\/\\\/kzprofesional.com\\\/#organization\"},\"potentialAction\":[{\"@type\":\"SearchAction\",\"target\":{\"@type\":\"EntryPoint\",\"urlTemplate\":\"https:\\\/\\\/kzprofesional.com\\\/?s={search_term_string}\"},\"query-input\":{\"@type\":\"PropertyValueSpecification\",\"valueRequired\":true,\"valueName\":\"search_term_string\"}}],\"inLanguage\":\"en-US\"},{\"@type\":\"Organization\",\"@id\":\"https:\\\/\\\/kzprofesional.com\\\/#organization\",\"name\":\"Imperio Barber Shop\",\"url\":\"https:\\\/\\\/kzprofesional.com\\\/\",\"logo\":{\"@type\":\"ImageObject\",\"inLanguage\":\"en-US\",\"@id\":\"https:\\\/\\\/kzprofesional.com\\\/#\\\/schema\\\/logo\\\/image\\\/\",\"url\":\"https:\\\/\\\/kzprofesional.com\\\/wp-content\\\/uploads\\\/2021\\\/09\\\/Logo-Imperio-Barber-Shop.png\",\"contentUrl\":\"https:\\\/\\\/kzprofesional.com\\\/wp-content\\\/uploads\\\/2021\\\/09\\\/Logo-Imperio-Barber-Shop.png\",\"width\":128,\"height\":128,\"caption\":\"Imperio Barber Shop\"},\"image\":{\"@id\":\"https:\\\/\\\/kzprofesional.com\\\/#\\\/schema\\\/logo\\\/image\\\/\"}}]}<\/script>\n<!-- \/ Yoast SEO Premium plugin. -->","yoast_head_json":{"title":"Trimmer Machine Veloce Lite Green\/White - COCCO - KZ Profesional","description":"Building on the legacy of one of the world\u2019s most precise trimmers, la Veloce Lite offers everything barbers loved about the original model, now lighter, smarter and more affordable.","robots":{"index":"index","follow":"follow","max-snippet":"max-snippet:-1","max-image-preview":"max-image-preview:large","max-video-preview":"max-video-preview:-1"},"canonical":"https:\/\/kzprofesional.com\/maquina-trimmer-veloce-lite-verde-blanca-cocco\/","og_locale":"en_US","og_type":"article","og_title":"Trimmer Machine Veloce Lite Green\/White - COCCO","og_description":"Building on the legacy of one of the world\u2019s most precise trimmers, la Veloce Lite offers everything barbers loved about the original model, now lighter, smarter and more affordable.","og_url":"https:\/\/kzprofesional.com\/maquina-trimmer-veloce-lite-verde-blanca-cocco\/","og_site_name":"KZ Profesional","article_modified_time":"2026-04-29T22:32:37+00:00","og_image":[{"width":864,"height":860,"url":"https:\/\/kzprofesional.com\/wp-content\/uploads\/cocco-veloce-trimmer3.png","type":"image\/png"}],"twitter_card":"summary_large_image","schema":{"@context":"https:\/\/schema.org","@graph":[{"@type":"WebPage","@id":"https:\/\/kzprofesional.com\/maquina-trimmer-veloce-lite-verde-blanca-cocco\/","url":"https:\/\/kzprofesional.com\/maquina-trimmer-veloce-lite-verde-blanca-cocco\/","name":"Trimmer Machine Veloce Lite Green\/White - COCCO - KZ Profesional","isPartOf":{"@id":"https:\/\/kzprofesional.com\/#website"},"primaryImageOfPage":{"@id":"https:\/\/kzprofesional.com\/maquina-trimmer-veloce-lite-verde-blanca-cocco\/#primaryimage"},"image":{"@id":"https:\/\/kzprofesional.com\/maquina-trimmer-veloce-lite-verde-blanca-cocco\/#primaryimage"},"thumbnailUrl":"https:\/\/kzprofesional.com\/wp-content\/uploads\/cocco-veloce-trimmer3.png","datePublished":"2026-03-16T08:41:26+00:00","dateModified":"2026-04-29T22:32:37+00:00","description":"Building on the legacy of one of the world\u2019s most precise trimmers, la Veloce Lite offers everything barbers loved about the original model, now lighter, smarter and more affordable.","breadcrumb":{"@id":"https:\/\/kzprofesional.com\/maquina-trimmer-veloce-lite-verde-blanca-cocco\/#breadcrumb"},"inLanguage":"en-US","potentialAction":[{"@type":"ReadAction","target":["https:\/\/kzprofesional.com\/maquina-trimmer-veloce-lite-verde-blanca-cocco\/"]}]},{"@type":"ImageObject","inLanguage":"en-US","@id":"https:\/\/kzprofesional.com\/maquina-trimmer-veloce-lite-verde-blanca-cocco\/#primaryimage","url":"https:\/\/kzprofesional.com\/wp-content\/uploads\/cocco-veloce-trimmer3.png","contentUrl":"https:\/\/kzprofesional.com\/wp-content\/uploads\/cocco-veloce-trimmer3.png","width":864,"height":860},{"@type":"BreadcrumbList","@id":"https:\/\/kzprofesional.com\/maquina-trimmer-veloce-lite-verde-blanca-cocco\/#breadcrumb","itemListElement":[{"@type":"ListItem","position":1,"name":"Home","item":"https:\/\/kzprofesional.com\/"},{"@type":"ListItem","position":2,"name":"Shop","item":"https:\/\/kzprofesional.com\/en\/shop\/"},{"@type":"ListItem","position":3,"name":"Trimmer Machine Veloce Lite Green\/White &#8211; COCCO"}]},{"@type":"WebSite","@id":"https:\/\/kzprofesional.com\/#website","url":"https:\/\/kzprofesional.com\/","name":"KZ Profesional","description":"","publisher":{"@id":"https:\/\/kzprofesional.com\/#organization"},"potentialAction":[{"@type":"SearchAction","target":{"@type":"EntryPoint","urlTemplate":"https:\/\/kzprofesional.com\/?s={search_term_string}"},"query-input":{"@type":"PropertyValueSpecification","valueRequired":true,"valueName":"search_term_string"}}],"inLanguage":"en-US"},{"@type":"Organization","@id":"https:\/\/kzprofesional.com\/#organization","name":"Imperio Barber Shop","url":"https:\/\/kzprofesional.com\/","logo":{"@type":"ImageObject","inLanguage":"en-US","@id":"https:\/\/kzprofesional.com\/#\/schema\/logo\/image\/","url":"https:\/\/kzprofesional.com\/wp-content\/uploads\/2021\/09\/Logo-Imperio-Barber-Shop.png","contentUrl":"https:\/\/kzprofesional.com\/wp-content\/uploads\/2021\/09\/Logo-Imperio-Barber-Shop.png","width":128,"height":128,"caption":"Imperio Barber Shop"},"image":{"@id":"https:\/\/kzprofesional.com\/#\/schema\/logo\/image\/"}}]}},"_links":{"self":[{"href":"https:\/\/kzprofesional.com\/en\/wp-json\/wp\/v2\/product\/82448","targetHints":{"allow":["GET"]}}],"collection":[{"href":"https:\/\/kzprofesional.com\/en\/wp-json\/wp\/v2\/product"}],"about":[{"href":"https:\/\/kzprofesional.com\/en\/wp-json\/wp\/v2\/types\/product"}],"wp:featuredmedia":[{"embeddable":true,"href":"https:\/\/kzprofesional.com\/en\/wp-json\/wp\/v2\/media\/82449"}],"wp:attachment":[{"href":"https:\/\/kzprofesional.com\/en\/wp-json\/wp\/v2\/media?parent=82448"}],"wp:term":[{"taxonomy":"product_brand","embeddable":true,"href":"https:\/\/kzprofesional.com\/en\/wp-json\/wp\/v2\/product_brand?post=82448"},{"taxonomy":"product_cat","embeddable":true,"href":"https:\/\/kzprofesional.com\/en\/wp-json\/wp\/v2\/product_cat?post=82448"},{"taxonomy":"product_tag","embeddable":true,"href":"https:\/\/kzprofesional.com\/en\/wp-json\/wp\/v2\/product_tag?post=82448"}],"curies":[{"name":"wp","href":"https:\/\/api.w.org\/{rel}","templated":true}]}}