

{"id":83167,"date":"2026-03-20T11:39:35","date_gmt":"2026-03-20T10:39:35","guid":{"rendered":"https:\/\/kzprofesional.com\/shaver-machine-shaver-veloce-lite-black-red-cocco\/"},"modified":"2026-04-30T04:26:27","modified_gmt":"2026-04-30T02:26:27","slug":"shaver-machine-shaver-veloce-lite-black-red-cocco","status":"publish","type":"product","link":"https:\/\/kzprofesional.com\/en\/shaver-machine-shaver-veloce-lite-black-red-cocco\/","title":{"rendered":"Shaver Machine\/Shaver Veloce Lite Black\/Red &#8211; COCCO"},"content":{"rendered":"<p><strong>Shaver Machine\/Shaver Veloce Lite Black\/Red &#8211; COCCO<\/strong><\/p>\n<div><em><span dir=\"auto\">The Veloce Lite shaver es una full-size shaver dise\u00f1ada para el hairdressing professional, que busca efficiency and a close shave.<\/span><\/em><\/div>\n<h4><strong><span dir=\"auto\">Staggered dual-foil system<\/span><\/strong><\/h4>\n<div><span dir=\"auto\">Nuestra afeitadora de staggered dual foil realiza un two-stage shave: una l\u00e1mina se levanta y la otra finaliza, reducing the number of passes y minimizing shadow. Gracias a su floating suspension system, las l\u00e1minas adapt to the shaving surface, lo que permite afeitar hard-to-reach areas (como la mand\u00edbula, el cuello, detr\u00e1s de las orejas, etc.).<\/span><\/div>\n<h4><strong><span dir=\"auto\">La herramienta de viaje perfecta<\/span><\/strong><\/h4>\n<div><span dir=\"auto\">La Veloce Lite incorpora un bloqueo de viaje. Mant\u00e9n pulsado el bot\u00f3n de encendido durante tres segundos para activarlo o desactivarlo y evitar la activaci\u00f3n accidental de la herramienta. Adem\u00e1s, cuenta con un puerto de carga USB-C, lo que la hace compatible con la mayor\u00eda de los cargadores de tel\u00e9fono.<\/span><\/div>\n<h4><strong><span dir=\"auto\">F\u00e1cil limpieza<\/span><\/strong><\/h4>\n<div><span dir=\"auto\">Los cabezales de aluminio, accionados por un resorte, se desmontan con solo pulsar un bot\u00f3n para facilitar la limpieza y desinfecci\u00f3n.<\/span><\/div>\n<h4><strong><span dir=\"auto\">Dise\u00f1o ergon\u00f3mico<\/span><\/strong><\/h4>\n<div><span dir=\"auto\">Dise\u00f1ada para la comodidad profesional, la afeitadora es ligera, tiene un agarre ergon\u00f3mico y cuenta con l\u00e1minas dobles colocadas a diferentes alturas para facilitar el afeitado.<\/span><\/div>\n<h4><strong><span dir=\"auto\">Motor de CC de 7000 RPM<\/span><\/strong><\/h4>\n<div>\n<div><span dir=\"auto\">Dise\u00f1ada para all hair types, la afeitadora Veloce Lite te ofrece una potencia de nivel profesional.<\/span><\/div>\n<\/div>\n<h4><strong><span dir=\"auto\">La herramienta de viaje perfecta<\/span><\/strong><\/h4>\n<div><span dir=\"auto\">La Veloce Lite incorpora un bloqueo de viaje. Mant\u00e9n pulsado el bot\u00f3n de encendido durante tres segundos para activarlo o desactivarlo y evitar la activaci\u00f3n accidental de la herramienta. Adem\u00e1s, cuenta con un puerto de carga USB-C, lo que la hace compatible con la mayor\u00eda de los cargadores de tel\u00e9fono.<\/span><\/div>\n<div><\/div>\n<div>\n<div><span dir=\"auto\">Charging time de 1,5 horas y tiempo de funcionamiento de 3 horas.<\/span><\/div>\n<div><span dir=\"auto\">*La duraci\u00f3n de la carga y del funcionamiento puede variar seg\u00fan el uso y las condiciones.*<\/span><\/div>\n<\/div>\n","protected":false},"excerpt":{"rendered":"<p>\u00a1EXCLUSIVE PRE-SALE!<\/p>\n<p>Reserve your Cocco. Be among the first to receive it.<\/p>\n<p>\ud83d\uddd3 Available from 20 de Abril<br \/>\n\ud83d\ude9a Orders will start shipping from that date.<br \/>\n\ud83c\udf81 \u00a1Limited units en esta primera edici\u00f3n!<\/p>\n<p>\ud83d\udd12 Buy now to secure your unit.<br \/>\n\ud83d\udcb3 Payment is made today, shipping will be automatic a partir del 20\/04,<strong> cash on delivery is not available.<\/strong><\/p>\n<p>Garant\u00eda de 1 a\u00f1o para profesionales y empresas. 3 a\u00f1os para consumidores particulares.<\/p>\n","protected":false},"featured_media":83168,"template":"","meta":{"_acf_changed":false,"_jet_sm_ready_style":"","_jet_sm_style":"","_jet_sm_controls_values":"","_jet_sm_fonts_collection":"","_jet_sm_fonts_links":""},"product_brand":[],"product_cat":[989,821,822,802],"product_tag":[],"class_list":{"0":"post-83167","1":"product","2":"type-product","3":"status-publish","4":"has-post-thumbnail","6":"product_cat-battery-shaver","7":"product_cat-clippers","8":"product_cat-cordless","9":"product_cat-new-arrivals","10":"product_shipping_class-envio-para-mobiliario","11":"sales-flash-overlay","12":"woocommerce-text-align-center","13":"woocommerce-image-align-center","14":"do-quantity-buttons","16":"first","17":"instock","18":"taxable","19":"shipping-taxable","20":"purchasable","21":"product-type-simple"},"bundled_by":[],"bundle_stock_status":"instock","bundle_stock_quantity":34,"bundle_virtual":false,"bundle_layout":"","bundle_add_to_cart_form_location":"","bundle_editable_in_cart":false,"bundle_sold_individually_context":"","bundle_item_grouping":"","bundle_min_size":"","bundle_max_size":"","bundle_price":[],"bundled_items":[],"bundle_sell_ids":[],"acf":[],"yoast_head":"<!-- This site is optimized with the Yoast SEO Premium plugin v25.9 (Yoast SEO v27.5) - https:\/\/yoast.com\/product\/yoast-seo-premium-wordpress\/ -->\n<title>Shaver Machine\/Shaver Veloce Lite Black\/Red - COCCO - KZ Profesional<\/title>\n<meta name=\"description\" content=\"The Veloce Lite shaver is a full-size shaver designed for hair professionals seeking efficiency and a close shave.\" \/>\n<meta name=\"robots\" content=\"index, follow, max-snippet:-1, max-image-preview:large, max-video-preview:-1\" \/>\n<link rel=\"canonical\" href=\"https:\/\/kzprofesional.com\/maquina-afeitadora-shaver-veloce-lite-negra-roja-cocco\/\" \/>\n<meta property=\"og:locale\" content=\"en_US\" \/>\n<meta property=\"og:type\" content=\"article\" \/>\n<meta property=\"og:title\" content=\"Shaver Machine\/Shaver Veloce Lite Black\/Red - COCCO\" \/>\n<meta property=\"og:description\" content=\"The Veloce Lite shaver is a full-size shaver designed for hair professionals seeking efficiency and a close shave.\" \/>\n<meta property=\"og:url\" content=\"https:\/\/kzprofesional.com\/maquina-afeitadora-shaver-veloce-lite-negra-roja-cocco\/\" \/>\n<meta property=\"og:site_name\" content=\"KZ Profesional\" \/>\n<meta property=\"article:modified_time\" content=\"2026-04-30T02:26:27+00:00\" \/>\n<meta property=\"og:image\" content=\"https:\/\/kzprofesional.com\/wp-content\/uploads\/SHAVER-VELOCE3.png\" \/>\n\t<meta property=\"og:image:width\" content=\"859\" \/>\n\t<meta property=\"og:image:height\" content=\"861\" \/>\n\t<meta property=\"og:image:type\" content=\"image\/png\" \/>\n<meta name=\"twitter:card\" content=\"summary_large_image\" \/>\n<script type=\"application\/ld+json\" class=\"yoast-schema-graph\">{\"@context\":\"https:\\\/\\\/schema.org\",\"@graph\":[{\"@type\":\"WebPage\",\"@id\":\"https:\\\/\\\/kzprofesional.com\\\/maquina-afeitadora-shaver-veloce-lite-negra-roja-cocco\\\/\",\"url\":\"https:\\\/\\\/kzprofesional.com\\\/maquina-afeitadora-shaver-veloce-lite-negra-roja-cocco\\\/\",\"name\":\"Shaver Machine\\\/Shaver Veloce Lite Black\\\/Red - COCCO - KZ Profesional\",\"isPartOf\":{\"@id\":\"https:\\\/\\\/kzprofesional.com\\\/#website\"},\"primaryImageOfPage\":{\"@id\":\"https:\\\/\\\/kzprofesional.com\\\/maquina-afeitadora-shaver-veloce-lite-negra-roja-cocco\\\/#primaryimage\"},\"image\":{\"@id\":\"https:\\\/\\\/kzprofesional.com\\\/maquina-afeitadora-shaver-veloce-lite-negra-roja-cocco\\\/#primaryimage\"},\"thumbnailUrl\":\"https:\\\/\\\/kzprofesional.com\\\/wp-content\\\/uploads\\\/SHAVER-VELOCE3.png\",\"datePublished\":\"2026-03-20T10:39:35+00:00\",\"dateModified\":\"2026-04-30T02:26:27+00:00\",\"description\":\"The Veloce Lite shaver is a full-size shaver designed for hair professionals seeking efficiency and a close shave.\",\"breadcrumb\":{\"@id\":\"https:\\\/\\\/kzprofesional.com\\\/maquina-afeitadora-shaver-veloce-lite-negra-roja-cocco\\\/#breadcrumb\"},\"inLanguage\":\"en-US\",\"potentialAction\":[{\"@type\":\"ReadAction\",\"target\":[\"https:\\\/\\\/kzprofesional.com\\\/maquina-afeitadora-shaver-veloce-lite-negra-roja-cocco\\\/\"]}]},{\"@type\":\"ImageObject\",\"inLanguage\":\"en-US\",\"@id\":\"https:\\\/\\\/kzprofesional.com\\\/maquina-afeitadora-shaver-veloce-lite-negra-roja-cocco\\\/#primaryimage\",\"url\":\"https:\\\/\\\/kzprofesional.com\\\/wp-content\\\/uploads\\\/SHAVER-VELOCE3.png\",\"contentUrl\":\"https:\\\/\\\/kzprofesional.com\\\/wp-content\\\/uploads\\\/SHAVER-VELOCE3.png\",\"width\":859,\"height\":861},{\"@type\":\"BreadcrumbList\",\"@id\":\"https:\\\/\\\/kzprofesional.com\\\/maquina-afeitadora-shaver-veloce-lite-negra-roja-cocco\\\/#breadcrumb\",\"itemListElement\":[{\"@type\":\"ListItem\",\"position\":1,\"name\":\"Home\",\"item\":\"https:\\\/\\\/kzprofesional.com\\\/\"},{\"@type\":\"ListItem\",\"position\":2,\"name\":\"Shop\",\"item\":\"https:\\\/\\\/kzprofesional.com\\\/en\\\/shop\\\/\"},{\"@type\":\"ListItem\",\"position\":3,\"name\":\"Shaver Machine\\\/Shaver Veloce Lite Black\\\/Red &#8211; COCCO\"}]},{\"@type\":\"WebSite\",\"@id\":\"https:\\\/\\\/kzprofesional.com\\\/#website\",\"url\":\"https:\\\/\\\/kzprofesional.com\\\/\",\"name\":\"KZ Profesional\",\"description\":\"\",\"publisher\":{\"@id\":\"https:\\\/\\\/kzprofesional.com\\\/#organization\"},\"potentialAction\":[{\"@type\":\"SearchAction\",\"target\":{\"@type\":\"EntryPoint\",\"urlTemplate\":\"https:\\\/\\\/kzprofesional.com\\\/?s={search_term_string}\"},\"query-input\":{\"@type\":\"PropertyValueSpecification\",\"valueRequired\":true,\"valueName\":\"search_term_string\"}}],\"inLanguage\":\"en-US\"},{\"@type\":\"Organization\",\"@id\":\"https:\\\/\\\/kzprofesional.com\\\/#organization\",\"name\":\"Imperio Barber Shop\",\"url\":\"https:\\\/\\\/kzprofesional.com\\\/\",\"logo\":{\"@type\":\"ImageObject\",\"inLanguage\":\"en-US\",\"@id\":\"https:\\\/\\\/kzprofesional.com\\\/#\\\/schema\\\/logo\\\/image\\\/\",\"url\":\"https:\\\/\\\/kzprofesional.com\\\/wp-content\\\/uploads\\\/2021\\\/09\\\/Logo-Imperio-Barber-Shop.png\",\"contentUrl\":\"https:\\\/\\\/kzprofesional.com\\\/wp-content\\\/uploads\\\/2021\\\/09\\\/Logo-Imperio-Barber-Shop.png\",\"width\":128,\"height\":128,\"caption\":\"Imperio Barber Shop\"},\"image\":{\"@id\":\"https:\\\/\\\/kzprofesional.com\\\/#\\\/schema\\\/logo\\\/image\\\/\"}}]}<\/script>\n<!-- \/ Yoast SEO Premium plugin. -->","yoast_head_json":{"title":"Shaver Machine\/Shaver Veloce Lite Black\/Red - COCCO - KZ Profesional","description":"The Veloce Lite shaver is a full-size shaver designed for hair professionals seeking efficiency and a close shave.","robots":{"index":"index","follow":"follow","max-snippet":"max-snippet:-1","max-image-preview":"max-image-preview:large","max-video-preview":"max-video-preview:-1"},"canonical":"https:\/\/kzprofesional.com\/maquina-afeitadora-shaver-veloce-lite-negra-roja-cocco\/","og_locale":"en_US","og_type":"article","og_title":"Shaver Machine\/Shaver Veloce Lite Black\/Red - COCCO","og_description":"The Veloce Lite shaver is a full-size shaver designed for hair professionals seeking efficiency and a close shave.","og_url":"https:\/\/kzprofesional.com\/maquina-afeitadora-shaver-veloce-lite-negra-roja-cocco\/","og_site_name":"KZ Profesional","article_modified_time":"2026-04-30T02:26:27+00:00","og_image":[{"width":859,"height":861,"url":"https:\/\/kzprofesional.com\/wp-content\/uploads\/SHAVER-VELOCE3.png","type":"image\/png"}],"twitter_card":"summary_large_image","schema":{"@context":"https:\/\/schema.org","@graph":[{"@type":"WebPage","@id":"https:\/\/kzprofesional.com\/maquina-afeitadora-shaver-veloce-lite-negra-roja-cocco\/","url":"https:\/\/kzprofesional.com\/maquina-afeitadora-shaver-veloce-lite-negra-roja-cocco\/","name":"Shaver Machine\/Shaver Veloce Lite Black\/Red - COCCO - KZ Profesional","isPartOf":{"@id":"https:\/\/kzprofesional.com\/#website"},"primaryImageOfPage":{"@id":"https:\/\/kzprofesional.com\/maquina-afeitadora-shaver-veloce-lite-negra-roja-cocco\/#primaryimage"},"image":{"@id":"https:\/\/kzprofesional.com\/maquina-afeitadora-shaver-veloce-lite-negra-roja-cocco\/#primaryimage"},"thumbnailUrl":"https:\/\/kzprofesional.com\/wp-content\/uploads\/SHAVER-VELOCE3.png","datePublished":"2026-03-20T10:39:35+00:00","dateModified":"2026-04-30T02:26:27+00:00","description":"The Veloce Lite shaver is a full-size shaver designed for hair professionals seeking efficiency and a close shave.","breadcrumb":{"@id":"https:\/\/kzprofesional.com\/maquina-afeitadora-shaver-veloce-lite-negra-roja-cocco\/#breadcrumb"},"inLanguage":"en-US","potentialAction":[{"@type":"ReadAction","target":["https:\/\/kzprofesional.com\/maquina-afeitadora-shaver-veloce-lite-negra-roja-cocco\/"]}]},{"@type":"ImageObject","inLanguage":"en-US","@id":"https:\/\/kzprofesional.com\/maquina-afeitadora-shaver-veloce-lite-negra-roja-cocco\/#primaryimage","url":"https:\/\/kzprofesional.com\/wp-content\/uploads\/SHAVER-VELOCE3.png","contentUrl":"https:\/\/kzprofesional.com\/wp-content\/uploads\/SHAVER-VELOCE3.png","width":859,"height":861},{"@type":"BreadcrumbList","@id":"https:\/\/kzprofesional.com\/maquina-afeitadora-shaver-veloce-lite-negra-roja-cocco\/#breadcrumb","itemListElement":[{"@type":"ListItem","position":1,"name":"Home","item":"https:\/\/kzprofesional.com\/"},{"@type":"ListItem","position":2,"name":"Shop","item":"https:\/\/kzprofesional.com\/en\/shop\/"},{"@type":"ListItem","position":3,"name":"Shaver Machine\/Shaver Veloce Lite Black\/Red &#8211; COCCO"}]},{"@type":"WebSite","@id":"https:\/\/kzprofesional.com\/#website","url":"https:\/\/kzprofesional.com\/","name":"KZ Profesional","description":"","publisher":{"@id":"https:\/\/kzprofesional.com\/#organization"},"potentialAction":[{"@type":"SearchAction","target":{"@type":"EntryPoint","urlTemplate":"https:\/\/kzprofesional.com\/?s={search_term_string}"},"query-input":{"@type":"PropertyValueSpecification","valueRequired":true,"valueName":"search_term_string"}}],"inLanguage":"en-US"},{"@type":"Organization","@id":"https:\/\/kzprofesional.com\/#organization","name":"Imperio Barber Shop","url":"https:\/\/kzprofesional.com\/","logo":{"@type":"ImageObject","inLanguage":"en-US","@id":"https:\/\/kzprofesional.com\/#\/schema\/logo\/image\/","url":"https:\/\/kzprofesional.com\/wp-content\/uploads\/2021\/09\/Logo-Imperio-Barber-Shop.png","contentUrl":"https:\/\/kzprofesional.com\/wp-content\/uploads\/2021\/09\/Logo-Imperio-Barber-Shop.png","width":128,"height":128,"caption":"Imperio Barber Shop"},"image":{"@id":"https:\/\/kzprofesional.com\/#\/schema\/logo\/image\/"}}]}},"_links":{"self":[{"href":"https:\/\/kzprofesional.com\/en\/wp-json\/wp\/v2\/product\/83167","targetHints":{"allow":["GET"]}}],"collection":[{"href":"https:\/\/kzprofesional.com\/en\/wp-json\/wp\/v2\/product"}],"about":[{"href":"https:\/\/kzprofesional.com\/en\/wp-json\/wp\/v2\/types\/product"}],"wp:featuredmedia":[{"embeddable":true,"href":"https:\/\/kzprofesional.com\/en\/wp-json\/wp\/v2\/media\/83168"}],"wp:attachment":[{"href":"https:\/\/kzprofesional.com\/en\/wp-json\/wp\/v2\/media?parent=83167"}],"wp:term":[{"taxonomy":"product_brand","embeddable":true,"href":"https:\/\/kzprofesional.com\/en\/wp-json\/wp\/v2\/product_brand?post=83167"},{"taxonomy":"product_cat","embeddable":true,"href":"https:\/\/kzprofesional.com\/en\/wp-json\/wp\/v2\/product_cat?post=83167"},{"taxonomy":"product_tag","embeddable":true,"href":"https:\/\/kzprofesional.com\/en\/wp-json\/wp\/v2\/product_tag?post=83167"}],"curies":[{"name":"wp","href":"https:\/\/api.w.org\/{rel}","templated":true}]}}