

{"id":79549,"date":"2021-11-17T02:14:52","date_gmt":"2021-11-17T01:14:52","guid":{"rendered":"https:\/\/kzprofesional.com\/miroir-a-double-prise-eurostil\/"},"modified":"2021-11-17T02:14:52","modified_gmt":"2021-11-17T01:14:52","slug":"miroir-a-double-prise-eurostil","status":"publish","type":"product","link":"https:\/\/kzprofesional.com\/fr\/produit\/miroir-a-double-prise-eurostil\/","title":{"rendered":"Miroir \u00e0 double prise &#8211; EUROSTIL"},"content":{"rendered":"<p>Miroir double de coiffure &#8211; Eurostil.\u00a0Id\u00e9al pour voir tous les angles du contour de la t\u00eate ; pour salons de coiffure, mat\u00e9riau de haute qualit\u00e9 et r\u00e9sistant.<\/p>\n","protected":false},"excerpt":{"rendered":"<p>Miroir double de coiffure &#8211; Eurostil.\u00a0Id\u00e9al pour voir tous les angles du contour de la t\u00eate ; pour salons de coiffure, mat\u00e9riau de haute qualit\u00e9 et r\u00e9sistant.<\/p>\n","protected":false},"featured_media":64903,"template":"","meta":{"_acf_changed":false,"_jet_sm_ready_style":"","_jet_sm_style":"","_jet_sm_controls_values":"","_jet_sm_fonts_collection":"","_jet_sm_fonts_links":""},"product_brand":[],"product_cat":[771],"product_tag":[],"class_list":{"0":"post-79549","1":"product","2":"type-product","3":"status-publish","4":"has-post-thumbnail","6":"product_cat-accessoires","7":"sales-flash-overlay","8":"woocommerce-text-align-center","9":"woocommerce-image-align-center","10":"do-quantity-buttons","12":"first","13":"outofstock","14":"taxable","15":"shipping-taxable","16":"purchasable","17":"product-type-simple"},"bundled_by":[],"bundle_stock_status":"outofstock","bundle_stock_quantity":0,"bundle_virtual":false,"bundle_layout":"","bundle_add_to_cart_form_location":"","bundle_editable_in_cart":false,"bundle_sold_individually_context":"","bundle_item_grouping":"","bundle_min_size":"","bundle_max_size":"","bundle_price":[],"bundled_items":[],"bundle_sell_ids":[],"acf":[],"yoast_head":"<!-- This site is optimized with the Yoast SEO Premium plugin v25.9 (Yoast SEO v27.4) - https:\/\/yoast.com\/product\/yoast-seo-premium-wordpress\/ -->\n<title>Miroir \u00e0 double prise - EUROSTIL - KZ Profesional<\/title>\n<meta name=\"robots\" content=\"index, follow, max-snippet:-1, max-image-preview:large, max-video-preview:-1\" \/>\n<link rel=\"canonical\" href=\"https:\/\/kzprofesional.com\/producto\/espejo-doble-agarre\/\" \/>\n<meta property=\"og:locale\" content=\"fr_FR\" \/>\n<meta property=\"og:type\" content=\"article\" \/>\n<meta property=\"og:title\" content=\"Miroir \u00e0 double prise - EUROSTIL\" \/>\n<meta property=\"og:description\" content=\"Miroir double de coiffure &#8211; Eurostil.\u00a0Id\u00e9al pour voir tous les angles du contour de la t\u00eate ; pour salons de coiffure, mat\u00e9riau de haute qualit\u00e9 et r\u00e9sistant.\" \/>\n<meta property=\"og:url\" content=\"https:\/\/kzprofesional.com\/producto\/espejo-doble-agarre\/\" \/>\n<meta property=\"og:site_name\" content=\"KZ Profesional\" \/>\n<meta property=\"og:image\" content=\"https:\/\/kzprofesional.com\/wp-content\/uploads\/EUROSTIL-ESPEJO-DOBLE-AGARRE.png\" \/>\n\t<meta property=\"og:image:width\" content=\"1024\" \/>\n\t<meta property=\"og:image:height\" content=\"1024\" \/>\n\t<meta property=\"og:image:type\" content=\"image\/png\" \/>\n<meta name=\"twitter:card\" content=\"summary_large_image\" \/>\n<script type=\"application\/ld+json\" class=\"yoast-schema-graph\">{\"@context\":\"https:\\\/\\\/schema.org\",\"@graph\":[{\"@type\":\"WebPage\",\"@id\":\"https:\\\/\\\/kzprofesional.com\\\/producto\\\/espejo-doble-agarre\\\/\",\"url\":\"https:\\\/\\\/kzprofesional.com\\\/producto\\\/espejo-doble-agarre\\\/\",\"name\":\"Miroir \u00e0 double prise - EUROSTIL - KZ Profesional\",\"isPartOf\":{\"@id\":\"https:\\\/\\\/kzprofesional.com\\\/#website\"},\"primaryImageOfPage\":{\"@id\":\"https:\\\/\\\/kzprofesional.com\\\/producto\\\/espejo-doble-agarre\\\/#primaryimage\"},\"image\":{\"@id\":\"https:\\\/\\\/kzprofesional.com\\\/producto\\\/espejo-doble-agarre\\\/#primaryimage\"},\"thumbnailUrl\":\"https:\\\/\\\/kzprofesional.com\\\/wp-content\\\/uploads\\\/EUROSTIL-ESPEJO-DOBLE-AGARRE.png\",\"datePublished\":\"2021-11-17T01:14:52+00:00\",\"breadcrumb\":{\"@id\":\"https:\\\/\\\/kzprofesional.com\\\/producto\\\/espejo-doble-agarre\\\/#breadcrumb\"},\"inLanguage\":\"fr-FR\",\"potentialAction\":[{\"@type\":\"ReadAction\",\"target\":[\"https:\\\/\\\/kzprofesional.com\\\/producto\\\/espejo-doble-agarre\\\/\"]}]},{\"@type\":\"ImageObject\",\"inLanguage\":\"fr-FR\",\"@id\":\"https:\\\/\\\/kzprofesional.com\\\/producto\\\/espejo-doble-agarre\\\/#primaryimage\",\"url\":\"https:\\\/\\\/kzprofesional.com\\\/wp-content\\\/uploads\\\/EUROSTIL-ESPEJO-DOBLE-AGARRE.png\",\"contentUrl\":\"https:\\\/\\\/kzprofesional.com\\\/wp-content\\\/uploads\\\/EUROSTIL-ESPEJO-DOBLE-AGARRE.png\",\"width\":1024,\"height\":1024,\"caption\":\"[EUROSTIL] Miroir \u00e0 double prise\"},{\"@type\":\"BreadcrumbList\",\"@id\":\"https:\\\/\\\/kzprofesional.com\\\/producto\\\/espejo-doble-agarre\\\/#breadcrumb\",\"itemListElement\":[{\"@type\":\"ListItem\",\"position\":1,\"name\":\"Portada\",\"item\":\"https:\\\/\\\/kzprofesional.com\\\/fr\\\/\"},{\"@type\":\"ListItem\",\"position\":2,\"name\":\"Boutique\",\"item\":\"https:\\\/\\\/kzprofesional.com\\\/fr\\\/boutique\\\/\"},{\"@type\":\"ListItem\",\"position\":3,\"name\":\"Miroir \u00e0 double prise &#8211; EUROSTIL\"}]},{\"@type\":\"WebSite\",\"@id\":\"https:\\\/\\\/kzprofesional.com\\\/#website\",\"url\":\"https:\\\/\\\/kzprofesional.com\\\/\",\"name\":\"KZ Profesional\",\"description\":\"\",\"publisher\":{\"@id\":\"https:\\\/\\\/kzprofesional.com\\\/#organization\"},\"potentialAction\":[{\"@type\":\"SearchAction\",\"target\":{\"@type\":\"EntryPoint\",\"urlTemplate\":\"https:\\\/\\\/kzprofesional.com\\\/?s={search_term_string}\"},\"query-input\":{\"@type\":\"PropertyValueSpecification\",\"valueRequired\":true,\"valueName\":\"search_term_string\"}}],\"inLanguage\":\"fr-FR\"},{\"@type\":\"Organization\",\"@id\":\"https:\\\/\\\/kzprofesional.com\\\/#organization\",\"name\":\"Imperio Barber Shop\",\"url\":\"https:\\\/\\\/kzprofesional.com\\\/\",\"logo\":{\"@type\":\"ImageObject\",\"inLanguage\":\"fr-FR\",\"@id\":\"https:\\\/\\\/kzprofesional.com\\\/#\\\/schema\\\/logo\\\/image\\\/\",\"url\":\"https:\\\/\\\/kzprofesional.com\\\/wp-content\\\/uploads\\\/2021\\\/09\\\/Logo-Imperio-Barber-Shop.png\",\"contentUrl\":\"https:\\\/\\\/kzprofesional.com\\\/wp-content\\\/uploads\\\/2021\\\/09\\\/Logo-Imperio-Barber-Shop.png\",\"width\":128,\"height\":128,\"caption\":\"Imperio Barber Shop\"},\"image\":{\"@id\":\"https:\\\/\\\/kzprofesional.com\\\/#\\\/schema\\\/logo\\\/image\\\/\"}}]}<\/script>\n<!-- \/ Yoast SEO Premium plugin. -->","yoast_head_json":{"title":"Miroir \u00e0 double prise - EUROSTIL - KZ Profesional","robots":{"index":"index","follow":"follow","max-snippet":"max-snippet:-1","max-image-preview":"max-image-preview:large","max-video-preview":"max-video-preview:-1"},"canonical":"https:\/\/kzprofesional.com\/producto\/espejo-doble-agarre\/","og_locale":"fr_FR","og_type":"article","og_title":"Miroir \u00e0 double prise - EUROSTIL","og_description":"Miroir double de coiffure &#8211; Eurostil.\u00a0Id\u00e9al pour voir tous les angles du contour de la t\u00eate ; pour salons de coiffure, mat\u00e9riau de haute qualit\u00e9 et r\u00e9sistant.","og_url":"https:\/\/kzprofesional.com\/producto\/espejo-doble-agarre\/","og_site_name":"KZ Profesional","og_image":[{"width":1024,"height":1024,"url":"https:\/\/kzprofesional.com\/wp-content\/uploads\/EUROSTIL-ESPEJO-DOBLE-AGARRE.png","type":"image\/png"}],"twitter_card":"summary_large_image","schema":{"@context":"https:\/\/schema.org","@graph":[{"@type":"WebPage","@id":"https:\/\/kzprofesional.com\/producto\/espejo-doble-agarre\/","url":"https:\/\/kzprofesional.com\/producto\/espejo-doble-agarre\/","name":"Miroir \u00e0 double prise - EUROSTIL - KZ Profesional","isPartOf":{"@id":"https:\/\/kzprofesional.com\/#website"},"primaryImageOfPage":{"@id":"https:\/\/kzprofesional.com\/producto\/espejo-doble-agarre\/#primaryimage"},"image":{"@id":"https:\/\/kzprofesional.com\/producto\/espejo-doble-agarre\/#primaryimage"},"thumbnailUrl":"https:\/\/kzprofesional.com\/wp-content\/uploads\/EUROSTIL-ESPEJO-DOBLE-AGARRE.png","datePublished":"2021-11-17T01:14:52+00:00","breadcrumb":{"@id":"https:\/\/kzprofesional.com\/producto\/espejo-doble-agarre\/#breadcrumb"},"inLanguage":"fr-FR","potentialAction":[{"@type":"ReadAction","target":["https:\/\/kzprofesional.com\/producto\/espejo-doble-agarre\/"]}]},{"@type":"ImageObject","inLanguage":"fr-FR","@id":"https:\/\/kzprofesional.com\/producto\/espejo-doble-agarre\/#primaryimage","url":"https:\/\/kzprofesional.com\/wp-content\/uploads\/EUROSTIL-ESPEJO-DOBLE-AGARRE.png","contentUrl":"https:\/\/kzprofesional.com\/wp-content\/uploads\/EUROSTIL-ESPEJO-DOBLE-AGARRE.png","width":1024,"height":1024,"caption":"[EUROSTIL] Miroir \u00e0 double prise"},{"@type":"BreadcrumbList","@id":"https:\/\/kzprofesional.com\/producto\/espejo-doble-agarre\/#breadcrumb","itemListElement":[{"@type":"ListItem","position":1,"name":"Portada","item":"https:\/\/kzprofesional.com\/fr\/"},{"@type":"ListItem","position":2,"name":"Boutique","item":"https:\/\/kzprofesional.com\/fr\/boutique\/"},{"@type":"ListItem","position":3,"name":"Miroir \u00e0 double prise &#8211; EUROSTIL"}]},{"@type":"WebSite","@id":"https:\/\/kzprofesional.com\/#website","url":"https:\/\/kzprofesional.com\/","name":"KZ Profesional","description":"","publisher":{"@id":"https:\/\/kzprofesional.com\/#organization"},"potentialAction":[{"@type":"SearchAction","target":{"@type":"EntryPoint","urlTemplate":"https:\/\/kzprofesional.com\/?s={search_term_string}"},"query-input":{"@type":"PropertyValueSpecification","valueRequired":true,"valueName":"search_term_string"}}],"inLanguage":"fr-FR"},{"@type":"Organization","@id":"https:\/\/kzprofesional.com\/#organization","name":"Imperio Barber Shop","url":"https:\/\/kzprofesional.com\/","logo":{"@type":"ImageObject","inLanguage":"fr-FR","@id":"https:\/\/kzprofesional.com\/#\/schema\/logo\/image\/","url":"https:\/\/kzprofesional.com\/wp-content\/uploads\/2021\/09\/Logo-Imperio-Barber-Shop.png","contentUrl":"https:\/\/kzprofesional.com\/wp-content\/uploads\/2021\/09\/Logo-Imperio-Barber-Shop.png","width":128,"height":128,"caption":"Imperio Barber Shop"},"image":{"@id":"https:\/\/kzprofesional.com\/#\/schema\/logo\/image\/"}}]}},"_links":{"self":[{"href":"https:\/\/kzprofesional.com\/fr\/wp-json\/wp\/v2\/product\/79549","targetHints":{"allow":["GET"]}}],"collection":[{"href":"https:\/\/kzprofesional.com\/fr\/wp-json\/wp\/v2\/product"}],"about":[{"href":"https:\/\/kzprofesional.com\/fr\/wp-json\/wp\/v2\/types\/product"}],"wp:featuredmedia":[{"embeddable":true,"href":"https:\/\/kzprofesional.com\/fr\/wp-json\/wp\/v2\/media\/64903"}],"wp:attachment":[{"href":"https:\/\/kzprofesional.com\/fr\/wp-json\/wp\/v2\/media?parent=79549"}],"wp:term":[{"taxonomy":"product_brand","embeddable":true,"href":"https:\/\/kzprofesional.com\/fr\/wp-json\/wp\/v2\/product_brand?post=79549"},{"taxonomy":"product_cat","embeddable":true,"href":"https:\/\/kzprofesional.com\/fr\/wp-json\/wp\/v2\/product_cat?post=79549"},{"taxonomy":"product_tag","embeddable":true,"href":"https:\/\/kzprofesional.com\/fr\/wp-json\/wp\/v2\/product_tag?post=79549"}],"curies":[{"name":"wp","href":"https:\/\/api.w.org\/{rel}","templated":true}]}}