

{"id":79727,"date":"2026-04-24T13:57:35","date_gmt":"2026-04-24T11:57:35","guid":{"rendered":"https:\/\/kzprofesional.com\/machine-clipper-instinct-metal-personnalisee-2-stylecraft\/"},"modified":"2026-04-27T08:02:01","modified_gmt":"2026-04-27T06:02:01","slug":"machine-clipper-instinct-metal-personnalisee-2-stylecraft","status":"publish","type":"product","link":"https:\/\/kzprofesional.com\/fr\/produit\/machine-clipper-instinct-metal-personnalisee-2-stylecraft\/","title":{"rendered":"Machine Clipper Instinct Metal personnalis\u00e9e 2 &#8211; STYLECRAFT"},"content":{"rendered":"<p>L\u2019Instinct Clipper Metal Edition offre un format compact pour un contr\u00f4le accru sans effort. Profitez d\u2019une puissance et d\u2019une vitesse in\u00e9dites gr\u00e2ce \u00e0 son moteur turbo IN2 Vector, fonctionnant \u00e0 l\u2019incroyable vitesse de 11 500 passages par minute. Elle dispose \u00e9galement d\u2019un bo\u00eetier arri\u00e8re en m\u00e9tal con\u00e7u pour absorber les vibrations, garantissant une exp\u00e9rience nettement plus silencieuse. Dites adieu au bruit g\u00eanant et profitez d\u2019une s\u00e9ance de coupe plus douce et plus calme.<\/p>\n<p>Le MOTEUR VECTOR IN2 offre 11 500 coups par minute in\u00e9gal\u00e9s avec une puissance irr\u00e9sistible<\/p>\n<p>\u2022 ASSEMBL\u00c9E AVEC UNE LAME FIXE BLACK DIAMOND Faper pour m\u00e9langer, fondre et retirer le volume de mani\u00e8re sup\u00e9rieure, ainsi qu\u2019un cutter Black Diamond Deep Slim<\/p>\n<p>\u2022 La BATTERIE LITHIUM-ION offre jusqu\u2019\u00e0 4 heures de fonctionnement sans fil avec un temps de recharge de 2 heures.<\/p>\n<p>\u2022 LAME ENTI\u00c8REMENT R\u00c9GLABLE pouvant \u00eatre facilement r\u00e9gl\u00e9e \u00e0 z\u00e9ro.<\/p>\n<p>\u2022 SUPER COMPACTE et durable avec un design ergonomique.<\/p>\n<p>\u2022 BO\u00ceTIER M\u00c9TALLIQUE qui amortit le bruit et absorbe les vibrations.<\/p>\n<p>\u2022 CON\u00c7UE ET FABRIQU\u00c9E aux \u00c9tats-Unis.<\/p>\n<p>\u2022 COMPREND : 8 guides magn\u00e9tiques doubles : #0 (1\/16\u201d) #1 (1\/8\u00a0\u00bb) #1.5 (3\/16\u00a0\u00bb) #2 (1\/4\u00a0\u00bb) #3 (3\/8\u00a0\u00bb) #4 (1\/2\u00a0\u00bb) #5 (5\/8\u00a0\u00bb) #6 (3\/4\u00a0\u00bb), socle\/c\u00e2ble de charge, 3 leviers, 3 capuchons interchangeables, manuel d\u2019instructions, kit de nettoyage\/entretien, mini-tournevis pratique pour r\u00e9gler la lame et modifications personnalis\u00e9es du corps.<\/p>\n","protected":false},"excerpt":{"rendered":"<p>Personnalisez votre \u00e9quipement avec nos machines des marques leaders du secteur du barbering et de la coiffure !<br \/>\n<strong>D\u00e9lai de livraison entre 1 et 15 jours.<\/strong><br \/>\nGarantie de 1 an pour les professionnels et les entreprises. 3 ans pour les consommateurs particuliers.<\/p>\n","protected":false},"featured_media":79728,"template":"","meta":{"_acf_changed":false,"_jet_sm_ready_style":"","_jet_sm_style":"","_jet_sm_controls_values":"","_jet_sm_fonts_collection":"","_jet_sm_fonts_links":""},"product_brand":[],"product_cat":[805,806,807,804],"product_tag":[],"class_list":{"0":"post-79727","1":"product","2":"type-product","3":"status-publish","4":"has-post-thumbnail","6":"product_cat-machines-personnalisees","7":"product_cat-nouveautes","8":"product_cat-offres","9":"product_cat-produits-personnalises","10":"sales-flash-overlay","11":"woocommerce-text-align-center","12":"woocommerce-image-align-center","13":"do-quantity-buttons","15":"first","16":"instock","17":"sale","18":"taxable","19":"shipping-taxable","20":"purchasable","21":"product-type-simple"},"bundled_by":[],"bundle_stock_status":"instock","bundle_stock_quantity":1,"bundle_virtual":false,"bundle_layout":"","bundle_add_to_cart_form_location":"","bundle_editable_in_cart":false,"bundle_sold_individually_context":"","bundle_item_grouping":"","bundle_min_size":"","bundle_max_size":"","bundle_price":[],"bundled_items":[],"bundle_sell_ids":[],"acf":[],"yoast_head":"<!-- This site is optimized with the Yoast SEO Premium plugin v25.9 (Yoast SEO v27.4) - https:\/\/yoast.com\/product\/yoast-seo-premium-wordpress\/ -->\n<title>Machine Clipper Instinct Metal personnalis\u00e9e 2 - STYLECRAFT - KZ Profesional<\/title>\n<meta name=\"robots\" content=\"index, follow, max-snippet:-1, max-image-preview:large, max-video-preview:-1\" \/>\n<link rel=\"canonical\" href=\"https:\/\/kzprofesional.com\/fr\/produit\/machine-clipper-instinct-metal-personnalisee-2-stylecraft\/\" \/>\n<meta property=\"og:locale\" content=\"fr_FR\" \/>\n<meta property=\"og:type\" content=\"article\" \/>\n<meta property=\"og:title\" content=\"Machine Clipper Instinct Metal personnalis\u00e9e 2 - STYLECRAFT\" \/>\n<meta property=\"og:description\" content=\"Personnalisez votre \u00e9quipement avec nos machines des marques leaders du secteur du barbering et de la coiffure ! D\u00e9lai de livraison entre 1 et 15 jours. Garantie de 1 an pour les professionnels et les entreprises. 3 ans pour les consommateurs particuliers.\" \/>\n<meta property=\"og:url\" content=\"https:\/\/kzprofesional.com\/fr\/produit\/machine-clipper-instinct-metal-personnalisee-2-stylecraft\/\" \/>\n<meta property=\"og:site_name\" content=\"KZ Profesional\" \/>\n<meta property=\"article:modified_time\" content=\"2026-04-27T06:02:01+00:00\" \/>\n<meta property=\"og:image\" content=\"https:\/\/kzprofesional.com\/wp-content\/uploads\/WhatsApp-Image-2026-04-24-at-09.12.50-3.jpeg\" \/>\n\t<meta property=\"og:image:width\" content=\"1536\" \/>\n\t<meta property=\"og:image:height\" content=\"2048\" \/>\n\t<meta property=\"og:image:type\" content=\"image\/jpeg\" \/>\n<meta name=\"twitter:card\" content=\"summary_large_image\" \/>\n<script type=\"application\/ld+json\" class=\"yoast-schema-graph\">{\"@context\":\"https:\\\/\\\/schema.org\",\"@graph\":[{\"@type\":\"WebPage\",\"@id\":\"https:\\\/\\\/kzprofesional.com\\\/fr\\\/produit\\\/machine-clipper-instinct-metal-personnalisee-2-stylecraft\\\/\",\"url\":\"https:\\\/\\\/kzprofesional.com\\\/fr\\\/produit\\\/machine-clipper-instinct-metal-personnalisee-2-stylecraft\\\/\",\"name\":\"Machine Clipper Instinct Metal personnalis\u00e9e 2 - STYLECRAFT - KZ Profesional\",\"isPartOf\":{\"@id\":\"https:\\\/\\\/kzprofesional.com\\\/#website\"},\"primaryImageOfPage\":{\"@id\":\"https:\\\/\\\/kzprofesional.com\\\/fr\\\/produit\\\/machine-clipper-instinct-metal-personnalisee-2-stylecraft\\\/#primaryimage\"},\"image\":{\"@id\":\"https:\\\/\\\/kzprofesional.com\\\/fr\\\/produit\\\/machine-clipper-instinct-metal-personnalisee-2-stylecraft\\\/#primaryimage\"},\"thumbnailUrl\":\"https:\\\/\\\/kzprofesional.com\\\/wp-content\\\/uploads\\\/WhatsApp-Image-2026-04-24-at-09.12.50-3.jpeg\",\"datePublished\":\"2026-04-24T11:57:35+00:00\",\"dateModified\":\"2026-04-27T06:02:01+00:00\",\"breadcrumb\":{\"@id\":\"https:\\\/\\\/kzprofesional.com\\\/fr\\\/produit\\\/machine-clipper-instinct-metal-personnalisee-2-stylecraft\\\/#breadcrumb\"},\"inLanguage\":\"fr-FR\",\"potentialAction\":[{\"@type\":\"ReadAction\",\"target\":[\"https:\\\/\\\/kzprofesional.com\\\/fr\\\/produit\\\/machine-clipper-instinct-metal-personnalisee-2-stylecraft\\\/\"]}]},{\"@type\":\"ImageObject\",\"inLanguage\":\"fr-FR\",\"@id\":\"https:\\\/\\\/kzprofesional.com\\\/fr\\\/produit\\\/machine-clipper-instinct-metal-personnalisee-2-stylecraft\\\/#primaryimage\",\"url\":\"https:\\\/\\\/kzprofesional.com\\\/wp-content\\\/uploads\\\/WhatsApp-Image-2026-04-24-at-09.12.50-3.jpeg\",\"contentUrl\":\"https:\\\/\\\/kzprofesional.com\\\/wp-content\\\/uploads\\\/WhatsApp-Image-2026-04-24-at-09.12.50-3.jpeg\",\"width\":1536,\"height\":2048},{\"@type\":\"BreadcrumbList\",\"@id\":\"https:\\\/\\\/kzprofesional.com\\\/fr\\\/produit\\\/machine-clipper-instinct-metal-personnalisee-2-stylecraft\\\/#breadcrumb\",\"itemListElement\":[{\"@type\":\"ListItem\",\"position\":1,\"name\":\"Portada\",\"item\":\"https:\\\/\\\/kzprofesional.com\\\/fr\\\/\"},{\"@type\":\"ListItem\",\"position\":2,\"name\":\"Boutique\",\"item\":\"https:\\\/\\\/kzprofesional.com\\\/fr\\\/boutique\\\/\"},{\"@type\":\"ListItem\",\"position\":3,\"name\":\"Machine Clipper Instinct Metal personnalis\u00e9e 2 &#8211; STYLECRAFT\"}]},{\"@type\":\"WebSite\",\"@id\":\"https:\\\/\\\/kzprofesional.com\\\/#website\",\"url\":\"https:\\\/\\\/kzprofesional.com\\\/\",\"name\":\"KZ Profesional\",\"description\":\"\",\"publisher\":{\"@id\":\"https:\\\/\\\/kzprofesional.com\\\/#organization\"},\"potentialAction\":[{\"@type\":\"SearchAction\",\"target\":{\"@type\":\"EntryPoint\",\"urlTemplate\":\"https:\\\/\\\/kzprofesional.com\\\/?s={search_term_string}\"},\"query-input\":{\"@type\":\"PropertyValueSpecification\",\"valueRequired\":true,\"valueName\":\"search_term_string\"}}],\"inLanguage\":\"fr-FR\"},{\"@type\":\"Organization\",\"@id\":\"https:\\\/\\\/kzprofesional.com\\\/#organization\",\"name\":\"Imperio Barber Shop\",\"url\":\"https:\\\/\\\/kzprofesional.com\\\/\",\"logo\":{\"@type\":\"ImageObject\",\"inLanguage\":\"fr-FR\",\"@id\":\"https:\\\/\\\/kzprofesional.com\\\/#\\\/schema\\\/logo\\\/image\\\/\",\"url\":\"https:\\\/\\\/kzprofesional.com\\\/wp-content\\\/uploads\\\/2021\\\/09\\\/Logo-Imperio-Barber-Shop.png\",\"contentUrl\":\"https:\\\/\\\/kzprofesional.com\\\/wp-content\\\/uploads\\\/2021\\\/09\\\/Logo-Imperio-Barber-Shop.png\",\"width\":128,\"height\":128,\"caption\":\"Imperio Barber Shop\"},\"image\":{\"@id\":\"https:\\\/\\\/kzprofesional.com\\\/#\\\/schema\\\/logo\\\/image\\\/\"}}]}<\/script>\n<!-- \/ Yoast SEO Premium plugin. -->","yoast_head_json":{"title":"Machine Clipper Instinct Metal personnalis\u00e9e 2 - STYLECRAFT - KZ Profesional","robots":{"index":"index","follow":"follow","max-snippet":"max-snippet:-1","max-image-preview":"max-image-preview:large","max-video-preview":"max-video-preview:-1"},"canonical":"https:\/\/kzprofesional.com\/fr\/produit\/machine-clipper-instinct-metal-personnalisee-2-stylecraft\/","og_locale":"fr_FR","og_type":"article","og_title":"Machine Clipper Instinct Metal personnalis\u00e9e 2 - STYLECRAFT","og_description":"Personnalisez votre \u00e9quipement avec nos machines des marques leaders du secteur du barbering et de la coiffure ! D\u00e9lai de livraison entre 1 et 15 jours. Garantie de 1 an pour les professionnels et les entreprises. 3 ans pour les consommateurs particuliers.","og_url":"https:\/\/kzprofesional.com\/fr\/produit\/machine-clipper-instinct-metal-personnalisee-2-stylecraft\/","og_site_name":"KZ Profesional","article_modified_time":"2026-04-27T06:02:01+00:00","og_image":[{"width":1536,"height":2048,"url":"https:\/\/kzprofesional.com\/wp-content\/uploads\/WhatsApp-Image-2026-04-24-at-09.12.50-3.jpeg","type":"image\/jpeg"}],"twitter_card":"summary_large_image","schema":{"@context":"https:\/\/schema.org","@graph":[{"@type":"WebPage","@id":"https:\/\/kzprofesional.com\/fr\/produit\/machine-clipper-instinct-metal-personnalisee-2-stylecraft\/","url":"https:\/\/kzprofesional.com\/fr\/produit\/machine-clipper-instinct-metal-personnalisee-2-stylecraft\/","name":"Machine Clipper Instinct Metal personnalis\u00e9e 2 - STYLECRAFT - KZ Profesional","isPartOf":{"@id":"https:\/\/kzprofesional.com\/#website"},"primaryImageOfPage":{"@id":"https:\/\/kzprofesional.com\/fr\/produit\/machine-clipper-instinct-metal-personnalisee-2-stylecraft\/#primaryimage"},"image":{"@id":"https:\/\/kzprofesional.com\/fr\/produit\/machine-clipper-instinct-metal-personnalisee-2-stylecraft\/#primaryimage"},"thumbnailUrl":"https:\/\/kzprofesional.com\/wp-content\/uploads\/WhatsApp-Image-2026-04-24-at-09.12.50-3.jpeg","datePublished":"2026-04-24T11:57:35+00:00","dateModified":"2026-04-27T06:02:01+00:00","breadcrumb":{"@id":"https:\/\/kzprofesional.com\/fr\/produit\/machine-clipper-instinct-metal-personnalisee-2-stylecraft\/#breadcrumb"},"inLanguage":"fr-FR","potentialAction":[{"@type":"ReadAction","target":["https:\/\/kzprofesional.com\/fr\/produit\/machine-clipper-instinct-metal-personnalisee-2-stylecraft\/"]}]},{"@type":"ImageObject","inLanguage":"fr-FR","@id":"https:\/\/kzprofesional.com\/fr\/produit\/machine-clipper-instinct-metal-personnalisee-2-stylecraft\/#primaryimage","url":"https:\/\/kzprofesional.com\/wp-content\/uploads\/WhatsApp-Image-2026-04-24-at-09.12.50-3.jpeg","contentUrl":"https:\/\/kzprofesional.com\/wp-content\/uploads\/WhatsApp-Image-2026-04-24-at-09.12.50-3.jpeg","width":1536,"height":2048},{"@type":"BreadcrumbList","@id":"https:\/\/kzprofesional.com\/fr\/produit\/machine-clipper-instinct-metal-personnalisee-2-stylecraft\/#breadcrumb","itemListElement":[{"@type":"ListItem","position":1,"name":"Portada","item":"https:\/\/kzprofesional.com\/fr\/"},{"@type":"ListItem","position":2,"name":"Boutique","item":"https:\/\/kzprofesional.com\/fr\/boutique\/"},{"@type":"ListItem","position":3,"name":"Machine Clipper Instinct Metal personnalis\u00e9e 2 &#8211; STYLECRAFT"}]},{"@type":"WebSite","@id":"https:\/\/kzprofesional.com\/#website","url":"https:\/\/kzprofesional.com\/","name":"KZ Profesional","description":"","publisher":{"@id":"https:\/\/kzprofesional.com\/#organization"},"potentialAction":[{"@type":"SearchAction","target":{"@type":"EntryPoint","urlTemplate":"https:\/\/kzprofesional.com\/?s={search_term_string}"},"query-input":{"@type":"PropertyValueSpecification","valueRequired":true,"valueName":"search_term_string"}}],"inLanguage":"fr-FR"},{"@type":"Organization","@id":"https:\/\/kzprofesional.com\/#organization","name":"Imperio Barber Shop","url":"https:\/\/kzprofesional.com\/","logo":{"@type":"ImageObject","inLanguage":"fr-FR","@id":"https:\/\/kzprofesional.com\/#\/schema\/logo\/image\/","url":"https:\/\/kzprofesional.com\/wp-content\/uploads\/2021\/09\/Logo-Imperio-Barber-Shop.png","contentUrl":"https:\/\/kzprofesional.com\/wp-content\/uploads\/2021\/09\/Logo-Imperio-Barber-Shop.png","width":128,"height":128,"caption":"Imperio Barber Shop"},"image":{"@id":"https:\/\/kzprofesional.com\/#\/schema\/logo\/image\/"}}]}},"_links":{"self":[{"href":"https:\/\/kzprofesional.com\/fr\/wp-json\/wp\/v2\/product\/79727","targetHints":{"allow":["GET"]}}],"collection":[{"href":"https:\/\/kzprofesional.com\/fr\/wp-json\/wp\/v2\/product"}],"about":[{"href":"https:\/\/kzprofesional.com\/fr\/wp-json\/wp\/v2\/types\/product"}],"wp:featuredmedia":[{"embeddable":true,"href":"https:\/\/kzprofesional.com\/fr\/wp-json\/wp\/v2\/media\/79728"}],"wp:attachment":[{"href":"https:\/\/kzprofesional.com\/fr\/wp-json\/wp\/v2\/media?parent=79727"}],"wp:term":[{"taxonomy":"product_brand","embeddable":true,"href":"https:\/\/kzprofesional.com\/fr\/wp-json\/wp\/v2\/product_brand?post=79727"},{"taxonomy":"product_cat","embeddable":true,"href":"https:\/\/kzprofesional.com\/fr\/wp-json\/wp\/v2\/product_cat?post=79727"},{"taxonomy":"product_tag","embeddable":true,"href":"https:\/\/kzprofesional.com\/fr\/wp-json\/wp\/v2\/product_tag?post=79727"}],"curies":[{"name":"wp","href":"https:\/\/api.w.org\/{rel}","templated":true}]}}