

{"id":79742,"date":"2026-04-24T11:21:07","date_gmt":"2026-04-24T09:21:07","guid":{"rendered":"https:\/\/kzprofesional.com\/machine-hi-viz-trimmer-wahl\/"},"modified":"2026-04-27T08:02:05","modified_gmt":"2026-04-27T06:02:05","slug":"machine-hi-viz-trimmer-wahl","status":"publish","type":"product","link":"https:\/\/kzprofesional.com\/fr\/produit\/machine-hi-viz-trimmer-wahl\/","title":{"rendered":"Machine Hi-Viz\u2122 Trimmer &#8211; WAHL"},"content":{"rendered":"<div class=\"product attribute overview\">\n<div class=\"value\">\n<div data-content-type=\"row\" data-appearance=\"contained\" data-element=\"main\">\n<div data-enable-parallax=\"0\" data-parallax-speed=\"0.5\" data-background-images=\"{}\" data-background-type=\"image\" data-video-loop=\"true\" data-video-play-only-visible=\"true\" data-video-lazy-load=\"true\" data-video-fallback-src=\"\" data-element=\"inner\" data-pb-style=\"SW0K5HR\">\n<div data-content-type=\"text\" data-appearance=\"default\" data-element=\"main\">\n<p><strong>MA\u00ceTRISEZ LES D\u00c9TAILS AVEC LA TONDEUSE DE FINITION WAHL 5 STAR<\/strong><\/p>\n<p>Cr\u00e9\u00e9e pour les barbiers et stylistes qui vivent pour la pr\u00e9cision, la tondeuse de finition Wahl 5 Star est con\u00e7ue pour offrir une visibilit\u00e9, un contr\u00f4le et des performances in\u00e9gal\u00e9s. Con\u00e7ue pour une finition ultrapr\u00e9 cise, des contours nets sur le visage, le cou et autour des oreilles, ainsi que des r\u00e9sultats professionnels au plus pr\u00e8s dans les zones difficiles d\u2019acc\u00e8s, la tondeuse Hi-Viz\u2122 offre un contr\u00f4le exceptionnel. Son design \u00e0 col fin et la lame en T haute visibilit\u00e9 de Wahl garantissent que chaque ligne, bord et d\u00e9tail soit clair et pr\u00e9cis. Cette tondeuse professionnelle est plus qu\u2019un outil : c\u2019est une extension de votre m\u00e9tier.<\/p>\n<p><strong>Caract\u00e9ristiques du produit<\/strong>:<\/p>\n<ul>\n<li>Le moteur \u00e0 contr\u00f4le de vitesse adaptatif (jusqu\u2019\u00e0 7200 tr\/min) s\u2019ajuste automatiquement \u00e0 la densit\u00e9 et \u00e0 l\u2019\u00e9paisseur du cheveu pour une coupe nette \u00e0 chaque passage.<\/li>\n<li>135 minutes d\u2019autonomie sans fil avec seulement 45 minutes de charge, pour une \u00e9nergie disponible toute la journ\u00e9e.<\/li>\n<li>M\u00faltiples opciones de carga, incluyendo un soporte con contrapeso , un cable de carga de 5V o un USB-C est\u00e1ndar.<\/li>\n<li>Carcasa totalmente met\u00e1lica y bien equilibrada con el dise\u00f1o ComfortCurve\u2122 de Wahl para reducir la fatiga de la mano y ofrecer comodidad durante todo el d\u00eda.<\/li>\n<\/ul>\n<p><strong>Caract\u00e9ristiques de la lame<\/strong>:<\/p>\n<ul>\n<li>Cuchilla en T ancha Hi-Viz\u2122 exclusiva de Wahl con cuello estrecho para una mayor visibilidad y un control superior.<\/li>\n<li>El recubrimiento de carbono tipo diamante (DLC) mantiene la cuchilla fr\u00eda durante m\u00e1s tiempo y hasta 8 veces m\u00e1s afilada y resistente que las cuchillas de acero inoxidable est\u00e1ndar (probado en laboratorio).<\/li>\n<li>Hi-Viz\u2122 se puede ajustar a 0, lo que permite longitudes de corte ultracortas y l\u00edneas precisas y limpias, incluso en espacios reducidos.<\/li>\n<li>Herramienta profesional adicional incluida para ajustar la cuchilla a la perfecci\u00f3n sin dejar ning\u00fan espacio.<\/li>\n<\/ul>\n<\/div>\n<\/div>\n<\/div>\n<\/div>\n<\/div>\n<div class=\"product-info-stock-sku\">\n<div class=\"product attribute sku\">\n<p><strong class=\"type\">SKU<\/strong><\/p>\n<div class=\"value\">3023702<\/div>\n<\/div>\n<\/div>\n<div class=\"product info detailed\">\n<div class=\"product data items active\" role=\"tablist\" data-collapsible=\"true\">\n<div class=\"data item title\" tabindex=\"0\" role=\"tab\" data-role=\"title\" aria-selected=\"true\" aria-expanded=\"true\">Contenu de la bo\u00eete<\/div>\n<div class=\"data item content\" role=\"tabpanel\" data-role=\"content\" aria-hidden=\"false\">\n<div data-content-type=\"row\" data-appearance=\"contained\" data-element=\"main\">\n<div data-enable-parallax=\"0\" data-parallax-speed=\"0.5\" data-background-images=\"{}\" data-background-type=\"image\" data-video-loop=\"true\" data-video-play-only-visible=\"true\" data-video-lazy-load=\"true\" data-video-fallback-src=\"\" data-element=\"inner\" data-pb-style=\"U931PUU\">\n<div data-content-type=\"text\" data-appearance=\"default\" data-element=\"main\">\n<ul>\n<li>Socle de charge<\/li>\n<li>Outil de r\u00e9glage de lame<\/li>\n<li>Brosse de pr\u00e9paration \u00e0 la coupe<\/li>\n<li>Brosse de nettoyage<\/li>\n<li>Huile pour lames<\/li>\n<li>Prot\u00e8ge-lame<\/li>\n<\/ul>\n<\/div>\n<\/div>\n<\/div>\n<\/div>\n<\/div>\n<div class=\"product data items active\" role=\"tablist\" data-collapsible=\"true\">\n<div class=\"data item title\" tabindex=\"0\" role=\"tab\" data-role=\"title\" aria-selected=\"true\" aria-expanded=\"true\"><strong>Sp\u00e9cifications<\/strong><\/div>\n<div class=\"data item content\" role=\"tabpanel\" data-role=\"content\" aria-hidden=\"false\">\n<div class=\"additional-attributes-wrapper table-wrapper\">\n<table id=\"product-attribute-specs-table\" class=\"data table additional-attributes\">\n<tbody>\n<tr>\n<th class=\"col label\" scope=\"row\">Code-barres article EAN<\/th>\n<td class=\"col data\" data-th=\"Item bar code EAN\">0043917002897<\/td>\n<\/tr>\n<tr>\n<th class=\"col label\" scope=\"row\">Marque FG de l\u2019article<\/th>\n<td class=\"col data\" data-th=\"Item FG Brand\">Wahl<\/td>\n<\/tr>\n<tr>\n<th class=\"col label\" scope=\"row\">Temps de charge<\/th>\n<td class=\"col data\" data-th=\"Charge Time\">45 min<\/td>\n<\/tr>\n<tr>\n<th class=\"col label\" scope=\"row\">Type de batterie<\/th>\n<td class=\"col data\" data-th=\"Battery Type\">Lithium<\/td>\n<\/tr>\n<tr>\n<th class=\"col label\" scope=\"row\">Longueur du c\u00e2ble<\/th>\n<td class=\"col data\" data-th=\"Cable length\">2.4 m<\/td>\n<\/tr>\n<tr>\n<th class=\"col label\" scope=\"row\">Longueur de coupe<\/th>\n<td class=\"col data\" data-th=\"Cutting Length\">0,4 mm<\/td>\n<\/tr>\n<tr>\n<th class=\"col label\" scope=\"row\">Type d\u2019alimentation<\/th>\n<td class=\"col data\" data-th=\"Power Type\">Batterie rechargeable : utilisation avec ou sans fil<\/td>\n<\/tr>\n<tr>\n<th class=\"col label\" scope=\"row\">Largeur de coupe<\/th>\n<td class=\"col data\" data-th=\"Cutting Width\">40,6 mm<\/td>\n<\/tr>\n<tr>\n<th class=\"col label\" scope=\"row\">Motor\/Accionamiento<\/th>\n<td class=\"col data\" data-th=\"Motor\/Drive\">Motor de DC, 7200 rpm<\/td>\n<\/tr>\n<tr>\n<th class=\"col label\" scope=\"row\">Autonomie<\/th>\n<td class=\"col data\" data-th=\"Run Time\">135 min<\/td>\n<\/tr>\n<tr>\n<th class=\"col label\" scope=\"row\">Tension<\/th>\n<td class=\"col data\" data-th=\"Voltage\">100-240V<\/td>\n<\/tr>\n<tr>\n<th class=\"col label\" scope=\"row\">Cat\u00e9gorisation du produit<\/th>\n<td class=\"col data\" data-th=\"Product Flag\">Meilleures ventes<\/td>\n<\/tr>\n<tr>\n<th class=\"col label\" scope=\"row\">Jeu de lames<\/th>\n<td class=\"col data\" data-th=\"Blade set\">Lame Hi-Viz<\/td>\n<\/tr>\n<tr>\n<th class=\"col label\" scope=\"row\">Poids<\/th>\n<td class=\"col data\" data-th=\"Weight\">204 g<\/td>\n<\/tr>\n<\/tbody>\n<\/table>\n<\/div>\n<\/div>\n<\/div>\n<\/div>\n","protected":false},"excerpt":{"rendered":"<p>MA\u00ceTRISEZ LES D\u00c9TAILS AVEC LA TONDEUSE DE FINITION WAHL 5 STAR Cr\u00e9\u00e9e pour les barbiers et stylistes qui vivent pour la pr\u00e9cision, la tondeuse de finition Wahl 5 Star est con\u00e7ue pour offrir une visibilit\u00e9, un contr\u00f4le et des performances in\u00e9gal\u00e9s. Con\u00e7ue pour une finition ultrapr\u00e9 cise, des contours nets sur le visage, le cou &#8230; <a title=\"Machine Hi-Viz\u2122 Trimmer &#8211; WAHL\" class=\"read-more\" href=\"https:\/\/kzprofesional.com\/fr\/produit\/machine-hi-viz-trimmer-wahl\/\" aria-label=\"En savoir plus sur Machine Hi-Viz\u2122 Trimmer &#8211; WAHL\">Lire plus<\/a><\/p>\n","protected":false},"featured_media":79743,"template":"","meta":{"_acf_changed":false,"_jet_sm_ready_style":"","_jet_sm_style":"","_jet_sm_controls_values":"","_jet_sm_fonts_collection":"","_jet_sm_fonts_links":""},"product_brand":[],"product_cat":[806,825,824,823],"product_tag":[],"class_list":{"0":"post-79742","1":"product","2":"type-product","3":"status-publish","4":"has-post-thumbnail","6":"product_cat-nouveautes","7":"product_cat-sans-fil","8":"product_cat-tondeuses","9":"product_cat-trimmers-sans-fil","10":"sales-flash-overlay","11":"woocommerce-text-align-center","12":"woocommerce-image-align-center","13":"do-quantity-buttons","15":"first","16":"instock","17":"taxable","18":"shipping-taxable","19":"purchasable","20":"product-type-simple"},"bundled_by":[],"bundle_stock_status":"instock","bundle_stock_quantity":2,"bundle_virtual":false,"bundle_layout":"","bundle_add_to_cart_form_location":"","bundle_editable_in_cart":false,"bundle_sold_individually_context":"","bundle_item_grouping":"","bundle_min_size":"","bundle_max_size":"","bundle_price":[],"bundled_items":[],"bundle_sell_ids":[],"acf":[],"yoast_head":"<!-- This site is optimized with the Yoast SEO Premium plugin v25.9 (Yoast SEO v27.4) - https:\/\/yoast.com\/product\/yoast-seo-premium-wordpress\/ -->\n<title>Machine Hi-Viz\u2122 Trimmer - WAHL - KZ Profesional<\/title>\n<meta name=\"description\" content=\"Cr\u00e9\u00e9e pour les barbiers et stylistes qui vivent pour la pr\u00e9cision, la tondeuse de finition Wahl 5 Star est con\u00e7ue pour offrir une visibilit\u00e9, un contr\u00f4le et des performances in\u00e9gal\u00e9s.\" \/>\n<meta name=\"robots\" content=\"index, follow, max-snippet:-1, max-image-preview:large, max-video-preview:-1\" \/>\n<link rel=\"canonical\" href=\"https:\/\/kzprofesional.com\/producto\/maquina-hi-viz-trimmer-wahl\/\" \/>\n<meta property=\"og:locale\" content=\"fr_FR\" \/>\n<meta property=\"og:type\" content=\"article\" \/>\n<meta property=\"og:title\" content=\"Machine Hi-Viz\u2122 Trimmer - WAHL\" \/>\n<meta property=\"og:description\" content=\"Cr\u00e9\u00e9e pour les barbiers et stylistes qui vivent pour la pr\u00e9cision, la tondeuse de finition Wahl 5 Star est con\u00e7ue pour offrir une visibilit\u00e9, un contr\u00f4le et des performances in\u00e9gal\u00e9s.\" \/>\n<meta property=\"og:url\" content=\"https:\/\/kzprofesional.com\/producto\/maquina-hi-viz-trimmer-wahl\/\" \/>\n<meta property=\"og:site_name\" content=\"KZ Profesional\" \/>\n<meta property=\"article:modified_time\" content=\"2026-04-27T06:02:05+00:00\" \/>\n<meta property=\"og:image\" content=\"https:\/\/kzprofesional.com\/wp-content\/uploads\/hi-viz.png\" \/>\n\t<meta property=\"og:image:width\" content=\"744\" \/>\n\t<meta property=\"og:image:height\" content=\"746\" \/>\n\t<meta property=\"og:image:type\" content=\"image\/png\" \/>\n<meta name=\"twitter:card\" content=\"summary_large_image\" \/>\n<script type=\"application\/ld+json\" class=\"yoast-schema-graph\">{\"@context\":\"https:\\\/\\\/schema.org\",\"@graph\":[{\"@type\":\"WebPage\",\"@id\":\"https:\\\/\\\/kzprofesional.com\\\/producto\\\/maquina-hi-viz-trimmer-wahl\\\/\",\"url\":\"https:\\\/\\\/kzprofesional.com\\\/producto\\\/maquina-hi-viz-trimmer-wahl\\\/\",\"name\":\"Machine Hi-Viz\u2122 Trimmer - WAHL - KZ Profesional\",\"isPartOf\":{\"@id\":\"https:\\\/\\\/kzprofesional.com\\\/#website\"},\"primaryImageOfPage\":{\"@id\":\"https:\\\/\\\/kzprofesional.com\\\/producto\\\/maquina-hi-viz-trimmer-wahl\\\/#primaryimage\"},\"image\":{\"@id\":\"https:\\\/\\\/kzprofesional.com\\\/producto\\\/maquina-hi-viz-trimmer-wahl\\\/#primaryimage\"},\"thumbnailUrl\":\"https:\\\/\\\/kzprofesional.com\\\/wp-content\\\/uploads\\\/hi-viz.png\",\"datePublished\":\"2026-04-24T09:21:07+00:00\",\"dateModified\":\"2026-04-27T06:02:05+00:00\",\"description\":\"Cr\u00e9\u00e9e pour les barbiers et stylistes qui vivent pour la pr\u00e9cision, la tondeuse de finition Wahl 5 Star est con\u00e7ue pour offrir une visibilit\u00e9, un contr\u00f4le et des performances in\u00e9gal\u00e9s.\",\"breadcrumb\":{\"@id\":\"https:\\\/\\\/kzprofesional.com\\\/producto\\\/maquina-hi-viz-trimmer-wahl\\\/#breadcrumb\"},\"inLanguage\":\"fr-FR\",\"potentialAction\":[{\"@type\":\"ReadAction\",\"target\":[\"https:\\\/\\\/kzprofesional.com\\\/producto\\\/maquina-hi-viz-trimmer-wahl\\\/\"]}]},{\"@type\":\"ImageObject\",\"inLanguage\":\"fr-FR\",\"@id\":\"https:\\\/\\\/kzprofesional.com\\\/producto\\\/maquina-hi-viz-trimmer-wahl\\\/#primaryimage\",\"url\":\"https:\\\/\\\/kzprofesional.com\\\/wp-content\\\/uploads\\\/hi-viz.png\",\"contentUrl\":\"https:\\\/\\\/kzprofesional.com\\\/wp-content\\\/uploads\\\/hi-viz.png\",\"width\":744,\"height\":746},{\"@type\":\"BreadcrumbList\",\"@id\":\"https:\\\/\\\/kzprofesional.com\\\/producto\\\/maquina-hi-viz-trimmer-wahl\\\/#breadcrumb\",\"itemListElement\":[{\"@type\":\"ListItem\",\"position\":1,\"name\":\"Portada\",\"item\":\"https:\\\/\\\/kzprofesional.com\\\/fr\\\/\"},{\"@type\":\"ListItem\",\"position\":2,\"name\":\"Boutique\",\"item\":\"https:\\\/\\\/kzprofesional.com\\\/fr\\\/boutique\\\/\"},{\"@type\":\"ListItem\",\"position\":3,\"name\":\"Machine Hi-Viz\u2122 Trimmer &#8211; WAHL\"}]},{\"@type\":\"WebSite\",\"@id\":\"https:\\\/\\\/kzprofesional.com\\\/#website\",\"url\":\"https:\\\/\\\/kzprofesional.com\\\/\",\"name\":\"KZ Profesional\",\"description\":\"\",\"publisher\":{\"@id\":\"https:\\\/\\\/kzprofesional.com\\\/#organization\"},\"potentialAction\":[{\"@type\":\"SearchAction\",\"target\":{\"@type\":\"EntryPoint\",\"urlTemplate\":\"https:\\\/\\\/kzprofesional.com\\\/?s={search_term_string}\"},\"query-input\":{\"@type\":\"PropertyValueSpecification\",\"valueRequired\":true,\"valueName\":\"search_term_string\"}}],\"inLanguage\":\"fr-FR\"},{\"@type\":\"Organization\",\"@id\":\"https:\\\/\\\/kzprofesional.com\\\/#organization\",\"name\":\"Imperio Barber Shop\",\"url\":\"https:\\\/\\\/kzprofesional.com\\\/\",\"logo\":{\"@type\":\"ImageObject\",\"inLanguage\":\"fr-FR\",\"@id\":\"https:\\\/\\\/kzprofesional.com\\\/#\\\/schema\\\/logo\\\/image\\\/\",\"url\":\"https:\\\/\\\/kzprofesional.com\\\/wp-content\\\/uploads\\\/2021\\\/09\\\/Logo-Imperio-Barber-Shop.png\",\"contentUrl\":\"https:\\\/\\\/kzprofesional.com\\\/wp-content\\\/uploads\\\/2021\\\/09\\\/Logo-Imperio-Barber-Shop.png\",\"width\":128,\"height\":128,\"caption\":\"Imperio Barber Shop\"},\"image\":{\"@id\":\"https:\\\/\\\/kzprofesional.com\\\/#\\\/schema\\\/logo\\\/image\\\/\"}}]}<\/script>\n<!-- \/ Yoast SEO Premium plugin. -->","yoast_head_json":{"title":"Machine Hi-Viz\u2122 Trimmer - WAHL - KZ Profesional","description":"Cr\u00e9\u00e9e pour les barbiers et stylistes qui vivent pour la pr\u00e9cision, la tondeuse de finition Wahl 5 Star est con\u00e7ue pour offrir une visibilit\u00e9, un contr\u00f4le et des performances in\u00e9gal\u00e9s.","robots":{"index":"index","follow":"follow","max-snippet":"max-snippet:-1","max-image-preview":"max-image-preview:large","max-video-preview":"max-video-preview:-1"},"canonical":"https:\/\/kzprofesional.com\/producto\/maquina-hi-viz-trimmer-wahl\/","og_locale":"fr_FR","og_type":"article","og_title":"Machine Hi-Viz\u2122 Trimmer - WAHL","og_description":"Cr\u00e9\u00e9e pour les barbiers et stylistes qui vivent pour la pr\u00e9cision, la tondeuse de finition Wahl 5 Star est con\u00e7ue pour offrir une visibilit\u00e9, un contr\u00f4le et des performances in\u00e9gal\u00e9s.","og_url":"https:\/\/kzprofesional.com\/producto\/maquina-hi-viz-trimmer-wahl\/","og_site_name":"KZ Profesional","article_modified_time":"2026-04-27T06:02:05+00:00","og_image":[{"width":744,"height":746,"url":"https:\/\/kzprofesional.com\/wp-content\/uploads\/hi-viz.png","type":"image\/png"}],"twitter_card":"summary_large_image","schema":{"@context":"https:\/\/schema.org","@graph":[{"@type":"WebPage","@id":"https:\/\/kzprofesional.com\/producto\/maquina-hi-viz-trimmer-wahl\/","url":"https:\/\/kzprofesional.com\/producto\/maquina-hi-viz-trimmer-wahl\/","name":"Machine Hi-Viz\u2122 Trimmer - WAHL - KZ Profesional","isPartOf":{"@id":"https:\/\/kzprofesional.com\/#website"},"primaryImageOfPage":{"@id":"https:\/\/kzprofesional.com\/producto\/maquina-hi-viz-trimmer-wahl\/#primaryimage"},"image":{"@id":"https:\/\/kzprofesional.com\/producto\/maquina-hi-viz-trimmer-wahl\/#primaryimage"},"thumbnailUrl":"https:\/\/kzprofesional.com\/wp-content\/uploads\/hi-viz.png","datePublished":"2026-04-24T09:21:07+00:00","dateModified":"2026-04-27T06:02:05+00:00","description":"Cr\u00e9\u00e9e pour les barbiers et stylistes qui vivent pour la pr\u00e9cision, la tondeuse de finition Wahl 5 Star est con\u00e7ue pour offrir une visibilit\u00e9, un contr\u00f4le et des performances in\u00e9gal\u00e9s.","breadcrumb":{"@id":"https:\/\/kzprofesional.com\/producto\/maquina-hi-viz-trimmer-wahl\/#breadcrumb"},"inLanguage":"fr-FR","potentialAction":[{"@type":"ReadAction","target":["https:\/\/kzprofesional.com\/producto\/maquina-hi-viz-trimmer-wahl\/"]}]},{"@type":"ImageObject","inLanguage":"fr-FR","@id":"https:\/\/kzprofesional.com\/producto\/maquina-hi-viz-trimmer-wahl\/#primaryimage","url":"https:\/\/kzprofesional.com\/wp-content\/uploads\/hi-viz.png","contentUrl":"https:\/\/kzprofesional.com\/wp-content\/uploads\/hi-viz.png","width":744,"height":746},{"@type":"BreadcrumbList","@id":"https:\/\/kzprofesional.com\/producto\/maquina-hi-viz-trimmer-wahl\/#breadcrumb","itemListElement":[{"@type":"ListItem","position":1,"name":"Portada","item":"https:\/\/kzprofesional.com\/fr\/"},{"@type":"ListItem","position":2,"name":"Boutique","item":"https:\/\/kzprofesional.com\/fr\/boutique\/"},{"@type":"ListItem","position":3,"name":"Machine Hi-Viz\u2122 Trimmer &#8211; WAHL"}]},{"@type":"WebSite","@id":"https:\/\/kzprofesional.com\/#website","url":"https:\/\/kzprofesional.com\/","name":"KZ Profesional","description":"","publisher":{"@id":"https:\/\/kzprofesional.com\/#organization"},"potentialAction":[{"@type":"SearchAction","target":{"@type":"EntryPoint","urlTemplate":"https:\/\/kzprofesional.com\/?s={search_term_string}"},"query-input":{"@type":"PropertyValueSpecification","valueRequired":true,"valueName":"search_term_string"}}],"inLanguage":"fr-FR"},{"@type":"Organization","@id":"https:\/\/kzprofesional.com\/#organization","name":"Imperio Barber Shop","url":"https:\/\/kzprofesional.com\/","logo":{"@type":"ImageObject","inLanguage":"fr-FR","@id":"https:\/\/kzprofesional.com\/#\/schema\/logo\/image\/","url":"https:\/\/kzprofesional.com\/wp-content\/uploads\/2021\/09\/Logo-Imperio-Barber-Shop.png","contentUrl":"https:\/\/kzprofesional.com\/wp-content\/uploads\/2021\/09\/Logo-Imperio-Barber-Shop.png","width":128,"height":128,"caption":"Imperio Barber Shop"},"image":{"@id":"https:\/\/kzprofesional.com\/#\/schema\/logo\/image\/"}}]}},"_links":{"self":[{"href":"https:\/\/kzprofesional.com\/fr\/wp-json\/wp\/v2\/product\/79742","targetHints":{"allow":["GET"]}}],"collection":[{"href":"https:\/\/kzprofesional.com\/fr\/wp-json\/wp\/v2\/product"}],"about":[{"href":"https:\/\/kzprofesional.com\/fr\/wp-json\/wp\/v2\/types\/product"}],"wp:featuredmedia":[{"embeddable":true,"href":"https:\/\/kzprofesional.com\/fr\/wp-json\/wp\/v2\/media\/79743"}],"wp:attachment":[{"href":"https:\/\/kzprofesional.com\/fr\/wp-json\/wp\/v2\/media?parent=79742"}],"wp:term":[{"taxonomy":"product_brand","embeddable":true,"href":"https:\/\/kzprofesional.com\/fr\/wp-json\/wp\/v2\/product_brand?post=79742"},{"taxonomy":"product_cat","embeddable":true,"href":"https:\/\/kzprofesional.com\/fr\/wp-json\/wp\/v2\/product_cat?post=79742"},{"taxonomy":"product_tag","embeddable":true,"href":"https:\/\/kzprofesional.com\/fr\/wp-json\/wp\/v2\/product_tag?post=79742"}],"curies":[{"name":"wp","href":"https:\/\/api.w.org\/{rel}","templated":true}]}}