

{"id":79756,"date":"2026-04-23T16:18:44","date_gmt":"2026-04-23T14:18:44","guid":{"rendered":"https:\/\/kzprofesional.com\/aspirateur-automatique-de-cheveux-eurostil\/"},"modified":"2026-04-27T08:02:09","modified_gmt":"2026-04-27T06:02:09","slug":"aspirateur-automatique-de-cheveux-eurostil","status":"publish","type":"product","link":"https:\/\/kzprofesional.com\/fr\/produit\/aspirateur-automatique-de-cheveux-eurostil\/","title":{"rendered":"Aspirateur automatique de cheveux &#8211; EUROSTIL"},"content":{"rendered":"<p><em><strong>Aspirateur automatique de cheveux pour salon de coiffure.<\/strong><\/em><\/p>\n<p>Profitez de cette <em><strong>offre<\/strong><\/em> \u00e0 dur\u00e9e limit\u00e9e, votre <em><strong>aspirateur pour salon de coiffure<\/strong><\/em><strong><em> <\/em><\/strong>au meilleur <em><strong>prix<\/strong><\/em> !<\/p>\n<p>Pourquoi <strong>acheter<\/strong> l\u2019<em><strong>aspirateur pour salon de coiffure<\/strong><\/em> :<\/p>\n<p>Vous garderez votre salon de coiffure propre sans effort, car il fonctionne automatiquement lorsqu\u2019il d\u00e9tecte de la salet\u00e9 \u00e0 sa base.<\/p>\n<p>Aspirateur de cheveux de derni\u00e8re technologie. En mode manuel, balayez les d\u00e9bris vers l\u2019entr\u00e9e situ\u00e9e \u00e0 la base de l\u2019appareil, appuyez sur le bouton d\u2019activation manuelle et laissez HAIR VACUUM aspirer les d\u00e9bris par l\u2019entr\u00e9e et les stocker dans le r\u00e9servoir.<\/p>\n<p>1. Le mode MANUEL dure 5 secondes. Selon la quantit\u00e9 de d\u00e9bris, il peut \u00eatre n\u00e9cessaire d\u2019appuyer plusieurs fois sur le bouton d\u2019activation manuelle.<\/p>\n<p>2. Lorsque le bouton de commande est tourn\u00e9 sur la position AUTO, balayez les d\u00e9bris vers l\u2019entr\u00e9e situ\u00e9e \u00e0 la base de l\u2019appareil ; les capteurs d\u00e9tectent les d\u00e9bris et lancent automatiquement un cycle d\u2019aspiration qui s\u2019arr\u00eate lorsque les capteurs ne d\u00e9tectent plus de d\u00e9bris.<\/p>\n<p>\u2013 Modelo: VA001A-BK<br \/>\n\u2013 Tension nominale: 220-240V~<br \/>\n\u2013 Frecuencia: 50\/60Hz<br \/>\n\u2013 Puissance nominale: 1400 W<br \/>\n\u2013 Dimensions: (largo x ancho x alto): 33 cm largo x 21 ancho x 56,4 cm alto<br \/>\n\u2013 Poids net: Environ 5.1Kg<br \/>\n\u2013 Bruit de fonctionnement: \u226583db 1.5m<br \/>\n\u2013 Mode de travail automatique: Entr\u00e9e par rayonnement infrarouge<br \/>\n\u2013 Aspiration (force de traction): \u22652.8 Kg<br \/>\n\u2013 Capacit\u00e9 du r\u00e9servoir \u00e0 d\u00e9chets: 2.7L MAX<br \/>\n\u2013 Longueur apparente du c\u00e2ble d\u2019alimentation: 2m<\/p>\n","protected":false},"excerpt":{"rendered":"<p>Garantie de 1 an pour les professionnels et les entreprises. 3 ans pour les consommateurs particuliers.<\/p>\n","protected":false},"featured_media":79757,"template":"","meta":{"_acf_changed":false,"_jet_sm_ready_style":"","_jet_sm_style":"","_jet_sm_controls_values":"","_jet_sm_fonts_collection":"","_jet_sm_fonts_links":""},"product_brand":[],"product_cat":[836],"product_tag":[],"class_list":{"0":"post-79756","1":"product","2":"type-product","3":"status-publish","4":"has-post-thumbnail","6":"product_cat-appareils-electriques","7":"sales-flash-overlay","8":"woocommerce-text-align-center","9":"woocommerce-image-align-center","10":"do-quantity-buttons","12":"first","13":"instock","14":"virtual","15":"taxable","16":"purchasable","17":"product-type-simple"},"bundled_by":[],"bundle_stock_status":"instock","bundle_stock_quantity":null,"bundle_virtual":false,"bundle_layout":"","bundle_add_to_cart_form_location":"","bundle_editable_in_cart":false,"bundle_sold_individually_context":"","bundle_item_grouping":"","bundle_min_size":"","bundle_max_size":"","bundle_price":[],"bundled_items":[],"bundle_sell_ids":[],"acf":[],"yoast_head":"<!-- This site is optimized with the Yoast SEO Premium plugin v25.9 (Yoast SEO v27.4) - https:\/\/yoast.com\/product\/yoast-seo-premium-wordpress\/ -->\n<title>Aspirateur automatique de cheveux - EUROSTIL - KZ Profesional<\/title>\n<meta name=\"description\" content=\"Aspirateur de cheveux de derni\u00e8re technologie. En mode manuel, balayez les d\u00e9bris vers l\u2019entr\u00e9e situ\u00e9e \u00e0 la base de l\u2019appareil, appuyez sur le bouton d\u2019activation manuelle et laissez HAIR VACUUM aspirer les d\u00e9bris par l\u2019entr\u00e9e et les stocker dans le r\u00e9servoir.\" \/>\n<meta name=\"robots\" content=\"index, follow, max-snippet:-1, max-image-preview:large, max-video-preview:-1\" \/>\n<link rel=\"canonical\" href=\"https:\/\/kzprofesional.com\/producto\/aspirador-de-pelo-automatico-eurostil\/\" \/>\n<meta property=\"og:locale\" content=\"fr_FR\" \/>\n<meta property=\"og:type\" content=\"article\" \/>\n<meta property=\"og:title\" content=\"Aspirateur automatique de cheveux - EUROSTIL\" \/>\n<meta property=\"og:description\" content=\"Aspirateur de cheveux de derni\u00e8re technologie. En mode manuel, balayez les d\u00e9bris vers l\u2019entr\u00e9e situ\u00e9e \u00e0 la base de l\u2019appareil, appuyez sur le bouton d\u2019activation manuelle et laissez HAIR VACUUM aspirer les d\u00e9bris par l\u2019entr\u00e9e et les stocker dans le r\u00e9servoir.\" \/>\n<meta property=\"og:url\" content=\"https:\/\/kzprofesional.com\/producto\/aspirador-de-pelo-automatico-eurostil\/\" \/>\n<meta property=\"og:site_name\" content=\"KZ Profesional\" \/>\n<meta property=\"article:modified_time\" content=\"2026-04-27T06:02:09+00:00\" \/>\n<meta property=\"og:image\" content=\"https:\/\/kzprofesional.com\/wp-content\/uploads\/Captura-de-pantalla-2026-04-23-161710.png\" \/>\n\t<meta property=\"og:image:width\" content=\"692\" \/>\n\t<meta property=\"og:image:height\" content=\"693\" \/>\n\t<meta property=\"og:image:type\" content=\"image\/png\" \/>\n<meta name=\"twitter:card\" content=\"summary_large_image\" \/>\n<script type=\"application\/ld+json\" class=\"yoast-schema-graph\">{\"@context\":\"https:\\\/\\\/schema.org\",\"@graph\":[{\"@type\":\"WebPage\",\"@id\":\"https:\\\/\\\/kzprofesional.com\\\/producto\\\/aspirador-de-pelo-automatico-eurostil\\\/\",\"url\":\"https:\\\/\\\/kzprofesional.com\\\/producto\\\/aspirador-de-pelo-automatico-eurostil\\\/\",\"name\":\"Aspirateur automatique de cheveux - EUROSTIL - KZ Profesional\",\"isPartOf\":{\"@id\":\"https:\\\/\\\/kzprofesional.com\\\/#website\"},\"primaryImageOfPage\":{\"@id\":\"https:\\\/\\\/kzprofesional.com\\\/producto\\\/aspirador-de-pelo-automatico-eurostil\\\/#primaryimage\"},\"image\":{\"@id\":\"https:\\\/\\\/kzprofesional.com\\\/producto\\\/aspirador-de-pelo-automatico-eurostil\\\/#primaryimage\"},\"thumbnailUrl\":\"https:\\\/\\\/kzprofesional.com\\\/wp-content\\\/uploads\\\/Captura-de-pantalla-2026-04-23-161710.png\",\"datePublished\":\"2026-04-23T14:18:44+00:00\",\"dateModified\":\"2026-04-27T06:02:09+00:00\",\"description\":\"Aspirateur de cheveux de derni\u00e8re technologie. En mode manuel, balayez les d\u00e9bris vers l\u2019entr\u00e9e situ\u00e9e \u00e0 la base de l\u2019appareil, appuyez sur le bouton d\u2019activation manuelle et laissez HAIR VACUUM aspirer les d\u00e9bris par l\u2019entr\u00e9e et les stocker dans le r\u00e9servoir.\",\"breadcrumb\":{\"@id\":\"https:\\\/\\\/kzprofesional.com\\\/producto\\\/aspirador-de-pelo-automatico-eurostil\\\/#breadcrumb\"},\"inLanguage\":\"fr-FR\",\"potentialAction\":[{\"@type\":\"ReadAction\",\"target\":[\"https:\\\/\\\/kzprofesional.com\\\/producto\\\/aspirador-de-pelo-automatico-eurostil\\\/\"]}]},{\"@type\":\"ImageObject\",\"inLanguage\":\"fr-FR\",\"@id\":\"https:\\\/\\\/kzprofesional.com\\\/producto\\\/aspirador-de-pelo-automatico-eurostil\\\/#primaryimage\",\"url\":\"https:\\\/\\\/kzprofesional.com\\\/wp-content\\\/uploads\\\/Captura-de-pantalla-2026-04-23-161710.png\",\"contentUrl\":\"https:\\\/\\\/kzprofesional.com\\\/wp-content\\\/uploads\\\/Captura-de-pantalla-2026-04-23-161710.png\",\"width\":692,\"height\":693},{\"@type\":\"BreadcrumbList\",\"@id\":\"https:\\\/\\\/kzprofesional.com\\\/producto\\\/aspirador-de-pelo-automatico-eurostil\\\/#breadcrumb\",\"itemListElement\":[{\"@type\":\"ListItem\",\"position\":1,\"name\":\"Portada\",\"item\":\"https:\\\/\\\/kzprofesional.com\\\/fr\\\/\"},{\"@type\":\"ListItem\",\"position\":2,\"name\":\"Boutique\",\"item\":\"https:\\\/\\\/kzprofesional.com\\\/fr\\\/boutique\\\/\"},{\"@type\":\"ListItem\",\"position\":3,\"name\":\"Aspirateur automatique de cheveux &#8211; EUROSTIL\"}]},{\"@type\":\"WebSite\",\"@id\":\"https:\\\/\\\/kzprofesional.com\\\/#website\",\"url\":\"https:\\\/\\\/kzprofesional.com\\\/\",\"name\":\"KZ Profesional\",\"description\":\"\",\"publisher\":{\"@id\":\"https:\\\/\\\/kzprofesional.com\\\/#organization\"},\"potentialAction\":[{\"@type\":\"SearchAction\",\"target\":{\"@type\":\"EntryPoint\",\"urlTemplate\":\"https:\\\/\\\/kzprofesional.com\\\/?s={search_term_string}\"},\"query-input\":{\"@type\":\"PropertyValueSpecification\",\"valueRequired\":true,\"valueName\":\"search_term_string\"}}],\"inLanguage\":\"fr-FR\"},{\"@type\":\"Organization\",\"@id\":\"https:\\\/\\\/kzprofesional.com\\\/#organization\",\"name\":\"Imperio Barber Shop\",\"url\":\"https:\\\/\\\/kzprofesional.com\\\/\",\"logo\":{\"@type\":\"ImageObject\",\"inLanguage\":\"fr-FR\",\"@id\":\"https:\\\/\\\/kzprofesional.com\\\/#\\\/schema\\\/logo\\\/image\\\/\",\"url\":\"https:\\\/\\\/kzprofesional.com\\\/wp-content\\\/uploads\\\/2021\\\/09\\\/Logo-Imperio-Barber-Shop.png\",\"contentUrl\":\"https:\\\/\\\/kzprofesional.com\\\/wp-content\\\/uploads\\\/2021\\\/09\\\/Logo-Imperio-Barber-Shop.png\",\"width\":128,\"height\":128,\"caption\":\"Imperio Barber Shop\"},\"image\":{\"@id\":\"https:\\\/\\\/kzprofesional.com\\\/#\\\/schema\\\/logo\\\/image\\\/\"}}]}<\/script>\n<!-- \/ Yoast SEO Premium plugin. -->","yoast_head_json":{"title":"Aspirateur automatique de cheveux - EUROSTIL - KZ Profesional","description":"Aspirateur de cheveux de derni\u00e8re technologie. En mode manuel, balayez les d\u00e9bris vers l\u2019entr\u00e9e situ\u00e9e \u00e0 la base de l\u2019appareil, appuyez sur le bouton d\u2019activation manuelle et laissez HAIR VACUUM aspirer les d\u00e9bris par l\u2019entr\u00e9e et les stocker dans le r\u00e9servoir.","robots":{"index":"index","follow":"follow","max-snippet":"max-snippet:-1","max-image-preview":"max-image-preview:large","max-video-preview":"max-video-preview:-1"},"canonical":"https:\/\/kzprofesional.com\/producto\/aspirador-de-pelo-automatico-eurostil\/","og_locale":"fr_FR","og_type":"article","og_title":"Aspirateur automatique de cheveux - EUROSTIL","og_description":"Aspirateur de cheveux de derni\u00e8re technologie. En mode manuel, balayez les d\u00e9bris vers l\u2019entr\u00e9e situ\u00e9e \u00e0 la base de l\u2019appareil, appuyez sur le bouton d\u2019activation manuelle et laissez HAIR VACUUM aspirer les d\u00e9bris par l\u2019entr\u00e9e et les stocker dans le r\u00e9servoir.","og_url":"https:\/\/kzprofesional.com\/producto\/aspirador-de-pelo-automatico-eurostil\/","og_site_name":"KZ Profesional","article_modified_time":"2026-04-27T06:02:09+00:00","og_image":[{"width":692,"height":693,"url":"https:\/\/kzprofesional.com\/wp-content\/uploads\/Captura-de-pantalla-2026-04-23-161710.png","type":"image\/png"}],"twitter_card":"summary_large_image","schema":{"@context":"https:\/\/schema.org","@graph":[{"@type":"WebPage","@id":"https:\/\/kzprofesional.com\/producto\/aspirador-de-pelo-automatico-eurostil\/","url":"https:\/\/kzprofesional.com\/producto\/aspirador-de-pelo-automatico-eurostil\/","name":"Aspirateur automatique de cheveux - EUROSTIL - KZ Profesional","isPartOf":{"@id":"https:\/\/kzprofesional.com\/#website"},"primaryImageOfPage":{"@id":"https:\/\/kzprofesional.com\/producto\/aspirador-de-pelo-automatico-eurostil\/#primaryimage"},"image":{"@id":"https:\/\/kzprofesional.com\/producto\/aspirador-de-pelo-automatico-eurostil\/#primaryimage"},"thumbnailUrl":"https:\/\/kzprofesional.com\/wp-content\/uploads\/Captura-de-pantalla-2026-04-23-161710.png","datePublished":"2026-04-23T14:18:44+00:00","dateModified":"2026-04-27T06:02:09+00:00","description":"Aspirateur de cheveux de derni\u00e8re technologie. En mode manuel, balayez les d\u00e9bris vers l\u2019entr\u00e9e situ\u00e9e \u00e0 la base de l\u2019appareil, appuyez sur le bouton d\u2019activation manuelle et laissez HAIR VACUUM aspirer les d\u00e9bris par l\u2019entr\u00e9e et les stocker dans le r\u00e9servoir.","breadcrumb":{"@id":"https:\/\/kzprofesional.com\/producto\/aspirador-de-pelo-automatico-eurostil\/#breadcrumb"},"inLanguage":"fr-FR","potentialAction":[{"@type":"ReadAction","target":["https:\/\/kzprofesional.com\/producto\/aspirador-de-pelo-automatico-eurostil\/"]}]},{"@type":"ImageObject","inLanguage":"fr-FR","@id":"https:\/\/kzprofesional.com\/producto\/aspirador-de-pelo-automatico-eurostil\/#primaryimage","url":"https:\/\/kzprofesional.com\/wp-content\/uploads\/Captura-de-pantalla-2026-04-23-161710.png","contentUrl":"https:\/\/kzprofesional.com\/wp-content\/uploads\/Captura-de-pantalla-2026-04-23-161710.png","width":692,"height":693},{"@type":"BreadcrumbList","@id":"https:\/\/kzprofesional.com\/producto\/aspirador-de-pelo-automatico-eurostil\/#breadcrumb","itemListElement":[{"@type":"ListItem","position":1,"name":"Portada","item":"https:\/\/kzprofesional.com\/fr\/"},{"@type":"ListItem","position":2,"name":"Boutique","item":"https:\/\/kzprofesional.com\/fr\/boutique\/"},{"@type":"ListItem","position":3,"name":"Aspirateur automatique de cheveux &#8211; EUROSTIL"}]},{"@type":"WebSite","@id":"https:\/\/kzprofesional.com\/#website","url":"https:\/\/kzprofesional.com\/","name":"KZ Profesional","description":"","publisher":{"@id":"https:\/\/kzprofesional.com\/#organization"},"potentialAction":[{"@type":"SearchAction","target":{"@type":"EntryPoint","urlTemplate":"https:\/\/kzprofesional.com\/?s={search_term_string}"},"query-input":{"@type":"PropertyValueSpecification","valueRequired":true,"valueName":"search_term_string"}}],"inLanguage":"fr-FR"},{"@type":"Organization","@id":"https:\/\/kzprofesional.com\/#organization","name":"Imperio Barber Shop","url":"https:\/\/kzprofesional.com\/","logo":{"@type":"ImageObject","inLanguage":"fr-FR","@id":"https:\/\/kzprofesional.com\/#\/schema\/logo\/image\/","url":"https:\/\/kzprofesional.com\/wp-content\/uploads\/2021\/09\/Logo-Imperio-Barber-Shop.png","contentUrl":"https:\/\/kzprofesional.com\/wp-content\/uploads\/2021\/09\/Logo-Imperio-Barber-Shop.png","width":128,"height":128,"caption":"Imperio Barber Shop"},"image":{"@id":"https:\/\/kzprofesional.com\/#\/schema\/logo\/image\/"}}]}},"_links":{"self":[{"href":"https:\/\/kzprofesional.com\/fr\/wp-json\/wp\/v2\/product\/79756","targetHints":{"allow":["GET"]}}],"collection":[{"href":"https:\/\/kzprofesional.com\/fr\/wp-json\/wp\/v2\/product"}],"about":[{"href":"https:\/\/kzprofesional.com\/fr\/wp-json\/wp\/v2\/types\/product"}],"wp:featuredmedia":[{"embeddable":true,"href":"https:\/\/kzprofesional.com\/fr\/wp-json\/wp\/v2\/media\/79757"}],"wp:attachment":[{"href":"https:\/\/kzprofesional.com\/fr\/wp-json\/wp\/v2\/media?parent=79756"}],"wp:term":[{"taxonomy":"product_brand","embeddable":true,"href":"https:\/\/kzprofesional.com\/fr\/wp-json\/wp\/v2\/product_brand?post=79756"},{"taxonomy":"product_cat","embeddable":true,"href":"https:\/\/kzprofesional.com\/fr\/wp-json\/wp\/v2\/product_cat?post=79756"},{"taxonomy":"product_tag","embeddable":true,"href":"https:\/\/kzprofesional.com\/fr\/wp-json\/wp\/v2\/product_tag?post=79756"}],"curies":[{"name":"wp","href":"https:\/\/api.w.org\/{rel}","templated":true}]}}