

{"id":79785,"date":"2026-04-23T13:15:28","date_gmt":"2026-04-23T11:15:28","guid":{"rendered":"https:\/\/kzprofesional.com\/masque-colorant-bright-colour-tassel\/"},"modified":"2026-04-27T08:02:14","modified_gmt":"2026-04-27T06:02:14","slug":"masque-colorant-bright-colour-tassel","status":"publish","type":"product","link":"https:\/\/kzprofesional.com\/fr\/produit\/masque-colorant-bright-colour-tassel\/","title":{"rendered":"Masque colorant Bright Colour &#8211; TASSEL"},"content":{"rendered":"<p><strong>Un masque parfait pour maintenir l\u2019intensit\u00e9 de votre couleur !<\/strong><\/p>\n<p>Tassel r\u00e9invente les masques et nous propose ses masques nourrissants et r\u00e9parateurs pour la couleur. Le masque Colour Mask Bright apporte une couleur intense, vive et durable qui s\u2019estompe au fil des lavages. C\u2019est un masque qui rafra\u00eechit et intensifie le ton. Il est riche en acides gras om\u00e9ga 6 et om\u00e9ga 9, phytost\u00e9rols, vitamine E, huile d\u2019olive et jojoba.<\/p>\n<p><strong>Caract\u00e9ristiques :<\/strong><br \/>\n-Quantit\u00e9 : 200 ml<br \/>\n-Nourrit et r\u00e9pare<br \/>\n-Masque colorant<br \/>\n-Pour cheveux color\u00e9s<br \/>\n-Vitamina E<br \/>\n-Aceite de oliva y jojoba<\/p>\n<p><strong>Mode d\u2019emploi :<\/strong><\/p>\n<p>1. Appliquer sur cheveux lav\u00e9s et essor\u00e9s \u00e0 la serviette, m\u00e8che par m\u00e8che, \u00e0 l\u2019aide d\u2019un pinceau ou avec les mains, en r\u00e9partissant comme un masque classique.<br \/>\n2. Laisser agir au minimum 5 minutes. Pour plus d\u2019intensit\u00e9 de couleur, prolonger le temps de pose. Sans limite de temps.<br \/>\n3. Rincer abondamment \u00e0 l\u2019eau ti\u00e8de.<\/p>\n<p><strong>Conseils<\/strong>:<\/p>\n<p>&#8211; Ne pas appliquer de shampooing apr\u00e8s avoir rinc\u00e9 le produit.<br \/>\n&#8211; Il n\u2019est pas n\u00e9cessaire de respecter un d\u00e9lai entre les applications.<\/p>\n","protected":false},"excerpt":{"rendered":"<p>Un masque parfait pour maintenir l\u2019intensit\u00e9 de votre couleur ! Tassel r\u00e9invente les masques et nous propose ses masques nourrissants et r\u00e9parateurs pour la couleur. Le masque Colour Mask Bright apporte une couleur intense, vive et durable qui s\u2019estompe au fil des lavages. C\u2019est un masque qui rafra\u00eechit et intensifie le ton. Il est riche &#8230; <a title=\"Masque colorant Bright Colour &#8211; TASSEL\" class=\"read-more\" href=\"https:\/\/kzprofesional.com\/fr\/produit\/masque-colorant-bright-colour-tassel\/\" aria-label=\"En savoir plus sur Masque colorant Bright Colour &#8211; TASSEL\">Lire plus<\/a><\/p>\n","protected":false},"featured_media":79786,"template":"","meta":{"_acf_changed":false,"_jet_sm_ready_style":"","_jet_sm_style":"","_jet_sm_controls_values":"","_jet_sm_fonts_collection":"","_jet_sm_fonts_links":""},"product_brand":[],"product_cat":[875],"product_tag":[],"class_list":{"0":"post-79785","1":"product","2":"type-product","3":"status-publish","4":"has-post-thumbnail","6":"product_cat-masques-colorants","7":"sales-flash-overlay","8":"woocommerce-text-align-center","9":"woocommerce-image-align-center","10":"do-quantity-buttons","12":"first","13":"instock","14":"taxable","15":"shipping-taxable","16":"purchasable","17":"product-type-variable","18":"wvs-archive-product-wrapper"},"bundled_by":[],"bundle_stock_status":"instock","bundle_stock_quantity":null,"bundle_virtual":false,"bundle_layout":"","bundle_add_to_cart_form_location":"","bundle_editable_in_cart":false,"bundle_sold_individually_context":"","bundle_item_grouping":"","bundle_min_size":"","bundle_max_size":"","bundle_price":[],"bundled_items":[],"bundle_sell_ids":[],"acf":[],"yoast_head":"<!-- This site is optimized with the Yoast SEO Premium plugin v25.9 (Yoast SEO v27.4) - https:\/\/yoast.com\/product\/yoast-seo-premium-wordpress\/ -->\n<title>Masque colorant Bright Colour - TASSEL - KZ Profesional<\/title>\n<meta name=\"description\" content=\"Tassel r\u00e9invente les masques et nous propose ses masques nourrissants et r\u00e9parateurs pour la couleur. Le masque Colour Mask Bright apporte une couleur intense, vive et durable qui s\u2019estompe au fil des lavages.\" \/>\n<meta name=\"robots\" content=\"index, follow, max-snippet:-1, max-image-preview:large, max-video-preview:-1\" \/>\n<link rel=\"canonical\" href=\"https:\/\/kzprofesional.com\/producto\/mascarilla-de-color-bright-colour-tassel\/\" \/>\n<meta property=\"og:locale\" content=\"fr_FR\" \/>\n<meta property=\"og:type\" content=\"article\" \/>\n<meta property=\"og:title\" content=\"Masque colorant Bright Colour - TASSEL\" \/>\n<meta property=\"og:description\" content=\"Tassel r\u00e9invente les masques et nous propose ses masques nourrissants et r\u00e9parateurs pour la couleur. Le masque Colour Mask Bright apporte une couleur intense, vive et durable qui s\u2019estompe au fil des lavages.\" \/>\n<meta property=\"og:url\" content=\"https:\/\/kzprofesional.com\/producto\/mascarilla-de-color-bright-colour-tassel\/\" \/>\n<meta property=\"og:site_name\" content=\"KZ Profesional\" \/>\n<meta property=\"article:modified_time\" content=\"2026-04-27T06:02:14+00:00\" \/>\n<meta property=\"og:image\" content=\"https:\/\/kzprofesional.com\/wp-content\/uploads\/Captura-de-pantalla-2026-04-23-092418.png\" \/>\n\t<meta property=\"og:image:width\" content=\"669\" \/>\n\t<meta property=\"og:image:height\" content=\"670\" \/>\n\t<meta property=\"og:image:type\" content=\"image\/png\" \/>\n<meta name=\"twitter:card\" content=\"summary_large_image\" \/>\n<script type=\"application\/ld+json\" class=\"yoast-schema-graph\">{\"@context\":\"https:\\\/\\\/schema.org\",\"@graph\":[{\"@type\":\"WebPage\",\"@id\":\"https:\\\/\\\/kzprofesional.com\\\/producto\\\/mascarilla-de-color-bright-colour-tassel\\\/\",\"url\":\"https:\\\/\\\/kzprofesional.com\\\/producto\\\/mascarilla-de-color-bright-colour-tassel\\\/\",\"name\":\"Masque colorant Bright Colour - TASSEL - KZ Profesional\",\"isPartOf\":{\"@id\":\"https:\\\/\\\/kzprofesional.com\\\/#website\"},\"primaryImageOfPage\":{\"@id\":\"https:\\\/\\\/kzprofesional.com\\\/producto\\\/mascarilla-de-color-bright-colour-tassel\\\/#primaryimage\"},\"image\":{\"@id\":\"https:\\\/\\\/kzprofesional.com\\\/producto\\\/mascarilla-de-color-bright-colour-tassel\\\/#primaryimage\"},\"thumbnailUrl\":\"https:\\\/\\\/kzprofesional.com\\\/wp-content\\\/uploads\\\/Captura-de-pantalla-2026-04-23-092418.png\",\"datePublished\":\"2026-04-23T11:15:28+00:00\",\"dateModified\":\"2026-04-27T06:02:14+00:00\",\"description\":\"Tassel r\u00e9invente les masques et nous propose ses masques nourrissants et r\u00e9parateurs pour la couleur. Le masque Colour Mask Bright apporte une couleur intense, vive et durable qui s\u2019estompe au fil des lavages.\",\"breadcrumb\":{\"@id\":\"https:\\\/\\\/kzprofesional.com\\\/producto\\\/mascarilla-de-color-bright-colour-tassel\\\/#breadcrumb\"},\"inLanguage\":\"fr-FR\",\"potentialAction\":[{\"@type\":\"ReadAction\",\"target\":[\"https:\\\/\\\/kzprofesional.com\\\/producto\\\/mascarilla-de-color-bright-colour-tassel\\\/\"]}]},{\"@type\":\"ImageObject\",\"inLanguage\":\"fr-FR\",\"@id\":\"https:\\\/\\\/kzprofesional.com\\\/producto\\\/mascarilla-de-color-bright-colour-tassel\\\/#primaryimage\",\"url\":\"https:\\\/\\\/kzprofesional.com\\\/wp-content\\\/uploads\\\/Captura-de-pantalla-2026-04-23-092418.png\",\"contentUrl\":\"https:\\\/\\\/kzprofesional.com\\\/wp-content\\\/uploads\\\/Captura-de-pantalla-2026-04-23-092418.png\",\"width\":669,\"height\":670},{\"@type\":\"BreadcrumbList\",\"@id\":\"https:\\\/\\\/kzprofesional.com\\\/producto\\\/mascarilla-de-color-bright-colour-tassel\\\/#breadcrumb\",\"itemListElement\":[{\"@type\":\"ListItem\",\"position\":1,\"name\":\"Portada\",\"item\":\"https:\\\/\\\/kzprofesional.com\\\/fr\\\/\"},{\"@type\":\"ListItem\",\"position\":2,\"name\":\"Boutique\",\"item\":\"https:\\\/\\\/kzprofesional.com\\\/fr\\\/boutique\\\/\"},{\"@type\":\"ListItem\",\"position\":3,\"name\":\"Masque colorant Bright Colour &#8211; TASSEL\"}]},{\"@type\":\"WebSite\",\"@id\":\"https:\\\/\\\/kzprofesional.com\\\/#website\",\"url\":\"https:\\\/\\\/kzprofesional.com\\\/\",\"name\":\"KZ Profesional\",\"description\":\"\",\"publisher\":{\"@id\":\"https:\\\/\\\/kzprofesional.com\\\/#organization\"},\"potentialAction\":[{\"@type\":\"SearchAction\",\"target\":{\"@type\":\"EntryPoint\",\"urlTemplate\":\"https:\\\/\\\/kzprofesional.com\\\/?s={search_term_string}\"},\"query-input\":{\"@type\":\"PropertyValueSpecification\",\"valueRequired\":true,\"valueName\":\"search_term_string\"}}],\"inLanguage\":\"fr-FR\"},{\"@type\":\"Organization\",\"@id\":\"https:\\\/\\\/kzprofesional.com\\\/#organization\",\"name\":\"Imperio Barber Shop\",\"url\":\"https:\\\/\\\/kzprofesional.com\\\/\",\"logo\":{\"@type\":\"ImageObject\",\"inLanguage\":\"fr-FR\",\"@id\":\"https:\\\/\\\/kzprofesional.com\\\/#\\\/schema\\\/logo\\\/image\\\/\",\"url\":\"https:\\\/\\\/kzprofesional.com\\\/wp-content\\\/uploads\\\/2021\\\/09\\\/Logo-Imperio-Barber-Shop.png\",\"contentUrl\":\"https:\\\/\\\/kzprofesional.com\\\/wp-content\\\/uploads\\\/2021\\\/09\\\/Logo-Imperio-Barber-Shop.png\",\"width\":128,\"height\":128,\"caption\":\"Imperio Barber Shop\"},\"image\":{\"@id\":\"https:\\\/\\\/kzprofesional.com\\\/#\\\/schema\\\/logo\\\/image\\\/\"}}]}<\/script>\n<!-- \/ Yoast SEO Premium plugin. -->","yoast_head_json":{"title":"Masque colorant Bright Colour - TASSEL - KZ Profesional","description":"Tassel r\u00e9invente les masques et nous propose ses masques nourrissants et r\u00e9parateurs pour la couleur. Le masque Colour Mask Bright apporte une couleur intense, vive et durable qui s\u2019estompe au fil des lavages.","robots":{"index":"index","follow":"follow","max-snippet":"max-snippet:-1","max-image-preview":"max-image-preview:large","max-video-preview":"max-video-preview:-1"},"canonical":"https:\/\/kzprofesional.com\/producto\/mascarilla-de-color-bright-colour-tassel\/","og_locale":"fr_FR","og_type":"article","og_title":"Masque colorant Bright Colour - TASSEL","og_description":"Tassel r\u00e9invente les masques et nous propose ses masques nourrissants et r\u00e9parateurs pour la couleur. Le masque Colour Mask Bright apporte une couleur intense, vive et durable qui s\u2019estompe au fil des lavages.","og_url":"https:\/\/kzprofesional.com\/producto\/mascarilla-de-color-bright-colour-tassel\/","og_site_name":"KZ Profesional","article_modified_time":"2026-04-27T06:02:14+00:00","og_image":[{"width":669,"height":670,"url":"https:\/\/kzprofesional.com\/wp-content\/uploads\/Captura-de-pantalla-2026-04-23-092418.png","type":"image\/png"}],"twitter_card":"summary_large_image","schema":{"@context":"https:\/\/schema.org","@graph":[{"@type":"WebPage","@id":"https:\/\/kzprofesional.com\/producto\/mascarilla-de-color-bright-colour-tassel\/","url":"https:\/\/kzprofesional.com\/producto\/mascarilla-de-color-bright-colour-tassel\/","name":"Masque colorant Bright Colour - TASSEL - KZ Profesional","isPartOf":{"@id":"https:\/\/kzprofesional.com\/#website"},"primaryImageOfPage":{"@id":"https:\/\/kzprofesional.com\/producto\/mascarilla-de-color-bright-colour-tassel\/#primaryimage"},"image":{"@id":"https:\/\/kzprofesional.com\/producto\/mascarilla-de-color-bright-colour-tassel\/#primaryimage"},"thumbnailUrl":"https:\/\/kzprofesional.com\/wp-content\/uploads\/Captura-de-pantalla-2026-04-23-092418.png","datePublished":"2026-04-23T11:15:28+00:00","dateModified":"2026-04-27T06:02:14+00:00","description":"Tassel r\u00e9invente les masques et nous propose ses masques nourrissants et r\u00e9parateurs pour la couleur. Le masque Colour Mask Bright apporte une couleur intense, vive et durable qui s\u2019estompe au fil des lavages.","breadcrumb":{"@id":"https:\/\/kzprofesional.com\/producto\/mascarilla-de-color-bright-colour-tassel\/#breadcrumb"},"inLanguage":"fr-FR","potentialAction":[{"@type":"ReadAction","target":["https:\/\/kzprofesional.com\/producto\/mascarilla-de-color-bright-colour-tassel\/"]}]},{"@type":"ImageObject","inLanguage":"fr-FR","@id":"https:\/\/kzprofesional.com\/producto\/mascarilla-de-color-bright-colour-tassel\/#primaryimage","url":"https:\/\/kzprofesional.com\/wp-content\/uploads\/Captura-de-pantalla-2026-04-23-092418.png","contentUrl":"https:\/\/kzprofesional.com\/wp-content\/uploads\/Captura-de-pantalla-2026-04-23-092418.png","width":669,"height":670},{"@type":"BreadcrumbList","@id":"https:\/\/kzprofesional.com\/producto\/mascarilla-de-color-bright-colour-tassel\/#breadcrumb","itemListElement":[{"@type":"ListItem","position":1,"name":"Portada","item":"https:\/\/kzprofesional.com\/fr\/"},{"@type":"ListItem","position":2,"name":"Boutique","item":"https:\/\/kzprofesional.com\/fr\/boutique\/"},{"@type":"ListItem","position":3,"name":"Masque colorant Bright Colour &#8211; TASSEL"}]},{"@type":"WebSite","@id":"https:\/\/kzprofesional.com\/#website","url":"https:\/\/kzprofesional.com\/","name":"KZ Profesional","description":"","publisher":{"@id":"https:\/\/kzprofesional.com\/#organization"},"potentialAction":[{"@type":"SearchAction","target":{"@type":"EntryPoint","urlTemplate":"https:\/\/kzprofesional.com\/?s={search_term_string}"},"query-input":{"@type":"PropertyValueSpecification","valueRequired":true,"valueName":"search_term_string"}}],"inLanguage":"fr-FR"},{"@type":"Organization","@id":"https:\/\/kzprofesional.com\/#organization","name":"Imperio Barber Shop","url":"https:\/\/kzprofesional.com\/","logo":{"@type":"ImageObject","inLanguage":"fr-FR","@id":"https:\/\/kzprofesional.com\/#\/schema\/logo\/image\/","url":"https:\/\/kzprofesional.com\/wp-content\/uploads\/2021\/09\/Logo-Imperio-Barber-Shop.png","contentUrl":"https:\/\/kzprofesional.com\/wp-content\/uploads\/2021\/09\/Logo-Imperio-Barber-Shop.png","width":128,"height":128,"caption":"Imperio Barber Shop"},"image":{"@id":"https:\/\/kzprofesional.com\/#\/schema\/logo\/image\/"}}]}},"_links":{"self":[{"href":"https:\/\/kzprofesional.com\/fr\/wp-json\/wp\/v2\/product\/79785","targetHints":{"allow":["GET"]}}],"collection":[{"href":"https:\/\/kzprofesional.com\/fr\/wp-json\/wp\/v2\/product"}],"about":[{"href":"https:\/\/kzprofesional.com\/fr\/wp-json\/wp\/v2\/types\/product"}],"wp:featuredmedia":[{"embeddable":true,"href":"https:\/\/kzprofesional.com\/fr\/wp-json\/wp\/v2\/media\/79786"}],"wp:attachment":[{"href":"https:\/\/kzprofesional.com\/fr\/wp-json\/wp\/v2\/media?parent=79785"}],"wp:term":[{"taxonomy":"product_brand","embeddable":true,"href":"https:\/\/kzprofesional.com\/fr\/wp-json\/wp\/v2\/product_brand?post=79785"},{"taxonomy":"product_cat","embeddable":true,"href":"https:\/\/kzprofesional.com\/fr\/wp-json\/wp\/v2\/product_cat?post=79785"},{"taxonomy":"product_tag","embeddable":true,"href":"https:\/\/kzprofesional.com\/fr\/wp-json\/wp\/v2\/product_tag?post=79785"}],"curies":[{"name":"wp","href":"https:\/\/api.w.org\/{rel}","templated":true}]}}