

{"id":79881,"date":"2026-04-22T16:44:12","date_gmt":"2026-04-22T14:44:12","guid":{"rendered":"https:\/\/kzprofesional.com\/machine-clipper-jrl-3000cb-fade-noire-jrl\/"},"modified":"2026-04-27T08:02:25","modified_gmt":"2026-04-27T06:02:25","slug":"machine-clipper-jrl-3000cb-fade-noire-jrl","status":"publish","type":"product","link":"https:\/\/kzprofesional.com\/fr\/produit\/machine-clipper-jrl-3000cb-fade-noire-jrl\/","title":{"rendered":"Machine Clipper JRL 3000CB-Fade noire &#8211; JRL"},"content":{"rendered":"<p><strong><span dir=\"auto\">Pr\u00e9cision. Puissance. Confort. Con\u00e7u pour les professionnels.<\/span><\/strong><\/p>\n<p><strong><span dir=\"auto\">Syst\u00e8me de r\u00e9glage \u00e0 verrouillage sur 5 niveaux<\/span><\/strong><\/p>\n<p><span dir=\"auto\">Dispose de cinq positions de verrouillage s\u00fbres dans une plage de r\u00e9glage de pr\u00e9cision, con\u00e7ues pour maintenir une pr\u00e9cision de coupe et une stabilit\u00e9 constantes pendant une utilisation professionnelle prolong\u00e9e.<\/span><\/p>\n<p><strong><span dir=\"auto\">R\u00e9glage pr\u00e9cis de la lame (0,25\u20133,0 mm)<\/span><\/strong><\/p>\n<p><span dir=\"auto\">Longueur de coupe r\u00e9glable de 0,25 mm \u00e0 3,0 mm, avec possibilit\u00e9 de r\u00e9glage sans espace pour des d\u00e9tails ultrapr\u00e9 cis, des contours d\u00e9finis et des d\u00e9grad\u00e9s nets.<\/span><\/p>\n<p><strong><span dir=\"auto\">Lame Fade<\/span><\/strong><\/p>\n<p><span dir=\"auto\">\u00c9quip\u00e9e de la lame APEX fade, con\u00e7ue pour un m\u00e9lange plus doux, des transitions plus nettes et un contr\u00f4le du fade sans effort.<\/span><\/p>\n<p><strong><span dir=\"auto\">Moteur sans balais haute performance de 7800 tr\/min<\/span><\/strong><\/p>\n<p><span dir=\"auto\">Offre des performances de coupe puissantes et fluides, avec une longue dur\u00e9e de vie et une puissance constante.<\/span><\/p>\n<p><strong><span dir=\"auto\">Fonctionnement \u00e0 faible niveau sonore<\/span><\/strong><\/p>\n<p><span dir=\"auto\">Optimis\u00e9 pour un fonctionnement plus silencieux, am\u00e9liorant le confort des barbiers comme des clients.<\/span><\/p>\n<p><strong><span dir=\"auto\">Batterie lithium \u00e0 charge rapide<\/span><\/strong><\/p>\n<p><span dir=\"auto\">Se charge compl\u00e8tement en environ 2 heures pour r\u00e9duire les temps d\u2019arr\u00eat.<\/span><\/p>\n<p><strong><span dir=\"auto\">Jusqu\u2019\u00e0 2 heures de fonctionnement sans fil.<\/span><\/strong><\/p>\n<p><span dir=\"auto\">Ses performances sans fil fiables permettent d\u2019effectuer plusieurs services avec une seule charge.<\/span><\/p>\n<p><strong><span dir=\"auto\">\u00c9cran LED intelligent<\/span><\/strong><\/p>\n<p><span dir=\"auto\">L\u2019\u00e9cran LED int\u00e9gr\u00e9 affiche le temps de fonctionnement restant et l\u2019\u00e9tat de charge pour une gestion pr\u00e9cise du flux de travail.<\/span><\/p>\n<p><strong><span dir=\"auto\">Design compact, l\u00e9ger et ergonomique.<\/span><\/strong><\/p>\n<p><span dir=\"auto\">Un design plus court et plus l\u00e9ger am\u00e9liore l\u2019\u00e9quilibre et le contr\u00f4le tout en r\u00e9duisant la fatigue de la main pendant une utilisation prolong\u00e9e.<\/span><\/p>\n","protected":false},"excerpt":{"rendered":"<p>PR\u00c9VENTE EXCLUSIVE !<\/p>\n<p>R\u00e9servez votre machine Clipper JRL. Soyez parmi les premiers \u00e0 la recevoir.<\/p>\n<p>\ud83d\uddd3 Disponible \u00e0 partir du 27 AVRIL<br \/>\n\ud83d\ude9a Les commandes commenceront \u00e0 \u00eatre exp\u00e9di\u00e9es \u00e0 partir de cette date.<br \/>\n\ud83c\udf81 Unit\u00e9s limit\u00e9es pour cette premi\u00e8re \u00e9dition !<\/p>\n<p>\ud83d\udd12 Achetez maintenant pour garantir votre unit\u00e9.<br \/>\n\ud83d\udcb3 Le paiement est effectu\u00e9 aujourd\u2019hui ; l\u2019envoi sera automatique \u00e0 partir du 27\/04<\/p>\n<p>Garantie de 1 an pour les professionnels et les entreprises. 3 ans pour les consommateurs particuliers.<\/p>\n","protected":false},"featured_media":79882,"template":"","meta":{"_acf_changed":false,"_jet_sm_ready_style":"","_jet_sm_style":"","_jet_sm_controls_values":"","_jet_sm_fonts_collection":"","_jet_sm_fonts_links":""},"product_brand":[],"product_cat":[766,806],"product_tag":[],"class_list":{"0":"post-79881","1":"product","2":"type-product","3":"status-publish","4":"has-post-thumbnail","6":"product_cat-clippers-sans-fil","7":"product_cat-nouveautes","8":"sales-flash-overlay","9":"woocommerce-text-align-center","10":"woocommerce-image-align-center","11":"do-quantity-buttons","13":"first","14":"instock","15":"taxable","16":"shipping-taxable","17":"purchasable","18":"product-type-simple"},"bundled_by":[],"bundle_stock_status":"instock","bundle_stock_quantity":24,"bundle_virtual":false,"bundle_layout":"","bundle_add_to_cart_form_location":"","bundle_editable_in_cart":false,"bundle_sold_individually_context":"","bundle_item_grouping":"","bundle_min_size":"","bundle_max_size":"","bundle_price":[],"bundled_items":[],"bundle_sell_ids":[],"acf":[],"yoast_head":"<!-- This site is optimized with the Yoast SEO Premium plugin v25.9 (Yoast SEO v27.4) - https:\/\/yoast.com\/product\/yoast-seo-premium-wordpress\/ -->\n<title>Machine Clipper JRL 3000CB-Fade noire - JRL - KZ Profesional<\/title>\n<meta name=\"description\" content=\"Dispose de cinq positions de verrouillage s\u00fbres dans une plage de r\u00e9glage de pr\u00e9cision, con\u00e7ues pour maintenir une pr\u00e9cision de coupe et une stabilit\u00e9 constantes pendant une utilisation professionnelle prolong\u00e9e.\" \/>\n<meta name=\"robots\" content=\"index, follow, max-snippet:-1, max-image-preview:large, max-video-preview:-1\" \/>\n<link rel=\"canonical\" href=\"https:\/\/kzprofesional.com\/producto\/maquina-clipper-jrl-3000cb-fade-negra-jrl\/\" \/>\n<meta property=\"og:locale\" content=\"fr_FR\" \/>\n<meta property=\"og:type\" content=\"article\" \/>\n<meta property=\"og:title\" content=\"Machine Clipper JRL 3000CB-Fade noire - JRL\" \/>\n<meta property=\"og:description\" content=\"Dispose de cinq positions de verrouillage s\u00fbres dans une plage de r\u00e9glage de pr\u00e9cision, con\u00e7ues pour maintenir une pr\u00e9cision de coupe et une stabilit\u00e9 constantes pendant une utilisation professionnelle prolong\u00e9e.\" \/>\n<meta property=\"og:url\" content=\"https:\/\/kzprofesional.com\/producto\/maquina-clipper-jrl-3000cb-fade-negra-jrl\/\" \/>\n<meta property=\"og:site_name\" content=\"KZ Profesional\" \/>\n<meta property=\"article:modified_time\" content=\"2026-04-27T06:02:25+00:00\" \/>\n<meta property=\"og:image\" content=\"https:\/\/kzprofesional.com\/wp-content\/uploads\/Captura-de-pantalla-2026-04-22-162505.png\" \/>\n\t<meta property=\"og:image:width\" content=\"516\" \/>\n\t<meta property=\"og:image:height\" content=\"557\" \/>\n\t<meta property=\"og:image:type\" content=\"image\/png\" \/>\n<meta name=\"twitter:card\" content=\"summary_large_image\" \/>\n<script type=\"application\/ld+json\" class=\"yoast-schema-graph\">{\"@context\":\"https:\\\/\\\/schema.org\",\"@graph\":[{\"@type\":\"WebPage\",\"@id\":\"https:\\\/\\\/kzprofesional.com\\\/producto\\\/maquina-clipper-jrl-3000cb-fade-negra-jrl\\\/\",\"url\":\"https:\\\/\\\/kzprofesional.com\\\/producto\\\/maquina-clipper-jrl-3000cb-fade-negra-jrl\\\/\",\"name\":\"Machine Clipper JRL 3000CB-Fade noire - JRL - KZ Profesional\",\"isPartOf\":{\"@id\":\"https:\\\/\\\/kzprofesional.com\\\/#website\"},\"primaryImageOfPage\":{\"@id\":\"https:\\\/\\\/kzprofesional.com\\\/producto\\\/maquina-clipper-jrl-3000cb-fade-negra-jrl\\\/#primaryimage\"},\"image\":{\"@id\":\"https:\\\/\\\/kzprofesional.com\\\/producto\\\/maquina-clipper-jrl-3000cb-fade-negra-jrl\\\/#primaryimage\"},\"thumbnailUrl\":\"https:\\\/\\\/kzprofesional.com\\\/wp-content\\\/uploads\\\/Captura-de-pantalla-2026-04-22-162505.png\",\"datePublished\":\"2026-04-22T14:44:12+00:00\",\"dateModified\":\"2026-04-27T06:02:25+00:00\",\"description\":\"Dispose de cinq positions de verrouillage s\u00fbres dans une plage de r\u00e9glage de pr\u00e9cision, con\u00e7ues pour maintenir une pr\u00e9cision de coupe et une stabilit\u00e9 constantes pendant une utilisation professionnelle prolong\u00e9e.\",\"breadcrumb\":{\"@id\":\"https:\\\/\\\/kzprofesional.com\\\/producto\\\/maquina-clipper-jrl-3000cb-fade-negra-jrl\\\/#breadcrumb\"},\"inLanguage\":\"fr-FR\",\"potentialAction\":[{\"@type\":\"ReadAction\",\"target\":[\"https:\\\/\\\/kzprofesional.com\\\/producto\\\/maquina-clipper-jrl-3000cb-fade-negra-jrl\\\/\"]}]},{\"@type\":\"ImageObject\",\"inLanguage\":\"fr-FR\",\"@id\":\"https:\\\/\\\/kzprofesional.com\\\/producto\\\/maquina-clipper-jrl-3000cb-fade-negra-jrl\\\/#primaryimage\",\"url\":\"https:\\\/\\\/kzprofesional.com\\\/wp-content\\\/uploads\\\/Captura-de-pantalla-2026-04-22-162505.png\",\"contentUrl\":\"https:\\\/\\\/kzprofesional.com\\\/wp-content\\\/uploads\\\/Captura-de-pantalla-2026-04-22-162505.png\",\"width\":516,\"height\":557},{\"@type\":\"BreadcrumbList\",\"@id\":\"https:\\\/\\\/kzprofesional.com\\\/producto\\\/maquina-clipper-jrl-3000cb-fade-negra-jrl\\\/#breadcrumb\",\"itemListElement\":[{\"@type\":\"ListItem\",\"position\":1,\"name\":\"Portada\",\"item\":\"https:\\\/\\\/kzprofesional.com\\\/fr\\\/\"},{\"@type\":\"ListItem\",\"position\":2,\"name\":\"Boutique\",\"item\":\"https:\\\/\\\/kzprofesional.com\\\/fr\\\/boutique\\\/\"},{\"@type\":\"ListItem\",\"position\":3,\"name\":\"Machine Clipper JRL 3000CB-Fade noire &#8211; JRL\"}]},{\"@type\":\"WebSite\",\"@id\":\"https:\\\/\\\/kzprofesional.com\\\/#website\",\"url\":\"https:\\\/\\\/kzprofesional.com\\\/\",\"name\":\"KZ Profesional\",\"description\":\"\",\"publisher\":{\"@id\":\"https:\\\/\\\/kzprofesional.com\\\/#organization\"},\"potentialAction\":[{\"@type\":\"SearchAction\",\"target\":{\"@type\":\"EntryPoint\",\"urlTemplate\":\"https:\\\/\\\/kzprofesional.com\\\/?s={search_term_string}\"},\"query-input\":{\"@type\":\"PropertyValueSpecification\",\"valueRequired\":true,\"valueName\":\"search_term_string\"}}],\"inLanguage\":\"fr-FR\"},{\"@type\":\"Organization\",\"@id\":\"https:\\\/\\\/kzprofesional.com\\\/#organization\",\"name\":\"Imperio Barber Shop\",\"url\":\"https:\\\/\\\/kzprofesional.com\\\/\",\"logo\":{\"@type\":\"ImageObject\",\"inLanguage\":\"fr-FR\",\"@id\":\"https:\\\/\\\/kzprofesional.com\\\/#\\\/schema\\\/logo\\\/image\\\/\",\"url\":\"https:\\\/\\\/kzprofesional.com\\\/wp-content\\\/uploads\\\/2021\\\/09\\\/Logo-Imperio-Barber-Shop.png\",\"contentUrl\":\"https:\\\/\\\/kzprofesional.com\\\/wp-content\\\/uploads\\\/2021\\\/09\\\/Logo-Imperio-Barber-Shop.png\",\"width\":128,\"height\":128,\"caption\":\"Imperio Barber Shop\"},\"image\":{\"@id\":\"https:\\\/\\\/kzprofesional.com\\\/#\\\/schema\\\/logo\\\/image\\\/\"}}]}<\/script>\n<!-- \/ Yoast SEO Premium plugin. -->","yoast_head_json":{"title":"Machine Clipper JRL 3000CB-Fade noire - JRL - KZ Profesional","description":"Dispose de cinq positions de verrouillage s\u00fbres dans une plage de r\u00e9glage de pr\u00e9cision, con\u00e7ues pour maintenir une pr\u00e9cision de coupe et une stabilit\u00e9 constantes pendant une utilisation professionnelle prolong\u00e9e.","robots":{"index":"index","follow":"follow","max-snippet":"max-snippet:-1","max-image-preview":"max-image-preview:large","max-video-preview":"max-video-preview:-1"},"canonical":"https:\/\/kzprofesional.com\/producto\/maquina-clipper-jrl-3000cb-fade-negra-jrl\/","og_locale":"fr_FR","og_type":"article","og_title":"Machine Clipper JRL 3000CB-Fade noire - JRL","og_description":"Dispose de cinq positions de verrouillage s\u00fbres dans une plage de r\u00e9glage de pr\u00e9cision, con\u00e7ues pour maintenir une pr\u00e9cision de coupe et une stabilit\u00e9 constantes pendant une utilisation professionnelle prolong\u00e9e.","og_url":"https:\/\/kzprofesional.com\/producto\/maquina-clipper-jrl-3000cb-fade-negra-jrl\/","og_site_name":"KZ Profesional","article_modified_time":"2026-04-27T06:02:25+00:00","og_image":[{"width":516,"height":557,"url":"https:\/\/kzprofesional.com\/wp-content\/uploads\/Captura-de-pantalla-2026-04-22-162505.png","type":"image\/png"}],"twitter_card":"summary_large_image","schema":{"@context":"https:\/\/schema.org","@graph":[{"@type":"WebPage","@id":"https:\/\/kzprofesional.com\/producto\/maquina-clipper-jrl-3000cb-fade-negra-jrl\/","url":"https:\/\/kzprofesional.com\/producto\/maquina-clipper-jrl-3000cb-fade-negra-jrl\/","name":"Machine Clipper JRL 3000CB-Fade noire - JRL - KZ Profesional","isPartOf":{"@id":"https:\/\/kzprofesional.com\/#website"},"primaryImageOfPage":{"@id":"https:\/\/kzprofesional.com\/producto\/maquina-clipper-jrl-3000cb-fade-negra-jrl\/#primaryimage"},"image":{"@id":"https:\/\/kzprofesional.com\/producto\/maquina-clipper-jrl-3000cb-fade-negra-jrl\/#primaryimage"},"thumbnailUrl":"https:\/\/kzprofesional.com\/wp-content\/uploads\/Captura-de-pantalla-2026-04-22-162505.png","datePublished":"2026-04-22T14:44:12+00:00","dateModified":"2026-04-27T06:02:25+00:00","description":"Dispose de cinq positions de verrouillage s\u00fbres dans une plage de r\u00e9glage de pr\u00e9cision, con\u00e7ues pour maintenir une pr\u00e9cision de coupe et une stabilit\u00e9 constantes pendant une utilisation professionnelle prolong\u00e9e.","breadcrumb":{"@id":"https:\/\/kzprofesional.com\/producto\/maquina-clipper-jrl-3000cb-fade-negra-jrl\/#breadcrumb"},"inLanguage":"fr-FR","potentialAction":[{"@type":"ReadAction","target":["https:\/\/kzprofesional.com\/producto\/maquina-clipper-jrl-3000cb-fade-negra-jrl\/"]}]},{"@type":"ImageObject","inLanguage":"fr-FR","@id":"https:\/\/kzprofesional.com\/producto\/maquina-clipper-jrl-3000cb-fade-negra-jrl\/#primaryimage","url":"https:\/\/kzprofesional.com\/wp-content\/uploads\/Captura-de-pantalla-2026-04-22-162505.png","contentUrl":"https:\/\/kzprofesional.com\/wp-content\/uploads\/Captura-de-pantalla-2026-04-22-162505.png","width":516,"height":557},{"@type":"BreadcrumbList","@id":"https:\/\/kzprofesional.com\/producto\/maquina-clipper-jrl-3000cb-fade-negra-jrl\/#breadcrumb","itemListElement":[{"@type":"ListItem","position":1,"name":"Portada","item":"https:\/\/kzprofesional.com\/fr\/"},{"@type":"ListItem","position":2,"name":"Boutique","item":"https:\/\/kzprofesional.com\/fr\/boutique\/"},{"@type":"ListItem","position":3,"name":"Machine Clipper JRL 3000CB-Fade noire &#8211; JRL"}]},{"@type":"WebSite","@id":"https:\/\/kzprofesional.com\/#website","url":"https:\/\/kzprofesional.com\/","name":"KZ Profesional","description":"","publisher":{"@id":"https:\/\/kzprofesional.com\/#organization"},"potentialAction":[{"@type":"SearchAction","target":{"@type":"EntryPoint","urlTemplate":"https:\/\/kzprofesional.com\/?s={search_term_string}"},"query-input":{"@type":"PropertyValueSpecification","valueRequired":true,"valueName":"search_term_string"}}],"inLanguage":"fr-FR"},{"@type":"Organization","@id":"https:\/\/kzprofesional.com\/#organization","name":"Imperio Barber Shop","url":"https:\/\/kzprofesional.com\/","logo":{"@type":"ImageObject","inLanguage":"fr-FR","@id":"https:\/\/kzprofesional.com\/#\/schema\/logo\/image\/","url":"https:\/\/kzprofesional.com\/wp-content\/uploads\/2021\/09\/Logo-Imperio-Barber-Shop.png","contentUrl":"https:\/\/kzprofesional.com\/wp-content\/uploads\/2021\/09\/Logo-Imperio-Barber-Shop.png","width":128,"height":128,"caption":"Imperio Barber Shop"},"image":{"@id":"https:\/\/kzprofesional.com\/#\/schema\/logo\/image\/"}}]}},"_links":{"self":[{"href":"https:\/\/kzprofesional.com\/fr\/wp-json\/wp\/v2\/product\/79881","targetHints":{"allow":["GET"]}}],"collection":[{"href":"https:\/\/kzprofesional.com\/fr\/wp-json\/wp\/v2\/product"}],"about":[{"href":"https:\/\/kzprofesional.com\/fr\/wp-json\/wp\/v2\/types\/product"}],"wp:featuredmedia":[{"embeddable":true,"href":"https:\/\/kzprofesional.com\/fr\/wp-json\/wp\/v2\/media\/79882"}],"wp:attachment":[{"href":"https:\/\/kzprofesional.com\/fr\/wp-json\/wp\/v2\/media?parent=79881"}],"wp:term":[{"taxonomy":"product_brand","embeddable":true,"href":"https:\/\/kzprofesional.com\/fr\/wp-json\/wp\/v2\/product_brand?post=79881"},{"taxonomy":"product_cat","embeddable":true,"href":"https:\/\/kzprofesional.com\/fr\/wp-json\/wp\/v2\/product_cat?post=79881"},{"taxonomy":"product_tag","embeddable":true,"href":"https:\/\/kzprofesional.com\/fr\/wp-json\/wp\/v2\/product_tag?post=79881"}],"curies":[{"name":"wp","href":"https:\/\/api.w.org\/{rel}","templated":true}]}}