

{"id":80175,"date":"2026-03-25T08:34:12","date_gmt":"2026-03-25T07:34:12","guid":{"rendered":"https:\/\/kzprofesional.com\/creme-oxydante-decolorante-6-oxy-bright-vol-20-150ml-tassel\/"},"modified":"2026-03-25T08:34:12","modified_gmt":"2026-03-25T07:34:12","slug":"creme-oxydante-decolorante-6-oxy-bright-vol-20-150ml-tassel","status":"publish","type":"product","link":"https:\/\/kzprofesional.com\/fr\/produit\/creme-oxydante-decolorante-6-oxy-bright-vol-20-150ml-tassel\/","title":{"rendered":"Cr\u00e8me oxydante\/d\u00e9colorante 6% Oxy Bright VOL.20 150ML \u2013 TASSEL"},"content":{"rendered":"<p><strong>OXY BRIGHT CREAM (OXIDANTE \/ DECOLORANTE) VOL.20% 150ML \u2013 TASSEL<\/strong><\/p>\n<p>Pourquoi<strong>\u00a0acheter\u00a0<\/strong>el<strong> Oxidante en Crema 20 Vol. &#8211; 150 ML ?<\/strong><\/p>\n<p>Gr\u00e2ce \u00e0 sa texture cr\u00e9meuse, elle est plus facile \u00e0 \u00e9mulsionner et \u00e0 r\u00e9partir sur les cheveux, tout en respectant davantage la fibre capillaire.<\/p>\n<p>Laisse les cheveux doux et soign\u00e9s<\/p>\n<p>Contient des extraits v\u00e9g\u00e9taux et des huiles naturelles<\/p>\n<p>Qualit\u00e9\u00a0<em><strong>Tassel<\/strong><\/em>\u00a0\u00ae<\/p>\n","protected":false},"excerpt":{"rendered":"<p>OXY BRIGHT CREAM (OXIDANTE \/ DECOLORANTE) VOL.20% 150ML \u2013 TASSEL Pourquoi\u00a0acheter\u00a0el Oxidante en Crema 20 Vol. &#8211; 150 ML ? Gr\u00e2ce \u00e0 sa texture cr\u00e9meuse, elle est plus facile \u00e0 \u00e9mulsionner et \u00e0 r\u00e9partir sur les cheveux, tout en respectant davantage la fibre capillaire. Laisse les cheveux doux et soign\u00e9s Contient des extraits v\u00e9g\u00e9taux et &#8230; <a title=\"Cr\u00e8me oxydante\/d\u00e9colorante 6% Oxy Bright VOL.20 150ML \u2013 TASSEL\" class=\"read-more\" href=\"https:\/\/kzprofesional.com\/fr\/produit\/creme-oxydante-decolorante-6-oxy-bright-vol-20-150ml-tassel\/\" aria-label=\"En savoir plus sur Cr\u00e8me oxydante\/d\u00e9colorante 6% Oxy Bright VOL.20 150ML \u2013 TASSEL\">Lire plus<\/a><\/p>\n","protected":false},"featured_media":80176,"template":"","meta":{"_acf_changed":false,"_jet_sm_ready_style":"","_jet_sm_style":"","_jet_sm_controls_values":"","_jet_sm_fonts_collection":"","_jet_sm_fonts_links":""},"product_brand":[],"product_cat":[806,938],"product_tag":[],"class_list":{"0":"post-80175","1":"product","2":"type-product","3":"status-publish","4":"has-post-thumbnail","6":"product_cat-nouveautes","7":"product_cat-oxydants","8":"sales-flash-overlay","9":"woocommerce-text-align-center","10":"woocommerce-image-align-center","11":"do-quantity-buttons","13":"first","14":"instock","15":"taxable","16":"shipping-taxable","17":"purchasable","18":"product-type-simple"},"bundled_by":[],"bundle_stock_status":"instock","bundle_stock_quantity":17,"bundle_virtual":false,"bundle_layout":"","bundle_add_to_cart_form_location":"","bundle_editable_in_cart":false,"bundle_sold_individually_context":"","bundle_item_grouping":"","bundle_min_size":"","bundle_max_size":"","bundle_price":[],"bundled_items":[],"bundle_sell_ids":[],"acf":[],"yoast_head":"<!-- This site is optimized with the Yoast SEO Premium plugin v25.9 (Yoast SEO v27.4) - https:\/\/yoast.com\/product\/yoast-seo-premium-wordpress\/ -->\n<title>Cr\u00e8me oxydante\/d\u00e9colorante 6% Oxy Bright VOL.20 150ML \u2013 TASSEL - KZ Profesional<\/title>\n<meta name=\"description\" content=\"Gr\u00e2ce \u00e0 sa texture cr\u00e9meuse, elle est plus facile \u00e0 \u00e9mulsionner et \u00e0 r\u00e9partir sur les cheveux, tout en respectant davantage la fibre capillaire.\" \/>\n<meta name=\"robots\" content=\"index, follow, max-snippet:-1, max-image-preview:large, max-video-preview:-1\" \/>\n<link rel=\"canonical\" href=\"https:\/\/kzprofesional.com\/producto\/cream-oxidante-decolorante-6-oxy-brigt-vol-20-150ml-tassel\/\" \/>\n<meta property=\"og:locale\" content=\"fr_FR\" \/>\n<meta property=\"og:type\" content=\"article\" \/>\n<meta property=\"og:title\" content=\"Cr\u00e8me oxydante\/d\u00e9colorante 6% Oxy Bright VOL.20 150ML \u2013 TASSEL\" \/>\n<meta property=\"og:description\" content=\"Gr\u00e2ce \u00e0 sa texture cr\u00e9meuse, elle est plus facile \u00e0 \u00e9mulsionner et \u00e0 r\u00e9partir sur les cheveux, tout en respectant davantage la fibre capillaire.\" \/>\n<meta property=\"og:url\" content=\"https:\/\/kzprofesional.com\/producto\/cream-oxidante-decolorante-6-oxy-brigt-vol-20-150ml-tassel\/\" \/>\n<meta property=\"og:site_name\" content=\"KZ Profesional\" \/>\n<meta property=\"og:image\" content=\"https:\/\/kzprofesional.com\/wp-content\/uploads\/Captura-de-pantalla-2026-03-24-175033.png\" \/>\n\t<meta property=\"og:image:width\" content=\"749\" \/>\n\t<meta property=\"og:image:height\" content=\"857\" \/>\n\t<meta property=\"og:image:type\" content=\"image\/png\" \/>\n<meta name=\"twitter:card\" content=\"summary_large_image\" \/>\n<script type=\"application\/ld+json\" class=\"yoast-schema-graph\">{\"@context\":\"https:\\\/\\\/schema.org\",\"@graph\":[{\"@type\":\"WebPage\",\"@id\":\"https:\\\/\\\/kzprofesional.com\\\/producto\\\/cream-oxidante-decolorante-6-oxy-brigt-vol-20-150ml-tassel\\\/\",\"url\":\"https:\\\/\\\/kzprofesional.com\\\/producto\\\/cream-oxidante-decolorante-6-oxy-brigt-vol-20-150ml-tassel\\\/\",\"name\":\"Cr\u00e8me oxydante\\\/d\u00e9colorante 6% Oxy Bright VOL.20 150ML \u2013 TASSEL - KZ Profesional\",\"isPartOf\":{\"@id\":\"https:\\\/\\\/kzprofesional.com\\\/#website\"},\"primaryImageOfPage\":{\"@id\":\"https:\\\/\\\/kzprofesional.com\\\/producto\\\/cream-oxidante-decolorante-6-oxy-brigt-vol-20-150ml-tassel\\\/#primaryimage\"},\"image\":{\"@id\":\"https:\\\/\\\/kzprofesional.com\\\/producto\\\/cream-oxidante-decolorante-6-oxy-brigt-vol-20-150ml-tassel\\\/#primaryimage\"},\"thumbnailUrl\":\"https:\\\/\\\/kzprofesional.com\\\/wp-content\\\/uploads\\\/Captura-de-pantalla-2026-03-24-175033.png\",\"datePublished\":\"2026-03-25T07:34:12+00:00\",\"description\":\"Gr\u00e2ce \u00e0 sa texture cr\u00e9meuse, elle est plus facile \u00e0 \u00e9mulsionner et \u00e0 r\u00e9partir sur les cheveux, tout en respectant davantage la fibre capillaire.\",\"breadcrumb\":{\"@id\":\"https:\\\/\\\/kzprofesional.com\\\/producto\\\/cream-oxidante-decolorante-6-oxy-brigt-vol-20-150ml-tassel\\\/#breadcrumb\"},\"inLanguage\":\"fr-FR\",\"potentialAction\":[{\"@type\":\"ReadAction\",\"target\":[\"https:\\\/\\\/kzprofesional.com\\\/producto\\\/cream-oxidante-decolorante-6-oxy-brigt-vol-20-150ml-tassel\\\/\"]}]},{\"@type\":\"ImageObject\",\"inLanguage\":\"fr-FR\",\"@id\":\"https:\\\/\\\/kzprofesional.com\\\/producto\\\/cream-oxidante-decolorante-6-oxy-brigt-vol-20-150ml-tassel\\\/#primaryimage\",\"url\":\"https:\\\/\\\/kzprofesional.com\\\/wp-content\\\/uploads\\\/Captura-de-pantalla-2026-03-24-175033.png\",\"contentUrl\":\"https:\\\/\\\/kzprofesional.com\\\/wp-content\\\/uploads\\\/Captura-de-pantalla-2026-03-24-175033.png\",\"width\":749,\"height\":857},{\"@type\":\"BreadcrumbList\",\"@id\":\"https:\\\/\\\/kzprofesional.com\\\/producto\\\/cream-oxidante-decolorante-6-oxy-brigt-vol-20-150ml-tassel\\\/#breadcrumb\",\"itemListElement\":[{\"@type\":\"ListItem\",\"position\":1,\"name\":\"Portada\",\"item\":\"https:\\\/\\\/kzprofesional.com\\\/fr\\\/\"},{\"@type\":\"ListItem\",\"position\":2,\"name\":\"Boutique\",\"item\":\"https:\\\/\\\/kzprofesional.com\\\/fr\\\/boutique\\\/\"},{\"@type\":\"ListItem\",\"position\":3,\"name\":\"Cr\u00e8me oxydante\\\/d\u00e9colorante 6% Oxy Bright VOL.20 150ML \u2013 TASSEL\"}]},{\"@type\":\"WebSite\",\"@id\":\"https:\\\/\\\/kzprofesional.com\\\/#website\",\"url\":\"https:\\\/\\\/kzprofesional.com\\\/\",\"name\":\"KZ Profesional\",\"description\":\"\",\"publisher\":{\"@id\":\"https:\\\/\\\/kzprofesional.com\\\/#organization\"},\"potentialAction\":[{\"@type\":\"SearchAction\",\"target\":{\"@type\":\"EntryPoint\",\"urlTemplate\":\"https:\\\/\\\/kzprofesional.com\\\/?s={search_term_string}\"},\"query-input\":{\"@type\":\"PropertyValueSpecification\",\"valueRequired\":true,\"valueName\":\"search_term_string\"}}],\"inLanguage\":\"fr-FR\"},{\"@type\":\"Organization\",\"@id\":\"https:\\\/\\\/kzprofesional.com\\\/#organization\",\"name\":\"Imperio Barber Shop\",\"url\":\"https:\\\/\\\/kzprofesional.com\\\/\",\"logo\":{\"@type\":\"ImageObject\",\"inLanguage\":\"fr-FR\",\"@id\":\"https:\\\/\\\/kzprofesional.com\\\/#\\\/schema\\\/logo\\\/image\\\/\",\"url\":\"https:\\\/\\\/kzprofesional.com\\\/wp-content\\\/uploads\\\/2021\\\/09\\\/Logo-Imperio-Barber-Shop.png\",\"contentUrl\":\"https:\\\/\\\/kzprofesional.com\\\/wp-content\\\/uploads\\\/2021\\\/09\\\/Logo-Imperio-Barber-Shop.png\",\"width\":128,\"height\":128,\"caption\":\"Imperio Barber Shop\"},\"image\":{\"@id\":\"https:\\\/\\\/kzprofesional.com\\\/#\\\/schema\\\/logo\\\/image\\\/\"}}]}<\/script>\n<!-- \/ Yoast SEO Premium plugin. -->","yoast_head_json":{"title":"Cr\u00e8me oxydante\/d\u00e9colorante 6% Oxy Bright VOL.20 150ML \u2013 TASSEL - KZ Profesional","description":"Gr\u00e2ce \u00e0 sa texture cr\u00e9meuse, elle est plus facile \u00e0 \u00e9mulsionner et \u00e0 r\u00e9partir sur les cheveux, tout en respectant davantage la fibre capillaire.","robots":{"index":"index","follow":"follow","max-snippet":"max-snippet:-1","max-image-preview":"max-image-preview:large","max-video-preview":"max-video-preview:-1"},"canonical":"https:\/\/kzprofesional.com\/producto\/cream-oxidante-decolorante-6-oxy-brigt-vol-20-150ml-tassel\/","og_locale":"fr_FR","og_type":"article","og_title":"Cr\u00e8me oxydante\/d\u00e9colorante 6% Oxy Bright VOL.20 150ML \u2013 TASSEL","og_description":"Gr\u00e2ce \u00e0 sa texture cr\u00e9meuse, elle est plus facile \u00e0 \u00e9mulsionner et \u00e0 r\u00e9partir sur les cheveux, tout en respectant davantage la fibre capillaire.","og_url":"https:\/\/kzprofesional.com\/producto\/cream-oxidante-decolorante-6-oxy-brigt-vol-20-150ml-tassel\/","og_site_name":"KZ Profesional","og_image":[{"width":749,"height":857,"url":"https:\/\/kzprofesional.com\/wp-content\/uploads\/Captura-de-pantalla-2026-03-24-175033.png","type":"image\/png"}],"twitter_card":"summary_large_image","schema":{"@context":"https:\/\/schema.org","@graph":[{"@type":"WebPage","@id":"https:\/\/kzprofesional.com\/producto\/cream-oxidante-decolorante-6-oxy-brigt-vol-20-150ml-tassel\/","url":"https:\/\/kzprofesional.com\/producto\/cream-oxidante-decolorante-6-oxy-brigt-vol-20-150ml-tassel\/","name":"Cr\u00e8me oxydante\/d\u00e9colorante 6% Oxy Bright VOL.20 150ML \u2013 TASSEL - KZ Profesional","isPartOf":{"@id":"https:\/\/kzprofesional.com\/#website"},"primaryImageOfPage":{"@id":"https:\/\/kzprofesional.com\/producto\/cream-oxidante-decolorante-6-oxy-brigt-vol-20-150ml-tassel\/#primaryimage"},"image":{"@id":"https:\/\/kzprofesional.com\/producto\/cream-oxidante-decolorante-6-oxy-brigt-vol-20-150ml-tassel\/#primaryimage"},"thumbnailUrl":"https:\/\/kzprofesional.com\/wp-content\/uploads\/Captura-de-pantalla-2026-03-24-175033.png","datePublished":"2026-03-25T07:34:12+00:00","description":"Gr\u00e2ce \u00e0 sa texture cr\u00e9meuse, elle est plus facile \u00e0 \u00e9mulsionner et \u00e0 r\u00e9partir sur les cheveux, tout en respectant davantage la fibre capillaire.","breadcrumb":{"@id":"https:\/\/kzprofesional.com\/producto\/cream-oxidante-decolorante-6-oxy-brigt-vol-20-150ml-tassel\/#breadcrumb"},"inLanguage":"fr-FR","potentialAction":[{"@type":"ReadAction","target":["https:\/\/kzprofesional.com\/producto\/cream-oxidante-decolorante-6-oxy-brigt-vol-20-150ml-tassel\/"]}]},{"@type":"ImageObject","inLanguage":"fr-FR","@id":"https:\/\/kzprofesional.com\/producto\/cream-oxidante-decolorante-6-oxy-brigt-vol-20-150ml-tassel\/#primaryimage","url":"https:\/\/kzprofesional.com\/wp-content\/uploads\/Captura-de-pantalla-2026-03-24-175033.png","contentUrl":"https:\/\/kzprofesional.com\/wp-content\/uploads\/Captura-de-pantalla-2026-03-24-175033.png","width":749,"height":857},{"@type":"BreadcrumbList","@id":"https:\/\/kzprofesional.com\/producto\/cream-oxidante-decolorante-6-oxy-brigt-vol-20-150ml-tassel\/#breadcrumb","itemListElement":[{"@type":"ListItem","position":1,"name":"Portada","item":"https:\/\/kzprofesional.com\/fr\/"},{"@type":"ListItem","position":2,"name":"Boutique","item":"https:\/\/kzprofesional.com\/fr\/boutique\/"},{"@type":"ListItem","position":3,"name":"Cr\u00e8me oxydante\/d\u00e9colorante 6% Oxy Bright VOL.20 150ML \u2013 TASSEL"}]},{"@type":"WebSite","@id":"https:\/\/kzprofesional.com\/#website","url":"https:\/\/kzprofesional.com\/","name":"KZ Profesional","description":"","publisher":{"@id":"https:\/\/kzprofesional.com\/#organization"},"potentialAction":[{"@type":"SearchAction","target":{"@type":"EntryPoint","urlTemplate":"https:\/\/kzprofesional.com\/?s={search_term_string}"},"query-input":{"@type":"PropertyValueSpecification","valueRequired":true,"valueName":"search_term_string"}}],"inLanguage":"fr-FR"},{"@type":"Organization","@id":"https:\/\/kzprofesional.com\/#organization","name":"Imperio Barber Shop","url":"https:\/\/kzprofesional.com\/","logo":{"@type":"ImageObject","inLanguage":"fr-FR","@id":"https:\/\/kzprofesional.com\/#\/schema\/logo\/image\/","url":"https:\/\/kzprofesional.com\/wp-content\/uploads\/2021\/09\/Logo-Imperio-Barber-Shop.png","contentUrl":"https:\/\/kzprofesional.com\/wp-content\/uploads\/2021\/09\/Logo-Imperio-Barber-Shop.png","width":128,"height":128,"caption":"Imperio Barber Shop"},"image":{"@id":"https:\/\/kzprofesional.com\/#\/schema\/logo\/image\/"}}]}},"_links":{"self":[{"href":"https:\/\/kzprofesional.com\/fr\/wp-json\/wp\/v2\/product\/80175","targetHints":{"allow":["GET"]}}],"collection":[{"href":"https:\/\/kzprofesional.com\/fr\/wp-json\/wp\/v2\/product"}],"about":[{"href":"https:\/\/kzprofesional.com\/fr\/wp-json\/wp\/v2\/types\/product"}],"wp:featuredmedia":[{"embeddable":true,"href":"https:\/\/kzprofesional.com\/fr\/wp-json\/wp\/v2\/media\/80176"}],"wp:attachment":[{"href":"https:\/\/kzprofesional.com\/fr\/wp-json\/wp\/v2\/media?parent=80175"}],"wp:term":[{"taxonomy":"product_brand","embeddable":true,"href":"https:\/\/kzprofesional.com\/fr\/wp-json\/wp\/v2\/product_brand?post=80175"},{"taxonomy":"product_cat","embeddable":true,"href":"https:\/\/kzprofesional.com\/fr\/wp-json\/wp\/v2\/product_cat?post=80175"},{"taxonomy":"product_tag","embeddable":true,"href":"https:\/\/kzprofesional.com\/fr\/wp-json\/wp\/v2\/product_tag?post=80175"}],"curies":[{"name":"wp","href":"https:\/\/api.w.org\/{rel}","templated":true}]}}