

{"id":80241,"date":"2026-03-27T12:16:08","date_gmt":"2026-03-27T11:16:08","guid":{"rendered":"https:\/\/kzprofesional.com\/trimmer-gtx-blessed\/"},"modified":"2026-03-27T12:16:08","modified_gmt":"2026-03-27T11:16:08","slug":"trimmer-gtx-blessed","status":"publish","type":"product","link":"https:\/\/kzprofesional.com\/fr\/produit\/trimmer-gtx-blessed\/","title":{"rendered":"Trimmer GTX &#8211; BLESSED"},"content":{"rendered":"<p><strong>Trimmer GTX &#8211; BLESSED<\/strong><\/p>\n<p>M\u00e1quina de retoque de alta precisi\u00f3n con\u00e7ue para acabados y detalles en cortes de barber\u00eda.<\/p>\n<p>Equipada con moteur vectoriel de hauteur rendimiento que alcanza 13000 rpm, garantiza coupes pr\u00e9cises et uniformes en tout type de cheveu naturel.<\/p>\n<p>Las lames est\u00e1n fabricadas en acier japonais de haute qualit\u00e9, proporcionando durabilit\u00e9, nettet\u00e9 et pr\u00e9cision \u00e0 chaque passage.<\/p>\n<p><strong>CARACT\u00c9RISTIQUES<\/strong><br \/>\nMotor vector<br \/>\n13000 RPM<br \/>\nFonctionne avec ou sans fil<br \/>\nBater\u00eda li-ion 3200 mAh<br \/>\nAutonomie de la batterie: 200 min<br \/>\nTemps de charge: 120 min<br \/>\nTaille: 150 x 40 x 34 mm<br \/>\nPoids: 250 g<\/p>\n<p><strong>COMPOSANTS ET ACCESSOIRES<\/strong><br \/>\nLames en acier japonais<br \/>\nLame fixe de 40 mm<br \/>\nCepillo de limpieza, bote de huile lubrifiante<\/p>\n","protected":false},"excerpt":{"rendered":"<p>Personnalisez votre \u00e9quipement avec nos machines des marques leaders du secteur de la barberie et de la coiffure !<br \/>\nD\u00e9lai de livraison entre 1 et 15 jours.<br \/>\nGarantie de 1 an pour les professionnels et les entreprises. 3 ans pour les consommateurs particuliers.<\/p>\n","protected":false},"featured_media":80242,"template":"","meta":{"_acf_changed":false,"_jet_sm_ready_style":"","_jet_sm_style":"","_jet_sm_controls_values":"","_jet_sm_fonts_collection":"","_jet_sm_fonts_links":""},"product_brand":[],"product_cat":[806,823],"product_tag":[],"class_list":{"0":"post-80241","1":"product","2":"type-product","3":"status-publish","4":"has-post-thumbnail","6":"product_cat-nouveautes","7":"product_cat-trimmers-sans-fil","8":"sales-flash-overlay","9":"woocommerce-text-align-center","10":"woocommerce-image-align-center","11":"do-quantity-buttons","13":"first","14":"instock","15":"taxable","16":"shipping-taxable","17":"purchasable","18":"product-type-simple"},"bundled_by":[],"bundle_stock_status":"instock","bundle_stock_quantity":8,"bundle_virtual":false,"bundle_layout":"","bundle_add_to_cart_form_location":"","bundle_editable_in_cart":false,"bundle_sold_individually_context":"","bundle_item_grouping":"","bundle_min_size":"","bundle_max_size":"","bundle_price":[],"bundled_items":[],"bundle_sell_ids":[],"acf":[],"yoast_head":"<!-- This site is optimized with the Yoast SEO Premium plugin v25.9 (Yoast SEO v27.4) - https:\/\/yoast.com\/product\/yoast-seo-premium-wordpress\/ -->\n<title>Trimmer GTX - BLESSED - KZ Profesional<\/title>\n<meta name=\"description\" content=\"Machine de finition haute pr\u00e9cision con\u00e7ue pour les finitions et les d\u00e9tails des coupes de barberie. \u00c9quip\u00e9e d\u2019un moteur vectoriel haute performance atteignant 13 000 tr\/min, elle garantit des coupes pr\u00e9cises et uniformes sur tout type de cheveu naturel. Les lames sont fabriqu\u00e9es en acier japonais de haute qualit\u00e9, offrant durabilit\u00e9, nettet\u00e9 et pr\u00e9cision \u00e0 chaque passage.\" \/>\n<meta name=\"robots\" content=\"index, follow, max-snippet:-1, max-image-preview:large, max-video-preview:-1\" \/>\n<link rel=\"canonical\" href=\"https:\/\/kzprofesional.com\/producto\/maquina-trimmer-gtx-blessed\/\" \/>\n<meta property=\"og:locale\" content=\"fr_FR\" \/>\n<meta property=\"og:type\" content=\"article\" \/>\n<meta property=\"og:title\" content=\"Trimmer GTX - BLESSED\" \/>\n<meta property=\"og:description\" content=\"Machine de finition haute pr\u00e9cision con\u00e7ue pour les finitions et les d\u00e9tails des coupes de barberie. \u00c9quip\u00e9e d\u2019un moteur vectoriel haute performance atteignant 13 000 tr\/min, elle garantit des coupes pr\u00e9cises et uniformes sur tout type de cheveu naturel. Les lames sont fabriqu\u00e9es en acier japonais de haute qualit\u00e9, offrant durabilit\u00e9, nettet\u00e9 et pr\u00e9cision \u00e0 chaque passage.\" \/>\n<meta property=\"og:url\" content=\"https:\/\/kzprofesional.com\/producto\/maquina-trimmer-gtx-blessed\/\" \/>\n<meta property=\"og:site_name\" content=\"KZ Profesional\" \/>\n<meta property=\"og:image\" content=\"https:\/\/kzprofesional.com\/wp-content\/uploads\/Captura-de-pantalla-2026-03-26-175011.png\" \/>\n\t<meta property=\"og:image:width\" content=\"829\" \/>\n\t<meta property=\"og:image:height\" content=\"820\" \/>\n\t<meta property=\"og:image:type\" content=\"image\/png\" \/>\n<meta name=\"twitter:card\" content=\"summary_large_image\" \/>\n<script type=\"application\/ld+json\" class=\"yoast-schema-graph\">{\"@context\":\"https:\\\/\\\/schema.org\",\"@graph\":[{\"@type\":\"WebPage\",\"@id\":\"https:\\\/\\\/kzprofesional.com\\\/producto\\\/maquina-trimmer-gtx-blessed\\\/\",\"url\":\"https:\\\/\\\/kzprofesional.com\\\/producto\\\/maquina-trimmer-gtx-blessed\\\/\",\"name\":\"Trimmer GTX - BLESSED - KZ Profesional\",\"isPartOf\":{\"@id\":\"https:\\\/\\\/kzprofesional.com\\\/#website\"},\"primaryImageOfPage\":{\"@id\":\"https:\\\/\\\/kzprofesional.com\\\/producto\\\/maquina-trimmer-gtx-blessed\\\/#primaryimage\"},\"image\":{\"@id\":\"https:\\\/\\\/kzprofesional.com\\\/producto\\\/maquina-trimmer-gtx-blessed\\\/#primaryimage\"},\"thumbnailUrl\":\"https:\\\/\\\/kzprofesional.com\\\/wp-content\\\/uploads\\\/Captura-de-pantalla-2026-03-26-175011.png\",\"datePublished\":\"2026-03-27T11:16:08+00:00\",\"description\":\"Machine de finition haute pr\u00e9cision con\u00e7ue pour les finitions et les d\u00e9tails des coupes de barberie. \u00c9quip\u00e9e d\u2019un moteur vectoriel haute performance atteignant 13 000 tr\\\/min, elle garantit des coupes pr\u00e9cises et uniformes sur tout type de cheveu naturel. Les lames sont fabriqu\u00e9es en acier japonais de haute qualit\u00e9, offrant durabilit\u00e9, nettet\u00e9 et pr\u00e9cision \u00e0 chaque passage.\",\"breadcrumb\":{\"@id\":\"https:\\\/\\\/kzprofesional.com\\\/producto\\\/maquina-trimmer-gtx-blessed\\\/#breadcrumb\"},\"inLanguage\":\"fr-FR\",\"potentialAction\":[{\"@type\":\"ReadAction\",\"target\":[\"https:\\\/\\\/kzprofesional.com\\\/producto\\\/maquina-trimmer-gtx-blessed\\\/\"]}]},{\"@type\":\"ImageObject\",\"inLanguage\":\"fr-FR\",\"@id\":\"https:\\\/\\\/kzprofesional.com\\\/producto\\\/maquina-trimmer-gtx-blessed\\\/#primaryimage\",\"url\":\"https:\\\/\\\/kzprofesional.com\\\/wp-content\\\/uploads\\\/Captura-de-pantalla-2026-03-26-175011.png\",\"contentUrl\":\"https:\\\/\\\/kzprofesional.com\\\/wp-content\\\/uploads\\\/Captura-de-pantalla-2026-03-26-175011.png\",\"width\":829,\"height\":820},{\"@type\":\"BreadcrumbList\",\"@id\":\"https:\\\/\\\/kzprofesional.com\\\/producto\\\/maquina-trimmer-gtx-blessed\\\/#breadcrumb\",\"itemListElement\":[{\"@type\":\"ListItem\",\"position\":1,\"name\":\"Portada\",\"item\":\"https:\\\/\\\/kzprofesional.com\\\/fr\\\/\"},{\"@type\":\"ListItem\",\"position\":2,\"name\":\"Boutique\",\"item\":\"https:\\\/\\\/kzprofesional.com\\\/fr\\\/boutique\\\/\"},{\"@type\":\"ListItem\",\"position\":3,\"name\":\"Trimmer GTX &#8211; BLESSED\"}]},{\"@type\":\"WebSite\",\"@id\":\"https:\\\/\\\/kzprofesional.com\\\/#website\",\"url\":\"https:\\\/\\\/kzprofesional.com\\\/\",\"name\":\"KZ Profesional\",\"description\":\"\",\"publisher\":{\"@id\":\"https:\\\/\\\/kzprofesional.com\\\/#organization\"},\"potentialAction\":[{\"@type\":\"SearchAction\",\"target\":{\"@type\":\"EntryPoint\",\"urlTemplate\":\"https:\\\/\\\/kzprofesional.com\\\/?s={search_term_string}\"},\"query-input\":{\"@type\":\"PropertyValueSpecification\",\"valueRequired\":true,\"valueName\":\"search_term_string\"}}],\"inLanguage\":\"fr-FR\"},{\"@type\":\"Organization\",\"@id\":\"https:\\\/\\\/kzprofesional.com\\\/#organization\",\"name\":\"Imperio Barber Shop\",\"url\":\"https:\\\/\\\/kzprofesional.com\\\/\",\"logo\":{\"@type\":\"ImageObject\",\"inLanguage\":\"fr-FR\",\"@id\":\"https:\\\/\\\/kzprofesional.com\\\/#\\\/schema\\\/logo\\\/image\\\/\",\"url\":\"https:\\\/\\\/kzprofesional.com\\\/wp-content\\\/uploads\\\/2021\\\/09\\\/Logo-Imperio-Barber-Shop.png\",\"contentUrl\":\"https:\\\/\\\/kzprofesional.com\\\/wp-content\\\/uploads\\\/2021\\\/09\\\/Logo-Imperio-Barber-Shop.png\",\"width\":128,\"height\":128,\"caption\":\"Imperio Barber Shop\"},\"image\":{\"@id\":\"https:\\\/\\\/kzprofesional.com\\\/#\\\/schema\\\/logo\\\/image\\\/\"}}]}<\/script>\n<!-- \/ Yoast SEO Premium plugin. -->","yoast_head_json":{"title":"Trimmer GTX - BLESSED - KZ Profesional","description":"Machine de finition haute pr\u00e9cision con\u00e7ue pour les finitions et les d\u00e9tails des coupes de barberie. \u00c9quip\u00e9e d\u2019un moteur vectoriel haute performance atteignant 13 000 tr\/min, elle garantit des coupes pr\u00e9cises et uniformes sur tout type de cheveu naturel. Les lames sont fabriqu\u00e9es en acier japonais de haute qualit\u00e9, offrant durabilit\u00e9, nettet\u00e9 et pr\u00e9cision \u00e0 chaque passage.","robots":{"index":"index","follow":"follow","max-snippet":"max-snippet:-1","max-image-preview":"max-image-preview:large","max-video-preview":"max-video-preview:-1"},"canonical":"https:\/\/kzprofesional.com\/producto\/maquina-trimmer-gtx-blessed\/","og_locale":"fr_FR","og_type":"article","og_title":"Trimmer GTX - BLESSED","og_description":"Machine de finition haute pr\u00e9cision con\u00e7ue pour les finitions et les d\u00e9tails des coupes de barberie. \u00c9quip\u00e9e d\u2019un moteur vectoriel haute performance atteignant 13 000 tr\/min, elle garantit des coupes pr\u00e9cises et uniformes sur tout type de cheveu naturel. Les lames sont fabriqu\u00e9es en acier japonais de haute qualit\u00e9, offrant durabilit\u00e9, nettet\u00e9 et pr\u00e9cision \u00e0 chaque passage.","og_url":"https:\/\/kzprofesional.com\/producto\/maquina-trimmer-gtx-blessed\/","og_site_name":"KZ Profesional","og_image":[{"width":829,"height":820,"url":"https:\/\/kzprofesional.com\/wp-content\/uploads\/Captura-de-pantalla-2026-03-26-175011.png","type":"image\/png"}],"twitter_card":"summary_large_image","schema":{"@context":"https:\/\/schema.org","@graph":[{"@type":"WebPage","@id":"https:\/\/kzprofesional.com\/producto\/maquina-trimmer-gtx-blessed\/","url":"https:\/\/kzprofesional.com\/producto\/maquina-trimmer-gtx-blessed\/","name":"Trimmer GTX - BLESSED - KZ Profesional","isPartOf":{"@id":"https:\/\/kzprofesional.com\/#website"},"primaryImageOfPage":{"@id":"https:\/\/kzprofesional.com\/producto\/maquina-trimmer-gtx-blessed\/#primaryimage"},"image":{"@id":"https:\/\/kzprofesional.com\/producto\/maquina-trimmer-gtx-blessed\/#primaryimage"},"thumbnailUrl":"https:\/\/kzprofesional.com\/wp-content\/uploads\/Captura-de-pantalla-2026-03-26-175011.png","datePublished":"2026-03-27T11:16:08+00:00","description":"Machine de finition haute pr\u00e9cision con\u00e7ue pour les finitions et les d\u00e9tails des coupes de barberie. \u00c9quip\u00e9e d\u2019un moteur vectoriel haute performance atteignant 13 000 tr\/min, elle garantit des coupes pr\u00e9cises et uniformes sur tout type de cheveu naturel. Les lames sont fabriqu\u00e9es en acier japonais de haute qualit\u00e9, offrant durabilit\u00e9, nettet\u00e9 et pr\u00e9cision \u00e0 chaque passage.","breadcrumb":{"@id":"https:\/\/kzprofesional.com\/producto\/maquina-trimmer-gtx-blessed\/#breadcrumb"},"inLanguage":"fr-FR","potentialAction":[{"@type":"ReadAction","target":["https:\/\/kzprofesional.com\/producto\/maquina-trimmer-gtx-blessed\/"]}]},{"@type":"ImageObject","inLanguage":"fr-FR","@id":"https:\/\/kzprofesional.com\/producto\/maquina-trimmer-gtx-blessed\/#primaryimage","url":"https:\/\/kzprofesional.com\/wp-content\/uploads\/Captura-de-pantalla-2026-03-26-175011.png","contentUrl":"https:\/\/kzprofesional.com\/wp-content\/uploads\/Captura-de-pantalla-2026-03-26-175011.png","width":829,"height":820},{"@type":"BreadcrumbList","@id":"https:\/\/kzprofesional.com\/producto\/maquina-trimmer-gtx-blessed\/#breadcrumb","itemListElement":[{"@type":"ListItem","position":1,"name":"Portada","item":"https:\/\/kzprofesional.com\/fr\/"},{"@type":"ListItem","position":2,"name":"Boutique","item":"https:\/\/kzprofesional.com\/fr\/boutique\/"},{"@type":"ListItem","position":3,"name":"Trimmer GTX &#8211; BLESSED"}]},{"@type":"WebSite","@id":"https:\/\/kzprofesional.com\/#website","url":"https:\/\/kzprofesional.com\/","name":"KZ Profesional","description":"","publisher":{"@id":"https:\/\/kzprofesional.com\/#organization"},"potentialAction":[{"@type":"SearchAction","target":{"@type":"EntryPoint","urlTemplate":"https:\/\/kzprofesional.com\/?s={search_term_string}"},"query-input":{"@type":"PropertyValueSpecification","valueRequired":true,"valueName":"search_term_string"}}],"inLanguage":"fr-FR"},{"@type":"Organization","@id":"https:\/\/kzprofesional.com\/#organization","name":"Imperio Barber Shop","url":"https:\/\/kzprofesional.com\/","logo":{"@type":"ImageObject","inLanguage":"fr-FR","@id":"https:\/\/kzprofesional.com\/#\/schema\/logo\/image\/","url":"https:\/\/kzprofesional.com\/wp-content\/uploads\/2021\/09\/Logo-Imperio-Barber-Shop.png","contentUrl":"https:\/\/kzprofesional.com\/wp-content\/uploads\/2021\/09\/Logo-Imperio-Barber-Shop.png","width":128,"height":128,"caption":"Imperio Barber Shop"},"image":{"@id":"https:\/\/kzprofesional.com\/#\/schema\/logo\/image\/"}}]}},"_links":{"self":[{"href":"https:\/\/kzprofesional.com\/fr\/wp-json\/wp\/v2\/product\/80241","targetHints":{"allow":["GET"]}}],"collection":[{"href":"https:\/\/kzprofesional.com\/fr\/wp-json\/wp\/v2\/product"}],"about":[{"href":"https:\/\/kzprofesional.com\/fr\/wp-json\/wp\/v2\/types\/product"}],"wp:featuredmedia":[{"embeddable":true,"href":"https:\/\/kzprofesional.com\/fr\/wp-json\/wp\/v2\/media\/80242"}],"wp:attachment":[{"href":"https:\/\/kzprofesional.com\/fr\/wp-json\/wp\/v2\/media?parent=80241"}],"wp:term":[{"taxonomy":"product_brand","embeddable":true,"href":"https:\/\/kzprofesional.com\/fr\/wp-json\/wp\/v2\/product_brand?post=80241"},{"taxonomy":"product_cat","embeddable":true,"href":"https:\/\/kzprofesional.com\/fr\/wp-json\/wp\/v2\/product_cat?post=80241"},{"taxonomy":"product_tag","embeddable":true,"href":"https:\/\/kzprofesional.com\/fr\/wp-json\/wp\/v2\/product_tag?post=80241"}],"curies":[{"name":"wp","href":"https:\/\/api.w.org\/{rel}","templated":true}]}}