

{"id":80275,"date":"2026-03-31T17:16:11","date_gmt":"2026-03-31T15:16:11","guid":{"rendered":"https:\/\/kzprofesional.com\/creme-de-coloration-permanente-igora-6-0-blond-fonce-naturel-60-ml-schwarzkopf\/"},"modified":"2026-03-31T17:16:11","modified_gmt":"2026-03-31T15:16:11","slug":"creme-de-coloration-permanente-igora-6-0-blond-fonce-naturel-60-ml-schwarzkopf","status":"publish","type":"product","link":"https:\/\/kzprofesional.com\/fr\/produit\/creme-de-coloration-permanente-igora-6-0-blond-fonce-naturel-60-ml-schwarzkopf\/","title":{"rendered":"Cr\u00e8me de coloration permanente Igora 6-0 blond fonc\u00e9 naturel 60 ml &#8211; SCHWARZKOPF"},"content":{"rendered":"<div id=\"title-b2f3a5f885\" class=\"heliux-text__wrapper inpagenavigation__item limited-container skip-margins customizations__title \" data-type=\"h4\">\n<p class=\"heading4 apply-margins apply-font-style title__heading\">Coloration permanente en cr\u00e8me IGORA ROYAL 6-0 blond fonc\u00e9 naturel que couvre jusqu\u2019\u00e0 el 70% de las cheveux blancs. La cr\u00e8me peut \u00eatre utilis\u00e9e pour toutes les techniques de coloration. Elle apporte une direction tonale cuivr\u00e9e. La Technologie Haute D\u00e9finition de IGORA ROYAL contiene una matrice de pigments haute d\u00e9finition que proporciona una direcci\u00f3n de color a\u00fan m\u00e1s n\u00edtida, unos r\u00e9sultats couleur am\u00e9lior\u00e9s fid\u00e8les au nuancier, una plus grande intensit\u00e9 y una couverture maximale.<\/p>\n<\/div>\n","protected":false},"excerpt":{"rendered":"<p>Coloration permanente en cr\u00e8me IGORA ROYAL 6-0 blond fonc\u00e9 naturel que couvre jusqu\u2019\u00e0 el 70% de las cheveux blancs. La cr\u00e8me peut \u00eatre utilis\u00e9e pour toutes les techniques de coloration. Elle apporte une direction tonale cuivr\u00e9e. La Technologie Haute D\u00e9finition de IGORA ROYAL contiene una matrice de pigments haute d\u00e9finition que proporciona una direcci\u00f3n de &#8230; <a title=\"Cr\u00e8me de coloration permanente Igora 6-0 blond fonc\u00e9 naturel 60 ml &#8211; SCHWARZKOPF\" class=\"read-more\" href=\"https:\/\/kzprofesional.com\/fr\/produit\/creme-de-coloration-permanente-igora-6-0-blond-fonce-naturel-60-ml-schwarzkopf\/\" aria-label=\"En savoir plus sur Cr\u00e8me de coloration permanente Igora 6-0 blond fonc\u00e9 naturel 60 ml &#8211; SCHWARZKOPF\">Lire plus<\/a><\/p>\n","protected":false},"featured_media":80276,"template":"","meta":{"_acf_changed":false,"_jet_sm_ready_style":"","_jet_sm_style":"","_jet_sm_controls_values":"","_jet_sm_fonts_collection":"","_jet_sm_fonts_links":""},"product_brand":[],"product_cat":[943,796],"product_tag":[],"class_list":{"0":"post-80275","1":"product","2":"type-product","3":"status-publish","4":"has-post-thumbnail","6":"product_cat-autres-colorations-semi-permanentes","7":"product_cat-decoloration","8":"sales-flash-overlay","9":"woocommerce-text-align-center","10":"woocommerce-image-align-center","11":"do-quantity-buttons","13":"first","14":"instock","15":"taxable","16":"shipping-taxable","17":"purchasable","18":"product-type-simple"},"bundled_by":[],"bundle_stock_status":"instock","bundle_stock_quantity":14,"bundle_virtual":false,"bundle_layout":"","bundle_add_to_cart_form_location":"","bundle_editable_in_cart":false,"bundle_sold_individually_context":"","bundle_item_grouping":"","bundle_min_size":"","bundle_max_size":"","bundle_price":[],"bundled_items":[],"bundle_sell_ids":[],"acf":[],"yoast_head":"<!-- This site is optimized with the Yoast SEO Premium plugin v25.9 (Yoast SEO v27.4) - https:\/\/yoast.com\/product\/yoast-seo-premium-wordpress\/ -->\n<title>Cr\u00e8me de coloration permanente Igora 6-0 blond fonc\u00e9 naturel 60 ml - SCHWARZKOPF - KZ Profesional<\/title>\n<meta name=\"robots\" content=\"index, follow, max-snippet:-1, max-image-preview:large, max-video-preview:-1\" \/>\n<link rel=\"canonical\" href=\"https:\/\/kzprofesional.com\/producto\/crema-de-coloracion-permanente-igora-6-0-rubio-oscuro-natural-60-ml-schwarzkopf\/\" \/>\n<meta property=\"og:locale\" content=\"fr_FR\" \/>\n<meta property=\"og:type\" content=\"article\" \/>\n<meta property=\"og:title\" content=\"Cr\u00e8me de coloration permanente Igora 6-0 blond fonc\u00e9 naturel 60 ml - SCHWARZKOPF\" \/>\n<meta property=\"og:description\" content=\"Coloration permanente en cr\u00e8me IGORA ROYAL 6-0 blond fonc\u00e9 naturel que couvre jusqu\u2019\u00e0 el 70% de las cheveux blancs. La cr\u00e8me peut \u00eatre utilis\u00e9e pour toutes les techniques de coloration. Elle apporte une direction tonale cuivr\u00e9e. La Technologie Haute D\u00e9finition de IGORA ROYAL contiene una matrice de pigments haute d\u00e9finition que proporciona una direcci\u00f3n de ... Lire plus\" \/>\n<meta property=\"og:url\" content=\"https:\/\/kzprofesional.com\/producto\/crema-de-coloracion-permanente-igora-6-0-rubio-oscuro-natural-60-ml-schwarzkopf\/\" \/>\n<meta property=\"og:site_name\" content=\"KZ Profesional\" \/>\n<meta property=\"og:image\" content=\"https:\/\/kzprofesional.com\/wp-content\/uploads\/Captura-de-pantalla-2026-03-31-171836.png\" \/>\n\t<meta property=\"og:image:width\" content=\"513\" \/>\n\t<meta property=\"og:image:height\" content=\"595\" \/>\n\t<meta property=\"og:image:type\" content=\"image\/png\" \/>\n<meta name=\"twitter:card\" content=\"summary_large_image\" \/>\n<script type=\"application\/ld+json\" class=\"yoast-schema-graph\">{\"@context\":\"https:\\\/\\\/schema.org\",\"@graph\":[{\"@type\":\"WebPage\",\"@id\":\"https:\\\/\\\/kzprofesional.com\\\/producto\\\/crema-de-coloracion-permanente-igora-6-0-rubio-oscuro-natural-60-ml-schwarzkopf\\\/\",\"url\":\"https:\\\/\\\/kzprofesional.com\\\/producto\\\/crema-de-coloracion-permanente-igora-6-0-rubio-oscuro-natural-60-ml-schwarzkopf\\\/\",\"name\":\"Cr\u00e8me de coloration permanente Igora 6-0 blond fonc\u00e9 naturel 60 ml - SCHWARZKOPF - KZ Profesional\",\"isPartOf\":{\"@id\":\"https:\\\/\\\/kzprofesional.com\\\/#website\"},\"primaryImageOfPage\":{\"@id\":\"https:\\\/\\\/kzprofesional.com\\\/producto\\\/crema-de-coloracion-permanente-igora-6-0-rubio-oscuro-natural-60-ml-schwarzkopf\\\/#primaryimage\"},\"image\":{\"@id\":\"https:\\\/\\\/kzprofesional.com\\\/producto\\\/crema-de-coloracion-permanente-igora-6-0-rubio-oscuro-natural-60-ml-schwarzkopf\\\/#primaryimage\"},\"thumbnailUrl\":\"https:\\\/\\\/kzprofesional.com\\\/wp-content\\\/uploads\\\/Captura-de-pantalla-2026-03-31-171836.png\",\"datePublished\":\"2026-03-31T15:16:11+00:00\",\"breadcrumb\":{\"@id\":\"https:\\\/\\\/kzprofesional.com\\\/producto\\\/crema-de-coloracion-permanente-igora-6-0-rubio-oscuro-natural-60-ml-schwarzkopf\\\/#breadcrumb\"},\"inLanguage\":\"fr-FR\",\"potentialAction\":[{\"@type\":\"ReadAction\",\"target\":[\"https:\\\/\\\/kzprofesional.com\\\/producto\\\/crema-de-coloracion-permanente-igora-6-0-rubio-oscuro-natural-60-ml-schwarzkopf\\\/\"]}]},{\"@type\":\"ImageObject\",\"inLanguage\":\"fr-FR\",\"@id\":\"https:\\\/\\\/kzprofesional.com\\\/producto\\\/crema-de-coloracion-permanente-igora-6-0-rubio-oscuro-natural-60-ml-schwarzkopf\\\/#primaryimage\",\"url\":\"https:\\\/\\\/kzprofesional.com\\\/wp-content\\\/uploads\\\/Captura-de-pantalla-2026-03-31-171836.png\",\"contentUrl\":\"https:\\\/\\\/kzprofesional.com\\\/wp-content\\\/uploads\\\/Captura-de-pantalla-2026-03-31-171836.png\",\"width\":513,\"height\":595},{\"@type\":\"BreadcrumbList\",\"@id\":\"https:\\\/\\\/kzprofesional.com\\\/producto\\\/crema-de-coloracion-permanente-igora-6-0-rubio-oscuro-natural-60-ml-schwarzkopf\\\/#breadcrumb\",\"itemListElement\":[{\"@type\":\"ListItem\",\"position\":1,\"name\":\"Portada\",\"item\":\"https:\\\/\\\/kzprofesional.com\\\/fr\\\/\"},{\"@type\":\"ListItem\",\"position\":2,\"name\":\"Boutique\",\"item\":\"https:\\\/\\\/kzprofesional.com\\\/fr\\\/boutique\\\/\"},{\"@type\":\"ListItem\",\"position\":3,\"name\":\"Cr\u00e8me de coloration permanente Igora 6-0 blond fonc\u00e9 naturel 60 ml &#8211; SCHWARZKOPF\"}]},{\"@type\":\"WebSite\",\"@id\":\"https:\\\/\\\/kzprofesional.com\\\/#website\",\"url\":\"https:\\\/\\\/kzprofesional.com\\\/\",\"name\":\"KZ Profesional\",\"description\":\"\",\"publisher\":{\"@id\":\"https:\\\/\\\/kzprofesional.com\\\/#organization\"},\"potentialAction\":[{\"@type\":\"SearchAction\",\"target\":{\"@type\":\"EntryPoint\",\"urlTemplate\":\"https:\\\/\\\/kzprofesional.com\\\/?s={search_term_string}\"},\"query-input\":{\"@type\":\"PropertyValueSpecification\",\"valueRequired\":true,\"valueName\":\"search_term_string\"}}],\"inLanguage\":\"fr-FR\"},{\"@type\":\"Organization\",\"@id\":\"https:\\\/\\\/kzprofesional.com\\\/#organization\",\"name\":\"Imperio Barber Shop\",\"url\":\"https:\\\/\\\/kzprofesional.com\\\/\",\"logo\":{\"@type\":\"ImageObject\",\"inLanguage\":\"fr-FR\",\"@id\":\"https:\\\/\\\/kzprofesional.com\\\/#\\\/schema\\\/logo\\\/image\\\/\",\"url\":\"https:\\\/\\\/kzprofesional.com\\\/wp-content\\\/uploads\\\/2021\\\/09\\\/Logo-Imperio-Barber-Shop.png\",\"contentUrl\":\"https:\\\/\\\/kzprofesional.com\\\/wp-content\\\/uploads\\\/2021\\\/09\\\/Logo-Imperio-Barber-Shop.png\",\"width\":128,\"height\":128,\"caption\":\"Imperio Barber Shop\"},\"image\":{\"@id\":\"https:\\\/\\\/kzprofesional.com\\\/#\\\/schema\\\/logo\\\/image\\\/\"}}]}<\/script>\n<!-- \/ Yoast SEO Premium plugin. -->","yoast_head_json":{"title":"Cr\u00e8me de coloration permanente Igora 6-0 blond fonc\u00e9 naturel 60 ml - SCHWARZKOPF - KZ Profesional","robots":{"index":"index","follow":"follow","max-snippet":"max-snippet:-1","max-image-preview":"max-image-preview:large","max-video-preview":"max-video-preview:-1"},"canonical":"https:\/\/kzprofesional.com\/producto\/crema-de-coloracion-permanente-igora-6-0-rubio-oscuro-natural-60-ml-schwarzkopf\/","og_locale":"fr_FR","og_type":"article","og_title":"Cr\u00e8me de coloration permanente Igora 6-0 blond fonc\u00e9 naturel 60 ml - SCHWARZKOPF","og_description":"Coloration permanente en cr\u00e8me IGORA ROYAL 6-0 blond fonc\u00e9 naturel que couvre jusqu\u2019\u00e0 el 70% de las cheveux blancs. La cr\u00e8me peut \u00eatre utilis\u00e9e pour toutes les techniques de coloration. Elle apporte une direction tonale cuivr\u00e9e. La Technologie Haute D\u00e9finition de IGORA ROYAL contiene una matrice de pigments haute d\u00e9finition que proporciona una direcci\u00f3n de ... Lire plus","og_url":"https:\/\/kzprofesional.com\/producto\/crema-de-coloracion-permanente-igora-6-0-rubio-oscuro-natural-60-ml-schwarzkopf\/","og_site_name":"KZ Profesional","og_image":[{"width":513,"height":595,"url":"https:\/\/kzprofesional.com\/wp-content\/uploads\/Captura-de-pantalla-2026-03-31-171836.png","type":"image\/png"}],"twitter_card":"summary_large_image","schema":{"@context":"https:\/\/schema.org","@graph":[{"@type":"WebPage","@id":"https:\/\/kzprofesional.com\/producto\/crema-de-coloracion-permanente-igora-6-0-rubio-oscuro-natural-60-ml-schwarzkopf\/","url":"https:\/\/kzprofesional.com\/producto\/crema-de-coloracion-permanente-igora-6-0-rubio-oscuro-natural-60-ml-schwarzkopf\/","name":"Cr\u00e8me de coloration permanente Igora 6-0 blond fonc\u00e9 naturel 60 ml - SCHWARZKOPF - KZ Profesional","isPartOf":{"@id":"https:\/\/kzprofesional.com\/#website"},"primaryImageOfPage":{"@id":"https:\/\/kzprofesional.com\/producto\/crema-de-coloracion-permanente-igora-6-0-rubio-oscuro-natural-60-ml-schwarzkopf\/#primaryimage"},"image":{"@id":"https:\/\/kzprofesional.com\/producto\/crema-de-coloracion-permanente-igora-6-0-rubio-oscuro-natural-60-ml-schwarzkopf\/#primaryimage"},"thumbnailUrl":"https:\/\/kzprofesional.com\/wp-content\/uploads\/Captura-de-pantalla-2026-03-31-171836.png","datePublished":"2026-03-31T15:16:11+00:00","breadcrumb":{"@id":"https:\/\/kzprofesional.com\/producto\/crema-de-coloracion-permanente-igora-6-0-rubio-oscuro-natural-60-ml-schwarzkopf\/#breadcrumb"},"inLanguage":"fr-FR","potentialAction":[{"@type":"ReadAction","target":["https:\/\/kzprofesional.com\/producto\/crema-de-coloracion-permanente-igora-6-0-rubio-oscuro-natural-60-ml-schwarzkopf\/"]}]},{"@type":"ImageObject","inLanguage":"fr-FR","@id":"https:\/\/kzprofesional.com\/producto\/crema-de-coloracion-permanente-igora-6-0-rubio-oscuro-natural-60-ml-schwarzkopf\/#primaryimage","url":"https:\/\/kzprofesional.com\/wp-content\/uploads\/Captura-de-pantalla-2026-03-31-171836.png","contentUrl":"https:\/\/kzprofesional.com\/wp-content\/uploads\/Captura-de-pantalla-2026-03-31-171836.png","width":513,"height":595},{"@type":"BreadcrumbList","@id":"https:\/\/kzprofesional.com\/producto\/crema-de-coloracion-permanente-igora-6-0-rubio-oscuro-natural-60-ml-schwarzkopf\/#breadcrumb","itemListElement":[{"@type":"ListItem","position":1,"name":"Portada","item":"https:\/\/kzprofesional.com\/fr\/"},{"@type":"ListItem","position":2,"name":"Boutique","item":"https:\/\/kzprofesional.com\/fr\/boutique\/"},{"@type":"ListItem","position":3,"name":"Cr\u00e8me de coloration permanente Igora 6-0 blond fonc\u00e9 naturel 60 ml &#8211; SCHWARZKOPF"}]},{"@type":"WebSite","@id":"https:\/\/kzprofesional.com\/#website","url":"https:\/\/kzprofesional.com\/","name":"KZ Profesional","description":"","publisher":{"@id":"https:\/\/kzprofesional.com\/#organization"},"potentialAction":[{"@type":"SearchAction","target":{"@type":"EntryPoint","urlTemplate":"https:\/\/kzprofesional.com\/?s={search_term_string}"},"query-input":{"@type":"PropertyValueSpecification","valueRequired":true,"valueName":"search_term_string"}}],"inLanguage":"fr-FR"},{"@type":"Organization","@id":"https:\/\/kzprofesional.com\/#organization","name":"Imperio Barber Shop","url":"https:\/\/kzprofesional.com\/","logo":{"@type":"ImageObject","inLanguage":"fr-FR","@id":"https:\/\/kzprofesional.com\/#\/schema\/logo\/image\/","url":"https:\/\/kzprofesional.com\/wp-content\/uploads\/2021\/09\/Logo-Imperio-Barber-Shop.png","contentUrl":"https:\/\/kzprofesional.com\/wp-content\/uploads\/2021\/09\/Logo-Imperio-Barber-Shop.png","width":128,"height":128,"caption":"Imperio Barber Shop"},"image":{"@id":"https:\/\/kzprofesional.com\/#\/schema\/logo\/image\/"}}]}},"_links":{"self":[{"href":"https:\/\/kzprofesional.com\/fr\/wp-json\/wp\/v2\/product\/80275","targetHints":{"allow":["GET"]}}],"collection":[{"href":"https:\/\/kzprofesional.com\/fr\/wp-json\/wp\/v2\/product"}],"about":[{"href":"https:\/\/kzprofesional.com\/fr\/wp-json\/wp\/v2\/types\/product"}],"wp:featuredmedia":[{"embeddable":true,"href":"https:\/\/kzprofesional.com\/fr\/wp-json\/wp\/v2\/media\/80276"}],"wp:attachment":[{"href":"https:\/\/kzprofesional.com\/fr\/wp-json\/wp\/v2\/media?parent=80275"}],"wp:term":[{"taxonomy":"product_brand","embeddable":true,"href":"https:\/\/kzprofesional.com\/fr\/wp-json\/wp\/v2\/product_brand?post=80275"},{"taxonomy":"product_cat","embeddable":true,"href":"https:\/\/kzprofesional.com\/fr\/wp-json\/wp\/v2\/product_cat?post=80275"},{"taxonomy":"product_tag","embeddable":true,"href":"https:\/\/kzprofesional.com\/fr\/wp-json\/wp\/v2\/product_tag?post=80275"}],"curies":[{"name":"wp","href":"https:\/\/api.w.org\/{rel}","templated":true}]}}