

{"id":80315,"date":"2026-04-17T09:59:26","date_gmt":"2026-04-17T07:59:26","guid":{"rendered":"https:\/\/kzprofesional.com\/mallette-de-barbier-noir-jrl-hp25015-jrl\/"},"modified":"2026-04-17T09:59:26","modified_gmt":"2026-04-17T07:59:26","slug":"mallette-de-barbier-noir-jrl-hp25015-jrl","status":"publish","type":"product","link":"https:\/\/kzprofesional.com\/fr\/produit\/mallette-de-barbier-noir-jrl-hp25015-jrl\/","title":{"rendered":"mallette de barbier noir JRL HP25015 &#8211; JRL"},"content":{"rendered":"<h3>JRL mallette de barbier noir HP25015 \u2013 Maleta professionnel para Herramientas de Barber\u00eda<\/h3>\n<p><strong>El malet\u00edn barbier JRL HP25015<\/strong>\u00a0es un accesorio profesional con\u00e7u pour transporter et prot\u00e9ger les outils de barberie et de coiffure. Su estructura r\u00e9sistant permite garder el material organis\u00e9 y s\u00fbr durante el transporte.<\/p>\n<p>Gracias a sus compartiments int\u00e9rieurs, es posible guardar de forma ordenada tondeuses, trimmers, ciseaux, peignes, brosses et autres accessoires necesarios para el travail quotidien en barber\u00eda.<\/p>\n<p>Su design \u00e9l\u00e9gant de couleur noire ofrece una imagen profesional y es ideal tanto para uso en el salon como para barbiers que trabajan a domicilio.<\/p>\n<h3>Caract\u00e9ristiques principales<\/h3>\n<ul>\n<li>Malet\u00edn profesional para barber\u00eda<\/li>\n<li>Design r\u00e9sistant et durable<\/li>\n<li>Compartimentos interiores organis\u00e9res<\/li>\n<li>Ideal para transporter machines et outils<\/li>\n<li>Design compact et professionnel<\/li>\n<li>Couleur noire<\/li>\n<\/ul>\n<h3>Uso<\/h3>\n<p>Perfecto para organizar y transporter herramientas de barber\u00eda como m\u00e1quinas cortacheveuxs, trimmers, tijeras, peines y accesorios profesionales.<\/p>\n<p><strong>Marque :<\/strong>\u00a0JRL<br \/>\n<strong>Mod\u00e8le :<\/strong>\u00a0HP25015<br \/>\n<strong>Uso:<\/strong>\u00a0professionnel<\/p>\n","protected":false},"excerpt":{"rendered":"<p>JRL mallette de barbier noir HP25015 \u2013 Maleta professionnel para Herramientas de Barber\u00eda El malet\u00edn barbier JRL HP25015\u00a0es un accesorio profesional con\u00e7u pour transporter et prot\u00e9ger les outils de barberie et de coiffure. Su estructura r\u00e9sistant permite garder el material organis\u00e9 y s\u00fbr durante el transporte. Gracias a sus compartiments int\u00e9rieurs, es posible guardar de &#8230; <a title=\"mallette de barbier noir JRL HP25015 &#8211; JRL\" class=\"read-more\" href=\"https:\/\/kzprofesional.com\/fr\/produit\/mallette-de-barbier-noir-jrl-hp25015-jrl\/\" aria-label=\"En savoir plus sur mallette de barbier noir JRL HP25015 &#8211; JRL\">Lire plus<\/a><\/p>\n","protected":false},"featured_media":80316,"template":"","meta":{"_acf_changed":false,"_jet_sm_ready_style":"","_jet_sm_style":"","_jet_sm_controls_values":"","_jet_sm_fonts_collection":"","_jet_sm_fonts_links":""},"product_brand":[],"product_cat":[771],"product_tag":[],"class_list":{"0":"post-80315","1":"product","2":"type-product","3":"status-publish","4":"has-post-thumbnail","6":"product_cat-accessoires","7":"sales-flash-overlay","8":"woocommerce-text-align-center","9":"woocommerce-image-align-center","10":"do-quantity-buttons","12":"first","13":"instock","14":"taxable","15":"shipping-taxable","16":"purchasable","17":"product-type-simple"},"bundled_by":[],"bundle_stock_status":"instock","bundle_stock_quantity":2,"bundle_virtual":false,"bundle_layout":"","bundle_add_to_cart_form_location":"","bundle_editable_in_cart":false,"bundle_sold_individually_context":"","bundle_item_grouping":"","bundle_min_size":"","bundle_max_size":"","bundle_price":[],"bundled_items":[],"bundle_sell_ids":[],"acf":[],"yoast_head":"<!-- This site is optimized with the Yoast SEO Premium plugin v25.9 (Yoast SEO v27.4) - https:\/\/yoast.com\/product\/yoast-seo-premium-wordpress\/ -->\n<title>mallette de barbier noir JRL HP25015 - JRL - KZ Profesional<\/title>\n<meta name=\"description\" content=\"La mallette de barbier JRL HP25015 est un accessoire professionnel con\u00e7u pour transporter et prot\u00e9ger les outils de barberie et de coiffure. Sa structure r\u00e9sistante permet de garder le mat\u00e9riel organis\u00e9 et s\u00e9curis\u00e9 pendant le transport.\" \/>\n<meta name=\"robots\" content=\"index, follow, max-snippet:-1, max-image-preview:large, max-video-preview:-1\" \/>\n<link rel=\"canonical\" href=\"https:\/\/kzprofesional.com\/producto\/maletin-barbero-negro-jrl-hp25015-jrl\/\" \/>\n<meta property=\"og:locale\" content=\"fr_FR\" \/>\n<meta property=\"og:type\" content=\"article\" \/>\n<meta property=\"og:title\" content=\"mallette de barbier noir JRL HP25015 - JRL\" \/>\n<meta property=\"og:description\" content=\"La mallette de barbier JRL HP25015 est un accessoire professionnel con\u00e7u pour transporter et prot\u00e9ger les outils de barberie et de coiffure. Sa structure r\u00e9sistante permet de garder le mat\u00e9riel organis\u00e9 et s\u00e9curis\u00e9 pendant le transport.\" \/>\n<meta property=\"og:url\" content=\"https:\/\/kzprofesional.com\/producto\/maletin-barbero-negro-jrl-hp25015-jrl\/\" \/>\n<meta property=\"og:site_name\" content=\"KZ Profesional\" \/>\n<meta property=\"og:image\" content=\"https:\/\/kzprofesional.com\/wp-content\/uploads\/Captura-de-pantalla-2026-04-17-094604.png\" \/>\n\t<meta property=\"og:image:width\" content=\"1078\" \/>\n\t<meta property=\"og:image:height\" content=\"547\" \/>\n\t<meta property=\"og:image:type\" content=\"image\/png\" \/>\n<meta name=\"twitter:card\" content=\"summary_large_image\" \/>\n<script type=\"application\/ld+json\" class=\"yoast-schema-graph\">{\"@context\":\"https:\\\/\\\/schema.org\",\"@graph\":[{\"@type\":\"WebPage\",\"@id\":\"https:\\\/\\\/kzprofesional.com\\\/producto\\\/maletin-barbero-negro-jrl-hp25015-jrl\\\/\",\"url\":\"https:\\\/\\\/kzprofesional.com\\\/producto\\\/maletin-barbero-negro-jrl-hp25015-jrl\\\/\",\"name\":\"mallette de barbier noir JRL HP25015 - JRL - KZ Profesional\",\"isPartOf\":{\"@id\":\"https:\\\/\\\/kzprofesional.com\\\/#website\"},\"primaryImageOfPage\":{\"@id\":\"https:\\\/\\\/kzprofesional.com\\\/producto\\\/maletin-barbero-negro-jrl-hp25015-jrl\\\/#primaryimage\"},\"image\":{\"@id\":\"https:\\\/\\\/kzprofesional.com\\\/producto\\\/maletin-barbero-negro-jrl-hp25015-jrl\\\/#primaryimage\"},\"thumbnailUrl\":\"https:\\\/\\\/kzprofesional.com\\\/wp-content\\\/uploads\\\/Captura-de-pantalla-2026-04-17-094604.png\",\"datePublished\":\"2026-04-17T07:59:26+00:00\",\"description\":\"La mallette de barbier JRL HP25015 est un accessoire professionnel con\u00e7u pour transporter et prot\u00e9ger les outils de barberie et de coiffure. Sa structure r\u00e9sistante permet de garder le mat\u00e9riel organis\u00e9 et s\u00e9curis\u00e9 pendant le transport.\",\"breadcrumb\":{\"@id\":\"https:\\\/\\\/kzprofesional.com\\\/producto\\\/maletin-barbero-negro-jrl-hp25015-jrl\\\/#breadcrumb\"},\"inLanguage\":\"fr-FR\",\"potentialAction\":[{\"@type\":\"ReadAction\",\"target\":[\"https:\\\/\\\/kzprofesional.com\\\/producto\\\/maletin-barbero-negro-jrl-hp25015-jrl\\\/\"]}]},{\"@type\":\"ImageObject\",\"inLanguage\":\"fr-FR\",\"@id\":\"https:\\\/\\\/kzprofesional.com\\\/producto\\\/maletin-barbero-negro-jrl-hp25015-jrl\\\/#primaryimage\",\"url\":\"https:\\\/\\\/kzprofesional.com\\\/wp-content\\\/uploads\\\/Captura-de-pantalla-2026-04-17-094604.png\",\"contentUrl\":\"https:\\\/\\\/kzprofesional.com\\\/wp-content\\\/uploads\\\/Captura-de-pantalla-2026-04-17-094604.png\",\"width\":1078,\"height\":547},{\"@type\":\"BreadcrumbList\",\"@id\":\"https:\\\/\\\/kzprofesional.com\\\/producto\\\/maletin-barbero-negro-jrl-hp25015-jrl\\\/#breadcrumb\",\"itemListElement\":[{\"@type\":\"ListItem\",\"position\":1,\"name\":\"Portada\",\"item\":\"https:\\\/\\\/kzprofesional.com\\\/fr\\\/\"},{\"@type\":\"ListItem\",\"position\":2,\"name\":\"Boutique\",\"item\":\"https:\\\/\\\/kzprofesional.com\\\/fr\\\/boutique\\\/\"},{\"@type\":\"ListItem\",\"position\":3,\"name\":\"mallette de barbier noir JRL HP25015 &#8211; JRL\"}]},{\"@type\":\"WebSite\",\"@id\":\"https:\\\/\\\/kzprofesional.com\\\/#website\",\"url\":\"https:\\\/\\\/kzprofesional.com\\\/\",\"name\":\"KZ Profesional\",\"description\":\"\",\"publisher\":{\"@id\":\"https:\\\/\\\/kzprofesional.com\\\/#organization\"},\"potentialAction\":[{\"@type\":\"SearchAction\",\"target\":{\"@type\":\"EntryPoint\",\"urlTemplate\":\"https:\\\/\\\/kzprofesional.com\\\/?s={search_term_string}\"},\"query-input\":{\"@type\":\"PropertyValueSpecification\",\"valueRequired\":true,\"valueName\":\"search_term_string\"}}],\"inLanguage\":\"fr-FR\"},{\"@type\":\"Organization\",\"@id\":\"https:\\\/\\\/kzprofesional.com\\\/#organization\",\"name\":\"Imperio Barber Shop\",\"url\":\"https:\\\/\\\/kzprofesional.com\\\/\",\"logo\":{\"@type\":\"ImageObject\",\"inLanguage\":\"fr-FR\",\"@id\":\"https:\\\/\\\/kzprofesional.com\\\/#\\\/schema\\\/logo\\\/image\\\/\",\"url\":\"https:\\\/\\\/kzprofesional.com\\\/wp-content\\\/uploads\\\/2021\\\/09\\\/Logo-Imperio-Barber-Shop.png\",\"contentUrl\":\"https:\\\/\\\/kzprofesional.com\\\/wp-content\\\/uploads\\\/2021\\\/09\\\/Logo-Imperio-Barber-Shop.png\",\"width\":128,\"height\":128,\"caption\":\"Imperio Barber Shop\"},\"image\":{\"@id\":\"https:\\\/\\\/kzprofesional.com\\\/#\\\/schema\\\/logo\\\/image\\\/\"}}]}<\/script>\n<!-- \/ Yoast SEO Premium plugin. -->","yoast_head_json":{"title":"mallette de barbier noir JRL HP25015 - JRL - KZ Profesional","description":"La mallette de barbier JRL HP25015 est un accessoire professionnel con\u00e7u pour transporter et prot\u00e9ger les outils de barberie et de coiffure. Sa structure r\u00e9sistante permet de garder le mat\u00e9riel organis\u00e9 et s\u00e9curis\u00e9 pendant le transport.","robots":{"index":"index","follow":"follow","max-snippet":"max-snippet:-1","max-image-preview":"max-image-preview:large","max-video-preview":"max-video-preview:-1"},"canonical":"https:\/\/kzprofesional.com\/producto\/maletin-barbero-negro-jrl-hp25015-jrl\/","og_locale":"fr_FR","og_type":"article","og_title":"mallette de barbier noir JRL HP25015 - JRL","og_description":"La mallette de barbier JRL HP25015 est un accessoire professionnel con\u00e7u pour transporter et prot\u00e9ger les outils de barberie et de coiffure. Sa structure r\u00e9sistante permet de garder le mat\u00e9riel organis\u00e9 et s\u00e9curis\u00e9 pendant le transport.","og_url":"https:\/\/kzprofesional.com\/producto\/maletin-barbero-negro-jrl-hp25015-jrl\/","og_site_name":"KZ Profesional","og_image":[{"width":1078,"height":547,"url":"https:\/\/kzprofesional.com\/wp-content\/uploads\/Captura-de-pantalla-2026-04-17-094604.png","type":"image\/png"}],"twitter_card":"summary_large_image","schema":{"@context":"https:\/\/schema.org","@graph":[{"@type":"WebPage","@id":"https:\/\/kzprofesional.com\/producto\/maletin-barbero-negro-jrl-hp25015-jrl\/","url":"https:\/\/kzprofesional.com\/producto\/maletin-barbero-negro-jrl-hp25015-jrl\/","name":"mallette de barbier noir JRL HP25015 - JRL - KZ Profesional","isPartOf":{"@id":"https:\/\/kzprofesional.com\/#website"},"primaryImageOfPage":{"@id":"https:\/\/kzprofesional.com\/producto\/maletin-barbero-negro-jrl-hp25015-jrl\/#primaryimage"},"image":{"@id":"https:\/\/kzprofesional.com\/producto\/maletin-barbero-negro-jrl-hp25015-jrl\/#primaryimage"},"thumbnailUrl":"https:\/\/kzprofesional.com\/wp-content\/uploads\/Captura-de-pantalla-2026-04-17-094604.png","datePublished":"2026-04-17T07:59:26+00:00","description":"La mallette de barbier JRL HP25015 est un accessoire professionnel con\u00e7u pour transporter et prot\u00e9ger les outils de barberie et de coiffure. Sa structure r\u00e9sistante permet de garder le mat\u00e9riel organis\u00e9 et s\u00e9curis\u00e9 pendant le transport.","breadcrumb":{"@id":"https:\/\/kzprofesional.com\/producto\/maletin-barbero-negro-jrl-hp25015-jrl\/#breadcrumb"},"inLanguage":"fr-FR","potentialAction":[{"@type":"ReadAction","target":["https:\/\/kzprofesional.com\/producto\/maletin-barbero-negro-jrl-hp25015-jrl\/"]}]},{"@type":"ImageObject","inLanguage":"fr-FR","@id":"https:\/\/kzprofesional.com\/producto\/maletin-barbero-negro-jrl-hp25015-jrl\/#primaryimage","url":"https:\/\/kzprofesional.com\/wp-content\/uploads\/Captura-de-pantalla-2026-04-17-094604.png","contentUrl":"https:\/\/kzprofesional.com\/wp-content\/uploads\/Captura-de-pantalla-2026-04-17-094604.png","width":1078,"height":547},{"@type":"BreadcrumbList","@id":"https:\/\/kzprofesional.com\/producto\/maletin-barbero-negro-jrl-hp25015-jrl\/#breadcrumb","itemListElement":[{"@type":"ListItem","position":1,"name":"Portada","item":"https:\/\/kzprofesional.com\/fr\/"},{"@type":"ListItem","position":2,"name":"Boutique","item":"https:\/\/kzprofesional.com\/fr\/boutique\/"},{"@type":"ListItem","position":3,"name":"mallette de barbier noir JRL HP25015 &#8211; JRL"}]},{"@type":"WebSite","@id":"https:\/\/kzprofesional.com\/#website","url":"https:\/\/kzprofesional.com\/","name":"KZ Profesional","description":"","publisher":{"@id":"https:\/\/kzprofesional.com\/#organization"},"potentialAction":[{"@type":"SearchAction","target":{"@type":"EntryPoint","urlTemplate":"https:\/\/kzprofesional.com\/?s={search_term_string}"},"query-input":{"@type":"PropertyValueSpecification","valueRequired":true,"valueName":"search_term_string"}}],"inLanguage":"fr-FR"},{"@type":"Organization","@id":"https:\/\/kzprofesional.com\/#organization","name":"Imperio Barber Shop","url":"https:\/\/kzprofesional.com\/","logo":{"@type":"ImageObject","inLanguage":"fr-FR","@id":"https:\/\/kzprofesional.com\/#\/schema\/logo\/image\/","url":"https:\/\/kzprofesional.com\/wp-content\/uploads\/2021\/09\/Logo-Imperio-Barber-Shop.png","contentUrl":"https:\/\/kzprofesional.com\/wp-content\/uploads\/2021\/09\/Logo-Imperio-Barber-Shop.png","width":128,"height":128,"caption":"Imperio Barber Shop"},"image":{"@id":"https:\/\/kzprofesional.com\/#\/schema\/logo\/image\/"}}]}},"_links":{"self":[{"href":"https:\/\/kzprofesional.com\/fr\/wp-json\/wp\/v2\/product\/80315","targetHints":{"allow":["GET"]}}],"collection":[{"href":"https:\/\/kzprofesional.com\/fr\/wp-json\/wp\/v2\/product"}],"about":[{"href":"https:\/\/kzprofesional.com\/fr\/wp-json\/wp\/v2\/types\/product"}],"wp:featuredmedia":[{"embeddable":true,"href":"https:\/\/kzprofesional.com\/fr\/wp-json\/wp\/v2\/media\/80316"}],"wp:attachment":[{"href":"https:\/\/kzprofesional.com\/fr\/wp-json\/wp\/v2\/media?parent=80315"}],"wp:term":[{"taxonomy":"product_brand","embeddable":true,"href":"https:\/\/kzprofesional.com\/fr\/wp-json\/wp\/v2\/product_brand?post=80315"},{"taxonomy":"product_cat","embeddable":true,"href":"https:\/\/kzprofesional.com\/fr\/wp-json\/wp\/v2\/product_cat?post=80315"},{"taxonomy":"product_tag","embeddable":true,"href":"https:\/\/kzprofesional.com\/fr\/wp-json\/wp\/v2\/product_tag?post=80315"}],"curies":[{"name":"wp","href":"https:\/\/api.w.org\/{rel}","templated":true}]}}