

{"id":80344,"date":"2026-04-21T17:04:10","date_gmt":"2026-04-21T15:04:10","guid":{"rendered":"https:\/\/kzprofesional.com\/mallette-organiseur-doutils-jrl-tooltidy-hp25025-jrl\/"},"modified":"2026-04-21T17:04:10","modified_gmt":"2026-04-21T15:04:10","slug":"mallette-organiseur-doutils-jrl-tooltidy-hp25025-jrl","status":"publish","type":"product","link":"https:\/\/kzprofesional.com\/fr\/produit\/mallette-organiseur-doutils-jrl-tooltidy-hp25025-jrl\/","title":{"rendered":"mallette organiseur d\u2019outils JRL ToolTidy HP25025 &#8211; JRL"},"content":{"rendered":"<h3>JRL ToolTidy HP25025 \u2013 Malet\u00edn Organizador Barbero para Herramientas de Barber\u00eda<\/h3>\n<p><strong>El malet\u00edn organis\u00e9r JRL ToolTidy HP25025<\/strong>\u00a0est une solution pratique et professionnelle pour garder les outils de barberie et de coiffure organis\u00e9s.<\/p>\n<p>Este organis\u00e9r ha sido con\u00e7u para facilitar el almacenamiento y transporte de tondeuses, trimmers, ciseaux, peignes, brosses et autres accessoires esenciales para el travail quotidien de barbiers y coiffeurs.<\/p>\n<p>Gracias a sus\u00a0<strong>compartiments int\u00e9rieurs<\/strong>, permite garder el material ordonn\u00e9 y prot\u00e9g\u00e9, evitando golpes o desorganizaci\u00f3n durante el transporte.<\/p>\n<p>Su dise\u00f1o r\u00e9sistant y fonctionnel lo convierte en un accesorio imprescindible tanto para el uso en el salon como para profesionales que realizan services \u00e0 domicile.<\/p>\n<h3>Caract\u00e9ristiques principales<\/h3>\n<ul>\n<li>Malet\u00edn organis\u00e9r profesional para barber\u00eda<\/li>\n<li>Compartimentos para m\u00e1quinas y accesorios<\/li>\n<li>Design r\u00e9sistant et durable<\/li>\n<li>Ideal para transporter outils de travail<\/li>\n<li>Organizaci\u00f3n eficiente del material de barber\u00eda<\/li>\n<li>Utilisation professionnelle<\/li>\n<\/ul>\n<h3>Uso<\/h3>\n<p>Perfecto para stocker y transporter herramientas de barber\u00eda como m\u00e1quinas cortacheveuxs, trimmers, tijeras, peines, cepillos y accesorios profesionales.<\/p>\n<p><strong>Marque :<\/strong>\u00a0JRL<br \/>\n<strong>Mod\u00e8le :<\/strong>\u00a0ToolTidy HP25025<br \/>\n<strong>Uso:<\/strong>\u00a0professionnel<\/p>\n","protected":false},"excerpt":{"rendered":"<p>JRL ToolTidy HP25025 \u2013 Malet\u00edn Organizador Barbero para Herramientas de Barber\u00eda El malet\u00edn organis\u00e9r JRL ToolTidy HP25025\u00a0est une solution pratique et professionnelle pour garder les outils de barberie et de coiffure organis\u00e9s. Este organis\u00e9r ha sido con\u00e7u para facilitar el almacenamiento y transporte de tondeuses, trimmers, ciseaux, peignes, brosses et autres accessoires esenciales para el &#8230; <a title=\"mallette organiseur d\u2019outils JRL ToolTidy HP25025 &#8211; JRL\" class=\"read-more\" href=\"https:\/\/kzprofesional.com\/fr\/produit\/mallette-organiseur-doutils-jrl-tooltidy-hp25025-jrl\/\" aria-label=\"En savoir plus sur mallette organiseur d\u2019outils JRL ToolTidy HP25025 &#8211; JRL\">Lire plus<\/a><\/p>\n","protected":false},"featured_media":80345,"template":"","meta":{"_acf_changed":false,"_jet_sm_ready_style":"","_jet_sm_style":"","_jet_sm_controls_values":"","_jet_sm_fonts_collection":"","_jet_sm_fonts_links":""},"product_brand":[],"product_cat":[771,806],"product_tag":[],"class_list":{"0":"post-80344","1":"product","2":"type-product","3":"status-publish","4":"has-post-thumbnail","6":"product_cat-accessoires","7":"product_cat-nouveautes","8":"sales-flash-overlay","9":"woocommerce-text-align-center","10":"woocommerce-image-align-center","11":"do-quantity-buttons","13":"first","14":"instock","15":"taxable","16":"shipping-taxable","17":"purchasable","18":"product-type-simple"},"bundled_by":[],"bundle_stock_status":"instock","bundle_stock_quantity":1,"bundle_virtual":false,"bundle_layout":"","bundle_add_to_cart_form_location":"","bundle_editable_in_cart":false,"bundle_sold_individually_context":"","bundle_item_grouping":"","bundle_min_size":"","bundle_max_size":"","bundle_price":[],"bundled_items":[],"bundle_sell_ids":[],"acf":[],"yoast_head":"<!-- This site is optimized with the Yoast SEO Premium plugin v25.9 (Yoast SEO v27.4) - https:\/\/yoast.com\/product\/yoast-seo-premium-wordpress\/ -->\n<title>mallette organiseur d\u2019outils JRL ToolTidy HP25025 - JRL - KZ Profesional<\/title>\n<meta name=\"robots\" content=\"index, follow, max-snippet:-1, max-image-preview:large, max-video-preview:-1\" \/>\n<link rel=\"canonical\" href=\"https:\/\/kzprofesional.com\/producto\/maletin-organizador-de-herramientas-jrl-tooltidy-hp25025-jrl\/\" \/>\n<meta property=\"og:locale\" content=\"fr_FR\" \/>\n<meta property=\"og:type\" content=\"article\" \/>\n<meta property=\"og:title\" content=\"mallette organiseur d\u2019outils JRL ToolTidy HP25025 - JRL\" \/>\n<meta property=\"og:description\" content=\"JRL ToolTidy HP25025 \u2013 Malet\u00edn Organizador Barbero para Herramientas de Barber\u00eda El malet\u00edn organis\u00e9r JRL ToolTidy HP25025\u00a0est une solution pratique et professionnelle pour garder les outils de barberie et de coiffure organis\u00e9s. Este organis\u00e9r ha sido con\u00e7u para facilitar el almacenamiento y transporte de tondeuses, trimmers, ciseaux, peignes, brosses et autres accessoires esenciales para el ... Lire plus\" \/>\n<meta property=\"og:url\" content=\"https:\/\/kzprofesional.com\/producto\/maletin-organizador-de-herramientas-jrl-tooltidy-hp25025-jrl\/\" \/>\n<meta property=\"og:site_name\" content=\"KZ Profesional\" \/>\n<meta property=\"og:image\" content=\"https:\/\/kzprofesional.com\/wp-content\/uploads\/Captura-de-pantalla-2026-04-21-165732.png\" \/>\n\t<meta property=\"og:image:width\" content=\"564\" \/>\n\t<meta property=\"og:image:height\" content=\"557\" \/>\n\t<meta property=\"og:image:type\" content=\"image\/png\" \/>\n<meta name=\"twitter:card\" content=\"summary_large_image\" \/>\n<script type=\"application\/ld+json\" class=\"yoast-schema-graph\">{\"@context\":\"https:\\\/\\\/schema.org\",\"@graph\":[{\"@type\":\"WebPage\",\"@id\":\"https:\\\/\\\/kzprofesional.com\\\/producto\\\/maletin-organizador-de-herramientas-jrl-tooltidy-hp25025-jrl\\\/\",\"url\":\"https:\\\/\\\/kzprofesional.com\\\/producto\\\/maletin-organizador-de-herramientas-jrl-tooltidy-hp25025-jrl\\\/\",\"name\":\"mallette organiseur d\u2019outils JRL ToolTidy HP25025 - JRL - KZ Profesional\",\"isPartOf\":{\"@id\":\"https:\\\/\\\/kzprofesional.com\\\/#website\"},\"primaryImageOfPage\":{\"@id\":\"https:\\\/\\\/kzprofesional.com\\\/producto\\\/maletin-organizador-de-herramientas-jrl-tooltidy-hp25025-jrl\\\/#primaryimage\"},\"image\":{\"@id\":\"https:\\\/\\\/kzprofesional.com\\\/producto\\\/maletin-organizador-de-herramientas-jrl-tooltidy-hp25025-jrl\\\/#primaryimage\"},\"thumbnailUrl\":\"https:\\\/\\\/kzprofesional.com\\\/wp-content\\\/uploads\\\/Captura-de-pantalla-2026-04-21-165732.png\",\"datePublished\":\"2026-04-21T15:04:10+00:00\",\"breadcrumb\":{\"@id\":\"https:\\\/\\\/kzprofesional.com\\\/producto\\\/maletin-organizador-de-herramientas-jrl-tooltidy-hp25025-jrl\\\/#breadcrumb\"},\"inLanguage\":\"fr-FR\",\"potentialAction\":[{\"@type\":\"ReadAction\",\"target\":[\"https:\\\/\\\/kzprofesional.com\\\/producto\\\/maletin-organizador-de-herramientas-jrl-tooltidy-hp25025-jrl\\\/\"]}]},{\"@type\":\"ImageObject\",\"inLanguage\":\"fr-FR\",\"@id\":\"https:\\\/\\\/kzprofesional.com\\\/producto\\\/maletin-organizador-de-herramientas-jrl-tooltidy-hp25025-jrl\\\/#primaryimage\",\"url\":\"https:\\\/\\\/kzprofesional.com\\\/wp-content\\\/uploads\\\/Captura-de-pantalla-2026-04-21-165732.png\",\"contentUrl\":\"https:\\\/\\\/kzprofesional.com\\\/wp-content\\\/uploads\\\/Captura-de-pantalla-2026-04-21-165732.png\",\"width\":564,\"height\":557},{\"@type\":\"BreadcrumbList\",\"@id\":\"https:\\\/\\\/kzprofesional.com\\\/producto\\\/maletin-organizador-de-herramientas-jrl-tooltidy-hp25025-jrl\\\/#breadcrumb\",\"itemListElement\":[{\"@type\":\"ListItem\",\"position\":1,\"name\":\"Portada\",\"item\":\"https:\\\/\\\/kzprofesional.com\\\/fr\\\/\"},{\"@type\":\"ListItem\",\"position\":2,\"name\":\"Boutique\",\"item\":\"https:\\\/\\\/kzprofesional.com\\\/fr\\\/boutique\\\/\"},{\"@type\":\"ListItem\",\"position\":3,\"name\":\"mallette organiseur d\u2019outils JRL ToolTidy HP25025 &#8211; JRL\"}]},{\"@type\":\"WebSite\",\"@id\":\"https:\\\/\\\/kzprofesional.com\\\/#website\",\"url\":\"https:\\\/\\\/kzprofesional.com\\\/\",\"name\":\"KZ Profesional\",\"description\":\"\",\"publisher\":{\"@id\":\"https:\\\/\\\/kzprofesional.com\\\/#organization\"},\"potentialAction\":[{\"@type\":\"SearchAction\",\"target\":{\"@type\":\"EntryPoint\",\"urlTemplate\":\"https:\\\/\\\/kzprofesional.com\\\/?s={search_term_string}\"},\"query-input\":{\"@type\":\"PropertyValueSpecification\",\"valueRequired\":true,\"valueName\":\"search_term_string\"}}],\"inLanguage\":\"fr-FR\"},{\"@type\":\"Organization\",\"@id\":\"https:\\\/\\\/kzprofesional.com\\\/#organization\",\"name\":\"Imperio Barber Shop\",\"url\":\"https:\\\/\\\/kzprofesional.com\\\/\",\"logo\":{\"@type\":\"ImageObject\",\"inLanguage\":\"fr-FR\",\"@id\":\"https:\\\/\\\/kzprofesional.com\\\/#\\\/schema\\\/logo\\\/image\\\/\",\"url\":\"https:\\\/\\\/kzprofesional.com\\\/wp-content\\\/uploads\\\/2021\\\/09\\\/Logo-Imperio-Barber-Shop.png\",\"contentUrl\":\"https:\\\/\\\/kzprofesional.com\\\/wp-content\\\/uploads\\\/2021\\\/09\\\/Logo-Imperio-Barber-Shop.png\",\"width\":128,\"height\":128,\"caption\":\"Imperio Barber Shop\"},\"image\":{\"@id\":\"https:\\\/\\\/kzprofesional.com\\\/#\\\/schema\\\/logo\\\/image\\\/\"}}]}<\/script>\n<!-- \/ Yoast SEO Premium plugin. -->","yoast_head_json":{"title":"mallette organiseur d\u2019outils JRL ToolTidy HP25025 - JRL - KZ Profesional","robots":{"index":"index","follow":"follow","max-snippet":"max-snippet:-1","max-image-preview":"max-image-preview:large","max-video-preview":"max-video-preview:-1"},"canonical":"https:\/\/kzprofesional.com\/producto\/maletin-organizador-de-herramientas-jrl-tooltidy-hp25025-jrl\/","og_locale":"fr_FR","og_type":"article","og_title":"mallette organiseur d\u2019outils JRL ToolTidy HP25025 - JRL","og_description":"JRL ToolTidy HP25025 \u2013 Malet\u00edn Organizador Barbero para Herramientas de Barber\u00eda El malet\u00edn organis\u00e9r JRL ToolTidy HP25025\u00a0est une solution pratique et professionnelle pour garder les outils de barberie et de coiffure organis\u00e9s. Este organis\u00e9r ha sido con\u00e7u para facilitar el almacenamiento y transporte de tondeuses, trimmers, ciseaux, peignes, brosses et autres accessoires esenciales para el ... Lire plus","og_url":"https:\/\/kzprofesional.com\/producto\/maletin-organizador-de-herramientas-jrl-tooltidy-hp25025-jrl\/","og_site_name":"KZ Profesional","og_image":[{"width":564,"height":557,"url":"https:\/\/kzprofesional.com\/wp-content\/uploads\/Captura-de-pantalla-2026-04-21-165732.png","type":"image\/png"}],"twitter_card":"summary_large_image","schema":{"@context":"https:\/\/schema.org","@graph":[{"@type":"WebPage","@id":"https:\/\/kzprofesional.com\/producto\/maletin-organizador-de-herramientas-jrl-tooltidy-hp25025-jrl\/","url":"https:\/\/kzprofesional.com\/producto\/maletin-organizador-de-herramientas-jrl-tooltidy-hp25025-jrl\/","name":"mallette organiseur d\u2019outils JRL ToolTidy HP25025 - JRL - KZ Profesional","isPartOf":{"@id":"https:\/\/kzprofesional.com\/#website"},"primaryImageOfPage":{"@id":"https:\/\/kzprofesional.com\/producto\/maletin-organizador-de-herramientas-jrl-tooltidy-hp25025-jrl\/#primaryimage"},"image":{"@id":"https:\/\/kzprofesional.com\/producto\/maletin-organizador-de-herramientas-jrl-tooltidy-hp25025-jrl\/#primaryimage"},"thumbnailUrl":"https:\/\/kzprofesional.com\/wp-content\/uploads\/Captura-de-pantalla-2026-04-21-165732.png","datePublished":"2026-04-21T15:04:10+00:00","breadcrumb":{"@id":"https:\/\/kzprofesional.com\/producto\/maletin-organizador-de-herramientas-jrl-tooltidy-hp25025-jrl\/#breadcrumb"},"inLanguage":"fr-FR","potentialAction":[{"@type":"ReadAction","target":["https:\/\/kzprofesional.com\/producto\/maletin-organizador-de-herramientas-jrl-tooltidy-hp25025-jrl\/"]}]},{"@type":"ImageObject","inLanguage":"fr-FR","@id":"https:\/\/kzprofesional.com\/producto\/maletin-organizador-de-herramientas-jrl-tooltidy-hp25025-jrl\/#primaryimage","url":"https:\/\/kzprofesional.com\/wp-content\/uploads\/Captura-de-pantalla-2026-04-21-165732.png","contentUrl":"https:\/\/kzprofesional.com\/wp-content\/uploads\/Captura-de-pantalla-2026-04-21-165732.png","width":564,"height":557},{"@type":"BreadcrumbList","@id":"https:\/\/kzprofesional.com\/producto\/maletin-organizador-de-herramientas-jrl-tooltidy-hp25025-jrl\/#breadcrumb","itemListElement":[{"@type":"ListItem","position":1,"name":"Portada","item":"https:\/\/kzprofesional.com\/fr\/"},{"@type":"ListItem","position":2,"name":"Boutique","item":"https:\/\/kzprofesional.com\/fr\/boutique\/"},{"@type":"ListItem","position":3,"name":"mallette organiseur d\u2019outils JRL ToolTidy HP25025 &#8211; JRL"}]},{"@type":"WebSite","@id":"https:\/\/kzprofesional.com\/#website","url":"https:\/\/kzprofesional.com\/","name":"KZ Profesional","description":"","publisher":{"@id":"https:\/\/kzprofesional.com\/#organization"},"potentialAction":[{"@type":"SearchAction","target":{"@type":"EntryPoint","urlTemplate":"https:\/\/kzprofesional.com\/?s={search_term_string}"},"query-input":{"@type":"PropertyValueSpecification","valueRequired":true,"valueName":"search_term_string"}}],"inLanguage":"fr-FR"},{"@type":"Organization","@id":"https:\/\/kzprofesional.com\/#organization","name":"Imperio Barber Shop","url":"https:\/\/kzprofesional.com\/","logo":{"@type":"ImageObject","inLanguage":"fr-FR","@id":"https:\/\/kzprofesional.com\/#\/schema\/logo\/image\/","url":"https:\/\/kzprofesional.com\/wp-content\/uploads\/2021\/09\/Logo-Imperio-Barber-Shop.png","contentUrl":"https:\/\/kzprofesional.com\/wp-content\/uploads\/2021\/09\/Logo-Imperio-Barber-Shop.png","width":128,"height":128,"caption":"Imperio Barber Shop"},"image":{"@id":"https:\/\/kzprofesional.com\/#\/schema\/logo\/image\/"}}]}},"_links":{"self":[{"href":"https:\/\/kzprofesional.com\/fr\/wp-json\/wp\/v2\/product\/80344","targetHints":{"allow":["GET"]}}],"collection":[{"href":"https:\/\/kzprofesional.com\/fr\/wp-json\/wp\/v2\/product"}],"about":[{"href":"https:\/\/kzprofesional.com\/fr\/wp-json\/wp\/v2\/types\/product"}],"wp:featuredmedia":[{"embeddable":true,"href":"https:\/\/kzprofesional.com\/fr\/wp-json\/wp\/v2\/media\/80345"}],"wp:attachment":[{"href":"https:\/\/kzprofesional.com\/fr\/wp-json\/wp\/v2\/media?parent=80344"}],"wp:term":[{"taxonomy":"product_brand","embeddable":true,"href":"https:\/\/kzprofesional.com\/fr\/wp-json\/wp\/v2\/product_brand?post=80344"},{"taxonomy":"product_cat","embeddable":true,"href":"https:\/\/kzprofesional.com\/fr\/wp-json\/wp\/v2\/product_cat?post=80344"},{"taxonomy":"product_tag","embeddable":true,"href":"https:\/\/kzprofesional.com\/fr\/wp-json\/wp\/v2\/product_tag?post=80344"}],"curies":[{"name":"wp","href":"https:\/\/api.w.org\/{rel}","templated":true}]}}