

{"id":80436,"date":"2026-04-22T08:36:54","date_gmt":"2026-04-22T06:36:54","guid":{"rendered":"https:\/\/kzprofesional.com\/clipper-senior-2-0-wahl\/"},"modified":"2026-04-22T08:36:54","modified_gmt":"2026-04-22T06:36:54","slug":"clipper-senior-2-0-wahl","status":"publish","type":"product","link":"https:\/\/kzprofesional.com\/fr\/produit\/clipper-senior-2-0-wahl\/","title":{"rendered":"Clipper Senior 2.0 &#8211; WAHL"},"content":{"rendered":"<p><strong>UNE TONDEUSE COUPE ISSUE D\u2019UNE LONGUE TRADITION ET PR\u00caTE POUR L\u2019AVENIR<\/strong><\/p>\n<p>Con\u00e7ue pour le barbier moderne, la tondeuse de coupe sans fil Wahl Senior\u00ae 2.0 ofrece un des performances puissantes et une technologie avanc\u00e9e. Cuenta con un<strong>\u00a0potente motor<\/strong>,\u00a0<strong>une conception am\u00e9lior\u00e9e des lames<\/strong>, una\u00a0<strong>palanca \u00fanica<\/strong>\u00a0y\u00a0<strong>una<\/strong>\u00a0llamativa iluminaci\u00f3n. El resultado es plus de puissance, de pr\u00e9cision et de polyvalence: con\u00e7ue pour offrir des performances de haut niveau \u00e0 chaque utilisation.<\/p>\n<ul>\n<li id=\"OHF24CP\"><strong>Levier \u00e0 changement rapide avec ou sans clic &#8211; R\u00e9glage sans outils :<\/strong>\u00a0la tondeuse de coupe professionnelle Wahl Senior\u00ae 2.0 cuenta con una palanca<strong>\u00a0(pendiente de patente) que\u00a0<\/strong>permite a los coiffeurs\u00a0<strong>cambiar f\u00e1cilmente entre 5 posiciones fijas o palanca libre para un control suave y continuo<\/strong>. No se necesitan herramientas: solo tienes que levantar y cambiar.<\/li>\n<li><strong>Plus de puissance et performances de coupe avanc\u00e9es<\/strong><strong>:<\/strong>\u00a0unmoteur sans balais de 8000 rpm con<strong>control de velocidad adaptativo<\/strong><strong>se ajusta<\/strong>\u00a0autom\u00e1ticamente\u00a0<strong data-wg-splitted=\"\">a los diferentes tipos de cheveux<\/strong>, lo que permite un corte\u00a0<strong>suave con menos pasadas<\/strong>.<\/li>\n<li><strong>Ergonomie \u00e9quilibr\u00e9e<\/strong><strong>: la\u00a0<\/strong>r\u00e9sistant carcasa de la Wahl Senior\u00ae 2.0 est\u00e1 cuidadosamente equilibrada y cuenta con ranuras patentadas que\u00a0<strong>mejoran el agarre, el control y la comodidad\u00a0<\/strong>durante su uso.<\/li>\n<li><strong>Coupe sans \u00e9chauffement, aff\u00fbtage plus durable :\u00a0<\/strong>las lames de acerocon hauteur contenido en carbono, con\u00a0<strong>rev\u00eatements chrome PVD y DLC<\/strong>,\u00a0garantizan un rendimiento de corte constante. Las lames se mantienen\u00a0<strong>m\u00e1s fr\u00edas y afiladas durante m\u00e1s tiempo<\/strong>.<\/li>\n<li><strong>Pr\u00eate quand vous l\u2019\u00eates :\u00a0<\/strong>conjusqu\u2019\u00e0\u00a0<strong>2,5 heures de autonomie sin cable<\/strong>, la Wahl Senior\u00ae 2.0 est\u00e1 con\u00e7ue para barbiers con mucho trabajo. Esta tondeuse de coupe professionnelle se carga con la<strong>\u00a0Single Power Station incluida<\/strong>\u00a0y tambi\u00e9n es compatible con la carga USB-C.<\/li>\n<\/ul>\n<div class=\"data item title\" tabindex=\"0\" role=\"tab\" data-role=\"title\" aria-selected=\"true\" aria-expanded=\"true\"><strong>Contenu de la bo\u00eete<\/strong><\/div>\n<div class=\"data item content\" role=\"tabpanel\" data-role=\"content\" aria-hidden=\"false\">\n<div data-content-type=\"row\" data-appearance=\"contained\" data-element=\"main\">\n<div data-enable-parallax=\"0\" data-parallax-speed=\"0.5\" data-background-images=\"{}\" data-background-type=\"image\" data-video-loop=\"true\" data-video-play-only-visible=\"true\" data-video-lazy-load=\"true\" data-video-fallback-src=\"\" data-element=\"inner\" data-pb-style=\"AL0Y0K0\">\n<div data-content-type=\"text\" data-appearance=\"default\" data-element=\"main\">\n<ul>\n<li>Base de charge Single Power Station<\/li>\n<li>7 sabots de coupe de alta calidad sabots de coupe 1,5 | 3 | 4,5 | 6 | 10 | 13 | 16 mm)<\/li>\n<li>Cable de carga de 5 V<\/li>\n<li>Huile pour lames y brosse de nettoyage<\/li>\n<li>Protector de lame rojo<\/li>\n<li>Peine blanco<\/li>\n<\/ul>\n<div class=\"data item title\" tabindex=\"0\" role=\"tab\" data-role=\"title\" aria-selected=\"true\" aria-expanded=\"true\"><strong>Sp\u00e9cifications<\/strong><\/div>\n<div class=\"data item content\" role=\"tabpanel\" data-role=\"content\" aria-hidden=\"false\">\n<div class=\"additional-attributes-wrapper table-wrapper\">\n<table id=\"product-attribute-specs-table\" class=\"data table additional-attributes\">\n<tbody>\n<tr>\n<th class=\"col label\" scope=\"row\">Art\u00edculo Marca FG<\/th>\n<td class=\"col data\" data-th=\"Item FG Brand\">Wahl<\/td>\n<\/tr>\n<tr>\n<th class=\"col label\" scope=\"row\">Temps de charge<\/th>\n<td class=\"col data\" data-th=\"Charge Time\">75 min<\/td>\n<\/tr>\n<tr>\n<th class=\"col label\" scope=\"row\">Type de batterie<\/th>\n<td class=\"col data\" data-th=\"Battery Type\">Lithium<\/td>\n<\/tr>\n<tr>\n<th class=\"col label\" scope=\"row\">Charge rapide<\/th>\n<td class=\"col data\" data-th=\"Quick Charge\">10 minutes de charge = 20 minutes d\u2019autonomie<\/td>\n<\/tr>\n<tr>\n<th class=\"col label\" scope=\"row\">sabots<\/th>\n<td class=\"col data\" data-th=\"Comb attachments\">7 sabots de coupe Premium<\/td>\n<\/tr>\n<tr>\n<th class=\"col label\" scope=\"row\">Type de lame<\/th>\n<td class=\"col data\" data-th=\"Blade Type\">Versi\u00f3n 2.0<\/td>\n<\/tr>\n<tr>\n<th class=\"col label\" scope=\"row\">Longueur de coupe<\/th>\n<td class=\"col data\" data-th=\"Cutting Length\">0,7-1,5 mm<\/td>\n<\/tr>\n<tr>\n<th class=\"col label\" scope=\"row\">Type d\u2019alimentation<\/th>\n<td class=\"col data\" data-th=\"Power Type\">Rechargeable avec\/sans fil<\/td>\n<\/tr>\n<tr>\n<th class=\"col label\" scope=\"row\">Motor\/Accionamiento<\/th>\n<td class=\"col data\" data-th=\"Motor\/Drive\">rotatif sans balais, 8000 rpm<\/td>\n<\/tr>\n<tr>\n<th class=\"col label\" scope=\"row\">Autonomie<\/th>\n<td class=\"col data\" data-th=\"Run Time\">Jusqu\u2019\u00e0 2,5 heures<\/td>\n<\/tr>\n<tr>\n<th class=\"col label\" scope=\"row\">Cat\u00e9gorisation du produit<\/th>\n<td class=\"col data\" data-th=\"Product Flag\">Nouveau<\/td>\n<\/tr>\n<tr>\n<th class=\"col label\" scope=\"row\">Poids<\/th>\n<td class=\"col data\" data-th=\"Weight\">377 g<\/td>\n<\/tr>\n<\/tbody>\n<\/table>\n<\/div>\n<\/div>\n<\/div>\n<\/div>\n<\/div>\n<\/div>\n","protected":false},"excerpt":{"rendered":"<p>Personnalisez votre \u00e9quipement avec nos machines des marques leaders du secteur de la barberie et de la coiffure !<br \/>\nD\u00e9lai de livraison entre 1 et 15 jours.<br \/>\nGarantie de 1 an pour les professionnels et les entreprises. 3 ans pour les consommateurs particuliers.<\/p>\n","protected":false},"featured_media":80437,"template":"","meta":{"_acf_changed":false,"_jet_sm_ready_style":"","_jet_sm_style":"","_jet_sm_controls_values":"","_jet_sm_fonts_collection":"","_jet_sm_fonts_links":""},"product_brand":[],"product_cat":[766,806],"product_tag":[],"class_list":{"0":"post-80436","1":"product","2":"type-product","3":"status-publish","4":"has-post-thumbnail","6":"product_cat-clippers-sans-fil","7":"product_cat-nouveautes","8":"sales-flash-overlay","9":"woocommerce-text-align-center","10":"woocommerce-image-align-center","11":"do-quantity-buttons","13":"first","14":"instock","15":"taxable","16":"shipping-taxable","17":"purchasable","18":"product-type-simple"},"bundled_by":[],"bundle_stock_status":"instock","bundle_stock_quantity":12,"bundle_virtual":false,"bundle_layout":"","bundle_add_to_cart_form_location":"","bundle_editable_in_cart":false,"bundle_sold_individually_context":"","bundle_item_grouping":"","bundle_min_size":"","bundle_max_size":"","bundle_price":[],"bundled_items":[],"bundle_sell_ids":[],"acf":[],"yoast_head":"<!-- This site is optimized with the Yoast SEO Premium plugin v25.9 (Yoast SEO v27.4) - https:\/\/yoast.com\/product\/yoast-seo-premium-wordpress\/ -->\n<title>Clipper Senior 2.0 - WAHL - KZ Profesional<\/title>\n<meta name=\"robots\" content=\"index, follow, max-snippet:-1, max-image-preview:large, max-video-preview:-1\" \/>\n<link rel=\"canonical\" href=\"https:\/\/kzprofesional.com\/producto\/maquina-clipper-senior-2-0-wahl\/\" \/>\n<meta property=\"og:locale\" content=\"fr_FR\" \/>\n<meta property=\"og:type\" content=\"article\" \/>\n<meta property=\"og:title\" content=\"Clipper Senior 2.0 - WAHL\" \/>\n<meta property=\"og:description\" content=\"Personnalisez votre \u00e9quipement avec nos machines des marques leaders du secteur de la barberie et de la coiffure ! D\u00e9lai de livraison entre 1 et 15 jours. Garantie de 1 an pour les professionnels et les entreprises. 3 ans pour les consommateurs particuliers.\" \/>\n<meta property=\"og:url\" content=\"https:\/\/kzprofesional.com\/producto\/maquina-clipper-senior-2-0-wahl\/\" \/>\n<meta property=\"og:site_name\" content=\"KZ Profesional\" \/>\n<meta property=\"og:image\" content=\"https:\/\/kzprofesional.com\/wp-content\/uploads\/Captura-de-pantalla-2026-04-21-164442.png\" \/>\n\t<meta property=\"og:image:width\" content=\"748\" \/>\n\t<meta property=\"og:image:height\" content=\"746\" \/>\n\t<meta property=\"og:image:type\" content=\"image\/png\" \/>\n<meta name=\"twitter:card\" content=\"summary_large_image\" \/>\n<script type=\"application\/ld+json\" class=\"yoast-schema-graph\">{\"@context\":\"https:\\\/\\\/schema.org\",\"@graph\":[{\"@type\":\"WebPage\",\"@id\":\"https:\\\/\\\/kzprofesional.com\\\/producto\\\/maquina-clipper-senior-2-0-wahl\\\/\",\"url\":\"https:\\\/\\\/kzprofesional.com\\\/producto\\\/maquina-clipper-senior-2-0-wahl\\\/\",\"name\":\"Clipper Senior 2.0 - WAHL - KZ Profesional\",\"isPartOf\":{\"@id\":\"https:\\\/\\\/kzprofesional.com\\\/#website\"},\"primaryImageOfPage\":{\"@id\":\"https:\\\/\\\/kzprofesional.com\\\/producto\\\/maquina-clipper-senior-2-0-wahl\\\/#primaryimage\"},\"image\":{\"@id\":\"https:\\\/\\\/kzprofesional.com\\\/producto\\\/maquina-clipper-senior-2-0-wahl\\\/#primaryimage\"},\"thumbnailUrl\":\"https:\\\/\\\/kzprofesional.com\\\/wp-content\\\/uploads\\\/Captura-de-pantalla-2026-04-21-164442.png\",\"datePublished\":\"2026-04-22T06:36:54+00:00\",\"breadcrumb\":{\"@id\":\"https:\\\/\\\/kzprofesional.com\\\/producto\\\/maquina-clipper-senior-2-0-wahl\\\/#breadcrumb\"},\"inLanguage\":\"fr-FR\",\"potentialAction\":[{\"@type\":\"ReadAction\",\"target\":[\"https:\\\/\\\/kzprofesional.com\\\/producto\\\/maquina-clipper-senior-2-0-wahl\\\/\"]}]},{\"@type\":\"ImageObject\",\"inLanguage\":\"fr-FR\",\"@id\":\"https:\\\/\\\/kzprofesional.com\\\/producto\\\/maquina-clipper-senior-2-0-wahl\\\/#primaryimage\",\"url\":\"https:\\\/\\\/kzprofesional.com\\\/wp-content\\\/uploads\\\/Captura-de-pantalla-2026-04-21-164442.png\",\"contentUrl\":\"https:\\\/\\\/kzprofesional.com\\\/wp-content\\\/uploads\\\/Captura-de-pantalla-2026-04-21-164442.png\",\"width\":748,\"height\":746},{\"@type\":\"BreadcrumbList\",\"@id\":\"https:\\\/\\\/kzprofesional.com\\\/producto\\\/maquina-clipper-senior-2-0-wahl\\\/#breadcrumb\",\"itemListElement\":[{\"@type\":\"ListItem\",\"position\":1,\"name\":\"Portada\",\"item\":\"https:\\\/\\\/kzprofesional.com\\\/fr\\\/\"},{\"@type\":\"ListItem\",\"position\":2,\"name\":\"Boutique\",\"item\":\"https:\\\/\\\/kzprofesional.com\\\/fr\\\/boutique\\\/\"},{\"@type\":\"ListItem\",\"position\":3,\"name\":\"Clipper Senior 2.0 &#8211; WAHL\"}]},{\"@type\":\"WebSite\",\"@id\":\"https:\\\/\\\/kzprofesional.com\\\/#website\",\"url\":\"https:\\\/\\\/kzprofesional.com\\\/\",\"name\":\"KZ Profesional\",\"description\":\"\",\"publisher\":{\"@id\":\"https:\\\/\\\/kzprofesional.com\\\/#organization\"},\"potentialAction\":[{\"@type\":\"SearchAction\",\"target\":{\"@type\":\"EntryPoint\",\"urlTemplate\":\"https:\\\/\\\/kzprofesional.com\\\/?s={search_term_string}\"},\"query-input\":{\"@type\":\"PropertyValueSpecification\",\"valueRequired\":true,\"valueName\":\"search_term_string\"}}],\"inLanguage\":\"fr-FR\"},{\"@type\":\"Organization\",\"@id\":\"https:\\\/\\\/kzprofesional.com\\\/#organization\",\"name\":\"Imperio Barber Shop\",\"url\":\"https:\\\/\\\/kzprofesional.com\\\/\",\"logo\":{\"@type\":\"ImageObject\",\"inLanguage\":\"fr-FR\",\"@id\":\"https:\\\/\\\/kzprofesional.com\\\/#\\\/schema\\\/logo\\\/image\\\/\",\"url\":\"https:\\\/\\\/kzprofesional.com\\\/wp-content\\\/uploads\\\/2021\\\/09\\\/Logo-Imperio-Barber-Shop.png\",\"contentUrl\":\"https:\\\/\\\/kzprofesional.com\\\/wp-content\\\/uploads\\\/2021\\\/09\\\/Logo-Imperio-Barber-Shop.png\",\"width\":128,\"height\":128,\"caption\":\"Imperio Barber Shop\"},\"image\":{\"@id\":\"https:\\\/\\\/kzprofesional.com\\\/#\\\/schema\\\/logo\\\/image\\\/\"}}]}<\/script>\n<!-- \/ Yoast SEO Premium plugin. -->","yoast_head_json":{"title":"Clipper Senior 2.0 - WAHL - KZ Profesional","robots":{"index":"index","follow":"follow","max-snippet":"max-snippet:-1","max-image-preview":"max-image-preview:large","max-video-preview":"max-video-preview:-1"},"canonical":"https:\/\/kzprofesional.com\/producto\/maquina-clipper-senior-2-0-wahl\/","og_locale":"fr_FR","og_type":"article","og_title":"Clipper Senior 2.0 - WAHL","og_description":"Personnalisez votre \u00e9quipement avec nos machines des marques leaders du secteur de la barberie et de la coiffure ! D\u00e9lai de livraison entre 1 et 15 jours. Garantie de 1 an pour les professionnels et les entreprises. 3 ans pour les consommateurs particuliers.","og_url":"https:\/\/kzprofesional.com\/producto\/maquina-clipper-senior-2-0-wahl\/","og_site_name":"KZ Profesional","og_image":[{"width":748,"height":746,"url":"https:\/\/kzprofesional.com\/wp-content\/uploads\/Captura-de-pantalla-2026-04-21-164442.png","type":"image\/png"}],"twitter_card":"summary_large_image","schema":{"@context":"https:\/\/schema.org","@graph":[{"@type":"WebPage","@id":"https:\/\/kzprofesional.com\/producto\/maquina-clipper-senior-2-0-wahl\/","url":"https:\/\/kzprofesional.com\/producto\/maquina-clipper-senior-2-0-wahl\/","name":"Clipper Senior 2.0 - WAHL - KZ Profesional","isPartOf":{"@id":"https:\/\/kzprofesional.com\/#website"},"primaryImageOfPage":{"@id":"https:\/\/kzprofesional.com\/producto\/maquina-clipper-senior-2-0-wahl\/#primaryimage"},"image":{"@id":"https:\/\/kzprofesional.com\/producto\/maquina-clipper-senior-2-0-wahl\/#primaryimage"},"thumbnailUrl":"https:\/\/kzprofesional.com\/wp-content\/uploads\/Captura-de-pantalla-2026-04-21-164442.png","datePublished":"2026-04-22T06:36:54+00:00","breadcrumb":{"@id":"https:\/\/kzprofesional.com\/producto\/maquina-clipper-senior-2-0-wahl\/#breadcrumb"},"inLanguage":"fr-FR","potentialAction":[{"@type":"ReadAction","target":["https:\/\/kzprofesional.com\/producto\/maquina-clipper-senior-2-0-wahl\/"]}]},{"@type":"ImageObject","inLanguage":"fr-FR","@id":"https:\/\/kzprofesional.com\/producto\/maquina-clipper-senior-2-0-wahl\/#primaryimage","url":"https:\/\/kzprofesional.com\/wp-content\/uploads\/Captura-de-pantalla-2026-04-21-164442.png","contentUrl":"https:\/\/kzprofesional.com\/wp-content\/uploads\/Captura-de-pantalla-2026-04-21-164442.png","width":748,"height":746},{"@type":"BreadcrumbList","@id":"https:\/\/kzprofesional.com\/producto\/maquina-clipper-senior-2-0-wahl\/#breadcrumb","itemListElement":[{"@type":"ListItem","position":1,"name":"Portada","item":"https:\/\/kzprofesional.com\/fr\/"},{"@type":"ListItem","position":2,"name":"Boutique","item":"https:\/\/kzprofesional.com\/fr\/boutique\/"},{"@type":"ListItem","position":3,"name":"Clipper Senior 2.0 &#8211; WAHL"}]},{"@type":"WebSite","@id":"https:\/\/kzprofesional.com\/#website","url":"https:\/\/kzprofesional.com\/","name":"KZ Profesional","description":"","publisher":{"@id":"https:\/\/kzprofesional.com\/#organization"},"potentialAction":[{"@type":"SearchAction","target":{"@type":"EntryPoint","urlTemplate":"https:\/\/kzprofesional.com\/?s={search_term_string}"},"query-input":{"@type":"PropertyValueSpecification","valueRequired":true,"valueName":"search_term_string"}}],"inLanguage":"fr-FR"},{"@type":"Organization","@id":"https:\/\/kzprofesional.com\/#organization","name":"Imperio Barber Shop","url":"https:\/\/kzprofesional.com\/","logo":{"@type":"ImageObject","inLanguage":"fr-FR","@id":"https:\/\/kzprofesional.com\/#\/schema\/logo\/image\/","url":"https:\/\/kzprofesional.com\/wp-content\/uploads\/2021\/09\/Logo-Imperio-Barber-Shop.png","contentUrl":"https:\/\/kzprofesional.com\/wp-content\/uploads\/2021\/09\/Logo-Imperio-Barber-Shop.png","width":128,"height":128,"caption":"Imperio Barber Shop"},"image":{"@id":"https:\/\/kzprofesional.com\/#\/schema\/logo\/image\/"}}]}},"_links":{"self":[{"href":"https:\/\/kzprofesional.com\/fr\/wp-json\/wp\/v2\/product\/80436","targetHints":{"allow":["GET"]}}],"collection":[{"href":"https:\/\/kzprofesional.com\/fr\/wp-json\/wp\/v2\/product"}],"about":[{"href":"https:\/\/kzprofesional.com\/fr\/wp-json\/wp\/v2\/types\/product"}],"wp:featuredmedia":[{"embeddable":true,"href":"https:\/\/kzprofesional.com\/fr\/wp-json\/wp\/v2\/media\/80437"}],"wp:attachment":[{"href":"https:\/\/kzprofesional.com\/fr\/wp-json\/wp\/v2\/media?parent=80436"}],"wp:term":[{"taxonomy":"product_brand","embeddable":true,"href":"https:\/\/kzprofesional.com\/fr\/wp-json\/wp\/v2\/product_brand?post=80436"},{"taxonomy":"product_cat","embeddable":true,"href":"https:\/\/kzprofesional.com\/fr\/wp-json\/wp\/v2\/product_cat?post=80436"},{"taxonomy":"product_tag","embeddable":true,"href":"https:\/\/kzprofesional.com\/fr\/wp-json\/wp\/v2\/product_tag?post=80436"}],"curies":[{"name":"wp","href":"https:\/\/api.w.org\/{rel}","templated":true}]}}