

{"id":80794,"date":"2026-02-12T16:35:04","date_gmt":"2026-02-12T15:35:04","guid":{"rendered":"https:\/\/kzprofesional.com\/pack-6-shaving-gel-gel-de-rasage-150-ml-the-67-bagsy\/"},"modified":"2026-04-28T13:06:22","modified_gmt":"2026-04-28T11:06:22","slug":"pack-6-shaving-gel-gel-de-rasage-150-ml-the-67-bagsy","status":"publish","type":"product","link":"https:\/\/kzprofesional.com\/fr\/pack-6-shaving-gel-gel-de-rasage-150-ml-the-67-bagsy\/","title":{"rendered":"Pack 6 Shaving Gel \/ Gel de rasage 150 ml &#8211; THE 67 BAGSY"},"content":{"rendered":"<p><strong>Pack 6 Shaving Gel \/ Gel de rasage 150 ml &#8211; THE 67 BAGSY<\/strong><\/p>\n<p>Gel de rasage con\u00e7u avec une formule innovante, transparente et non moussante, pour un rasage de haute pr\u00e9cision, doux et net. Su formulaci\u00f3n permite una visibilidad \u00f3ptima durante el afeitado, facilitando el delineado y perfilado de la barba y otras \u00e1reas faciales. Adem\u00e1s, su composici\u00f3n est\u00e1 enriquecida con agentes hidratantes y emolientes que reducen la fricci\u00f3n y la irritaci\u00f3n, asegurando un afeitado c\u00f3modo y efectivo.<\/p>\n<p><strong>Mode d\u2019emploi:<\/strong> Aplicar una peque\u00f1a cantidad de producto sobre la palma de la mano y extender sobre la piel h\u00fameda para posteriormente proceder al afeitado. Aclarar con abundante agua al finalizar. Uso externo.<\/p>\n<p><strong>TYPE DE PRODUIT:<\/strong> Gel de afeitado no espumante, transparente.<br \/>\n<strong>CAPACIT\u00c9:<\/strong> 150ml.<br \/>\n<strong>B\u00c9N\u00c9FICES:<\/strong> Reduce la irritacion, piel suave e hidratada.<br \/>\n<strong>FINITION:<\/strong> Afeitado de alta precisi\u00f3n.<\/p>\n","protected":false},"excerpt":{"rendered":"<p>Pack 6 Shaving Gel \/ Gel de rasage 150 ml &#8211; THE 67 BAGSY Gel de rasage con\u00e7u avec une formule innovante, transparente et non moussante, pour un rasage de haute pr\u00e9cision, doux et net. Su formulaci\u00f3n permite una visibilidad \u00f3ptima durante el afeitado, facilitando el delineado y perfilado de la barba y otras \u00e1reas &#8230; <a title=\"Pack 6 Shaving Gel \/ Gel de rasage 150 ml &#8211; THE 67 BAGSY\" class=\"read-more\" href=\"https:\/\/kzprofesional.com\/fr\/pack-6-shaving-gel-gel-de-rasage-150-ml-the-67-bagsy\/\" aria-label=\"En savoir plus sur Pack 6 Shaving Gel \/ Gel de rasage 150 ml &#8211; THE 67 BAGSY\">Lire plus<\/a><\/p>\n","protected":false},"featured_media":80795,"template":"","meta":{"_acf_changed":false,"_jet_sm_ready_style":"","_jet_sm_style":"","_jet_sm_controls_values":"","_jet_sm_fonts_collection":"","_jet_sm_fonts_links":""},"product_brand":[],"product_cat":[963],"product_tag":[],"class_list":{"0":"post-80794","1":"product","2":"type-product","3":"status-publish","4":"has-post-thumbnail","6":"product_cat-soin-du-visage-barbier","7":"sales-flash-overlay","8":"woocommerce-text-align-center","9":"woocommerce-image-align-center","10":"do-quantity-buttons","12":"first","13":"instock","14":"virtual","15":"taxable","16":"product-type-bundle"},"bundled_by":[],"bundle_stock_status":"instock","bundle_stock_quantity":"","bundle_virtual":false,"bundle_layout":"default","bundle_add_to_cart_form_location":"default","bundle_editable_in_cart":false,"bundle_sold_individually_context":"product","bundle_item_grouping":"parent","bundle_min_size":"","bundle_max_size":"","bundle_price":{"price":{"min":{"incl_tax":"85.23","excl_tax":"70.44"},"max":{"incl_tax":"85.23","excl_tax":"70.44"}},"regular_price":{"min":{"incl_tax":"85.23","excl_tax":"70.44"},"max":{"incl_tax":"85.23","excl_tax":"70.44"}}},"bundled_items":[],"bundle_sell_ids":[],"acf":[],"yoast_head":"<!-- This site is optimized with the Yoast SEO Premium plugin v25.9 (Yoast SEO v27.5) - https:\/\/yoast.com\/product\/yoast-seo-premium-wordpress\/ -->\n<title>Pack 6 Shaving Gel \/ Gel de rasage 150 ml - THE 67 BAGSY - KZ Profesional<\/title>\n<meta name=\"description\" content=\"Gel de rasage con\u00e7u avec une formule innovante, transparente et non moussante, pour un rasage de haute pr\u00e9cision, doux et net.\" \/>\n<meta name=\"robots\" content=\"index, follow, max-snippet:-1, max-image-preview:large, max-video-preview:-1\" \/>\n<link rel=\"canonical\" href=\"https:\/\/kzprofesional.com\/fr\/pack-6-shaving-gel-gel-de-rasage-150-ml-the-67-bagsy\/\" \/>\n<meta property=\"og:locale\" content=\"fr_FR\" \/>\n<meta property=\"og:type\" content=\"article\" \/>\n<meta property=\"og:title\" content=\"Pack 6 Shaving Gel \/ Gel de rasage 150 ml - THE 67 BAGSY\" \/>\n<meta property=\"og:description\" content=\"Gel de rasage con\u00e7u avec une formule innovante, transparente et non moussante, pour un rasage de haute pr\u00e9cision, doux et net.\" \/>\n<meta property=\"og:url\" content=\"https:\/\/kzprofesional.com\/fr\/pack-6-shaving-gel-gel-de-rasage-150-ml-the-67-bagsy\/\" \/>\n<meta property=\"og:site_name\" content=\"KZ Profesional\" \/>\n<meta property=\"article:modified_time\" content=\"2026-04-28T11:06:22+00:00\" \/>\n<meta property=\"og:image\" content=\"https:\/\/kzprofesional.com\/wp-content\/uploads\/SHAVING-GEL-THE-BAGSY-67.jpg\" \/>\n\t<meta property=\"og:image:width\" content=\"1500\" \/>\n\t<meta property=\"og:image:height\" content=\"1500\" \/>\n\t<meta property=\"og:image:type\" content=\"image\/jpeg\" \/>\n<meta name=\"twitter:card\" content=\"summary_large_image\" \/>\n<script type=\"application\/ld+json\" class=\"yoast-schema-graph\">{\"@context\":\"https:\\\/\\\/schema.org\",\"@graph\":[{\"@type\":\"WebPage\",\"@id\":\"https:\\\/\\\/kzprofesional.com\\\/fr\\\/pack-6-shaving-gel-gel-de-rasage-150-ml-the-67-bagsy\\\/\",\"url\":\"https:\\\/\\\/kzprofesional.com\\\/fr\\\/pack-6-shaving-gel-gel-de-rasage-150-ml-the-67-bagsy\\\/\",\"name\":\"Pack 6 Shaving Gel \\\/ Gel de rasage 150 ml - THE 67 BAGSY - KZ Profesional\",\"isPartOf\":{\"@id\":\"https:\\\/\\\/kzprofesional.com\\\/#website\"},\"primaryImageOfPage\":{\"@id\":\"https:\\\/\\\/kzprofesional.com\\\/fr\\\/pack-6-shaving-gel-gel-de-rasage-150-ml-the-67-bagsy\\\/#primaryimage\"},\"image\":{\"@id\":\"https:\\\/\\\/kzprofesional.com\\\/fr\\\/pack-6-shaving-gel-gel-de-rasage-150-ml-the-67-bagsy\\\/#primaryimage\"},\"thumbnailUrl\":\"https:\\\/\\\/kzprofesional.com\\\/wp-content\\\/uploads\\\/SHAVING-GEL-THE-BAGSY-67.jpg\",\"datePublished\":\"2026-02-12T15:35:04+00:00\",\"dateModified\":\"2026-04-28T11:06:22+00:00\",\"description\":\"Gel de rasage con\u00e7u avec une formule innovante, transparente et non moussante, pour un rasage de haute pr\u00e9cision, doux et net.\",\"breadcrumb\":{\"@id\":\"https:\\\/\\\/kzprofesional.com\\\/fr\\\/pack-6-shaving-gel-gel-de-rasage-150-ml-the-67-bagsy\\\/#breadcrumb\"},\"inLanguage\":\"fr-FR\",\"potentialAction\":[{\"@type\":\"ReadAction\",\"target\":[\"https:\\\/\\\/kzprofesional.com\\\/fr\\\/pack-6-shaving-gel-gel-de-rasage-150-ml-the-67-bagsy\\\/\"]}]},{\"@type\":\"ImageObject\",\"inLanguage\":\"fr-FR\",\"@id\":\"https:\\\/\\\/kzprofesional.com\\\/fr\\\/pack-6-shaving-gel-gel-de-rasage-150-ml-the-67-bagsy\\\/#primaryimage\",\"url\":\"https:\\\/\\\/kzprofesional.com\\\/wp-content\\\/uploads\\\/SHAVING-GEL-THE-BAGSY-67.jpg\",\"contentUrl\":\"https:\\\/\\\/kzprofesional.com\\\/wp-content\\\/uploads\\\/SHAVING-GEL-THE-BAGSY-67.jpg\",\"width\":1500,\"height\":1500},{\"@type\":\"BreadcrumbList\",\"@id\":\"https:\\\/\\\/kzprofesional.com\\\/fr\\\/pack-6-shaving-gel-gel-de-rasage-150-ml-the-67-bagsy\\\/#breadcrumb\",\"itemListElement\":[{\"@type\":\"ListItem\",\"position\":1,\"name\":\"Accueil\",\"item\":\"https:\\\/\\\/kzprofesional.com\\\/\"},{\"@type\":\"ListItem\",\"position\":2,\"name\":\"Boutique\",\"item\":\"https:\\\/\\\/kzprofesional.com\\\/fr\\\/boutique\\\/\"},{\"@type\":\"ListItem\",\"position\":3,\"name\":\"Pack 6 Shaving Gel \\\/ Gel de rasage 150 ml &#8211; THE 67 BAGSY\"}]},{\"@type\":\"WebSite\",\"@id\":\"https:\\\/\\\/kzprofesional.com\\\/#website\",\"url\":\"https:\\\/\\\/kzprofesional.com\\\/\",\"name\":\"KZ Profesional\",\"description\":\"\",\"publisher\":{\"@id\":\"https:\\\/\\\/kzprofesional.com\\\/#organization\"},\"potentialAction\":[{\"@type\":\"SearchAction\",\"target\":{\"@type\":\"EntryPoint\",\"urlTemplate\":\"https:\\\/\\\/kzprofesional.com\\\/?s={search_term_string}\"},\"query-input\":{\"@type\":\"PropertyValueSpecification\",\"valueRequired\":true,\"valueName\":\"search_term_string\"}}],\"inLanguage\":\"fr-FR\"},{\"@type\":\"Organization\",\"@id\":\"https:\\\/\\\/kzprofesional.com\\\/#organization\",\"name\":\"Imperio Barber Shop\",\"url\":\"https:\\\/\\\/kzprofesional.com\\\/\",\"logo\":{\"@type\":\"ImageObject\",\"inLanguage\":\"fr-FR\",\"@id\":\"https:\\\/\\\/kzprofesional.com\\\/#\\\/schema\\\/logo\\\/image\\\/\",\"url\":\"https:\\\/\\\/kzprofesional.com\\\/wp-content\\\/uploads\\\/2021\\\/09\\\/Logo-Imperio-Barber-Shop.png\",\"contentUrl\":\"https:\\\/\\\/kzprofesional.com\\\/wp-content\\\/uploads\\\/2021\\\/09\\\/Logo-Imperio-Barber-Shop.png\",\"width\":128,\"height\":128,\"caption\":\"Imperio Barber Shop\"},\"image\":{\"@id\":\"https:\\\/\\\/kzprofesional.com\\\/#\\\/schema\\\/logo\\\/image\\\/\"}}]}<\/script>\n<!-- \/ Yoast SEO Premium plugin. -->","yoast_head_json":{"title":"Pack 6 Shaving Gel \/ Gel de rasage 150 ml - THE 67 BAGSY - KZ Profesional","description":"Gel de rasage con\u00e7u avec une formule innovante, transparente et non moussante, pour un rasage de haute pr\u00e9cision, doux et net.","robots":{"index":"index","follow":"follow","max-snippet":"max-snippet:-1","max-image-preview":"max-image-preview:large","max-video-preview":"max-video-preview:-1"},"canonical":"https:\/\/kzprofesional.com\/fr\/pack-6-shaving-gel-gel-de-rasage-150-ml-the-67-bagsy\/","og_locale":"fr_FR","og_type":"article","og_title":"Pack 6 Shaving Gel \/ Gel de rasage 150 ml - THE 67 BAGSY","og_description":"Gel de rasage con\u00e7u avec une formule innovante, transparente et non moussante, pour un rasage de haute pr\u00e9cision, doux et net.","og_url":"https:\/\/kzprofesional.com\/fr\/pack-6-shaving-gel-gel-de-rasage-150-ml-the-67-bagsy\/","og_site_name":"KZ Profesional","article_modified_time":"2026-04-28T11:06:22+00:00","og_image":[{"width":1500,"height":1500,"url":"https:\/\/kzprofesional.com\/wp-content\/uploads\/SHAVING-GEL-THE-BAGSY-67.jpg","type":"image\/jpeg"}],"twitter_card":"summary_large_image","schema":{"@context":"https:\/\/schema.org","@graph":[{"@type":"WebPage","@id":"https:\/\/kzprofesional.com\/fr\/pack-6-shaving-gel-gel-de-rasage-150-ml-the-67-bagsy\/","url":"https:\/\/kzprofesional.com\/fr\/pack-6-shaving-gel-gel-de-rasage-150-ml-the-67-bagsy\/","name":"Pack 6 Shaving Gel \/ Gel de rasage 150 ml - THE 67 BAGSY - KZ Profesional","isPartOf":{"@id":"https:\/\/kzprofesional.com\/#website"},"primaryImageOfPage":{"@id":"https:\/\/kzprofesional.com\/fr\/pack-6-shaving-gel-gel-de-rasage-150-ml-the-67-bagsy\/#primaryimage"},"image":{"@id":"https:\/\/kzprofesional.com\/fr\/pack-6-shaving-gel-gel-de-rasage-150-ml-the-67-bagsy\/#primaryimage"},"thumbnailUrl":"https:\/\/kzprofesional.com\/wp-content\/uploads\/SHAVING-GEL-THE-BAGSY-67.jpg","datePublished":"2026-02-12T15:35:04+00:00","dateModified":"2026-04-28T11:06:22+00:00","description":"Gel de rasage con\u00e7u avec une formule innovante, transparente et non moussante, pour un rasage de haute pr\u00e9cision, doux et net.","breadcrumb":{"@id":"https:\/\/kzprofesional.com\/fr\/pack-6-shaving-gel-gel-de-rasage-150-ml-the-67-bagsy\/#breadcrumb"},"inLanguage":"fr-FR","potentialAction":[{"@type":"ReadAction","target":["https:\/\/kzprofesional.com\/fr\/pack-6-shaving-gel-gel-de-rasage-150-ml-the-67-bagsy\/"]}]},{"@type":"ImageObject","inLanguage":"fr-FR","@id":"https:\/\/kzprofesional.com\/fr\/pack-6-shaving-gel-gel-de-rasage-150-ml-the-67-bagsy\/#primaryimage","url":"https:\/\/kzprofesional.com\/wp-content\/uploads\/SHAVING-GEL-THE-BAGSY-67.jpg","contentUrl":"https:\/\/kzprofesional.com\/wp-content\/uploads\/SHAVING-GEL-THE-BAGSY-67.jpg","width":1500,"height":1500},{"@type":"BreadcrumbList","@id":"https:\/\/kzprofesional.com\/fr\/pack-6-shaving-gel-gel-de-rasage-150-ml-the-67-bagsy\/#breadcrumb","itemListElement":[{"@type":"ListItem","position":1,"name":"Accueil","item":"https:\/\/kzprofesional.com\/"},{"@type":"ListItem","position":2,"name":"Boutique","item":"https:\/\/kzprofesional.com\/fr\/boutique\/"},{"@type":"ListItem","position":3,"name":"Pack 6 Shaving Gel \/ Gel de rasage 150 ml &#8211; THE 67 BAGSY"}]},{"@type":"WebSite","@id":"https:\/\/kzprofesional.com\/#website","url":"https:\/\/kzprofesional.com\/","name":"KZ Profesional","description":"","publisher":{"@id":"https:\/\/kzprofesional.com\/#organization"},"potentialAction":[{"@type":"SearchAction","target":{"@type":"EntryPoint","urlTemplate":"https:\/\/kzprofesional.com\/?s={search_term_string}"},"query-input":{"@type":"PropertyValueSpecification","valueRequired":true,"valueName":"search_term_string"}}],"inLanguage":"fr-FR"},{"@type":"Organization","@id":"https:\/\/kzprofesional.com\/#organization","name":"Imperio Barber Shop","url":"https:\/\/kzprofesional.com\/","logo":{"@type":"ImageObject","inLanguage":"fr-FR","@id":"https:\/\/kzprofesional.com\/#\/schema\/logo\/image\/","url":"https:\/\/kzprofesional.com\/wp-content\/uploads\/2021\/09\/Logo-Imperio-Barber-Shop.png","contentUrl":"https:\/\/kzprofesional.com\/wp-content\/uploads\/2021\/09\/Logo-Imperio-Barber-Shop.png","width":128,"height":128,"caption":"Imperio Barber Shop"},"image":{"@id":"https:\/\/kzprofesional.com\/#\/schema\/logo\/image\/"}}]}},"_links":{"self":[{"href":"https:\/\/kzprofesional.com\/fr\/wp-json\/wp\/v2\/product\/80794","targetHints":{"allow":["GET"]}}],"collection":[{"href":"https:\/\/kzprofesional.com\/fr\/wp-json\/wp\/v2\/product"}],"about":[{"href":"https:\/\/kzprofesional.com\/fr\/wp-json\/wp\/v2\/types\/product"}],"wp:featuredmedia":[{"embeddable":true,"href":"https:\/\/kzprofesional.com\/fr\/wp-json\/wp\/v2\/media\/80795"}],"wp:attachment":[{"href":"https:\/\/kzprofesional.com\/fr\/wp-json\/wp\/v2\/media?parent=80794"}],"wp:term":[{"taxonomy":"product_brand","embeddable":true,"href":"https:\/\/kzprofesional.com\/fr\/wp-json\/wp\/v2\/product_brand?post=80794"},{"taxonomy":"product_cat","embeddable":true,"href":"https:\/\/kzprofesional.com\/fr\/wp-json\/wp\/v2\/product_cat?post=80794"},{"taxonomy":"product_tag","embeddable":true,"href":"https:\/\/kzprofesional.com\/fr\/wp-json\/wp\/v2\/product_tag?post=80794"}],"curies":[{"name":"wp","href":"https:\/\/api.w.org\/{rel}","templated":true}]}}