

{"id":80908,"date":"2026-02-19T16:48:37","date_gmt":"2026-02-19T15:48:37","guid":{"rendered":"https:\/\/kzprofesional.com\/lame-clipper-crispy-monster-clippers\/"},"modified":"2026-04-28T13:06:54","modified_gmt":"2026-04-28T11:06:54","slug":"lame-clipper-crispy-monster-clippers","status":"publish","type":"product","link":"https:\/\/kzprofesional.com\/fr\/lame-clipper-crispy-monster-clippers\/","title":{"rendered":"Lame Clipper Crispy &#8211; MONSTER CLIPPERS"},"content":{"rendered":"<h1><strong><span dir=\"auto\">LAME DE COUPE CRISPY<\/span><\/strong><\/h1>\n<p><span dir=\"auto\">La lame Crispy dispose d\u2019une lame fixe \u00e0 double rev\u00eatement carbone de type diamant (DLC), con\u00e7ue pour plus de durabilit\u00e9, de tranchant et de contr\u00f4le. El revestimiento ultraduro es resistente a la oxidaci\u00f3n y al desgaste, lo que ayuda a que la hoja se mantenga afilada por m\u00e1s tiempo.<\/span><\/p>\n<p><strong><span dir=\"auto\">Para los siguientes modelos de cortadoras:\u00a0<\/span><\/strong><\/p>\n<ul>\n<li><strong><span dir=\"auto\">Cortadora c\u00f3nica (M08)<\/span><\/strong><\/li>\n<li><strong><span dir=\"auto\">Recortador de desvanecimiento (M09)<\/span><\/strong><\/li>\n<li><strong><span dir=\"auto\">Cortadora h\u00edbrida (M17)<\/span><\/strong><\/li>\n<li><strong><span dir=\"auto\">Clipper Cerberus (M33)<\/span><\/strong><\/li>\n<li><strong><span dir=\"auto\">Clipper Assassin (M37\u00a0<\/span><\/strong><strong><span dir=\"auto\">)<\/span><\/strong><\/li>\n<\/ul>\n<p><span dir=\"auto\">Con la avanzada tecnolog\u00eda Crunch, las ranuras m\u00e1s profundas de la hoja crean un sonido de corte distintivo que mejora la respuesta y la precisi\u00f3n. Se ajusta a cero para lograr detalles ultraprecisos y un acabado impecable.<\/span><\/p>\n<ul>\n<li><span dir=\"auto\">Hojas con doble revestimiento DLC<\/span><\/li>\n<li><span dir=\"auto\">Para una nitidez duradera y una durabilidad excepcional.<\/span><\/li>\n<li><span dir=\"auto\">Tecnolog\u00eda Crunch para retroalimentaci\u00f3n audible de corte<\/span><\/li>\n<li><span dir=\"auto\">Ranuras m\u00e1s profundas para cortes potentes<\/span><\/li>\n<li><span dir=\"auto\">Zero gap r\u00e9glable<\/span><\/li>\n<li><span dir=\"auto\">Detalles ultraprecisos y acabado n\u00edtido.<\/span><\/li>\n<li><span dir=\"auto\">Longitud m\u00ednima de corte: 0,8 mil\u00edmetros (con palanca)<\/span><\/li>\n<li><span dir=\"auto\">Longitud m\u00e1xima de corte: 3,5 mil\u00edmetros (con palanca)<\/span><\/li>\n<li><span dir=\"auto\">Largeur de coupe: 40 mil\u00edmetros<\/span><\/li>\n<\/ul>\n","protected":false},"excerpt":{"rendered":"<p>LAME DE COUPE CRISPY La lame Crispy dispose d\u2019une lame fixe \u00e0 double rev\u00eatement carbone de type diamant (DLC), con\u00e7ue pour plus de durabilit\u00e9, de tranchant et de contr\u00f4le. El revestimiento ultraduro es resistente a la oxidaci\u00f3n y al desgaste, lo que ayuda a que la hoja se mantenga afilada por m\u00e1s tiempo. Para los &#8230; <a title=\"Lame Clipper Crispy &#8211; MONSTER CLIPPERS\" class=\"read-more\" href=\"https:\/\/kzprofesional.com\/fr\/lame-clipper-crispy-monster-clippers\/\" aria-label=\"En savoir plus sur Lame Clipper Crispy &#8211; MONSTER CLIPPERS\">Lire plus<\/a><\/p>\n","protected":false},"featured_media":80909,"template":"","meta":{"_acf_changed":false,"_jet_sm_ready_style":"","_jet_sm_style":"","_jet_sm_controls_values":"","_jet_sm_fonts_collection":"","_jet_sm_fonts_links":""},"product_brand":[],"product_cat":[806,973],"product_tag":[],"class_list":{"0":"post-80908","1":"product","2":"type-product","3":"status-publish","4":"has-post-thumbnail","6":"product_cat-nouveautes","7":"product_cat-pieces-de-rechange","8":"sales-flash-overlay","9":"woocommerce-text-align-center","10":"woocommerce-image-align-center","11":"do-quantity-buttons","13":"first","14":"instock","15":"sale","16":"taxable","17":"shipping-taxable","18":"purchasable","19":"product-type-simple"},"bundled_by":[],"bundle_stock_status":"instock","bundle_stock_quantity":40,"bundle_virtual":false,"bundle_layout":"","bundle_add_to_cart_form_location":"","bundle_editable_in_cart":false,"bundle_sold_individually_context":"","bundle_item_grouping":"","bundle_min_size":"","bundle_max_size":"","bundle_price":[],"bundled_items":[],"bundle_sell_ids":[],"acf":[],"yoast_head":"<!-- This site is optimized with the Yoast SEO Premium plugin v25.9 (Yoast SEO v27.5) - https:\/\/yoast.com\/product\/yoast-seo-premium-wordpress\/ -->\n<title>Lame Clipper Crispy - MONSTER CLIPPERS - KZ Profesional<\/title>\n<meta name=\"description\" content=\"La lame Crispy dispose d\u2019une lame fixe \u00e0 double rev\u00eatement carbone de type diamant (DLC), con\u00e7ue pour plus de durabilit\u00e9, de tranchant et de contr\u00f4le.\" \/>\n<meta name=\"robots\" content=\"index, follow, max-snippet:-1, max-image-preview:large, max-video-preview:-1\" \/>\n<link rel=\"canonical\" href=\"https:\/\/kzprofesional.com\/fr\/lame-clipper-crispy-monster-clippers\/\" \/>\n<meta property=\"og:locale\" content=\"fr_FR\" \/>\n<meta property=\"og:type\" content=\"article\" \/>\n<meta property=\"og:title\" content=\"Lame Clipper Crispy - MONSTER CLIPPERS\" \/>\n<meta property=\"og:description\" content=\"La lame Crispy dispose d\u2019une lame fixe \u00e0 double rev\u00eatement carbone de type diamant (DLC), con\u00e7ue pour plus de durabilit\u00e9, de tranchant et de contr\u00f4le.\" \/>\n<meta property=\"og:url\" content=\"https:\/\/kzprofesional.com\/fr\/lame-clipper-crispy-monster-clippers\/\" \/>\n<meta property=\"og:site_name\" content=\"KZ Profesional\" \/>\n<meta property=\"article:modified_time\" content=\"2026-04-28T11:06:54+00:00\" \/>\n<meta property=\"og:image\" content=\"https:\/\/kzprofesional.com\/wp-content\/uploads\/Clipper-Crispy-1.png\" \/>\n\t<meta property=\"og:image:width\" content=\"411\" \/>\n\t<meta property=\"og:image:height\" content=\"415\" \/>\n\t<meta property=\"og:image:type\" content=\"image\/png\" \/>\n<meta name=\"twitter:card\" content=\"summary_large_image\" \/>\n<script type=\"application\/ld+json\" class=\"yoast-schema-graph\">{\"@context\":\"https:\\\/\\\/schema.org\",\"@graph\":[{\"@type\":\"WebPage\",\"@id\":\"https:\\\/\\\/kzprofesional.com\\\/fr\\\/lame-clipper-crispy-monster-clippers\\\/\",\"url\":\"https:\\\/\\\/kzprofesional.com\\\/fr\\\/lame-clipper-crispy-monster-clippers\\\/\",\"name\":\"Lame Clipper Crispy - MONSTER CLIPPERS - KZ Profesional\",\"isPartOf\":{\"@id\":\"https:\\\/\\\/kzprofesional.com\\\/#website\"},\"primaryImageOfPage\":{\"@id\":\"https:\\\/\\\/kzprofesional.com\\\/fr\\\/lame-clipper-crispy-monster-clippers\\\/#primaryimage\"},\"image\":{\"@id\":\"https:\\\/\\\/kzprofesional.com\\\/fr\\\/lame-clipper-crispy-monster-clippers\\\/#primaryimage\"},\"thumbnailUrl\":\"https:\\\/\\\/kzprofesional.com\\\/wp-content\\\/uploads\\\/Clipper-Crispy-1.png\",\"datePublished\":\"2026-02-19T15:48:37+00:00\",\"dateModified\":\"2026-04-28T11:06:54+00:00\",\"description\":\"La lame Crispy dispose d\u2019une lame fixe \u00e0 double rev\u00eatement carbone de type diamant (DLC), con\u00e7ue pour plus de durabilit\u00e9, de tranchant et de contr\u00f4le.\",\"breadcrumb\":{\"@id\":\"https:\\\/\\\/kzprofesional.com\\\/fr\\\/lame-clipper-crispy-monster-clippers\\\/#breadcrumb\"},\"inLanguage\":\"fr-FR\",\"potentialAction\":[{\"@type\":\"ReadAction\",\"target\":[\"https:\\\/\\\/kzprofesional.com\\\/fr\\\/lame-clipper-crispy-monster-clippers\\\/\"]}]},{\"@type\":\"ImageObject\",\"inLanguage\":\"fr-FR\",\"@id\":\"https:\\\/\\\/kzprofesional.com\\\/fr\\\/lame-clipper-crispy-monster-clippers\\\/#primaryimage\",\"url\":\"https:\\\/\\\/kzprofesional.com\\\/wp-content\\\/uploads\\\/Clipper-Crispy-1.png\",\"contentUrl\":\"https:\\\/\\\/kzprofesional.com\\\/wp-content\\\/uploads\\\/Clipper-Crispy-1.png\",\"width\":411,\"height\":415},{\"@type\":\"BreadcrumbList\",\"@id\":\"https:\\\/\\\/kzprofesional.com\\\/fr\\\/lame-clipper-crispy-monster-clippers\\\/#breadcrumb\",\"itemListElement\":[{\"@type\":\"ListItem\",\"position\":1,\"name\":\"Accueil\",\"item\":\"https:\\\/\\\/kzprofesional.com\\\/\"},{\"@type\":\"ListItem\",\"position\":2,\"name\":\"Boutique\",\"item\":\"https:\\\/\\\/kzprofesional.com\\\/fr\\\/boutique\\\/\"},{\"@type\":\"ListItem\",\"position\":3,\"name\":\"Lame Clipper Crispy &#8211; MONSTER CLIPPERS\"}]},{\"@type\":\"WebSite\",\"@id\":\"https:\\\/\\\/kzprofesional.com\\\/#website\",\"url\":\"https:\\\/\\\/kzprofesional.com\\\/\",\"name\":\"KZ Profesional\",\"description\":\"\",\"publisher\":{\"@id\":\"https:\\\/\\\/kzprofesional.com\\\/#organization\"},\"potentialAction\":[{\"@type\":\"SearchAction\",\"target\":{\"@type\":\"EntryPoint\",\"urlTemplate\":\"https:\\\/\\\/kzprofesional.com\\\/?s={search_term_string}\"},\"query-input\":{\"@type\":\"PropertyValueSpecification\",\"valueRequired\":true,\"valueName\":\"search_term_string\"}}],\"inLanguage\":\"fr-FR\"},{\"@type\":\"Organization\",\"@id\":\"https:\\\/\\\/kzprofesional.com\\\/#organization\",\"name\":\"Imperio Barber Shop\",\"url\":\"https:\\\/\\\/kzprofesional.com\\\/\",\"logo\":{\"@type\":\"ImageObject\",\"inLanguage\":\"fr-FR\",\"@id\":\"https:\\\/\\\/kzprofesional.com\\\/#\\\/schema\\\/logo\\\/image\\\/\",\"url\":\"https:\\\/\\\/kzprofesional.com\\\/wp-content\\\/uploads\\\/2021\\\/09\\\/Logo-Imperio-Barber-Shop.png\",\"contentUrl\":\"https:\\\/\\\/kzprofesional.com\\\/wp-content\\\/uploads\\\/2021\\\/09\\\/Logo-Imperio-Barber-Shop.png\",\"width\":128,\"height\":128,\"caption\":\"Imperio Barber Shop\"},\"image\":{\"@id\":\"https:\\\/\\\/kzprofesional.com\\\/#\\\/schema\\\/logo\\\/image\\\/\"}}]}<\/script>\n<!-- \/ Yoast SEO Premium plugin. -->","yoast_head_json":{"title":"Lame Clipper Crispy - MONSTER CLIPPERS - KZ Profesional","description":"La lame Crispy dispose d\u2019une lame fixe \u00e0 double rev\u00eatement carbone de type diamant (DLC), con\u00e7ue pour plus de durabilit\u00e9, de tranchant et de contr\u00f4le.","robots":{"index":"index","follow":"follow","max-snippet":"max-snippet:-1","max-image-preview":"max-image-preview:large","max-video-preview":"max-video-preview:-1"},"canonical":"https:\/\/kzprofesional.com\/fr\/lame-clipper-crispy-monster-clippers\/","og_locale":"fr_FR","og_type":"article","og_title":"Lame Clipper Crispy - MONSTER CLIPPERS","og_description":"La lame Crispy dispose d\u2019une lame fixe \u00e0 double rev\u00eatement carbone de type diamant (DLC), con\u00e7ue pour plus de durabilit\u00e9, de tranchant et de contr\u00f4le.","og_url":"https:\/\/kzprofesional.com\/fr\/lame-clipper-crispy-monster-clippers\/","og_site_name":"KZ Profesional","article_modified_time":"2026-04-28T11:06:54+00:00","og_image":[{"width":411,"height":415,"url":"https:\/\/kzprofesional.com\/wp-content\/uploads\/Clipper-Crispy-1.png","type":"image\/png"}],"twitter_card":"summary_large_image","schema":{"@context":"https:\/\/schema.org","@graph":[{"@type":"WebPage","@id":"https:\/\/kzprofesional.com\/fr\/lame-clipper-crispy-monster-clippers\/","url":"https:\/\/kzprofesional.com\/fr\/lame-clipper-crispy-monster-clippers\/","name":"Lame Clipper Crispy - MONSTER CLIPPERS - KZ Profesional","isPartOf":{"@id":"https:\/\/kzprofesional.com\/#website"},"primaryImageOfPage":{"@id":"https:\/\/kzprofesional.com\/fr\/lame-clipper-crispy-monster-clippers\/#primaryimage"},"image":{"@id":"https:\/\/kzprofesional.com\/fr\/lame-clipper-crispy-monster-clippers\/#primaryimage"},"thumbnailUrl":"https:\/\/kzprofesional.com\/wp-content\/uploads\/Clipper-Crispy-1.png","datePublished":"2026-02-19T15:48:37+00:00","dateModified":"2026-04-28T11:06:54+00:00","description":"La lame Crispy dispose d\u2019une lame fixe \u00e0 double rev\u00eatement carbone de type diamant (DLC), con\u00e7ue pour plus de durabilit\u00e9, de tranchant et de contr\u00f4le.","breadcrumb":{"@id":"https:\/\/kzprofesional.com\/fr\/lame-clipper-crispy-monster-clippers\/#breadcrumb"},"inLanguage":"fr-FR","potentialAction":[{"@type":"ReadAction","target":["https:\/\/kzprofesional.com\/fr\/lame-clipper-crispy-monster-clippers\/"]}]},{"@type":"ImageObject","inLanguage":"fr-FR","@id":"https:\/\/kzprofesional.com\/fr\/lame-clipper-crispy-monster-clippers\/#primaryimage","url":"https:\/\/kzprofesional.com\/wp-content\/uploads\/Clipper-Crispy-1.png","contentUrl":"https:\/\/kzprofesional.com\/wp-content\/uploads\/Clipper-Crispy-1.png","width":411,"height":415},{"@type":"BreadcrumbList","@id":"https:\/\/kzprofesional.com\/fr\/lame-clipper-crispy-monster-clippers\/#breadcrumb","itemListElement":[{"@type":"ListItem","position":1,"name":"Accueil","item":"https:\/\/kzprofesional.com\/"},{"@type":"ListItem","position":2,"name":"Boutique","item":"https:\/\/kzprofesional.com\/fr\/boutique\/"},{"@type":"ListItem","position":3,"name":"Lame Clipper Crispy &#8211; MONSTER CLIPPERS"}]},{"@type":"WebSite","@id":"https:\/\/kzprofesional.com\/#website","url":"https:\/\/kzprofesional.com\/","name":"KZ Profesional","description":"","publisher":{"@id":"https:\/\/kzprofesional.com\/#organization"},"potentialAction":[{"@type":"SearchAction","target":{"@type":"EntryPoint","urlTemplate":"https:\/\/kzprofesional.com\/?s={search_term_string}"},"query-input":{"@type":"PropertyValueSpecification","valueRequired":true,"valueName":"search_term_string"}}],"inLanguage":"fr-FR"},{"@type":"Organization","@id":"https:\/\/kzprofesional.com\/#organization","name":"Imperio Barber Shop","url":"https:\/\/kzprofesional.com\/","logo":{"@type":"ImageObject","inLanguage":"fr-FR","@id":"https:\/\/kzprofesional.com\/#\/schema\/logo\/image\/","url":"https:\/\/kzprofesional.com\/wp-content\/uploads\/2021\/09\/Logo-Imperio-Barber-Shop.png","contentUrl":"https:\/\/kzprofesional.com\/wp-content\/uploads\/2021\/09\/Logo-Imperio-Barber-Shop.png","width":128,"height":128,"caption":"Imperio Barber Shop"},"image":{"@id":"https:\/\/kzprofesional.com\/#\/schema\/logo\/image\/"}}]}},"_links":{"self":[{"href":"https:\/\/kzprofesional.com\/fr\/wp-json\/wp\/v2\/product\/80908","targetHints":{"allow":["GET"]}}],"collection":[{"href":"https:\/\/kzprofesional.com\/fr\/wp-json\/wp\/v2\/product"}],"about":[{"href":"https:\/\/kzprofesional.com\/fr\/wp-json\/wp\/v2\/types\/product"}],"wp:featuredmedia":[{"embeddable":true,"href":"https:\/\/kzprofesional.com\/fr\/wp-json\/wp\/v2\/media\/80909"}],"wp:attachment":[{"href":"https:\/\/kzprofesional.com\/fr\/wp-json\/wp\/v2\/media?parent=80908"}],"wp:term":[{"taxonomy":"product_brand","embeddable":true,"href":"https:\/\/kzprofesional.com\/fr\/wp-json\/wp\/v2\/product_brand?post=80908"},{"taxonomy":"product_cat","embeddable":true,"href":"https:\/\/kzprofesional.com\/fr\/wp-json\/wp\/v2\/product_cat?post=80908"},{"taxonomy":"product_tag","embeddable":true,"href":"https:\/\/kzprofesional.com\/fr\/wp-json\/wp\/v2\/product_tag?post=80908"}],"curies":[{"name":"wp","href":"https:\/\/api.w.org\/{rel}","templated":true}]}}