

{"id":80927,"date":"2026-02-19T17:00:42","date_gmt":"2026-02-19T16:00:42","guid":{"rendered":"https:\/\/kzprofesional.com\/machine-trimmer-assassin-monster-clippers\/"},"modified":"2026-04-28T13:06:58","modified_gmt":"2026-04-28T11:06:58","slug":"machine-trimmer-assassin-monster-clippers","status":"publish","type":"product","link":"https:\/\/kzprofesional.com\/fr\/produit\/machine-trimmer-assassin-monster-clippers\/","title":{"rendered":"Machine Trimmer Assassin &#8211; MONSTER CLIPPERS"},"content":{"rendered":"<h1 data-end=\"257\" data-start=\"209\"><strong><span dir=\"auto\">TRIMMER ASSASSIN MONSTER CLIPPERS<\/span><\/strong><\/h1>\n<p data-end=\"691\" data-start=\"388\"><span dir=\"auto\">La tondeuse de finition Assassin est con\u00e7ue pour une pr\u00e9cision maximale. Son moteur brushless de 7200 tr\/min offre une puissance constante avec un minimum de vibrations, tandis que la lame en T DLC est id\u00e9ale pour les contours, les d\u00e9tails et les finitions. El ajuste sin holgura est\u00e1 disponible y dise\u00f1ado para un control m\u00e1ximo, incluso en zonas de dif\u00edcil acceso.<\/span><\/p>\n<p data-end=\"852\" data-start=\"693\"><span dir=\"auto\">A pesar de su potente motor, la recortadora es extremadamente silenciosa. Con tan solo 168 gramos, es extremadamente ligera y est\u00e1 perfectamente equilibrada para un uso duradero y preciso.<\/span><\/p>\n<p data-end=\"1061\" data-start=\"854\"><span dir=\"auto\">La recortadora Assassin ofrece opciones de carga flexibles. La estaci\u00f3n de carga magn\u00e9tica se puede cargar de dos maneras: coloc\u00e1ndola en un cargador inal\u00e1mbrico, como una unidad MagSafe o una bater\u00eda externa con base de carga, o conect\u00e1ndola mediante el adaptador de CA incluido. En cuanto la estaci\u00f3n se carga, la recortadora comienza a cargarse autom\u00e1ticamente. Tambi\u00e9n puedes cargarla directamente mediante USB-C.<\/span><\/p>\n<h3 data-end=\"1094\" data-start=\"1063\"><span dir=\"auto\">Indicador de bater\u00eda \u00fanico<\/span><\/h3>\n<p data-end=\"1311\" data-start=\"1095\"><span dir=\"auto\">La recortadora Assassin es la \u00fanica del mercado equipada con un indicador de bater\u00eda integrado en su dise\u00f1o. La palabra\u00a0<\/span><strong><span dir=\"auto\">ASSASSIN<\/span><\/strong><span dir=\"auto\">\u00a0en el mango funciona como indicador din\u00e1mico de bater\u00eda:<\/span><\/p>\n<ul data-end=\"1646\" data-start=\"1312\">\n<li data-end=\"1372\" data-start=\"1312\">\n<p data-end=\"1372\" data-start=\"1314\"><span dir=\"auto\">Cuando la bater\u00eda est\u00e1 llena, todas las letras se iluminan en verde brillante.<\/span><\/p>\n<\/li>\n<li data-end=\"1456\" data-start=\"1373\">\n<p data-end=\"1456\" data-start=\"1375\"><span dir=\"auto\">A medida que se agota la bater\u00eda, una letra a la vez se desvanecer\u00e1 de arriba a abajo.<\/span><\/p>\n<\/li>\n<li data-end=\"1517\" data-start=\"1457\">\n<p data-end=\"1517\" data-start=\"1459\"><span dir=\"auto\">Por debajo del 20%, todo el logotipo se vuelve naranja como advertencia.<\/span><\/p>\n<\/li>\n<li data-end=\"1562\" data-start=\"1518\">\n<p data-end=\"1562\" data-start=\"1520\"><span dir=\"auto\">Por debajo del 10% se convierte en luz roja.<\/span><\/p>\n<\/li>\n<li data-end=\"1646\" data-start=\"1563\">\n<p data-end=\"1646\" data-start=\"1565\"><span dir=\"auto\">Mientras se carga, las letras se llenan una a una de abajo hacia arriba.<\/span><\/p>\n<\/li>\n<\/ul>\n<h3 data-end=\"1681\" data-start=\"1648\"><span dir=\"auto\">Especificaciones clave<\/span><\/h3>\n<ul>\n<li><span dir=\"auto\">Motor digital sin escobillas de 7200 RPM con alto par y baja vibraci\u00f3n<\/span><\/li>\n<li><span dir=\"auto\">Batterie de iones de litio de carga r\u00e1pida<\/span><\/li>\n<li><span dir=\"auto\">150 minutos de tiempo de carga<\/span><\/li>\n<li><span dir=\"auto\">270 minutos de duraci\u00f3n<\/span><\/li>\n<li><span dir=\"auto\">Estaci\u00f3n de carga inal\u00e1mbrica magn\u00e9tica con indicador LED<\/span><\/li>\n<li><span dir=\"auto\">Indicador de estado de bater\u00eda de 10 pasos<\/span><\/li>\n<li><span dir=\"auto\">Uso inal\u00e1mbrico y sin cable<\/span><\/li>\n<li><span dir=\"auto\">Hoja en T DLC ajustable sin espacio de 40 mm\u00a0<\/span><\/li>\n<li><span dir=\"auto\">Dise\u00f1o ergon\u00f3mico para una colocaci\u00f3n natural de la mano.<\/span><\/li>\n<li><span dir=\"auto\">Agarre texturizado antideslizante en la zona del pulgar de la cortadora.<\/span><\/li>\n<li><span dir=\"auto\">El revestimiento de goma antipolvo evita la acumulaci\u00f3n de cabello y suciedad.<\/span><\/li>\n<li><span dir=\"auto\">Muy silencioso en uso<\/span><\/li>\n<li><span dir=\"auto\">Ligero: solo 168 gramos<\/span><\/li>\n<li><span dir=\"auto\">El soporte de carga tambi\u00e9n se puede utilizar para el Assassin Clipper<\/span><\/li>\n<\/ul>\n<h3 data-end=\"2196\" data-start=\"2166\"><span dir=\"auto\">Accesorios incluidos<\/span><\/h3>\n<ul>\n<li><span dir=\"auto\">1 x estaci\u00f3n de carga con base magn\u00e9tica<\/span><\/li>\n<li><span dir=\"auto\">1 adaptador de CA<\/span><\/li>\n<li><span dir=\"auto\">1 x tapa protectora\u00a0<\/span><\/li>\n<li><span dir=\"auto\">1 x cepillo de limpieza<\/span><\/li>\n<li><span dir=\"auto\">1 x 10 cc de aceite<\/span><\/li>\n<li><span dir=\"auto\">1 x destornillador<\/span><\/li>\n<li><span dir=\"auto\">3 peines de fijaci\u00f3n (tama\u00f1o n.\u00b0 1: 3 mm, tama\u00f1o n.\u00b0 1\u00bd: 4,5 mm, tama\u00f1o \u00bd: 1,5 mm)<\/span><\/li>\n<\/ul>\n","protected":false},"excerpt":{"rendered":"<p>Personnalisez votre \u00e9quipement avec nos machines des marques leaders du secteur de la barberie et de la coiffure !<br \/>\n<strong>D\u00e9lai de livraison entre 1 et 15 jours.<\/strong><br \/>\nGarantie de 1 an pour les professionnels et les entreprises. 3 ans pour les consommateurs particuliers.<\/p>\n","protected":false},"featured_media":80928,"template":"","meta":{"_acf_changed":false,"_jet_sm_ready_style":"","_jet_sm_style":"","_jet_sm_controls_values":"","_jet_sm_fonts_collection":"","_jet_sm_fonts_links":""},"product_brand":[],"product_cat":[806,825,824,823],"product_tag":[],"class_list":{"0":"post-80927","1":"product","2":"type-product","3":"status-publish","4":"has-post-thumbnail","6":"product_cat-nouveautes","7":"product_cat-sans-fil","8":"product_cat-tondeuses","9":"product_cat-trimmers-sans-fil","10":"sales-flash-overlay","11":"woocommerce-text-align-center","12":"woocommerce-image-align-center","13":"do-quantity-buttons","15":"first","16":"instock","17":"sale","18":"taxable","19":"shipping-taxable","20":"purchasable","21":"product-type-simple"},"bundled_by":[],"bundle_stock_status":"instock","bundle_stock_quantity":3,"bundle_virtual":false,"bundle_layout":"","bundle_add_to_cart_form_location":"","bundle_editable_in_cart":false,"bundle_sold_individually_context":"","bundle_item_grouping":"","bundle_min_size":"","bundle_max_size":"","bundle_price":[],"bundled_items":[],"bundle_sell_ids":[],"acf":[],"yoast_head":"<!-- This site is optimized with the Yoast SEO Premium plugin v25.9 (Yoast SEO v27.5) - https:\/\/yoast.com\/product\/yoast-seo-premium-wordpress\/ -->\n<title>Machine Trimmer Assassin - MONSTER CLIPPERS - KZ Profesional<\/title>\n<meta name=\"description\" content=\"La tondeuse de finition Assassin est con\u00e7ue pour une pr\u00e9cision maximale. Son moteur brushless de 7200 tr\/min offre une puissance constante avec un minimum de vibrations, tandis que la lame en T DLC est id\u00e9ale pour les contours, les d\u00e9tails et les finitions.\" \/>\n<meta name=\"robots\" content=\"index, follow, max-snippet:-1, max-image-preview:large, max-video-preview:-1\" \/>\n<link rel=\"canonical\" href=\"https:\/\/kzprofesional.com\/producto\/maquina-trimmer-assassin-monster-clippers\/\" \/>\n<meta property=\"og:locale\" content=\"fr_FR\" \/>\n<meta property=\"og:type\" content=\"article\" \/>\n<meta property=\"og:title\" content=\"Machine Trimmer Assassin - MONSTER CLIPPERS\" \/>\n<meta property=\"og:description\" content=\"La tondeuse de finition Assassin est con\u00e7ue pour une pr\u00e9cision maximale. Son moteur brushless de 7200 tr\/min offre une puissance constante avec un minimum de vibrations, tandis que la lame en T DLC est id\u00e9ale pour les contours, les d\u00e9tails et les finitions.\" \/>\n<meta property=\"og:url\" content=\"https:\/\/kzprofesional.com\/producto\/maquina-trimmer-assassin-monster-clippers\/\" \/>\n<meta property=\"og:site_name\" content=\"KZ Profesional\" \/>\n<meta property=\"article:modified_time\" content=\"2026-04-28T11:06:58+00:00\" \/>\n<meta property=\"og:image\" content=\"https:\/\/kzprofesional.com\/wp-content\/uploads\/TRIMMER-ASSASSIN.png\" \/>\n\t<meta property=\"og:image:width\" content=\"424\" \/>\n\t<meta property=\"og:image:height\" content=\"415\" \/>\n\t<meta property=\"og:image:type\" content=\"image\/png\" \/>\n<meta name=\"twitter:card\" content=\"summary_large_image\" \/>\n<script type=\"application\/ld+json\" class=\"yoast-schema-graph\">{\"@context\":\"https:\\\/\\\/schema.org\",\"@graph\":[{\"@type\":\"WebPage\",\"@id\":\"https:\\\/\\\/kzprofesional.com\\\/producto\\\/maquina-trimmer-assassin-monster-clippers\\\/\",\"url\":\"https:\\\/\\\/kzprofesional.com\\\/producto\\\/maquina-trimmer-assassin-monster-clippers\\\/\",\"name\":\"Machine Trimmer Assassin - MONSTER CLIPPERS - KZ Profesional\",\"isPartOf\":{\"@id\":\"https:\\\/\\\/kzprofesional.com\\\/#website\"},\"primaryImageOfPage\":{\"@id\":\"https:\\\/\\\/kzprofesional.com\\\/producto\\\/maquina-trimmer-assassin-monster-clippers\\\/#primaryimage\"},\"image\":{\"@id\":\"https:\\\/\\\/kzprofesional.com\\\/producto\\\/maquina-trimmer-assassin-monster-clippers\\\/#primaryimage\"},\"thumbnailUrl\":\"https:\\\/\\\/kzprofesional.com\\\/wp-content\\\/uploads\\\/TRIMMER-ASSASSIN.png\",\"datePublished\":\"2026-02-19T16:00:42+00:00\",\"dateModified\":\"2026-04-28T11:06:58+00:00\",\"description\":\"La tondeuse de finition Assassin est con\u00e7ue pour une pr\u00e9cision maximale. Son moteur brushless de 7200 tr\\\/min offre une puissance constante avec un minimum de vibrations, tandis que la lame en T DLC est id\u00e9ale pour les contours, les d\u00e9tails et les finitions.\",\"breadcrumb\":{\"@id\":\"https:\\\/\\\/kzprofesional.com\\\/producto\\\/maquina-trimmer-assassin-monster-clippers\\\/#breadcrumb\"},\"inLanguage\":\"fr-FR\",\"potentialAction\":[{\"@type\":\"ReadAction\",\"target\":[\"https:\\\/\\\/kzprofesional.com\\\/producto\\\/maquina-trimmer-assassin-monster-clippers\\\/\"]}]},{\"@type\":\"ImageObject\",\"inLanguage\":\"fr-FR\",\"@id\":\"https:\\\/\\\/kzprofesional.com\\\/producto\\\/maquina-trimmer-assassin-monster-clippers\\\/#primaryimage\",\"url\":\"https:\\\/\\\/kzprofesional.com\\\/wp-content\\\/uploads\\\/TRIMMER-ASSASSIN.png\",\"contentUrl\":\"https:\\\/\\\/kzprofesional.com\\\/wp-content\\\/uploads\\\/TRIMMER-ASSASSIN.png\",\"width\":424,\"height\":415},{\"@type\":\"BreadcrumbList\",\"@id\":\"https:\\\/\\\/kzprofesional.com\\\/producto\\\/maquina-trimmer-assassin-monster-clippers\\\/#breadcrumb\",\"itemListElement\":[{\"@type\":\"ListItem\",\"position\":1,\"name\":\"Accueil\",\"item\":\"https:\\\/\\\/kzprofesional.com\\\/\"},{\"@type\":\"ListItem\",\"position\":2,\"name\":\"Boutique\",\"item\":\"https:\\\/\\\/kzprofesional.com\\\/fr\\\/boutique\\\/\"},{\"@type\":\"ListItem\",\"position\":3,\"name\":\"Machine Trimmer Assassin &#8211; MONSTER CLIPPERS\"}]},{\"@type\":\"WebSite\",\"@id\":\"https:\\\/\\\/kzprofesional.com\\\/#website\",\"url\":\"https:\\\/\\\/kzprofesional.com\\\/\",\"name\":\"KZ Profesional\",\"description\":\"\",\"publisher\":{\"@id\":\"https:\\\/\\\/kzprofesional.com\\\/#organization\"},\"potentialAction\":[{\"@type\":\"SearchAction\",\"target\":{\"@type\":\"EntryPoint\",\"urlTemplate\":\"https:\\\/\\\/kzprofesional.com\\\/?s={search_term_string}\"},\"query-input\":{\"@type\":\"PropertyValueSpecification\",\"valueRequired\":true,\"valueName\":\"search_term_string\"}}],\"inLanguage\":\"fr-FR\"},{\"@type\":\"Organization\",\"@id\":\"https:\\\/\\\/kzprofesional.com\\\/#organization\",\"name\":\"Imperio Barber Shop\",\"url\":\"https:\\\/\\\/kzprofesional.com\\\/\",\"logo\":{\"@type\":\"ImageObject\",\"inLanguage\":\"fr-FR\",\"@id\":\"https:\\\/\\\/kzprofesional.com\\\/#\\\/schema\\\/logo\\\/image\\\/\",\"url\":\"https:\\\/\\\/kzprofesional.com\\\/wp-content\\\/uploads\\\/2021\\\/09\\\/Logo-Imperio-Barber-Shop.png\",\"contentUrl\":\"https:\\\/\\\/kzprofesional.com\\\/wp-content\\\/uploads\\\/2021\\\/09\\\/Logo-Imperio-Barber-Shop.png\",\"width\":128,\"height\":128,\"caption\":\"Imperio Barber Shop\"},\"image\":{\"@id\":\"https:\\\/\\\/kzprofesional.com\\\/#\\\/schema\\\/logo\\\/image\\\/\"}}]}<\/script>\n<!-- \/ Yoast SEO Premium plugin. -->","yoast_head_json":{"title":"Machine Trimmer Assassin - MONSTER CLIPPERS - KZ Profesional","description":"La tondeuse de finition Assassin est con\u00e7ue pour une pr\u00e9cision maximale. Son moteur brushless de 7200 tr\/min offre une puissance constante avec un minimum de vibrations, tandis que la lame en T DLC est id\u00e9ale pour les contours, les d\u00e9tails et les finitions.","robots":{"index":"index","follow":"follow","max-snippet":"max-snippet:-1","max-image-preview":"max-image-preview:large","max-video-preview":"max-video-preview:-1"},"canonical":"https:\/\/kzprofesional.com\/producto\/maquina-trimmer-assassin-monster-clippers\/","og_locale":"fr_FR","og_type":"article","og_title":"Machine Trimmer Assassin - MONSTER CLIPPERS","og_description":"La tondeuse de finition Assassin est con\u00e7ue pour une pr\u00e9cision maximale. Son moteur brushless de 7200 tr\/min offre une puissance constante avec un minimum de vibrations, tandis que la lame en T DLC est id\u00e9ale pour les contours, les d\u00e9tails et les finitions.","og_url":"https:\/\/kzprofesional.com\/producto\/maquina-trimmer-assassin-monster-clippers\/","og_site_name":"KZ Profesional","article_modified_time":"2026-04-28T11:06:58+00:00","og_image":[{"width":424,"height":415,"url":"https:\/\/kzprofesional.com\/wp-content\/uploads\/TRIMMER-ASSASSIN.png","type":"image\/png"}],"twitter_card":"summary_large_image","schema":{"@context":"https:\/\/schema.org","@graph":[{"@type":"WebPage","@id":"https:\/\/kzprofesional.com\/producto\/maquina-trimmer-assassin-monster-clippers\/","url":"https:\/\/kzprofesional.com\/producto\/maquina-trimmer-assassin-monster-clippers\/","name":"Machine Trimmer Assassin - MONSTER CLIPPERS - KZ Profesional","isPartOf":{"@id":"https:\/\/kzprofesional.com\/#website"},"primaryImageOfPage":{"@id":"https:\/\/kzprofesional.com\/producto\/maquina-trimmer-assassin-monster-clippers\/#primaryimage"},"image":{"@id":"https:\/\/kzprofesional.com\/producto\/maquina-trimmer-assassin-monster-clippers\/#primaryimage"},"thumbnailUrl":"https:\/\/kzprofesional.com\/wp-content\/uploads\/TRIMMER-ASSASSIN.png","datePublished":"2026-02-19T16:00:42+00:00","dateModified":"2026-04-28T11:06:58+00:00","description":"La tondeuse de finition Assassin est con\u00e7ue pour une pr\u00e9cision maximale. Son moteur brushless de 7200 tr\/min offre une puissance constante avec un minimum de vibrations, tandis que la lame en T DLC est id\u00e9ale pour les contours, les d\u00e9tails et les finitions.","breadcrumb":{"@id":"https:\/\/kzprofesional.com\/producto\/maquina-trimmer-assassin-monster-clippers\/#breadcrumb"},"inLanguage":"fr-FR","potentialAction":[{"@type":"ReadAction","target":["https:\/\/kzprofesional.com\/producto\/maquina-trimmer-assassin-monster-clippers\/"]}]},{"@type":"ImageObject","inLanguage":"fr-FR","@id":"https:\/\/kzprofesional.com\/producto\/maquina-trimmer-assassin-monster-clippers\/#primaryimage","url":"https:\/\/kzprofesional.com\/wp-content\/uploads\/TRIMMER-ASSASSIN.png","contentUrl":"https:\/\/kzprofesional.com\/wp-content\/uploads\/TRIMMER-ASSASSIN.png","width":424,"height":415},{"@type":"BreadcrumbList","@id":"https:\/\/kzprofesional.com\/producto\/maquina-trimmer-assassin-monster-clippers\/#breadcrumb","itemListElement":[{"@type":"ListItem","position":1,"name":"Accueil","item":"https:\/\/kzprofesional.com\/"},{"@type":"ListItem","position":2,"name":"Boutique","item":"https:\/\/kzprofesional.com\/fr\/boutique\/"},{"@type":"ListItem","position":3,"name":"Machine Trimmer Assassin &#8211; MONSTER CLIPPERS"}]},{"@type":"WebSite","@id":"https:\/\/kzprofesional.com\/#website","url":"https:\/\/kzprofesional.com\/","name":"KZ Profesional","description":"","publisher":{"@id":"https:\/\/kzprofesional.com\/#organization"},"potentialAction":[{"@type":"SearchAction","target":{"@type":"EntryPoint","urlTemplate":"https:\/\/kzprofesional.com\/?s={search_term_string}"},"query-input":{"@type":"PropertyValueSpecification","valueRequired":true,"valueName":"search_term_string"}}],"inLanguage":"fr-FR"},{"@type":"Organization","@id":"https:\/\/kzprofesional.com\/#organization","name":"Imperio Barber Shop","url":"https:\/\/kzprofesional.com\/","logo":{"@type":"ImageObject","inLanguage":"fr-FR","@id":"https:\/\/kzprofesional.com\/#\/schema\/logo\/image\/","url":"https:\/\/kzprofesional.com\/wp-content\/uploads\/2021\/09\/Logo-Imperio-Barber-Shop.png","contentUrl":"https:\/\/kzprofesional.com\/wp-content\/uploads\/2021\/09\/Logo-Imperio-Barber-Shop.png","width":128,"height":128,"caption":"Imperio Barber Shop"},"image":{"@id":"https:\/\/kzprofesional.com\/#\/schema\/logo\/image\/"}}]}},"_links":{"self":[{"href":"https:\/\/kzprofesional.com\/fr\/wp-json\/wp\/v2\/product\/80927","targetHints":{"allow":["GET"]}}],"collection":[{"href":"https:\/\/kzprofesional.com\/fr\/wp-json\/wp\/v2\/product"}],"about":[{"href":"https:\/\/kzprofesional.com\/fr\/wp-json\/wp\/v2\/types\/product"}],"wp:featuredmedia":[{"embeddable":true,"href":"https:\/\/kzprofesional.com\/fr\/wp-json\/wp\/v2\/media\/80928"}],"wp:attachment":[{"href":"https:\/\/kzprofesional.com\/fr\/wp-json\/wp\/v2\/media?parent=80927"}],"wp:term":[{"taxonomy":"product_brand","embeddable":true,"href":"https:\/\/kzprofesional.com\/fr\/wp-json\/wp\/v2\/product_brand?post=80927"},{"taxonomy":"product_cat","embeddable":true,"href":"https:\/\/kzprofesional.com\/fr\/wp-json\/wp\/v2\/product_cat?post=80927"},{"taxonomy":"product_tag","embeddable":true,"href":"https:\/\/kzprofesional.com\/fr\/wp-json\/wp\/v2\/product_tag?post=80927"}],"curies":[{"name":"wp","href":"https:\/\/api.w.org\/{rel}","templated":true}]}}