

{"id":80958,"date":"2021-11-17T02:13:09","date_gmt":"2021-11-17T01:13:09","guid":{"rendered":"https:\/\/kzprofesional.com\/4-pinces-dragon-eurostil\/"},"modified":"2026-04-28T13:39:51","modified_gmt":"2026-04-28T11:39:51","slug":"4-pinces-dragon-eurostil","status":"publish","type":"product","link":"https:\/\/kzprofesional.com\/fr\/produit\/4-pinces-dragon-eurostil\/","title":{"rendered":"4 pinces dragon &#8211; EUROSTIL"},"content":{"rendered":"<p>Tr\u00e8s confortable \u00e0 utiliser et tr\u00e8s l\u00e9g\u00e8re. Gr\u00e2ce \u00e0 son syst\u00e8me de maintien, lorsque les cheveux sont rel\u00e2ch\u00e9s, ils restent plus souples et la racine conserve son volume, contrairement \u00e0 d\u2019autres pinces.<\/p>\n","protected":false},"excerpt":{"rendered":"<p>Tr\u00e8s confortable \u00e0 utiliser et tr\u00e8s l\u00e9g\u00e8re. Gr\u00e2ce \u00e0 son syst\u00e8me de maintien, lorsque les cheveux sont rel\u00e2ch\u00e9s, ils restent plus souples et la racine conserve son volume, contrairement \u00e0 d\u2019autres pinces.<\/p>\n","protected":false},"featured_media":62518,"template":"","meta":{"_acf_changed":false,"_jet_sm_ready_style":"","_jet_sm_style":"","_jet_sm_controls_values":"","_jet_sm_fonts_collection":"","_jet_sm_fonts_links":""},"product_brand":[],"product_cat":[771],"product_tag":[],"class_list":{"0":"post-80958","1":"product","2":"type-product","3":"status-publish","4":"has-post-thumbnail","6":"product_cat-accessoires","7":"sales-flash-overlay","8":"woocommerce-text-align-center","9":"woocommerce-image-align-center","10":"do-quantity-buttons","12":"first","13":"instock","14":"taxable","15":"shipping-taxable","16":"purchasable","17":"product-type-simple"},"bundled_by":[],"bundle_stock_status":"instock","bundle_stock_quantity":13,"bundle_virtual":false,"bundle_layout":"","bundle_add_to_cart_form_location":"","bundle_editable_in_cart":false,"bundle_sold_individually_context":"","bundle_item_grouping":"","bundle_min_size":"","bundle_max_size":"","bundle_price":[],"bundled_items":[],"bundle_sell_ids":[],"acf":[],"yoast_head":"<!-- This site is optimized with the Yoast SEO Premium plugin v25.9 (Yoast SEO v27.5) - https:\/\/yoast.com\/product\/yoast-seo-premium-wordpress\/ -->\n<title>4 pinces dragon - EUROSTIL - KZ Profesional<\/title>\n<meta name=\"robots\" content=\"index, follow, max-snippet:-1, max-image-preview:large, max-video-preview:-1\" \/>\n<link rel=\"canonical\" href=\"https:\/\/kzprofesional.com\/fr\/produit\/4-pinces-dragon-eurostil\/\" \/>\n<meta property=\"og:locale\" content=\"fr_FR\" \/>\n<meta property=\"og:type\" content=\"article\" \/>\n<meta property=\"og:title\" content=\"4 pinces dragon - EUROSTIL\" \/>\n<meta property=\"og:description\" content=\"Tr\u00e8s confortable \u00e0 utiliser et tr\u00e8s l\u00e9g\u00e8re. Gr\u00e2ce \u00e0 son syst\u00e8me de maintien, lorsque les cheveux sont rel\u00e2ch\u00e9s, ils restent plus souples et la racine conserve son volume, contrairement \u00e0 d\u2019autres pinces.\" \/>\n<meta property=\"og:url\" content=\"https:\/\/kzprofesional.com\/fr\/produit\/4-pinces-dragon-eurostil\/\" \/>\n<meta property=\"og:site_name\" content=\"KZ Profesional\" \/>\n<meta property=\"article:modified_time\" content=\"2026-04-28T11:39:51+00:00\" \/>\n<meta property=\"og:image\" content=\"https:\/\/kzprofesional.com\/wp-content\/uploads\/EUROSTIL-4-UNIDADES-PINZAS-DE-DRAGON.png\" \/>\n\t<meta property=\"og:image:width\" content=\"1024\" \/>\n\t<meta property=\"og:image:height\" content=\"1024\" \/>\n\t<meta property=\"og:image:type\" content=\"image\/png\" \/>\n<meta name=\"twitter:card\" content=\"summary_large_image\" \/>\n<script type=\"application\/ld+json\" class=\"yoast-schema-graph\">{\"@context\":\"https:\\\/\\\/schema.org\",\"@graph\":[{\"@type\":\"WebPage\",\"@id\":\"https:\\\/\\\/kzprofesional.com\\\/fr\\\/produit\\\/4-pinces-dragon-eurostil\\\/\",\"url\":\"https:\\\/\\\/kzprofesional.com\\\/fr\\\/produit\\\/4-pinces-dragon-eurostil\\\/\",\"name\":\"4 pinces dragon - EUROSTIL - KZ Profesional\",\"isPartOf\":{\"@id\":\"https:\\\/\\\/kzprofesional.com\\\/#website\"},\"primaryImageOfPage\":{\"@id\":\"https:\\\/\\\/kzprofesional.com\\\/fr\\\/produit\\\/4-pinces-dragon-eurostil\\\/#primaryimage\"},\"image\":{\"@id\":\"https:\\\/\\\/kzprofesional.com\\\/fr\\\/produit\\\/4-pinces-dragon-eurostil\\\/#primaryimage\"},\"thumbnailUrl\":\"https:\\\/\\\/kzprofesional.com\\\/wp-content\\\/uploads\\\/EUROSTIL-4-UNIDADES-PINZAS-DE-DRAGON.png\",\"datePublished\":\"2021-11-17T01:13:09+00:00\",\"dateModified\":\"2026-04-28T11:39:51+00:00\",\"breadcrumb\":{\"@id\":\"https:\\\/\\\/kzprofesional.com\\\/fr\\\/produit\\\/4-pinces-dragon-eurostil\\\/#breadcrumb\"},\"inLanguage\":\"fr-FR\",\"potentialAction\":[{\"@type\":\"ReadAction\",\"target\":[\"https:\\\/\\\/kzprofesional.com\\\/fr\\\/produit\\\/4-pinces-dragon-eurostil\\\/\"]}]},{\"@type\":\"ImageObject\",\"inLanguage\":\"fr-FR\",\"@id\":\"https:\\\/\\\/kzprofesional.com\\\/fr\\\/produit\\\/4-pinces-dragon-eurostil\\\/#primaryimage\",\"url\":\"https:\\\/\\\/kzprofesional.com\\\/wp-content\\\/uploads\\\/EUROSTIL-4-UNIDADES-PINZAS-DE-DRAGON.png\",\"contentUrl\":\"https:\\\/\\\/kzprofesional.com\\\/wp-content\\\/uploads\\\/EUROSTIL-4-UNIDADES-PINZAS-DE-DRAGON.png\",\"width\":1024,\"height\":1024,\"caption\":\"[EUROSTIL] 4 UNIDADES PINZAS DE DRAG\u00d3N\"},{\"@type\":\"BreadcrumbList\",\"@id\":\"https:\\\/\\\/kzprofesional.com\\\/fr\\\/produit\\\/4-pinces-dragon-eurostil\\\/#breadcrumb\",\"itemListElement\":[{\"@type\":\"ListItem\",\"position\":1,\"name\":\"Accueil\",\"item\":\"https:\\\/\\\/kzprofesional.com\\\/\"},{\"@type\":\"ListItem\",\"position\":2,\"name\":\"Boutique\",\"item\":\"https:\\\/\\\/kzprofesional.com\\\/fr\\\/boutique\\\/\"},{\"@type\":\"ListItem\",\"position\":3,\"name\":\"4 pinces dragon &#8211; EUROSTIL\"}]},{\"@type\":\"WebSite\",\"@id\":\"https:\\\/\\\/kzprofesional.com\\\/#website\",\"url\":\"https:\\\/\\\/kzprofesional.com\\\/\",\"name\":\"KZ Profesional\",\"description\":\"\",\"publisher\":{\"@id\":\"https:\\\/\\\/kzprofesional.com\\\/#organization\"},\"potentialAction\":[{\"@type\":\"SearchAction\",\"target\":{\"@type\":\"EntryPoint\",\"urlTemplate\":\"https:\\\/\\\/kzprofesional.com\\\/?s={search_term_string}\"},\"query-input\":{\"@type\":\"PropertyValueSpecification\",\"valueRequired\":true,\"valueName\":\"search_term_string\"}}],\"inLanguage\":\"fr-FR\"},{\"@type\":\"Organization\",\"@id\":\"https:\\\/\\\/kzprofesional.com\\\/#organization\",\"name\":\"Imperio Barber Shop\",\"url\":\"https:\\\/\\\/kzprofesional.com\\\/\",\"logo\":{\"@type\":\"ImageObject\",\"inLanguage\":\"fr-FR\",\"@id\":\"https:\\\/\\\/kzprofesional.com\\\/#\\\/schema\\\/logo\\\/image\\\/\",\"url\":\"https:\\\/\\\/kzprofesional.com\\\/wp-content\\\/uploads\\\/2021\\\/09\\\/Logo-Imperio-Barber-Shop.png\",\"contentUrl\":\"https:\\\/\\\/kzprofesional.com\\\/wp-content\\\/uploads\\\/2021\\\/09\\\/Logo-Imperio-Barber-Shop.png\",\"width\":128,\"height\":128,\"caption\":\"Imperio Barber Shop\"},\"image\":{\"@id\":\"https:\\\/\\\/kzprofesional.com\\\/#\\\/schema\\\/logo\\\/image\\\/\"}}]}<\/script>\n<!-- \/ Yoast SEO Premium plugin. -->","yoast_head_json":{"title":"4 pinces dragon - EUROSTIL - KZ Profesional","robots":{"index":"index","follow":"follow","max-snippet":"max-snippet:-1","max-image-preview":"max-image-preview:large","max-video-preview":"max-video-preview:-1"},"canonical":"https:\/\/kzprofesional.com\/fr\/produit\/4-pinces-dragon-eurostil\/","og_locale":"fr_FR","og_type":"article","og_title":"4 pinces dragon - EUROSTIL","og_description":"Tr\u00e8s confortable \u00e0 utiliser et tr\u00e8s l\u00e9g\u00e8re. Gr\u00e2ce \u00e0 son syst\u00e8me de maintien, lorsque les cheveux sont rel\u00e2ch\u00e9s, ils restent plus souples et la racine conserve son volume, contrairement \u00e0 d\u2019autres pinces.","og_url":"https:\/\/kzprofesional.com\/fr\/produit\/4-pinces-dragon-eurostil\/","og_site_name":"KZ Profesional","article_modified_time":"2026-04-28T11:39:51+00:00","og_image":[{"width":1024,"height":1024,"url":"https:\/\/kzprofesional.com\/wp-content\/uploads\/EUROSTIL-4-UNIDADES-PINZAS-DE-DRAGON.png","type":"image\/png"}],"twitter_card":"summary_large_image","schema":{"@context":"https:\/\/schema.org","@graph":[{"@type":"WebPage","@id":"https:\/\/kzprofesional.com\/fr\/produit\/4-pinces-dragon-eurostil\/","url":"https:\/\/kzprofesional.com\/fr\/produit\/4-pinces-dragon-eurostil\/","name":"4 pinces dragon - EUROSTIL - KZ Profesional","isPartOf":{"@id":"https:\/\/kzprofesional.com\/#website"},"primaryImageOfPage":{"@id":"https:\/\/kzprofesional.com\/fr\/produit\/4-pinces-dragon-eurostil\/#primaryimage"},"image":{"@id":"https:\/\/kzprofesional.com\/fr\/produit\/4-pinces-dragon-eurostil\/#primaryimage"},"thumbnailUrl":"https:\/\/kzprofesional.com\/wp-content\/uploads\/EUROSTIL-4-UNIDADES-PINZAS-DE-DRAGON.png","datePublished":"2021-11-17T01:13:09+00:00","dateModified":"2026-04-28T11:39:51+00:00","breadcrumb":{"@id":"https:\/\/kzprofesional.com\/fr\/produit\/4-pinces-dragon-eurostil\/#breadcrumb"},"inLanguage":"fr-FR","potentialAction":[{"@type":"ReadAction","target":["https:\/\/kzprofesional.com\/fr\/produit\/4-pinces-dragon-eurostil\/"]}]},{"@type":"ImageObject","inLanguage":"fr-FR","@id":"https:\/\/kzprofesional.com\/fr\/produit\/4-pinces-dragon-eurostil\/#primaryimage","url":"https:\/\/kzprofesional.com\/wp-content\/uploads\/EUROSTIL-4-UNIDADES-PINZAS-DE-DRAGON.png","contentUrl":"https:\/\/kzprofesional.com\/wp-content\/uploads\/EUROSTIL-4-UNIDADES-PINZAS-DE-DRAGON.png","width":1024,"height":1024,"caption":"[EUROSTIL] 4 UNIDADES PINZAS DE DRAG\u00d3N"},{"@type":"BreadcrumbList","@id":"https:\/\/kzprofesional.com\/fr\/produit\/4-pinces-dragon-eurostil\/#breadcrumb","itemListElement":[{"@type":"ListItem","position":1,"name":"Accueil","item":"https:\/\/kzprofesional.com\/"},{"@type":"ListItem","position":2,"name":"Boutique","item":"https:\/\/kzprofesional.com\/fr\/boutique\/"},{"@type":"ListItem","position":3,"name":"4 pinces dragon &#8211; EUROSTIL"}]},{"@type":"WebSite","@id":"https:\/\/kzprofesional.com\/#website","url":"https:\/\/kzprofesional.com\/","name":"KZ Profesional","description":"","publisher":{"@id":"https:\/\/kzprofesional.com\/#organization"},"potentialAction":[{"@type":"SearchAction","target":{"@type":"EntryPoint","urlTemplate":"https:\/\/kzprofesional.com\/?s={search_term_string}"},"query-input":{"@type":"PropertyValueSpecification","valueRequired":true,"valueName":"search_term_string"}}],"inLanguage":"fr-FR"},{"@type":"Organization","@id":"https:\/\/kzprofesional.com\/#organization","name":"Imperio Barber Shop","url":"https:\/\/kzprofesional.com\/","logo":{"@type":"ImageObject","inLanguage":"fr-FR","@id":"https:\/\/kzprofesional.com\/#\/schema\/logo\/image\/","url":"https:\/\/kzprofesional.com\/wp-content\/uploads\/2021\/09\/Logo-Imperio-Barber-Shop.png","contentUrl":"https:\/\/kzprofesional.com\/wp-content\/uploads\/2021\/09\/Logo-Imperio-Barber-Shop.png","width":128,"height":128,"caption":"Imperio Barber Shop"},"image":{"@id":"https:\/\/kzprofesional.com\/#\/schema\/logo\/image\/"}}]}},"_links":{"self":[{"href":"https:\/\/kzprofesional.com\/fr\/wp-json\/wp\/v2\/product\/80958","targetHints":{"allow":["GET"]}}],"collection":[{"href":"https:\/\/kzprofesional.com\/fr\/wp-json\/wp\/v2\/product"}],"about":[{"href":"https:\/\/kzprofesional.com\/fr\/wp-json\/wp\/v2\/types\/product"}],"wp:featuredmedia":[{"embeddable":true,"href":"https:\/\/kzprofesional.com\/fr\/wp-json\/wp\/v2\/media\/62518"}],"wp:attachment":[{"href":"https:\/\/kzprofesional.com\/fr\/wp-json\/wp\/v2\/media?parent=80958"}],"wp:term":[{"taxonomy":"product_brand","embeddable":true,"href":"https:\/\/kzprofesional.com\/fr\/wp-json\/wp\/v2\/product_brand?post=80958"},{"taxonomy":"product_cat","embeddable":true,"href":"https:\/\/kzprofesional.com\/fr\/wp-json\/wp\/v2\/product_cat?post=80958"},{"taxonomy":"product_tag","embeddable":true,"href":"https:\/\/kzprofesional.com\/fr\/wp-json\/wp\/v2\/product_tag?post=80958"}],"curies":[{"name":"wp","href":"https:\/\/api.w.org\/{rel}","templated":true}]}}