

{"id":81003,"date":"2021-11-17T02:13:12","date_gmt":"2021-11-17T01:13:12","guid":{"rendered":"https:\/\/kzprofesional.com\/after-shave-eau-de-cologne-army-350ml-bandido\/"},"modified":"2026-04-28T13:46:34","modified_gmt":"2026-04-28T11:46:34","slug":"after-shave-eau-de-cologne-army-350ml-bandido","status":"publish","type":"product","link":"https:\/\/kzprofesional.com\/fr\/after-shave-eau-de-cologne-army-350ml-bandido\/","title":{"rendered":"After Shave Eau de Cologne ARMY 350ml &#8211; BANDIDO"},"content":{"rendered":"<p>After Shave parfum\u00e9 du c\u00e9l\u00e8bre fabricant de produits de barberie Bandido, qui associe design et qualit\u00e9 dans toutes ses gammes.<\/p>\n<p>Adapt\u00e9 \u00e0 tous les types de peau, il procure une sensation de fra\u00eecheur qui aide \u00e0 apaiser la peau apr\u00e8s le rasage et \u00e0 \u00e9viter les irritations.<\/p>\n","protected":false},"excerpt":{"rendered":"<p>After Shave parfum\u00e9 du c\u00e9l\u00e8bre fabricant de produits de barberie Bandido, qui associe design et qualit\u00e9 dans toutes ses gammes. Adapt\u00e9 \u00e0 tous les types de peau, il procure une sensation de fra\u00eecheur qui aide \u00e0 apaiser la peau apr\u00e8s le rasage et \u00e0 \u00e9viter les irritations.<\/p>\n","protected":false},"featured_media":62598,"template":"","meta":{"_acf_changed":false,"_jet_sm_ready_style":"","_jet_sm_style":"","_jet_sm_controls_values":"","_jet_sm_fonts_collection":"","_jet_sm_fonts_links":""},"product_brand":[],"product_cat":[963],"product_tag":[],"class_list":{"0":"post-81003","1":"product","2":"type-product","3":"status-publish","4":"has-post-thumbnail","6":"product_cat-soin-du-visage-barbier","7":"sales-flash-overlay","8":"woocommerce-text-align-center","9":"woocommerce-image-align-center","10":"do-quantity-buttons","12":"first","13":"outofstock","14":"taxable","15":"shipping-taxable","16":"purchasable","17":"product-type-simple"},"bundled_by":[],"bundle_stock_status":"outofstock","bundle_stock_quantity":0,"bundle_virtual":false,"bundle_layout":"","bundle_add_to_cart_form_location":"","bundle_editable_in_cart":false,"bundle_sold_individually_context":"","bundle_item_grouping":"","bundle_min_size":"","bundle_max_size":"","bundle_price":[],"bundled_items":[],"bundle_sell_ids":[],"acf":[],"yoast_head":"<!-- This site is optimized with the Yoast SEO Premium plugin v25.9 (Yoast SEO v27.5) - https:\/\/yoast.com\/product\/yoast-seo-premium-wordpress\/ -->\n<title>After Shave Eau de Cologne ARMY 350ml - BANDIDO - KZ Profesional<\/title>\n<meta name=\"robots\" content=\"index, follow, max-snippet:-1, max-image-preview:large, max-video-preview:-1\" \/>\n<link rel=\"canonical\" href=\"https:\/\/kzprofesional.com\/fr\/after-shave-eau-de-cologne-army-350ml-bandido\/\" \/>\n<meta property=\"og:locale\" content=\"fr_FR\" \/>\n<meta property=\"og:type\" content=\"article\" \/>\n<meta property=\"og:title\" content=\"After Shave Eau de Cologne ARMY 350ml - BANDIDO\" \/>\n<meta property=\"og:description\" content=\"After Shave parfum\u00e9 du c\u00e9l\u00e8bre fabricant de produits de barberie Bandido, qui associe design et qualit\u00e9 dans toutes ses gammes. Adapt\u00e9 \u00e0 tous les types de peau, il procure une sensation de fra\u00eecheur qui aide \u00e0 apaiser la peau apr\u00e8s le rasage et \u00e0 \u00e9viter les irritations.\" \/>\n<meta property=\"og:url\" content=\"https:\/\/kzprofesional.com\/fr\/after-shave-eau-de-cologne-army-350ml-bandido\/\" \/>\n<meta property=\"og:site_name\" content=\"KZ Profesional\" \/>\n<meta property=\"article:modified_time\" content=\"2026-04-28T11:46:34+00:00\" \/>\n<meta property=\"og:image\" content=\"https:\/\/kzprofesional.com\/wp-content\/uploads\/BANDIDO-AFTER-SHAVE-COLONIA-ARMY-350-ML.png\" \/>\n\t<meta property=\"og:image:width\" content=\"1024\" \/>\n\t<meta property=\"og:image:height\" content=\"1024\" \/>\n\t<meta property=\"og:image:type\" content=\"image\/png\" \/>\n<meta name=\"twitter:card\" content=\"summary_large_image\" \/>\n<script type=\"application\/ld+json\" class=\"yoast-schema-graph\">{\"@context\":\"https:\\\/\\\/schema.org\",\"@graph\":[{\"@type\":\"WebPage\",\"@id\":\"https:\\\/\\\/kzprofesional.com\\\/fr\\\/after-shave-eau-de-cologne-army-350ml-bandido\\\/\",\"url\":\"https:\\\/\\\/kzprofesional.com\\\/fr\\\/after-shave-eau-de-cologne-army-350ml-bandido\\\/\",\"name\":\"After Shave Eau de Cologne ARMY 350ml - BANDIDO - KZ Profesional\",\"isPartOf\":{\"@id\":\"https:\\\/\\\/kzprofesional.com\\\/#website\"},\"primaryImageOfPage\":{\"@id\":\"https:\\\/\\\/kzprofesional.com\\\/fr\\\/after-shave-eau-de-cologne-army-350ml-bandido\\\/#primaryimage\"},\"image\":{\"@id\":\"https:\\\/\\\/kzprofesional.com\\\/fr\\\/after-shave-eau-de-cologne-army-350ml-bandido\\\/#primaryimage\"},\"thumbnailUrl\":\"https:\\\/\\\/kzprofesional.com\\\/wp-content\\\/uploads\\\/BANDIDO-AFTER-SHAVE-COLONIA-ARMY-350-ML.png\",\"datePublished\":\"2021-11-17T01:13:12+00:00\",\"dateModified\":\"2026-04-28T11:46:34+00:00\",\"breadcrumb\":{\"@id\":\"https:\\\/\\\/kzprofesional.com\\\/fr\\\/after-shave-eau-de-cologne-army-350ml-bandido\\\/#breadcrumb\"},\"inLanguage\":\"fr-FR\",\"potentialAction\":[{\"@type\":\"ReadAction\",\"target\":[\"https:\\\/\\\/kzprofesional.com\\\/fr\\\/after-shave-eau-de-cologne-army-350ml-bandido\\\/\"]}]},{\"@type\":\"ImageObject\",\"inLanguage\":\"fr-FR\",\"@id\":\"https:\\\/\\\/kzprofesional.com\\\/fr\\\/after-shave-eau-de-cologne-army-350ml-bandido\\\/#primaryimage\",\"url\":\"https:\\\/\\\/kzprofesional.com\\\/wp-content\\\/uploads\\\/BANDIDO-AFTER-SHAVE-COLONIA-ARMY-350-ML.png\",\"contentUrl\":\"https:\\\/\\\/kzprofesional.com\\\/wp-content\\\/uploads\\\/BANDIDO-AFTER-SHAVE-COLONIA-ARMY-350-ML.png\",\"width\":1024,\"height\":1024,\"caption\":\"[BANDIDO] AFTER SHAVE COLONIA ARMY 350 ML\"},{\"@type\":\"BreadcrumbList\",\"@id\":\"https:\\\/\\\/kzprofesional.com\\\/fr\\\/after-shave-eau-de-cologne-army-350ml-bandido\\\/#breadcrumb\",\"itemListElement\":[{\"@type\":\"ListItem\",\"position\":1,\"name\":\"Accueil\",\"item\":\"https:\\\/\\\/kzprofesional.com\\\/\"},{\"@type\":\"ListItem\",\"position\":2,\"name\":\"Boutique\",\"item\":\"https:\\\/\\\/kzprofesional.com\\\/fr\\\/boutique\\\/\"},{\"@type\":\"ListItem\",\"position\":3,\"name\":\"After Shave Eau de Cologne ARMY 350ml &#8211; BANDIDO\"}]},{\"@type\":\"WebSite\",\"@id\":\"https:\\\/\\\/kzprofesional.com\\\/#website\",\"url\":\"https:\\\/\\\/kzprofesional.com\\\/\",\"name\":\"KZ Profesional\",\"description\":\"\",\"publisher\":{\"@id\":\"https:\\\/\\\/kzprofesional.com\\\/#organization\"},\"potentialAction\":[{\"@type\":\"SearchAction\",\"target\":{\"@type\":\"EntryPoint\",\"urlTemplate\":\"https:\\\/\\\/kzprofesional.com\\\/?s={search_term_string}\"},\"query-input\":{\"@type\":\"PropertyValueSpecification\",\"valueRequired\":true,\"valueName\":\"search_term_string\"}}],\"inLanguage\":\"fr-FR\"},{\"@type\":\"Organization\",\"@id\":\"https:\\\/\\\/kzprofesional.com\\\/#organization\",\"name\":\"Imperio Barber Shop\",\"url\":\"https:\\\/\\\/kzprofesional.com\\\/\",\"logo\":{\"@type\":\"ImageObject\",\"inLanguage\":\"fr-FR\",\"@id\":\"https:\\\/\\\/kzprofesional.com\\\/#\\\/schema\\\/logo\\\/image\\\/\",\"url\":\"https:\\\/\\\/kzprofesional.com\\\/wp-content\\\/uploads\\\/2021\\\/09\\\/Logo-Imperio-Barber-Shop.png\",\"contentUrl\":\"https:\\\/\\\/kzprofesional.com\\\/wp-content\\\/uploads\\\/2021\\\/09\\\/Logo-Imperio-Barber-Shop.png\",\"width\":128,\"height\":128,\"caption\":\"Imperio Barber Shop\"},\"image\":{\"@id\":\"https:\\\/\\\/kzprofesional.com\\\/#\\\/schema\\\/logo\\\/image\\\/\"}}]}<\/script>\n<!-- \/ Yoast SEO Premium plugin. -->","yoast_head_json":{"title":"After Shave Eau de Cologne ARMY 350ml - BANDIDO - KZ Profesional","robots":{"index":"index","follow":"follow","max-snippet":"max-snippet:-1","max-image-preview":"max-image-preview:large","max-video-preview":"max-video-preview:-1"},"canonical":"https:\/\/kzprofesional.com\/fr\/after-shave-eau-de-cologne-army-350ml-bandido\/","og_locale":"fr_FR","og_type":"article","og_title":"After Shave Eau de Cologne ARMY 350ml - BANDIDO","og_description":"After Shave parfum\u00e9 du c\u00e9l\u00e8bre fabricant de produits de barberie Bandido, qui associe design et qualit\u00e9 dans toutes ses gammes. Adapt\u00e9 \u00e0 tous les types de peau, il procure une sensation de fra\u00eecheur qui aide \u00e0 apaiser la peau apr\u00e8s le rasage et \u00e0 \u00e9viter les irritations.","og_url":"https:\/\/kzprofesional.com\/fr\/after-shave-eau-de-cologne-army-350ml-bandido\/","og_site_name":"KZ Profesional","article_modified_time":"2026-04-28T11:46:34+00:00","og_image":[{"width":1024,"height":1024,"url":"https:\/\/kzprofesional.com\/wp-content\/uploads\/BANDIDO-AFTER-SHAVE-COLONIA-ARMY-350-ML.png","type":"image\/png"}],"twitter_card":"summary_large_image","schema":{"@context":"https:\/\/schema.org","@graph":[{"@type":"WebPage","@id":"https:\/\/kzprofesional.com\/fr\/after-shave-eau-de-cologne-army-350ml-bandido\/","url":"https:\/\/kzprofesional.com\/fr\/after-shave-eau-de-cologne-army-350ml-bandido\/","name":"After Shave Eau de Cologne ARMY 350ml - BANDIDO - KZ Profesional","isPartOf":{"@id":"https:\/\/kzprofesional.com\/#website"},"primaryImageOfPage":{"@id":"https:\/\/kzprofesional.com\/fr\/after-shave-eau-de-cologne-army-350ml-bandido\/#primaryimage"},"image":{"@id":"https:\/\/kzprofesional.com\/fr\/after-shave-eau-de-cologne-army-350ml-bandido\/#primaryimage"},"thumbnailUrl":"https:\/\/kzprofesional.com\/wp-content\/uploads\/BANDIDO-AFTER-SHAVE-COLONIA-ARMY-350-ML.png","datePublished":"2021-11-17T01:13:12+00:00","dateModified":"2026-04-28T11:46:34+00:00","breadcrumb":{"@id":"https:\/\/kzprofesional.com\/fr\/after-shave-eau-de-cologne-army-350ml-bandido\/#breadcrumb"},"inLanguage":"fr-FR","potentialAction":[{"@type":"ReadAction","target":["https:\/\/kzprofesional.com\/fr\/after-shave-eau-de-cologne-army-350ml-bandido\/"]}]},{"@type":"ImageObject","inLanguage":"fr-FR","@id":"https:\/\/kzprofesional.com\/fr\/after-shave-eau-de-cologne-army-350ml-bandido\/#primaryimage","url":"https:\/\/kzprofesional.com\/wp-content\/uploads\/BANDIDO-AFTER-SHAVE-COLONIA-ARMY-350-ML.png","contentUrl":"https:\/\/kzprofesional.com\/wp-content\/uploads\/BANDIDO-AFTER-SHAVE-COLONIA-ARMY-350-ML.png","width":1024,"height":1024,"caption":"[BANDIDO] AFTER SHAVE COLONIA ARMY 350 ML"},{"@type":"BreadcrumbList","@id":"https:\/\/kzprofesional.com\/fr\/after-shave-eau-de-cologne-army-350ml-bandido\/#breadcrumb","itemListElement":[{"@type":"ListItem","position":1,"name":"Accueil","item":"https:\/\/kzprofesional.com\/"},{"@type":"ListItem","position":2,"name":"Boutique","item":"https:\/\/kzprofesional.com\/fr\/boutique\/"},{"@type":"ListItem","position":3,"name":"After Shave Eau de Cologne ARMY 350ml &#8211; BANDIDO"}]},{"@type":"WebSite","@id":"https:\/\/kzprofesional.com\/#website","url":"https:\/\/kzprofesional.com\/","name":"KZ Profesional","description":"","publisher":{"@id":"https:\/\/kzprofesional.com\/#organization"},"potentialAction":[{"@type":"SearchAction","target":{"@type":"EntryPoint","urlTemplate":"https:\/\/kzprofesional.com\/?s={search_term_string}"},"query-input":{"@type":"PropertyValueSpecification","valueRequired":true,"valueName":"search_term_string"}}],"inLanguage":"fr-FR"},{"@type":"Organization","@id":"https:\/\/kzprofesional.com\/#organization","name":"Imperio Barber Shop","url":"https:\/\/kzprofesional.com\/","logo":{"@type":"ImageObject","inLanguage":"fr-FR","@id":"https:\/\/kzprofesional.com\/#\/schema\/logo\/image\/","url":"https:\/\/kzprofesional.com\/wp-content\/uploads\/2021\/09\/Logo-Imperio-Barber-Shop.png","contentUrl":"https:\/\/kzprofesional.com\/wp-content\/uploads\/2021\/09\/Logo-Imperio-Barber-Shop.png","width":128,"height":128,"caption":"Imperio Barber Shop"},"image":{"@id":"https:\/\/kzprofesional.com\/#\/schema\/logo\/image\/"}}]}},"_links":{"self":[{"href":"https:\/\/kzprofesional.com\/fr\/wp-json\/wp\/v2\/product\/81003","targetHints":{"allow":["GET"]}}],"collection":[{"href":"https:\/\/kzprofesional.com\/fr\/wp-json\/wp\/v2\/product"}],"about":[{"href":"https:\/\/kzprofesional.com\/fr\/wp-json\/wp\/v2\/types\/product"}],"wp:featuredmedia":[{"embeddable":true,"href":"https:\/\/kzprofesional.com\/fr\/wp-json\/wp\/v2\/media\/62598"}],"wp:attachment":[{"href":"https:\/\/kzprofesional.com\/fr\/wp-json\/wp\/v2\/media?parent=81003"}],"wp:term":[{"taxonomy":"product_brand","embeddable":true,"href":"https:\/\/kzprofesional.com\/fr\/wp-json\/wp\/v2\/product_brand?post=81003"},{"taxonomy":"product_cat","embeddable":true,"href":"https:\/\/kzprofesional.com\/fr\/wp-json\/wp\/v2\/product_cat?post=81003"},{"taxonomy":"product_tag","embeddable":true,"href":"https:\/\/kzprofesional.com\/fr\/wp-json\/wp\/v2\/product_tag?post=81003"}],"curies":[{"name":"wp","href":"https:\/\/api.w.org\/{rel}","templated":true}]}}