

{"id":81403,"date":"2021-11-17T02:13:52","date_gmt":"2021-11-17T01:13:52","guid":{"rendered":"https:\/\/kzprofesional.com\/rail-metallique-super-taper\/"},"modified":"2026-04-28T16:57:33","modified_gmt":"2026-04-28T14:57:33","slug":"rail-metallique-super-taper","status":"publish","type":"product","link":"https:\/\/kzprofesional.com\/fr\/produit\/rail-metallique-super-taper\/","title":{"rendered":"Rail m\u00e9tallique SUPER TAPER &#8211;"},"content":{"rendered":"<p>Pont m\u00e9tallique de rechange pour machines Wahl. Pi\u00e8ce de rechange du pont m\u00e9tallique o\u00f9 se fixent les lames des machines Wahl filaires ou \u00e0 batterie comme Legend, Super Taper et Magic Clip.<\/p>\n","protected":false},"excerpt":{"rendered":"<p>Pont m\u00e9tallique de rechange pour machines Wahl. Pi\u00e8ce de rechange du pont m\u00e9tallique o\u00f9 se fixent les lames des machines Wahl filaires ou \u00e0 batterie comme Legend, Super Taper et Magic Clip.<\/p>\n","protected":false},"featured_media":65433,"template":"","meta":{"_acf_changed":false,"_jet_sm_ready_style":"","_jet_sm_style":"","_jet_sm_controls_values":"","_jet_sm_fonts_collection":"","_jet_sm_fonts_links":""},"product_brand":[],"product_cat":[771],"product_tag":[],"class_list":{"0":"post-81403","1":"product","2":"type-product","3":"status-publish","4":"has-post-thumbnail","6":"product_cat-accessoires","7":"sales-flash-overlay","8":"woocommerce-text-align-center","9":"woocommerce-image-align-center","10":"do-quantity-buttons","12":"first","13":"outofstock","14":"taxable","15":"shipping-taxable","16":"purchasable","17":"product-type-simple"},"bundled_by":[],"bundle_stock_status":"outofstock","bundle_stock_quantity":0,"bundle_virtual":false,"bundle_layout":"","bundle_add_to_cart_form_location":"","bundle_editable_in_cart":false,"bundle_sold_individually_context":"","bundle_item_grouping":"","bundle_min_size":"","bundle_max_size":"","bundle_price":[],"bundled_items":[],"bundle_sell_ids":[],"acf":[],"yoast_head":"<!-- This site is optimized with the Yoast SEO Premium plugin v25.9 (Yoast SEO v27.5) - https:\/\/yoast.com\/product\/yoast-seo-premium-wordpress\/ -->\n<title>Rail m\u00e9tallique SUPER TAPER - KZ Profesional<\/title>\n<meta name=\"robots\" content=\"index, follow, max-snippet:-1, max-image-preview:large, max-video-preview:-1\" \/>\n<link rel=\"canonical\" href=\"https:\/\/kzprofesional.com\/fr\/produit\/rail-metallique-super-taper\/\" \/>\n<meta property=\"og:locale\" content=\"fr_FR\" \/>\n<meta property=\"og:type\" content=\"article\" \/>\n<meta property=\"og:title\" content=\"Rail m\u00e9tallique SUPER TAPER -\" \/>\n<meta property=\"og:description\" content=\"Pont m\u00e9tallique de rechange pour machines Wahl. Pi\u00e8ce de rechange du pont m\u00e9tallique o\u00f9 se fixent les lames des machines Wahl filaires ou \u00e0 batterie comme Legend, Super Taper et Magic Clip.\" \/>\n<meta property=\"og:url\" content=\"https:\/\/kzprofesional.com\/fr\/produit\/rail-metallique-super-taper\/\" \/>\n<meta property=\"og:site_name\" content=\"KZ Profesional\" \/>\n<meta property=\"article:modified_time\" content=\"2026-04-28T14:57:33+00:00\" \/>\n<meta property=\"og:image\" content=\"https:\/\/kzprofesional.com\/wp-content\/uploads\/CARRIL-DE-METAL-SUPER-TAPER.png\" \/>\n\t<meta property=\"og:image:width\" content=\"1024\" \/>\n\t<meta property=\"og:image:height\" content=\"1024\" \/>\n\t<meta property=\"og:image:type\" content=\"image\/png\" \/>\n<meta name=\"twitter:card\" content=\"summary_large_image\" \/>\n<script type=\"application\/ld+json\" class=\"yoast-schema-graph\">{\"@context\":\"https:\\\/\\\/schema.org\",\"@graph\":[{\"@type\":\"WebPage\",\"@id\":\"https:\\\/\\\/kzprofesional.com\\\/fr\\\/produit\\\/rail-metallique-super-taper\\\/\",\"url\":\"https:\\\/\\\/kzprofesional.com\\\/fr\\\/produit\\\/rail-metallique-super-taper\\\/\",\"name\":\"Rail m\u00e9tallique SUPER TAPER - KZ Profesional\",\"isPartOf\":{\"@id\":\"https:\\\/\\\/kzprofesional.com\\\/#website\"},\"primaryImageOfPage\":{\"@id\":\"https:\\\/\\\/kzprofesional.com\\\/fr\\\/produit\\\/rail-metallique-super-taper\\\/#primaryimage\"},\"image\":{\"@id\":\"https:\\\/\\\/kzprofesional.com\\\/fr\\\/produit\\\/rail-metallique-super-taper\\\/#primaryimage\"},\"thumbnailUrl\":\"https:\\\/\\\/kzprofesional.com\\\/wp-content\\\/uploads\\\/CARRIL-DE-METAL-SUPER-TAPER.png\",\"datePublished\":\"2021-11-17T01:13:52+00:00\",\"dateModified\":\"2026-04-28T14:57:33+00:00\",\"breadcrumb\":{\"@id\":\"https:\\\/\\\/kzprofesional.com\\\/fr\\\/produit\\\/rail-metallique-super-taper\\\/#breadcrumb\"},\"inLanguage\":\"fr-FR\",\"potentialAction\":[{\"@type\":\"ReadAction\",\"target\":[\"https:\\\/\\\/kzprofesional.com\\\/fr\\\/produit\\\/rail-metallique-super-taper\\\/\"]}]},{\"@type\":\"ImageObject\",\"inLanguage\":\"fr-FR\",\"@id\":\"https:\\\/\\\/kzprofesional.com\\\/fr\\\/produit\\\/rail-metallique-super-taper\\\/#primaryimage\",\"url\":\"https:\\\/\\\/kzprofesional.com\\\/wp-content\\\/uploads\\\/CARRIL-DE-METAL-SUPER-TAPER.png\",\"contentUrl\":\"https:\\\/\\\/kzprofesional.com\\\/wp-content\\\/uploads\\\/CARRIL-DE-METAL-SUPER-TAPER.png\",\"width\":1024,\"height\":1024,\"caption\":\"CARRIL DE METAL S\u00daPER TAPER\"},{\"@type\":\"BreadcrumbList\",\"@id\":\"https:\\\/\\\/kzprofesional.com\\\/fr\\\/produit\\\/rail-metallique-super-taper\\\/#breadcrumb\",\"itemListElement\":[{\"@type\":\"ListItem\",\"position\":1,\"name\":\"Accueil\",\"item\":\"https:\\\/\\\/kzprofesional.com\\\/\"},{\"@type\":\"ListItem\",\"position\":2,\"name\":\"Boutique\",\"item\":\"https:\\\/\\\/kzprofesional.com\\\/fr\\\/boutique\\\/\"},{\"@type\":\"ListItem\",\"position\":3,\"name\":\"Rail m\u00e9tallique SUPER TAPER &#8211;\"}]},{\"@type\":\"WebSite\",\"@id\":\"https:\\\/\\\/kzprofesional.com\\\/#website\",\"url\":\"https:\\\/\\\/kzprofesional.com\\\/\",\"name\":\"KZ Profesional\",\"description\":\"\",\"publisher\":{\"@id\":\"https:\\\/\\\/kzprofesional.com\\\/#organization\"},\"potentialAction\":[{\"@type\":\"SearchAction\",\"target\":{\"@type\":\"EntryPoint\",\"urlTemplate\":\"https:\\\/\\\/kzprofesional.com\\\/?s={search_term_string}\"},\"query-input\":{\"@type\":\"PropertyValueSpecification\",\"valueRequired\":true,\"valueName\":\"search_term_string\"}}],\"inLanguage\":\"fr-FR\"},{\"@type\":\"Organization\",\"@id\":\"https:\\\/\\\/kzprofesional.com\\\/#organization\",\"name\":\"Imperio Barber Shop\",\"url\":\"https:\\\/\\\/kzprofesional.com\\\/\",\"logo\":{\"@type\":\"ImageObject\",\"inLanguage\":\"fr-FR\",\"@id\":\"https:\\\/\\\/kzprofesional.com\\\/#\\\/schema\\\/logo\\\/image\\\/\",\"url\":\"https:\\\/\\\/kzprofesional.com\\\/wp-content\\\/uploads\\\/2021\\\/09\\\/Logo-Imperio-Barber-Shop.png\",\"contentUrl\":\"https:\\\/\\\/kzprofesional.com\\\/wp-content\\\/uploads\\\/2021\\\/09\\\/Logo-Imperio-Barber-Shop.png\",\"width\":128,\"height\":128,\"caption\":\"Imperio Barber Shop\"},\"image\":{\"@id\":\"https:\\\/\\\/kzprofesional.com\\\/#\\\/schema\\\/logo\\\/image\\\/\"}}]}<\/script>\n<!-- \/ Yoast SEO Premium plugin. -->","yoast_head_json":{"title":"Rail m\u00e9tallique SUPER TAPER - KZ Profesional","robots":{"index":"index","follow":"follow","max-snippet":"max-snippet:-1","max-image-preview":"max-image-preview:large","max-video-preview":"max-video-preview:-1"},"canonical":"https:\/\/kzprofesional.com\/fr\/produit\/rail-metallique-super-taper\/","og_locale":"fr_FR","og_type":"article","og_title":"Rail m\u00e9tallique SUPER TAPER -","og_description":"Pont m\u00e9tallique de rechange pour machines Wahl. Pi\u00e8ce de rechange du pont m\u00e9tallique o\u00f9 se fixent les lames des machines Wahl filaires ou \u00e0 batterie comme Legend, Super Taper et Magic Clip.","og_url":"https:\/\/kzprofesional.com\/fr\/produit\/rail-metallique-super-taper\/","og_site_name":"KZ Profesional","article_modified_time":"2026-04-28T14:57:33+00:00","og_image":[{"width":1024,"height":1024,"url":"https:\/\/kzprofesional.com\/wp-content\/uploads\/CARRIL-DE-METAL-SUPER-TAPER.png","type":"image\/png"}],"twitter_card":"summary_large_image","schema":{"@context":"https:\/\/schema.org","@graph":[{"@type":"WebPage","@id":"https:\/\/kzprofesional.com\/fr\/produit\/rail-metallique-super-taper\/","url":"https:\/\/kzprofesional.com\/fr\/produit\/rail-metallique-super-taper\/","name":"Rail m\u00e9tallique SUPER TAPER - KZ Profesional","isPartOf":{"@id":"https:\/\/kzprofesional.com\/#website"},"primaryImageOfPage":{"@id":"https:\/\/kzprofesional.com\/fr\/produit\/rail-metallique-super-taper\/#primaryimage"},"image":{"@id":"https:\/\/kzprofesional.com\/fr\/produit\/rail-metallique-super-taper\/#primaryimage"},"thumbnailUrl":"https:\/\/kzprofesional.com\/wp-content\/uploads\/CARRIL-DE-METAL-SUPER-TAPER.png","datePublished":"2021-11-17T01:13:52+00:00","dateModified":"2026-04-28T14:57:33+00:00","breadcrumb":{"@id":"https:\/\/kzprofesional.com\/fr\/produit\/rail-metallique-super-taper\/#breadcrumb"},"inLanguage":"fr-FR","potentialAction":[{"@type":"ReadAction","target":["https:\/\/kzprofesional.com\/fr\/produit\/rail-metallique-super-taper\/"]}]},{"@type":"ImageObject","inLanguage":"fr-FR","@id":"https:\/\/kzprofesional.com\/fr\/produit\/rail-metallique-super-taper\/#primaryimage","url":"https:\/\/kzprofesional.com\/wp-content\/uploads\/CARRIL-DE-METAL-SUPER-TAPER.png","contentUrl":"https:\/\/kzprofesional.com\/wp-content\/uploads\/CARRIL-DE-METAL-SUPER-TAPER.png","width":1024,"height":1024,"caption":"CARRIL DE METAL S\u00daPER TAPER"},{"@type":"BreadcrumbList","@id":"https:\/\/kzprofesional.com\/fr\/produit\/rail-metallique-super-taper\/#breadcrumb","itemListElement":[{"@type":"ListItem","position":1,"name":"Accueil","item":"https:\/\/kzprofesional.com\/"},{"@type":"ListItem","position":2,"name":"Boutique","item":"https:\/\/kzprofesional.com\/fr\/boutique\/"},{"@type":"ListItem","position":3,"name":"Rail m\u00e9tallique SUPER TAPER &#8211;"}]},{"@type":"WebSite","@id":"https:\/\/kzprofesional.com\/#website","url":"https:\/\/kzprofesional.com\/","name":"KZ Profesional","description":"","publisher":{"@id":"https:\/\/kzprofesional.com\/#organization"},"potentialAction":[{"@type":"SearchAction","target":{"@type":"EntryPoint","urlTemplate":"https:\/\/kzprofesional.com\/?s={search_term_string}"},"query-input":{"@type":"PropertyValueSpecification","valueRequired":true,"valueName":"search_term_string"}}],"inLanguage":"fr-FR"},{"@type":"Organization","@id":"https:\/\/kzprofesional.com\/#organization","name":"Imperio Barber Shop","url":"https:\/\/kzprofesional.com\/","logo":{"@type":"ImageObject","inLanguage":"fr-FR","@id":"https:\/\/kzprofesional.com\/#\/schema\/logo\/image\/","url":"https:\/\/kzprofesional.com\/wp-content\/uploads\/2021\/09\/Logo-Imperio-Barber-Shop.png","contentUrl":"https:\/\/kzprofesional.com\/wp-content\/uploads\/2021\/09\/Logo-Imperio-Barber-Shop.png","width":128,"height":128,"caption":"Imperio Barber Shop"},"image":{"@id":"https:\/\/kzprofesional.com\/#\/schema\/logo\/image\/"}}]}},"_links":{"self":[{"href":"https:\/\/kzprofesional.com\/fr\/wp-json\/wp\/v2\/product\/81403","targetHints":{"allow":["GET"]}}],"collection":[{"href":"https:\/\/kzprofesional.com\/fr\/wp-json\/wp\/v2\/product"}],"about":[{"href":"https:\/\/kzprofesional.com\/fr\/wp-json\/wp\/v2\/types\/product"}],"wp:featuredmedia":[{"embeddable":true,"href":"https:\/\/kzprofesional.com\/fr\/wp-json\/wp\/v2\/media\/65433"}],"wp:attachment":[{"href":"https:\/\/kzprofesional.com\/fr\/wp-json\/wp\/v2\/media?parent=81403"}],"wp:term":[{"taxonomy":"product_brand","embeddable":true,"href":"https:\/\/kzprofesional.com\/fr\/wp-json\/wp\/v2\/product_brand?post=81403"},{"taxonomy":"product_cat","embeddable":true,"href":"https:\/\/kzprofesional.com\/fr\/wp-json\/wp\/v2\/product_cat?post=81403"},{"taxonomy":"product_tag","embeddable":true,"href":"https:\/\/kzprofesional.com\/fr\/wp-json\/wp\/v2\/product_tag?post=81403"}],"curies":[{"name":"wp","href":"https:\/\/api.w.org\/{rel}","templated":true}]}}