

{"id":81453,"date":"2021-11-17T02:13:41","date_gmt":"2021-11-17T01:13:41","guid":{"rendered":"https:\/\/kzprofesional.com\/tete-malleable-homme-light-brown-18-cm-bifull\/"},"modified":"2026-04-28T16:58:15","modified_gmt":"2026-04-28T14:58:15","slug":"tete-malleable-homme-light-brown-18-cm-bifull","status":"publish","type":"product","link":"https:\/\/kzprofesional.com\/fr\/tete-malleable-homme-light-brown-18-cm-bifull\/","title":{"rendered":"T\u00eate mall\u00e9able homme light brown 18 cm &#8211; BIFULL"},"content":{"rendered":"<p><strong>T\u00caTE MALL\u00c9ABLE DE FORMATION \u00b7 CHEVEUX 100 % NATURELS.<\/strong><br \/>\nLes t\u00eates mall\u00e9ables Bifull sont de grande qualit\u00e9 et tr\u00e8s pratiques, id\u00e9ales pour un apprentissage facile et concret. Vous pouvez utiliser des outils chauffants pour vos coiffures. La temp\u00e9rature maximale recommand\u00e9e est de 190 \u00baC. R\u00e9alisez de superbes coiffures et attaches, coupez aux ciseaux ou au rasoir. Les t\u00eates mall\u00e9ables Bifull (100 % cheveux naturels) permettent de d\u00e9colorer ou colorer les cheveux et de r\u00e9aliser des permanentes.<\/p>\n<p>ENTRETIEN : Laver les cheveux avec shampooing et apr\u00e8s-shampooing en massant d\u00e9licatement des racines aux pointes. Rincer abondamment \u00e0 l\u2019eau ti\u00e8de. S\u00e9cher d\u00e9licatement l\u2019exc\u00e8s d\u2019eau avec une serviette, sans frotter les cheveux, afin d\u2019\u00e9viter les n\u0153uds. Brosser les cheveux par sections ; en cas de n\u0153ud, ne pas tirer brusquement pour ne pas ab\u00eemer ni casser les cheveux.<br \/>\nDENSIT\u00c9 STANDARD C \u00b7 210 unit\u00e9s par cm\u00b2.<\/p>\n<p>SUPPORT INCLUS<\/p>\n","protected":false},"excerpt":{"rendered":"<p>Cheveux 100 % humains 7\u201d light brown_15-18 cm.<\/p>\n","protected":false},"featured_media":69908,"template":"","meta":{"_acf_changed":false,"_jet_sm_ready_style":"","_jet_sm_style":"","_jet_sm_controls_values":"","_jet_sm_fonts_collection":"","_jet_sm_fonts_links":""},"product_brand":[],"product_cat":[1018],"product_tag":[],"class_list":{"0":"post-81453","1":"product","2":"type-product","3":"status-publish","4":"has-post-thumbnail","6":"product_cat-tetes-malleables","7":"sales-flash-overlay","8":"woocommerce-text-align-center","9":"woocommerce-image-align-center","10":"do-quantity-buttons","11":"wc-has-gallery","13":"first","14":"outofstock","15":"taxable","16":"shipping-taxable","17":"purchasable","18":"product-type-simple"},"bundled_by":[],"bundle_stock_status":"outofstock","bundle_stock_quantity":0,"bundle_virtual":false,"bundle_layout":"","bundle_add_to_cart_form_location":"","bundle_editable_in_cart":false,"bundle_sold_individually_context":"","bundle_item_grouping":"","bundle_min_size":"","bundle_max_size":"","bundle_price":[],"bundled_items":[],"bundle_sell_ids":[],"acf":[],"yoast_head":"<!-- This site is optimized with the Yoast SEO Premium plugin v25.9 (Yoast SEO v27.5) - https:\/\/yoast.com\/product\/yoast-seo-premium-wordpress\/ -->\n<title>T\u00eate mall\u00e9able homme light brown 18 cm - BIFULL - KZ Profesional<\/title>\n<meta name=\"robots\" content=\"index, follow, max-snippet:-1, max-image-preview:large, max-video-preview:-1\" \/>\n<link rel=\"canonical\" href=\"https:\/\/kzprofesional.com\/fr\/tete-malleable-homme-light-brown-18-cm-bifull\/\" \/>\n<meta property=\"og:locale\" content=\"fr_FR\" \/>\n<meta property=\"og:type\" content=\"article\" \/>\n<meta property=\"og:title\" content=\"T\u00eate mall\u00e9able homme light brown 18 cm - BIFULL\" \/>\n<meta property=\"og:description\" content=\"Cheveux 100 % humains 7\u201d light brown_15-18 cm.\" \/>\n<meta property=\"og:url\" content=\"https:\/\/kzprofesional.com\/fr\/tete-malleable-homme-light-brown-18-cm-bifull\/\" \/>\n<meta property=\"og:site_name\" content=\"KZ Profesional\" \/>\n<meta property=\"article:modified_time\" content=\"2026-04-28T14:58:15+00:00\" \/>\n<meta property=\"og:image\" content=\"https:\/\/kzprofesional.com\/wp-content\/uploads\/6EDE76A3-E3B6-49BC-9454-9779939DD64D.jpeg\" \/>\n\t<meta property=\"og:image:width\" content=\"1829\" \/>\n\t<meta property=\"og:image:height\" content=\"1832\" \/>\n\t<meta property=\"og:image:type\" content=\"image\/jpeg\" \/>\n<meta name=\"twitter:card\" content=\"summary_large_image\" \/>\n<script type=\"application\/ld+json\" class=\"yoast-schema-graph\">{\"@context\":\"https:\\\/\\\/schema.org\",\"@graph\":[{\"@type\":\"WebPage\",\"@id\":\"https:\\\/\\\/kzprofesional.com\\\/fr\\\/tete-malleable-homme-light-brown-18-cm-bifull\\\/\",\"url\":\"https:\\\/\\\/kzprofesional.com\\\/fr\\\/tete-malleable-homme-light-brown-18-cm-bifull\\\/\",\"name\":\"T\u00eate mall\u00e9able homme light brown 18 cm - BIFULL - KZ Profesional\",\"isPartOf\":{\"@id\":\"https:\\\/\\\/kzprofesional.com\\\/#website\"},\"primaryImageOfPage\":{\"@id\":\"https:\\\/\\\/kzprofesional.com\\\/fr\\\/tete-malleable-homme-light-brown-18-cm-bifull\\\/#primaryimage\"},\"image\":{\"@id\":\"https:\\\/\\\/kzprofesional.com\\\/fr\\\/tete-malleable-homme-light-brown-18-cm-bifull\\\/#primaryimage\"},\"thumbnailUrl\":\"https:\\\/\\\/kzprofesional.com\\\/wp-content\\\/uploads\\\/6EDE76A3-E3B6-49BC-9454-9779939DD64D.jpeg\",\"datePublished\":\"2021-11-17T01:13:41+00:00\",\"dateModified\":\"2026-04-28T14:58:15+00:00\",\"breadcrumb\":{\"@id\":\"https:\\\/\\\/kzprofesional.com\\\/fr\\\/tete-malleable-homme-light-brown-18-cm-bifull\\\/#breadcrumb\"},\"inLanguage\":\"fr-FR\",\"potentialAction\":[{\"@type\":\"ReadAction\",\"target\":[\"https:\\\/\\\/kzprofesional.com\\\/fr\\\/tete-malleable-homme-light-brown-18-cm-bifull\\\/\"]}]},{\"@type\":\"ImageObject\",\"inLanguage\":\"fr-FR\",\"@id\":\"https:\\\/\\\/kzprofesional.com\\\/fr\\\/tete-malleable-homme-light-brown-18-cm-bifull\\\/#primaryimage\",\"url\":\"https:\\\/\\\/kzprofesional.com\\\/wp-content\\\/uploads\\\/6EDE76A3-E3B6-49BC-9454-9779939DD64D.jpeg\",\"contentUrl\":\"https:\\\/\\\/kzprofesional.com\\\/wp-content\\\/uploads\\\/6EDE76A3-E3B6-49BC-9454-9779939DD64D.jpeg\",\"width\":1829,\"height\":1832},{\"@type\":\"BreadcrumbList\",\"@id\":\"https:\\\/\\\/kzprofesional.com\\\/fr\\\/tete-malleable-homme-light-brown-18-cm-bifull\\\/#breadcrumb\",\"itemListElement\":[{\"@type\":\"ListItem\",\"position\":1,\"name\":\"Accueil\",\"item\":\"https:\\\/\\\/kzprofesional.com\\\/\"},{\"@type\":\"ListItem\",\"position\":2,\"name\":\"Boutique\",\"item\":\"https:\\\/\\\/kzprofesional.com\\\/fr\\\/boutique\\\/\"},{\"@type\":\"ListItem\",\"position\":3,\"name\":\"T\u00eate mall\u00e9able homme light brown 18 cm &#8211; BIFULL\"}]},{\"@type\":\"WebSite\",\"@id\":\"https:\\\/\\\/kzprofesional.com\\\/#website\",\"url\":\"https:\\\/\\\/kzprofesional.com\\\/\",\"name\":\"KZ Profesional\",\"description\":\"\",\"publisher\":{\"@id\":\"https:\\\/\\\/kzprofesional.com\\\/#organization\"},\"potentialAction\":[{\"@type\":\"SearchAction\",\"target\":{\"@type\":\"EntryPoint\",\"urlTemplate\":\"https:\\\/\\\/kzprofesional.com\\\/?s={search_term_string}\"},\"query-input\":{\"@type\":\"PropertyValueSpecification\",\"valueRequired\":true,\"valueName\":\"search_term_string\"}}],\"inLanguage\":\"fr-FR\"},{\"@type\":\"Organization\",\"@id\":\"https:\\\/\\\/kzprofesional.com\\\/#organization\",\"name\":\"Imperio Barber Shop\",\"url\":\"https:\\\/\\\/kzprofesional.com\\\/\",\"logo\":{\"@type\":\"ImageObject\",\"inLanguage\":\"fr-FR\",\"@id\":\"https:\\\/\\\/kzprofesional.com\\\/#\\\/schema\\\/logo\\\/image\\\/\",\"url\":\"https:\\\/\\\/kzprofesional.com\\\/wp-content\\\/uploads\\\/2021\\\/09\\\/Logo-Imperio-Barber-Shop.png\",\"contentUrl\":\"https:\\\/\\\/kzprofesional.com\\\/wp-content\\\/uploads\\\/2021\\\/09\\\/Logo-Imperio-Barber-Shop.png\",\"width\":128,\"height\":128,\"caption\":\"Imperio Barber Shop\"},\"image\":{\"@id\":\"https:\\\/\\\/kzprofesional.com\\\/#\\\/schema\\\/logo\\\/image\\\/\"}}]}<\/script>\n<!-- \/ Yoast SEO Premium plugin. -->","yoast_head_json":{"title":"T\u00eate mall\u00e9able homme light brown 18 cm - BIFULL - KZ Profesional","robots":{"index":"index","follow":"follow","max-snippet":"max-snippet:-1","max-image-preview":"max-image-preview:large","max-video-preview":"max-video-preview:-1"},"canonical":"https:\/\/kzprofesional.com\/fr\/tete-malleable-homme-light-brown-18-cm-bifull\/","og_locale":"fr_FR","og_type":"article","og_title":"T\u00eate mall\u00e9able homme light brown 18 cm - BIFULL","og_description":"Cheveux 100 % humains 7\u201d light brown_15-18 cm.","og_url":"https:\/\/kzprofesional.com\/fr\/tete-malleable-homme-light-brown-18-cm-bifull\/","og_site_name":"KZ Profesional","article_modified_time":"2026-04-28T14:58:15+00:00","og_image":[{"width":1829,"height":1832,"url":"https:\/\/kzprofesional.com\/wp-content\/uploads\/6EDE76A3-E3B6-49BC-9454-9779939DD64D.jpeg","type":"image\/jpeg"}],"twitter_card":"summary_large_image","schema":{"@context":"https:\/\/schema.org","@graph":[{"@type":"WebPage","@id":"https:\/\/kzprofesional.com\/fr\/tete-malleable-homme-light-brown-18-cm-bifull\/","url":"https:\/\/kzprofesional.com\/fr\/tete-malleable-homme-light-brown-18-cm-bifull\/","name":"T\u00eate mall\u00e9able homme light brown 18 cm - BIFULL - KZ Profesional","isPartOf":{"@id":"https:\/\/kzprofesional.com\/#website"},"primaryImageOfPage":{"@id":"https:\/\/kzprofesional.com\/fr\/tete-malleable-homme-light-brown-18-cm-bifull\/#primaryimage"},"image":{"@id":"https:\/\/kzprofesional.com\/fr\/tete-malleable-homme-light-brown-18-cm-bifull\/#primaryimage"},"thumbnailUrl":"https:\/\/kzprofesional.com\/wp-content\/uploads\/6EDE76A3-E3B6-49BC-9454-9779939DD64D.jpeg","datePublished":"2021-11-17T01:13:41+00:00","dateModified":"2026-04-28T14:58:15+00:00","breadcrumb":{"@id":"https:\/\/kzprofesional.com\/fr\/tete-malleable-homme-light-brown-18-cm-bifull\/#breadcrumb"},"inLanguage":"fr-FR","potentialAction":[{"@type":"ReadAction","target":["https:\/\/kzprofesional.com\/fr\/tete-malleable-homme-light-brown-18-cm-bifull\/"]}]},{"@type":"ImageObject","inLanguage":"fr-FR","@id":"https:\/\/kzprofesional.com\/fr\/tete-malleable-homme-light-brown-18-cm-bifull\/#primaryimage","url":"https:\/\/kzprofesional.com\/wp-content\/uploads\/6EDE76A3-E3B6-49BC-9454-9779939DD64D.jpeg","contentUrl":"https:\/\/kzprofesional.com\/wp-content\/uploads\/6EDE76A3-E3B6-49BC-9454-9779939DD64D.jpeg","width":1829,"height":1832},{"@type":"BreadcrumbList","@id":"https:\/\/kzprofesional.com\/fr\/tete-malleable-homme-light-brown-18-cm-bifull\/#breadcrumb","itemListElement":[{"@type":"ListItem","position":1,"name":"Accueil","item":"https:\/\/kzprofesional.com\/"},{"@type":"ListItem","position":2,"name":"Boutique","item":"https:\/\/kzprofesional.com\/fr\/boutique\/"},{"@type":"ListItem","position":3,"name":"T\u00eate mall\u00e9able homme light brown 18 cm &#8211; BIFULL"}]},{"@type":"WebSite","@id":"https:\/\/kzprofesional.com\/#website","url":"https:\/\/kzprofesional.com\/","name":"KZ Profesional","description":"","publisher":{"@id":"https:\/\/kzprofesional.com\/#organization"},"potentialAction":[{"@type":"SearchAction","target":{"@type":"EntryPoint","urlTemplate":"https:\/\/kzprofesional.com\/?s={search_term_string}"},"query-input":{"@type":"PropertyValueSpecification","valueRequired":true,"valueName":"search_term_string"}}],"inLanguage":"fr-FR"},{"@type":"Organization","@id":"https:\/\/kzprofesional.com\/#organization","name":"Imperio Barber Shop","url":"https:\/\/kzprofesional.com\/","logo":{"@type":"ImageObject","inLanguage":"fr-FR","@id":"https:\/\/kzprofesional.com\/#\/schema\/logo\/image\/","url":"https:\/\/kzprofesional.com\/wp-content\/uploads\/2021\/09\/Logo-Imperio-Barber-Shop.png","contentUrl":"https:\/\/kzprofesional.com\/wp-content\/uploads\/2021\/09\/Logo-Imperio-Barber-Shop.png","width":128,"height":128,"caption":"Imperio Barber Shop"},"image":{"@id":"https:\/\/kzprofesional.com\/#\/schema\/logo\/image\/"}}]}},"_links":{"self":[{"href":"https:\/\/kzprofesional.com\/fr\/wp-json\/wp\/v2\/product\/81453","targetHints":{"allow":["GET"]}}],"collection":[{"href":"https:\/\/kzprofesional.com\/fr\/wp-json\/wp\/v2\/product"}],"about":[{"href":"https:\/\/kzprofesional.com\/fr\/wp-json\/wp\/v2\/types\/product"}],"wp:featuredmedia":[{"embeddable":true,"href":"https:\/\/kzprofesional.com\/fr\/wp-json\/wp\/v2\/media\/69908"}],"wp:attachment":[{"href":"https:\/\/kzprofesional.com\/fr\/wp-json\/wp\/v2\/media?parent=81453"}],"wp:term":[{"taxonomy":"product_brand","embeddable":true,"href":"https:\/\/kzprofesional.com\/fr\/wp-json\/wp\/v2\/product_brand?post=81453"},{"taxonomy":"product_cat","embeddable":true,"href":"https:\/\/kzprofesional.com\/fr\/wp-json\/wp\/v2\/product_cat?post=81453"},{"taxonomy":"product_tag","embeddable":true,"href":"https:\/\/kzprofesional.com\/fr\/wp-json\/wp\/v2\/product_tag?post=81453"}],"curies":[{"name":"wp","href":"https:\/\/api.w.org\/{rel}","templated":true}]}}