

{"id":81507,"date":"2021-11-17T02:13:54","date_gmt":"2021-11-17T01:13:54","guid":{"rendered":"https:\/\/kzprofesional.com\/brosse-squelette-double-eurostil\/"},"modified":"2021-11-17T02:13:54","modified_gmt":"2021-11-17T01:13:54","slug":"brosse-squelette-double-eurostil","status":"publish","type":"product","link":"https:\/\/kzprofesional.com\/fr\/brosse-squelette-double-eurostil\/","title":{"rendered":"Brosse squelette double &#8211; EUROSTIL"},"content":{"rendered":"<p>Cette brosse est tr\u00e8s polyvalente gr\u00e2ce aux picots doubles de chaque c\u00f4t\u00e9 et \u00e0 leurs diff\u00e9rentes \u00e9paisseurs. Elle permet ainsi de travailler les cheveux de plusieurs fa\u00e7ons avec la m\u00eame brosse lors du coiffage.<\/p>\n","protected":false},"excerpt":{"rendered":"<p>Cette brosse est tr\u00e8s polyvalente gr\u00e2ce aux picots doubles de chaque c\u00f4t\u00e9 et \u00e0 leurs diff\u00e9rentes \u00e9paisseurs. Elle permet ainsi de travailler les cheveux de plusieurs fa\u00e7ons avec la m\u00eame brosse lors du coiffage.<\/p>\n","protected":false},"featured_media":75043,"template":"","meta":{"_acf_changed":false,"_jet_sm_ready_style":"","_jet_sm_style":"","_jet_sm_controls_values":"","_jet_sm_fonts_collection":"","_jet_sm_fonts_links":""},"product_brand":[],"product_cat":[1021],"product_tag":[],"class_list":{"0":"post-81507","1":"product","2":"type-product","3":"status-publish","4":"has-post-thumbnail","6":"product_cat-brosses","7":"sales-flash-overlay","8":"woocommerce-text-align-center","9":"woocommerce-image-align-center","10":"do-quantity-buttons","12":"first","13":"outofstock","14":"taxable","15":"shipping-taxable","16":"purchasable","17":"product-type-variable","18":"wvs-archive-product-wrapper"},"bundled_by":[],"bundle_stock_status":"outofstock","bundle_stock_quantity":null,"bundle_virtual":false,"bundle_layout":"","bundle_add_to_cart_form_location":"","bundle_editable_in_cart":false,"bundle_sold_individually_context":"","bundle_item_grouping":"","bundle_min_size":"","bundle_max_size":"","bundle_price":[],"bundled_items":[],"bundle_sell_ids":[],"acf":[],"yoast_head":"<!-- This site is optimized with the Yoast SEO Premium plugin v25.9 (Yoast SEO v27.5) - https:\/\/yoast.com\/product\/yoast-seo-premium-wordpress\/ -->\n<title>Brosse squelette double - EUROSTIL - KZ Profesional<\/title>\n<meta name=\"robots\" content=\"index, follow, max-snippet:-1, max-image-preview:large, max-video-preview:-1\" \/>\n<link rel=\"canonical\" href=\"https:\/\/kzprofesional.com\/fr\/brosse-squelette-double-eurostil\/\" \/>\n<meta property=\"og:locale\" content=\"fr_FR\" \/>\n<meta property=\"og:type\" content=\"article\" \/>\n<meta property=\"og:title\" content=\"Brosse squelette double - EUROSTIL\" \/>\n<meta property=\"og:description\" content=\"Cette brosse est tr\u00e8s polyvalente gr\u00e2ce aux picots doubles de chaque c\u00f4t\u00e9 et \u00e0 leurs diff\u00e9rentes \u00e9paisseurs. Elle permet ainsi de travailler les cheveux de plusieurs fa\u00e7ons avec la m\u00eame brosse lors du coiffage.\" \/>\n<meta property=\"og:url\" content=\"https:\/\/kzprofesional.com\/fr\/brosse-squelette-double-eurostil\/\" \/>\n<meta property=\"og:site_name\" content=\"KZ Profesional\" \/>\n<meta property=\"og:image\" content=\"https:\/\/kzprofesional.com\/wp-content\/uploads\/901346D5-7C6A-448C-B98C-8C650B52CADD.jpeg\" \/>\n\t<meta property=\"og:image:width\" content=\"631\" \/>\n\t<meta property=\"og:image:height\" content=\"626\" \/>\n\t<meta property=\"og:image:type\" content=\"image\/jpeg\" \/>\n<meta name=\"twitter:card\" content=\"summary_large_image\" \/>\n<script type=\"application\/ld+json\" class=\"yoast-schema-graph\">{\"@context\":\"https:\\\/\\\/schema.org\",\"@graph\":[{\"@type\":\"WebPage\",\"@id\":\"https:\\\/\\\/kzprofesional.com\\\/fr\\\/brosse-squelette-double-eurostil\\\/\",\"url\":\"https:\\\/\\\/kzprofesional.com\\\/fr\\\/brosse-squelette-double-eurostil\\\/\",\"name\":\"Brosse squelette double - EUROSTIL - KZ Profesional\",\"isPartOf\":{\"@id\":\"https:\\\/\\\/kzprofesional.com\\\/#website\"},\"primaryImageOfPage\":{\"@id\":\"https:\\\/\\\/kzprofesional.com\\\/fr\\\/brosse-squelette-double-eurostil\\\/#primaryimage\"},\"image\":{\"@id\":\"https:\\\/\\\/kzprofesional.com\\\/fr\\\/brosse-squelette-double-eurostil\\\/#primaryimage\"},\"thumbnailUrl\":\"https:\\\/\\\/kzprofesional.com\\\/wp-content\\\/uploads\\\/901346D5-7C6A-448C-B98C-8C650B52CADD.jpeg\",\"datePublished\":\"2021-11-17T01:13:54+00:00\",\"breadcrumb\":{\"@id\":\"https:\\\/\\\/kzprofesional.com\\\/fr\\\/brosse-squelette-double-eurostil\\\/#breadcrumb\"},\"inLanguage\":\"fr-FR\",\"potentialAction\":[{\"@type\":\"ReadAction\",\"target\":[\"https:\\\/\\\/kzprofesional.com\\\/fr\\\/brosse-squelette-double-eurostil\\\/\"]}]},{\"@type\":\"ImageObject\",\"inLanguage\":\"fr-FR\",\"@id\":\"https:\\\/\\\/kzprofesional.com\\\/fr\\\/brosse-squelette-double-eurostil\\\/#primaryimage\",\"url\":\"https:\\\/\\\/kzprofesional.com\\\/wp-content\\\/uploads\\\/901346D5-7C6A-448C-B98C-8C650B52CADD.jpeg\",\"contentUrl\":\"https:\\\/\\\/kzprofesional.com\\\/wp-content\\\/uploads\\\/901346D5-7C6A-448C-B98C-8C650B52CADD.jpeg\",\"width\":631,\"height\":626},{\"@type\":\"BreadcrumbList\",\"@id\":\"https:\\\/\\\/kzprofesional.com\\\/fr\\\/brosse-squelette-double-eurostil\\\/#breadcrumb\",\"itemListElement\":[{\"@type\":\"ListItem\",\"position\":1,\"name\":\"Accueil\",\"item\":\"https:\\\/\\\/kzprofesional.com\\\/\"},{\"@type\":\"ListItem\",\"position\":2,\"name\":\"Boutique\",\"item\":\"https:\\\/\\\/kzprofesional.com\\\/fr\\\/boutique\\\/\"},{\"@type\":\"ListItem\",\"position\":3,\"name\":\"Brosse squelette double &#8211; EUROSTIL\"}]},{\"@type\":\"WebSite\",\"@id\":\"https:\\\/\\\/kzprofesional.com\\\/#website\",\"url\":\"https:\\\/\\\/kzprofesional.com\\\/\",\"name\":\"KZ Profesional\",\"description\":\"\",\"publisher\":{\"@id\":\"https:\\\/\\\/kzprofesional.com\\\/#organization\"},\"potentialAction\":[{\"@type\":\"SearchAction\",\"target\":{\"@type\":\"EntryPoint\",\"urlTemplate\":\"https:\\\/\\\/kzprofesional.com\\\/?s={search_term_string}\"},\"query-input\":{\"@type\":\"PropertyValueSpecification\",\"valueRequired\":true,\"valueName\":\"search_term_string\"}}],\"inLanguage\":\"fr-FR\"},{\"@type\":\"Organization\",\"@id\":\"https:\\\/\\\/kzprofesional.com\\\/#organization\",\"name\":\"Imperio Barber Shop\",\"url\":\"https:\\\/\\\/kzprofesional.com\\\/\",\"logo\":{\"@type\":\"ImageObject\",\"inLanguage\":\"fr-FR\",\"@id\":\"https:\\\/\\\/kzprofesional.com\\\/#\\\/schema\\\/logo\\\/image\\\/\",\"url\":\"https:\\\/\\\/kzprofesional.com\\\/wp-content\\\/uploads\\\/2021\\\/09\\\/Logo-Imperio-Barber-Shop.png\",\"contentUrl\":\"https:\\\/\\\/kzprofesional.com\\\/wp-content\\\/uploads\\\/2021\\\/09\\\/Logo-Imperio-Barber-Shop.png\",\"width\":128,\"height\":128,\"caption\":\"Imperio Barber Shop\"},\"image\":{\"@id\":\"https:\\\/\\\/kzprofesional.com\\\/#\\\/schema\\\/logo\\\/image\\\/\"}}]}<\/script>\n<!-- \/ Yoast SEO Premium plugin. -->","yoast_head_json":{"title":"Brosse squelette double - EUROSTIL - KZ Profesional","robots":{"index":"index","follow":"follow","max-snippet":"max-snippet:-1","max-image-preview":"max-image-preview:large","max-video-preview":"max-video-preview:-1"},"canonical":"https:\/\/kzprofesional.com\/fr\/brosse-squelette-double-eurostil\/","og_locale":"fr_FR","og_type":"article","og_title":"Brosse squelette double - EUROSTIL","og_description":"Cette brosse est tr\u00e8s polyvalente gr\u00e2ce aux picots doubles de chaque c\u00f4t\u00e9 et \u00e0 leurs diff\u00e9rentes \u00e9paisseurs. Elle permet ainsi de travailler les cheveux de plusieurs fa\u00e7ons avec la m\u00eame brosse lors du coiffage.","og_url":"https:\/\/kzprofesional.com\/fr\/brosse-squelette-double-eurostil\/","og_site_name":"KZ Profesional","og_image":[{"width":631,"height":626,"url":"https:\/\/kzprofesional.com\/wp-content\/uploads\/901346D5-7C6A-448C-B98C-8C650B52CADD.jpeg","type":"image\/jpeg"}],"twitter_card":"summary_large_image","schema":{"@context":"https:\/\/schema.org","@graph":[{"@type":"WebPage","@id":"https:\/\/kzprofesional.com\/fr\/brosse-squelette-double-eurostil\/","url":"https:\/\/kzprofesional.com\/fr\/brosse-squelette-double-eurostil\/","name":"Brosse squelette double - EUROSTIL - KZ Profesional","isPartOf":{"@id":"https:\/\/kzprofesional.com\/#website"},"primaryImageOfPage":{"@id":"https:\/\/kzprofesional.com\/fr\/brosse-squelette-double-eurostil\/#primaryimage"},"image":{"@id":"https:\/\/kzprofesional.com\/fr\/brosse-squelette-double-eurostil\/#primaryimage"},"thumbnailUrl":"https:\/\/kzprofesional.com\/wp-content\/uploads\/901346D5-7C6A-448C-B98C-8C650B52CADD.jpeg","datePublished":"2021-11-17T01:13:54+00:00","breadcrumb":{"@id":"https:\/\/kzprofesional.com\/fr\/brosse-squelette-double-eurostil\/#breadcrumb"},"inLanguage":"fr-FR","potentialAction":[{"@type":"ReadAction","target":["https:\/\/kzprofesional.com\/fr\/brosse-squelette-double-eurostil\/"]}]},{"@type":"ImageObject","inLanguage":"fr-FR","@id":"https:\/\/kzprofesional.com\/fr\/brosse-squelette-double-eurostil\/#primaryimage","url":"https:\/\/kzprofesional.com\/wp-content\/uploads\/901346D5-7C6A-448C-B98C-8C650B52CADD.jpeg","contentUrl":"https:\/\/kzprofesional.com\/wp-content\/uploads\/901346D5-7C6A-448C-B98C-8C650B52CADD.jpeg","width":631,"height":626},{"@type":"BreadcrumbList","@id":"https:\/\/kzprofesional.com\/fr\/brosse-squelette-double-eurostil\/#breadcrumb","itemListElement":[{"@type":"ListItem","position":1,"name":"Accueil","item":"https:\/\/kzprofesional.com\/"},{"@type":"ListItem","position":2,"name":"Boutique","item":"https:\/\/kzprofesional.com\/fr\/boutique\/"},{"@type":"ListItem","position":3,"name":"Brosse squelette double &#8211; EUROSTIL"}]},{"@type":"WebSite","@id":"https:\/\/kzprofesional.com\/#website","url":"https:\/\/kzprofesional.com\/","name":"KZ Profesional","description":"","publisher":{"@id":"https:\/\/kzprofesional.com\/#organization"},"potentialAction":[{"@type":"SearchAction","target":{"@type":"EntryPoint","urlTemplate":"https:\/\/kzprofesional.com\/?s={search_term_string}"},"query-input":{"@type":"PropertyValueSpecification","valueRequired":true,"valueName":"search_term_string"}}],"inLanguage":"fr-FR"},{"@type":"Organization","@id":"https:\/\/kzprofesional.com\/#organization","name":"Imperio Barber Shop","url":"https:\/\/kzprofesional.com\/","logo":{"@type":"ImageObject","inLanguage":"fr-FR","@id":"https:\/\/kzprofesional.com\/#\/schema\/logo\/image\/","url":"https:\/\/kzprofesional.com\/wp-content\/uploads\/2021\/09\/Logo-Imperio-Barber-Shop.png","contentUrl":"https:\/\/kzprofesional.com\/wp-content\/uploads\/2021\/09\/Logo-Imperio-Barber-Shop.png","width":128,"height":128,"caption":"Imperio Barber Shop"},"image":{"@id":"https:\/\/kzprofesional.com\/#\/schema\/logo\/image\/"}}]}},"_links":{"self":[{"href":"https:\/\/kzprofesional.com\/fr\/wp-json\/wp\/v2\/product\/81507","targetHints":{"allow":["GET"]}}],"collection":[{"href":"https:\/\/kzprofesional.com\/fr\/wp-json\/wp\/v2\/product"}],"about":[{"href":"https:\/\/kzprofesional.com\/fr\/wp-json\/wp\/v2\/types\/product"}],"wp:featuredmedia":[{"embeddable":true,"href":"https:\/\/kzprofesional.com\/fr\/wp-json\/wp\/v2\/media\/75043"}],"wp:attachment":[{"href":"https:\/\/kzprofesional.com\/fr\/wp-json\/wp\/v2\/media?parent=81507"}],"wp:term":[{"taxonomy":"product_brand","embeddable":true,"href":"https:\/\/kzprofesional.com\/fr\/wp-json\/wp\/v2\/product_brand?post=81507"},{"taxonomy":"product_cat","embeddable":true,"href":"https:\/\/kzprofesional.com\/fr\/wp-json\/wp\/v2\/product_cat?post=81507"},{"taxonomy":"product_tag","embeddable":true,"href":"https:\/\/kzprofesional.com\/fr\/wp-json\/wp\/v2\/product_tag?post=81507"}],"curies":[{"name":"wp","href":"https:\/\/api.w.org\/{rel}","templated":true}]}}