

{"id":81889,"date":"2021-11-17T02:14:35","date_gmt":"2021-11-17T01:14:35","guid":{"rendered":"https:\/\/kzprofesional.com\/lames-euromax-100-entieres-non-divisees-vertice\/"},"modified":"2026-04-28T21:04:25","modified_gmt":"2026-04-28T19:04:25","slug":"lames-euromax-100-entieres-non-divisees-vertice","status":"publish","type":"product","link":"https:\/\/kzprofesional.com\/fr\/produit\/lames-euromax-100-entieres-non-divisees-vertice\/","title":{"rendered":"Lames Euromax 100 enti\u00e8res non divis\u00e9es &#8211; Vertice"},"content":{"rendered":"<p>Les lames de rasoir Vertice Silver Platinum Coated sont \u00e0 double tranchant. Fabriqu\u00e9es en acier su\u00e9dois, elles pr\u00e9sentent des bords recouverts de polym\u00e8re.<\/p>\n","protected":false},"excerpt":{"rendered":"<p>Les lames de rasoir Vertice Silver Platinum Coated sont \u00e0 double tranchant. Fabriqu\u00e9es en acier su\u00e9dois, elles pr\u00e9sentent des bords recouverts de polym\u00e8re.<\/p>\n","protected":false},"featured_media":81890,"template":"","meta":{"_acf_changed":false,"_jet_sm_ready_style":"","_jet_sm_style":"","_jet_sm_controls_values":"","_jet_sm_fonts_collection":"","_jet_sm_fonts_links":""},"product_brand":[],"product_cat":[978],"product_tag":[],"class_list":{"0":"post-81889","1":"product","2":"type-product","3":"status-publish","4":"has-post-thumbnail","6":"product_cat-consommables","7":"sales-flash-overlay","8":"woocommerce-text-align-center","9":"woocommerce-image-align-center","10":"do-quantity-buttons","12":"first","13":"outofstock","14":"taxable","15":"shipping-taxable","16":"purchasable","17":"product-type-simple"},"bundled_by":[],"bundle_stock_status":"outofstock","bundle_stock_quantity":0,"bundle_virtual":false,"bundle_layout":"","bundle_add_to_cart_form_location":"","bundle_editable_in_cart":false,"bundle_sold_individually_context":"","bundle_item_grouping":"","bundle_min_size":"","bundle_max_size":"","bundle_price":[],"bundled_items":[],"bundle_sell_ids":[],"acf":[],"yoast_head":"<!-- This site is optimized with the Yoast SEO Premium plugin v25.9 (Yoast SEO v27.5) - https:\/\/yoast.com\/product\/yoast-seo-premium-wordpress\/ -->\n<title>Lames Euromax 100 enti\u00e8res non divis\u00e9es - Vertice - KZ Profesional<\/title>\n<meta name=\"robots\" content=\"index, follow, max-snippet:-1, max-image-preview:large, max-video-preview:-1\" \/>\n<link rel=\"canonical\" href=\"https:\/\/kzprofesional.com\/fr\/produit\/lames-euromax-100-entieres-non-divisees-vertice\/\" \/>\n<meta property=\"og:locale\" content=\"fr_FR\" \/>\n<meta property=\"og:type\" content=\"article\" \/>\n<meta property=\"og:title\" content=\"Lames Euromax 100 enti\u00e8res non divis\u00e9es - Vertice\" \/>\n<meta property=\"og:description\" content=\"Les lames de rasoir Vertice Silver Platinum Coated sont \u00e0 double tranchant. Fabriqu\u00e9es en acier su\u00e9dois, elles pr\u00e9sentent des bords recouverts de polym\u00e8re.\" \/>\n<meta property=\"og:url\" content=\"https:\/\/kzprofesional.com\/fr\/produit\/lames-euromax-100-entieres-non-divisees-vertice\/\" \/>\n<meta property=\"og:site_name\" content=\"KZ Profesional\" \/>\n<meta property=\"article:modified_time\" content=\"2026-04-28T19:04:25+00:00\" \/>\n<meta property=\"og:image\" content=\"https:\/\/kzprofesional.com\/wp-content\/uploads\/Cuchillas-Euromax-100-enteras-sin-partir-\u2013-Vertice.jpg\" \/>\n\t<meta property=\"og:image:width\" content=\"1500\" \/>\n\t<meta property=\"og:image:height\" content=\"1500\" \/>\n\t<meta property=\"og:image:type\" content=\"image\/jpeg\" \/>\n<meta name=\"twitter:card\" content=\"summary_large_image\" \/>\n<script type=\"application\/ld+json\" class=\"yoast-schema-graph\">{\"@context\":\"https:\\\/\\\/schema.org\",\"@graph\":[{\"@type\":\"WebPage\",\"@id\":\"https:\\\/\\\/kzprofesional.com\\\/fr\\\/produit\\\/lames-euromax-100-entieres-non-divisees-vertice\\\/\",\"url\":\"https:\\\/\\\/kzprofesional.com\\\/fr\\\/produit\\\/lames-euromax-100-entieres-non-divisees-vertice\\\/\",\"name\":\"Lames Euromax 100 enti\u00e8res non divis\u00e9es - Vertice - KZ Profesional\",\"isPartOf\":{\"@id\":\"https:\\\/\\\/kzprofesional.com\\\/#website\"},\"primaryImageOfPage\":{\"@id\":\"https:\\\/\\\/kzprofesional.com\\\/fr\\\/produit\\\/lames-euromax-100-entieres-non-divisees-vertice\\\/#primaryimage\"},\"image\":{\"@id\":\"https:\\\/\\\/kzprofesional.com\\\/fr\\\/produit\\\/lames-euromax-100-entieres-non-divisees-vertice\\\/#primaryimage\"},\"thumbnailUrl\":\"https:\\\/\\\/kzprofesional.com\\\/wp-content\\\/uploads\\\/Cuchillas-Euromax-100-enteras-sin-partir-\u2013-Vertice.jpg\",\"datePublished\":\"2021-11-17T01:14:35+00:00\",\"dateModified\":\"2026-04-28T19:04:25+00:00\",\"breadcrumb\":{\"@id\":\"https:\\\/\\\/kzprofesional.com\\\/fr\\\/produit\\\/lames-euromax-100-entieres-non-divisees-vertice\\\/#breadcrumb\"},\"inLanguage\":\"fr-FR\",\"potentialAction\":[{\"@type\":\"ReadAction\",\"target\":[\"https:\\\/\\\/kzprofesional.com\\\/fr\\\/produit\\\/lames-euromax-100-entieres-non-divisees-vertice\\\/\"]}]},{\"@type\":\"ImageObject\",\"inLanguage\":\"fr-FR\",\"@id\":\"https:\\\/\\\/kzprofesional.com\\\/fr\\\/produit\\\/lames-euromax-100-entieres-non-divisees-vertice\\\/#primaryimage\",\"url\":\"https:\\\/\\\/kzprofesional.com\\\/wp-content\\\/uploads\\\/Cuchillas-Euromax-100-enteras-sin-partir-\u2013-Vertice.jpg\",\"contentUrl\":\"https:\\\/\\\/kzprofesional.com\\\/wp-content\\\/uploads\\\/Cuchillas-Euromax-100-enteras-sin-partir-\u2013-Vertice.jpg\",\"width\":1500,\"height\":1500},{\"@type\":\"BreadcrumbList\",\"@id\":\"https:\\\/\\\/kzprofesional.com\\\/fr\\\/produit\\\/lames-euromax-100-entieres-non-divisees-vertice\\\/#breadcrumb\",\"itemListElement\":[{\"@type\":\"ListItem\",\"position\":1,\"name\":\"Accueil\",\"item\":\"https:\\\/\\\/kzprofesional.com\\\/\"},{\"@type\":\"ListItem\",\"position\":2,\"name\":\"Boutique\",\"item\":\"https:\\\/\\\/kzprofesional.com\\\/fr\\\/boutique\\\/\"},{\"@type\":\"ListItem\",\"position\":3,\"name\":\"Lames Euromax 100 enti\u00e8res non divis\u00e9es &#8211; Vertice\"}]},{\"@type\":\"WebSite\",\"@id\":\"https:\\\/\\\/kzprofesional.com\\\/#website\",\"url\":\"https:\\\/\\\/kzprofesional.com\\\/\",\"name\":\"KZ Profesional\",\"description\":\"\",\"publisher\":{\"@id\":\"https:\\\/\\\/kzprofesional.com\\\/#organization\"},\"potentialAction\":[{\"@type\":\"SearchAction\",\"target\":{\"@type\":\"EntryPoint\",\"urlTemplate\":\"https:\\\/\\\/kzprofesional.com\\\/?s={search_term_string}\"},\"query-input\":{\"@type\":\"PropertyValueSpecification\",\"valueRequired\":true,\"valueName\":\"search_term_string\"}}],\"inLanguage\":\"fr-FR\"},{\"@type\":\"Organization\",\"@id\":\"https:\\\/\\\/kzprofesional.com\\\/#organization\",\"name\":\"Imperio Barber Shop\",\"url\":\"https:\\\/\\\/kzprofesional.com\\\/\",\"logo\":{\"@type\":\"ImageObject\",\"inLanguage\":\"fr-FR\",\"@id\":\"https:\\\/\\\/kzprofesional.com\\\/#\\\/schema\\\/logo\\\/image\\\/\",\"url\":\"https:\\\/\\\/kzprofesional.com\\\/wp-content\\\/uploads\\\/2021\\\/09\\\/Logo-Imperio-Barber-Shop.png\",\"contentUrl\":\"https:\\\/\\\/kzprofesional.com\\\/wp-content\\\/uploads\\\/2021\\\/09\\\/Logo-Imperio-Barber-Shop.png\",\"width\":128,\"height\":128,\"caption\":\"Imperio Barber Shop\"},\"image\":{\"@id\":\"https:\\\/\\\/kzprofesional.com\\\/#\\\/schema\\\/logo\\\/image\\\/\"}}]}<\/script>\n<!-- \/ Yoast SEO Premium plugin. -->","yoast_head_json":{"title":"Lames Euromax 100 enti\u00e8res non divis\u00e9es - Vertice - KZ Profesional","robots":{"index":"index","follow":"follow","max-snippet":"max-snippet:-1","max-image-preview":"max-image-preview:large","max-video-preview":"max-video-preview:-1"},"canonical":"https:\/\/kzprofesional.com\/fr\/produit\/lames-euromax-100-entieres-non-divisees-vertice\/","og_locale":"fr_FR","og_type":"article","og_title":"Lames Euromax 100 enti\u00e8res non divis\u00e9es - Vertice","og_description":"Les lames de rasoir Vertice Silver Platinum Coated sont \u00e0 double tranchant. Fabriqu\u00e9es en acier su\u00e9dois, elles pr\u00e9sentent des bords recouverts de polym\u00e8re.","og_url":"https:\/\/kzprofesional.com\/fr\/produit\/lames-euromax-100-entieres-non-divisees-vertice\/","og_site_name":"KZ Profesional","article_modified_time":"2026-04-28T19:04:25+00:00","og_image":[{"width":1500,"height":1500,"url":"https:\/\/kzprofesional.com\/wp-content\/uploads\/Cuchillas-Euromax-100-enteras-sin-partir-\u2013-Vertice.jpg","type":"image\/jpeg"}],"twitter_card":"summary_large_image","schema":{"@context":"https:\/\/schema.org","@graph":[{"@type":"WebPage","@id":"https:\/\/kzprofesional.com\/fr\/produit\/lames-euromax-100-entieres-non-divisees-vertice\/","url":"https:\/\/kzprofesional.com\/fr\/produit\/lames-euromax-100-entieres-non-divisees-vertice\/","name":"Lames Euromax 100 enti\u00e8res non divis\u00e9es - Vertice - KZ Profesional","isPartOf":{"@id":"https:\/\/kzprofesional.com\/#website"},"primaryImageOfPage":{"@id":"https:\/\/kzprofesional.com\/fr\/produit\/lames-euromax-100-entieres-non-divisees-vertice\/#primaryimage"},"image":{"@id":"https:\/\/kzprofesional.com\/fr\/produit\/lames-euromax-100-entieres-non-divisees-vertice\/#primaryimage"},"thumbnailUrl":"https:\/\/kzprofesional.com\/wp-content\/uploads\/Cuchillas-Euromax-100-enteras-sin-partir-\u2013-Vertice.jpg","datePublished":"2021-11-17T01:14:35+00:00","dateModified":"2026-04-28T19:04:25+00:00","breadcrumb":{"@id":"https:\/\/kzprofesional.com\/fr\/produit\/lames-euromax-100-entieres-non-divisees-vertice\/#breadcrumb"},"inLanguage":"fr-FR","potentialAction":[{"@type":"ReadAction","target":["https:\/\/kzprofesional.com\/fr\/produit\/lames-euromax-100-entieres-non-divisees-vertice\/"]}]},{"@type":"ImageObject","inLanguage":"fr-FR","@id":"https:\/\/kzprofesional.com\/fr\/produit\/lames-euromax-100-entieres-non-divisees-vertice\/#primaryimage","url":"https:\/\/kzprofesional.com\/wp-content\/uploads\/Cuchillas-Euromax-100-enteras-sin-partir-\u2013-Vertice.jpg","contentUrl":"https:\/\/kzprofesional.com\/wp-content\/uploads\/Cuchillas-Euromax-100-enteras-sin-partir-\u2013-Vertice.jpg","width":1500,"height":1500},{"@type":"BreadcrumbList","@id":"https:\/\/kzprofesional.com\/fr\/produit\/lames-euromax-100-entieres-non-divisees-vertice\/#breadcrumb","itemListElement":[{"@type":"ListItem","position":1,"name":"Accueil","item":"https:\/\/kzprofesional.com\/"},{"@type":"ListItem","position":2,"name":"Boutique","item":"https:\/\/kzprofesional.com\/fr\/boutique\/"},{"@type":"ListItem","position":3,"name":"Lames Euromax 100 enti\u00e8res non divis\u00e9es &#8211; Vertice"}]},{"@type":"WebSite","@id":"https:\/\/kzprofesional.com\/#website","url":"https:\/\/kzprofesional.com\/","name":"KZ Profesional","description":"","publisher":{"@id":"https:\/\/kzprofesional.com\/#organization"},"potentialAction":[{"@type":"SearchAction","target":{"@type":"EntryPoint","urlTemplate":"https:\/\/kzprofesional.com\/?s={search_term_string}"},"query-input":{"@type":"PropertyValueSpecification","valueRequired":true,"valueName":"search_term_string"}}],"inLanguage":"fr-FR"},{"@type":"Organization","@id":"https:\/\/kzprofesional.com\/#organization","name":"Imperio Barber Shop","url":"https:\/\/kzprofesional.com\/","logo":{"@type":"ImageObject","inLanguage":"fr-FR","@id":"https:\/\/kzprofesional.com\/#\/schema\/logo\/image\/","url":"https:\/\/kzprofesional.com\/wp-content\/uploads\/2021\/09\/Logo-Imperio-Barber-Shop.png","contentUrl":"https:\/\/kzprofesional.com\/wp-content\/uploads\/2021\/09\/Logo-Imperio-Barber-Shop.png","width":128,"height":128,"caption":"Imperio Barber Shop"},"image":{"@id":"https:\/\/kzprofesional.com\/#\/schema\/logo\/image\/"}}]}},"_links":{"self":[{"href":"https:\/\/kzprofesional.com\/fr\/wp-json\/wp\/v2\/product\/81889","targetHints":{"allow":["GET"]}}],"collection":[{"href":"https:\/\/kzprofesional.com\/fr\/wp-json\/wp\/v2\/product"}],"about":[{"href":"https:\/\/kzprofesional.com\/fr\/wp-json\/wp\/v2\/types\/product"}],"wp:featuredmedia":[{"embeddable":true,"href":"https:\/\/kzprofesional.com\/fr\/wp-json\/wp\/v2\/media\/81890"}],"wp:attachment":[{"href":"https:\/\/kzprofesional.com\/fr\/wp-json\/wp\/v2\/media?parent=81889"}],"wp:term":[{"taxonomy":"product_brand","embeddable":true,"href":"https:\/\/kzprofesional.com\/fr\/wp-json\/wp\/v2\/product_brand?post=81889"},{"taxonomy":"product_cat","embeddable":true,"href":"https:\/\/kzprofesional.com\/fr\/wp-json\/wp\/v2\/product_cat?post=81889"},{"taxonomy":"product_tag","embeddable":true,"href":"https:\/\/kzprofesional.com\/fr\/wp-json\/wp\/v2\/product_tag?post=81889"}],"curies":[{"name":"wp","href":"https:\/\/api.w.org\/{rel}","templated":true}]}}