

{"id":81931,"date":"2021-11-17T02:14:36","date_gmt":"2021-11-17T01:14:36","guid":{"rendered":"https:\/\/kzprofesional.com\/lames-premium-coupees-100-unites-derby\/"},"modified":"2026-04-28T22:50:45","modified_gmt":"2026-04-28T20:50:45","slug":"lames-premium-coupees-100-unites-derby","status":"publish","type":"product","link":"https:\/\/kzprofesional.com\/fr\/produit\/lames-premium-coupees-100-unites-derby\/","title":{"rendered":"Lames Premium coup\u00e9es 100 unit\u00e9s &#8211; DERBY"},"content":{"rendered":"<p><strong>Lames de rasoir Derby Premium coup\u00e9es en demi-lames. <\/strong><\/p>\n<p>Nouvelle lame am\u00e9lior\u00e9e Derby Professional qui facilite le travail des barbiers, car elle est d\u00e9j\u00e0 coup\u00e9e et pr\u00eate \u00e0 \u00eatre ins\u00e9r\u00e9e directement dans votre rasoir ou shavette, sans avoir \u00e0 couper chaque lame.<\/p>\n<p><em>Caract\u00e9ristiques :<\/em><\/p>\n<ul>\n<li>Les lames de rasoir sont perfor\u00e9es, tremp\u00e9es et aff\u00fbt\u00e9es \u00e0 l\u2019aide des \u00e9quipements les plus avanc\u00e9s.<\/li>\n<li>Derby fabrique ses lames de rasage avec chrome-c\u00e9ramique-tungst\u00e8ne, platine et d\u00e9sormais un fil en polym\u00e8re, ce qui donne \u00e0 la lame force et robustesse et prolonge donc sa dur\u00e9e d\u2019utilisation.<\/li>\n<\/ul>\n","protected":false},"excerpt":{"rendered":"<p>Ses bords sont sp\u00e9cialement rev\u00eatus de chrome, c\u00e9ramique, platine, tungst\u00e8ne et polym\u00e8re.<\/p>\n","protected":false},"featured_media":65078,"template":"","meta":{"_acf_changed":false,"_jet_sm_ready_style":"","_jet_sm_style":"","_jet_sm_controls_values":"","_jet_sm_fonts_collection":"","_jet_sm_fonts_links":""},"product_brand":[],"product_cat":[978],"product_tag":[],"class_list":{"0":"post-81931","1":"product","2":"type-product","3":"status-publish","4":"has-post-thumbnail","6":"product_cat-consommables","7":"sales-flash-overlay","8":"woocommerce-text-align-center","9":"woocommerce-image-align-center","10":"do-quantity-buttons","12":"first","13":"outofstock","14":"taxable","15":"shipping-taxable","16":"purchasable","17":"product-type-simple"},"bundled_by":[],"bundle_stock_status":"outofstock","bundle_stock_quantity":-5,"bundle_virtual":false,"bundle_layout":"","bundle_add_to_cart_form_location":"","bundle_editable_in_cart":false,"bundle_sold_individually_context":"","bundle_item_grouping":"","bundle_min_size":"","bundle_max_size":"","bundle_price":[],"bundled_items":[],"bundle_sell_ids":[],"acf":[],"yoast_head":"<!-- This site is optimized with the Yoast SEO Premium plugin v25.9 (Yoast SEO v27.5) - https:\/\/yoast.com\/product\/yoast-seo-premium-wordpress\/ -->\n<title>Lames Premium coup\u00e9es 100 unit\u00e9s - DERBY - KZ Profesional<\/title>\n<meta name=\"description\" content=\"Les lames Derby sont d\u00e9j\u00e0 coup\u00e9es et pr\u00eates \u00e0 \u00eatre ins\u00e9r\u00e9es directement dans votre rasoir ou shavette, sans avoir \u00e0 couper chaque lame.\" \/>\n<meta name=\"robots\" content=\"index, follow, max-snippet:-1, max-image-preview:large, max-video-preview:-1\" \/>\n<link rel=\"canonical\" href=\"https:\/\/kzprofesional.com\/producto\/cuchillas-premium-partidas-100-unidades\/\" \/>\n<meta property=\"og:locale\" content=\"fr_FR\" \/>\n<meta property=\"og:type\" content=\"article\" \/>\n<meta property=\"og:title\" content=\"Lames Premium coup\u00e9es 100 unit\u00e9s - DERBY\" \/>\n<meta property=\"og:description\" content=\"Les lames Derby sont d\u00e9j\u00e0 coup\u00e9es et pr\u00eates \u00e0 \u00eatre ins\u00e9r\u00e9es directement dans votre rasoir ou shavette, sans avoir \u00e0 couper chaque lame.\" \/>\n<meta property=\"og:url\" content=\"https:\/\/kzprofesional.com\/producto\/cuchillas-premium-partidas-100-unidades\/\" \/>\n<meta property=\"og:site_name\" content=\"KZ Profesional\" \/>\n<meta property=\"article:modified_time\" content=\"2026-04-28T20:50:45+00:00\" \/>\n<meta property=\"og:image\" content=\"https:\/\/kzprofesional.com\/wp-content\/uploads\/DERBY-CUCHILLAS-PREMIUM-PARTIDAS-100-UNIDADES-1.png\" \/>\n\t<meta property=\"og:image:width\" content=\"1024\" \/>\n\t<meta property=\"og:image:height\" content=\"1024\" \/>\n\t<meta property=\"og:image:type\" content=\"image\/png\" \/>\n<meta name=\"twitter:card\" content=\"summary_large_image\" \/>\n<script type=\"application\/ld+json\" class=\"yoast-schema-graph\">{\"@context\":\"https:\\\/\\\/schema.org\",\"@graph\":[{\"@type\":\"WebPage\",\"@id\":\"https:\\\/\\\/kzprofesional.com\\\/producto\\\/cuchillas-premium-partidas-100-unidades\\\/\",\"url\":\"https:\\\/\\\/kzprofesional.com\\\/producto\\\/cuchillas-premium-partidas-100-unidades\\\/\",\"name\":\"Lames Premium coup\u00e9es 100 unit\u00e9s - DERBY - KZ Profesional\",\"isPartOf\":{\"@id\":\"https:\\\/\\\/kzprofesional.com\\\/#website\"},\"primaryImageOfPage\":{\"@id\":\"https:\\\/\\\/kzprofesional.com\\\/producto\\\/cuchillas-premium-partidas-100-unidades\\\/#primaryimage\"},\"image\":{\"@id\":\"https:\\\/\\\/kzprofesional.com\\\/producto\\\/cuchillas-premium-partidas-100-unidades\\\/#primaryimage\"},\"thumbnailUrl\":\"https:\\\/\\\/kzprofesional.com\\\/wp-content\\\/uploads\\\/DERBY-CUCHILLAS-PREMIUM-PARTIDAS-100-UNIDADES-1.png\",\"datePublished\":\"2021-11-17T01:14:36+00:00\",\"dateModified\":\"2026-04-28T20:50:45+00:00\",\"description\":\"Les lames Derby sont d\u00e9j\u00e0 coup\u00e9es et pr\u00eates \u00e0 \u00eatre ins\u00e9r\u00e9es directement dans votre rasoir ou shavette, sans avoir \u00e0 couper chaque lame.\",\"breadcrumb\":{\"@id\":\"https:\\\/\\\/kzprofesional.com\\\/producto\\\/cuchillas-premium-partidas-100-unidades\\\/#breadcrumb\"},\"inLanguage\":\"fr-FR\",\"potentialAction\":[{\"@type\":\"ReadAction\",\"target\":[\"https:\\\/\\\/kzprofesional.com\\\/producto\\\/cuchillas-premium-partidas-100-unidades\\\/\"]}]},{\"@type\":\"ImageObject\",\"inLanguage\":\"fr-FR\",\"@id\":\"https:\\\/\\\/kzprofesional.com\\\/producto\\\/cuchillas-premium-partidas-100-unidades\\\/#primaryimage\",\"url\":\"https:\\\/\\\/kzprofesional.com\\\/wp-content\\\/uploads\\\/DERBY-CUCHILLAS-PREMIUM-PARTIDAS-100-UNIDADES-1.png\",\"contentUrl\":\"https:\\\/\\\/kzprofesional.com\\\/wp-content\\\/uploads\\\/DERBY-CUCHILLAS-PREMIUM-PARTIDAS-100-UNIDADES-1.png\",\"width\":1024,\"height\":1024,\"caption\":\"[DERBY] CUCHILLAS PREMIUM PARTIDAS 100 UNIDADES (1)\"},{\"@type\":\"BreadcrumbList\",\"@id\":\"https:\\\/\\\/kzprofesional.com\\\/producto\\\/cuchillas-premium-partidas-100-unidades\\\/#breadcrumb\",\"itemListElement\":[{\"@type\":\"ListItem\",\"position\":1,\"name\":\"Accueil\",\"item\":\"https:\\\/\\\/kzprofesional.com\\\/\"},{\"@type\":\"ListItem\",\"position\":2,\"name\":\"Boutique\",\"item\":\"https:\\\/\\\/kzprofesional.com\\\/fr\\\/boutique\\\/\"},{\"@type\":\"ListItem\",\"position\":3,\"name\":\"Lames Premium coup\u00e9es 100 unit\u00e9s &#8211; DERBY\"}]},{\"@type\":\"WebSite\",\"@id\":\"https:\\\/\\\/kzprofesional.com\\\/#website\",\"url\":\"https:\\\/\\\/kzprofesional.com\\\/\",\"name\":\"KZ Profesional\",\"description\":\"\",\"publisher\":{\"@id\":\"https:\\\/\\\/kzprofesional.com\\\/#organization\"},\"potentialAction\":[{\"@type\":\"SearchAction\",\"target\":{\"@type\":\"EntryPoint\",\"urlTemplate\":\"https:\\\/\\\/kzprofesional.com\\\/?s={search_term_string}\"},\"query-input\":{\"@type\":\"PropertyValueSpecification\",\"valueRequired\":true,\"valueName\":\"search_term_string\"}}],\"inLanguage\":\"fr-FR\"},{\"@type\":\"Organization\",\"@id\":\"https:\\\/\\\/kzprofesional.com\\\/#organization\",\"name\":\"Imperio Barber Shop\",\"url\":\"https:\\\/\\\/kzprofesional.com\\\/\",\"logo\":{\"@type\":\"ImageObject\",\"inLanguage\":\"fr-FR\",\"@id\":\"https:\\\/\\\/kzprofesional.com\\\/#\\\/schema\\\/logo\\\/image\\\/\",\"url\":\"https:\\\/\\\/kzprofesional.com\\\/wp-content\\\/uploads\\\/2021\\\/09\\\/Logo-Imperio-Barber-Shop.png\",\"contentUrl\":\"https:\\\/\\\/kzprofesional.com\\\/wp-content\\\/uploads\\\/2021\\\/09\\\/Logo-Imperio-Barber-Shop.png\",\"width\":128,\"height\":128,\"caption\":\"Imperio Barber Shop\"},\"image\":{\"@id\":\"https:\\\/\\\/kzprofesional.com\\\/#\\\/schema\\\/logo\\\/image\\\/\"}}]}<\/script>\n<!-- \/ Yoast SEO Premium plugin. -->","yoast_head_json":{"title":"Lames Premium coup\u00e9es 100 unit\u00e9s - DERBY - KZ Profesional","description":"Les lames Derby sont d\u00e9j\u00e0 coup\u00e9es et pr\u00eates \u00e0 \u00eatre ins\u00e9r\u00e9es directement dans votre rasoir ou shavette, sans avoir \u00e0 couper chaque lame.","robots":{"index":"index","follow":"follow","max-snippet":"max-snippet:-1","max-image-preview":"max-image-preview:large","max-video-preview":"max-video-preview:-1"},"canonical":"https:\/\/kzprofesional.com\/producto\/cuchillas-premium-partidas-100-unidades\/","og_locale":"fr_FR","og_type":"article","og_title":"Lames Premium coup\u00e9es 100 unit\u00e9s - DERBY","og_description":"Les lames Derby sont d\u00e9j\u00e0 coup\u00e9es et pr\u00eates \u00e0 \u00eatre ins\u00e9r\u00e9es directement dans votre rasoir ou shavette, sans avoir \u00e0 couper chaque lame.","og_url":"https:\/\/kzprofesional.com\/producto\/cuchillas-premium-partidas-100-unidades\/","og_site_name":"KZ Profesional","article_modified_time":"2026-04-28T20:50:45+00:00","og_image":[{"width":1024,"height":1024,"url":"https:\/\/kzprofesional.com\/wp-content\/uploads\/DERBY-CUCHILLAS-PREMIUM-PARTIDAS-100-UNIDADES-1.png","type":"image\/png"}],"twitter_card":"summary_large_image","schema":{"@context":"https:\/\/schema.org","@graph":[{"@type":"WebPage","@id":"https:\/\/kzprofesional.com\/producto\/cuchillas-premium-partidas-100-unidades\/","url":"https:\/\/kzprofesional.com\/producto\/cuchillas-premium-partidas-100-unidades\/","name":"Lames Premium coup\u00e9es 100 unit\u00e9s - DERBY - KZ Profesional","isPartOf":{"@id":"https:\/\/kzprofesional.com\/#website"},"primaryImageOfPage":{"@id":"https:\/\/kzprofesional.com\/producto\/cuchillas-premium-partidas-100-unidades\/#primaryimage"},"image":{"@id":"https:\/\/kzprofesional.com\/producto\/cuchillas-premium-partidas-100-unidades\/#primaryimage"},"thumbnailUrl":"https:\/\/kzprofesional.com\/wp-content\/uploads\/DERBY-CUCHILLAS-PREMIUM-PARTIDAS-100-UNIDADES-1.png","datePublished":"2021-11-17T01:14:36+00:00","dateModified":"2026-04-28T20:50:45+00:00","description":"Les lames Derby sont d\u00e9j\u00e0 coup\u00e9es et pr\u00eates \u00e0 \u00eatre ins\u00e9r\u00e9es directement dans votre rasoir ou shavette, sans avoir \u00e0 couper chaque lame.","breadcrumb":{"@id":"https:\/\/kzprofesional.com\/producto\/cuchillas-premium-partidas-100-unidades\/#breadcrumb"},"inLanguage":"fr-FR","potentialAction":[{"@type":"ReadAction","target":["https:\/\/kzprofesional.com\/producto\/cuchillas-premium-partidas-100-unidades\/"]}]},{"@type":"ImageObject","inLanguage":"fr-FR","@id":"https:\/\/kzprofesional.com\/producto\/cuchillas-premium-partidas-100-unidades\/#primaryimage","url":"https:\/\/kzprofesional.com\/wp-content\/uploads\/DERBY-CUCHILLAS-PREMIUM-PARTIDAS-100-UNIDADES-1.png","contentUrl":"https:\/\/kzprofesional.com\/wp-content\/uploads\/DERBY-CUCHILLAS-PREMIUM-PARTIDAS-100-UNIDADES-1.png","width":1024,"height":1024,"caption":"[DERBY] CUCHILLAS PREMIUM PARTIDAS 100 UNIDADES (1)"},{"@type":"BreadcrumbList","@id":"https:\/\/kzprofesional.com\/producto\/cuchillas-premium-partidas-100-unidades\/#breadcrumb","itemListElement":[{"@type":"ListItem","position":1,"name":"Accueil","item":"https:\/\/kzprofesional.com\/"},{"@type":"ListItem","position":2,"name":"Boutique","item":"https:\/\/kzprofesional.com\/fr\/boutique\/"},{"@type":"ListItem","position":3,"name":"Lames Premium coup\u00e9es 100 unit\u00e9s &#8211; DERBY"}]},{"@type":"WebSite","@id":"https:\/\/kzprofesional.com\/#website","url":"https:\/\/kzprofesional.com\/","name":"KZ Profesional","description":"","publisher":{"@id":"https:\/\/kzprofesional.com\/#organization"},"potentialAction":[{"@type":"SearchAction","target":{"@type":"EntryPoint","urlTemplate":"https:\/\/kzprofesional.com\/?s={search_term_string}"},"query-input":{"@type":"PropertyValueSpecification","valueRequired":true,"valueName":"search_term_string"}}],"inLanguage":"fr-FR"},{"@type":"Organization","@id":"https:\/\/kzprofesional.com\/#organization","name":"Imperio Barber Shop","url":"https:\/\/kzprofesional.com\/","logo":{"@type":"ImageObject","inLanguage":"fr-FR","@id":"https:\/\/kzprofesional.com\/#\/schema\/logo\/image\/","url":"https:\/\/kzprofesional.com\/wp-content\/uploads\/2021\/09\/Logo-Imperio-Barber-Shop.png","contentUrl":"https:\/\/kzprofesional.com\/wp-content\/uploads\/2021\/09\/Logo-Imperio-Barber-Shop.png","width":128,"height":128,"caption":"Imperio Barber Shop"},"image":{"@id":"https:\/\/kzprofesional.com\/#\/schema\/logo\/image\/"}}]}},"_links":{"self":[{"href":"https:\/\/kzprofesional.com\/fr\/wp-json\/wp\/v2\/product\/81931","targetHints":{"allow":["GET"]}}],"collection":[{"href":"https:\/\/kzprofesional.com\/fr\/wp-json\/wp\/v2\/product"}],"about":[{"href":"https:\/\/kzprofesional.com\/fr\/wp-json\/wp\/v2\/types\/product"}],"wp:featuredmedia":[{"embeddable":true,"href":"https:\/\/kzprofesional.com\/fr\/wp-json\/wp\/v2\/media\/65078"}],"wp:attachment":[{"href":"https:\/\/kzprofesional.com\/fr\/wp-json\/wp\/v2\/media?parent=81931"}],"wp:term":[{"taxonomy":"product_brand","embeddable":true,"href":"https:\/\/kzprofesional.com\/fr\/wp-json\/wp\/v2\/product_brand?post=81931"},{"taxonomy":"product_cat","embeddable":true,"href":"https:\/\/kzprofesional.com\/fr\/wp-json\/wp\/v2\/product_cat?post=81931"},{"taxonomy":"product_tag","embeddable":true,"href":"https:\/\/kzprofesional.com\/fr\/wp-json\/wp\/v2\/product_tag?post=81931"}],"curies":[{"name":"wp","href":"https:\/\/api.w.org\/{rel}","templated":true}]}}