

{"id":82337,"date":"2021-11-17T02:15:42","date_gmt":"2021-11-17T01:15:42","guid":{"rendered":"https:\/\/kzprofesional.com\/exfoliant-mud-scrub-mask-500-ml-l3vel3\/"},"modified":"2021-11-17T02:15:42","modified_gmt":"2021-11-17T01:15:42","slug":"exfoliant-mud-scrub-mask-500-ml-l3vel3","status":"publish","type":"product","link":"https:\/\/kzprofesional.com\/fr\/exfoliant-mud-scrub-mask-500-ml-l3vel3\/","title":{"rendered":"Exfoliant Mud Scrub Mask 500 ml &#8211; L3VEL3"},"content":{"rendered":"<p>Sp\u00e9cialement formul\u00e9 pour \u00e9liminer les traces de salet\u00e9, l\u2019exc\u00e8s de s\u00e9bum et les impuret\u00e9s.<br \/>\nLes ingr\u00e9dients naturels aident le processus d\u2019exfoliation, laissant la peau douce, lisse et \u00e9clatante, avec un grain et une luminosit\u00e9 am\u00e9lior\u00e9s. Cet exfoliant facial \u00e0 la boue aide \u00e0 r\u00e9duire le risque de pores obstru\u00e9s et d\u2019\u00e9ruptions d\u2019acn\u00e9.<\/p>\n<p>Offre une exfoliation du visage douce mais efficace.<\/p>\n<p>Mode d\u2019emploi :<\/p>\n<p>Humidifier compl\u00e8tement la peau. Masser d\u00e9licatement le visage par mouvements circulaires en \u00e9vitant le contour des yeux. Rincer abondamment \u00e0 l\u2019eau.<\/p>\n","protected":false},"excerpt":{"rendered":"<p>Aide \u00e0 rajeunir le visage en \u00e9liminant les cellules mortes de la peau et en favorisant la r\u00e9g\u00e9n\u00e9ration cellulaire.<\/p>\n","protected":false},"featured_media":82338,"template":"","meta":{"_acf_changed":false,"_jet_sm_ready_style":"","_jet_sm_style":"","_jet_sm_controls_values":"","_jet_sm_fonts_collection":"","_jet_sm_fonts_links":""},"product_brand":[],"product_cat":[1008],"product_tag":[],"class_list":{"0":"post-82337","1":"product","2":"type-product","3":"status-publish","4":"has-post-thumbnail","6":"product_cat-soins-du-visage-coiffure","7":"sales-flash-overlay","8":"woocommerce-text-align-center","9":"woocommerce-image-align-center","10":"do-quantity-buttons","12":"first","13":"instock","14":"taxable","15":"shipping-taxable","16":"purchasable","17":"product-type-simple"},"bundled_by":[],"bundle_stock_status":"instock","bundle_stock_quantity":9,"bundle_virtual":false,"bundle_layout":"","bundle_add_to_cart_form_location":"","bundle_editable_in_cart":false,"bundle_sold_individually_context":"","bundle_item_grouping":"","bundle_min_size":"","bundle_max_size":"","bundle_price":[],"bundled_items":[],"bundle_sell_ids":[],"acf":[],"yoast_head":"<!-- This site is optimized with the Yoast SEO Premium plugin v25.9 (Yoast SEO v27.5) - https:\/\/yoast.com\/product\/yoast-seo-premium-wordpress\/ -->\n<title>Exfoliant Mud Scrub Mask 500 ml - L3VEL3 - KZ Profesional<\/title>\n<meta name=\"robots\" content=\"index, follow, max-snippet:-1, max-image-preview:large, max-video-preview:-1\" \/>\n<link rel=\"canonical\" href=\"https:\/\/kzprofesional.com\/fr\/exfoliant-mud-scrub-mask-500-ml-l3vel3\/\" \/>\n<meta property=\"og:locale\" content=\"fr_FR\" \/>\n<meta property=\"og:type\" content=\"article\" \/>\n<meta property=\"og:title\" content=\"Exfoliant Mud Scrub Mask 500 ml - L3VEL3\" \/>\n<meta property=\"og:description\" content=\"Aide \u00e0 rajeunir le visage en \u00e9liminant les cellules mortes de la peau et en favorisant la r\u00e9g\u00e9n\u00e9ration cellulaire.\" \/>\n<meta property=\"og:url\" content=\"https:\/\/kzprofesional.com\/fr\/exfoliant-mud-scrub-mask-500-ml-l3vel3\/\" \/>\n<meta property=\"og:site_name\" content=\"KZ Profesional\" \/>\n<meta property=\"og:image\" content=\"https:\/\/kzprofesional.com\/wp-content\/uploads\/mud-scrub-l3vel3.jpg\" \/>\n\t<meta property=\"og:image:width\" content=\"1500\" \/>\n\t<meta property=\"og:image:height\" content=\"1500\" \/>\n\t<meta property=\"og:image:type\" content=\"image\/jpeg\" \/>\n<meta name=\"twitter:card\" content=\"summary_large_image\" \/>\n<script type=\"application\/ld+json\" class=\"yoast-schema-graph\">{\"@context\":\"https:\\\/\\\/schema.org\",\"@graph\":[{\"@type\":\"WebPage\",\"@id\":\"https:\\\/\\\/kzprofesional.com\\\/fr\\\/exfoliant-mud-scrub-mask-500-ml-l3vel3\\\/\",\"url\":\"https:\\\/\\\/kzprofesional.com\\\/fr\\\/exfoliant-mud-scrub-mask-500-ml-l3vel3\\\/\",\"name\":\"Exfoliant Mud Scrub Mask 500 ml - L3VEL3 - KZ Profesional\",\"isPartOf\":{\"@id\":\"https:\\\/\\\/kzprofesional.com\\\/#website\"},\"primaryImageOfPage\":{\"@id\":\"https:\\\/\\\/kzprofesional.com\\\/fr\\\/exfoliant-mud-scrub-mask-500-ml-l3vel3\\\/#primaryimage\"},\"image\":{\"@id\":\"https:\\\/\\\/kzprofesional.com\\\/fr\\\/exfoliant-mud-scrub-mask-500-ml-l3vel3\\\/#primaryimage\"},\"thumbnailUrl\":\"https:\\\/\\\/kzprofesional.com\\\/wp-content\\\/uploads\\\/mud-scrub-l3vel3.jpg\",\"datePublished\":\"2021-11-17T01:15:42+00:00\",\"breadcrumb\":{\"@id\":\"https:\\\/\\\/kzprofesional.com\\\/fr\\\/exfoliant-mud-scrub-mask-500-ml-l3vel3\\\/#breadcrumb\"},\"inLanguage\":\"fr-FR\",\"potentialAction\":[{\"@type\":\"ReadAction\",\"target\":[\"https:\\\/\\\/kzprofesional.com\\\/fr\\\/exfoliant-mud-scrub-mask-500-ml-l3vel3\\\/\"]}]},{\"@type\":\"ImageObject\",\"inLanguage\":\"fr-FR\",\"@id\":\"https:\\\/\\\/kzprofesional.com\\\/fr\\\/exfoliant-mud-scrub-mask-500-ml-l3vel3\\\/#primaryimage\",\"url\":\"https:\\\/\\\/kzprofesional.com\\\/wp-content\\\/uploads\\\/mud-scrub-l3vel3.jpg\",\"contentUrl\":\"https:\\\/\\\/kzprofesional.com\\\/wp-content\\\/uploads\\\/mud-scrub-l3vel3.jpg\",\"width\":1500,\"height\":1500},{\"@type\":\"BreadcrumbList\",\"@id\":\"https:\\\/\\\/kzprofesional.com\\\/fr\\\/exfoliant-mud-scrub-mask-500-ml-l3vel3\\\/#breadcrumb\",\"itemListElement\":[{\"@type\":\"ListItem\",\"position\":1,\"name\":\"Accueil\",\"item\":\"https:\\\/\\\/kzprofesional.com\\\/\"},{\"@type\":\"ListItem\",\"position\":2,\"name\":\"Boutique\",\"item\":\"https:\\\/\\\/kzprofesional.com\\\/fr\\\/boutique\\\/\"},{\"@type\":\"ListItem\",\"position\":3,\"name\":\"Exfoliant Mud Scrub Mask 500 ml &#8211; L3VEL3\"}]},{\"@type\":\"WebSite\",\"@id\":\"https:\\\/\\\/kzprofesional.com\\\/#website\",\"url\":\"https:\\\/\\\/kzprofesional.com\\\/\",\"name\":\"KZ Profesional\",\"description\":\"\",\"publisher\":{\"@id\":\"https:\\\/\\\/kzprofesional.com\\\/#organization\"},\"potentialAction\":[{\"@type\":\"SearchAction\",\"target\":{\"@type\":\"EntryPoint\",\"urlTemplate\":\"https:\\\/\\\/kzprofesional.com\\\/?s={search_term_string}\"},\"query-input\":{\"@type\":\"PropertyValueSpecification\",\"valueRequired\":true,\"valueName\":\"search_term_string\"}}],\"inLanguage\":\"fr-FR\"},{\"@type\":\"Organization\",\"@id\":\"https:\\\/\\\/kzprofesional.com\\\/#organization\",\"name\":\"Imperio Barber Shop\",\"url\":\"https:\\\/\\\/kzprofesional.com\\\/\",\"logo\":{\"@type\":\"ImageObject\",\"inLanguage\":\"fr-FR\",\"@id\":\"https:\\\/\\\/kzprofesional.com\\\/#\\\/schema\\\/logo\\\/image\\\/\",\"url\":\"https:\\\/\\\/kzprofesional.com\\\/wp-content\\\/uploads\\\/2021\\\/09\\\/Logo-Imperio-Barber-Shop.png\",\"contentUrl\":\"https:\\\/\\\/kzprofesional.com\\\/wp-content\\\/uploads\\\/2021\\\/09\\\/Logo-Imperio-Barber-Shop.png\",\"width\":128,\"height\":128,\"caption\":\"Imperio Barber Shop\"},\"image\":{\"@id\":\"https:\\\/\\\/kzprofesional.com\\\/#\\\/schema\\\/logo\\\/image\\\/\"}}]}<\/script>\n<!-- \/ Yoast SEO Premium plugin. -->","yoast_head_json":{"title":"Exfoliant Mud Scrub Mask 500 ml - L3VEL3 - KZ Profesional","robots":{"index":"index","follow":"follow","max-snippet":"max-snippet:-1","max-image-preview":"max-image-preview:large","max-video-preview":"max-video-preview:-1"},"canonical":"https:\/\/kzprofesional.com\/fr\/exfoliant-mud-scrub-mask-500-ml-l3vel3\/","og_locale":"fr_FR","og_type":"article","og_title":"Exfoliant Mud Scrub Mask 500 ml - L3VEL3","og_description":"Aide \u00e0 rajeunir le visage en \u00e9liminant les cellules mortes de la peau et en favorisant la r\u00e9g\u00e9n\u00e9ration cellulaire.","og_url":"https:\/\/kzprofesional.com\/fr\/exfoliant-mud-scrub-mask-500-ml-l3vel3\/","og_site_name":"KZ Profesional","og_image":[{"width":1500,"height":1500,"url":"https:\/\/kzprofesional.com\/wp-content\/uploads\/mud-scrub-l3vel3.jpg","type":"image\/jpeg"}],"twitter_card":"summary_large_image","schema":{"@context":"https:\/\/schema.org","@graph":[{"@type":"WebPage","@id":"https:\/\/kzprofesional.com\/fr\/exfoliant-mud-scrub-mask-500-ml-l3vel3\/","url":"https:\/\/kzprofesional.com\/fr\/exfoliant-mud-scrub-mask-500-ml-l3vel3\/","name":"Exfoliant Mud Scrub Mask 500 ml - L3VEL3 - KZ Profesional","isPartOf":{"@id":"https:\/\/kzprofesional.com\/#website"},"primaryImageOfPage":{"@id":"https:\/\/kzprofesional.com\/fr\/exfoliant-mud-scrub-mask-500-ml-l3vel3\/#primaryimage"},"image":{"@id":"https:\/\/kzprofesional.com\/fr\/exfoliant-mud-scrub-mask-500-ml-l3vel3\/#primaryimage"},"thumbnailUrl":"https:\/\/kzprofesional.com\/wp-content\/uploads\/mud-scrub-l3vel3.jpg","datePublished":"2021-11-17T01:15:42+00:00","breadcrumb":{"@id":"https:\/\/kzprofesional.com\/fr\/exfoliant-mud-scrub-mask-500-ml-l3vel3\/#breadcrumb"},"inLanguage":"fr-FR","potentialAction":[{"@type":"ReadAction","target":["https:\/\/kzprofesional.com\/fr\/exfoliant-mud-scrub-mask-500-ml-l3vel3\/"]}]},{"@type":"ImageObject","inLanguage":"fr-FR","@id":"https:\/\/kzprofesional.com\/fr\/exfoliant-mud-scrub-mask-500-ml-l3vel3\/#primaryimage","url":"https:\/\/kzprofesional.com\/wp-content\/uploads\/mud-scrub-l3vel3.jpg","contentUrl":"https:\/\/kzprofesional.com\/wp-content\/uploads\/mud-scrub-l3vel3.jpg","width":1500,"height":1500},{"@type":"BreadcrumbList","@id":"https:\/\/kzprofesional.com\/fr\/exfoliant-mud-scrub-mask-500-ml-l3vel3\/#breadcrumb","itemListElement":[{"@type":"ListItem","position":1,"name":"Accueil","item":"https:\/\/kzprofesional.com\/"},{"@type":"ListItem","position":2,"name":"Boutique","item":"https:\/\/kzprofesional.com\/fr\/boutique\/"},{"@type":"ListItem","position":3,"name":"Exfoliant Mud Scrub Mask 500 ml &#8211; L3VEL3"}]},{"@type":"WebSite","@id":"https:\/\/kzprofesional.com\/#website","url":"https:\/\/kzprofesional.com\/","name":"KZ Profesional","description":"","publisher":{"@id":"https:\/\/kzprofesional.com\/#organization"},"potentialAction":[{"@type":"SearchAction","target":{"@type":"EntryPoint","urlTemplate":"https:\/\/kzprofesional.com\/?s={search_term_string}"},"query-input":{"@type":"PropertyValueSpecification","valueRequired":true,"valueName":"search_term_string"}}],"inLanguage":"fr-FR"},{"@type":"Organization","@id":"https:\/\/kzprofesional.com\/#organization","name":"Imperio Barber Shop","url":"https:\/\/kzprofesional.com\/","logo":{"@type":"ImageObject","inLanguage":"fr-FR","@id":"https:\/\/kzprofesional.com\/#\/schema\/logo\/image\/","url":"https:\/\/kzprofesional.com\/wp-content\/uploads\/2021\/09\/Logo-Imperio-Barber-Shop.png","contentUrl":"https:\/\/kzprofesional.com\/wp-content\/uploads\/2021\/09\/Logo-Imperio-Barber-Shop.png","width":128,"height":128,"caption":"Imperio Barber Shop"},"image":{"@id":"https:\/\/kzprofesional.com\/#\/schema\/logo\/image\/"}}]}},"_links":{"self":[{"href":"https:\/\/kzprofesional.com\/fr\/wp-json\/wp\/v2\/product\/82337","targetHints":{"allow":["GET"]}}],"collection":[{"href":"https:\/\/kzprofesional.com\/fr\/wp-json\/wp\/v2\/product"}],"about":[{"href":"https:\/\/kzprofesional.com\/fr\/wp-json\/wp\/v2\/types\/product"}],"wp:featuredmedia":[{"embeddable":true,"href":"https:\/\/kzprofesional.com\/fr\/wp-json\/wp\/v2\/media\/82338"}],"wp:attachment":[{"href":"https:\/\/kzprofesional.com\/fr\/wp-json\/wp\/v2\/media?parent=82337"}],"wp:term":[{"taxonomy":"product_brand","embeddable":true,"href":"https:\/\/kzprofesional.com\/fr\/wp-json\/wp\/v2\/product_brand?post=82337"},{"taxonomy":"product_cat","embeddable":true,"href":"https:\/\/kzprofesional.com\/fr\/wp-json\/wp\/v2\/product_cat?post=82337"},{"taxonomy":"product_tag","embeddable":true,"href":"https:\/\/kzprofesional.com\/fr\/wp-json\/wp\/v2\/product_tag?post=82337"}],"curies":[{"name":"wp","href":"https:\/\/api.w.org\/{rel}","templated":true}]}}