

{"id":82525,"date":"2026-03-12T09:16:29","date_gmt":"2026-03-12T08:16:29","guid":{"rendered":"https:\/\/kzprofesional.com\/shampooing-et-apres-shampooing-500-ml-black-crows\/"},"modified":"2026-04-30T00:32:46","modified_gmt":"2026-04-29T22:32:46","slug":"shampooing-et-apres-shampooing-500-ml-black-crows","status":"publish","type":"product","link":"https:\/\/kzprofesional.com\/fr\/shampooing-et-apres-shampooing-500-ml-black-crows\/","title":{"rendered":"Shampooing et apr\u00e8s-shampooing 500 ml &#8211; BLACK CROWS"},"content":{"rendered":"<p><strong>Shampooing et apr\u00e8s-shampooing 500 ml &#8211; BLACK CROWS<\/strong><\/p>\n<p>F\u00f3rmula pr\u00e1ctica y eficaz que combina shampooing y acondicionador en un solo producto.<\/p>\n<p>Enriquecido con un derivado de prote\u00edna de trigo, este 2 en 1 limpia suavemente mientras nutre y suaviza el cabello, dej\u00e1ndolo<br \/>\nmanejable, saludable y con un aspecto revitalizado.<\/p>\n<p>Ideal para el uso diario y para quienes buscan una rutina de cuidado capilar r\u00e1pida y efectiva.<\/p>\n<p><strong>Mode d\u2019utilisation :<\/strong> Appliquer sur cheveux mouill\u00e9s. Masajear suavemente el cuero cabelludo y el cabello, luego aclarar con abundante agua.<\/p>\n","protected":false},"excerpt":{"rendered":"<p>Shampooing et apr\u00e8s-shampooing 500 ml &#8211; BLACK CROWS F\u00f3rmula pr\u00e1ctica y eficaz que combina shampooing y acondicionador en un solo producto. Enriquecido con un derivado de prote\u00edna de trigo, este 2 en 1 limpia suavemente mientras nutre y suaviza el cabello, dej\u00e1ndolo manejable, saludable y con un aspecto revitalizado. Ideal para el uso diario y &#8230; <a title=\"Shampooing et apr\u00e8s-shampooing 500 ml &#8211; BLACK CROWS\" class=\"read-more\" href=\"https:\/\/kzprofesional.com\/fr\/shampooing-et-apres-shampooing-500-ml-black-crows\/\" aria-label=\"En savoir plus sur Shampooing et apr\u00e8s-shampooing 500 ml &#8211; BLACK CROWS\">Lire plus<\/a><\/p>\n","protected":false},"featured_media":82526,"template":"","meta":{"_acf_changed":false,"_jet_sm_ready_style":"","_jet_sm_style":"","_jet_sm_controls_values":"","_jet_sm_fonts_collection":"","_jet_sm_fonts_links":""},"product_brand":[],"product_cat":[1116,1013,791,806],"product_tag":[],"class_list":{"0":"post-82525","1":"product","2":"type-product","3":"status-publish","4":"has-post-thumbnail","6":"product_cat-barberie","7":"product_cat-hygiene","8":"product_cat-hygiene-et-soins","9":"product_cat-nouveautes","10":"sales-flash-overlay","11":"woocommerce-text-align-center","12":"woocommerce-image-align-center","13":"do-quantity-buttons","15":"first","16":"instock","17":"taxable","18":"shipping-taxable","19":"purchasable","20":"product-type-simple"},"bundled_by":[],"bundle_stock_status":"instock","bundle_stock_quantity":3,"bundle_virtual":false,"bundle_layout":"","bundle_add_to_cart_form_location":"","bundle_editable_in_cart":false,"bundle_sold_individually_context":"","bundle_item_grouping":"","bundle_min_size":"","bundle_max_size":"","bundle_price":[],"bundled_items":[],"bundle_sell_ids":[],"acf":[],"yoast_head":"<!-- This site is optimized with the Yoast SEO Premium plugin v25.9 (Yoast SEO v27.5) - https:\/\/yoast.com\/product\/yoast-seo-premium-wordpress\/ -->\n<title>Shampooing et apr\u00e8s-shampooing 500 ml - BLACK CROWS - KZ Profesional<\/title>\n<meta name=\"description\" content=\"F\u00f3rmula pr\u00e1ctica y eficaz que combina shampooing y acondicionador en un solo producto.\" \/>\n<meta name=\"robots\" content=\"index, follow, max-snippet:-1, max-image-preview:large, max-video-preview:-1\" \/>\n<link rel=\"canonical\" href=\"https:\/\/kzprofesional.com\/champu-y-acondicionador-500-ml-black-crows\/\" \/>\n<meta property=\"og:locale\" content=\"fr_FR\" \/>\n<meta property=\"og:type\" content=\"article\" \/>\n<meta property=\"og:title\" content=\"Shampooing et apr\u00e8s-shampooing 500 ml - BLACK CROWS\" \/>\n<meta property=\"og:description\" content=\"F\u00f3rmula pr\u00e1ctica y eficaz que combina shampooing y acondicionador en un solo producto.\" \/>\n<meta property=\"og:url\" content=\"https:\/\/kzprofesional.com\/champu-y-acondicionador-500-ml-black-crows\/\" \/>\n<meta property=\"og:site_name\" content=\"KZ Profesional\" \/>\n<meta property=\"article:modified_time\" content=\"2026-04-29T22:32:46+00:00\" \/>\n<meta property=\"og:image\" content=\"https:\/\/kzprofesional.com\/wp-content\/uploads\/CHAMPU-Y-ACONDICIONADOR-BLACK-CROWS.png\" \/>\n\t<meta property=\"og:image:width\" content=\"621\" \/>\n\t<meta property=\"og:image:height\" content=\"651\" \/>\n\t<meta property=\"og:image:type\" content=\"image\/png\" \/>\n<meta name=\"twitter:card\" content=\"summary_large_image\" \/>\n<script type=\"application\/ld+json\" class=\"yoast-schema-graph\">{\"@context\":\"https:\\\/\\\/schema.org\",\"@graph\":[{\"@type\":\"WebPage\",\"@id\":\"https:\\\/\\\/kzprofesional.com\\\/champu-y-acondicionador-500-ml-black-crows\\\/\",\"url\":\"https:\\\/\\\/kzprofesional.com\\\/champu-y-acondicionador-500-ml-black-crows\\\/\",\"name\":\"Shampooing et apr\u00e8s-shampooing 500 ml - BLACK CROWS - KZ Profesional\",\"isPartOf\":{\"@id\":\"https:\\\/\\\/kzprofesional.com\\\/#website\"},\"primaryImageOfPage\":{\"@id\":\"https:\\\/\\\/kzprofesional.com\\\/champu-y-acondicionador-500-ml-black-crows\\\/#primaryimage\"},\"image\":{\"@id\":\"https:\\\/\\\/kzprofesional.com\\\/champu-y-acondicionador-500-ml-black-crows\\\/#primaryimage\"},\"thumbnailUrl\":\"https:\\\/\\\/kzprofesional.com\\\/wp-content\\\/uploads\\\/CHAMPU-Y-ACONDICIONADOR-BLACK-CROWS.png\",\"datePublished\":\"2026-03-12T08:16:29+00:00\",\"dateModified\":\"2026-04-29T22:32:46+00:00\",\"description\":\"F\u00f3rmula pr\u00e1ctica y eficaz que combina shampooing y acondicionador en un solo producto.\",\"breadcrumb\":{\"@id\":\"https:\\\/\\\/kzprofesional.com\\\/champu-y-acondicionador-500-ml-black-crows\\\/#breadcrumb\"},\"inLanguage\":\"fr-FR\",\"potentialAction\":[{\"@type\":\"ReadAction\",\"target\":[\"https:\\\/\\\/kzprofesional.com\\\/champu-y-acondicionador-500-ml-black-crows\\\/\"]}]},{\"@type\":\"ImageObject\",\"inLanguage\":\"fr-FR\",\"@id\":\"https:\\\/\\\/kzprofesional.com\\\/champu-y-acondicionador-500-ml-black-crows\\\/#primaryimage\",\"url\":\"https:\\\/\\\/kzprofesional.com\\\/wp-content\\\/uploads\\\/CHAMPU-Y-ACONDICIONADOR-BLACK-CROWS.png\",\"contentUrl\":\"https:\\\/\\\/kzprofesional.com\\\/wp-content\\\/uploads\\\/CHAMPU-Y-ACONDICIONADOR-BLACK-CROWS.png\",\"width\":621,\"height\":651},{\"@type\":\"BreadcrumbList\",\"@id\":\"https:\\\/\\\/kzprofesional.com\\\/champu-y-acondicionador-500-ml-black-crows\\\/#breadcrumb\",\"itemListElement\":[{\"@type\":\"ListItem\",\"position\":1,\"name\":\"Accueil\",\"item\":\"https:\\\/\\\/kzprofesional.com\\\/\"},{\"@type\":\"ListItem\",\"position\":2,\"name\":\"Boutique\",\"item\":\"https:\\\/\\\/kzprofesional.com\\\/fr\\\/boutique\\\/\"},{\"@type\":\"ListItem\",\"position\":3,\"name\":\"Shampooing et apr\u00e8s-shampooing 500 ml &#8211; BLACK CROWS\"}]},{\"@type\":\"WebSite\",\"@id\":\"https:\\\/\\\/kzprofesional.com\\\/#website\",\"url\":\"https:\\\/\\\/kzprofesional.com\\\/\",\"name\":\"KZ Profesional\",\"description\":\"\",\"publisher\":{\"@id\":\"https:\\\/\\\/kzprofesional.com\\\/#organization\"},\"potentialAction\":[{\"@type\":\"SearchAction\",\"target\":{\"@type\":\"EntryPoint\",\"urlTemplate\":\"https:\\\/\\\/kzprofesional.com\\\/?s={search_term_string}\"},\"query-input\":{\"@type\":\"PropertyValueSpecification\",\"valueRequired\":true,\"valueName\":\"search_term_string\"}}],\"inLanguage\":\"fr-FR\"},{\"@type\":\"Organization\",\"@id\":\"https:\\\/\\\/kzprofesional.com\\\/#organization\",\"name\":\"Imperio Barber Shop\",\"url\":\"https:\\\/\\\/kzprofesional.com\\\/\",\"logo\":{\"@type\":\"ImageObject\",\"inLanguage\":\"fr-FR\",\"@id\":\"https:\\\/\\\/kzprofesional.com\\\/#\\\/schema\\\/logo\\\/image\\\/\",\"url\":\"https:\\\/\\\/kzprofesional.com\\\/wp-content\\\/uploads\\\/2021\\\/09\\\/Logo-Imperio-Barber-Shop.png\",\"contentUrl\":\"https:\\\/\\\/kzprofesional.com\\\/wp-content\\\/uploads\\\/2021\\\/09\\\/Logo-Imperio-Barber-Shop.png\",\"width\":128,\"height\":128,\"caption\":\"Imperio Barber Shop\"},\"image\":{\"@id\":\"https:\\\/\\\/kzprofesional.com\\\/#\\\/schema\\\/logo\\\/image\\\/\"}}]}<\/script>\n<!-- \/ Yoast SEO Premium plugin. -->","yoast_head_json":{"title":"Shampooing et apr\u00e8s-shampooing 500 ml - BLACK CROWS - KZ Profesional","description":"F\u00f3rmula pr\u00e1ctica y eficaz que combina shampooing y acondicionador en un solo producto.","robots":{"index":"index","follow":"follow","max-snippet":"max-snippet:-1","max-image-preview":"max-image-preview:large","max-video-preview":"max-video-preview:-1"},"canonical":"https:\/\/kzprofesional.com\/champu-y-acondicionador-500-ml-black-crows\/","og_locale":"fr_FR","og_type":"article","og_title":"Shampooing et apr\u00e8s-shampooing 500 ml - BLACK CROWS","og_description":"F\u00f3rmula pr\u00e1ctica y eficaz que combina shampooing y acondicionador en un solo producto.","og_url":"https:\/\/kzprofesional.com\/champu-y-acondicionador-500-ml-black-crows\/","og_site_name":"KZ Profesional","article_modified_time":"2026-04-29T22:32:46+00:00","og_image":[{"width":621,"height":651,"url":"https:\/\/kzprofesional.com\/wp-content\/uploads\/CHAMPU-Y-ACONDICIONADOR-BLACK-CROWS.png","type":"image\/png"}],"twitter_card":"summary_large_image","schema":{"@context":"https:\/\/schema.org","@graph":[{"@type":"WebPage","@id":"https:\/\/kzprofesional.com\/champu-y-acondicionador-500-ml-black-crows\/","url":"https:\/\/kzprofesional.com\/champu-y-acondicionador-500-ml-black-crows\/","name":"Shampooing et apr\u00e8s-shampooing 500 ml - BLACK CROWS - KZ Profesional","isPartOf":{"@id":"https:\/\/kzprofesional.com\/#website"},"primaryImageOfPage":{"@id":"https:\/\/kzprofesional.com\/champu-y-acondicionador-500-ml-black-crows\/#primaryimage"},"image":{"@id":"https:\/\/kzprofesional.com\/champu-y-acondicionador-500-ml-black-crows\/#primaryimage"},"thumbnailUrl":"https:\/\/kzprofesional.com\/wp-content\/uploads\/CHAMPU-Y-ACONDICIONADOR-BLACK-CROWS.png","datePublished":"2026-03-12T08:16:29+00:00","dateModified":"2026-04-29T22:32:46+00:00","description":"F\u00f3rmula pr\u00e1ctica y eficaz que combina shampooing y acondicionador en un solo producto.","breadcrumb":{"@id":"https:\/\/kzprofesional.com\/champu-y-acondicionador-500-ml-black-crows\/#breadcrumb"},"inLanguage":"fr-FR","potentialAction":[{"@type":"ReadAction","target":["https:\/\/kzprofesional.com\/champu-y-acondicionador-500-ml-black-crows\/"]}]},{"@type":"ImageObject","inLanguage":"fr-FR","@id":"https:\/\/kzprofesional.com\/champu-y-acondicionador-500-ml-black-crows\/#primaryimage","url":"https:\/\/kzprofesional.com\/wp-content\/uploads\/CHAMPU-Y-ACONDICIONADOR-BLACK-CROWS.png","contentUrl":"https:\/\/kzprofesional.com\/wp-content\/uploads\/CHAMPU-Y-ACONDICIONADOR-BLACK-CROWS.png","width":621,"height":651},{"@type":"BreadcrumbList","@id":"https:\/\/kzprofesional.com\/champu-y-acondicionador-500-ml-black-crows\/#breadcrumb","itemListElement":[{"@type":"ListItem","position":1,"name":"Accueil","item":"https:\/\/kzprofesional.com\/"},{"@type":"ListItem","position":2,"name":"Boutique","item":"https:\/\/kzprofesional.com\/fr\/boutique\/"},{"@type":"ListItem","position":3,"name":"Shampooing et apr\u00e8s-shampooing 500 ml &#8211; BLACK CROWS"}]},{"@type":"WebSite","@id":"https:\/\/kzprofesional.com\/#website","url":"https:\/\/kzprofesional.com\/","name":"KZ Profesional","description":"","publisher":{"@id":"https:\/\/kzprofesional.com\/#organization"},"potentialAction":[{"@type":"SearchAction","target":{"@type":"EntryPoint","urlTemplate":"https:\/\/kzprofesional.com\/?s={search_term_string}"},"query-input":{"@type":"PropertyValueSpecification","valueRequired":true,"valueName":"search_term_string"}}],"inLanguage":"fr-FR"},{"@type":"Organization","@id":"https:\/\/kzprofesional.com\/#organization","name":"Imperio Barber Shop","url":"https:\/\/kzprofesional.com\/","logo":{"@type":"ImageObject","inLanguage":"fr-FR","@id":"https:\/\/kzprofesional.com\/#\/schema\/logo\/image\/","url":"https:\/\/kzprofesional.com\/wp-content\/uploads\/2021\/09\/Logo-Imperio-Barber-Shop.png","contentUrl":"https:\/\/kzprofesional.com\/wp-content\/uploads\/2021\/09\/Logo-Imperio-Barber-Shop.png","width":128,"height":128,"caption":"Imperio Barber Shop"},"image":{"@id":"https:\/\/kzprofesional.com\/#\/schema\/logo\/image\/"}}]}},"_links":{"self":[{"href":"https:\/\/kzprofesional.com\/fr\/wp-json\/wp\/v2\/product\/82525","targetHints":{"allow":["GET"]}}],"collection":[{"href":"https:\/\/kzprofesional.com\/fr\/wp-json\/wp\/v2\/product"}],"about":[{"href":"https:\/\/kzprofesional.com\/fr\/wp-json\/wp\/v2\/types\/product"}],"wp:featuredmedia":[{"embeddable":true,"href":"https:\/\/kzprofesional.com\/fr\/wp-json\/wp\/v2\/media\/82526"}],"wp:attachment":[{"href":"https:\/\/kzprofesional.com\/fr\/wp-json\/wp\/v2\/media?parent=82525"}],"wp:term":[{"taxonomy":"product_brand","embeddable":true,"href":"https:\/\/kzprofesional.com\/fr\/wp-json\/wp\/v2\/product_brand?post=82525"},{"taxonomy":"product_cat","embeddable":true,"href":"https:\/\/kzprofesional.com\/fr\/wp-json\/wp\/v2\/product_cat?post=82525"},{"taxonomy":"product_tag","embeddable":true,"href":"https:\/\/kzprofesional.com\/fr\/wp-json\/wp\/v2\/product_tag?post=82525"}],"curies":[{"name":"wp","href":"https:\/\/api.w.org\/{rel}","templated":true}]}}