

{"id":83096,"date":"2026-03-19T16:18:34","date_gmt":"2026-03-19T15:18:34","guid":{"rendered":"https:\/\/kzprofesional.com\/combo-diamant-jrl-collection-jaune-jrl\/"},"modified":"2026-04-30T02:40:18","modified_gmt":"2026-04-30T00:40:18","slug":"combo-diamant-jrl-collection-jaune-jrl","status":"publish","type":"product","link":"https:\/\/kzprofesional.com\/fr\/combo-diamant-jrl-collection-jaune-jrl\/","title":{"rendered":"Combo Diamant JRL Collection Jaune &#8211; JRL"},"content":{"rendered":"<p><strong>Combo Diamant JRL Collection Jaune &#8211; JRL CLIPPER + TRIMMER<\/strong><\/p>\n<p>La s\u00e9rie DI 2025 pr\u00e9sente un duo d\u2019outils de coupe professionnels de pointe: la machine de coupe professionnelle DI 2025C y la la tondeuse de pr\u00e9cision professionnelle DI 2025T. Les deux machines sont \u00e9quip\u00e9es d\u2019un puissant moteur Brushless de 8200 rpm qui garantit un couple exceptionnel, y cuentan con la technologie de charge Reset IQ\u2122 (Patentado) pour prolonger la dur\u00e9e de vie de la batterie y el contr\u00f4le de vitesse constante Smart-Clip (Patentado) que ajusta el motor para mantener una puissance de coupe uniforme.<br \/>\nLa DI 2025C se distingue por su dise\u00f1o de cuchilla de intercambio r\u00e1pido, ofreciendo dos modos de velocidad (6500 RPM y 8200 RPM), y una cuchilla de precisi\u00f3n con Tecnolog\u00eda Cool Blade\u2122 (Patentado) que se mantiene fr\u00eda y afi lada. Por su parte, la DI 2025T destaca por su Lame M EZ-Gap\u2122 de 2\u00aa Generaci\u00f3n, que permite ajustes de precisi\u00f3n sin complicaciones, y un dise\u00f1o de ruido ultra-bajo para una experiencia m\u00e1s silenciosa. Estas herramientas combinan potencia, tecnolog\u00eda inteligente y un dise\u00f1o pensado para el estilista exigente.<\/p>\n<p><strong>DI 2025C<\/strong><\/p>\n<ul>\n<li>\u00a0Vitesse de rotation: 6.500 &#8211; 8200 rpm.<\/li>\n<li>\u00a0Autonomie: 4 h. \u2212 Batterie lithium: 3.6 V, 3500 mAh<\/li>\n<li>\u00a0Niveau sonore: 61,8 &#8211; 71,8 dB. \u2212 Puissance: 10 W. \u2212 Poids: 309 g.<\/li>\n<li>\u00a0Temps de charge: 2,5 h charge rapide, 5h carga de Reset IQ.<\/li>\n<li>\u00a0Entr\u00e9e adaptateur: 100 &#8211; 240 V ~. Sortie: DC 5 V, 2 A.<\/li>\n<li>\u00a0Type de moteur: Brushless.<\/li>\n<li>\u00a0Fr\u00e9quence: 50\/60 Hz. \u2212 Indicateur de charge LED. \u2212 Base de charge: Reset IQ Charge.<\/li>\n<li>\u00a0Niveau de coupe r\u00e9glable: 0.5 &#8211; 3.5 mm.<\/li>\n<li>\u00a06 sabots: 1\/2 (1.5 mm), 1 (3 mm), 1-1\/2 (4.5 mm), 2 (6 mm), 3 (10 mm), 4 (13 mm).<\/li>\n<\/ul>\n<p><strong>DI 2025T<\/strong><\/p>\n<ul>\n<li>\u00a0Vitesse de rotation: 8.200 rpm.<\/li>\n<li>\u00a0Autonomie: 2 h.<\/li>\n<li>\u00a0Batterie lithium: 3.7 V, 2000 mAh<\/li>\n<li>\u00a0Niveau sonore: 61 dB. \u2212 Puissance: 10 W.<\/li>\n<li>Poids: 221 g.<\/li>\n<li>Temps de charge: 3 h charge rapide, 5h carga de Reset IQ.<\/li>\n<li>Adaptateur: Entr\u00e9e: 100 \u2013 240 V ~.Sortie: DC 5 V, 2 A.<\/li>\n<li>Type de moteur: Brushless.<\/li>\n<li>\u00a0Fr\u00e9quence: 50\/60 Hz.<\/li>\n<li>\u00a0Indicateur de charge LED. \u2212 Base de charge: Reset IQ Charge.<\/li>\n<li>\u00a0Niveau de coupe r\u00e9glable: 0 &#8211; 0,5 mm.<\/li>\n<li>\u00a05 sabots: 1\/2 (1.5 mm), 1 (3 mm), 2 (6 mm), 2-1\/2 (8 mm), 3 (10 mm)<\/li>\n<\/ul>\n","protected":false},"excerpt":{"rendered":"<p>Garantie de 1 an pour les professionnels et les entreprises. 3 ans pour les consommateurs particuliers.<\/p>\n","protected":false},"featured_media":83097,"template":"","meta":{"_acf_changed":false,"_jet_sm_ready_style":"","_jet_sm_style":"","_jet_sm_controls_values":"","_jet_sm_fonts_collection":"","_jet_sm_fonts_links":""},"product_brand":[],"product_cat":[933,806,825,824],"product_tag":[],"class_list":{"0":"post-83096","1":"product","2":"type-product","3":"status-publish","4":"has-post-thumbnail","6":"product_cat-combos","7":"product_cat-nouveautes","8":"product_cat-sans-fil","9":"product_cat-tondeuses","10":"product_shipping_class-envio-para-mobiliario","11":"sales-flash-overlay","12":"woocommerce-text-align-center","13":"woocommerce-image-align-center","14":"do-quantity-buttons","16":"first","17":"instock","18":"taxable","19":"shipping-taxable","20":"purchasable","21":"product-type-simple"},"bundled_by":[],"bundle_stock_status":"instock","bundle_stock_quantity":16,"bundle_virtual":false,"bundle_layout":"","bundle_add_to_cart_form_location":"","bundle_editable_in_cart":false,"bundle_sold_individually_context":"","bundle_item_grouping":"","bundle_min_size":"","bundle_max_size":"","bundle_price":[],"bundled_items":[],"bundle_sell_ids":[],"acf":[],"yoast_head":"<!-- This site is optimized with the Yoast SEO Premium plugin v25.9 (Yoast SEO v27.5) - https:\/\/yoast.com\/product\/yoast-seo-premium-wordpress\/ -->\n<title>Combo Diamant JRL Collection Jaune - JRL - KZ Profesional<\/title>\n<meta name=\"description\" content=\"La s\u00e9rie DI 2025 pr\u00e9sente un duo d\u2019outils de coupe professionnels de pointe: la machine de coupe professionnelle DI 2025C y la la tondeuse de pr\u00e9cision professionnelle DI 2025T.\" \/>\n<meta name=\"robots\" content=\"index, follow, max-snippet:-1, max-image-preview:large, max-video-preview:-1\" \/>\n<link rel=\"canonical\" href=\"https:\/\/kzprofesional.com\/combo-diamante-jrl-collection-amarillo-jrl\/\" \/>\n<meta property=\"og:locale\" content=\"fr_FR\" \/>\n<meta property=\"og:type\" content=\"article\" \/>\n<meta property=\"og:title\" content=\"Combo Diamant JRL Collection Jaune - JRL\" \/>\n<meta property=\"og:description\" content=\"La s\u00e9rie DI 2025 pr\u00e9sente un duo d\u2019outils de coupe professionnels de pointe: la machine de coupe professionnelle DI 2025C y la la tondeuse de pr\u00e9cision professionnelle DI 2025T.\" \/>\n<meta property=\"og:url\" content=\"https:\/\/kzprofesional.com\/combo-diamante-jrl-collection-amarillo-jrl\/\" \/>\n<meta property=\"og:site_name\" content=\"KZ Profesional\" \/>\n<meta property=\"article:modified_time\" content=\"2026-04-30T00:40:18+00:00\" \/>\n<meta property=\"og:image\" content=\"https:\/\/kzprofesional.com\/wp-content\/uploads\/JRL-DIAMANTE.png\" \/>\n\t<meta property=\"og:image:width\" content=\"646\" \/>\n\t<meta property=\"og:image:height\" content=\"749\" \/>\n\t<meta property=\"og:image:type\" content=\"image\/png\" \/>\n<meta name=\"twitter:card\" content=\"summary_large_image\" \/>\n<script type=\"application\/ld+json\" class=\"yoast-schema-graph\">{\"@context\":\"https:\\\/\\\/schema.org\",\"@graph\":[{\"@type\":\"WebPage\",\"@id\":\"https:\\\/\\\/kzprofesional.com\\\/combo-diamante-jrl-collection-amarillo-jrl\\\/\",\"url\":\"https:\\\/\\\/kzprofesional.com\\\/combo-diamante-jrl-collection-amarillo-jrl\\\/\",\"name\":\"Combo Diamant JRL Collection Jaune - JRL - KZ Profesional\",\"isPartOf\":{\"@id\":\"https:\\\/\\\/kzprofesional.com\\\/#website\"},\"primaryImageOfPage\":{\"@id\":\"https:\\\/\\\/kzprofesional.com\\\/combo-diamante-jrl-collection-amarillo-jrl\\\/#primaryimage\"},\"image\":{\"@id\":\"https:\\\/\\\/kzprofesional.com\\\/combo-diamante-jrl-collection-amarillo-jrl\\\/#primaryimage\"},\"thumbnailUrl\":\"https:\\\/\\\/kzprofesional.com\\\/wp-content\\\/uploads\\\/JRL-DIAMANTE.png\",\"datePublished\":\"2026-03-19T15:18:34+00:00\",\"dateModified\":\"2026-04-30T00:40:18+00:00\",\"description\":\"La s\u00e9rie DI 2025 pr\u00e9sente un duo d\u2019outils de coupe professionnels de pointe: la machine de coupe professionnelle DI 2025C y la la tondeuse de pr\u00e9cision professionnelle DI 2025T.\",\"breadcrumb\":{\"@id\":\"https:\\\/\\\/kzprofesional.com\\\/combo-diamante-jrl-collection-amarillo-jrl\\\/#breadcrumb\"},\"inLanguage\":\"fr-FR\",\"potentialAction\":[{\"@type\":\"ReadAction\",\"target\":[\"https:\\\/\\\/kzprofesional.com\\\/combo-diamante-jrl-collection-amarillo-jrl\\\/\"]}]},{\"@type\":\"ImageObject\",\"inLanguage\":\"fr-FR\",\"@id\":\"https:\\\/\\\/kzprofesional.com\\\/combo-diamante-jrl-collection-amarillo-jrl\\\/#primaryimage\",\"url\":\"https:\\\/\\\/kzprofesional.com\\\/wp-content\\\/uploads\\\/JRL-DIAMANTE.png\",\"contentUrl\":\"https:\\\/\\\/kzprofesional.com\\\/wp-content\\\/uploads\\\/JRL-DIAMANTE.png\",\"width\":646,\"height\":749},{\"@type\":\"BreadcrumbList\",\"@id\":\"https:\\\/\\\/kzprofesional.com\\\/combo-diamante-jrl-collection-amarillo-jrl\\\/#breadcrumb\",\"itemListElement\":[{\"@type\":\"ListItem\",\"position\":1,\"name\":\"Accueil\",\"item\":\"https:\\\/\\\/kzprofesional.com\\\/\"},{\"@type\":\"ListItem\",\"position\":2,\"name\":\"Boutique\",\"item\":\"https:\\\/\\\/kzprofesional.com\\\/fr\\\/boutique\\\/\"},{\"@type\":\"ListItem\",\"position\":3,\"name\":\"Combo Diamant JRL Collection Jaune &#8211; JRL\"}]},{\"@type\":\"WebSite\",\"@id\":\"https:\\\/\\\/kzprofesional.com\\\/#website\",\"url\":\"https:\\\/\\\/kzprofesional.com\\\/\",\"name\":\"KZ Profesional\",\"description\":\"\",\"publisher\":{\"@id\":\"https:\\\/\\\/kzprofesional.com\\\/#organization\"},\"potentialAction\":[{\"@type\":\"SearchAction\",\"target\":{\"@type\":\"EntryPoint\",\"urlTemplate\":\"https:\\\/\\\/kzprofesional.com\\\/?s={search_term_string}\"},\"query-input\":{\"@type\":\"PropertyValueSpecification\",\"valueRequired\":true,\"valueName\":\"search_term_string\"}}],\"inLanguage\":\"fr-FR\"},{\"@type\":\"Organization\",\"@id\":\"https:\\\/\\\/kzprofesional.com\\\/#organization\",\"name\":\"Imperio Barber Shop\",\"url\":\"https:\\\/\\\/kzprofesional.com\\\/\",\"logo\":{\"@type\":\"ImageObject\",\"inLanguage\":\"fr-FR\",\"@id\":\"https:\\\/\\\/kzprofesional.com\\\/#\\\/schema\\\/logo\\\/image\\\/\",\"url\":\"https:\\\/\\\/kzprofesional.com\\\/wp-content\\\/uploads\\\/2021\\\/09\\\/Logo-Imperio-Barber-Shop.png\",\"contentUrl\":\"https:\\\/\\\/kzprofesional.com\\\/wp-content\\\/uploads\\\/2021\\\/09\\\/Logo-Imperio-Barber-Shop.png\",\"width\":128,\"height\":128,\"caption\":\"Imperio Barber Shop\"},\"image\":{\"@id\":\"https:\\\/\\\/kzprofesional.com\\\/#\\\/schema\\\/logo\\\/image\\\/\"}}]}<\/script>\n<!-- \/ Yoast SEO Premium plugin. -->","yoast_head_json":{"title":"Combo Diamant JRL Collection Jaune - JRL - KZ Profesional","description":"La s\u00e9rie DI 2025 pr\u00e9sente un duo d\u2019outils de coupe professionnels de pointe: la machine de coupe professionnelle DI 2025C y la la tondeuse de pr\u00e9cision professionnelle DI 2025T.","robots":{"index":"index","follow":"follow","max-snippet":"max-snippet:-1","max-image-preview":"max-image-preview:large","max-video-preview":"max-video-preview:-1"},"canonical":"https:\/\/kzprofesional.com\/combo-diamante-jrl-collection-amarillo-jrl\/","og_locale":"fr_FR","og_type":"article","og_title":"Combo Diamant JRL Collection Jaune - JRL","og_description":"La s\u00e9rie DI 2025 pr\u00e9sente un duo d\u2019outils de coupe professionnels de pointe: la machine de coupe professionnelle DI 2025C y la la tondeuse de pr\u00e9cision professionnelle DI 2025T.","og_url":"https:\/\/kzprofesional.com\/combo-diamante-jrl-collection-amarillo-jrl\/","og_site_name":"KZ Profesional","article_modified_time":"2026-04-30T00:40:18+00:00","og_image":[{"width":646,"height":749,"url":"https:\/\/kzprofesional.com\/wp-content\/uploads\/JRL-DIAMANTE.png","type":"image\/png"}],"twitter_card":"summary_large_image","schema":{"@context":"https:\/\/schema.org","@graph":[{"@type":"WebPage","@id":"https:\/\/kzprofesional.com\/combo-diamante-jrl-collection-amarillo-jrl\/","url":"https:\/\/kzprofesional.com\/combo-diamante-jrl-collection-amarillo-jrl\/","name":"Combo Diamant JRL Collection Jaune - JRL - KZ Profesional","isPartOf":{"@id":"https:\/\/kzprofesional.com\/#website"},"primaryImageOfPage":{"@id":"https:\/\/kzprofesional.com\/combo-diamante-jrl-collection-amarillo-jrl\/#primaryimage"},"image":{"@id":"https:\/\/kzprofesional.com\/combo-diamante-jrl-collection-amarillo-jrl\/#primaryimage"},"thumbnailUrl":"https:\/\/kzprofesional.com\/wp-content\/uploads\/JRL-DIAMANTE.png","datePublished":"2026-03-19T15:18:34+00:00","dateModified":"2026-04-30T00:40:18+00:00","description":"La s\u00e9rie DI 2025 pr\u00e9sente un duo d\u2019outils de coupe professionnels de pointe: la machine de coupe professionnelle DI 2025C y la la tondeuse de pr\u00e9cision professionnelle DI 2025T.","breadcrumb":{"@id":"https:\/\/kzprofesional.com\/combo-diamante-jrl-collection-amarillo-jrl\/#breadcrumb"},"inLanguage":"fr-FR","potentialAction":[{"@type":"ReadAction","target":["https:\/\/kzprofesional.com\/combo-diamante-jrl-collection-amarillo-jrl\/"]}]},{"@type":"ImageObject","inLanguage":"fr-FR","@id":"https:\/\/kzprofesional.com\/combo-diamante-jrl-collection-amarillo-jrl\/#primaryimage","url":"https:\/\/kzprofesional.com\/wp-content\/uploads\/JRL-DIAMANTE.png","contentUrl":"https:\/\/kzprofesional.com\/wp-content\/uploads\/JRL-DIAMANTE.png","width":646,"height":749},{"@type":"BreadcrumbList","@id":"https:\/\/kzprofesional.com\/combo-diamante-jrl-collection-amarillo-jrl\/#breadcrumb","itemListElement":[{"@type":"ListItem","position":1,"name":"Accueil","item":"https:\/\/kzprofesional.com\/"},{"@type":"ListItem","position":2,"name":"Boutique","item":"https:\/\/kzprofesional.com\/fr\/boutique\/"},{"@type":"ListItem","position":3,"name":"Combo Diamant JRL Collection Jaune &#8211; JRL"}]},{"@type":"WebSite","@id":"https:\/\/kzprofesional.com\/#website","url":"https:\/\/kzprofesional.com\/","name":"KZ Profesional","description":"","publisher":{"@id":"https:\/\/kzprofesional.com\/#organization"},"potentialAction":[{"@type":"SearchAction","target":{"@type":"EntryPoint","urlTemplate":"https:\/\/kzprofesional.com\/?s={search_term_string}"},"query-input":{"@type":"PropertyValueSpecification","valueRequired":true,"valueName":"search_term_string"}}],"inLanguage":"fr-FR"},{"@type":"Organization","@id":"https:\/\/kzprofesional.com\/#organization","name":"Imperio Barber Shop","url":"https:\/\/kzprofesional.com\/","logo":{"@type":"ImageObject","inLanguage":"fr-FR","@id":"https:\/\/kzprofesional.com\/#\/schema\/logo\/image\/","url":"https:\/\/kzprofesional.com\/wp-content\/uploads\/2021\/09\/Logo-Imperio-Barber-Shop.png","contentUrl":"https:\/\/kzprofesional.com\/wp-content\/uploads\/2021\/09\/Logo-Imperio-Barber-Shop.png","width":128,"height":128,"caption":"Imperio Barber Shop"},"image":{"@id":"https:\/\/kzprofesional.com\/#\/schema\/logo\/image\/"}}]}},"_links":{"self":[{"href":"https:\/\/kzprofesional.com\/fr\/wp-json\/wp\/v2\/product\/83096","targetHints":{"allow":["GET"]}}],"collection":[{"href":"https:\/\/kzprofesional.com\/fr\/wp-json\/wp\/v2\/product"}],"about":[{"href":"https:\/\/kzprofesional.com\/fr\/wp-json\/wp\/v2\/types\/product"}],"wp:featuredmedia":[{"embeddable":true,"href":"https:\/\/kzprofesional.com\/fr\/wp-json\/wp\/v2\/media\/83097"}],"wp:attachment":[{"href":"https:\/\/kzprofesional.com\/fr\/wp-json\/wp\/v2\/media?parent=83096"}],"wp:term":[{"taxonomy":"product_brand","embeddable":true,"href":"https:\/\/kzprofesional.com\/fr\/wp-json\/wp\/v2\/product_brand?post=83096"},{"taxonomy":"product_cat","embeddable":true,"href":"https:\/\/kzprofesional.com\/fr\/wp-json\/wp\/v2\/product_cat?post=83096"},{"taxonomy":"product_tag","embeddable":true,"href":"https:\/\/kzprofesional.com\/fr\/wp-json\/wp\/v2\/product_tag?post=83096"}],"curies":[{"name":"wp","href":"https:\/\/api.w.org\/{rel}","templated":true}]}}