

{"id":83179,"date":"2026-03-20T11:39:47","date_gmt":"2026-03-20T10:39:47","guid":{"rendered":"https:\/\/kzprofesional.com\/machine-clipper-veloce-lite-noire-rouge-cocco\/"},"modified":"2026-04-30T04:41:32","modified_gmt":"2026-04-30T02:41:32","slug":"machine-clipper-veloce-lite-noire-rouge-cocco","status":"publish","type":"product","link":"https:\/\/kzprofesional.com\/fr\/machine-clipper-veloce-lite-noire-rouge-cocco\/","title":{"rendered":"Machine Clipper Veloce Lite Noire\/Rouge &#8211; COCCO"},"content":{"rendered":"<div><strong><em><span dir=\"auto\">Machine Clipper Veloce Lite Noire\/Rouge &#8211; COCCO<\/span><\/em><\/strong><\/div>\n<div>\n<div><em><span dir=\"auto\">La nueva Veloce Lite Clipper, que supone un aut\u00e9ntico renacimiento en rendimiento y dise\u00f1o, refleja la culminaci\u00f3n de las opiniones de usuarios reales, la imaginaci\u00f3n en ingenier\u00eda y una producci\u00f3n rentable.<\/span><\/em><\/div>\n<div><\/div>\n<h4><strong><span dir=\"auto\">F1 Blade<\/span><\/strong><\/h4>\n<div><span dir=\"auto\">Nuestra cuchilla m\u00e1s vers\u00e1til jusqu\u2019\u00e0 la fecha: corta desde un verdadero #00000 jusqu\u2019\u00e0 un verdadero #1, lo que permite un desvanecimiento suave, un ahusamiento preciso y un potente desbaste, todo con una sola cuchilla. La cuchilla F1 significa que los protectores son opcionales.\u00a0<\/span><\/div>\n<div><\/div>\n<h4><strong><span dir=\"auto\">Palanca de interruptor lateral<\/span><\/strong><\/h4>\n<div><span dir=\"auto\">Adaptable para usuarios diestros y zurdos, nuestra palanca de interruptor lateral patentada se puede instalar en cualquiera de los lados de la cortadora Veloce Lite. Dise\u00f1ada con clics claros y definidos, los ajustes de la palanca se mantienen en su lugar durante el corte.<\/span><\/div>\n<div><\/div>\n<h4><strong><span dir=\"auto\">Tama\u00f1o ultraligero y ergon\u00f3mico<\/span><\/strong><\/h4>\n<div><span dir=\"auto\">Perfectamente equilibrada para profesionales que trabajan todo el d\u00eda. Fabricada con pl\u00e1stico ABS resistente y ligero, y un cuerpo ergon\u00f3mico y delgado para un control sin esfuerzo, menor fatiga en la mu\u00f1eca y una maniobrabilidad y velocidad inigualables durante el desvanecimiento, el degradado y el difuminado. La Veloce Lite Clipper es un 20 % m\u00e1s ligera y un 10 % m\u00e1s compacta que su predecesora, la Hyper Veloce.<\/span><\/div>\n<div><\/div>\n<h4><strong><span dir=\"auto\">Moteur de CC de alta tecnolog\u00eda<\/span><\/strong><\/h4>\n<div><span dir=\"auto\">Experimente un rendimiento impecable en cualquier condici\u00f3n. Nuestro motor de corriente continua de alta tecnolog\u00eda est\u00e1 dise\u00f1ado para mantener una velocidad constante de 7000 RPM, independientemente de si el cabello es denso, grueso o est\u00e1 mojado, y cuando la bater\u00eda est\u00e1 completamente cargada o a punto de agotarse.<\/span><\/div>\n<div><\/div>\n<h4><strong><span dir=\"auto\">Base de charge r\u00e1pida optimizada<\/span><\/strong><\/h4>\n<div><span dir=\"auto\">Gracias a su reprogramaci\u00f3n para una carga m\u00e1s eficiente, la recortadora Veloce Lite alcanza la carga completa en aproximadamente 1,5 horas y funciona durante 4 horas. La base de carga est\u00e1 dise\u00f1ada para ser compatible tanto con la recortadora como con la cortadora Veloce Lite.<\/span><\/div>\n<div><span dir=\"auto\">*La duraci\u00f3n de la carga y del funcionamiento puede variar seg\u00fan el uso y las condiciones.*<\/span><\/div>\n<div><\/div>\n<h4><strong><span dir=\"auto\">La herramienta de viaje perfecta<\/span><\/strong><\/h4>\n<div><span dir=\"auto\">La Veloce Lite incorpora un bloqueo de viaje. Mant\u00e9n pulsado el bot\u00f3n de encendido durante tres segundos para activarlo o desactivarlo y evitar la activaci\u00f3n accidental de la herramienta. Adem\u00e1s, cuenta con un puerto de carga USB-C, lo que la hace compatible con la mayor\u00eda de los cargadores de tel\u00e9fono.<\/span><\/div>\n<\/div>\n","protected":false},"excerpt":{"rendered":"<p>\u00a1PR\u00c9VENTE EXCLUSIVE!<\/p>\n<p>R\u00e9servez votre Cocco. Soyez parmi les premiers \u00e0 le recevoir.<\/p>\n<p>\ud83d\uddd3 Disponible \u00e0 partir du 20 de Abril<br \/>\n\ud83d\ude9a Les commandes commenceront \u00e0 \u00eatre exp\u00e9di\u00e9es \u00e0 partir de cette date.<br \/>\n\ud83c\udf81 \u00a1Unit\u00e9s limit\u00e9es en esta primera edici\u00f3n!<\/p>\n<p>\ud83d\udd12 Achetez maintenant pour r\u00e9server votre unit\u00e9.<br \/>\n\ud83d\udcb3 Le paiement est effectu\u00e9 aujourd\u2019hui, l\u2019exp\u00e9dition sera automatique a partir del 20\/04, <strong>le paiement contre remboursement n\u2019est pas disponible<\/strong>.<\/p>\n<p>Garant\u00eda de 1 a\u00f1o para profesionales y empresas. 3 a\u00f1os para consumidores particulares.<\/p>\n","protected":false},"featured_media":83180,"template":"","meta":{"_acf_changed":false,"_jet_sm_ready_style":"","_jet_sm_style":"","_jet_sm_controls_values":"","_jet_sm_fonts_collection":"","_jet_sm_fonts_links":""},"product_brand":[],"product_cat":[766,806,825,824],"product_tag":[],"class_list":{"0":"post-83179","1":"product","2":"type-product","3":"status-publish","4":"has-post-thumbnail","6":"product_cat-clippers-sans-fil","7":"product_cat-nouveautes","8":"product_cat-sans-fil","9":"product_cat-tondeuses","10":"product_shipping_class-envio-para-mobiliario","11":"sales-flash-overlay","12":"woocommerce-text-align-center","13":"woocommerce-image-align-center","14":"do-quantity-buttons","16":"first","17":"instock","18":"taxable","19":"shipping-taxable","20":"purchasable","21":"product-type-simple"},"bundled_by":[],"bundle_stock_status":"instock","bundle_stock_quantity":34,"bundle_virtual":false,"bundle_layout":"","bundle_add_to_cart_form_location":"","bundle_editable_in_cart":false,"bundle_sold_individually_context":"","bundle_item_grouping":"","bundle_min_size":"","bundle_max_size":"","bundle_price":[],"bundled_items":[],"bundle_sell_ids":[],"acf":[],"yoast_head":"<!-- This site is optimized with the Yoast SEO Premium plugin v25.9 (Yoast SEO v27.5) - https:\/\/yoast.com\/product\/yoast-seo-premium-wordpress\/ -->\n<title>Machine Clipper Veloce Lite Noire\/Rouge - COCCO - KZ Profesional<\/title>\n<meta name=\"description\" content=\"La nueva Veloce Lite Clipper, que supone un aut\u00e9ntico renacimiento en rendimiento y dise\u00f1o, refleja la culminaci\u00f3n de las opiniones de usuarios reales, la imaginaci\u00f3n en ingenier\u00eda y una producci\u00f3n rentable.\" \/>\n<meta name=\"robots\" content=\"index, follow, max-snippet:-1, max-image-preview:large, max-video-preview:-1\" \/>\n<link rel=\"canonical\" href=\"https:\/\/kzprofesional.com\/maquina-clipper-veloce-lite-negra-roja-cocco\/\" \/>\n<meta property=\"og:locale\" content=\"fr_FR\" \/>\n<meta property=\"og:type\" content=\"article\" \/>\n<meta property=\"og:title\" content=\"Machine Clipper Veloce Lite Noire\/Rouge - COCCO\" \/>\n<meta property=\"og:description\" content=\"La nueva Veloce Lite Clipper, que supone un aut\u00e9ntico renacimiento en rendimiento y dise\u00f1o, refleja la culminaci\u00f3n de las opiniones de usuarios reales, la imaginaci\u00f3n en ingenier\u00eda y una producci\u00f3n rentable.\" \/>\n<meta property=\"og:url\" content=\"https:\/\/kzprofesional.com\/maquina-clipper-veloce-lite-negra-roja-cocco\/\" \/>\n<meta property=\"og:site_name\" content=\"KZ Profesional\" \/>\n<meta property=\"article:modified_time\" content=\"2026-04-30T02:41:32+00:00\" \/>\n<meta property=\"og:image\" content=\"https:\/\/kzprofesional.com\/wp-content\/uploads\/cocco-veloce-clipper.png\" \/>\n\t<meta property=\"og:image:width\" content=\"866\" \/>\n\t<meta property=\"og:image:height\" content=\"861\" \/>\n\t<meta property=\"og:image:type\" content=\"image\/png\" \/>\n<meta name=\"twitter:card\" content=\"summary_large_image\" \/>\n<script type=\"application\/ld+json\" class=\"yoast-schema-graph\">{\"@context\":\"https:\\\/\\\/schema.org\",\"@graph\":[{\"@type\":\"WebPage\",\"@id\":\"https:\\\/\\\/kzprofesional.com\\\/maquina-clipper-veloce-lite-negra-roja-cocco\\\/\",\"url\":\"https:\\\/\\\/kzprofesional.com\\\/maquina-clipper-veloce-lite-negra-roja-cocco\\\/\",\"name\":\"Machine Clipper Veloce Lite Noire\\\/Rouge - COCCO - KZ Profesional\",\"isPartOf\":{\"@id\":\"https:\\\/\\\/kzprofesional.com\\\/#website\"},\"primaryImageOfPage\":{\"@id\":\"https:\\\/\\\/kzprofesional.com\\\/maquina-clipper-veloce-lite-negra-roja-cocco\\\/#primaryimage\"},\"image\":{\"@id\":\"https:\\\/\\\/kzprofesional.com\\\/maquina-clipper-veloce-lite-negra-roja-cocco\\\/#primaryimage\"},\"thumbnailUrl\":\"https:\\\/\\\/kzprofesional.com\\\/wp-content\\\/uploads\\\/cocco-veloce-clipper.png\",\"datePublished\":\"2026-03-20T10:39:47+00:00\",\"dateModified\":\"2026-04-30T02:41:32+00:00\",\"description\":\"La nueva Veloce Lite Clipper, que supone un aut\u00e9ntico renacimiento en rendimiento y dise\u00f1o, refleja la culminaci\u00f3n de las opiniones de usuarios reales, la imaginaci\u00f3n en ingenier\u00eda y una producci\u00f3n rentable.\",\"breadcrumb\":{\"@id\":\"https:\\\/\\\/kzprofesional.com\\\/maquina-clipper-veloce-lite-negra-roja-cocco\\\/#breadcrumb\"},\"inLanguage\":\"fr-FR\",\"potentialAction\":[{\"@type\":\"ReadAction\",\"target\":[\"https:\\\/\\\/kzprofesional.com\\\/maquina-clipper-veloce-lite-negra-roja-cocco\\\/\"]}]},{\"@type\":\"ImageObject\",\"inLanguage\":\"fr-FR\",\"@id\":\"https:\\\/\\\/kzprofesional.com\\\/maquina-clipper-veloce-lite-negra-roja-cocco\\\/#primaryimage\",\"url\":\"https:\\\/\\\/kzprofesional.com\\\/wp-content\\\/uploads\\\/cocco-veloce-clipper.png\",\"contentUrl\":\"https:\\\/\\\/kzprofesional.com\\\/wp-content\\\/uploads\\\/cocco-veloce-clipper.png\",\"width\":866,\"height\":861},{\"@type\":\"BreadcrumbList\",\"@id\":\"https:\\\/\\\/kzprofesional.com\\\/maquina-clipper-veloce-lite-negra-roja-cocco\\\/#breadcrumb\",\"itemListElement\":[{\"@type\":\"ListItem\",\"position\":1,\"name\":\"Accueil\",\"item\":\"https:\\\/\\\/kzprofesional.com\\\/\"},{\"@type\":\"ListItem\",\"position\":2,\"name\":\"Boutique\",\"item\":\"https:\\\/\\\/kzprofesional.com\\\/fr\\\/boutique\\\/\"},{\"@type\":\"ListItem\",\"position\":3,\"name\":\"Machine Clipper Veloce Lite Noire\\\/Rouge &#8211; COCCO\"}]},{\"@type\":\"WebSite\",\"@id\":\"https:\\\/\\\/kzprofesional.com\\\/#website\",\"url\":\"https:\\\/\\\/kzprofesional.com\\\/\",\"name\":\"KZ Profesional\",\"description\":\"\",\"publisher\":{\"@id\":\"https:\\\/\\\/kzprofesional.com\\\/#organization\"},\"potentialAction\":[{\"@type\":\"SearchAction\",\"target\":{\"@type\":\"EntryPoint\",\"urlTemplate\":\"https:\\\/\\\/kzprofesional.com\\\/?s={search_term_string}\"},\"query-input\":{\"@type\":\"PropertyValueSpecification\",\"valueRequired\":true,\"valueName\":\"search_term_string\"}}],\"inLanguage\":\"fr-FR\"},{\"@type\":\"Organization\",\"@id\":\"https:\\\/\\\/kzprofesional.com\\\/#organization\",\"name\":\"Imperio Barber Shop\",\"url\":\"https:\\\/\\\/kzprofesional.com\\\/\",\"logo\":{\"@type\":\"ImageObject\",\"inLanguage\":\"fr-FR\",\"@id\":\"https:\\\/\\\/kzprofesional.com\\\/#\\\/schema\\\/logo\\\/image\\\/\",\"url\":\"https:\\\/\\\/kzprofesional.com\\\/wp-content\\\/uploads\\\/2021\\\/09\\\/Logo-Imperio-Barber-Shop.png\",\"contentUrl\":\"https:\\\/\\\/kzprofesional.com\\\/wp-content\\\/uploads\\\/2021\\\/09\\\/Logo-Imperio-Barber-Shop.png\",\"width\":128,\"height\":128,\"caption\":\"Imperio Barber Shop\"},\"image\":{\"@id\":\"https:\\\/\\\/kzprofesional.com\\\/#\\\/schema\\\/logo\\\/image\\\/\"}}]}<\/script>\n<!-- \/ Yoast SEO Premium plugin. -->","yoast_head_json":{"title":"Machine Clipper Veloce Lite Noire\/Rouge - COCCO - KZ Profesional","description":"La nueva Veloce Lite Clipper, que supone un aut\u00e9ntico renacimiento en rendimiento y dise\u00f1o, refleja la culminaci\u00f3n de las opiniones de usuarios reales, la imaginaci\u00f3n en ingenier\u00eda y una producci\u00f3n rentable.","robots":{"index":"index","follow":"follow","max-snippet":"max-snippet:-1","max-image-preview":"max-image-preview:large","max-video-preview":"max-video-preview:-1"},"canonical":"https:\/\/kzprofesional.com\/maquina-clipper-veloce-lite-negra-roja-cocco\/","og_locale":"fr_FR","og_type":"article","og_title":"Machine Clipper Veloce Lite Noire\/Rouge - COCCO","og_description":"La nueva Veloce Lite Clipper, que supone un aut\u00e9ntico renacimiento en rendimiento y dise\u00f1o, refleja la culminaci\u00f3n de las opiniones de usuarios reales, la imaginaci\u00f3n en ingenier\u00eda y una producci\u00f3n rentable.","og_url":"https:\/\/kzprofesional.com\/maquina-clipper-veloce-lite-negra-roja-cocco\/","og_site_name":"KZ Profesional","article_modified_time":"2026-04-30T02:41:32+00:00","og_image":[{"width":866,"height":861,"url":"https:\/\/kzprofesional.com\/wp-content\/uploads\/cocco-veloce-clipper.png","type":"image\/png"}],"twitter_card":"summary_large_image","schema":{"@context":"https:\/\/schema.org","@graph":[{"@type":"WebPage","@id":"https:\/\/kzprofesional.com\/maquina-clipper-veloce-lite-negra-roja-cocco\/","url":"https:\/\/kzprofesional.com\/maquina-clipper-veloce-lite-negra-roja-cocco\/","name":"Machine Clipper Veloce Lite Noire\/Rouge - COCCO - KZ Profesional","isPartOf":{"@id":"https:\/\/kzprofesional.com\/#website"},"primaryImageOfPage":{"@id":"https:\/\/kzprofesional.com\/maquina-clipper-veloce-lite-negra-roja-cocco\/#primaryimage"},"image":{"@id":"https:\/\/kzprofesional.com\/maquina-clipper-veloce-lite-negra-roja-cocco\/#primaryimage"},"thumbnailUrl":"https:\/\/kzprofesional.com\/wp-content\/uploads\/cocco-veloce-clipper.png","datePublished":"2026-03-20T10:39:47+00:00","dateModified":"2026-04-30T02:41:32+00:00","description":"La nueva Veloce Lite Clipper, que supone un aut\u00e9ntico renacimiento en rendimiento y dise\u00f1o, refleja la culminaci\u00f3n de las opiniones de usuarios reales, la imaginaci\u00f3n en ingenier\u00eda y una producci\u00f3n rentable.","breadcrumb":{"@id":"https:\/\/kzprofesional.com\/maquina-clipper-veloce-lite-negra-roja-cocco\/#breadcrumb"},"inLanguage":"fr-FR","potentialAction":[{"@type":"ReadAction","target":["https:\/\/kzprofesional.com\/maquina-clipper-veloce-lite-negra-roja-cocco\/"]}]},{"@type":"ImageObject","inLanguage":"fr-FR","@id":"https:\/\/kzprofesional.com\/maquina-clipper-veloce-lite-negra-roja-cocco\/#primaryimage","url":"https:\/\/kzprofesional.com\/wp-content\/uploads\/cocco-veloce-clipper.png","contentUrl":"https:\/\/kzprofesional.com\/wp-content\/uploads\/cocco-veloce-clipper.png","width":866,"height":861},{"@type":"BreadcrumbList","@id":"https:\/\/kzprofesional.com\/maquina-clipper-veloce-lite-negra-roja-cocco\/#breadcrumb","itemListElement":[{"@type":"ListItem","position":1,"name":"Accueil","item":"https:\/\/kzprofesional.com\/"},{"@type":"ListItem","position":2,"name":"Boutique","item":"https:\/\/kzprofesional.com\/fr\/boutique\/"},{"@type":"ListItem","position":3,"name":"Machine Clipper Veloce Lite Noire\/Rouge &#8211; COCCO"}]},{"@type":"WebSite","@id":"https:\/\/kzprofesional.com\/#website","url":"https:\/\/kzprofesional.com\/","name":"KZ Profesional","description":"","publisher":{"@id":"https:\/\/kzprofesional.com\/#organization"},"potentialAction":[{"@type":"SearchAction","target":{"@type":"EntryPoint","urlTemplate":"https:\/\/kzprofesional.com\/?s={search_term_string}"},"query-input":{"@type":"PropertyValueSpecification","valueRequired":true,"valueName":"search_term_string"}}],"inLanguage":"fr-FR"},{"@type":"Organization","@id":"https:\/\/kzprofesional.com\/#organization","name":"Imperio Barber Shop","url":"https:\/\/kzprofesional.com\/","logo":{"@type":"ImageObject","inLanguage":"fr-FR","@id":"https:\/\/kzprofesional.com\/#\/schema\/logo\/image\/","url":"https:\/\/kzprofesional.com\/wp-content\/uploads\/2021\/09\/Logo-Imperio-Barber-Shop.png","contentUrl":"https:\/\/kzprofesional.com\/wp-content\/uploads\/2021\/09\/Logo-Imperio-Barber-Shop.png","width":128,"height":128,"caption":"Imperio Barber Shop"},"image":{"@id":"https:\/\/kzprofesional.com\/#\/schema\/logo\/image\/"}}]}},"_links":{"self":[{"href":"https:\/\/kzprofesional.com\/fr\/wp-json\/wp\/v2\/product\/83179","targetHints":{"allow":["GET"]}}],"collection":[{"href":"https:\/\/kzprofesional.com\/fr\/wp-json\/wp\/v2\/product"}],"about":[{"href":"https:\/\/kzprofesional.com\/fr\/wp-json\/wp\/v2\/types\/product"}],"wp:featuredmedia":[{"embeddable":true,"href":"https:\/\/kzprofesional.com\/fr\/wp-json\/wp\/v2\/media\/83180"}],"wp:attachment":[{"href":"https:\/\/kzprofesional.com\/fr\/wp-json\/wp\/v2\/media?parent=83179"}],"wp:term":[{"taxonomy":"product_brand","embeddable":true,"href":"https:\/\/kzprofesional.com\/fr\/wp-json\/wp\/v2\/product_brand?post=83179"},{"taxonomy":"product_cat","embeddable":true,"href":"https:\/\/kzprofesional.com\/fr\/wp-json\/wp\/v2\/product_cat?post=83179"},{"taxonomy":"product_tag","embeddable":true,"href":"https:\/\/kzprofesional.com\/fr\/wp-json\/wp\/v2\/product_tag?post=83179"}],"curies":[{"name":"wp","href":"https:\/\/api.w.org\/{rel}","templated":true}]}}