

{"id":79733,"date":"2026-04-24T13:57:35","date_gmt":"2026-04-24T11:57:35","guid":{"rendered":"https:\/\/kzprofesional.com\/macchina-clipper-instinct-metal-personalizzata-2-stylecraft\/"},"modified":"2026-04-27T08:02:03","modified_gmt":"2026-04-27T06:02:03","slug":"macchina-clipper-instinct-metal-personalizzata-2-stylecraft","status":"publish","type":"product","link":"https:\/\/kzprofesional.com\/it\/prodotto\/macchina-clipper-instinct-metal-personalizzata-2-stylecraft\/","title":{"rendered":"Macchina Clipper Instinct Metal personalizzata 2 &#8211; STYLECRAFT"},"content":{"rendered":"<p>La Instinct Clipper Metal Edition ha dimensioni compatte per un maggiore controllo senza sforzo. Sperimenta potenza e velocit\u00e0 senza precedenti con il suo motore turbo IN2 Vector, che funziona all\u2019incredibile velocit\u00e0 di 11.500 passate al minuto. Inoltre \u00e8 dotata di una scocca posteriore in metallo progettata per assorbire le vibrazioni, garantendo un\u2019esperienza decisamente pi\u00f9 silenziosa. D\u00ec addio al rumore fastidioso e goditi una sessione di taglio pi\u00f9 fluida e tranquilla.<\/p>\n<p>Il MOTORE VECTOR IN2 offre 11.500 colpi al minuto ineguagliabili con una potenza inarrestabile<\/p>\n<p>\u2022 ASSEMBLATA CON UNA LAMA FISSA BLACK DIAMOND Faper per miscelare, sfumare ed eliminare il volume in modo superiore e un cutter Black Diamond Deep Slim<\/p>\n<p>\u2022 La BATTERIA AGLI IONI DI LITIO offre fino a 4 ore di funzionamento cordless con un tempo di ricarica di 2 ore.<\/p>\n<p>\u2022 LAMA COMPLETAMENTE REGOLABILE che pu\u00f2 essere facilmente impostata a zero.<\/p>\n<p>\u2022 SUPER COMPATTA e resistente con design ergonomico.<\/p>\n<p>\u2022 SCOCCA METALLICA che attenua il rumore e assorbe le vibrazioni.<\/p>\n<p>\u2022 PROGETTATA E FABBRICATA negli Stati Uniti.<\/p>\n<p>\u2022 INCLUDE: 8 rialzi magnetici doppi: #0 (1\/16\u201d) #1 (1\/8&#8221;) #1.5 (3\/16&#8221;) #2 (1\/4&#8221;) #3 (3\/8&#8221;) #4 (1\/2&#8221;) #5 (5\/8&#8221;) #6 (3\/4&#8221;), base\/cavo di ricarica, 3 leve, 3 cover intercambiabili, manuale di istruzioni, kit di pulizia\/manutenzione, mini cacciavite pratico per regolare la lama e modifiche personalizzate della scocca.<\/p>\n","protected":false},"excerpt":{"rendered":"<p>Personalizza la tua attrezzatura con le nostre macchine dei marchi leader nel settore della barberia e parrucchieria!<br \/>\n<strong>Tempi di consegna tra 1 e 15 giorni.<\/strong><br \/>\nGaranzia di 1 anno per professionisti e aziende. 3 anni per consumatori privati.<\/p>\n","protected":false},"featured_media":79734,"template":"","meta":{"_acf_changed":false,"_jet_sm_ready_style":"","_jet_sm_style":"","_jet_sm_controls_values":"","_jet_sm_fonts_collection":"","_jet_sm_fonts_links":""},"product_brand":[],"product_cat":[813,814,815,812],"product_tag":[],"class_list":{"0":"post-79733","1":"product","2":"type-product","3":"status-publish","4":"has-post-thumbnail","6":"product_cat-macchine-personalizzate","7":"product_cat-novita","8":"product_cat-offerte","9":"product_cat-prodotti-personalizzati","10":"sales-flash-overlay","11":"woocommerce-text-align-center","12":"woocommerce-image-align-center","13":"do-quantity-buttons","15":"first","16":"instock","17":"sale","18":"taxable","19":"shipping-taxable","20":"purchasable","21":"product-type-simple"},"bundled_by":[],"bundle_stock_status":"instock","bundle_stock_quantity":1,"bundle_virtual":false,"bundle_layout":"","bundle_add_to_cart_form_location":"","bundle_editable_in_cart":false,"bundle_sold_individually_context":"","bundle_item_grouping":"","bundle_min_size":"","bundle_max_size":"","bundle_price":[],"bundled_items":[],"bundle_sell_ids":[],"acf":[],"yoast_head":"<!-- This site is optimized with the Yoast SEO Premium plugin v25.9 (Yoast SEO v27.4) - https:\/\/yoast.com\/product\/yoast-seo-premium-wordpress\/ -->\n<title>Macchina Clipper Instinct Metal personalizzata 2 - STYLECRAFT - KZ Profesional<\/title>\n<meta name=\"robots\" content=\"index, follow, max-snippet:-1, max-image-preview:large, max-video-preview:-1\" \/>\n<link rel=\"canonical\" href=\"https:\/\/kzprofesional.com\/it\/prodotto\/macchina-clipper-instinct-metal-personalizzata-2-stylecraft\/\" \/>\n<meta property=\"og:locale\" content=\"it_IT\" \/>\n<meta property=\"og:type\" content=\"article\" \/>\n<meta property=\"og:title\" content=\"Macchina Clipper Instinct Metal personalizzata 2 - STYLECRAFT\" \/>\n<meta property=\"og:description\" content=\"Personalizza la tua attrezzatura con le nostre macchine dei marchi leader nel settore della barberia e parrucchieria! Tempi di consegna tra 1 e 15 giorni. Garanzia di 1 anno per professionisti e aziende. 3 anni per consumatori privati.\" \/>\n<meta property=\"og:url\" content=\"https:\/\/kzprofesional.com\/it\/prodotto\/macchina-clipper-instinct-metal-personalizzata-2-stylecraft\/\" \/>\n<meta property=\"og:site_name\" content=\"KZ Profesional\" \/>\n<meta property=\"article:modified_time\" content=\"2026-04-27T06:02:03+00:00\" \/>\n<meta property=\"og:image\" content=\"https:\/\/kzprofesional.com\/wp-content\/uploads\/WhatsApp-Image-2026-04-24-at-09.12.50-3.jpeg\" \/>\n\t<meta property=\"og:image:width\" content=\"1536\" \/>\n\t<meta property=\"og:image:height\" content=\"2048\" \/>\n\t<meta property=\"og:image:type\" content=\"image\/jpeg\" \/>\n<meta name=\"twitter:card\" content=\"summary_large_image\" \/>\n<script type=\"application\/ld+json\" class=\"yoast-schema-graph\">{\"@context\":\"https:\\\/\\\/schema.org\",\"@graph\":[{\"@type\":\"WebPage\",\"@id\":\"https:\\\/\\\/kzprofesional.com\\\/it\\\/prodotto\\\/macchina-clipper-instinct-metal-personalizzata-2-stylecraft\\\/\",\"url\":\"https:\\\/\\\/kzprofesional.com\\\/it\\\/prodotto\\\/macchina-clipper-instinct-metal-personalizzata-2-stylecraft\\\/\",\"name\":\"Macchina Clipper Instinct Metal personalizzata 2 - STYLECRAFT - KZ Profesional\",\"isPartOf\":{\"@id\":\"https:\\\/\\\/kzprofesional.com\\\/#website\"},\"primaryImageOfPage\":{\"@id\":\"https:\\\/\\\/kzprofesional.com\\\/it\\\/prodotto\\\/macchina-clipper-instinct-metal-personalizzata-2-stylecraft\\\/#primaryimage\"},\"image\":{\"@id\":\"https:\\\/\\\/kzprofesional.com\\\/it\\\/prodotto\\\/macchina-clipper-instinct-metal-personalizzata-2-stylecraft\\\/#primaryimage\"},\"thumbnailUrl\":\"https:\\\/\\\/kzprofesional.com\\\/wp-content\\\/uploads\\\/WhatsApp-Image-2026-04-24-at-09.12.50-3.jpeg\",\"datePublished\":\"2026-04-24T11:57:35+00:00\",\"dateModified\":\"2026-04-27T06:02:03+00:00\",\"breadcrumb\":{\"@id\":\"https:\\\/\\\/kzprofesional.com\\\/it\\\/prodotto\\\/macchina-clipper-instinct-metal-personalizzata-2-stylecraft\\\/#breadcrumb\"},\"inLanguage\":\"it-IT\",\"potentialAction\":[{\"@type\":\"ReadAction\",\"target\":[\"https:\\\/\\\/kzprofesional.com\\\/it\\\/prodotto\\\/macchina-clipper-instinct-metal-personalizzata-2-stylecraft\\\/\"]}]},{\"@type\":\"ImageObject\",\"inLanguage\":\"it-IT\",\"@id\":\"https:\\\/\\\/kzprofesional.com\\\/it\\\/prodotto\\\/macchina-clipper-instinct-metal-personalizzata-2-stylecraft\\\/#primaryimage\",\"url\":\"https:\\\/\\\/kzprofesional.com\\\/wp-content\\\/uploads\\\/WhatsApp-Image-2026-04-24-at-09.12.50-3.jpeg\",\"contentUrl\":\"https:\\\/\\\/kzprofesional.com\\\/wp-content\\\/uploads\\\/WhatsApp-Image-2026-04-24-at-09.12.50-3.jpeg\",\"width\":1536,\"height\":2048},{\"@type\":\"BreadcrumbList\",\"@id\":\"https:\\\/\\\/kzprofesional.com\\\/it\\\/prodotto\\\/macchina-clipper-instinct-metal-personalizzata-2-stylecraft\\\/#breadcrumb\",\"itemListElement\":[{\"@type\":\"ListItem\",\"position\":1,\"name\":\"Portada\",\"item\":\"https:\\\/\\\/kzprofesional.com\\\/\"},{\"@type\":\"ListItem\",\"position\":2,\"name\":\"Negozio\",\"item\":\"https:\\\/\\\/kzprofesional.com\\\/it\\\/shop\\\/\"},{\"@type\":\"ListItem\",\"position\":3,\"name\":\"Macchina Clipper Instinct Metal personalizzata 2 &#8211; STYLECRAFT\"}]},{\"@type\":\"WebSite\",\"@id\":\"https:\\\/\\\/kzprofesional.com\\\/#website\",\"url\":\"https:\\\/\\\/kzprofesional.com\\\/\",\"name\":\"KZ Profesional\",\"description\":\"\",\"publisher\":{\"@id\":\"https:\\\/\\\/kzprofesional.com\\\/#organization\"},\"potentialAction\":[{\"@type\":\"SearchAction\",\"target\":{\"@type\":\"EntryPoint\",\"urlTemplate\":\"https:\\\/\\\/kzprofesional.com\\\/?s={search_term_string}\"},\"query-input\":{\"@type\":\"PropertyValueSpecification\",\"valueRequired\":true,\"valueName\":\"search_term_string\"}}],\"inLanguage\":\"it-IT\"},{\"@type\":\"Organization\",\"@id\":\"https:\\\/\\\/kzprofesional.com\\\/#organization\",\"name\":\"Imperio Barber Shop\",\"url\":\"https:\\\/\\\/kzprofesional.com\\\/\",\"logo\":{\"@type\":\"ImageObject\",\"inLanguage\":\"it-IT\",\"@id\":\"https:\\\/\\\/kzprofesional.com\\\/#\\\/schema\\\/logo\\\/image\\\/\",\"url\":\"https:\\\/\\\/kzprofesional.com\\\/wp-content\\\/uploads\\\/2021\\\/09\\\/Logo-Imperio-Barber-Shop.png\",\"contentUrl\":\"https:\\\/\\\/kzprofesional.com\\\/wp-content\\\/uploads\\\/2021\\\/09\\\/Logo-Imperio-Barber-Shop.png\",\"width\":128,\"height\":128,\"caption\":\"Imperio Barber Shop\"},\"image\":{\"@id\":\"https:\\\/\\\/kzprofesional.com\\\/#\\\/schema\\\/logo\\\/image\\\/\"}}]}<\/script>\n<!-- \/ Yoast SEO Premium plugin. -->","yoast_head_json":{"title":"Macchina Clipper Instinct Metal personalizzata 2 - STYLECRAFT - KZ Profesional","robots":{"index":"index","follow":"follow","max-snippet":"max-snippet:-1","max-image-preview":"max-image-preview:large","max-video-preview":"max-video-preview:-1"},"canonical":"https:\/\/kzprofesional.com\/it\/prodotto\/macchina-clipper-instinct-metal-personalizzata-2-stylecraft\/","og_locale":"it_IT","og_type":"article","og_title":"Macchina Clipper Instinct Metal personalizzata 2 - STYLECRAFT","og_description":"Personalizza la tua attrezzatura con le nostre macchine dei marchi leader nel settore della barberia e parrucchieria! Tempi di consegna tra 1 e 15 giorni. Garanzia di 1 anno per professionisti e aziende. 3 anni per consumatori privati.","og_url":"https:\/\/kzprofesional.com\/it\/prodotto\/macchina-clipper-instinct-metal-personalizzata-2-stylecraft\/","og_site_name":"KZ Profesional","article_modified_time":"2026-04-27T06:02:03+00:00","og_image":[{"width":1536,"height":2048,"url":"https:\/\/kzprofesional.com\/wp-content\/uploads\/WhatsApp-Image-2026-04-24-at-09.12.50-3.jpeg","type":"image\/jpeg"}],"twitter_card":"summary_large_image","schema":{"@context":"https:\/\/schema.org","@graph":[{"@type":"WebPage","@id":"https:\/\/kzprofesional.com\/it\/prodotto\/macchina-clipper-instinct-metal-personalizzata-2-stylecraft\/","url":"https:\/\/kzprofesional.com\/it\/prodotto\/macchina-clipper-instinct-metal-personalizzata-2-stylecraft\/","name":"Macchina Clipper Instinct Metal personalizzata 2 - STYLECRAFT - KZ Profesional","isPartOf":{"@id":"https:\/\/kzprofesional.com\/#website"},"primaryImageOfPage":{"@id":"https:\/\/kzprofesional.com\/it\/prodotto\/macchina-clipper-instinct-metal-personalizzata-2-stylecraft\/#primaryimage"},"image":{"@id":"https:\/\/kzprofesional.com\/it\/prodotto\/macchina-clipper-instinct-metal-personalizzata-2-stylecraft\/#primaryimage"},"thumbnailUrl":"https:\/\/kzprofesional.com\/wp-content\/uploads\/WhatsApp-Image-2026-04-24-at-09.12.50-3.jpeg","datePublished":"2026-04-24T11:57:35+00:00","dateModified":"2026-04-27T06:02:03+00:00","breadcrumb":{"@id":"https:\/\/kzprofesional.com\/it\/prodotto\/macchina-clipper-instinct-metal-personalizzata-2-stylecraft\/#breadcrumb"},"inLanguage":"it-IT","potentialAction":[{"@type":"ReadAction","target":["https:\/\/kzprofesional.com\/it\/prodotto\/macchina-clipper-instinct-metal-personalizzata-2-stylecraft\/"]}]},{"@type":"ImageObject","inLanguage":"it-IT","@id":"https:\/\/kzprofesional.com\/it\/prodotto\/macchina-clipper-instinct-metal-personalizzata-2-stylecraft\/#primaryimage","url":"https:\/\/kzprofesional.com\/wp-content\/uploads\/WhatsApp-Image-2026-04-24-at-09.12.50-3.jpeg","contentUrl":"https:\/\/kzprofesional.com\/wp-content\/uploads\/WhatsApp-Image-2026-04-24-at-09.12.50-3.jpeg","width":1536,"height":2048},{"@type":"BreadcrumbList","@id":"https:\/\/kzprofesional.com\/it\/prodotto\/macchina-clipper-instinct-metal-personalizzata-2-stylecraft\/#breadcrumb","itemListElement":[{"@type":"ListItem","position":1,"name":"Portada","item":"https:\/\/kzprofesional.com\/"},{"@type":"ListItem","position":2,"name":"Negozio","item":"https:\/\/kzprofesional.com\/it\/shop\/"},{"@type":"ListItem","position":3,"name":"Macchina Clipper Instinct Metal personalizzata 2 &#8211; STYLECRAFT"}]},{"@type":"WebSite","@id":"https:\/\/kzprofesional.com\/#website","url":"https:\/\/kzprofesional.com\/","name":"KZ Profesional","description":"","publisher":{"@id":"https:\/\/kzprofesional.com\/#organization"},"potentialAction":[{"@type":"SearchAction","target":{"@type":"EntryPoint","urlTemplate":"https:\/\/kzprofesional.com\/?s={search_term_string}"},"query-input":{"@type":"PropertyValueSpecification","valueRequired":true,"valueName":"search_term_string"}}],"inLanguage":"it-IT"},{"@type":"Organization","@id":"https:\/\/kzprofesional.com\/#organization","name":"Imperio Barber Shop","url":"https:\/\/kzprofesional.com\/","logo":{"@type":"ImageObject","inLanguage":"it-IT","@id":"https:\/\/kzprofesional.com\/#\/schema\/logo\/image\/","url":"https:\/\/kzprofesional.com\/wp-content\/uploads\/2021\/09\/Logo-Imperio-Barber-Shop.png","contentUrl":"https:\/\/kzprofesional.com\/wp-content\/uploads\/2021\/09\/Logo-Imperio-Barber-Shop.png","width":128,"height":128,"caption":"Imperio Barber Shop"},"image":{"@id":"https:\/\/kzprofesional.com\/#\/schema\/logo\/image\/"}}]}},"_links":{"self":[{"href":"https:\/\/kzprofesional.com\/it\/wp-json\/wp\/v2\/product\/79733","targetHints":{"allow":["GET"]}}],"collection":[{"href":"https:\/\/kzprofesional.com\/it\/wp-json\/wp\/v2\/product"}],"about":[{"href":"https:\/\/kzprofesional.com\/it\/wp-json\/wp\/v2\/types\/product"}],"wp:featuredmedia":[{"embeddable":true,"href":"https:\/\/kzprofesional.com\/it\/wp-json\/wp\/v2\/media\/79734"}],"wp:attachment":[{"href":"https:\/\/kzprofesional.com\/it\/wp-json\/wp\/v2\/media?parent=79733"}],"wp:term":[{"taxonomy":"product_brand","embeddable":true,"href":"https:\/\/kzprofesional.com\/it\/wp-json\/wp\/v2\/product_brand?post=79733"},{"taxonomy":"product_cat","embeddable":true,"href":"https:\/\/kzprofesional.com\/it\/wp-json\/wp\/v2\/product_cat?post=79733"},{"taxonomy":"product_tag","embeddable":true,"href":"https:\/\/kzprofesional.com\/it\/wp-json\/wp\/v2\/product_tag?post=79733"}],"curies":[{"name":"wp","href":"https:\/\/api.w.org\/{rel}","templated":true}]}}