

{"id":80271,"date":"2026-03-31T17:16:11","date_gmt":"2026-03-31T15:16:11","guid":{"rendered":"https:\/\/kzprofesional.com\/crema-colorante-permanente-igora-6-0-biondo-scuro-naturale-60-ml-schwarzkopf\/"},"modified":"2026-03-31T17:16:11","modified_gmt":"2026-03-31T15:16:11","slug":"crema-colorante-permanente-igora-6-0-biondo-scuro-naturale-60-ml-schwarzkopf","status":"publish","type":"product","link":"https:\/\/kzprofesional.com\/it\/prodotto\/crema-colorante-permanente-igora-6-0-biondo-scuro-naturale-60-ml-schwarzkopf\/","title":{"rendered":"Crema colorante permanente Igora 6-0 biondo scuro naturale 60 ml &#8211; SCHWARZKOPF"},"content":{"rendered":"<div id=\"title-b2f3a5f885\" class=\"heliux-text__wrapper inpagenavigation__item limited-container skip-margins customizations__title \" data-type=\"h4\">\n<p class=\"heading4 apply-margins apply-font-style title__heading\">Colorazione permanente in crema IGORA ROYAL 6-0 biondo scuro naturale que copre fino al el 70% de las capelli bianchi. La crema pu\u00f2 essere utilizzata per tutte le tecniche di colore. Offre una direzione tonale rame. La Tecnologia ad Alta Definizione de IGORA ROYAL contiene una matrice di pigmenti ad alta definizione que proporciona una direcci\u00f3n de color a\u00fan m\u00e1s n\u00edtida, unos risultati colore migliorati e fedeli alla cartella colore, una maggiore intensit\u00e0 y una copertura massima.<\/p>\n<\/div>\n","protected":false},"excerpt":{"rendered":"<p>Colorazione permanente in crema IGORA ROYAL 6-0 biondo scuro naturale que copre fino al el 70% de las capelli bianchi. La crema pu\u00f2 essere utilizzata per tutte le tecniche di colore. Offre una direzione tonale rame. La Tecnologia ad Alta Definizione de IGORA ROYAL contiene una matrice di pigmenti ad alta definizione que proporciona una &#8230; <a title=\"Crema colorante permanente Igora 6-0 biondo scuro naturale 60 ml &#8211; SCHWARZKOPF\" class=\"read-more\" href=\"https:\/\/kzprofesional.com\/it\/prodotto\/crema-colorante-permanente-igora-6-0-biondo-scuro-naturale-60-ml-schwarzkopf\/\" aria-label=\"Per saperne di pi\u00f9 su Crema colorante permanente Igora 6-0 biondo scuro naturale 60 ml &#8211; SCHWARZKOPF\">Leggi tutto<\/a><\/p>\n","protected":false},"featured_media":80272,"template":"","meta":{"_acf_changed":false,"_jet_sm_ready_style":"","_jet_sm_style":"","_jet_sm_controls_values":"","_jet_sm_fonts_collection":"","_jet_sm_fonts_links":""},"product_brand":[],"product_cat":[941,798],"product_tag":[],"class_list":{"0":"post-80271","1":"product","2":"type-product","3":"status-publish","4":"has-post-thumbnail","6":"product_cat-altre-tinte-semipermanenti","7":"product_cat-decolorazione","8":"sales-flash-overlay","9":"woocommerce-text-align-center","10":"woocommerce-image-align-center","11":"do-quantity-buttons","13":"first","14":"instock","15":"taxable","16":"shipping-taxable","17":"purchasable","18":"product-type-simple"},"bundled_by":[],"bundle_stock_status":"instock","bundle_stock_quantity":14,"bundle_virtual":false,"bundle_layout":"","bundle_add_to_cart_form_location":"","bundle_editable_in_cart":false,"bundle_sold_individually_context":"","bundle_item_grouping":"","bundle_min_size":"","bundle_max_size":"","bundle_price":[],"bundled_items":[],"bundle_sell_ids":[],"acf":[],"yoast_head":"<!-- This site is optimized with the Yoast SEO Premium plugin v25.9 (Yoast SEO v27.4) - https:\/\/yoast.com\/product\/yoast-seo-premium-wordpress\/ -->\n<title>Crema colorante permanente Igora 6-0 biondo scuro naturale 60 ml - SCHWARZKOPF - KZ Profesional<\/title>\n<meta name=\"robots\" content=\"index, follow, max-snippet:-1, max-image-preview:large, max-video-preview:-1\" \/>\n<link rel=\"canonical\" href=\"https:\/\/kzprofesional.com\/producto\/crema-de-coloracion-permanente-igora-6-0-rubio-oscuro-natural-60-ml-schwarzkopf\/\" \/>\n<meta property=\"og:locale\" content=\"it_IT\" \/>\n<meta property=\"og:type\" content=\"article\" \/>\n<meta property=\"og:title\" content=\"Crema colorante permanente Igora 6-0 biondo scuro naturale 60 ml - SCHWARZKOPF\" \/>\n<meta property=\"og:description\" content=\"Colorazione permanente in crema IGORA ROYAL 6-0 biondo scuro naturale que copre fino al el 70% de las capelli bianchi. La crema pu\u00f2 essere utilizzata per tutte le tecniche di colore. Offre una direzione tonale rame. La Tecnologia ad Alta Definizione de IGORA ROYAL contiene una matrice di pigmenti ad alta definizione que proporciona una ... Leggi tutto\" \/>\n<meta property=\"og:url\" content=\"https:\/\/kzprofesional.com\/producto\/crema-de-coloracion-permanente-igora-6-0-rubio-oscuro-natural-60-ml-schwarzkopf\/\" \/>\n<meta property=\"og:site_name\" content=\"KZ Profesional\" \/>\n<meta property=\"og:image\" content=\"https:\/\/kzprofesional.com\/wp-content\/uploads\/Captura-de-pantalla-2026-03-31-171836.png\" \/>\n\t<meta property=\"og:image:width\" content=\"513\" \/>\n\t<meta property=\"og:image:height\" content=\"595\" \/>\n\t<meta property=\"og:image:type\" content=\"image\/png\" \/>\n<meta name=\"twitter:card\" content=\"summary_large_image\" \/>\n<script type=\"application\/ld+json\" class=\"yoast-schema-graph\">{\"@context\":\"https:\\\/\\\/schema.org\",\"@graph\":[{\"@type\":\"WebPage\",\"@id\":\"https:\\\/\\\/kzprofesional.com\\\/producto\\\/crema-de-coloracion-permanente-igora-6-0-rubio-oscuro-natural-60-ml-schwarzkopf\\\/\",\"url\":\"https:\\\/\\\/kzprofesional.com\\\/producto\\\/crema-de-coloracion-permanente-igora-6-0-rubio-oscuro-natural-60-ml-schwarzkopf\\\/\",\"name\":\"Crema colorante permanente Igora 6-0 biondo scuro naturale 60 ml - SCHWARZKOPF - KZ Profesional\",\"isPartOf\":{\"@id\":\"https:\\\/\\\/kzprofesional.com\\\/#website\"},\"primaryImageOfPage\":{\"@id\":\"https:\\\/\\\/kzprofesional.com\\\/producto\\\/crema-de-coloracion-permanente-igora-6-0-rubio-oscuro-natural-60-ml-schwarzkopf\\\/#primaryimage\"},\"image\":{\"@id\":\"https:\\\/\\\/kzprofesional.com\\\/producto\\\/crema-de-coloracion-permanente-igora-6-0-rubio-oscuro-natural-60-ml-schwarzkopf\\\/#primaryimage\"},\"thumbnailUrl\":\"https:\\\/\\\/kzprofesional.com\\\/wp-content\\\/uploads\\\/Captura-de-pantalla-2026-03-31-171836.png\",\"datePublished\":\"2026-03-31T15:16:11+00:00\",\"breadcrumb\":{\"@id\":\"https:\\\/\\\/kzprofesional.com\\\/producto\\\/crema-de-coloracion-permanente-igora-6-0-rubio-oscuro-natural-60-ml-schwarzkopf\\\/#breadcrumb\"},\"inLanguage\":\"it-IT\",\"potentialAction\":[{\"@type\":\"ReadAction\",\"target\":[\"https:\\\/\\\/kzprofesional.com\\\/producto\\\/crema-de-coloracion-permanente-igora-6-0-rubio-oscuro-natural-60-ml-schwarzkopf\\\/\"]}]},{\"@type\":\"ImageObject\",\"inLanguage\":\"it-IT\",\"@id\":\"https:\\\/\\\/kzprofesional.com\\\/producto\\\/crema-de-coloracion-permanente-igora-6-0-rubio-oscuro-natural-60-ml-schwarzkopf\\\/#primaryimage\",\"url\":\"https:\\\/\\\/kzprofesional.com\\\/wp-content\\\/uploads\\\/Captura-de-pantalla-2026-03-31-171836.png\",\"contentUrl\":\"https:\\\/\\\/kzprofesional.com\\\/wp-content\\\/uploads\\\/Captura-de-pantalla-2026-03-31-171836.png\",\"width\":513,\"height\":595},{\"@type\":\"BreadcrumbList\",\"@id\":\"https:\\\/\\\/kzprofesional.com\\\/producto\\\/crema-de-coloracion-permanente-igora-6-0-rubio-oscuro-natural-60-ml-schwarzkopf\\\/#breadcrumb\",\"itemListElement\":[{\"@type\":\"ListItem\",\"position\":1,\"name\":\"Portada\",\"item\":\"https:\\\/\\\/kzprofesional.com\\\/\"},{\"@type\":\"ListItem\",\"position\":2,\"name\":\"Negozio\",\"item\":\"https:\\\/\\\/kzprofesional.com\\\/it\\\/shop\\\/\"},{\"@type\":\"ListItem\",\"position\":3,\"name\":\"Crema colorante permanente Igora 6-0 biondo scuro naturale 60 ml &#8211; SCHWARZKOPF\"}]},{\"@type\":\"WebSite\",\"@id\":\"https:\\\/\\\/kzprofesional.com\\\/#website\",\"url\":\"https:\\\/\\\/kzprofesional.com\\\/\",\"name\":\"KZ Profesional\",\"description\":\"\",\"publisher\":{\"@id\":\"https:\\\/\\\/kzprofesional.com\\\/#organization\"},\"potentialAction\":[{\"@type\":\"SearchAction\",\"target\":{\"@type\":\"EntryPoint\",\"urlTemplate\":\"https:\\\/\\\/kzprofesional.com\\\/?s={search_term_string}\"},\"query-input\":{\"@type\":\"PropertyValueSpecification\",\"valueRequired\":true,\"valueName\":\"search_term_string\"}}],\"inLanguage\":\"it-IT\"},{\"@type\":\"Organization\",\"@id\":\"https:\\\/\\\/kzprofesional.com\\\/#organization\",\"name\":\"Imperio Barber Shop\",\"url\":\"https:\\\/\\\/kzprofesional.com\\\/\",\"logo\":{\"@type\":\"ImageObject\",\"inLanguage\":\"it-IT\",\"@id\":\"https:\\\/\\\/kzprofesional.com\\\/#\\\/schema\\\/logo\\\/image\\\/\",\"url\":\"https:\\\/\\\/kzprofesional.com\\\/wp-content\\\/uploads\\\/2021\\\/09\\\/Logo-Imperio-Barber-Shop.png\",\"contentUrl\":\"https:\\\/\\\/kzprofesional.com\\\/wp-content\\\/uploads\\\/2021\\\/09\\\/Logo-Imperio-Barber-Shop.png\",\"width\":128,\"height\":128,\"caption\":\"Imperio Barber Shop\"},\"image\":{\"@id\":\"https:\\\/\\\/kzprofesional.com\\\/#\\\/schema\\\/logo\\\/image\\\/\"}}]}<\/script>\n<!-- \/ Yoast SEO Premium plugin. -->","yoast_head_json":{"title":"Crema colorante permanente Igora 6-0 biondo scuro naturale 60 ml - SCHWARZKOPF - KZ Profesional","robots":{"index":"index","follow":"follow","max-snippet":"max-snippet:-1","max-image-preview":"max-image-preview:large","max-video-preview":"max-video-preview:-1"},"canonical":"https:\/\/kzprofesional.com\/producto\/crema-de-coloracion-permanente-igora-6-0-rubio-oscuro-natural-60-ml-schwarzkopf\/","og_locale":"it_IT","og_type":"article","og_title":"Crema colorante permanente Igora 6-0 biondo scuro naturale 60 ml - SCHWARZKOPF","og_description":"Colorazione permanente in crema IGORA ROYAL 6-0 biondo scuro naturale que copre fino al el 70% de las capelli bianchi. La crema pu\u00f2 essere utilizzata per tutte le tecniche di colore. Offre una direzione tonale rame. La Tecnologia ad Alta Definizione de IGORA ROYAL contiene una matrice di pigmenti ad alta definizione que proporciona una ... Leggi tutto","og_url":"https:\/\/kzprofesional.com\/producto\/crema-de-coloracion-permanente-igora-6-0-rubio-oscuro-natural-60-ml-schwarzkopf\/","og_site_name":"KZ Profesional","og_image":[{"width":513,"height":595,"url":"https:\/\/kzprofesional.com\/wp-content\/uploads\/Captura-de-pantalla-2026-03-31-171836.png","type":"image\/png"}],"twitter_card":"summary_large_image","schema":{"@context":"https:\/\/schema.org","@graph":[{"@type":"WebPage","@id":"https:\/\/kzprofesional.com\/producto\/crema-de-coloracion-permanente-igora-6-0-rubio-oscuro-natural-60-ml-schwarzkopf\/","url":"https:\/\/kzprofesional.com\/producto\/crema-de-coloracion-permanente-igora-6-0-rubio-oscuro-natural-60-ml-schwarzkopf\/","name":"Crema colorante permanente Igora 6-0 biondo scuro naturale 60 ml - SCHWARZKOPF - KZ Profesional","isPartOf":{"@id":"https:\/\/kzprofesional.com\/#website"},"primaryImageOfPage":{"@id":"https:\/\/kzprofesional.com\/producto\/crema-de-coloracion-permanente-igora-6-0-rubio-oscuro-natural-60-ml-schwarzkopf\/#primaryimage"},"image":{"@id":"https:\/\/kzprofesional.com\/producto\/crema-de-coloracion-permanente-igora-6-0-rubio-oscuro-natural-60-ml-schwarzkopf\/#primaryimage"},"thumbnailUrl":"https:\/\/kzprofesional.com\/wp-content\/uploads\/Captura-de-pantalla-2026-03-31-171836.png","datePublished":"2026-03-31T15:16:11+00:00","breadcrumb":{"@id":"https:\/\/kzprofesional.com\/producto\/crema-de-coloracion-permanente-igora-6-0-rubio-oscuro-natural-60-ml-schwarzkopf\/#breadcrumb"},"inLanguage":"it-IT","potentialAction":[{"@type":"ReadAction","target":["https:\/\/kzprofesional.com\/producto\/crema-de-coloracion-permanente-igora-6-0-rubio-oscuro-natural-60-ml-schwarzkopf\/"]}]},{"@type":"ImageObject","inLanguage":"it-IT","@id":"https:\/\/kzprofesional.com\/producto\/crema-de-coloracion-permanente-igora-6-0-rubio-oscuro-natural-60-ml-schwarzkopf\/#primaryimage","url":"https:\/\/kzprofesional.com\/wp-content\/uploads\/Captura-de-pantalla-2026-03-31-171836.png","contentUrl":"https:\/\/kzprofesional.com\/wp-content\/uploads\/Captura-de-pantalla-2026-03-31-171836.png","width":513,"height":595},{"@type":"BreadcrumbList","@id":"https:\/\/kzprofesional.com\/producto\/crema-de-coloracion-permanente-igora-6-0-rubio-oscuro-natural-60-ml-schwarzkopf\/#breadcrumb","itemListElement":[{"@type":"ListItem","position":1,"name":"Portada","item":"https:\/\/kzprofesional.com\/"},{"@type":"ListItem","position":2,"name":"Negozio","item":"https:\/\/kzprofesional.com\/it\/shop\/"},{"@type":"ListItem","position":3,"name":"Crema colorante permanente Igora 6-0 biondo scuro naturale 60 ml &#8211; SCHWARZKOPF"}]},{"@type":"WebSite","@id":"https:\/\/kzprofesional.com\/#website","url":"https:\/\/kzprofesional.com\/","name":"KZ Profesional","description":"","publisher":{"@id":"https:\/\/kzprofesional.com\/#organization"},"potentialAction":[{"@type":"SearchAction","target":{"@type":"EntryPoint","urlTemplate":"https:\/\/kzprofesional.com\/?s={search_term_string}"},"query-input":{"@type":"PropertyValueSpecification","valueRequired":true,"valueName":"search_term_string"}}],"inLanguage":"it-IT"},{"@type":"Organization","@id":"https:\/\/kzprofesional.com\/#organization","name":"Imperio Barber Shop","url":"https:\/\/kzprofesional.com\/","logo":{"@type":"ImageObject","inLanguage":"it-IT","@id":"https:\/\/kzprofesional.com\/#\/schema\/logo\/image\/","url":"https:\/\/kzprofesional.com\/wp-content\/uploads\/2021\/09\/Logo-Imperio-Barber-Shop.png","contentUrl":"https:\/\/kzprofesional.com\/wp-content\/uploads\/2021\/09\/Logo-Imperio-Barber-Shop.png","width":128,"height":128,"caption":"Imperio Barber Shop"},"image":{"@id":"https:\/\/kzprofesional.com\/#\/schema\/logo\/image\/"}}]}},"_links":{"self":[{"href":"https:\/\/kzprofesional.com\/it\/wp-json\/wp\/v2\/product\/80271","targetHints":{"allow":["GET"]}}],"collection":[{"href":"https:\/\/kzprofesional.com\/it\/wp-json\/wp\/v2\/product"}],"about":[{"href":"https:\/\/kzprofesional.com\/it\/wp-json\/wp\/v2\/types\/product"}],"wp:featuredmedia":[{"embeddable":true,"href":"https:\/\/kzprofesional.com\/it\/wp-json\/wp\/v2\/media\/80272"}],"wp:attachment":[{"href":"https:\/\/kzprofesional.com\/it\/wp-json\/wp\/v2\/media?parent=80271"}],"wp:term":[{"taxonomy":"product_brand","embeddable":true,"href":"https:\/\/kzprofesional.com\/it\/wp-json\/wp\/v2\/product_brand?post=80271"},{"taxonomy":"product_cat","embeddable":true,"href":"https:\/\/kzprofesional.com\/it\/wp-json\/wp\/v2\/product_cat?post=80271"},{"taxonomy":"product_tag","embeddable":true,"href":"https:\/\/kzprofesional.com\/it\/wp-json\/wp\/v2\/product_tag?post=80271"}],"curies":[{"name":"wp","href":"https:\/\/api.w.org\/{rel}","templated":true}]}}