

{"id":80428,"date":"2026-04-22T08:36:54","date_gmt":"2026-04-22T06:36:54","guid":{"rendered":"https:\/\/kzprofesional.com\/clipper-senior-2-0-wahl\/"},"modified":"2026-04-22T08:36:54","modified_gmt":"2026-04-22T06:36:54","slug":"clipper-senior-2-0-wahl","status":"publish","type":"product","link":"https:\/\/kzprofesional.com\/it\/prodotto\/clipper-senior-2-0-wahl\/","title":{"rendered":"Clipper Senior 2.0 &#8211; WAHL"},"content":{"rendered":"<p><strong>UN TAGLIACAPELLI BASATO SU UNA LUNGA TRADIZIONE E PRONTO PER IL FUTURO<\/strong><\/p>\n<p>Progettata per il barbiere moderno, la tagliacapelli a batteria Wahl Senior\u00ae 2.0 ofrece un prestazioni potenti e tecnologia avanzata. Cuenta con un<strong>\u00a0potente motor<\/strong>,\u00a0<strong>un design delle lame migliorato<\/strong>, una\u00a0<strong>palanca \u00fanica<\/strong>\u00a0y\u00a0<strong>una<\/strong>\u00a0llamativa iluminaci\u00f3n. El resultado es maggiore potenza, precisione e versatilit\u00e0: progettata per offrire prestazioni di altezza livello ogni volta che la usi.<\/p>\n<ul>\n<li id=\"OHF24CP\"><strong>Leva a cambio rapido con click o senza click &#8211; Regolazione senza attrezzi:<\/strong>\u00a0la tagliacapelli professionale Wahl Senior\u00ae 2.0 cuenta con una palanca<strong>\u00a0(pendiente de patente) que\u00a0<\/strong>permite a los parrucchieri\u00a0<strong>cambiar f\u00e1cilmente entre 5 posiciones fijas o palanca libre para un control suave y continuo<\/strong>. No se necesitan herramientas: solo tienes que levantar y cambiar.<\/li>\n<li><strong>Maggiore potenza e prestazioni di taglio avanzate<\/strong><strong>:<\/strong>\u00a0unmotore senza spazzole de 8000 rpm con<strong>control de velocidad adaptativo<\/strong><strong>se ajusta<\/strong>\u00a0autom\u00e1ticamente\u00a0<strong data-wg-splitted=\"\">a los diferentes tipos de capelli<\/strong>, lo que permite un corte\u00a0<strong>suave con menos pasadas<\/strong>.<\/li>\n<li><strong>Ergonomia bilanciata<\/strong><strong>: la\u00a0<\/strong>resistente carcasa de la Wahl Senior\u00ae 2.0 est\u00e1 cuidadosamente equilibrada y cuenta con ranuras patentadas que\u00a0<strong>mejoran el agarre, el control y la comodidad\u00a0<\/strong>durante su uso.<\/li>\n<li><strong>Taglio senza surriscaldamento, affilatura pi\u00f9 duratura:\u00a0<\/strong>las lame de acerocon altezza contenido en carbono, con\u00a0<strong>rivestimentos chrome PVD y DLC<\/strong>,\u00a0garantizan un rendimiento de corte constante. Las lame se mantienen\u00a0<strong>m\u00e1s fr\u00edas y afiladas durante m\u00e1s tiempo<\/strong>.<\/li>\n<li><strong>Pronta quando lo sei tu:\u00a0<\/strong>confino a\u00a0<strong>2,5 ore de autonomia sin cable<\/strong>, la Wahl Senior\u00ae 2.0 est\u00e1 progettata para barbieri con mucho trabajo. Esta tagliacapelli professionale se carga con la<strong>\u00a0Single Power Station incluida<\/strong>\u00a0y tambi\u00e9n es compatible con la carga USB-C.<\/li>\n<\/ul>\n<div class=\"data item title\" tabindex=\"0\" role=\"tab\" data-role=\"title\" aria-selected=\"true\" aria-expanded=\"true\"><strong>Cosa c\u2019\u00e8 nella confezione<\/strong><\/div>\n<div class=\"data item content\" role=\"tabpanel\" data-role=\"content\" aria-hidden=\"false\">\n<div data-content-type=\"row\" data-appearance=\"contained\" data-element=\"main\">\n<div data-enable-parallax=\"0\" data-parallax-speed=\"0.5\" data-background-images=\"{}\" data-background-type=\"image\" data-video-loop=\"true\" data-video-play-only-visible=\"true\" data-video-lazy-load=\"true\" data-video-fallback-src=\"\" data-element=\"inner\" data-pb-style=\"AL0Y0K0\">\n<div data-content-type=\"text\" data-appearance=\"default\" data-element=\"main\">\n<ul>\n<li>Base di ricarica Single Power Station<\/li>\n<li>7 rialzi di taglio de alta calidad rialzi di taglio 1,5 | 3 | 4,5 | 6 | 10 | 13 | 16 mm)<\/li>\n<li>Cable de carga de 5 V<\/li>\n<li>Olio per lame y spazzola di pulizia<\/li>\n<li>Protector de lama rojo<\/li>\n<li>Peine blanco<\/li>\n<\/ul>\n<div class=\"data item title\" tabindex=\"0\" role=\"tab\" data-role=\"title\" aria-selected=\"true\" aria-expanded=\"true\"><strong>Specifiche<\/strong><\/div>\n<div class=\"data item content\" role=\"tabpanel\" data-role=\"content\" aria-hidden=\"false\">\n<div class=\"additional-attributes-wrapper table-wrapper\">\n<table id=\"product-attribute-specs-table\" class=\"data table additional-attributes\">\n<tbody>\n<tr>\n<th class=\"col label\" scope=\"row\">Art\u00edculo Marca FG<\/th>\n<td class=\"col data\" data-th=\"Item FG Brand\">Wahl<\/td>\n<\/tr>\n<tr>\n<th class=\"col label\" scope=\"row\">Tempo di ricarica<\/th>\n<td class=\"col data\" data-th=\"Charge Time\">75 min<\/td>\n<\/tr>\n<tr>\n<th class=\"col label\" scope=\"row\">Tipo di batteria<\/th>\n<td class=\"col data\" data-th=\"Battery Type\">Litio<\/td>\n<\/tr>\n<tr>\n<th class=\"col label\" scope=\"row\">Ricarica rapida<\/th>\n<td class=\"col data\" data-th=\"Quick Charge\">10 minuti di ricarica = 20 minuti di autonomia<\/td>\n<\/tr>\n<tr>\n<th class=\"col label\" scope=\"row\">rialzi<\/th>\n<td class=\"col data\" data-th=\"Comb attachments\">7 rialzi di taglio Premium<\/td>\n<\/tr>\n<tr>\n<th class=\"col label\" scope=\"row\">Tipo di lama<\/th>\n<td class=\"col data\" data-th=\"Blade Type\">Versi\u00f3n 2.0<\/td>\n<\/tr>\n<tr>\n<th class=\"col label\" scope=\"row\">Lunghezza di taglio<\/th>\n<td class=\"col data\" data-th=\"Cutting Length\">0,7-1,5 mm<\/td>\n<\/tr>\n<tr>\n<th class=\"col label\" scope=\"row\">Tipo di alimentazione<\/th>\n<td class=\"col data\" data-th=\"Power Type\">Ricaricabile con\/senza cavo<\/td>\n<\/tr>\n<tr>\n<th class=\"col label\" scope=\"row\">Motor\/Accionamiento<\/th>\n<td class=\"col data\" data-th=\"Motor\/Drive\">rotativo senza spazzole, 8000 rpm<\/td>\n<\/tr>\n<tr>\n<th class=\"col label\" scope=\"row\">Autonomia<\/th>\n<td class=\"col data\" data-th=\"Run Time\">Fino a 2,5 ore<\/td>\n<\/tr>\n<tr>\n<th class=\"col label\" scope=\"row\">Categorizzazione del prodotto<\/th>\n<td class=\"col data\" data-th=\"Product Flag\">Nuovo<\/td>\n<\/tr>\n<tr>\n<th class=\"col label\" scope=\"row\">Peso<\/th>\n<td class=\"col data\" data-th=\"Weight\">377 g<\/td>\n<\/tr>\n<\/tbody>\n<\/table>\n<\/div>\n<\/div>\n<\/div>\n<\/div>\n<\/div>\n<\/div>\n","protected":false},"excerpt":{"rendered":"<p>Personalizza il tuo kit con le nostre macchine dei marchi leader nel settore barberia e parrucchieria!<br \/>\nTempi di consegna tra 1 e 15 giorni.<br \/>\nGaranzia di 1 anno per professionisti e aziende. 3 anni per i consumatori privati.<\/p>\n","protected":false},"featured_media":80429,"template":"","meta":{"_acf_changed":false,"_jet_sm_ready_style":"","_jet_sm_style":"","_jet_sm_controls_values":"","_jet_sm_fonts_collection":"","_jet_sm_fonts_links":""},"product_brand":[],"product_cat":[768,814],"product_tag":[],"class_list":{"0":"post-80428","1":"product","2":"type-product","3":"status-publish","4":"has-post-thumbnail","6":"product_cat-clippers-a-batteria","7":"product_cat-novita","8":"sales-flash-overlay","9":"woocommerce-text-align-center","10":"woocommerce-image-align-center","11":"do-quantity-buttons","13":"first","14":"instock","15":"taxable","16":"shipping-taxable","17":"purchasable","18":"product-type-simple"},"bundled_by":[],"bundle_stock_status":"instock","bundle_stock_quantity":12,"bundle_virtual":false,"bundle_layout":"","bundle_add_to_cart_form_location":"","bundle_editable_in_cart":false,"bundle_sold_individually_context":"","bundle_item_grouping":"","bundle_min_size":"","bundle_max_size":"","bundle_price":[],"bundled_items":[],"bundle_sell_ids":[],"acf":[],"yoast_head":"<!-- This site is optimized with the Yoast SEO Premium plugin v25.9 (Yoast SEO v27.4) - https:\/\/yoast.com\/product\/yoast-seo-premium-wordpress\/ -->\n<title>Clipper Senior 2.0 - WAHL - KZ Profesional<\/title>\n<meta name=\"robots\" content=\"index, follow, max-snippet:-1, max-image-preview:large, max-video-preview:-1\" \/>\n<link rel=\"canonical\" href=\"https:\/\/kzprofesional.com\/producto\/maquina-clipper-senior-2-0-wahl\/\" \/>\n<meta property=\"og:locale\" content=\"it_IT\" \/>\n<meta property=\"og:type\" content=\"article\" \/>\n<meta property=\"og:title\" content=\"Clipper Senior 2.0 - WAHL\" \/>\n<meta property=\"og:description\" content=\"Personalizza il tuo kit con le nostre macchine dei marchi leader nel settore barberia e parrucchieria! Tempi di consegna tra 1 e 15 giorni. Garanzia di 1 anno per professionisti e aziende. 3 anni per i consumatori privati.\" \/>\n<meta property=\"og:url\" content=\"https:\/\/kzprofesional.com\/producto\/maquina-clipper-senior-2-0-wahl\/\" \/>\n<meta property=\"og:site_name\" content=\"KZ Profesional\" \/>\n<meta property=\"og:image\" content=\"https:\/\/kzprofesional.com\/wp-content\/uploads\/Captura-de-pantalla-2026-04-21-164442.png\" \/>\n\t<meta property=\"og:image:width\" content=\"748\" \/>\n\t<meta property=\"og:image:height\" content=\"746\" \/>\n\t<meta property=\"og:image:type\" content=\"image\/png\" \/>\n<meta name=\"twitter:card\" content=\"summary_large_image\" \/>\n<script type=\"application\/ld+json\" class=\"yoast-schema-graph\">{\"@context\":\"https:\\\/\\\/schema.org\",\"@graph\":[{\"@type\":\"WebPage\",\"@id\":\"https:\\\/\\\/kzprofesional.com\\\/producto\\\/maquina-clipper-senior-2-0-wahl\\\/\",\"url\":\"https:\\\/\\\/kzprofesional.com\\\/producto\\\/maquina-clipper-senior-2-0-wahl\\\/\",\"name\":\"Clipper Senior 2.0 - WAHL - KZ Profesional\",\"isPartOf\":{\"@id\":\"https:\\\/\\\/kzprofesional.com\\\/#website\"},\"primaryImageOfPage\":{\"@id\":\"https:\\\/\\\/kzprofesional.com\\\/producto\\\/maquina-clipper-senior-2-0-wahl\\\/#primaryimage\"},\"image\":{\"@id\":\"https:\\\/\\\/kzprofesional.com\\\/producto\\\/maquina-clipper-senior-2-0-wahl\\\/#primaryimage\"},\"thumbnailUrl\":\"https:\\\/\\\/kzprofesional.com\\\/wp-content\\\/uploads\\\/Captura-de-pantalla-2026-04-21-164442.png\",\"datePublished\":\"2026-04-22T06:36:54+00:00\",\"breadcrumb\":{\"@id\":\"https:\\\/\\\/kzprofesional.com\\\/producto\\\/maquina-clipper-senior-2-0-wahl\\\/#breadcrumb\"},\"inLanguage\":\"it-IT\",\"potentialAction\":[{\"@type\":\"ReadAction\",\"target\":[\"https:\\\/\\\/kzprofesional.com\\\/producto\\\/maquina-clipper-senior-2-0-wahl\\\/\"]}]},{\"@type\":\"ImageObject\",\"inLanguage\":\"it-IT\",\"@id\":\"https:\\\/\\\/kzprofesional.com\\\/producto\\\/maquina-clipper-senior-2-0-wahl\\\/#primaryimage\",\"url\":\"https:\\\/\\\/kzprofesional.com\\\/wp-content\\\/uploads\\\/Captura-de-pantalla-2026-04-21-164442.png\",\"contentUrl\":\"https:\\\/\\\/kzprofesional.com\\\/wp-content\\\/uploads\\\/Captura-de-pantalla-2026-04-21-164442.png\",\"width\":748,\"height\":746},{\"@type\":\"BreadcrumbList\",\"@id\":\"https:\\\/\\\/kzprofesional.com\\\/producto\\\/maquina-clipper-senior-2-0-wahl\\\/#breadcrumb\",\"itemListElement\":[{\"@type\":\"ListItem\",\"position\":1,\"name\":\"Portada\",\"item\":\"https:\\\/\\\/kzprofesional.com\\\/\"},{\"@type\":\"ListItem\",\"position\":2,\"name\":\"Negozio\",\"item\":\"https:\\\/\\\/kzprofesional.com\\\/it\\\/shop\\\/\"},{\"@type\":\"ListItem\",\"position\":3,\"name\":\"Clipper Senior 2.0 &#8211; WAHL\"}]},{\"@type\":\"WebSite\",\"@id\":\"https:\\\/\\\/kzprofesional.com\\\/#website\",\"url\":\"https:\\\/\\\/kzprofesional.com\\\/\",\"name\":\"KZ Profesional\",\"description\":\"\",\"publisher\":{\"@id\":\"https:\\\/\\\/kzprofesional.com\\\/#organization\"},\"potentialAction\":[{\"@type\":\"SearchAction\",\"target\":{\"@type\":\"EntryPoint\",\"urlTemplate\":\"https:\\\/\\\/kzprofesional.com\\\/?s={search_term_string}\"},\"query-input\":{\"@type\":\"PropertyValueSpecification\",\"valueRequired\":true,\"valueName\":\"search_term_string\"}}],\"inLanguage\":\"it-IT\"},{\"@type\":\"Organization\",\"@id\":\"https:\\\/\\\/kzprofesional.com\\\/#organization\",\"name\":\"Imperio Barber Shop\",\"url\":\"https:\\\/\\\/kzprofesional.com\\\/\",\"logo\":{\"@type\":\"ImageObject\",\"inLanguage\":\"it-IT\",\"@id\":\"https:\\\/\\\/kzprofesional.com\\\/#\\\/schema\\\/logo\\\/image\\\/\",\"url\":\"https:\\\/\\\/kzprofesional.com\\\/wp-content\\\/uploads\\\/2021\\\/09\\\/Logo-Imperio-Barber-Shop.png\",\"contentUrl\":\"https:\\\/\\\/kzprofesional.com\\\/wp-content\\\/uploads\\\/2021\\\/09\\\/Logo-Imperio-Barber-Shop.png\",\"width\":128,\"height\":128,\"caption\":\"Imperio Barber Shop\"},\"image\":{\"@id\":\"https:\\\/\\\/kzprofesional.com\\\/#\\\/schema\\\/logo\\\/image\\\/\"}}]}<\/script>\n<!-- \/ Yoast SEO Premium plugin. -->","yoast_head_json":{"title":"Clipper Senior 2.0 - WAHL - KZ Profesional","robots":{"index":"index","follow":"follow","max-snippet":"max-snippet:-1","max-image-preview":"max-image-preview:large","max-video-preview":"max-video-preview:-1"},"canonical":"https:\/\/kzprofesional.com\/producto\/maquina-clipper-senior-2-0-wahl\/","og_locale":"it_IT","og_type":"article","og_title":"Clipper Senior 2.0 - WAHL","og_description":"Personalizza il tuo kit con le nostre macchine dei marchi leader nel settore barberia e parrucchieria! Tempi di consegna tra 1 e 15 giorni. Garanzia di 1 anno per professionisti e aziende. 3 anni per i consumatori privati.","og_url":"https:\/\/kzprofesional.com\/producto\/maquina-clipper-senior-2-0-wahl\/","og_site_name":"KZ Profesional","og_image":[{"width":748,"height":746,"url":"https:\/\/kzprofesional.com\/wp-content\/uploads\/Captura-de-pantalla-2026-04-21-164442.png","type":"image\/png"}],"twitter_card":"summary_large_image","schema":{"@context":"https:\/\/schema.org","@graph":[{"@type":"WebPage","@id":"https:\/\/kzprofesional.com\/producto\/maquina-clipper-senior-2-0-wahl\/","url":"https:\/\/kzprofesional.com\/producto\/maquina-clipper-senior-2-0-wahl\/","name":"Clipper Senior 2.0 - WAHL - KZ Profesional","isPartOf":{"@id":"https:\/\/kzprofesional.com\/#website"},"primaryImageOfPage":{"@id":"https:\/\/kzprofesional.com\/producto\/maquina-clipper-senior-2-0-wahl\/#primaryimage"},"image":{"@id":"https:\/\/kzprofesional.com\/producto\/maquina-clipper-senior-2-0-wahl\/#primaryimage"},"thumbnailUrl":"https:\/\/kzprofesional.com\/wp-content\/uploads\/Captura-de-pantalla-2026-04-21-164442.png","datePublished":"2026-04-22T06:36:54+00:00","breadcrumb":{"@id":"https:\/\/kzprofesional.com\/producto\/maquina-clipper-senior-2-0-wahl\/#breadcrumb"},"inLanguage":"it-IT","potentialAction":[{"@type":"ReadAction","target":["https:\/\/kzprofesional.com\/producto\/maquina-clipper-senior-2-0-wahl\/"]}]},{"@type":"ImageObject","inLanguage":"it-IT","@id":"https:\/\/kzprofesional.com\/producto\/maquina-clipper-senior-2-0-wahl\/#primaryimage","url":"https:\/\/kzprofesional.com\/wp-content\/uploads\/Captura-de-pantalla-2026-04-21-164442.png","contentUrl":"https:\/\/kzprofesional.com\/wp-content\/uploads\/Captura-de-pantalla-2026-04-21-164442.png","width":748,"height":746},{"@type":"BreadcrumbList","@id":"https:\/\/kzprofesional.com\/producto\/maquina-clipper-senior-2-0-wahl\/#breadcrumb","itemListElement":[{"@type":"ListItem","position":1,"name":"Portada","item":"https:\/\/kzprofesional.com\/"},{"@type":"ListItem","position":2,"name":"Negozio","item":"https:\/\/kzprofesional.com\/it\/shop\/"},{"@type":"ListItem","position":3,"name":"Clipper Senior 2.0 &#8211; WAHL"}]},{"@type":"WebSite","@id":"https:\/\/kzprofesional.com\/#website","url":"https:\/\/kzprofesional.com\/","name":"KZ Profesional","description":"","publisher":{"@id":"https:\/\/kzprofesional.com\/#organization"},"potentialAction":[{"@type":"SearchAction","target":{"@type":"EntryPoint","urlTemplate":"https:\/\/kzprofesional.com\/?s={search_term_string}"},"query-input":{"@type":"PropertyValueSpecification","valueRequired":true,"valueName":"search_term_string"}}],"inLanguage":"it-IT"},{"@type":"Organization","@id":"https:\/\/kzprofesional.com\/#organization","name":"Imperio Barber Shop","url":"https:\/\/kzprofesional.com\/","logo":{"@type":"ImageObject","inLanguage":"it-IT","@id":"https:\/\/kzprofesional.com\/#\/schema\/logo\/image\/","url":"https:\/\/kzprofesional.com\/wp-content\/uploads\/2021\/09\/Logo-Imperio-Barber-Shop.png","contentUrl":"https:\/\/kzprofesional.com\/wp-content\/uploads\/2021\/09\/Logo-Imperio-Barber-Shop.png","width":128,"height":128,"caption":"Imperio Barber Shop"},"image":{"@id":"https:\/\/kzprofesional.com\/#\/schema\/logo\/image\/"}}]}},"_links":{"self":[{"href":"https:\/\/kzprofesional.com\/it\/wp-json\/wp\/v2\/product\/80428","targetHints":{"allow":["GET"]}}],"collection":[{"href":"https:\/\/kzprofesional.com\/it\/wp-json\/wp\/v2\/product"}],"about":[{"href":"https:\/\/kzprofesional.com\/it\/wp-json\/wp\/v2\/types\/product"}],"wp:featuredmedia":[{"embeddable":true,"href":"https:\/\/kzprofesional.com\/it\/wp-json\/wp\/v2\/media\/80429"}],"wp:attachment":[{"href":"https:\/\/kzprofesional.com\/it\/wp-json\/wp\/v2\/media?parent=80428"}],"wp:term":[{"taxonomy":"product_brand","embeddable":true,"href":"https:\/\/kzprofesional.com\/it\/wp-json\/wp\/v2\/product_brand?post=80428"},{"taxonomy":"product_cat","embeddable":true,"href":"https:\/\/kzprofesional.com\/it\/wp-json\/wp\/v2\/product_cat?post=80428"},{"taxonomy":"product_tag","embeddable":true,"href":"https:\/\/kzprofesional.com\/it\/wp-json\/wp\/v2\/product_tag?post=80428"}],"curies":[{"name":"wp","href":"https:\/\/api.w.org\/{rel}","templated":true}]}}