

{"id":80877,"date":"2026-02-19T16:18:25","date_gmt":"2026-02-19T15:18:25","guid":{"rendered":"https:\/\/kzprofesional.com\/lama-trimmer-2-0-monster-clippers\/"},"modified":"2026-04-28T13:06:48","modified_gmt":"2026-04-28T11:06:48","slug":"lama-trimmer-2-0-monster-clippers","status":"publish","type":"product","link":"https:\/\/kzprofesional.com\/it\/prodotto\/lama-trimmer-2-0-monster-clippers\/","title":{"rendered":"Lama Trimmer 2.0 &#8211; MONSTER CLIPPERS"},"content":{"rendered":"<h1><strong><span dir=\"auto\">LAMA DI TAGLIO MONSTERTRIMMER V2.0<\/span><\/strong><\/h1>\n<div><strong><span dir=\"auto\">2.0 ora con lame a doppio rivestimento DLC (carbonio tipo diamante) e denti bisellati pi\u00f9 affilati e inclinati per tagli pi\u00f9 fluidi e prestazioni migliorate!<\/span><\/strong><\/div>\n<div><\/div>\n<div>\n<p><span dir=\"auto\">Para un desgaste reducido, mayor durabilidad y m\u00e1s resistente que la cuchilla de corte promedio.<\/span><\/p>\n<\/div>\n<div><strong><span dir=\"auto\">Para los siguientes modelos de recortadora:<\/span><\/strong><\/div>\n<div>\n<ul>\n<li><strong><span dir=\"auto\">Recortadora de monstruos<\/span><\/strong><\/li>\n<li><strong><span dir=\"auto\">Recortadora Cerberus<\/span><\/strong><\/li>\n<\/ul>\n<\/div>\n<div><span dir=\"auto\">Reemplace la cuchilla de corte de la MONSTERTRIMMER r\u00e1pida y f\u00e1cilmente gracias al sistema de doble tornillo. La MONSTERTRIMMER se puede ajustar a la opci\u00f3n de esqueleto para mayor precisi\u00f3n.<\/span><\/div>\n<ul>\n<li><span dir=\"auto\">Usura ridotta<\/span><\/li>\n<li><span dir=\"auto\">Maggiore durata<\/span><\/li>\n<li><span dir=\"auto\">Lunghezza di taglio: 0,4 mil\u00edmetros<\/span><\/li>\n<li><span dir=\"auto\">Larghezza di taglio: 40 mil\u00edmetros<\/span><\/li>\n<li><span dir=\"auto\">Extra largo<\/span><\/li>\n<li><span dir=\"auto\">Forma a T larga<\/span><\/li>\n<li><span dir=\"auto\">Zero gap regolabile<\/span><\/li>\n<\/ul>\n<p><strong><span dir=\"auto\">2.0 Especificaciones:<\/span><\/strong><\/p>\n<ul>\n<li><strong><span dir=\"auto\">Hojas con doble<\/span><\/strong><span dir=\"auto\">\u00a0revestimiento DLC (carbono tipo diamante)<\/span><\/li>\n<li><span dir=\"auto\">Diente profundo<\/span><\/li>\n<li><span dir=\"auto\">Prestazioni migliorate<\/span><\/li>\n<li><span dir=\"auto\">Taglio pi\u00f9 fluido<\/span><\/li>\n<li><span dir=\"auto\">No se engancha ni tira<\/span><\/li>\n<li><span dir=\"auto\">Denti bisellati e inclinati verso l\u2019interno<\/span><\/li>\n<li><span dir=\"auto\">Taglio pi\u00f9 vicino alla pelle<\/span><\/li>\n<li><span dir=\"auto\">Eliminaci\u00f3n masiva<\/span><\/li>\n<\/ul>\n","protected":false},"excerpt":{"rendered":"<p>LAMA DI TAGLIO MONSTERTRIMMER V2.0 2.0 ora con lame a doppio rivestimento DLC (carbonio tipo diamante) e denti bisellati pi\u00f9 affilati e inclinati per tagli pi\u00f9 fluidi e prestazioni migliorate! Para un desgaste reducido, mayor durabilidad y m\u00e1s resistente que la cuchilla de corte promedio. Para los siguientes modelos de recortadora: Recortadora de monstruos Recortadora &#8230; <a title=\"Lama Trimmer 2.0 &#8211; MONSTER CLIPPERS\" class=\"read-more\" href=\"https:\/\/kzprofesional.com\/it\/prodotto\/lama-trimmer-2-0-monster-clippers\/\" aria-label=\"Per saperne di pi\u00f9 su Lama Trimmer 2.0 &#8211; MONSTER CLIPPERS\">Leggi tutto<\/a><\/p>\n","protected":false},"featured_media":80878,"template":"","meta":{"_acf_changed":false,"_jet_sm_ready_style":"","_jet_sm_style":"","_jet_sm_controls_values":"","_jet_sm_fonts_collection":"","_jet_sm_fonts_links":""},"product_brand":[],"product_cat":[814,971],"product_tag":[],"class_list":{"0":"post-80877","1":"product","2":"type-product","3":"status-publish","4":"has-post-thumbnail","6":"product_cat-novita","7":"product_cat-ricambi","8":"sales-flash-overlay","9":"woocommerce-text-align-center","10":"woocommerce-image-align-center","11":"do-quantity-buttons","13":"first","14":"outofstock","15":"sale","16":"taxable","17":"shipping-taxable","18":"purchasable","19":"product-type-simple"},"bundled_by":[],"bundle_stock_status":"outofstock","bundle_stock_quantity":0,"bundle_virtual":false,"bundle_layout":"","bundle_add_to_cart_form_location":"","bundle_editable_in_cart":false,"bundle_sold_individually_context":"","bundle_item_grouping":"","bundle_min_size":"","bundle_max_size":"","bundle_price":[],"bundled_items":[],"bundle_sell_ids":[],"acf":[],"yoast_head":"<!-- This site is optimized with the Yoast SEO Premium plugin v25.9 (Yoast SEO v27.5) - https:\/\/yoast.com\/product\/yoast-seo-premium-wordpress\/ -->\n<title>Lama Trimmer 2.0 - MONSTER CLIPPERS - KZ Profesional<\/title>\n<meta name=\"description\" content=\"2.0 ora con lame a doppio rivestimento DLC (carbonio tipo diamante) e denti bisellati pi\u00f9 affilati e inclinati per tagli pi\u00f9 fluidi e prestazioni migliorate!\" \/>\n<meta name=\"robots\" content=\"index, follow, max-snippet:-1, max-image-preview:large, max-video-preview:-1\" \/>\n<link rel=\"canonical\" href=\"https:\/\/kzprofesional.com\/producto\/cuchilla-trimmer-2-0-monster-clippers\/\" \/>\n<meta property=\"og:locale\" content=\"it_IT\" \/>\n<meta property=\"og:type\" content=\"article\" \/>\n<meta property=\"og:title\" content=\"Lama Trimmer 2.0 - MONSTER CLIPPERS\" \/>\n<meta property=\"og:description\" content=\"2.0 ora con lame a doppio rivestimento DLC (carbonio tipo diamante) e denti bisellati pi\u00f9 affilati e inclinati per tagli pi\u00f9 fluidi e prestazioni migliorate!\" \/>\n<meta property=\"og:url\" content=\"https:\/\/kzprofesional.com\/producto\/cuchilla-trimmer-2-0-monster-clippers\/\" \/>\n<meta property=\"og:site_name\" content=\"KZ Profesional\" \/>\n<meta property=\"article:modified_time\" content=\"2026-04-28T11:06:48+00:00\" \/>\n<meta property=\"og:image\" content=\"https:\/\/kzprofesional.com\/wp-content\/uploads\/Trimmer-2.0.png\" \/>\n\t<meta property=\"og:image:width\" content=\"426\" \/>\n\t<meta property=\"og:image:height\" content=\"414\" \/>\n\t<meta property=\"og:image:type\" content=\"image\/png\" \/>\n<meta name=\"twitter:card\" content=\"summary_large_image\" \/>\n<script type=\"application\/ld+json\" class=\"yoast-schema-graph\">{\"@context\":\"https:\\\/\\\/schema.org\",\"@graph\":[{\"@type\":\"WebPage\",\"@id\":\"https:\\\/\\\/kzprofesional.com\\\/producto\\\/cuchilla-trimmer-2-0-monster-clippers\\\/\",\"url\":\"https:\\\/\\\/kzprofesional.com\\\/producto\\\/cuchilla-trimmer-2-0-monster-clippers\\\/\",\"name\":\"Lama Trimmer 2.0 - MONSTER CLIPPERS - KZ Profesional\",\"isPartOf\":{\"@id\":\"https:\\\/\\\/kzprofesional.com\\\/#website\"},\"primaryImageOfPage\":{\"@id\":\"https:\\\/\\\/kzprofesional.com\\\/producto\\\/cuchilla-trimmer-2-0-monster-clippers\\\/#primaryimage\"},\"image\":{\"@id\":\"https:\\\/\\\/kzprofesional.com\\\/producto\\\/cuchilla-trimmer-2-0-monster-clippers\\\/#primaryimage\"},\"thumbnailUrl\":\"https:\\\/\\\/kzprofesional.com\\\/wp-content\\\/uploads\\\/Trimmer-2.0.png\",\"datePublished\":\"2026-02-19T15:18:25+00:00\",\"dateModified\":\"2026-04-28T11:06:48+00:00\",\"description\":\"2.0 ora con lame a doppio rivestimento DLC (carbonio tipo diamante) e denti bisellati pi\u00f9 affilati e inclinati per tagli pi\u00f9 fluidi e prestazioni migliorate!\",\"breadcrumb\":{\"@id\":\"https:\\\/\\\/kzprofesional.com\\\/producto\\\/cuchilla-trimmer-2-0-monster-clippers\\\/#breadcrumb\"},\"inLanguage\":\"it-IT\",\"potentialAction\":[{\"@type\":\"ReadAction\",\"target\":[\"https:\\\/\\\/kzprofesional.com\\\/producto\\\/cuchilla-trimmer-2-0-monster-clippers\\\/\"]}]},{\"@type\":\"ImageObject\",\"inLanguage\":\"it-IT\",\"@id\":\"https:\\\/\\\/kzprofesional.com\\\/producto\\\/cuchilla-trimmer-2-0-monster-clippers\\\/#primaryimage\",\"url\":\"https:\\\/\\\/kzprofesional.com\\\/wp-content\\\/uploads\\\/Trimmer-2.0.png\",\"contentUrl\":\"https:\\\/\\\/kzprofesional.com\\\/wp-content\\\/uploads\\\/Trimmer-2.0.png\",\"width\":426,\"height\":414},{\"@type\":\"BreadcrumbList\",\"@id\":\"https:\\\/\\\/kzprofesional.com\\\/producto\\\/cuchilla-trimmer-2-0-monster-clippers\\\/#breadcrumb\",\"itemListElement\":[{\"@type\":\"ListItem\",\"position\":1,\"name\":\"Home\",\"item\":\"https:\\\/\\\/kzprofesional.com\\\/\"},{\"@type\":\"ListItem\",\"position\":2,\"name\":\"Negozio\",\"item\":\"https:\\\/\\\/kzprofesional.com\\\/it\\\/shop\\\/\"},{\"@type\":\"ListItem\",\"position\":3,\"name\":\"Lama Trimmer 2.0 &#8211; MONSTER CLIPPERS\"}]},{\"@type\":\"WebSite\",\"@id\":\"https:\\\/\\\/kzprofesional.com\\\/#website\",\"url\":\"https:\\\/\\\/kzprofesional.com\\\/\",\"name\":\"KZ Profesional\",\"description\":\"\",\"publisher\":{\"@id\":\"https:\\\/\\\/kzprofesional.com\\\/#organization\"},\"potentialAction\":[{\"@type\":\"SearchAction\",\"target\":{\"@type\":\"EntryPoint\",\"urlTemplate\":\"https:\\\/\\\/kzprofesional.com\\\/?s={search_term_string}\"},\"query-input\":{\"@type\":\"PropertyValueSpecification\",\"valueRequired\":true,\"valueName\":\"search_term_string\"}}],\"inLanguage\":\"it-IT\"},{\"@type\":\"Organization\",\"@id\":\"https:\\\/\\\/kzprofesional.com\\\/#organization\",\"name\":\"Imperio Barber Shop\",\"url\":\"https:\\\/\\\/kzprofesional.com\\\/\",\"logo\":{\"@type\":\"ImageObject\",\"inLanguage\":\"it-IT\",\"@id\":\"https:\\\/\\\/kzprofesional.com\\\/#\\\/schema\\\/logo\\\/image\\\/\",\"url\":\"https:\\\/\\\/kzprofesional.com\\\/wp-content\\\/uploads\\\/2021\\\/09\\\/Logo-Imperio-Barber-Shop.png\",\"contentUrl\":\"https:\\\/\\\/kzprofesional.com\\\/wp-content\\\/uploads\\\/2021\\\/09\\\/Logo-Imperio-Barber-Shop.png\",\"width\":128,\"height\":128,\"caption\":\"Imperio Barber Shop\"},\"image\":{\"@id\":\"https:\\\/\\\/kzprofesional.com\\\/#\\\/schema\\\/logo\\\/image\\\/\"}}]}<\/script>\n<!-- \/ Yoast SEO Premium plugin. -->","yoast_head_json":{"title":"Lama Trimmer 2.0 - MONSTER CLIPPERS - KZ Profesional","description":"2.0 ora con lame a doppio rivestimento DLC (carbonio tipo diamante) e denti bisellati pi\u00f9 affilati e inclinati per tagli pi\u00f9 fluidi e prestazioni migliorate!","robots":{"index":"index","follow":"follow","max-snippet":"max-snippet:-1","max-image-preview":"max-image-preview:large","max-video-preview":"max-video-preview:-1"},"canonical":"https:\/\/kzprofesional.com\/producto\/cuchilla-trimmer-2-0-monster-clippers\/","og_locale":"it_IT","og_type":"article","og_title":"Lama Trimmer 2.0 - MONSTER CLIPPERS","og_description":"2.0 ora con lame a doppio rivestimento DLC (carbonio tipo diamante) e denti bisellati pi\u00f9 affilati e inclinati per tagli pi\u00f9 fluidi e prestazioni migliorate!","og_url":"https:\/\/kzprofesional.com\/producto\/cuchilla-trimmer-2-0-monster-clippers\/","og_site_name":"KZ Profesional","article_modified_time":"2026-04-28T11:06:48+00:00","og_image":[{"width":426,"height":414,"url":"https:\/\/kzprofesional.com\/wp-content\/uploads\/Trimmer-2.0.png","type":"image\/png"}],"twitter_card":"summary_large_image","schema":{"@context":"https:\/\/schema.org","@graph":[{"@type":"WebPage","@id":"https:\/\/kzprofesional.com\/producto\/cuchilla-trimmer-2-0-monster-clippers\/","url":"https:\/\/kzprofesional.com\/producto\/cuchilla-trimmer-2-0-monster-clippers\/","name":"Lama Trimmer 2.0 - MONSTER CLIPPERS - KZ Profesional","isPartOf":{"@id":"https:\/\/kzprofesional.com\/#website"},"primaryImageOfPage":{"@id":"https:\/\/kzprofesional.com\/producto\/cuchilla-trimmer-2-0-monster-clippers\/#primaryimage"},"image":{"@id":"https:\/\/kzprofesional.com\/producto\/cuchilla-trimmer-2-0-monster-clippers\/#primaryimage"},"thumbnailUrl":"https:\/\/kzprofesional.com\/wp-content\/uploads\/Trimmer-2.0.png","datePublished":"2026-02-19T15:18:25+00:00","dateModified":"2026-04-28T11:06:48+00:00","description":"2.0 ora con lame a doppio rivestimento DLC (carbonio tipo diamante) e denti bisellati pi\u00f9 affilati e inclinati per tagli pi\u00f9 fluidi e prestazioni migliorate!","breadcrumb":{"@id":"https:\/\/kzprofesional.com\/producto\/cuchilla-trimmer-2-0-monster-clippers\/#breadcrumb"},"inLanguage":"it-IT","potentialAction":[{"@type":"ReadAction","target":["https:\/\/kzprofesional.com\/producto\/cuchilla-trimmer-2-0-monster-clippers\/"]}]},{"@type":"ImageObject","inLanguage":"it-IT","@id":"https:\/\/kzprofesional.com\/producto\/cuchilla-trimmer-2-0-monster-clippers\/#primaryimage","url":"https:\/\/kzprofesional.com\/wp-content\/uploads\/Trimmer-2.0.png","contentUrl":"https:\/\/kzprofesional.com\/wp-content\/uploads\/Trimmer-2.0.png","width":426,"height":414},{"@type":"BreadcrumbList","@id":"https:\/\/kzprofesional.com\/producto\/cuchilla-trimmer-2-0-monster-clippers\/#breadcrumb","itemListElement":[{"@type":"ListItem","position":1,"name":"Home","item":"https:\/\/kzprofesional.com\/"},{"@type":"ListItem","position":2,"name":"Negozio","item":"https:\/\/kzprofesional.com\/it\/shop\/"},{"@type":"ListItem","position":3,"name":"Lama Trimmer 2.0 &#8211; MONSTER CLIPPERS"}]},{"@type":"WebSite","@id":"https:\/\/kzprofesional.com\/#website","url":"https:\/\/kzprofesional.com\/","name":"KZ Profesional","description":"","publisher":{"@id":"https:\/\/kzprofesional.com\/#organization"},"potentialAction":[{"@type":"SearchAction","target":{"@type":"EntryPoint","urlTemplate":"https:\/\/kzprofesional.com\/?s={search_term_string}"},"query-input":{"@type":"PropertyValueSpecification","valueRequired":true,"valueName":"search_term_string"}}],"inLanguage":"it-IT"},{"@type":"Organization","@id":"https:\/\/kzprofesional.com\/#organization","name":"Imperio Barber Shop","url":"https:\/\/kzprofesional.com\/","logo":{"@type":"ImageObject","inLanguage":"it-IT","@id":"https:\/\/kzprofesional.com\/#\/schema\/logo\/image\/","url":"https:\/\/kzprofesional.com\/wp-content\/uploads\/2021\/09\/Logo-Imperio-Barber-Shop.png","contentUrl":"https:\/\/kzprofesional.com\/wp-content\/uploads\/2021\/09\/Logo-Imperio-Barber-Shop.png","width":128,"height":128,"caption":"Imperio Barber Shop"},"image":{"@id":"https:\/\/kzprofesional.com\/#\/schema\/logo\/image\/"}}]}},"_links":{"self":[{"href":"https:\/\/kzprofesional.com\/it\/wp-json\/wp\/v2\/product\/80877","targetHints":{"allow":["GET"]}}],"collection":[{"href":"https:\/\/kzprofesional.com\/it\/wp-json\/wp\/v2\/product"}],"about":[{"href":"https:\/\/kzprofesional.com\/it\/wp-json\/wp\/v2\/types\/product"}],"wp:featuredmedia":[{"embeddable":true,"href":"https:\/\/kzprofesional.com\/it\/wp-json\/wp\/v2\/media\/80878"}],"wp:attachment":[{"href":"https:\/\/kzprofesional.com\/it\/wp-json\/wp\/v2\/media?parent=80877"}],"wp:term":[{"taxonomy":"product_brand","embeddable":true,"href":"https:\/\/kzprofesional.com\/it\/wp-json\/wp\/v2\/product_brand?post=80877"},{"taxonomy":"product_cat","embeddable":true,"href":"https:\/\/kzprofesional.com\/it\/wp-json\/wp\/v2\/product_cat?post=80877"},{"taxonomy":"product_tag","embeddable":true,"href":"https:\/\/kzprofesional.com\/it\/wp-json\/wp\/v2\/product_tag?post=80877"}],"curies":[{"name":"wp","href":"https:\/\/api.w.org\/{rel}","templated":true}]}}