

{"id":79521,"date":"2021-11-17T02:14:54","date_gmt":"2021-11-17T01:14:54","guid":{"rendered":"https:\/\/kzprofesional.com\/fiber-paste-pasta-modeladora-75ml-lakme\/"},"modified":"2021-11-17T02:14:54","modified_gmt":"2021-11-17T01:14:54","slug":"fiber-paste-pasta-modeladora-75ml-lakme","status":"publish","type":"product","link":"https:\/\/kzprofesional.com\/pt-pt\/produto\/fiber-paste-pasta-modeladora-75ml-lakme\/","title":{"rendered":"Fiber Paste Pasta modeladora 75ml &#8211; LAKME"},"content":{"rendered":"<div class=\"woocommerce-product-details__short-description\">\n<p>Pasta el\u00e1stica de textura fibrosa para modelar todos os tipos de cabelo.<\/p>\n<\/div>\n<h3>BENEF\u00cdCIOS DO PRODUTO<\/h3>\n<p>Efeito ultra texturizante.<br \/>\nSepara\u00e7\u00e3o e acabamento duradouro.<br \/>\nFixa\u00e7\u00e3o m\u00e9dia e remodel\u00e1vel.<br \/>\nProte\u00e7\u00e3o contra a polui\u00e7\u00e3o.<br \/>\nProte\u00e7\u00e3o UV.<\/p>\n<h3>\u00cdNDICE DE FIXA\u00c7\u00c3O:<\/h3>\n<p>2<\/p>\n<p><b>BLUE Ol\u00e9oactif\u00ae :<br \/>\n<\/b>extrato 100% natural derivado da combina\u00e7\u00e3o de g\u00e9rmen de arroz, arroz negro, arroz vermelho e \u00f3leo de soja virgem biol\u00f3gico. Cont\u00e9m carotenoides fotoprotetores e tocofer\u00f3is antioxidantes.<\/p>\n<p><strong>APLICA\u00c7\u00c3O<br \/>\n<\/strong>Aplicar no cabelo seco e modelar com os dedos.<\/p>\n<p><strong>FRAGR\u00c2NCIA<br \/>\n<\/strong>Fragr\u00e2ncia fresca, \u00e2mbar, com leves notas florais e madeiras envolventes.<\/p>\n<p><strong>INGREDIENTES<br \/>\n<\/strong><small>AQUA (WATER); HYDROGENATED MICROCRISTALLINE WAX; CETEARETH-20; CETYL ALCOHOL; MINERAL OIL (PARAFFINUM LIQUIDUM); GLYCERIN; HYDROXYPROPYL STARCH PHOSPHATE ; ALCOHOL DENAT.; VP \/ VA COPOLYMER; COPERNICIA CERIFERA CERA (CARNAUBA; FRAGRANCE (PARFUM); PHENOXYETHANOL; CHLORPHENESIN; GLYCINE SOJA (SOYBEAN) OIL; TRISODIUM ETHYLENEDIAMINE DISUCCINATE; LACTIC ACID; POLYGLYCERYL-3 DIISOSTEARATE; ORYZA SATIVA (RICE) GERM EXTRACT<\/small><\/p>\n","protected":false},"excerpt":{"rendered":"<p>Pasta el\u00e1stica de textura fibrosa para modelar todos os tipos de cabelo. BENEF\u00cdCIOS DO PRODUTO Efeito ultra texturizante. Separa\u00e7\u00e3o e acabamento duradouro. Fixa\u00e7\u00e3o m\u00e9dia e remodel\u00e1vel. Prote\u00e7\u00e3o contra a polui\u00e7\u00e3o. Prote\u00e7\u00e3o UV. \u00cdNDICE DE FIXA\u00c7\u00c3O: 2 BLUE Ol\u00e9oactif\u00ae : extrato 100% natural derivado da combina\u00e7\u00e3o de g\u00e9rmen de arroz, arroz negro, arroz vermelho e \u00f3leo &#8230; <a title=\"Fiber Paste Pasta modeladora 75ml &#8211; LAKME\" class=\"read-more\" href=\"https:\/\/kzprofesional.com\/pt-pt\/produto\/fiber-paste-pasta-modeladora-75ml-lakme\/\" aria-label=\"Leia mais sobre Fiber Paste Pasta modeladora 75ml &#8211; LAKME\">Ler mais<\/a><\/p>\n","protected":false},"featured_media":79522,"template":"","meta":{"_acf_changed":false,"_jet_sm_ready_style":"","_jet_sm_style":"","_jet_sm_controls_values":"","_jet_sm_fonts_collection":"","_jet_sm_fonts_links":""},"product_brand":[],"product_cat":[764],"product_tag":[],"class_list":{"0":"post-79521","1":"product","2":"type-product","3":"status-publish","4":"has-post-thumbnail","6":"product_cat-produtos-de-acabamento","7":"sales-flash-overlay","8":"woocommerce-text-align-center","9":"woocommerce-image-align-center","10":"do-quantity-buttons","12":"first","13":"instock","14":"taxable","15":"shipping-taxable","16":"purchasable","17":"product-type-simple"},"bundled_by":[],"bundle_stock_status":"instock","bundle_stock_quantity":25,"bundle_virtual":false,"bundle_layout":"","bundle_add_to_cart_form_location":"","bundle_editable_in_cart":false,"bundle_sold_individually_context":"","bundle_item_grouping":"","bundle_min_size":"","bundle_max_size":"","bundle_price":[],"bundled_items":[],"bundle_sell_ids":[],"acf":[],"yoast_head":"<!-- This site is optimized with the Yoast SEO Premium plugin v25.9 (Yoast SEO v27.4) - https:\/\/yoast.com\/product\/yoast-seo-premium-wordpress\/ -->\n<title>Fiber Paste Pasta modeladora 75ml - LAKME - KZ Profesional<\/title>\n<meta name=\"description\" content=\"Pasta el\u00e1stica de textura fibrosa para modelar todos os tipos de cabelo.\" \/>\n<meta name=\"robots\" content=\"index, follow, max-snippet:-1, max-image-preview:large, max-video-preview:-1\" \/>\n<link rel=\"canonical\" href=\"https:\/\/kzprofesional.com\/producto\/fiber-paste-pasta-moldeadora-100-ml\/\" \/>\n<meta property=\"og:locale\" content=\"pt_PT\" \/>\n<meta property=\"og:type\" content=\"article\" \/>\n<meta property=\"og:title\" content=\"Fiber Paste Pasta modeladora 75ml - LAKME\" \/>\n<meta property=\"og:description\" content=\"Pasta el\u00e1stica de textura fibrosa para modelar todos os tipos de cabelo.\" \/>\n<meta property=\"og:url\" content=\"https:\/\/kzprofesional.com\/producto\/fiber-paste-pasta-moldeadora-100-ml\/\" \/>\n<meta property=\"og:site_name\" content=\"KZ Profesional\" \/>\n<meta property=\"og:image\" content=\"https:\/\/kzprofesional.com\/wp-content\/uploads\/FIBER-PASTE-PASTA-MOLDEADORA-100-ML-LAKME.jpg\" \/>\n\t<meta property=\"og:image:width\" content=\"1500\" \/>\n\t<meta property=\"og:image:height\" content=\"1500\" \/>\n\t<meta property=\"og:image:type\" content=\"image\/jpeg\" \/>\n<meta name=\"twitter:card\" content=\"summary_large_image\" \/>\n<script type=\"application\/ld+json\" class=\"yoast-schema-graph\">{\"@context\":\"https:\\\/\\\/schema.org\",\"@graph\":[{\"@type\":\"WebPage\",\"@id\":\"https:\\\/\\\/kzprofesional.com\\\/producto\\\/fiber-paste-pasta-moldeadora-100-ml\\\/\",\"url\":\"https:\\\/\\\/kzprofesional.com\\\/producto\\\/fiber-paste-pasta-moldeadora-100-ml\\\/\",\"name\":\"Fiber Paste Pasta modeladora 75ml - LAKME - KZ Profesional\",\"isPartOf\":{\"@id\":\"https:\\\/\\\/kzprofesional.com\\\/#website\"},\"primaryImageOfPage\":{\"@id\":\"https:\\\/\\\/kzprofesional.com\\\/producto\\\/fiber-paste-pasta-moldeadora-100-ml\\\/#primaryimage\"},\"image\":{\"@id\":\"https:\\\/\\\/kzprofesional.com\\\/producto\\\/fiber-paste-pasta-moldeadora-100-ml\\\/#primaryimage\"},\"thumbnailUrl\":\"https:\\\/\\\/kzprofesional.com\\\/wp-content\\\/uploads\\\/FIBER-PASTE-PASTA-MOLDEADORA-100-ML-LAKME.jpg\",\"datePublished\":\"2021-11-17T01:14:54+00:00\",\"description\":\"Pasta el\u00e1stica de textura fibrosa para modelar todos os tipos de cabelo.\",\"breadcrumb\":{\"@id\":\"https:\\\/\\\/kzprofesional.com\\\/producto\\\/fiber-paste-pasta-moldeadora-100-ml\\\/#breadcrumb\"},\"inLanguage\":\"pt-PT\",\"potentialAction\":[{\"@type\":\"ReadAction\",\"target\":[\"https:\\\/\\\/kzprofesional.com\\\/producto\\\/fiber-paste-pasta-moldeadora-100-ml\\\/\"]}]},{\"@type\":\"ImageObject\",\"inLanguage\":\"pt-PT\",\"@id\":\"https:\\\/\\\/kzprofesional.com\\\/producto\\\/fiber-paste-pasta-moldeadora-100-ml\\\/#primaryimage\",\"url\":\"https:\\\/\\\/kzprofesional.com\\\/wp-content\\\/uploads\\\/FIBER-PASTE-PASTA-MOLDEADORA-100-ML-LAKME.jpg\",\"contentUrl\":\"https:\\\/\\\/kzprofesional.com\\\/wp-content\\\/uploads\\\/FIBER-PASTE-PASTA-MOLDEADORA-100-ML-LAKME.jpg\",\"width\":1500,\"height\":1500},{\"@type\":\"BreadcrumbList\",\"@id\":\"https:\\\/\\\/kzprofesional.com\\\/producto\\\/fiber-paste-pasta-moldeadora-100-ml\\\/#breadcrumb\",\"itemListElement\":[{\"@type\":\"ListItem\",\"position\":1,\"name\":\"Portada\",\"item\":\"https:\\\/\\\/kzprofesional.com\\\/\"},{\"@type\":\"ListItem\",\"position\":2,\"name\":\"Loja\",\"item\":\"https:\\\/\\\/kzprofesional.com\\\/pt-pt\\\/loja\\\/\"},{\"@type\":\"ListItem\",\"position\":3,\"name\":\"Fiber Paste Pasta modeladora 75ml &#8211; LAKME\"}]},{\"@type\":\"WebSite\",\"@id\":\"https:\\\/\\\/kzprofesional.com\\\/#website\",\"url\":\"https:\\\/\\\/kzprofesional.com\\\/\",\"name\":\"KZ Profesional\",\"description\":\"\",\"publisher\":{\"@id\":\"https:\\\/\\\/kzprofesional.com\\\/#organization\"},\"potentialAction\":[{\"@type\":\"SearchAction\",\"target\":{\"@type\":\"EntryPoint\",\"urlTemplate\":\"https:\\\/\\\/kzprofesional.com\\\/?s={search_term_string}\"},\"query-input\":{\"@type\":\"PropertyValueSpecification\",\"valueRequired\":true,\"valueName\":\"search_term_string\"}}],\"inLanguage\":\"pt-PT\"},{\"@type\":\"Organization\",\"@id\":\"https:\\\/\\\/kzprofesional.com\\\/#organization\",\"name\":\"Imperio Barber Shop\",\"url\":\"https:\\\/\\\/kzprofesional.com\\\/\",\"logo\":{\"@type\":\"ImageObject\",\"inLanguage\":\"pt-PT\",\"@id\":\"https:\\\/\\\/kzprofesional.com\\\/#\\\/schema\\\/logo\\\/image\\\/\",\"url\":\"https:\\\/\\\/kzprofesional.com\\\/wp-content\\\/uploads\\\/2021\\\/09\\\/Logo-Imperio-Barber-Shop.png\",\"contentUrl\":\"https:\\\/\\\/kzprofesional.com\\\/wp-content\\\/uploads\\\/2021\\\/09\\\/Logo-Imperio-Barber-Shop.png\",\"width\":128,\"height\":128,\"caption\":\"Imperio Barber Shop\"},\"image\":{\"@id\":\"https:\\\/\\\/kzprofesional.com\\\/#\\\/schema\\\/logo\\\/image\\\/\"}}]}<\/script>\n<!-- \/ Yoast SEO Premium plugin. -->","yoast_head_json":{"title":"Fiber Paste Pasta modeladora 75ml - LAKME - KZ Profesional","description":"Pasta el\u00e1stica de textura fibrosa para modelar todos os tipos de cabelo.","robots":{"index":"index","follow":"follow","max-snippet":"max-snippet:-1","max-image-preview":"max-image-preview:large","max-video-preview":"max-video-preview:-1"},"canonical":"https:\/\/kzprofesional.com\/producto\/fiber-paste-pasta-moldeadora-100-ml\/","og_locale":"pt_PT","og_type":"article","og_title":"Fiber Paste Pasta modeladora 75ml - LAKME","og_description":"Pasta el\u00e1stica de textura fibrosa para modelar todos os tipos de cabelo.","og_url":"https:\/\/kzprofesional.com\/producto\/fiber-paste-pasta-moldeadora-100-ml\/","og_site_name":"KZ Profesional","og_image":[{"width":1500,"height":1500,"url":"https:\/\/kzprofesional.com\/wp-content\/uploads\/FIBER-PASTE-PASTA-MOLDEADORA-100-ML-LAKME.jpg","type":"image\/jpeg"}],"twitter_card":"summary_large_image","schema":{"@context":"https:\/\/schema.org","@graph":[{"@type":"WebPage","@id":"https:\/\/kzprofesional.com\/producto\/fiber-paste-pasta-moldeadora-100-ml\/","url":"https:\/\/kzprofesional.com\/producto\/fiber-paste-pasta-moldeadora-100-ml\/","name":"Fiber Paste Pasta modeladora 75ml - LAKME - KZ Profesional","isPartOf":{"@id":"https:\/\/kzprofesional.com\/#website"},"primaryImageOfPage":{"@id":"https:\/\/kzprofesional.com\/producto\/fiber-paste-pasta-moldeadora-100-ml\/#primaryimage"},"image":{"@id":"https:\/\/kzprofesional.com\/producto\/fiber-paste-pasta-moldeadora-100-ml\/#primaryimage"},"thumbnailUrl":"https:\/\/kzprofesional.com\/wp-content\/uploads\/FIBER-PASTE-PASTA-MOLDEADORA-100-ML-LAKME.jpg","datePublished":"2021-11-17T01:14:54+00:00","description":"Pasta el\u00e1stica de textura fibrosa para modelar todos os tipos de cabelo.","breadcrumb":{"@id":"https:\/\/kzprofesional.com\/producto\/fiber-paste-pasta-moldeadora-100-ml\/#breadcrumb"},"inLanguage":"pt-PT","potentialAction":[{"@type":"ReadAction","target":["https:\/\/kzprofesional.com\/producto\/fiber-paste-pasta-moldeadora-100-ml\/"]}]},{"@type":"ImageObject","inLanguage":"pt-PT","@id":"https:\/\/kzprofesional.com\/producto\/fiber-paste-pasta-moldeadora-100-ml\/#primaryimage","url":"https:\/\/kzprofesional.com\/wp-content\/uploads\/FIBER-PASTE-PASTA-MOLDEADORA-100-ML-LAKME.jpg","contentUrl":"https:\/\/kzprofesional.com\/wp-content\/uploads\/FIBER-PASTE-PASTA-MOLDEADORA-100-ML-LAKME.jpg","width":1500,"height":1500},{"@type":"BreadcrumbList","@id":"https:\/\/kzprofesional.com\/producto\/fiber-paste-pasta-moldeadora-100-ml\/#breadcrumb","itemListElement":[{"@type":"ListItem","position":1,"name":"Portada","item":"https:\/\/kzprofesional.com\/"},{"@type":"ListItem","position":2,"name":"Loja","item":"https:\/\/kzprofesional.com\/pt-pt\/loja\/"},{"@type":"ListItem","position":3,"name":"Fiber Paste Pasta modeladora 75ml &#8211; LAKME"}]},{"@type":"WebSite","@id":"https:\/\/kzprofesional.com\/#website","url":"https:\/\/kzprofesional.com\/","name":"KZ Profesional","description":"","publisher":{"@id":"https:\/\/kzprofesional.com\/#organization"},"potentialAction":[{"@type":"SearchAction","target":{"@type":"EntryPoint","urlTemplate":"https:\/\/kzprofesional.com\/?s={search_term_string}"},"query-input":{"@type":"PropertyValueSpecification","valueRequired":true,"valueName":"search_term_string"}}],"inLanguage":"pt-PT"},{"@type":"Organization","@id":"https:\/\/kzprofesional.com\/#organization","name":"Imperio Barber Shop","url":"https:\/\/kzprofesional.com\/","logo":{"@type":"ImageObject","inLanguage":"pt-PT","@id":"https:\/\/kzprofesional.com\/#\/schema\/logo\/image\/","url":"https:\/\/kzprofesional.com\/wp-content\/uploads\/2021\/09\/Logo-Imperio-Barber-Shop.png","contentUrl":"https:\/\/kzprofesional.com\/wp-content\/uploads\/2021\/09\/Logo-Imperio-Barber-Shop.png","width":128,"height":128,"caption":"Imperio Barber Shop"},"image":{"@id":"https:\/\/kzprofesional.com\/#\/schema\/logo\/image\/"}}]}},"_links":{"self":[{"href":"https:\/\/kzprofesional.com\/pt-pt\/wp-json\/wp\/v2\/product\/79521","targetHints":{"allow":["GET"]}}],"collection":[{"href":"https:\/\/kzprofesional.com\/pt-pt\/wp-json\/wp\/v2\/product"}],"about":[{"href":"https:\/\/kzprofesional.com\/pt-pt\/wp-json\/wp\/v2\/types\/product"}],"wp:featuredmedia":[{"embeddable":true,"href":"https:\/\/kzprofesional.com\/pt-pt\/wp-json\/wp\/v2\/media\/79522"}],"wp:attachment":[{"href":"https:\/\/kzprofesional.com\/pt-pt\/wp-json\/wp\/v2\/media?parent=79521"}],"wp:term":[{"taxonomy":"product_brand","embeddable":true,"href":"https:\/\/kzprofesional.com\/pt-pt\/wp-json\/wp\/v2\/product_brand?post=79521"},{"taxonomy":"product_cat","embeddable":true,"href":"https:\/\/kzprofesional.com\/pt-pt\/wp-json\/wp\/v2\/product_cat?post=79521"},{"taxonomy":"product_tag","embeddable":true,"href":"https:\/\/kzprofesional.com\/pt-pt\/wp-json\/wp\/v2\/product_tag?post=79521"}],"curies":[{"name":"wp","href":"https:\/\/api.w.org\/{rel}","templated":true}]}}