

{"id":79602,"date":"2021-11-17T02:14:40","date_gmt":"2021-11-17T01:14:40","guid":{"rendered":"https:\/\/kzprofesional.com\/difusor-dobravel-de-silicone-eurostil\/"},"modified":"2021-11-17T02:14:40","modified_gmt":"2021-11-17T01:14:40","slug":"difusor-dobravel-de-silicone-eurostil","status":"publish","type":"product","link":"https:\/\/kzprofesional.com\/pt-pt\/produto\/difusor-dobravel-de-silicone-eurostil\/","title":{"rendered":"Difusor dobr\u00e1vel de silicone &#8211; EUROSTIL"},"content":{"rendered":"<p>Distribui o calor de forma homog\u00e9nea. Design especial, leve e dobr\u00e1vel, que n\u00e3o ocupa espa\u00e7o. Universal, adapta-se \u00e0 maioria dos secadores.<\/p>\n<p><em>Caracter\u00edsticas:<\/em><\/p>\n<ul>\n<li>Altura m\u00e1x. 12,9 cm<\/li>\n<li>Altura m\u00edn. 6,8 cm<\/li>\n<\/ul>\n","protected":false},"excerpt":{"rendered":"<p>Distribui o calor de forma homog\u00e9nea. Design especial, leve e dobr\u00e1vel, que n\u00e3o ocupa espa\u00e7o. Universal, adapta-se \u00e0 maioria dos secadores. Caracter\u00edsticas: Altura m\u00e1x. 12,9 cm Altura m\u00edn. 6,8 cm<\/p>\n","protected":false},"featured_media":68801,"template":"","meta":{"_acf_changed":false,"_jet_sm_ready_style":"","_jet_sm_style":"","_jet_sm_controls_values":"","_jet_sm_fonts_collection":"","_jet_sm_fonts_links":""},"product_brand":[],"product_cat":[774],"product_tag":[],"class_list":{"0":"post-79602","1":"product","2":"type-product","3":"status-publish","4":"has-post-thumbnail","6":"product_cat-acessorios","7":"sales-flash-overlay","8":"woocommerce-text-align-center","9":"woocommerce-image-align-center","10":"do-quantity-buttons","11":"wc-has-gallery","13":"first","14":"instock","15":"taxable","16":"shipping-taxable","17":"purchasable","18":"product-type-simple"},"bundled_by":[],"bundle_stock_status":"instock","bundle_stock_quantity":1,"bundle_virtual":false,"bundle_layout":"","bundle_add_to_cart_form_location":"","bundle_editable_in_cart":false,"bundle_sold_individually_context":"","bundle_item_grouping":"","bundle_min_size":"","bundle_max_size":"","bundle_price":[],"bundled_items":[],"bundle_sell_ids":[],"acf":[],"yoast_head":"<!-- This site is optimized with the Yoast SEO Premium plugin v25.9 (Yoast SEO v27.4) - https:\/\/yoast.com\/product\/yoast-seo-premium-wordpress\/ -->\n<title>Difusor dobr\u00e1vel de silicone - EUROSTIL - KZ Profesional<\/title>\n<meta name=\"robots\" content=\"index, follow, max-snippet:-1, max-image-preview:large, max-video-preview:-1\" \/>\n<link rel=\"canonical\" href=\"https:\/\/kzprofesional.com\/producto\/difusor-plegable-de-silicona\/\" \/>\n<meta property=\"og:locale\" content=\"pt_PT\" \/>\n<meta property=\"og:type\" content=\"article\" \/>\n<meta property=\"og:title\" content=\"Difusor dobr\u00e1vel de silicone - EUROSTIL\" \/>\n<meta property=\"og:description\" content=\"Distribui o calor de forma homog\u00e9nea. Design especial, leve e dobr\u00e1vel, que n\u00e3o ocupa espa\u00e7o. Universal, adapta-se \u00e0 maioria dos secadores. Caracter\u00edsticas: Altura m\u00e1x. 12,9 cm Altura m\u00edn. 6,8 cm\" \/>\n<meta property=\"og:url\" content=\"https:\/\/kzprofesional.com\/producto\/difusor-plegable-de-silicona\/\" \/>\n<meta property=\"og:site_name\" content=\"KZ Profesional\" \/>\n<meta property=\"og:image\" content=\"https:\/\/kzprofesional.com\/wp-content\/uploads\/2318E5D2-1B00-4191-A035-117D05B5AD22.jpeg\" \/>\n\t<meta property=\"og:image:width\" content=\"1817\" \/>\n\t<meta property=\"og:image:height\" content=\"1814\" \/>\n\t<meta property=\"og:image:type\" content=\"image\/jpeg\" \/>\n<meta name=\"twitter:card\" content=\"summary_large_image\" \/>\n<script type=\"application\/ld+json\" class=\"yoast-schema-graph\">{\"@context\":\"https:\\\/\\\/schema.org\",\"@graph\":[{\"@type\":\"WebPage\",\"@id\":\"https:\\\/\\\/kzprofesional.com\\\/producto\\\/difusor-plegable-de-silicona\\\/\",\"url\":\"https:\\\/\\\/kzprofesional.com\\\/producto\\\/difusor-plegable-de-silicona\\\/\",\"name\":\"Difusor dobr\u00e1vel de silicone - EUROSTIL - KZ Profesional\",\"isPartOf\":{\"@id\":\"https:\\\/\\\/kzprofesional.com\\\/#website\"},\"primaryImageOfPage\":{\"@id\":\"https:\\\/\\\/kzprofesional.com\\\/producto\\\/difusor-plegable-de-silicona\\\/#primaryimage\"},\"image\":{\"@id\":\"https:\\\/\\\/kzprofesional.com\\\/producto\\\/difusor-plegable-de-silicona\\\/#primaryimage\"},\"thumbnailUrl\":\"https:\\\/\\\/kzprofesional.com\\\/wp-content\\\/uploads\\\/2318E5D2-1B00-4191-A035-117D05B5AD22.jpeg\",\"datePublished\":\"2021-11-17T01:14:40+00:00\",\"breadcrumb\":{\"@id\":\"https:\\\/\\\/kzprofesional.com\\\/producto\\\/difusor-plegable-de-silicona\\\/#breadcrumb\"},\"inLanguage\":\"pt-PT\",\"potentialAction\":[{\"@type\":\"ReadAction\",\"target\":[\"https:\\\/\\\/kzprofesional.com\\\/producto\\\/difusor-plegable-de-silicona\\\/\"]}]},{\"@type\":\"ImageObject\",\"inLanguage\":\"pt-PT\",\"@id\":\"https:\\\/\\\/kzprofesional.com\\\/producto\\\/difusor-plegable-de-silicona\\\/#primaryimage\",\"url\":\"https:\\\/\\\/kzprofesional.com\\\/wp-content\\\/uploads\\\/2318E5D2-1B00-4191-A035-117D05B5AD22.jpeg\",\"contentUrl\":\"https:\\\/\\\/kzprofesional.com\\\/wp-content\\\/uploads\\\/2318E5D2-1B00-4191-A035-117D05B5AD22.jpeg\",\"width\":1817,\"height\":1814},{\"@type\":\"BreadcrumbList\",\"@id\":\"https:\\\/\\\/kzprofesional.com\\\/producto\\\/difusor-plegable-de-silicona\\\/#breadcrumb\",\"itemListElement\":[{\"@type\":\"ListItem\",\"position\":1,\"name\":\"Portada\",\"item\":\"https:\\\/\\\/kzprofesional.com\\\/\"},{\"@type\":\"ListItem\",\"position\":2,\"name\":\"Loja\",\"item\":\"https:\\\/\\\/kzprofesional.com\\\/pt-pt\\\/loja\\\/\"},{\"@type\":\"ListItem\",\"position\":3,\"name\":\"Difusor dobr\u00e1vel de silicone &#8211; EUROSTIL\"}]},{\"@type\":\"WebSite\",\"@id\":\"https:\\\/\\\/kzprofesional.com\\\/#website\",\"url\":\"https:\\\/\\\/kzprofesional.com\\\/\",\"name\":\"KZ Profesional\",\"description\":\"\",\"publisher\":{\"@id\":\"https:\\\/\\\/kzprofesional.com\\\/#organization\"},\"potentialAction\":[{\"@type\":\"SearchAction\",\"target\":{\"@type\":\"EntryPoint\",\"urlTemplate\":\"https:\\\/\\\/kzprofesional.com\\\/?s={search_term_string}\"},\"query-input\":{\"@type\":\"PropertyValueSpecification\",\"valueRequired\":true,\"valueName\":\"search_term_string\"}}],\"inLanguage\":\"pt-PT\"},{\"@type\":\"Organization\",\"@id\":\"https:\\\/\\\/kzprofesional.com\\\/#organization\",\"name\":\"Imperio Barber Shop\",\"url\":\"https:\\\/\\\/kzprofesional.com\\\/\",\"logo\":{\"@type\":\"ImageObject\",\"inLanguage\":\"pt-PT\",\"@id\":\"https:\\\/\\\/kzprofesional.com\\\/#\\\/schema\\\/logo\\\/image\\\/\",\"url\":\"https:\\\/\\\/kzprofesional.com\\\/wp-content\\\/uploads\\\/2021\\\/09\\\/Logo-Imperio-Barber-Shop.png\",\"contentUrl\":\"https:\\\/\\\/kzprofesional.com\\\/wp-content\\\/uploads\\\/2021\\\/09\\\/Logo-Imperio-Barber-Shop.png\",\"width\":128,\"height\":128,\"caption\":\"Imperio Barber Shop\"},\"image\":{\"@id\":\"https:\\\/\\\/kzprofesional.com\\\/#\\\/schema\\\/logo\\\/image\\\/\"}}]}<\/script>\n<!-- \/ Yoast SEO Premium plugin. -->","yoast_head_json":{"title":"Difusor dobr\u00e1vel de silicone - EUROSTIL - KZ Profesional","robots":{"index":"index","follow":"follow","max-snippet":"max-snippet:-1","max-image-preview":"max-image-preview:large","max-video-preview":"max-video-preview:-1"},"canonical":"https:\/\/kzprofesional.com\/producto\/difusor-plegable-de-silicona\/","og_locale":"pt_PT","og_type":"article","og_title":"Difusor dobr\u00e1vel de silicone - EUROSTIL","og_description":"Distribui o calor de forma homog\u00e9nea. Design especial, leve e dobr\u00e1vel, que n\u00e3o ocupa espa\u00e7o. Universal, adapta-se \u00e0 maioria dos secadores. Caracter\u00edsticas: Altura m\u00e1x. 12,9 cm Altura m\u00edn. 6,8 cm","og_url":"https:\/\/kzprofesional.com\/producto\/difusor-plegable-de-silicona\/","og_site_name":"KZ Profesional","og_image":[{"width":1817,"height":1814,"url":"https:\/\/kzprofesional.com\/wp-content\/uploads\/2318E5D2-1B00-4191-A035-117D05B5AD22.jpeg","type":"image\/jpeg"}],"twitter_card":"summary_large_image","schema":{"@context":"https:\/\/schema.org","@graph":[{"@type":"WebPage","@id":"https:\/\/kzprofesional.com\/producto\/difusor-plegable-de-silicona\/","url":"https:\/\/kzprofesional.com\/producto\/difusor-plegable-de-silicona\/","name":"Difusor dobr\u00e1vel de silicone - EUROSTIL - KZ Profesional","isPartOf":{"@id":"https:\/\/kzprofesional.com\/#website"},"primaryImageOfPage":{"@id":"https:\/\/kzprofesional.com\/producto\/difusor-plegable-de-silicona\/#primaryimage"},"image":{"@id":"https:\/\/kzprofesional.com\/producto\/difusor-plegable-de-silicona\/#primaryimage"},"thumbnailUrl":"https:\/\/kzprofesional.com\/wp-content\/uploads\/2318E5D2-1B00-4191-A035-117D05B5AD22.jpeg","datePublished":"2021-11-17T01:14:40+00:00","breadcrumb":{"@id":"https:\/\/kzprofesional.com\/producto\/difusor-plegable-de-silicona\/#breadcrumb"},"inLanguage":"pt-PT","potentialAction":[{"@type":"ReadAction","target":["https:\/\/kzprofesional.com\/producto\/difusor-plegable-de-silicona\/"]}]},{"@type":"ImageObject","inLanguage":"pt-PT","@id":"https:\/\/kzprofesional.com\/producto\/difusor-plegable-de-silicona\/#primaryimage","url":"https:\/\/kzprofesional.com\/wp-content\/uploads\/2318E5D2-1B00-4191-A035-117D05B5AD22.jpeg","contentUrl":"https:\/\/kzprofesional.com\/wp-content\/uploads\/2318E5D2-1B00-4191-A035-117D05B5AD22.jpeg","width":1817,"height":1814},{"@type":"BreadcrumbList","@id":"https:\/\/kzprofesional.com\/producto\/difusor-plegable-de-silicona\/#breadcrumb","itemListElement":[{"@type":"ListItem","position":1,"name":"Portada","item":"https:\/\/kzprofesional.com\/"},{"@type":"ListItem","position":2,"name":"Loja","item":"https:\/\/kzprofesional.com\/pt-pt\/loja\/"},{"@type":"ListItem","position":3,"name":"Difusor dobr\u00e1vel de silicone &#8211; EUROSTIL"}]},{"@type":"WebSite","@id":"https:\/\/kzprofesional.com\/#website","url":"https:\/\/kzprofesional.com\/","name":"KZ Profesional","description":"","publisher":{"@id":"https:\/\/kzprofesional.com\/#organization"},"potentialAction":[{"@type":"SearchAction","target":{"@type":"EntryPoint","urlTemplate":"https:\/\/kzprofesional.com\/?s={search_term_string}"},"query-input":{"@type":"PropertyValueSpecification","valueRequired":true,"valueName":"search_term_string"}}],"inLanguage":"pt-PT"},{"@type":"Organization","@id":"https:\/\/kzprofesional.com\/#organization","name":"Imperio Barber Shop","url":"https:\/\/kzprofesional.com\/","logo":{"@type":"ImageObject","inLanguage":"pt-PT","@id":"https:\/\/kzprofesional.com\/#\/schema\/logo\/image\/","url":"https:\/\/kzprofesional.com\/wp-content\/uploads\/2021\/09\/Logo-Imperio-Barber-Shop.png","contentUrl":"https:\/\/kzprofesional.com\/wp-content\/uploads\/2021\/09\/Logo-Imperio-Barber-Shop.png","width":128,"height":128,"caption":"Imperio Barber Shop"},"image":{"@id":"https:\/\/kzprofesional.com\/#\/schema\/logo\/image\/"}}]}},"_links":{"self":[{"href":"https:\/\/kzprofesional.com\/pt-pt\/wp-json\/wp\/v2\/product\/79602","targetHints":{"allow":["GET"]}}],"collection":[{"href":"https:\/\/kzprofesional.com\/pt-pt\/wp-json\/wp\/v2\/product"}],"about":[{"href":"https:\/\/kzprofesional.com\/pt-pt\/wp-json\/wp\/v2\/types\/product"}],"wp:featuredmedia":[{"embeddable":true,"href":"https:\/\/kzprofesional.com\/pt-pt\/wp-json\/wp\/v2\/media\/68801"}],"wp:attachment":[{"href":"https:\/\/kzprofesional.com\/pt-pt\/wp-json\/wp\/v2\/media?parent=79602"}],"wp:term":[{"taxonomy":"product_brand","embeddable":true,"href":"https:\/\/kzprofesional.com\/pt-pt\/wp-json\/wp\/v2\/product_brand?post=79602"},{"taxonomy":"product_cat","embeddable":true,"href":"https:\/\/kzprofesional.com\/pt-pt\/wp-json\/wp\/v2\/product_cat?post=79602"},{"taxonomy":"product_tag","embeddable":true,"href":"https:\/\/kzprofesional.com\/pt-pt\/wp-json\/wp\/v2\/product_tag?post=79602"}],"curies":[{"name":"wp","href":"https:\/\/api.w.org\/{rel}","templated":true}]}}