

{"id":79736,"date":"2026-04-24T13:57:35","date_gmt":"2026-04-24T11:57:35","guid":{"rendered":"https:\/\/kzprofesional.com\/maquina-clipper-instinct-metal-personalizada-2-stylecraft\/"},"modified":"2026-04-27T08:02:04","modified_gmt":"2026-04-27T06:02:04","slug":"maquina-clipper-instinct-metal-personalizada-2-stylecraft","status":"publish","type":"product","link":"https:\/\/kzprofesional.com\/pt-pt\/produto\/maquina-clipper-instinct-metal-personalizada-2-stylecraft\/","title":{"rendered":"M\u00e1quina Clipper Instinct Metal personalizada 2 &#8211; STYLECRAFT"},"content":{"rendered":"<p>A Instinct Clipper Metal Edition tem um tamanho compacto para maior controlo sem esfor\u00e7o. Experimente pot\u00eancia e velocidade sem precedentes com o seu motor turbo IN2 Vector, que funciona \u00e0 impressionante velocidade de 11 500 passagens por minuto. Al\u00e9m disso, conta com uma carca\u00e7a traseira em metal concebida para absorver vibra\u00e7\u00f5es, garantindo uma experi\u00eancia significativamente mais silenciosa. Diga adeus ao ru\u00eddo inc\u00f3modo e desfrute de uma sess\u00e3o de corte mais suave e tranquila.<\/p>\n<p>O MOTOR VECTOR IN2 oferece 11 500 golpes por minuto inigual\u00e1veis com uma pot\u00eancia impar\u00e1vel<\/p>\n<p>\u2022 MONTADA COM UMA L\u00c2MINA FIXA BLACK DIAMOND Faper para misturar, esbater e remover volume de forma superior e um cortador Black Diamond Deep Slim<\/p>\n<p>\u2022 A BATERIA DE I\u00d5ES DE L\u00cdTIO oferece at\u00e9 4 horas de funcionamento sem fios com um tempo de recarga de 2 horas.<\/p>\n<p>\u2022 L\u00c2MINA TOTALMENTE AJUST\u00c1VEL que pode ser facilmente ajustada a zero.<\/p>\n<p>\u2022 SUPER COMPACTA e duradoura com design ergon\u00f3mico.<\/p>\n<p>\u2022 CARCA\u00c7A MET\u00c1LICA amortece o ru\u00eddo e absorve as vibra\u00e7\u00f5es.<\/p>\n<p>\u2022 CONCEBIDA E FABRICADA nos EUA.<\/p>\n<p>\u2022 INCLUI: 8 pentes magn\u00e9ticos duplos: #0 (1\/16\u201d) #1 (1\/8&#8221;) #1.5 (3\/16&#8221;) #2 (1\/4&#8221;) #3 (3\/8&#8221;) #4 (1\/2&#8221;) #5 (5\/8&#8221;) #6 (3\/4&#8221;), suporte\/cabo de carregamento, 3 alavancas, 3 tampas intercambi\u00e1veis, manual de instru\u00e7\u00f5es, kit de limpeza\/manuten\u00e7\u00e3o, mini chave de fendas pr\u00e1tica para regular a l\u00e2mina e modifica\u00e7\u00f5es personalizadas da estrutura.<\/p>\n","protected":false},"excerpt":{"rendered":"<p>Personalize o seu equipamento com as nossas m\u00e1quinas das marcas l\u00edderes no setor da barbearia e cabeleireiro!<br \/>\n<strong>Prazo de entrega entre 1 e 15 dias.<\/strong><br \/>\nGarantia de 1 ano para profissionais e empresas. 3 anos para consumidores particulares.<\/p>\n","protected":false},"featured_media":79737,"template":"","meta":{"_acf_changed":false,"_jet_sm_ready_style":"","_jet_sm_style":"","_jet_sm_controls_values":"","_jet_sm_fonts_collection":"","_jet_sm_fonts_links":""},"product_brand":[],"product_cat":[817,818,819,816],"product_tag":[],"class_list":{"0":"post-79736","1":"product","2":"type-product","3":"status-publish","4":"has-post-thumbnail","6":"product_cat-maquinas-personalizadas","7":"product_cat-novidades","8":"product_cat-ofertas","9":"product_cat-produtos-personalizados","10":"sales-flash-overlay","11":"woocommerce-text-align-center","12":"woocommerce-image-align-center","13":"do-quantity-buttons","15":"first","16":"instock","17":"sale","18":"taxable","19":"shipping-taxable","20":"purchasable","21":"product-type-simple"},"bundled_by":[],"bundle_stock_status":"instock","bundle_stock_quantity":1,"bundle_virtual":false,"bundle_layout":"","bundle_add_to_cart_form_location":"","bundle_editable_in_cart":false,"bundle_sold_individually_context":"","bundle_item_grouping":"","bundle_min_size":"","bundle_max_size":"","bundle_price":[],"bundled_items":[],"bundle_sell_ids":[],"acf":[],"yoast_head":"<!-- This site is optimized with the Yoast SEO Premium plugin v25.9 (Yoast SEO v27.4) - https:\/\/yoast.com\/product\/yoast-seo-premium-wordpress\/ -->\n<title>M\u00e1quina Clipper Instinct Metal personalizada 2 - STYLECRAFT - KZ Profesional<\/title>\n<meta name=\"robots\" content=\"index, follow, max-snippet:-1, max-image-preview:large, max-video-preview:-1\" \/>\n<link rel=\"canonical\" href=\"https:\/\/kzprofesional.com\/pt-pt\/produto\/maquina-clipper-instinct-metal-personalizada-2-stylecraft\/\" \/>\n<meta property=\"og:locale\" content=\"pt_PT\" \/>\n<meta property=\"og:type\" content=\"article\" \/>\n<meta property=\"og:title\" content=\"M\u00e1quina Clipper Instinct Metal personalizada 2 - STYLECRAFT\" \/>\n<meta property=\"og:description\" content=\"Personalize o seu equipamento com as nossas m\u00e1quinas das marcas l\u00edderes no setor da barbearia e cabeleireiro! Prazo de entrega entre 1 e 15 dias. Garantia de 1 ano para profissionais e empresas. 3 anos para consumidores particulares.\" \/>\n<meta property=\"og:url\" content=\"https:\/\/kzprofesional.com\/pt-pt\/produto\/maquina-clipper-instinct-metal-personalizada-2-stylecraft\/\" \/>\n<meta property=\"og:site_name\" content=\"KZ Profesional\" \/>\n<meta property=\"article:modified_time\" content=\"2026-04-27T06:02:04+00:00\" \/>\n<meta property=\"og:image\" content=\"https:\/\/kzprofesional.com\/wp-content\/uploads\/WhatsApp-Image-2026-04-24-at-09.12.50-3.jpeg\" \/>\n\t<meta property=\"og:image:width\" content=\"1536\" \/>\n\t<meta property=\"og:image:height\" content=\"2048\" \/>\n\t<meta property=\"og:image:type\" content=\"image\/jpeg\" \/>\n<meta name=\"twitter:card\" content=\"summary_large_image\" \/>\n<script type=\"application\/ld+json\" class=\"yoast-schema-graph\">{\"@context\":\"https:\\\/\\\/schema.org\",\"@graph\":[{\"@type\":\"WebPage\",\"@id\":\"https:\\\/\\\/kzprofesional.com\\\/pt-pt\\\/produto\\\/maquina-clipper-instinct-metal-personalizada-2-stylecraft\\\/\",\"url\":\"https:\\\/\\\/kzprofesional.com\\\/pt-pt\\\/produto\\\/maquina-clipper-instinct-metal-personalizada-2-stylecraft\\\/\",\"name\":\"M\u00e1quina Clipper Instinct Metal personalizada 2 - STYLECRAFT - KZ Profesional\",\"isPartOf\":{\"@id\":\"https:\\\/\\\/kzprofesional.com\\\/#website\"},\"primaryImageOfPage\":{\"@id\":\"https:\\\/\\\/kzprofesional.com\\\/pt-pt\\\/produto\\\/maquina-clipper-instinct-metal-personalizada-2-stylecraft\\\/#primaryimage\"},\"image\":{\"@id\":\"https:\\\/\\\/kzprofesional.com\\\/pt-pt\\\/produto\\\/maquina-clipper-instinct-metal-personalizada-2-stylecraft\\\/#primaryimage\"},\"thumbnailUrl\":\"https:\\\/\\\/kzprofesional.com\\\/wp-content\\\/uploads\\\/WhatsApp-Image-2026-04-24-at-09.12.50-3.jpeg\",\"datePublished\":\"2026-04-24T11:57:35+00:00\",\"dateModified\":\"2026-04-27T06:02:04+00:00\",\"breadcrumb\":{\"@id\":\"https:\\\/\\\/kzprofesional.com\\\/pt-pt\\\/produto\\\/maquina-clipper-instinct-metal-personalizada-2-stylecraft\\\/#breadcrumb\"},\"inLanguage\":\"pt-PT\",\"potentialAction\":[{\"@type\":\"ReadAction\",\"target\":[\"https:\\\/\\\/kzprofesional.com\\\/pt-pt\\\/produto\\\/maquina-clipper-instinct-metal-personalizada-2-stylecraft\\\/\"]}]},{\"@type\":\"ImageObject\",\"inLanguage\":\"pt-PT\",\"@id\":\"https:\\\/\\\/kzprofesional.com\\\/pt-pt\\\/produto\\\/maquina-clipper-instinct-metal-personalizada-2-stylecraft\\\/#primaryimage\",\"url\":\"https:\\\/\\\/kzprofesional.com\\\/wp-content\\\/uploads\\\/WhatsApp-Image-2026-04-24-at-09.12.50-3.jpeg\",\"contentUrl\":\"https:\\\/\\\/kzprofesional.com\\\/wp-content\\\/uploads\\\/WhatsApp-Image-2026-04-24-at-09.12.50-3.jpeg\",\"width\":1536,\"height\":2048},{\"@type\":\"BreadcrumbList\",\"@id\":\"https:\\\/\\\/kzprofesional.com\\\/pt-pt\\\/produto\\\/maquina-clipper-instinct-metal-personalizada-2-stylecraft\\\/#breadcrumb\",\"itemListElement\":[{\"@type\":\"ListItem\",\"position\":1,\"name\":\"Portada\",\"item\":\"https:\\\/\\\/kzprofesional.com\\\/\"},{\"@type\":\"ListItem\",\"position\":2,\"name\":\"Loja\",\"item\":\"https:\\\/\\\/kzprofesional.com\\\/pt-pt\\\/loja\\\/\"},{\"@type\":\"ListItem\",\"position\":3,\"name\":\"M\u00e1quina Clipper Instinct Metal personalizada 2 &#8211; STYLECRAFT\"}]},{\"@type\":\"WebSite\",\"@id\":\"https:\\\/\\\/kzprofesional.com\\\/#website\",\"url\":\"https:\\\/\\\/kzprofesional.com\\\/\",\"name\":\"KZ Profesional\",\"description\":\"\",\"publisher\":{\"@id\":\"https:\\\/\\\/kzprofesional.com\\\/#organization\"},\"potentialAction\":[{\"@type\":\"SearchAction\",\"target\":{\"@type\":\"EntryPoint\",\"urlTemplate\":\"https:\\\/\\\/kzprofesional.com\\\/?s={search_term_string}\"},\"query-input\":{\"@type\":\"PropertyValueSpecification\",\"valueRequired\":true,\"valueName\":\"search_term_string\"}}],\"inLanguage\":\"pt-PT\"},{\"@type\":\"Organization\",\"@id\":\"https:\\\/\\\/kzprofesional.com\\\/#organization\",\"name\":\"Imperio Barber Shop\",\"url\":\"https:\\\/\\\/kzprofesional.com\\\/\",\"logo\":{\"@type\":\"ImageObject\",\"inLanguage\":\"pt-PT\",\"@id\":\"https:\\\/\\\/kzprofesional.com\\\/#\\\/schema\\\/logo\\\/image\\\/\",\"url\":\"https:\\\/\\\/kzprofesional.com\\\/wp-content\\\/uploads\\\/2021\\\/09\\\/Logo-Imperio-Barber-Shop.png\",\"contentUrl\":\"https:\\\/\\\/kzprofesional.com\\\/wp-content\\\/uploads\\\/2021\\\/09\\\/Logo-Imperio-Barber-Shop.png\",\"width\":128,\"height\":128,\"caption\":\"Imperio Barber Shop\"},\"image\":{\"@id\":\"https:\\\/\\\/kzprofesional.com\\\/#\\\/schema\\\/logo\\\/image\\\/\"}}]}<\/script>\n<!-- \/ Yoast SEO Premium plugin. -->","yoast_head_json":{"title":"M\u00e1quina Clipper Instinct Metal personalizada 2 - STYLECRAFT - KZ Profesional","robots":{"index":"index","follow":"follow","max-snippet":"max-snippet:-1","max-image-preview":"max-image-preview:large","max-video-preview":"max-video-preview:-1"},"canonical":"https:\/\/kzprofesional.com\/pt-pt\/produto\/maquina-clipper-instinct-metal-personalizada-2-stylecraft\/","og_locale":"pt_PT","og_type":"article","og_title":"M\u00e1quina Clipper Instinct Metal personalizada 2 - STYLECRAFT","og_description":"Personalize o seu equipamento com as nossas m\u00e1quinas das marcas l\u00edderes no setor da barbearia e cabeleireiro! Prazo de entrega entre 1 e 15 dias. Garantia de 1 ano para profissionais e empresas. 3 anos para consumidores particulares.","og_url":"https:\/\/kzprofesional.com\/pt-pt\/produto\/maquina-clipper-instinct-metal-personalizada-2-stylecraft\/","og_site_name":"KZ Profesional","article_modified_time":"2026-04-27T06:02:04+00:00","og_image":[{"width":1536,"height":2048,"url":"https:\/\/kzprofesional.com\/wp-content\/uploads\/WhatsApp-Image-2026-04-24-at-09.12.50-3.jpeg","type":"image\/jpeg"}],"twitter_card":"summary_large_image","schema":{"@context":"https:\/\/schema.org","@graph":[{"@type":"WebPage","@id":"https:\/\/kzprofesional.com\/pt-pt\/produto\/maquina-clipper-instinct-metal-personalizada-2-stylecraft\/","url":"https:\/\/kzprofesional.com\/pt-pt\/produto\/maquina-clipper-instinct-metal-personalizada-2-stylecraft\/","name":"M\u00e1quina Clipper Instinct Metal personalizada 2 - STYLECRAFT - KZ Profesional","isPartOf":{"@id":"https:\/\/kzprofesional.com\/#website"},"primaryImageOfPage":{"@id":"https:\/\/kzprofesional.com\/pt-pt\/produto\/maquina-clipper-instinct-metal-personalizada-2-stylecraft\/#primaryimage"},"image":{"@id":"https:\/\/kzprofesional.com\/pt-pt\/produto\/maquina-clipper-instinct-metal-personalizada-2-stylecraft\/#primaryimage"},"thumbnailUrl":"https:\/\/kzprofesional.com\/wp-content\/uploads\/WhatsApp-Image-2026-04-24-at-09.12.50-3.jpeg","datePublished":"2026-04-24T11:57:35+00:00","dateModified":"2026-04-27T06:02:04+00:00","breadcrumb":{"@id":"https:\/\/kzprofesional.com\/pt-pt\/produto\/maquina-clipper-instinct-metal-personalizada-2-stylecraft\/#breadcrumb"},"inLanguage":"pt-PT","potentialAction":[{"@type":"ReadAction","target":["https:\/\/kzprofesional.com\/pt-pt\/produto\/maquina-clipper-instinct-metal-personalizada-2-stylecraft\/"]}]},{"@type":"ImageObject","inLanguage":"pt-PT","@id":"https:\/\/kzprofesional.com\/pt-pt\/produto\/maquina-clipper-instinct-metal-personalizada-2-stylecraft\/#primaryimage","url":"https:\/\/kzprofesional.com\/wp-content\/uploads\/WhatsApp-Image-2026-04-24-at-09.12.50-3.jpeg","contentUrl":"https:\/\/kzprofesional.com\/wp-content\/uploads\/WhatsApp-Image-2026-04-24-at-09.12.50-3.jpeg","width":1536,"height":2048},{"@type":"BreadcrumbList","@id":"https:\/\/kzprofesional.com\/pt-pt\/produto\/maquina-clipper-instinct-metal-personalizada-2-stylecraft\/#breadcrumb","itemListElement":[{"@type":"ListItem","position":1,"name":"Portada","item":"https:\/\/kzprofesional.com\/"},{"@type":"ListItem","position":2,"name":"Loja","item":"https:\/\/kzprofesional.com\/pt-pt\/loja\/"},{"@type":"ListItem","position":3,"name":"M\u00e1quina Clipper Instinct Metal personalizada 2 &#8211; STYLECRAFT"}]},{"@type":"WebSite","@id":"https:\/\/kzprofesional.com\/#website","url":"https:\/\/kzprofesional.com\/","name":"KZ Profesional","description":"","publisher":{"@id":"https:\/\/kzprofesional.com\/#organization"},"potentialAction":[{"@type":"SearchAction","target":{"@type":"EntryPoint","urlTemplate":"https:\/\/kzprofesional.com\/?s={search_term_string}"},"query-input":{"@type":"PropertyValueSpecification","valueRequired":true,"valueName":"search_term_string"}}],"inLanguage":"pt-PT"},{"@type":"Organization","@id":"https:\/\/kzprofesional.com\/#organization","name":"Imperio Barber Shop","url":"https:\/\/kzprofesional.com\/","logo":{"@type":"ImageObject","inLanguage":"pt-PT","@id":"https:\/\/kzprofesional.com\/#\/schema\/logo\/image\/","url":"https:\/\/kzprofesional.com\/wp-content\/uploads\/2021\/09\/Logo-Imperio-Barber-Shop.png","contentUrl":"https:\/\/kzprofesional.com\/wp-content\/uploads\/2021\/09\/Logo-Imperio-Barber-Shop.png","width":128,"height":128,"caption":"Imperio Barber Shop"},"image":{"@id":"https:\/\/kzprofesional.com\/#\/schema\/logo\/image\/"}}]}},"_links":{"self":[{"href":"https:\/\/kzprofesional.com\/pt-pt\/wp-json\/wp\/v2\/product\/79736","targetHints":{"allow":["GET"]}}],"collection":[{"href":"https:\/\/kzprofesional.com\/pt-pt\/wp-json\/wp\/v2\/product"}],"about":[{"href":"https:\/\/kzprofesional.com\/pt-pt\/wp-json\/wp\/v2\/types\/product"}],"wp:featuredmedia":[{"embeddable":true,"href":"https:\/\/kzprofesional.com\/pt-pt\/wp-json\/wp\/v2\/media\/79737"}],"wp:attachment":[{"href":"https:\/\/kzprofesional.com\/pt-pt\/wp-json\/wp\/v2\/media?parent=79736"}],"wp:term":[{"taxonomy":"product_brand","embeddable":true,"href":"https:\/\/kzprofesional.com\/pt-pt\/wp-json\/wp\/v2\/product_brand?post=79736"},{"taxonomy":"product_cat","embeddable":true,"href":"https:\/\/kzprofesional.com\/pt-pt\/wp-json\/wp\/v2\/product_cat?post=79736"},{"taxonomy":"product_tag","embeddable":true,"href":"https:\/\/kzprofesional.com\/pt-pt\/wp-json\/wp\/v2\/product_tag?post=79736"}],"curies":[{"name":"wp","href":"https:\/\/api.w.org\/{rel}","templated":true}]}}