

{"id":79762,"date":"2026-04-23T16:18:44","date_gmt":"2026-04-23T14:18:44","guid":{"rendered":"https:\/\/kzprofesional.com\/aspirador-automatico-de-cabelo-eurostil\/"},"modified":"2026-04-27T08:02:12","modified_gmt":"2026-04-27T06:02:12","slug":"aspirador-automatico-de-cabelo-eurostil","status":"publish","type":"product","link":"https:\/\/kzprofesional.com\/pt-pt\/produto\/aspirador-automatico-de-cabelo-eurostil\/","title":{"rendered":"Aspirador autom\u00e1tico de cabelo &#8211; EUROSTIL"},"content":{"rendered":"<p><em><strong>Aspirador autom\u00e1tico de cabelos para cabeleireiro.<\/strong><\/em><\/p>\n<p>Desfrute desta <em><strong>oferta<\/strong><\/em> por tempo limitado, o seu <em><strong>aspirador para cabeleireiro<\/strong><\/em><strong><em> <\/em><\/strong>ao melhor <em><strong>pre\u00e7o<\/strong><\/em>!<\/p>\n<p>Por que <strong>comprar<\/strong> o <em><strong>aspirador para cabeleireiro<\/strong><\/em>:<\/p>\n<p>Manter\u00e1 o seu sal\u00e3o de cabeleireiro limpo sem esfor\u00e7o, pois funciona automaticamente quando deteta sujidade na sua base.<\/p>\n<p>Aspirador de cabelo de \u00faltima tecnologia. No modo manual, varra os res\u00edduos para a entrada na base da unidade, prima o bot\u00e3o de ativa\u00e7\u00e3o manual e deixe que o HAIR VACUUM aspire os res\u00edduos atrav\u00e9s da entrada e os armazene no dep\u00f3sito.<\/p>\n<p>1. O modo MANUAL ter\u00e1 uma dura\u00e7\u00e3o de 5 segundos. Dependendo da quantidade de res\u00edduos, pode ser necess\u00e1rio premir o bot\u00e3o de ativa\u00e7\u00e3o manual mais do que uma vez.<\/p>\n<p>2. Quando o seletor de controlo \u00e9 rodado para a posi\u00e7\u00e3o AUTO, varra os res\u00edduos para a entrada na base da unidade; os sensores detetam os res\u00edduos e iniciam automaticamente um ciclo de aspira\u00e7\u00e3o que termina assim que os sensores deixam de detetar res\u00edduos.<\/p>\n<p>\u2013 Modelo: VA001A-BK<br \/>\n\u2013 Tens\u00e3o nominal: 220-240V~<br \/>\n\u2013 Frecuencia: 50\/60Hz<br \/>\n\u2013 Pot\u00eancia nominal: 1400 W<br \/>\n\u2013 Tamanho: (largo x ancho x alto): 33 cm largo x 21 ancho x 56,4 cm alto<br \/>\n\u2013 Peso l\u00edquido: Cerca de 5.1Kg<br \/>\n\u2013 Ru\u00eddo de funcionamento: \u226583db 1.5m<br \/>\n\u2013 Modo de trabalho autom\u00e1tico: Introdu\u00e7\u00e3o de radia\u00e7\u00e3o infravermelha<br \/>\n\u2013 Suc\u00e7\u00e3o (for\u00e7a de tra\u00e7\u00e3o): \u22652.8 Kg<br \/>\n\u2013 Capacidade do dep\u00f3sito de lixo: 2.7L MAX<br \/>\n\u2013 Comprimento exposto do cabo de alimenta\u00e7\u00e3o: 2m<\/p>\n","protected":false},"excerpt":{"rendered":"<p>Garantia de 1 ano para profissionais e empresas. 3 anos para consumidores particulares.<\/p>\n","protected":false},"featured_media":79763,"template":"","meta":{"_acf_changed":false,"_jet_sm_ready_style":"","_jet_sm_style":"","_jet_sm_controls_values":"","_jet_sm_fonts_collection":"","_jet_sm_fonts_links":""},"product_brand":[],"product_cat":[839],"product_tag":[],"class_list":{"0":"post-79762","1":"product","2":"type-product","3":"status-publish","4":"has-post-thumbnail","6":"product_cat-aparelhos-eletricos","7":"sales-flash-overlay","8":"woocommerce-text-align-center","9":"woocommerce-image-align-center","10":"do-quantity-buttons","12":"first","13":"instock","14":"virtual","15":"taxable","16":"purchasable","17":"product-type-simple"},"bundled_by":[],"bundle_stock_status":"instock","bundle_stock_quantity":null,"bundle_virtual":false,"bundle_layout":"","bundle_add_to_cart_form_location":"","bundle_editable_in_cart":false,"bundle_sold_individually_context":"","bundle_item_grouping":"","bundle_min_size":"","bundle_max_size":"","bundle_price":[],"bundled_items":[],"bundle_sell_ids":[],"acf":[],"yoast_head":"<!-- This site is optimized with the Yoast SEO Premium plugin v25.9 (Yoast SEO v27.4) - https:\/\/yoast.com\/product\/yoast-seo-premium-wordpress\/ -->\n<title>Aspirador autom\u00e1tico de cabelo - EUROSTIL - KZ Profesional<\/title>\n<meta name=\"description\" content=\"Aspirador de cabelo de \u00faltima tecnologia. No modo manual, varra os res\u00edduos para a entrada na base da unidade, prima o bot\u00e3o de ativa\u00e7\u00e3o manual e deixe que o HAIR VACUUM aspire os res\u00edduos atrav\u00e9s da entrada e os armazene no dep\u00f3sito.\" \/>\n<meta name=\"robots\" content=\"index, follow, max-snippet:-1, max-image-preview:large, max-video-preview:-1\" \/>\n<link rel=\"canonical\" href=\"https:\/\/kzprofesional.com\/producto\/aspirador-de-pelo-automatico-eurostil\/\" \/>\n<meta property=\"og:locale\" content=\"pt_PT\" \/>\n<meta property=\"og:type\" content=\"article\" \/>\n<meta property=\"og:title\" content=\"Aspirador autom\u00e1tico de cabelo - EUROSTIL\" \/>\n<meta property=\"og:description\" content=\"Aspirador de cabelo de \u00faltima tecnologia. No modo manual, varra os res\u00edduos para a entrada na base da unidade, prima o bot\u00e3o de ativa\u00e7\u00e3o manual e deixe que o HAIR VACUUM aspire os res\u00edduos atrav\u00e9s da entrada e os armazene no dep\u00f3sito.\" \/>\n<meta property=\"og:url\" content=\"https:\/\/kzprofesional.com\/producto\/aspirador-de-pelo-automatico-eurostil\/\" \/>\n<meta property=\"og:site_name\" content=\"KZ Profesional\" \/>\n<meta property=\"article:modified_time\" content=\"2026-04-27T06:02:12+00:00\" \/>\n<meta property=\"og:image\" content=\"https:\/\/kzprofesional.com\/wp-content\/uploads\/Captura-de-pantalla-2026-04-23-161710.png\" \/>\n\t<meta property=\"og:image:width\" content=\"692\" \/>\n\t<meta property=\"og:image:height\" content=\"693\" \/>\n\t<meta property=\"og:image:type\" content=\"image\/png\" \/>\n<meta name=\"twitter:card\" content=\"summary_large_image\" \/>\n<script type=\"application\/ld+json\" class=\"yoast-schema-graph\">{\"@context\":\"https:\\\/\\\/schema.org\",\"@graph\":[{\"@type\":\"WebPage\",\"@id\":\"https:\\\/\\\/kzprofesional.com\\\/producto\\\/aspirador-de-pelo-automatico-eurostil\\\/\",\"url\":\"https:\\\/\\\/kzprofesional.com\\\/producto\\\/aspirador-de-pelo-automatico-eurostil\\\/\",\"name\":\"Aspirador autom\u00e1tico de cabelo - EUROSTIL - KZ Profesional\",\"isPartOf\":{\"@id\":\"https:\\\/\\\/kzprofesional.com\\\/#website\"},\"primaryImageOfPage\":{\"@id\":\"https:\\\/\\\/kzprofesional.com\\\/producto\\\/aspirador-de-pelo-automatico-eurostil\\\/#primaryimage\"},\"image\":{\"@id\":\"https:\\\/\\\/kzprofesional.com\\\/producto\\\/aspirador-de-pelo-automatico-eurostil\\\/#primaryimage\"},\"thumbnailUrl\":\"https:\\\/\\\/kzprofesional.com\\\/wp-content\\\/uploads\\\/Captura-de-pantalla-2026-04-23-161710.png\",\"datePublished\":\"2026-04-23T14:18:44+00:00\",\"dateModified\":\"2026-04-27T06:02:12+00:00\",\"description\":\"Aspirador de cabelo de \u00faltima tecnologia. No modo manual, varra os res\u00edduos para a entrada na base da unidade, prima o bot\u00e3o de ativa\u00e7\u00e3o manual e deixe que o HAIR VACUUM aspire os res\u00edduos atrav\u00e9s da entrada e os armazene no dep\u00f3sito.\",\"breadcrumb\":{\"@id\":\"https:\\\/\\\/kzprofesional.com\\\/producto\\\/aspirador-de-pelo-automatico-eurostil\\\/#breadcrumb\"},\"inLanguage\":\"pt-PT\",\"potentialAction\":[{\"@type\":\"ReadAction\",\"target\":[\"https:\\\/\\\/kzprofesional.com\\\/producto\\\/aspirador-de-pelo-automatico-eurostil\\\/\"]}]},{\"@type\":\"ImageObject\",\"inLanguage\":\"pt-PT\",\"@id\":\"https:\\\/\\\/kzprofesional.com\\\/producto\\\/aspirador-de-pelo-automatico-eurostil\\\/#primaryimage\",\"url\":\"https:\\\/\\\/kzprofesional.com\\\/wp-content\\\/uploads\\\/Captura-de-pantalla-2026-04-23-161710.png\",\"contentUrl\":\"https:\\\/\\\/kzprofesional.com\\\/wp-content\\\/uploads\\\/Captura-de-pantalla-2026-04-23-161710.png\",\"width\":692,\"height\":693},{\"@type\":\"BreadcrumbList\",\"@id\":\"https:\\\/\\\/kzprofesional.com\\\/producto\\\/aspirador-de-pelo-automatico-eurostil\\\/#breadcrumb\",\"itemListElement\":[{\"@type\":\"ListItem\",\"position\":1,\"name\":\"Portada\",\"item\":\"https:\\\/\\\/kzprofesional.com\\\/\"},{\"@type\":\"ListItem\",\"position\":2,\"name\":\"Loja\",\"item\":\"https:\\\/\\\/kzprofesional.com\\\/pt-pt\\\/loja\\\/\"},{\"@type\":\"ListItem\",\"position\":3,\"name\":\"Aspirador autom\u00e1tico de cabelo &#8211; EUROSTIL\"}]},{\"@type\":\"WebSite\",\"@id\":\"https:\\\/\\\/kzprofesional.com\\\/#website\",\"url\":\"https:\\\/\\\/kzprofesional.com\\\/\",\"name\":\"KZ Profesional\",\"description\":\"\",\"publisher\":{\"@id\":\"https:\\\/\\\/kzprofesional.com\\\/#organization\"},\"potentialAction\":[{\"@type\":\"SearchAction\",\"target\":{\"@type\":\"EntryPoint\",\"urlTemplate\":\"https:\\\/\\\/kzprofesional.com\\\/?s={search_term_string}\"},\"query-input\":{\"@type\":\"PropertyValueSpecification\",\"valueRequired\":true,\"valueName\":\"search_term_string\"}}],\"inLanguage\":\"pt-PT\"},{\"@type\":\"Organization\",\"@id\":\"https:\\\/\\\/kzprofesional.com\\\/#organization\",\"name\":\"Imperio Barber Shop\",\"url\":\"https:\\\/\\\/kzprofesional.com\\\/\",\"logo\":{\"@type\":\"ImageObject\",\"inLanguage\":\"pt-PT\",\"@id\":\"https:\\\/\\\/kzprofesional.com\\\/#\\\/schema\\\/logo\\\/image\\\/\",\"url\":\"https:\\\/\\\/kzprofesional.com\\\/wp-content\\\/uploads\\\/2021\\\/09\\\/Logo-Imperio-Barber-Shop.png\",\"contentUrl\":\"https:\\\/\\\/kzprofesional.com\\\/wp-content\\\/uploads\\\/2021\\\/09\\\/Logo-Imperio-Barber-Shop.png\",\"width\":128,\"height\":128,\"caption\":\"Imperio Barber Shop\"},\"image\":{\"@id\":\"https:\\\/\\\/kzprofesional.com\\\/#\\\/schema\\\/logo\\\/image\\\/\"}}]}<\/script>\n<!-- \/ Yoast SEO Premium plugin. -->","yoast_head_json":{"title":"Aspirador autom\u00e1tico de cabelo - EUROSTIL - KZ Profesional","description":"Aspirador de cabelo de \u00faltima tecnologia. No modo manual, varra os res\u00edduos para a entrada na base da unidade, prima o bot\u00e3o de ativa\u00e7\u00e3o manual e deixe que o HAIR VACUUM aspire os res\u00edduos atrav\u00e9s da entrada e os armazene no dep\u00f3sito.","robots":{"index":"index","follow":"follow","max-snippet":"max-snippet:-1","max-image-preview":"max-image-preview:large","max-video-preview":"max-video-preview:-1"},"canonical":"https:\/\/kzprofesional.com\/producto\/aspirador-de-pelo-automatico-eurostil\/","og_locale":"pt_PT","og_type":"article","og_title":"Aspirador autom\u00e1tico de cabelo - EUROSTIL","og_description":"Aspirador de cabelo de \u00faltima tecnologia. No modo manual, varra os res\u00edduos para a entrada na base da unidade, prima o bot\u00e3o de ativa\u00e7\u00e3o manual e deixe que o HAIR VACUUM aspire os res\u00edduos atrav\u00e9s da entrada e os armazene no dep\u00f3sito.","og_url":"https:\/\/kzprofesional.com\/producto\/aspirador-de-pelo-automatico-eurostil\/","og_site_name":"KZ Profesional","article_modified_time":"2026-04-27T06:02:12+00:00","og_image":[{"width":692,"height":693,"url":"https:\/\/kzprofesional.com\/wp-content\/uploads\/Captura-de-pantalla-2026-04-23-161710.png","type":"image\/png"}],"twitter_card":"summary_large_image","schema":{"@context":"https:\/\/schema.org","@graph":[{"@type":"WebPage","@id":"https:\/\/kzprofesional.com\/producto\/aspirador-de-pelo-automatico-eurostil\/","url":"https:\/\/kzprofesional.com\/producto\/aspirador-de-pelo-automatico-eurostil\/","name":"Aspirador autom\u00e1tico de cabelo - EUROSTIL - KZ Profesional","isPartOf":{"@id":"https:\/\/kzprofesional.com\/#website"},"primaryImageOfPage":{"@id":"https:\/\/kzprofesional.com\/producto\/aspirador-de-pelo-automatico-eurostil\/#primaryimage"},"image":{"@id":"https:\/\/kzprofesional.com\/producto\/aspirador-de-pelo-automatico-eurostil\/#primaryimage"},"thumbnailUrl":"https:\/\/kzprofesional.com\/wp-content\/uploads\/Captura-de-pantalla-2026-04-23-161710.png","datePublished":"2026-04-23T14:18:44+00:00","dateModified":"2026-04-27T06:02:12+00:00","description":"Aspirador de cabelo de \u00faltima tecnologia. No modo manual, varra os res\u00edduos para a entrada na base da unidade, prima o bot\u00e3o de ativa\u00e7\u00e3o manual e deixe que o HAIR VACUUM aspire os res\u00edduos atrav\u00e9s da entrada e os armazene no dep\u00f3sito.","breadcrumb":{"@id":"https:\/\/kzprofesional.com\/producto\/aspirador-de-pelo-automatico-eurostil\/#breadcrumb"},"inLanguage":"pt-PT","potentialAction":[{"@type":"ReadAction","target":["https:\/\/kzprofesional.com\/producto\/aspirador-de-pelo-automatico-eurostil\/"]}]},{"@type":"ImageObject","inLanguage":"pt-PT","@id":"https:\/\/kzprofesional.com\/producto\/aspirador-de-pelo-automatico-eurostil\/#primaryimage","url":"https:\/\/kzprofesional.com\/wp-content\/uploads\/Captura-de-pantalla-2026-04-23-161710.png","contentUrl":"https:\/\/kzprofesional.com\/wp-content\/uploads\/Captura-de-pantalla-2026-04-23-161710.png","width":692,"height":693},{"@type":"BreadcrumbList","@id":"https:\/\/kzprofesional.com\/producto\/aspirador-de-pelo-automatico-eurostil\/#breadcrumb","itemListElement":[{"@type":"ListItem","position":1,"name":"Portada","item":"https:\/\/kzprofesional.com\/"},{"@type":"ListItem","position":2,"name":"Loja","item":"https:\/\/kzprofesional.com\/pt-pt\/loja\/"},{"@type":"ListItem","position":3,"name":"Aspirador autom\u00e1tico de cabelo &#8211; EUROSTIL"}]},{"@type":"WebSite","@id":"https:\/\/kzprofesional.com\/#website","url":"https:\/\/kzprofesional.com\/","name":"KZ Profesional","description":"","publisher":{"@id":"https:\/\/kzprofesional.com\/#organization"},"potentialAction":[{"@type":"SearchAction","target":{"@type":"EntryPoint","urlTemplate":"https:\/\/kzprofesional.com\/?s={search_term_string}"},"query-input":{"@type":"PropertyValueSpecification","valueRequired":true,"valueName":"search_term_string"}}],"inLanguage":"pt-PT"},{"@type":"Organization","@id":"https:\/\/kzprofesional.com\/#organization","name":"Imperio Barber Shop","url":"https:\/\/kzprofesional.com\/","logo":{"@type":"ImageObject","inLanguage":"pt-PT","@id":"https:\/\/kzprofesional.com\/#\/schema\/logo\/image\/","url":"https:\/\/kzprofesional.com\/wp-content\/uploads\/2021\/09\/Logo-Imperio-Barber-Shop.png","contentUrl":"https:\/\/kzprofesional.com\/wp-content\/uploads\/2021\/09\/Logo-Imperio-Barber-Shop.png","width":128,"height":128,"caption":"Imperio Barber Shop"},"image":{"@id":"https:\/\/kzprofesional.com\/#\/schema\/logo\/image\/"}}]}},"_links":{"self":[{"href":"https:\/\/kzprofesional.com\/pt-pt\/wp-json\/wp\/v2\/product\/79762","targetHints":{"allow":["GET"]}}],"collection":[{"href":"https:\/\/kzprofesional.com\/pt-pt\/wp-json\/wp\/v2\/product"}],"about":[{"href":"https:\/\/kzprofesional.com\/pt-pt\/wp-json\/wp\/v2\/types\/product"}],"wp:featuredmedia":[{"embeddable":true,"href":"https:\/\/kzprofesional.com\/pt-pt\/wp-json\/wp\/v2\/media\/79763"}],"wp:attachment":[{"href":"https:\/\/kzprofesional.com\/pt-pt\/wp-json\/wp\/v2\/media?parent=79762"}],"wp:term":[{"taxonomy":"product_brand","embeddable":true,"href":"https:\/\/kzprofesional.com\/pt-pt\/wp-json\/wp\/v2\/product_brand?post=79762"},{"taxonomy":"product_cat","embeddable":true,"href":"https:\/\/kzprofesional.com\/pt-pt\/wp-json\/wp\/v2\/product_cat?post=79762"},{"taxonomy":"product_tag","embeddable":true,"href":"https:\/\/kzprofesional.com\/pt-pt\/wp-json\/wp\/v2\/product_tag?post=79762"}],"curies":[{"name":"wp","href":"https:\/\/api.w.org\/{rel}","templated":true}]}}