

{"id":79877,"date":"2026-04-22T16:48:15","date_gmt":"2026-04-22T14:48:15","guid":{"rendered":"https:\/\/kzprofesional.com\/maquina-clipper-jrl-3000cw-tapper-branca-jrl\/"},"modified":"2026-04-27T08:02:23","modified_gmt":"2026-04-27T06:02:23","slug":"maquina-clipper-jrl-3000cw-tapper-branca-jrl","status":"publish","type":"product","link":"https:\/\/kzprofesional.com\/pt-pt\/produto\/maquina-clipper-jrl-3000cw-tapper-branca-jrl\/","title":{"rendered":"M\u00e1quina Clipper JRL 3000CW-Tapper branca &#8211; JRL"},"content":{"rendered":"<p><strong><span dir=\"auto\">Precis\u00e3o. Pot\u00eancia. Conforto. Concebida para profissionais.<\/span><\/strong><\/p>\n<p><strong><span dir=\"auto\">Sistema de ajuste com bloqueio de 5 n\u00edveis<\/span><\/strong><\/p>\n<p><span dir=\"auto\">Conta com cinco posi\u00e7\u00f5es de bloqueio seguras dentro de um intervalo de ajuste de precis\u00e3o, concebidas para manter uma precis\u00e3o de corte e estabilidade constantes durante uma utiliza\u00e7\u00e3o profissional prolongada.<\/span><\/p>\n<p><strong><span dir=\"auto\">Ajuste de precis\u00e3o da l\u00e2mina (0,25\u20133,0 mm)<\/span><\/strong><\/p>\n<p><span dir=\"auto\">Comprimento de corte ajust\u00e1vel de 0,25 mm a 3,0 mm, com capacidade de ajuste sem folga para detalhes ultraprecisos, contornos definidos e fades limpos.<\/span><\/p>\n<p><strong><span dir=\"auto\">Vers\u00e3o de l\u00e2mina c\u00f3nica jRL<\/span><\/strong><\/p>\n<p><span dir=\"auto\">A vers\u00e3o com l\u00e2mina c\u00f3nica \u00e9 ideal para cortes limpos e remo\u00e7\u00e3o de grandes quantidades de volume.<\/span><\/p>\n<p><strong><span dir=\"auto\">Motor sem escovas de alto desempenho de 7800 RPM<\/span><\/strong><\/p>\n<p><span dir=\"auto\">Oferece um desempenho de corte potente e suave, com longa vida \u00fatil e produ\u00e7\u00e3o constante.<\/span><\/p>\n<p><strong><span dir=\"auto\">Funcionamento com baixo n\u00edvel de ru\u00eddo<\/span><\/strong><\/p>\n<p><span dir=\"auto\">Otimizada para um funcionamento mais silencioso, melhorando o conforto tanto dos barbeiros como dos clientes.<\/span><\/p>\n<p><strong><span dir=\"auto\">Bateria de l\u00edtio de carregamento r\u00e1pido<\/span><\/strong><\/p>\n<p><span dir=\"auto\">Carrega totalmente em aproximadamente 2 horas para reduzir o tempo de inatividade.<\/span><\/p>\n<p><strong><span dir=\"auto\">At\u00e9 2 horas de funcionamento sem fios.<\/span><\/strong><\/p>\n<p><span dir=\"auto\">O seu desempenho sem fios fi\u00e1vel permite realizar v\u00e1rios servi\u00e7os com uma \u00fanica carga.<\/span><\/p>\n<p><strong><span dir=\"auto\">Ecr\u00e3 LED inteligente<\/span><\/strong><\/p>\n<p><span dir=\"auto\">O ecr\u00e3 LED integrado mostra o tempo de funcionamento restante e o estado de carga para uma gest\u00e3o precisa do fluxo de trabalho.<\/span><\/p>\n<p><strong><span dir=\"auto\">Design compacto, leve e ergon\u00f3mico.<\/span><\/strong><\/p>\n<p><span dir=\"auto\">Um design mais curto e leve melhora o equil\u00edbrio e o controlo, reduzindo ao mesmo tempo a fadiga das m\u00e3os durante uma utiliza\u00e7\u00e3o prolongada.<\/span><\/p>\n","protected":false},"excerpt":{"rendered":"<p>PR\u00c9-VENDA EXCLUSIVA!<\/p>\n<p>Reserve a sua M\u00e1quina Clipper JRL. Seja dos primeiros a receb\u00ea-la.<\/p>\n<p>\ud83d\uddd3 Dispon\u00edvel a partir de 27 de ABRIL<br \/>\n\ud83d\ude9a As encomendas come\u00e7ar\u00e3o a ser enviadas a partir dessa data.<br \/>\n\ud83c\udf81 Unidades limitadas nesta primeira edi\u00e7\u00e3o!<\/p>\n<p>\ud83d\udd12 Compre agora para garantir a sua unidade.<br \/>\n\ud83d\udcb3 O pagamento \u00e9 realizado hoje; o envio ser\u00e1 autom\u00e1tico a partir de 27\/04<\/p>\n<p>Garantia de 1 ano para profissionais e empresas. 3 anos para consumidores particulares.<\/p>\n","protected":false},"featured_media":79878,"template":"","meta":{"_acf_changed":false,"_jet_sm_ready_style":"","_jet_sm_style":"","_jet_sm_controls_values":"","_jet_sm_fonts_collection":"","_jet_sm_fonts_links":""},"product_brand":[],"product_cat":[769,818],"product_tag":[],"class_list":{"0":"post-79877","1":"product","2":"type-product","3":"status-publish","4":"has-post-thumbnail","6":"product_cat-clippers-sem-fios","7":"product_cat-novidades","8":"sales-flash-overlay","9":"woocommerce-text-align-center","10":"woocommerce-image-align-center","11":"do-quantity-buttons","13":"first","14":"instock","15":"taxable","16":"shipping-taxable","17":"purchasable","18":"product-type-simple"},"bundled_by":[],"bundle_stock_status":"instock","bundle_stock_quantity":24,"bundle_virtual":false,"bundle_layout":"","bundle_add_to_cart_form_location":"","bundle_editable_in_cart":false,"bundle_sold_individually_context":"","bundle_item_grouping":"","bundle_min_size":"","bundle_max_size":"","bundle_price":[],"bundled_items":[],"bundle_sell_ids":[],"acf":[],"yoast_head":"<!-- This site is optimized with the Yoast SEO Premium plugin v25.9 (Yoast SEO v27.4) - https:\/\/yoast.com\/product\/yoast-seo-premium-wordpress\/ -->\n<title>M\u00e1quina Clipper JRL 3000CW-Tapper branca - JRL - KZ Profesional<\/title>\n<meta name=\"description\" content=\"Conta com cinco posi\u00e7\u00f5es de bloqueio seguras dentro de um intervalo de ajuste de precis\u00e3o, concebidas para manter uma precis\u00e3o de corte e estabilidade constantes durante uma utiliza\u00e7\u00e3o profissional prolongada.\" \/>\n<meta name=\"robots\" content=\"index, follow, max-snippet:-1, max-image-preview:large, max-video-preview:-1\" \/>\n<link rel=\"canonical\" href=\"https:\/\/kzprofesional.com\/producto\/maquina-clipper-jrl-3000cw-tapper-blanca-jrl\/\" \/>\n<meta property=\"og:locale\" content=\"pt_PT\" \/>\n<meta property=\"og:type\" content=\"article\" \/>\n<meta property=\"og:title\" content=\"M\u00e1quina Clipper JRL 3000CW-Tapper branca - JRL\" \/>\n<meta property=\"og:description\" content=\"Conta com cinco posi\u00e7\u00f5es de bloqueio seguras dentro de um intervalo de ajuste de precis\u00e3o, concebidas para manter uma precis\u00e3o de corte e estabilidade constantes durante uma utiliza\u00e7\u00e3o profissional prolongada.\" \/>\n<meta property=\"og:url\" content=\"https:\/\/kzprofesional.com\/producto\/maquina-clipper-jrl-3000cw-tapper-blanca-jrl\/\" \/>\n<meta property=\"og:site_name\" content=\"KZ Profesional\" \/>\n<meta property=\"article:modified_time\" content=\"2026-04-27T06:02:23+00:00\" \/>\n<meta property=\"og:image\" content=\"https:\/\/kzprofesional.com\/wp-content\/uploads\/Captura-de-pantalla-2026-04-22-164835.png\" \/>\n\t<meta property=\"og:image:width\" content=\"958\" \/>\n\t<meta property=\"og:image:height\" content=\"858\" \/>\n\t<meta property=\"og:image:type\" content=\"image\/png\" \/>\n<meta name=\"twitter:card\" content=\"summary_large_image\" \/>\n<script type=\"application\/ld+json\" class=\"yoast-schema-graph\">{\"@context\":\"https:\\\/\\\/schema.org\",\"@graph\":[{\"@type\":\"WebPage\",\"@id\":\"https:\\\/\\\/kzprofesional.com\\\/producto\\\/maquina-clipper-jrl-3000cw-tapper-blanca-jrl\\\/\",\"url\":\"https:\\\/\\\/kzprofesional.com\\\/producto\\\/maquina-clipper-jrl-3000cw-tapper-blanca-jrl\\\/\",\"name\":\"M\u00e1quina Clipper JRL 3000CW-Tapper branca - JRL - KZ Profesional\",\"isPartOf\":{\"@id\":\"https:\\\/\\\/kzprofesional.com\\\/#website\"},\"primaryImageOfPage\":{\"@id\":\"https:\\\/\\\/kzprofesional.com\\\/producto\\\/maquina-clipper-jrl-3000cw-tapper-blanca-jrl\\\/#primaryimage\"},\"image\":{\"@id\":\"https:\\\/\\\/kzprofesional.com\\\/producto\\\/maquina-clipper-jrl-3000cw-tapper-blanca-jrl\\\/#primaryimage\"},\"thumbnailUrl\":\"https:\\\/\\\/kzprofesional.com\\\/wp-content\\\/uploads\\\/Captura-de-pantalla-2026-04-22-164835.png\",\"datePublished\":\"2026-04-22T14:48:15+00:00\",\"dateModified\":\"2026-04-27T06:02:23+00:00\",\"description\":\"Conta com cinco posi\u00e7\u00f5es de bloqueio seguras dentro de um intervalo de ajuste de precis\u00e3o, concebidas para manter uma precis\u00e3o de corte e estabilidade constantes durante uma utiliza\u00e7\u00e3o profissional prolongada.\",\"breadcrumb\":{\"@id\":\"https:\\\/\\\/kzprofesional.com\\\/producto\\\/maquina-clipper-jrl-3000cw-tapper-blanca-jrl\\\/#breadcrumb\"},\"inLanguage\":\"pt-PT\",\"potentialAction\":[{\"@type\":\"ReadAction\",\"target\":[\"https:\\\/\\\/kzprofesional.com\\\/producto\\\/maquina-clipper-jrl-3000cw-tapper-blanca-jrl\\\/\"]}]},{\"@type\":\"ImageObject\",\"inLanguage\":\"pt-PT\",\"@id\":\"https:\\\/\\\/kzprofesional.com\\\/producto\\\/maquina-clipper-jrl-3000cw-tapper-blanca-jrl\\\/#primaryimage\",\"url\":\"https:\\\/\\\/kzprofesional.com\\\/wp-content\\\/uploads\\\/Captura-de-pantalla-2026-04-22-164835.png\",\"contentUrl\":\"https:\\\/\\\/kzprofesional.com\\\/wp-content\\\/uploads\\\/Captura-de-pantalla-2026-04-22-164835.png\",\"width\":958,\"height\":858},{\"@type\":\"BreadcrumbList\",\"@id\":\"https:\\\/\\\/kzprofesional.com\\\/producto\\\/maquina-clipper-jrl-3000cw-tapper-blanca-jrl\\\/#breadcrumb\",\"itemListElement\":[{\"@type\":\"ListItem\",\"position\":1,\"name\":\"Portada\",\"item\":\"https:\\\/\\\/kzprofesional.com\\\/\"},{\"@type\":\"ListItem\",\"position\":2,\"name\":\"Loja\",\"item\":\"https:\\\/\\\/kzprofesional.com\\\/pt-pt\\\/loja\\\/\"},{\"@type\":\"ListItem\",\"position\":3,\"name\":\"M\u00e1quina Clipper JRL 3000CW-Tapper branca &#8211; JRL\"}]},{\"@type\":\"WebSite\",\"@id\":\"https:\\\/\\\/kzprofesional.com\\\/#website\",\"url\":\"https:\\\/\\\/kzprofesional.com\\\/\",\"name\":\"KZ Profesional\",\"description\":\"\",\"publisher\":{\"@id\":\"https:\\\/\\\/kzprofesional.com\\\/#organization\"},\"potentialAction\":[{\"@type\":\"SearchAction\",\"target\":{\"@type\":\"EntryPoint\",\"urlTemplate\":\"https:\\\/\\\/kzprofesional.com\\\/?s={search_term_string}\"},\"query-input\":{\"@type\":\"PropertyValueSpecification\",\"valueRequired\":true,\"valueName\":\"search_term_string\"}}],\"inLanguage\":\"pt-PT\"},{\"@type\":\"Organization\",\"@id\":\"https:\\\/\\\/kzprofesional.com\\\/#organization\",\"name\":\"Imperio Barber Shop\",\"url\":\"https:\\\/\\\/kzprofesional.com\\\/\",\"logo\":{\"@type\":\"ImageObject\",\"inLanguage\":\"pt-PT\",\"@id\":\"https:\\\/\\\/kzprofesional.com\\\/#\\\/schema\\\/logo\\\/image\\\/\",\"url\":\"https:\\\/\\\/kzprofesional.com\\\/wp-content\\\/uploads\\\/2021\\\/09\\\/Logo-Imperio-Barber-Shop.png\",\"contentUrl\":\"https:\\\/\\\/kzprofesional.com\\\/wp-content\\\/uploads\\\/2021\\\/09\\\/Logo-Imperio-Barber-Shop.png\",\"width\":128,\"height\":128,\"caption\":\"Imperio Barber Shop\"},\"image\":{\"@id\":\"https:\\\/\\\/kzprofesional.com\\\/#\\\/schema\\\/logo\\\/image\\\/\"}}]}<\/script>\n<!-- \/ Yoast SEO Premium plugin. -->","yoast_head_json":{"title":"M\u00e1quina Clipper JRL 3000CW-Tapper branca - JRL - KZ Profesional","description":"Conta com cinco posi\u00e7\u00f5es de bloqueio seguras dentro de um intervalo de ajuste de precis\u00e3o, concebidas para manter uma precis\u00e3o de corte e estabilidade constantes durante uma utiliza\u00e7\u00e3o profissional prolongada.","robots":{"index":"index","follow":"follow","max-snippet":"max-snippet:-1","max-image-preview":"max-image-preview:large","max-video-preview":"max-video-preview:-1"},"canonical":"https:\/\/kzprofesional.com\/producto\/maquina-clipper-jrl-3000cw-tapper-blanca-jrl\/","og_locale":"pt_PT","og_type":"article","og_title":"M\u00e1quina Clipper JRL 3000CW-Tapper branca - JRL","og_description":"Conta com cinco posi\u00e7\u00f5es de bloqueio seguras dentro de um intervalo de ajuste de precis\u00e3o, concebidas para manter uma precis\u00e3o de corte e estabilidade constantes durante uma utiliza\u00e7\u00e3o profissional prolongada.","og_url":"https:\/\/kzprofesional.com\/producto\/maquina-clipper-jrl-3000cw-tapper-blanca-jrl\/","og_site_name":"KZ Profesional","article_modified_time":"2026-04-27T06:02:23+00:00","og_image":[{"width":958,"height":858,"url":"https:\/\/kzprofesional.com\/wp-content\/uploads\/Captura-de-pantalla-2026-04-22-164835.png","type":"image\/png"}],"twitter_card":"summary_large_image","schema":{"@context":"https:\/\/schema.org","@graph":[{"@type":"WebPage","@id":"https:\/\/kzprofesional.com\/producto\/maquina-clipper-jrl-3000cw-tapper-blanca-jrl\/","url":"https:\/\/kzprofesional.com\/producto\/maquina-clipper-jrl-3000cw-tapper-blanca-jrl\/","name":"M\u00e1quina Clipper JRL 3000CW-Tapper branca - JRL - KZ Profesional","isPartOf":{"@id":"https:\/\/kzprofesional.com\/#website"},"primaryImageOfPage":{"@id":"https:\/\/kzprofesional.com\/producto\/maquina-clipper-jrl-3000cw-tapper-blanca-jrl\/#primaryimage"},"image":{"@id":"https:\/\/kzprofesional.com\/producto\/maquina-clipper-jrl-3000cw-tapper-blanca-jrl\/#primaryimage"},"thumbnailUrl":"https:\/\/kzprofesional.com\/wp-content\/uploads\/Captura-de-pantalla-2026-04-22-164835.png","datePublished":"2026-04-22T14:48:15+00:00","dateModified":"2026-04-27T06:02:23+00:00","description":"Conta com cinco posi\u00e7\u00f5es de bloqueio seguras dentro de um intervalo de ajuste de precis\u00e3o, concebidas para manter uma precis\u00e3o de corte e estabilidade constantes durante uma utiliza\u00e7\u00e3o profissional prolongada.","breadcrumb":{"@id":"https:\/\/kzprofesional.com\/producto\/maquina-clipper-jrl-3000cw-tapper-blanca-jrl\/#breadcrumb"},"inLanguage":"pt-PT","potentialAction":[{"@type":"ReadAction","target":["https:\/\/kzprofesional.com\/producto\/maquina-clipper-jrl-3000cw-tapper-blanca-jrl\/"]}]},{"@type":"ImageObject","inLanguage":"pt-PT","@id":"https:\/\/kzprofesional.com\/producto\/maquina-clipper-jrl-3000cw-tapper-blanca-jrl\/#primaryimage","url":"https:\/\/kzprofesional.com\/wp-content\/uploads\/Captura-de-pantalla-2026-04-22-164835.png","contentUrl":"https:\/\/kzprofesional.com\/wp-content\/uploads\/Captura-de-pantalla-2026-04-22-164835.png","width":958,"height":858},{"@type":"BreadcrumbList","@id":"https:\/\/kzprofesional.com\/producto\/maquina-clipper-jrl-3000cw-tapper-blanca-jrl\/#breadcrumb","itemListElement":[{"@type":"ListItem","position":1,"name":"Portada","item":"https:\/\/kzprofesional.com\/"},{"@type":"ListItem","position":2,"name":"Loja","item":"https:\/\/kzprofesional.com\/pt-pt\/loja\/"},{"@type":"ListItem","position":3,"name":"M\u00e1quina Clipper JRL 3000CW-Tapper branca &#8211; JRL"}]},{"@type":"WebSite","@id":"https:\/\/kzprofesional.com\/#website","url":"https:\/\/kzprofesional.com\/","name":"KZ Profesional","description":"","publisher":{"@id":"https:\/\/kzprofesional.com\/#organization"},"potentialAction":[{"@type":"SearchAction","target":{"@type":"EntryPoint","urlTemplate":"https:\/\/kzprofesional.com\/?s={search_term_string}"},"query-input":{"@type":"PropertyValueSpecification","valueRequired":true,"valueName":"search_term_string"}}],"inLanguage":"pt-PT"},{"@type":"Organization","@id":"https:\/\/kzprofesional.com\/#organization","name":"Imperio Barber Shop","url":"https:\/\/kzprofesional.com\/","logo":{"@type":"ImageObject","inLanguage":"pt-PT","@id":"https:\/\/kzprofesional.com\/#\/schema\/logo\/image\/","url":"https:\/\/kzprofesional.com\/wp-content\/uploads\/2021\/09\/Logo-Imperio-Barber-Shop.png","contentUrl":"https:\/\/kzprofesional.com\/wp-content\/uploads\/2021\/09\/Logo-Imperio-Barber-Shop.png","width":128,"height":128,"caption":"Imperio Barber Shop"},"image":{"@id":"https:\/\/kzprofesional.com\/#\/schema\/logo\/image\/"}}]}},"_links":{"self":[{"href":"https:\/\/kzprofesional.com\/pt-pt\/wp-json\/wp\/v2\/product\/79877","targetHints":{"allow":["GET"]}}],"collection":[{"href":"https:\/\/kzprofesional.com\/pt-pt\/wp-json\/wp\/v2\/product"}],"about":[{"href":"https:\/\/kzprofesional.com\/pt-pt\/wp-json\/wp\/v2\/types\/product"}],"wp:featuredmedia":[{"embeddable":true,"href":"https:\/\/kzprofesional.com\/pt-pt\/wp-json\/wp\/v2\/media\/79878"}],"wp:attachment":[{"href":"https:\/\/kzprofesional.com\/pt-pt\/wp-json\/wp\/v2\/media?parent=79877"}],"wp:term":[{"taxonomy":"product_brand","embeddable":true,"href":"https:\/\/kzprofesional.com\/pt-pt\/wp-json\/wp\/v2\/product_brand?post=79877"},{"taxonomy":"product_cat","embeddable":true,"href":"https:\/\/kzprofesional.com\/pt-pt\/wp-json\/wp\/v2\/product_cat?post=79877"},{"taxonomy":"product_tag","embeddable":true,"href":"https:\/\/kzprofesional.com\/pt-pt\/wp-json\/wp\/v2\/product_tag?post=79877"}],"curies":[{"name":"wp","href":"https:\/\/api.w.org\/{rel}","templated":true}]}}